{"id":2,"date":"2021-05-20T07:39:03","date_gmt":"2021-05-20T07:39:03","guid":{"rendered":"https:\/\/www.ull.es\/cultura\/cursos-extension-universitaria\/?page_id=2"},"modified":"2026-03-26T13:15:09","modified_gmt":"2026-03-26T13:15:09","slug":"inicio","status":"publish","type":"page","link":"https:\/\/www.ull.es\/cultura\/cursos-extension-universitaria\/en\/","title":{"rendered":"Start"},"content":{"rendered":"<style id=\"depicter-1-inline-pre-css\">\n\n.depicter-1:not(.depicter-ready){\n\theight:400px;\n}\n\n\/***** Tablet *****\/\n@media screen and (max-width: 1024px){\n\n.depicter-1:not(.depicter-ready){\n\theight:700px;\n}\n\n}\n\/***** Mobile *****\/\n@media screen and (max-width: 767px){\n\n.depicter-1:not(.depicter-ready){\n\theight:360px;\n}\n\n}\n<\/style>\n<div id=\"depicter-1\" class=\"depicter depicter-document depicter-revert depicter-1 depicter-layout-fullwidth\">\n\n<div class=\"depicter-loading-container depicter-loading dotFlashing-dark\"><div class=\"depicter-loading-dark depicter-dot-flashing\">\n   <span><\/span>\n   <span><\/span>\n   <span><\/span>\n<\/div>\n<\/div>\n<div id=\"depicter-1-section-1\" class=\"depicter-section depicter-1-section-1\" data-name=\"Section 1\" data-type=\"section\" data-local-id=\"section-1\">\n<picture class=\"depicter-bg\">\n<source data-depicter-srcset=\"https:\/\/www.ull.es\/cultura\/cursos-extension-universitaria\/wp-content\/uploads\/sites\/6\/2021\/06\/cursos-extension-768x513.jpg, https:\/\/www.ull.es\/cultura\/cursos-extension-universitaria\/wp-content\/uploads\/sites\/6\/2021\/06\/cursos-extension.jpg 2x\" srcset=\"data:image\/gif;base64,R0lGODlhAQABAIAAAAAAAP\/\/\/yH5BAEAAAAALAAAAAABAAEAAAIBRAA7\" media=\"(max-width: 1024px)\" \/>\n\n<source data-depicter-srcset=\"https:\/\/www.ull.es\/cultura\/cursos-extension-universitaria\/wp-content\/uploads\/sites\/6\/2021\/06\/cursos-extension.jpg, https:\/\/www.ull.es\/cultura\/cursos-extension-universitaria\/wp-content\/uploads\/sites\/6\/2021\/06\/cursos-extension-2000x1335.jpg 2x\" srcset=\"data:image\/gif;base64,R0lGODlhAQABAIAAAAAAAP\/\/\/yH5BAEAAAAALAAAAAABAAEAAAIBRAA7\" media=\"(min-width: 1025px)\" \/>\n<img decoding=\"async\" src=\"data:image\/gif;base64,R0lGODlhAQABAIAAAAAAAP\/\/\/yH5BAEAAAAALAAAAAABAAEAAAIBRAA7\" alt=\"\" data-depicter-src=\"https:\/\/www.ull.es\/cultura\/cursos-extension-universitaria\/wp-content\/uploads\/sites\/6\/2021\/06\/cursos-extension.jpg\" \/>\n<\/picture>\n\n\n<h3 id=\"depicter-1-element-3\" class=\"depicter-element depicter-layer depicter-1-element-3\" data-type=\"text\" data-wrap=\"true\" data-name=\"Text 1\" data-local-id=\"element-3\" data-offset=\"x:182px;y:26px;origin:tl\" data-tablet-offset=\"x:187px;y:126px;origin:tl\" data-mobile-offset=\"x:62px;y:30px;origin:tl\" data-width=\"auto,auto,auto\" data-height=\"auto,auto,auto\" data-responsive-scale=\"true,,\">Universidad de  La Laguna<\/h3>\n\n<div id=\"depicter-1-element-4\" class=\"depicter-element depicter-layer depicter-1-element-4\" data-type=\"shape\" data-wrap=\"true\" data-name=\"Shape 1\" data-local-id=\"element-4\" data-offset=\"x:190px;y:62px;origin:tl\" data-tablet-offset=\"x:190px;y:169px;origin:tl\" data-mobile-offset=\"x:62px;y:76px;origin:tl\" data-width=\"130px,130px,265px\" data-height=\"2px,2px,2px\" data-responsive-scale=\"true,,\" data-frame-class=\"depicter-1-element-4-frame\"><\/div>\n\n<h1 id=\"depicter-1-element-5\" class=\"depicter-element depicter-layer depicter-1-element-5\" data-type=\"text\" data-wrap=\"true\" data-name=\"Text 2\" data-local-id=\"element-5\" data-offset=\"x:190px;y:73px;origin:tl\" data-tablet-offset=\"x:190px;y:183px;origin:tl\" data-mobile-offset=\"x:0px;y:98px;origin:tl\" data-width=\"auto,auto,auto\" data-height=\"auto,auto,auto\" data-responsive-scale=\"true,,\">Cursos de<br>Extensi\u00f3n<br>Universitaria<\/h1>\n<\/div>\n<\/div>\n<script>\n(window.depicterSetups = window.depicterSetups || []).push(function(){\n\tDepicter.basePath = 'https:\/\/www.ull.es\/cultura\/cursos-extension-universitaria\/wp-content\/plugins\/depicter\/resources\/scripts\/player\/';\n\tconst dpPlayer = Depicter.setup('.depicter-1',\n\t\t{\"width\":[\"1200\",\"1024\",\"360\"],\"height\":[\"400\",\"700\",\"360\"],\"view\":\"basic\",\"keepAspectRatio\":true,\"preload\":0,\"layout\":\"fullwidth\",\"rtl\":false,\"initAfterAppear\":false,\"ajaxApiUrl\":\"https:\\\/\\\/www.ull.es\\\/cultura\\\/cursos-extension-universitaria\\\/wp-admin\\\/admin-ajax.php\",\"mouseSwipe\":true,\"touchSwipe\":true,\"useWatermark\":false}\n\t);\n});\n<\/script>\n\n\n<div style=\"height:50px\" aria-hidden=\"true\" class=\"wp-block-spacer\"><\/div>\n\n\n\n<div class=\"wp-block-columns is-layout-flex wp-container-core-columns-is-layout-1 wp-block-columns-is-layout-flex\">\n<div class=\"wp-block-column has-background is-layout-flow wp-block-column-is-layout-flow\" style=\"background:linear-gradient(90deg,rgb(0,214,139) 0%,rgb(0,149,199) 50%,rgb(0,87,250) 100%);flex-basis:25%\">\n<h3 style=\"text-align: center;color: #ffffff;background:linear-gradient(84deg, rgba(0, 214, 139, 1) 0%, rgba(0, 147, 198, 1) 57%, rgba(0, 89, 249, 1) 100%);padding-left:20px;padding-right:20px;font-size:19px !important\"><a href=\"https:\/\/www.ull.es\/cultura\/cursos-extension-universitaria\/actividades-de-extension-universitaria\/\" target=\"_blank\" rel=\"noopener\" target=\"_blank\" rel=\"noopener\">Pr\u00f3ximas Actividades<\/a><\/h3>\n<p style=\"text-align: center;color: #ffffff;background:linear-gradient(84deg, rgba(0, 214, 139, 1) 0%, rgba(0, 147, 198, 1) 57%, rgba(0, 89, 249, 1) 100%)\"><a style=\"text-align: center;color: #ffffff\" href=\"https:\/\/www.ull.es\/cultura\/cursos-extension-universitaria\/actividades-de-extension-universitaria\/\" target=\"_blank\" rel=\"noopener\" target=\"_blank\" rel=\"noopener\">Cursos, seminarios, talleres&#8230;<\/a><\/p>\n<\/div>\n\n\n\n<div class=\"wp-block-column has-background is-layout-flow wp-block-column-is-layout-flow\" style=\"background:linear-gradient(90deg,rgb(0,214,139) 0%,rgb(0,149,199) 50%,rgb(0,87,250) 100%);flex-basis:25%\">\n<h3 style=\"text-align: center;color: #ffffff;background:linear-gradient(84deg, rgba(0, 214, 139, 1) 0%, rgba(0, 147, 198, 1) 57%, rgba(0, 89, 249, 1) 100%);padding-left:20px;padding-right:20px;font-size:19px !important\"><a href=\"https:\/\/www.ull.es\/cultura\/cursos-extension-universitaria\/cursos-de-ayuntamientos\/\" target=\"_blank\" rel=\"noopener\" target=\"_blank\" rel=\"noopener\">Cursos de Ayuntamientos<\/a><\/h3>\n<p style=\"text-align: center;color: #ffffff !important;background:linear-gradient(84deg, rgba(0, 214, 139, 1) 0%, rgba(0, 147, 198, 1) 57%, rgba(0, 89, 249, 1) 100%)\"><a href=\"https:\/\/www.ull.es\/cultura\/cursos-extension-universitaria\/cursos-de-ayuntamientos\/\" target=\"_blank\" style=\"color:white !important\" target=\"_blank\" rel=\"noopener\">en el \u00e1mbito municipal de la isla de Tenerife<\/a><\/p>\n<\/div>\n\n\n\n<div class=\"wp-block-column has-background is-layout-flow wp-block-column-is-layout-flow\" style=\"background:linear-gradient(90deg,rgb(0,214,139) 0%,rgb(0,149,199) 50%,rgb(0,87,250) 100%);flex-basis:25%\">\n<h3 style=\"text-align: center;color: #ffffff;background:linear-gradient(84deg, rgba(0, 214, 139, 1) 0%, rgba(0, 147, 198, 1) 57%, rgba(0, 89, 249, 1) 100%);padding-left:20px;padding-right:20px;font-size:19px !important\"><a href=\"https:\/\/www.ull.es\/cultura\/cursos-extension-universitaria\/conectaexpandetuconocimiento\/\" target=\"_blank\" rel=\"noopener\" target=\"_blank\" rel=\"noopener\">Conecta+ Expande tu Conocimiento<\/a><\/h3>\n<\/div>\n\n\n\n<div class=\"wp-block-column has-background is-layout-flow wp-block-column-is-layout-flow\" style=\"background:linear-gradient(90deg,rgb(0,214,139) 0%,rgb(0,149,199) 50%,rgb(0,87,250) 100%);flex-basis:25%\">\n<h3 style=\"text-align: center;color: #ffffff;background:linear-gradient(84deg, rgba(0, 214, 139, 1) 0%, rgba(0, 147, 198, 1) 57%, rgba(0, 89, 249, 1) 100%);padding-left:20px;padding-right:20px;font-size:19px !important\"><a href=\"https:\/\/www.ull.es\/cultura\/cursos-extension-universitaria\/campus-la-gomera\/\" target=\"_blank\" rel=\"noopener\" target=\"_blank\" rel=\"noopener\">Campus La Gomera<\/a><\/h3>\n<\/div>\n\n\n\n<div class=\"wp-block-column has-background is-layout-flow wp-block-column-is-layout-flow\" style=\"background:linear-gradient(90deg,rgb(0,214,139) 0%,rgb(0,149,199) 50%,rgb(0,87,250) 100%);flex-basis:25%\">\n<h3 style=\"text-align: center;color: #ffffff;background:linear-gradient(84deg, rgba(0, 214, 139, 1) 0%, rgba(0, 147, 198, 1) 57%, rgba(0, 89, 249, 1) 100%);padding-left:20px;padding-right:20px;font-size:19px !important\"><a href=\"https:\/\/www.ull.es\/cultura\/cursos-extension-universitaria\/universidad-de-verano-de-adeje\/\" target=\"_blank\" rel=\"noopener\" target=\"_blank\" rel=\"noopener\">Universidad de Verano de Adeje<\/a><\/h3>\n<\/div>\n<\/div>\n\n\n\n<hr class=\"wp-block-separator has-alpha-channel-opacity\" \/>\n\n\n\n<div class=\"wp-block-stackable-spacer stk-block-spacer stk--no-padding stk-block stk-7a11da3\" data-block-id=\"7a11da3\"><style>@media screen and (max-width: 767px){.stk-7a11da3 {height:50px !important;}}<\/style><\/div>\n\n\n\n<div class=\"wp-block-columns is-layout-flex wp-container-core-columns-is-layout-2 wp-block-columns-is-layout-flex\">\n<div class=\"wp-block-column is-layout-flow wp-block-column-is-layout-flow\" style=\"flex-basis:66.66%\">\n<h2 class=\"wp-block-heading has-black-color has-text-color has-link-color wp-elements-4e1428307f6d3299fab1e4bd521b8193\" style=\"font-style:normal;font-weight:400\">En esta web podr\u00e1 consultar la oferta de&nbsp;<\/h2>\n\n\n\n<p>Las actividades de Extensi\u00f3n Universitaria tienen como finalidad potenciar la proyecci\u00f3n cultural de la Universidad<strong>&nbsp;en la sociedad<\/strong>, as\u00ed como incrementar su papel en la formaci\u00f3n extracurricular de&nbsp;<strong>toda la poblaci\u00f3n<\/strong>.<\/p>\n\n\n\n<p>Estas actividades comprenden cursos, seminarios, talleres, etc., todas ellas caracterizadas por su calidad cient\u00edfica e inter\u00e9s social; orientadas a complementar la formaci\u00f3n curricular, difundir los conocimientos culturales, art\u00edsticos o t\u00e9cnicos a toda la poblaci\u00f3n, y en definitiva, ser el nexo principal de uni\u00f3n de la Universidad con la sociedad que la sostiene.<\/p>\n<\/div>\n\n\n\n<div class=\"wp-block-column is-layout-flow wp-block-column-is-layout-flow\" style=\"flex-basis:33.33%\">\n<div class=\"wp-block-buttons is-layout-flex wp-block-buttons-is-layout-flex\">\n<div class=\"wp-block-button\"><a class=\"wp-block-button__link has-background wp-element-button\" href=\"https:\/\/sede.ull.es\/ecivilis-site\/catalog\/showProcedure\/723\" style=\"border-radius:0px;background:linear-gradient(90deg,rgb(11,214,255) 44%,rgb(0,38,255) 100%)\" target=\"_blank\" rel=\"noopener\">Inscripci\u00f3n en el cat\u00e1logo de expertos de Extensi\u00f3n Universitaria<\/a><\/div>\n\n\n\n<div class=\"wp-block-button\"><a class=\"wp-block-button__link has-background wp-element-button\" href=\"https:\/\/drive.google.com\/file\/d\/1mFANC7gAXMfIB5zYPrByBNysNP7xldAX\/view?usp=sharing\" style=\"border-radius:0px;background:linear-gradient(90deg,rgb(11,214,255) 44%,rgb(0,38,255) 100%)\" target=\"_blank\" rel=\"noopener\">Descargar cat\u00e1logo de expertos de Extensi\u00f3n Universitaria<\/a><\/div>\n<\/div>\n\n\n\n<div style=\"height:15px\" aria-hidden=\"true\" class=\"wp-block-spacer\"><\/div>\n\n\n\n<div class=\"wp-block-group has-background is-nowrap is-layout-flex wp-container-core-group-is-layout-1 wp-block-group-is-layout-flex\" style=\"background-color:#0754e3\">\n<ul class=\"wp-block-social-links aligncenter has-huge-icon-size has-icon-background-color is-style-default is-content-justification-left is-layout-flex wp-container-core-social-links-is-layout-1 wp-block-social-links-is-layout-flex\"><li style=\"background-color: #0754e3; \" class=\"wp-social-link wp-social-link-facebook  wp-block-social-link\"><a href=\"https:\/\/www.facebook.com\/ExtensionUniversitariaULL\/\" class=\"wp-block-social-link-anchor\" target=\"_blank\" rel=\"noopener\"><svg width=\"24\" height=\"24\" viewBox=\"0 0 24 24\" version=\"1.1\" xmlns=\"http:\/\/www.w3.org\/2000\/svg\" aria-hidden=\"true\" focusable=\"false\"><path d=\"M12 2C6.5 2 2 6.5 2 12c0 5 3.7 9.1 8.4 9.9v-7H7.9V12h2.5V9.8c0-2.5 1.5-3.9 3.8-3.9 1.1 0 2.2.2 2.2.2v2.5h-1.3c-1.2 0-1.6.8-1.6 1.6V12h2.8l-.4 2.9h-2.3v7C18.3 21.1 22 17 22 12c0-5.5-4.5-10-10-10z\"><\/path><\/svg><span class=\"wp-block-social-link-label screen-reader-text\">Facebook<\/span><\/a><\/li><\/ul>\n\n\n\n<p class=\"has-text-align-center has-white-color has-text-color has-background has-link-color wp-elements-42a05d23b18a066f00239f200089e0b9\" style=\"background-color:#0754e3\">S\u00edguenos en Facebook<\/p>\n<\/div>\n<\/div>\n<\/div>\n\n\n\n<div class=\"wp-block-columns is-layout-flex wp-container-core-columns-is-layout-3 wp-block-columns-is-layout-flex\">\n<div class=\"wp-block-column is-layout-flow wp-block-column-is-layout-flow\"><style>\n    .news-group .bg-size {\n        background-position: center;\n        background-size: cover;\n        width: 100%;\n        height: 48px;\n    }\n    .news-group .list-group-item-text {\n        font-size: 13px;\n    }\n    .news-group .col-md-3 {\n        padding-right: 0;\n    }\n    .news-group .list-group-item-date {\n        font-size: 11px;\n        color: #A4A4A4;\n        margin-bottom: 2px;\n        text-transform: uppercase;\n    }\n\n    .mensaje.alert-warning{\n        font-size: 12px;\n        margin: 14px !important;\n        padding: 4px 8px;\n        color: #cca60b;\n    }\n\n<\/style>\n\n\n<!--<pre>-->\n<!--    --><!--<\/pre>-->\n\n<div class=\"panel panel-default\">\n    <div class=\"panel-heading\">\n        <h3 class=\"panel-title\">Convocatorias<\/h3>\n    <\/div>\n\n    <div class=\"list-group news-group\">\n                            <a href=\"https:\/\/www.ull.es\/portal\/convocatorias\/convocatoria\/convocatoria-de-cursos-de-extension-universitaria-2026-impullsa-tu-conocimiento\/\" class=\"list-group-item\">\n                    <div class=\"row\">\n                        <div class=\"col-md-12\">\n                            <p class=\"list-group-item-date\">\n                                Fecha de modificaci\u00f3n: 11 Dec 2025 - 09:33 UTC                            <\/p>\n                            <p class=\"list-group-item-text\">Convocatoria de Cursos de Extensi\u00f3n Universitaria 2026 \u00abImpULLsa tu conocimiento\u00bb<\/p>\n                        <\/div>\n                    <\/div>\n                <\/a>\n                            <a href=\"https:\/\/www.ull.es\/portal\/convocatorias\/convocatoria\/convocatoria-de-cursos-de-extension-universitaria-universidad-de-verano-de-adeje-2025\/\" class=\"list-group-item\">\n                    <div class=\"row\">\n                        <div class=\"col-md-12\">\n                            <p class=\"list-group-item-date\">\n                                Fecha de modificaci\u00f3n: 30 Apr 2025 - 08:44 UTC                            <\/p>\n                            <p class=\"list-group-item-text\">Convocatoria de Cursos de Extensi\u00f3n Universitaria \u00abUniversidad de Verano de Adeje 2025\u00bb<\/p>\n                        <\/div>\n                    <\/div>\n                <\/a>\n                            <a href=\"https:\/\/www.ull.es\/portal\/convocatorias\/convocatoria\/convocatoria-de-cursos-de-extension-universitaria-2025-formacion-para-crecer\/\" class=\"list-group-item\">\n                    <div class=\"row\">\n                        <div class=\"col-md-12\">\n                            <p class=\"list-group-item-date\">\n                                Fecha de modificaci\u00f3n: 11 Feb 2025 - 12:25 UTC                            <\/p>\n                            <p class=\"list-group-item-text\">Convocatoria de Cursos de Extensi\u00f3n Universitaria 2025 \u00abFormaci\u00f3n para crecer\u00bb<\/p>\n                        <\/div>\n                    <\/div>\n                <\/a>\n                <\/div>\n\n    <div class=\"panel-footer\">\n                    <a href=\"https:\/\/www.ull.es\/portal\/convocatorias\">M\u00c1S CONVOCATORIAS <i class=\"fa fa-chevron-right\"><\/i><\/a>\n            <\/div>\n\n    \n<\/div>\n<\/div>\n\n\n\n<div class=\"wp-block-column is-layout-flow wp-block-column-is-layout-flow\"><style>\n    .news-group .bg-size {\n        background-position: center;\n        background-size: cover;\n        width: 100%;\n        height: 48px;\n    }\n    .news-group .list-group-item-text {\n        font-size: 13px;\n    }\n    .news-group .col-md-3 {\n        padding-right: 0;\n    }\n    .news-group .list-group-item-date {\n        font-size: 11px;\n        color: #A4A4A4;\n        margin-bottom: 2px;\n        text-transform: uppercase;\n    }\n\n    .mensaje.alert-warning{\n        font-size: 12px;\n        margin: 14px !important;\n        padding: 4px 8px;\n        color: #cca60b;\n    }\n\n<\/style>\n\n<div class=\"panel panel-default\">\n    <div class=\"panel-heading\">\n        <h3 class=\"panel-title\">Notificaciones<\/h3>\n    <\/div>\n\n    <div class=\"list-group news-group\">\n                            <a href=\"https:\/\/www.ull.es\/portal\/noticias\/2026\/directrices-especificas-de-los-cursos-de-extension-universitaria-en-el-ambito-municipal-ayuntamientos-2026\/\" class=\"list-group-item\">\n                    <div class=\"row\">\n                        <div class=\"col-md-12\">\n                            <p class=\"list-group-item-date\">\n                                13 Mar 2026 - 10:48 UTC                            <\/p>\n                            <p class=\"list-group-item-text\">Directrices espec\u00edficas de los cursos de Extensi\u00f3n Universitaria en el \u00e1mbito municipal Ayuntamientos 2026<\/p>\n                        <\/div>\n                    <\/div>\n                <\/a>\n                            <a href=\"https:\/\/www.ull.es\/portal\/noticias\/2026\/directrices-especificas-de-los-cursos-de-extension-universitaria-campus-isla-de-la-gomera-2026\/\" class=\"list-group-item\">\n                    <div class=\"row\">\n                        <div class=\"col-md-12\">\n                            <p class=\"list-group-item-date\">\n                                14 Jan 2026 - 13:29 UTC                            <\/p>\n                            <p class=\"list-group-item-text\">Directrices espec\u00edficas de los cursos de Extensi\u00f3n Universitaria \u00abCampus Isla de La Gomera 2026\u00bb<\/p>\n                        <\/div>\n                    <\/div>\n                <\/a>\n                            <a href=\"https:\/\/www.ull.es\/portal\/noticias\/2025\/directrices-especificas-de-los-cursos-de-extension-universitaria-universidad-de-invierno-de-arona-2026\/\" class=\"list-group-item\">\n                    <div class=\"row\">\n                        <div class=\"col-md-12\">\n                            <p class=\"list-group-item-date\">\n                                29 Oct 2025 - 14:22 UTC                            <\/p>\n                            <p class=\"list-group-item-text\">Directrices espec\u00edficas de los cursos de Extensi\u00f3n Universitaria \u00abUniversidad de Invierno de Arona 2026\u00bb<\/p>\n                        <\/div>\n                    <\/div>\n                <\/a>\n                <\/div>\n    <div class=\"panel-footer\">\n        <a href=\"https:\/\/www.ull.es\/portal\/noticias\/?cat=3430\">M\u00c1S NOTIFICACIONES <i class=\"fa fa-chevron-right\"><\/i><\/a>\n    <\/div>\n\n\n<\/div>\n<\/div>\n\n\n\n<div class=\"wp-block-column is-layout-flow wp-block-column-is-layout-flow\">\n<ul class=\"widget-box\">\n<li class=\"contacto-header\">Informaci\u00f3n de contacto<\/li>\n<li><i class=\"fa fa-map-marker\"><\/i>\u00a0C\/ Viana, 50<br \/>38207, San Crist\u00f3bal de La Laguna Santa Cruz de Tenerife &#8211; Espa\u00f1a<\/li>\n<li><i class=\"fa fa-phone\"><\/i> (+34) 922 31 96 16 \/ 922 31 96 26<\/li>\n<li><i class=\"fa fa-envelope\"><\/i>\u00a0<a href=\"mailto:vicerrectorado.culltura@ull.es\" target=\"_blank\" rel=\"noopener\">extuni@ull.es<\/a><\/li>\n<\/ul>\n<\/div>\n<\/div>\n\n\n\n<p><\/p>\n","protected":false},"excerpt":{"rendered":"<p>Upcoming Activities: Courses, seminars, workshops\u2026 Courses offered by local councils on the island of Tenerife. Connect+ Expand your knowledge. La Gomera Campus. Adeje Summer University. On this website you can consult the range of University Extension activities, which aim to enhance the cultural impact of the University on society, as well as\u2026<\/p>","protected":false},"author":2,"featured_media":0,"parent":0,"menu_order":0,"comment_status":"closed","ping_status":"open","template":"templates\/template-frontpage.php","meta":{"footnotes":""},"class_list":["post-2","page","type-page","status-publish","hentry"],"_links":{"self":[{"href":"https:\/\/www.ull.es\/cultura\/cursos-extension-universitaria\/en\/wp-json\/wp\/v2\/pages\/2","targetHints":{"allow":["GET"]}}],"collection":[{"href":"https:\/\/www.ull.es\/cultura\/cursos-extension-universitaria\/en\/wp-json\/wp\/v2\/pages"}],"about":[{"href":"https:\/\/www.ull.es\/cultura\/cursos-extension-universitaria\/en\/wp-json\/wp\/v2\/types\/page"}],"author":[{"embeddable":true,"href":"https:\/\/www.ull.es\/cultura\/cursos-extension-universitaria\/en\/wp-json\/wp\/v2\/users\/2"}],"replies":[{"embeddable":true,"href":"https:\/\/www.ull.es\/cultura\/cursos-extension-universitaria\/en\/wp-json\/wp\/v2\/comments?post=2"}],"version-history":[{"count":182,"href":"https:\/\/www.ull.es\/cultura\/cursos-extension-universitaria\/en\/wp-json\/wp\/v2\/pages\/2\/revisions"}],"predecessor-version":[{"id":1076,"href":"https:\/\/www.ull.es\/cultura\/cursos-extension-universitaria\/en\/wp-json\/wp\/v2\/pages\/2\/revisions\/1076"}],"wp:attachment":[{"href":"https:\/\/www.ull.es\/cultura\/cursos-extension-universitaria\/en\/wp-json\/wp\/v2\/media?parent=2"}],"curies":[{"name":"wp","href":"https:\/\/api.w.org\/{rel}","templated":true}]}}