{"id":530,"date":"2022-11-02T11:53:57","date_gmt":"2022-11-02T11:53:57","guid":{"rendered":"https:\/\/www.ull.es\/cultura\/cursos-extension-universitaria\/?page_id=530"},"modified":"2022-11-08T13:37:13","modified_gmt":"2022-11-08T13:37:13","slug":"universidad-de-otono-de-tegueste","status":"publish","type":"page","link":"https:\/\/www.ull.es\/cultura\/cursos-extension-universitaria\/fr\/universidad-de-otono-de-tegueste\/","title":{"rendered":"Universit\u00e9 d&#039;automne de Tegueste"},"content":{"rendered":"<p>[vc_row][vc_column width=\u00bb1\/4&#8243;][vc_empty_space height=\u00bb40px\u00bb][vc_column_text css=\u00bb.vc_custom_1667387072437{border-top-width: 1px !important;border-right-width: 1px !important;border-bottom-width: 1px !important;border-left-width: 1px !important;padding-top: 10px !important;padding-right: 10px !important;padding-bottom: 10px !important;padding-left: 10px !important;background-color: #0059f9 !important;border-radius: 5px !important;}\u00bb]<\/p>\n<h4 style=\"font-size: 18px;color: #ffffff;text-align: center\"><i class=\"fa fa-question-circle\" style=\"color: #ffffff\"><\/i> \u00bfTienes alguna duda?<\/h4>\n<p style=\"font-size: 18px;color: #ffffff;text-align: center\"><span style=\"color: #ffffff\">922 319 616<\/span><\/p>\n<p style=\"font-size: 18px;color: #ffffff;text-align: center\"><span style=\"color: #ffffff\">922 319 626<\/span><\/p>\n<p style=\"font-size: 18px;color: #ffffff;text-align: center\"><a style=\"color: #ffffff\" href=\"mailto:extuni@ull.edu.es\" target=\"_blank\" rel=\"noopener\">extuni@ull.es<\/a><\/p>\n<p>[\/vc_column_text][vc_empty_space height=\u00bb30px\u00bb][vc_custom_heading text=\u00bbCoorganiza:\u00bb font_container=\u00bbtag:h2|font_size:17px|text_align:center|color:%230059f9&#8243; google_fonts=\u00bbfont_family:Open%20Sans%3A300%2C300italic%2Cregular%2Citalic%2C600%2C600italic%2C700%2C700italic%2C800%2C800italic|font_style:700%20bold%20regular%3A700%3Anormal\u00bb][vc_single_image image=\u00bb540&#8243; img_size=\u00bblarge\u00bb alignment=\u00bbcenter\u00bb][vc_btn title=\u00bbDescargar cartel\u00bb style=\u00bbcustom\u00bb custom_background=\u00bb#00d68b\u00bb custom_text=\u00bb#ffffff\u00bb shape=\u00bbsquare\u00bb size=\u00bblg\u00bb align=\u00bbcenter\u00bb i_icon_fontawesome=\u00bbfas fa-arrow-right\u00bb button_block=\u00bbtrue\u00bb add_icon=\u00bbtrue\u00bb link=\u00bburl:https%3A%2F%2Fdrive.google.com%2Ffile%2Fd%2F1Q4NgStrCV4BkXqf7xZk-kc1kEo_UjJgr%2Fview%3Fusp%3Dshare_link|target:_blank\u00bb][vc_empty_space][\/vc_column][vc_column width=\u00bb3\/4&#8243;][vc_empty_space height=\u00bb40px\u00bb][vc_row_inner el_class=\u00bbcursos\u00bb][vc_column_inner][vc_column_text css=\u00bb.vc_custom_1667387260498{padding-top: 50px !important;padding-bottom: 50px !important;}\u00bb]<\/p>\n<h1 style=\"text-align: left;color: #ffffff\">Universidad de Oto\u00f1o de Tegueste<\/h1>\n<h3 style=\"text-align: left;color: #ffffff\">2022<\/h3>\n<p>[\/vc_column_text][\/vc_column_inner][\/vc_row_inner][vc_empty_space height=\u00bb40px\u00bb][vc_row_inner][vc_column_inner][vc_column_text]La Universidad de Oto\u00f1o de Tegueste forma parte del convenio de colaboraci\u00f3n firmado entre el Ayuntamiento de la Villa de Tegueste y la Universidad de La Laguna, para fomentar las actividades de Extensi\u00f3n Universitaria en el municipio.<\/p>\n<p>La oferta formativa apuesta por el sector primario desde la perspectiva de la energ\u00eda, el ciclo integral del agua y el cooperativismo, entre otras cuestiones, aplicadas a una gesti\u00f3n innovadora en el desarrollo rural.<\/p>\n<p>Los cursos est\u00e1n dirigidos a toda la poblaci\u00f3n, sin necesidad de requisitos previos de ning\u00fan tipo.[\/vc_column_text][vc_custom_heading text=\u00bbPara m\u00e1s informaci\u00f3n y matr\u00edcula pincha sobre la imagen del curso.\u00bb font_container=\u00bbtag:h2|font_size:17px|text_align:left|color:%230059f9&#8243; google_fonts=\u00bbfont_family:Open%20Sans%3A300%2C300italic%2Cregular%2Citalic%2C600%2C600italic%2C700%2C700italic%2C800%2C800italic|font_style:700%20bold%20regular%3A700%3Anormal\u00bb][vc_custom_heading text=\u00bb\u00a1MATR\u00cdCULA ABIERTA!\u00bb font_container=\u00bbtag:h2|font_size:17px|text_align:left|color:%230059f9&#8243; google_fonts=\u00bbfont_family:Open%20Sans%3A300%2C300italic%2Cregular%2Citalic%2C600%2C600italic%2C700%2C700italic%2C800%2C800italic|font_style:700%20bold%20regular%3A700%3Anormal\u00bb][\/vc_column_inner][\/vc_row_inner][\/vc_column][\/vc_row][vc_row el_class=\u00bbeventos-listado\u00bb][vc_column css_animation=\u00bbfadeInUpBig\u00bb][vc_column_text]<style>\r\n\r\n    .events-header{\r\n        margin-top:50px;\r\n        margin-bottom: 25px;\r\n        display: flex;\r\n        background: transparent !important;\r\n        justify-content: space-between !important;\r\n        padding-bottom: 25px;\r\n    }\r\n\r\n    .events-block .col-md-4 {\r\n        padding-top: 15px;\r\n\t\tpadding-bottom: 15px;\r\n    }\r\n    .events-block .event-card {\r\n\t\tdisplay: block;\r\n\t}\r\n\t.events-block .caption {\r\n\t\tbackground-color:transparent !important;\r\n\t\tpadding: 10px !important;\r\n\t\tmargin:0;\r\n\t}\r\n\t.event-card:hover {\r\n\t\tbox-shadow:0 1px 2px 0 rgba(0,0,0,.15)\r\n\t}\r\n    .events-block .caption .date {\r\n        font-size: 13px;\r\n        color: #45494E;\r\n\t\ttext-transform: uppercase;\r\n\t\tmargin:0;\r\n    }\r\n\t.events-block .caption h4 {\r\n\t\tdisplay: block;\r\n\t\tdisplay: -webkit-box;\r\n\t\tmax-height: 38px;\r\n\t\tmargin: 0 auto;\r\n\t\t-webkit-line-clamp: 2;\r\n\t\t-webkit-box-orient: vertical;\r\n\t\toverflow: hidden;\r\n\t\ttext-overflow: ellipsis;\r\n\t\tcolor: #444444;\r\n\t\tfont-size: 14px !important;\r\n\t\tline-height: 19px !important;\r\n\t\tfont-weight: 400 !important;\r\n\t\tletter-spacing: 0;\r\n\t\tpadding: 0;\r\n\t\theight: 38px;\r\n\t\tmargin-bottom:5px;\r\n\t}\r\n\r\n    .event-card{\r\n        padding-bottom:25px;\r\n    }\r\n\r\n\t.title-venue {\r\n\t\ttext-overflow: ellipsis;\r\n\t\toverflow: hidden;\r\n\t\twhite-space: nowrap;\r\n\t\tcolor:#444444;\r\n        font-size: 14px;\r\n        line-height: 15px;\r\n\t\theight: 15px;\r\n        font-weight: 400 !important;\r\n\t\tmargin:0;\r\n        border-bottom: 1px solid black !important;\r\n        padding-bottom: 30px;\r\n\t}\r\n    .events-block a:hover {\r\n        text-decoration: none !important;\r\n        border: 0;\r\n    }\r\n    .events-block .thumbnail {\r\n        border: 0;\r\n        padding: 0;\r\n        border-radius: 0;\r\n        margin-bottom: 0;\r\n\t\ttext-align: center;\r\n\t\twidth: 100%;\r\n\t\theight: 100%;\r\n\t\tborder: 1px solid #EFF2F5;\r\n    }\r\n\t.thumbnail .precio {\r\n\t\tbackground-color: rgba(122,59,122,.92);\r\n\t\ttext-transform: uppercase;\r\n    \tfont-size: 13px;\r\n    \tline-height: 19px;\r\n    \tcolor: #ffffff;\r\n    \tbox-sizing: border-box;\r\n    \tpadding: 2px 10px;\r\n    \tposition: absolute;\r\n    \tdisplay: inline-block;\r\n    \ttop: 25px;\r\n    \tright: 25px;\r\n\t}\r\n\t.event-card-footer {\r\n\t\tposition: relative;\r\n\t\theight: 40px;\r\n\t\tline-height: 40px;\r\n\t\tborder-top: 1px solid #ebebeb;\r\n\t\tpadding-left: 15px;\r\n\t\tpadding-right: 15px;\r\n\t\tbackground-color:#F8F8FA;\r\n\t}\r\n\t.event-card-tags a {\r\n\t\tcolor: #45494E;\r\n\t\tfont-size: 13px;\r\n\t\tmargin-right: 10px;\r\n    \ttext-transform: capitalize;\r\n\t}\r\n\t.event-card-tags a:hover {\r\n\t\tcolor: #5c068c;\r\n\t}\r\n\r\n    .more-events-mobile{\r\n        display:none;\r\n    }\r\n\r\n    .more-events {\r\n        margin-top: 15px;\r\n        float:right;\r\n        margin-right:-70px;\r\n    }\r\n\r\n    .more-events a {\r\n        display: block;\r\n        float: right;\r\n        padding: 8px 20px;\r\n        color: #444444;\r\n        border: solid 1px #444444;\r\n        border-radius:25px;\r\n        backgorund:transparent;\r\n        border:3px solid #333333 !important;\r\n\t    font-weight:bold !important;\r\n    }\r\n\r\n    .more-events a:hover {\r\n        text-decoration: none;\r\n    }\r\n\r\n    .more-events a i {\r\n        margin-left: 6px;\r\n    }\r\n\r\n    .events-header h2 {\r\n        color: #333333;\r\n        font-weight: bold;\r\n        width: 100%;\r\n        padding: 20px;\r\n        padding-bottom: 15px;\r\n        margin: 0;\r\n        font-size: 30px;\r\n        line-height: 30px;\r\n        float:left;\r\n        width:50%;\r\n        text-align:left;\r\n        margin-left:-50px !important;\r\n    }\r\n\r\n    .imagen-eventos{\r\n        height:170px;\r\n        width:290px;\r\n        border-radius:5px;\r\n    }\r\n\r\n    .dia-mes{\r\n        font-weight:700;\r\n        font-size:26px;\r\n        border-bottom:1px solid black !important;\r\n    }\r\n\r\n    .events-block >.container-fluid{\r\n        margin-right: auto;\r\n        margin-left: auto;\r\n        padding-left: 15px;\r\n        padding-right: 15px;\r\n        width: max-content;\r\n        max-width: 1280px;\r\n        margin-left:-50px !important;\r\n    }\r\n\r\n     .more-events-mobile{\r\n        display:none;\r\n    }\r\n\r\n    .title-event{\r\n        font-weight: 400 !important;\r\n        font-size: 16px;\r\n        line-height: 24px;\r\n        color: black;\r\n        margin-bottom:20px !important;\r\n    }\r\n    \/* Asegura que el carrusel sea el contenedor de referencia *\/\r\n    #newsCarousel {\r\n        position: relative;\r\n    }\r\n\r\n    \/* Contenedor de controles *\/\r\n    .news-control {\r\n        position: absolute;\r\n        inset: 0;                      \/* top:0; left:0; right:0; bottom:0; *\/\r\n        pointer-events: none;          \/* no bloquea clics en tarjetas *\/\r\n        z-index: 5;                    \/* por encima del fondo, pero ajustable *\/\r\n    }\r\n\r\n    \/* Botones de control *\/\r\n    .news-control .carousel-control-prev,\r\n    .news-control .carousel-control-next {\r\n        position: absolute;\r\n        top: 50%;\r\n        transform: translateY(-50%);   \/* centrado vertical perfecto *\/\r\n        width: auto;                   \/* quita el 15% ancho por defecto *\/\r\n        height: auto;\r\n        background: transparent;\r\n        border: none;\r\n        opacity: 0.7;\r\n        transition: opacity 0.3s, transform 0.3s;\r\n        pointer-events: auto;          \/* solo los botones responden a clics *\/\r\n    }\r\n\r\n    .news-control .carousel-control-prev:hover,\r\n    .news-control .carousel-control-next:hover {\r\n        opacity: 1;\r\n        transform: translateY(-50%) scale(1.1); \/* efecto zoom sutil al hover *\/\r\n    }\r\n\r\n    \/* Posicionamiento horizontal: ajusta estos valores para alinear con el bloque de noticias *\/\r\n    .news-control .carousel-control-prev {\r\n        left: -120px;                   \/* mueve hacia izquierda (negativo = fuera del carrusel) *\/\r\n    }\r\n\r\n    .news-control .carousel-control-next {\r\n        right: -150px;                  \/* mueve hacia derecha *\/\r\n    }\r\n\r\n    @media only screen and (max-width : 767px) {\r\n\r\n        .events-block{\r\n            margin-left:10% !important;\r\n        }\r\n\r\n        .events-header{\r\n            width:100% !important;\r\n        }\r\n\r\n        .events-block .event-card {\r\n            width: 100% !important;\r\n        }\r\n\r\n        .events-header h2 {\r\n            font-size: 20px;\r\n            padding: 10px;\r\n            line-height: 24px;\r\n        }\r\n        .more-events-mobile{\r\n            display:flex;\r\n            margin-top: 20px;\r\n            justify-content: left;\r\n            margin-left:80px;\r\n        }\r\n        .more-events{\r\n            display:none;\r\n        }\r\n       .container-fluid{\r\n          max-width:530px !important;\r\n          margin-top: -30px;\r\n        }\r\n       .img{\r\n            display:none;\r\n        }\r\n\r\n        .more-events-mobile a {\r\n        display: block;\r\n        float: right;\r\n        padding: 8px 20px;\r\n        color: #444444;\r\n        border: solid 1px #444444;\r\n        border-radius:25px;\r\n        backgorund:transparent;\r\n        margin-top: -20px;\r\n        }\r\n\r\n        .more-events-mobile a:hover {\r\n            text-decoration: none;\r\n        }\r\n\r\n        .more-events-mobile a i {\r\n            margin-left: 6px;\r\n        }\r\n\r\n        .title-venue {\r\n        text-overflow: ellipsis;\r\n        overflow: hidden;\r\n        white-space: normal !important;\r\n        color: #444444;\r\n        font-size: 14px;\r\n        line-height: 15px;\r\n        height: 15px;\r\n        font-weight: 400 !important;\r\n        margin: 0;\r\n        }\r\n    }\r\n\r\n<\/style>\r\n\r\n<!--<div class=\"more-events-mobile\">\r\n    <a href=\"https:\/\/www.ull.es\/portal\/agenda\">Ver agenda completa <i class=\"fa fa-chevron-right\"><\/i><\/a>\r\n<\/div>\r\n<div class=\"events-block\">\r\n    <div class=\"events-header\">\r\n        <h2>Pr\u00f3ximos Eventos<\/h2>\r\n        <div class=\"more-events\">\r\n            <a href=\"https:\/\/www.ull.es\/portal\/agenda\">Ver agenda completa<\/a>\r\n        <\/div>\r\n    <\/div>\r\n\r\n    <div class=\"container-fluid\">\r\n        <p>No hay eventos disponibles en este momento.<\/p>    <\/div>\r\n\r\n    <div class=\"more-events-mobile\">\r\n        <a href=\"https:\/\/www.ull.es\/portal\/agenda\">Ver agenda completa <i class=\"fa fa-chevron-right\"><\/i><\/a>\r\n    <\/div>\r\n<\/div>-->\r\n\r\n<!--<div class=\"more-events-mobile\"> \r\n    <a href=\"https:\/\/www.ull.es\/portal\/agenda\">Ver agenda completa <i class=\"fa fa-chevron-right\"><\/i><\/a>\r\n<\/div>--> \r\n<div class=\"events-block\"> \r\n    <div class=\"events-header\"> \r\n    <h2>Pr\u00f3ximos eventos<\/h2> \r\n    <div class=\"more-events\"> <a href=\"https:\/\/www.ull.es\/portal\/agenda\">Ver agenda completa<\/a> \r\n    <\/div> \r\n<\/div>\r\n\r\n<div class=\"container-fluid\">\r\n<p>No hay eventos disponibles en este momento.<\/p>    <\/div>\r\n<\/div>\r\n\r\n<div class=\"more-events-mobile\">\r\n        <a href=\"https:\/\/www.ull.es\/portal\/agenda\">Ver agenda completa <i class=\"fa fa-chevron-right\"><\/i><\/a>\r\n<\/div>[\/vc_column_text][\/vc_column][\/vc_row]<\/p>\n","protected":false},"excerpt":{"rendered":"<p>[vc_row][vc_column width=\u00bb1\/4&#8243;][vc_empty_space height=\u00bb40px\u00bb][vc_column_text css=\u00bb.vc_custom_1667387072437{border-top-width: 1px !important;border-right-width: 1px !important;border-bottom-width: 1px !important;border-left-width: 1px !important;padding-top: 10px !important;padding-right: 10px !important;padding-bottom: 10px !important;padding-left: 10px !important;background-color: #0059f9 !important;border-radius: 5px !important;}\u00bb] \u00bfTienes alguna duda? 922 319 616 922 319 626 extuni@ull.es [\/vc_column_text][vc_empty_space height=\u00bb30px\u00bb][vc_custom_heading text=\u00bbCoorganiza:\u00bb font_container=\u00bbtag:h2|font_size:17px|text_align:center|color:%230059f9&#8243; google_fonts=\u00bbfont_family:Open%20Sans%3A300%2C300italic%2Cregular%2Citalic%2C600%2C600italic%2C700%2C700italic%2C800%2C800italic|font_style:700%20bold%20regular%3A700%3Anormal\u00bb][vc_single_image image=\u00bb540&#8243; img_size=\u00bblarge\u00bb alignment=\u00bbcenter\u00bb][vc_btn title=\u00bbDescargar cartel\u00bb style=\u00bbcustom\u00bb custom_background=\u00bb#00d68b\u00bb custom_text=\u00bb#ffffff\u00bb shape=\u00bbsquare\u00bb size=\u00bblg\u00bb align=\u00bbcenter\u00bb i_icon_fontawesome=\u00bbfas fa-arrow-right\u00bb button_block=\u00bbtrue\u00bb add_icon=\u00bbtrue\u00bb link=\u00bburl:https%3A%2F%2Fdrive.google.com%2Ffile%2Fd%2F1Q4NgStrCV4BkXqf7xZk-kc1kEo_UjJgr%2Fview%3Fusp%3Dshare_link|target:_blank\u00bb][vc_empty_space][\/vc_column][vc_column&#8230;<\/p>\n","protected":false},"author":6,"featured_media":0,"parent":0,"menu_order":0,"comment_status":"closed","ping_status":"closed","template":"templates\/template-no-title.php","meta":{"footnotes":""},"class_list":["post-530","page","type-page","status-publish","hentry"],"_links":{"self":[{"href":"https:\/\/www.ull.es\/cultura\/cursos-extension-universitaria\/fr\/wp-json\/wp\/v2\/pages\/530","targetHints":{"allow":["GET"]}}],"collection":[{"href":"https:\/\/www.ull.es\/cultura\/cursos-extension-universitaria\/fr\/wp-json\/wp\/v2\/pages"}],"about":[{"href":"https:\/\/www.ull.es\/cultura\/cursos-extension-universitaria\/fr\/wp-json\/wp\/v2\/types\/page"}],"author":[{"embeddable":true,"href":"https:\/\/www.ull.es\/cultura\/cursos-extension-universitaria\/fr\/wp-json\/wp\/v2\/users\/6"}],"replies":[{"embeddable":true,"href":"https:\/\/www.ull.es\/cultura\/cursos-extension-universitaria\/fr\/wp-json\/wp\/v2\/comments?post=530"}],"version-history":[{"count":40,"href":"https:\/\/www.ull.es\/cultura\/cursos-extension-universitaria\/fr\/wp-json\/wp\/v2\/pages\/530\/revisions"}],"predecessor-version":[{"id":580,"href":"https:\/\/www.ull.es\/cultura\/cursos-extension-universitaria\/fr\/wp-json\/wp\/v2\/pages\/530\/revisions\/580"}],"wp:attachment":[{"href":"https:\/\/www.ull.es\/cultura\/cursos-extension-universitaria\/fr\/wp-json\/wp\/v2\/media?parent=530"}],"curies":[{"name":"wp","href":"https:\/\/api.w.org\/{rel}","templated":true}]}}