{"id":61,"date":"2021-06-07T10:56:27","date_gmt":"2021-06-07T10:56:27","guid":{"rendered":"https:\/\/www.ull.es\/cultura\/cursos-extension-universitaria\/?page_id=61"},"modified":"2022-06-28T10:16:56","modified_gmt":"2022-06-28T10:16:56","slug":"seminarios-intercatedras-2021-2022","status":"publish","type":"page","link":"https:\/\/www.ull.es\/cultura\/cursos-extension-universitaria\/fr\/seminarios-intercatedras-2021-2022\/","title":{"rendered":"S\u00e9minaires inter-chaires 2021\/2022"},"content":{"rendered":"<p>[vc_row][vc_column css_animation=\u00bbzoomIn\u00bb width=\u00bb1\/4&#8243;][vc_empty_space height=\u00bb40px\u00bb][vc_row_inner][vc_column_inner][vc_column_text css=\u00bb.vc_custom_1623332326043{border-top-width: 1px !important;border-right-width: 1px !important;border-bottom-width: 1px !important;border-left-width: 1px !important;padding-top: 30px !important;padding-right: 10px !important;padding-bottom: 30px !important;padding-left: 10px !important;background-color: #0059f9 !important;border-left-color: #dddddd !important;border-left-style: solid !important;border-right-color: #dddddd !important;border-right-style: solid !important;border-top-color: #dddddd !important;border-top-style: solid !important;border-bottom-color: #dddddd !important;border-bottom-style: solid !important;border-radius: 5px !important;}\u00bb]<\/p>\n<h4 style=\"font-size: 18px;color: #ffffff;text-align: center\"><i class=\"fa fa-question-circle\" style=\"color: #ffffff\"><\/i> \u00bfTienes alguna duda?<\/h4>\n<p style=\"font-size: 18px;color: #ffffff;text-align: center\"><span style=\"color: #ffffff\">922 319 616<\/span><\/p>\n<p style=\"font-size: 18px;color: #ffffff;text-align: center\"><span style=\"color: #ffffff\">922 319 626<\/span><\/p>\n<p style=\"font-size: 18px;color: #ffffff;text-align: center\"><a style=\"color: #ffffff\" href=\"mailto:extuni@ull.edu.es\" target=\"_blank\" rel=\"noopener\">extuni@ull.es<\/a><\/p>\n<p>[\/vc_column_text][vc_empty_space height=\u00bb20px\u00bb][\/vc_column_inner][vc_column_inner][vc_custom_heading text=\u00bbParticipan:\u00bb font_container=\u00bbtag:h2|font_size:17px|text_align:left|color:%230059f9&#8243; google_fonts=\u00bbfont_family:Open%20Sans%3A300%2C300italic%2Cregular%2Citalic%2C600%2C600italic%2C700%2C700italic%2C800%2C800italic|font_style:700%20bold%20regular%3A700%3Anormal\u00bb][vc_column_text]<a href=\"https:\/\/www.ull.es\/la-universidad\/catedras-institucionales-empresa\/#catedra-fundacion-disa-de-jovenes-emprendedores-de-la-ull\" target=\"_blank\" rel=\"noopener noreferrer\" target=\"_blank\" rel=\"noopener\">C\u00e1tedra Fundaci\u00f3n DISA de J\u00f3venes Emprendedores de la ULL<\/a><\/p>\n<p><a href=\"https:\/\/www.ull.es\/la-universidad\/catedras-institucionales-empresa\/#catedra-cajasiete-universidad-la-laguna-economia-social-cooperativa\" target=\"_blank\" rel=\"noopener noreferrer\" target=\"_blank\" rel=\"noopener\">C\u00e1tedra Cajasiete de Econom\u00eda Social y Cooperativa<\/a><\/p>\n<p><a href=\"https:\/\/www.ull.es\/la-universidad\/catedras-institucionales-empresa\/#catedra-de-economia-y-movilidad\" target=\"_blank\" rel=\"noopener noreferrer\" target=\"_blank\" rel=\"noopener\">C\u00e1tedra de Econom\u00eda y Movilidad CajaCanarias-ULL<\/a><\/p>\n<p><a href=\"https:\/\/www.ull.es\/la-universidad\/catedras-institucionales-empresa\/#catedra-desarrollo-sostenible\" target=\"_blank\" rel=\"noopener noreferrer\" target=\"_blank\" rel=\"noopener\">C\u00e1tedra de Medio Ambiente y Desarrollo Sostenible del Cabildo de Tenerife-ULL<\/a><\/p>\n<p><a href=\"https:\/\/www.ull.es\/la-universidad\/catedras-institucionales-empresa\/#catedra-de-turismo-cajacanarias-ashotel-ull\" target=\"_blank\" rel=\"noopener noreferrer\" target=\"_blank\" rel=\"noopener\">C\u00e1tedra de Turismo CajaCanarias-Ashotel-ULL<\/a><\/p>\n<p><a href=\"https:\/\/www.ull.es\/la-universidad\/catedras-institucionales-empresa\/#CEOE\" target=\"_blank\" rel=\"noopener noreferrer\" target=\"_blank\" rel=\"noopener\">C\u00e1tedra CEOE-Tenerife Empresa y Relaciones Laborales de la ULL<\/a><\/p>\n<p><a href=\"http:\/\/www.gestionenoturistica.com\/\" target=\"_blank\" rel=\"noopener noreferrer\" target=\"_blank\" rel=\"noopener\">C\u00e1tedra de Agroturismo y Enoturismo de Canarias del Instituto Canario de Calidad Agroalimentaria ULL<\/a><\/p>\n<p><a href=\"https:\/\/www.ull.es\/catedras\/catedra-fundacion-cepsa\/\" target=\"_blank\" rel=\"noopener\" target=\"_blank\" rel=\"noopener\">C\u00e1tedra Fundaci\u00f3n Cepsa de Transici\u00f3n Ecol\u00f3gica e Innovaci\u00f3n de la ULL<\/a>[\/vc_column_text][\/vc_column_inner][\/vc_row_inner][vc_empty_space][\/vc_column][vc_column css_animation=\u00bbzoomIn\u00bb width=\u00bb3\/4&#8243;][vc_empty_space height=\u00bb40px\u00bb][vc_row_inner el_class=\u00bbcursos\u00bb][vc_column_inner css=\u00bb.vc_custom_1622809617681{padding-top: 40px !important;padding-bottom: 40px !important;}\u00bb][vc_column_text]<\/p>\n<h1 style=\"text-align: left;color: #ffffff\">Seminarios Interc\u00e1tedras<\/h1>\n<h3 style=\"text-align: left;color: #ffffff\">2021\/2022<\/h3>\n<p>[\/vc_column_text][\/vc_column_inner][\/vc_row_inner][vc_empty_space height=\u00bb20px\u00bb][vc_row_inner][vc_column_inner][vc_column_text]Esta actividad surge con el objetivo de que el alumnado universitario que asista a algunas de las actividades (talleres, charlas, seminarios&#8230;) organizadas por las C\u00e1tedras Institucionales y de Empresa de la ULL que participan en esta iniciativa, puedan solicitar reconocimiento de cr\u00e9ditos.<\/p>\n<p>La participaci\u00f3n del alumnado se podr\u00e1 reconocer hasta un m\u00e1ximo de 1 ECTS por curso acad\u00e9mico. El reconocimiento del cr\u00e9dito ser\u00e1 por la asistencia y participaci\u00f3n a un total de 25 horas lectivas presenciales de las actividades ofertadas como \u00abSeminarios Interc\u00e1tedras 2021\/2022\u00bb.<\/p>\n<p>Las personas interesadas en reconocer su cr\u00e9dito deber\u00e1n solicitarlo dentro del curso acad\u00e9mico 2021-2022, v\u00eda correo electr\u00f3nico a <a href=\"mailto:extuni@ull.es\" target=\"_blank\" rel=\"noopener\">extuni@ull.es<\/a>, adjuntando los certificados de asistencia individuales de todas las actividades que hayan realizado dentro de este ciclo.[\/vc_column_text][vc_column_text]<strong><span style=\"color: #0059f9\">Listado de actividades incluidas para reconocimiento de cr\u00e9ditos:<\/span><\/strong><\/p>\n<ul>\n<li><a href=\"https:\/\/www.ull.es\/portal\/agenda\/evento\/seminario-desarrollo-empresarial-los-ods-y-las-empresas-conceptos-claves-sobre-el-desarrollo-sostenible-la-agenda-2030-y-los-ods\/\" target=\"_blank\" rel=\"noopener\" target=\"_blank\" rel=\"noopener\">Seminario Desarrollo Empresarial \u00abLos ODS y a las empresas: conceptos claves sobre del Desarrollo Sostenible, la Agenda 2030 y los ODS\u00bb<\/a> (1,5 horas) &#8211; 22 de septiembre de 2021.<\/li>\n<li><a href=\"https:\/\/www.ull.es\/portal\/agenda\/evento\/estrategias-para-impulsar-un-ecosistema-local-de-economia-social-y-solidaria\/\" target=\"_blank\" rel=\"noopener\" target=\"_blank\" rel=\"noopener\">Ciclo de conferencias 2021 sobre innovaci\u00f3n en Econom\u00eda Social y Cooperativismo: Estrategias para impulsar un ecosistema local de econom\u00eda social y solidaria<\/a> (2 horas) &#8211; 24 de septiembre de 2021.<\/li>\n<li><a href=\"https:\/\/www.ull.es\/portal\/agenda\/evento\/seminario-cesco-49-la-agenda-canaria-de-desarrollo-sostenible-2030-nuestro-marco-estrategico-compartido-para-el-impulso-del-desarrollo-sostenible\/\" target=\"_blank\" rel=\"noopener noreferrer\" target=\"_blank\" rel=\"noopener\">Seminario CESCO 49 \u201cLa Agenda Canaria de Desarrollo Sostenible 2030. Nuestro marco estrat\u00e9gico compartido para el impulso del desarrollo sostenible<em>\u201d<\/em><\/a> (2 horas) &#8211; 1 de octubre de 2021.<\/li>\n<li><a href=\"https:\/\/www.ull.es\/portal\/agenda\/evento\/iii-jornada-de-responsabilidad-social-empresarial-rse-y-politica-publicas\/\" target=\"_blank\" rel=\"noopener\" target=\"_blank\" rel=\"noopener\">III Jornada de responsabilidad social empresarial: RSE y pol\u00edticas p\u00fablicas<\/a> (2,5 horas) &#8211; 15 de octubre de 2021.<\/li>\n<li><a href=\"https:\/\/www.ull.es\/portal\/agenda\/evento\/diez-lecciones-aprendidas\/\" target=\"_blank\" rel=\"noopener\" target=\"_blank\" rel=\"noopener\">Diez lecciones aprendidas<\/a> (1 hora) &#8211; 22 de octubre de 2021.<\/li>\n<li><a href=\"https:\/\/www.ull.es\/portal\/agenda\/evento\/de-tenerife-a-berlin\/\" target=\"_blank\" rel=\"noopener\" target=\"_blank\" rel=\"noopener\">De Tenerife a Berl\u00edn<\/a> (1 hora) &#8211; 29 de octubre de 2021.<\/li>\n<li><a href=\"https:\/\/www.ull.es\/portal\/agenda\/evento\/viernes-turisticos-el-turismo-tras-la-pandemia\/\" target=\"_blank\" rel=\"noopener\" target=\"_blank\" rel=\"noopener\">Viernes Tur\u00edsticos: El turismo tras la pandemia<\/a> (2 horas) &#8211; 29 de octubre de 2021.<\/li>\n<li><a href=\"https:\/\/www.ull.es\/portal\/agenda\/evento\/viernes-turisticos-tourism-and-quality-of-life\/\" target=\"_blank\" rel=\"noopener\" target=\"_blank\" rel=\"noopener\">Viernes Tur\u00edsticos: Tourism and quality of life<\/a> (2 horas) &#8211; 5 de noviembre de 2021.<\/li>\n<li><a href=\"https:\/\/www.ull.es\/portal\/agenda\/evento\/seminario-cesco-50-politicas-publicas-para-el-impulso-de-una-economia-social-para-la-recuperacion\/\" target=\"_blank\" rel=\"noopener\" target=\"_blank\" rel=\"noopener\">Seminario CESCO 50 \u00abPol\u00edticas p\u00fablicas para el impulso de una Econom\u00eda Social para la recuperaci\u00f3n\u00bb<\/a> (2 horas) &#8211; 18 de noviembre de 2021.<\/li>\n<li><a href=\"https:\/\/www.ull.es\/portal\/agenda\/evento\/seminario-desarrollo-empresarial-aspectos-legales-del-teletrabajo-en-las-empresas\/\" target=\"_blank\" rel=\"noopener\" target=\"_blank\" rel=\"noopener\">Seminario Desarrollo Empresarial \u00abAspectos legales del teletrabajo en las empresas\u00bb<\/a> (1,5 horas) &#8211; 2 de diciembre de 2021.<\/li>\n<li><a href=\"https:\/\/www.ull.es\/portal\/agenda\/evento\/emprendimiento-y-arte-la-virgen-de-la-pandemia\/\" target=\"_blank\" rel=\"noopener\" target=\"_blank\" rel=\"noopener\">Emprendimiento y arte: \u00abLa Virgen de la Pandemia\u00bb<\/a> (1,5 horas) &#8211; 2 de diciembre de 2021.<\/li>\n<li><a href=\"https:\/\/www.ull.es\/portal\/agenda\/evento\/ciclo-de-conferencias-2021-sobre-innovacion-en-economia-social-y-cooperativismo-dialogos-sobre-innovacion-en-economia-social-y-cooperativa\/\" target=\"_blank\" rel=\"noopener\" target=\"_blank\" rel=\"noopener\">Ciclo de conferencias 2021 sobre innovaci\u00f3n en Econom\u00eda Social y Cooperativismo: Di\u00e1logos sobre innovaci\u00f3n en econom\u00eda social y cooperativa<\/a> (2 horas) &#8211; 15 de diciembre de 2021.<\/li>\n<li><a href=\"https:\/\/www.ull.es\/portal\/agenda\/evento\/ii-jornadas-de-asociacionismo-agrario-las-sats\/\" target=\"_blank\" rel=\"noopener\" target=\"_blank\" rel=\"noopener\">II Jornadas de Asociacionismo Agrario: Las SATs<\/a> (2,5 horas) &#8211; 18 de febrero de 2022.<\/li>\n<li><a href=\"https:\/\/www.ull.es\/portal\/agenda\/evento\/viernes-turisticos-turismo-activo-como-oportunidad-en-canarias\/\" target=\"_blank\" rel=\"noopener\" target=\"_blank\" rel=\"noopener\">Viernes Tur\u00edsticos: Turismo Activo como oportunidad en Canarias<\/a> (2 horas) &#8211; 25 de marzo de 2022.<\/li>\n<li><a href=\"https:\/\/www.ull.es\/portal\/agenda\/evento\/seminario-desarrollo-empresarial-aspectos-esenciales-de-la-reforma-laboral-y-su-impacto-en-las-empresas\/\" target=\"_blank\" rel=\"noopener\" target=\"_blank\" rel=\"noopener\">Seminario Desarrollo Empresarial \u00abAspectos esenciales de la reforma laboral y su impacto en las empresas\u00bb<\/a> (1,5 horas) &#8211; 4 de abril de 2022.<\/li>\n<li><a href=\"https:\/\/www.ull.es\/portal\/agenda\/evento\/el-autoconsumo-de-energia-solar-fotovoltaica-en-tenerife-para-uso-residencial-empresas-y-administraciones-publicas\/\" target=\"_blank\" rel=\"noopener\" target=\"_blank\" rel=\"noopener\">El Autoconsumo de Energ\u00eda Solar Fotovoltaica en Tenerife para uso residencial, empresas y administraciones p\u00fablicas<\/a> (1 hora) &#8211; 8 de abril de 2022.<\/li>\n<li><a href=\"https:\/\/www.ull.es\/portal\/agenda\/evento\/masterclass-las-cripto-tributan-analisis-de-la-incidencia-fiscal\/\" target=\"_blank\" rel=\"noopener\" target=\"_blank\" rel=\"noopener\">Masterclass \u00abLas cripto tributan. An\u00e1lisis de la incidencia fiscal\u00bb<\/a> (1,5 horas) &#8211; 21 de abril de 2022.<\/li>\n<li><a href=\"https:\/\/www.ull.es\/portal\/agenda\/evento\/taller-puesta-en-escena-recursos-para-presentar-un-proyecto-en-publico\/\" target=\"_blank\" rel=\"noopener\" target=\"_blank\" rel=\"noopener\">Taller \u00abLa puesta en escena: Recursos para presentar un proyecto en p\u00fablico\u00bb<\/a> (2,5 horas) &#8211; 28 de abril de 2022.<\/li>\n<li><a href=\"https:\/\/www.ull.es\/portal\/agenda\/evento\/seminario-cesco-51-la-universidad-rural-de-canarias-conocimiento-y-desarrollo\/\" target=\"_blank\" rel=\"noopener\" target=\"_blank\" rel=\"noopener\">Seminario CESCO 51: La Universidad Rural de Canarias. Conocimiento y desarrollo<\/a> (2 horas) &#8211; 5 de mayo de 2022.<\/li>\n<li><a href=\"https:\/\/www.ull.es\/portal\/agenda\/evento\/seminario-cesco-52-el-cooperativismo-agrario-en-galicia\/\" target=\"_blank\" rel=\"noopener\" target=\"_blank\" rel=\"noopener\">Seminario CESCO 52: El cooperativismo agrario en Galicia<\/a> (2 horas) &#8211; 30 de mayo de 2022.<\/li>\n<li><a href=\"https:\/\/www.ull.es\/portal\/agenda\/evento\/seminario-cesco-54-la-economia-social-en-la-educacion-superior-en-espana-el-caso-del-laboratorio-de-la-economia-social-lab_es\/\" target=\"_blank\" rel=\"noopener\" target=\"_blank\" rel=\"noopener\">Seminario CESCO 54: La Econom\u00eda Social en la educaci\u00f3n superior en Espa\u00f1a: el caso del Laboratorio de la Econom\u00eda Social LAB_ES<\/a> (2 horas) &#8211; 30 de junio de 2022.<\/li>\n<li><a href=\"https:\/\/www.ull.es\/portal\/agenda\/evento\/seminario-cesco-55-emprender-en-organizaciones-de-la-economia-social-como-nucleo-del-emprendimiento-social\/\" target=\"_blank\" rel=\"noopener\" target=\"_blank\" rel=\"noopener\">Seminario CESCO 55: Emprender en organizaciones de la econom\u00eda social como n\u00facleo del emprendimiento social<\/a> (2 horas) &#8211; 14 de julio de 2022.<\/li>\n<\/ul>\n<p>[\/vc_column_text][\/vc_column_inner][\/vc_row_inner][vc_empty_space height=\u00bb20px\u00bb][\/vc_column][\/vc_row]<\/p>\n","protected":false},"excerpt":{"rendered":"<p>[vc_row][vc_column css_animation=\u00bbzoomIn\u00bb width=\u00bb1\/4&#8243;][vc_empty_space height=\u00bb40px\u00bb][vc_row_inner][vc_column_inner][vc_column_text css=\u00bb.vc_custom_1623332326043{border-top-width: 1px !important;border-right-width: 1px !important;border-bottom-width: 1px !important;border-left-width: 1px !important;padding-top: 30px !important;padding-right: 10px !important;padding-bottom: 30px !important;padding-left: 10px !important;background-color: #0059f9 !important;border-left-color: #dddddd !important;border-left-style: solid !important;border-right-color: #dddddd !important;border-right-style: solid !important;border-top-color: #dddddd !important;border-top-style: solid !important;border-bottom-color: #dddddd !important;border-bottom-style: solid !important;border-radius: 5px !important;}\u00bb] \u00bfTienes alguna duda? 922 319 616 922 319 626 extuni@ull.es [\/vc_column_text][vc_empty_space height=\u00bb20px\u00bb][\/vc_column_inner][vc_column_inner][vc_custom_heading text=\u00bbParticipan:\u00bb font_container=\u00bbtag:h2|font_size:17px|text_align:left|color:%230059f9&#8243;&#8230;<\/p>\n","protected":false},"author":3,"featured_media":0,"parent":0,"menu_order":0,"comment_status":"closed","ping_status":"closed","template":"templates\/template-no-title.php","meta":{"footnotes":""},"class_list":["post-61","page","type-page","status-publish","hentry"],"_links":{"self":[{"href":"https:\/\/www.ull.es\/cultura\/cursos-extension-universitaria\/fr\/wp-json\/wp\/v2\/pages\/61","targetHints":{"allow":["GET"]}}],"collection":[{"href":"https:\/\/www.ull.es\/cultura\/cursos-extension-universitaria\/fr\/wp-json\/wp\/v2\/pages"}],"about":[{"href":"https:\/\/www.ull.es\/cultura\/cursos-extension-universitaria\/fr\/wp-json\/wp\/v2\/types\/page"}],"author":[{"embeddable":true,"href":"https:\/\/www.ull.es\/cultura\/cursos-extension-universitaria\/fr\/wp-json\/wp\/v2\/users\/3"}],"replies":[{"embeddable":true,"href":"https:\/\/www.ull.es\/cultura\/cursos-extension-universitaria\/fr\/wp-json\/wp\/v2\/comments?post=61"}],"version-history":[{"count":40,"href":"https:\/\/www.ull.es\/cultura\/cursos-extension-universitaria\/fr\/wp-json\/wp\/v2\/pages\/61\/revisions"}],"predecessor-version":[{"id":237,"href":"https:\/\/www.ull.es\/cultura\/cursos-extension-universitaria\/fr\/wp-json\/wp\/v2\/pages\/61\/revisions\/237"}],"wp:attachment":[{"href":"https:\/\/www.ull.es\/cultura\/cursos-extension-universitaria\/fr\/wp-json\/wp\/v2\/media?parent=61"}],"curies":[{"name":"wp","href":"https:\/\/api.w.org\/{rel}","templated":true}]}}