{"id":76,"date":"2021-06-07T11:25:57","date_gmt":"2021-06-07T11:25:57","guid":{"rendered":"https:\/\/www.ull.es\/cultura\/cursos-extension-universitaria\/?page_id=76"},"modified":"2026-03-02T16:18:11","modified_gmt":"2026-03-02T16:18:11","slug":"universidad-de-otono-invierno-de-la-palma","status":"publish","type":"page","link":"https:\/\/www.ull.es\/cultura\/cursos-extension-universitaria\/universidad-de-otono-invierno-de-la-palma\/","title":{"rendered":"Universidad de Oto\u00f1o de La Palma"},"content":{"rendered":"\n<div class=\"wp-block-stackable-spacer stk-block-spacer stk--no-padding stk-block stk-e870413\" data-block-id=\"e870413\"><style>.stk-e870413 {height:30px !important;}<\/style><\/div>\n\n\n\n<nav class=\"ull-breadcums\" role=\"navigation\" aria-label=\"breadcums\" style=\"background-color: white;display: inline-block\">\n <ul style=\"padding: 0;margin: 0\">\n  <li style=\"display: inline-block;position: relative\"><a href=\"https:\/\/www.ull.es\/cultura\/\" title=\"Universidad de La Laguna\" style=\"background: url(assets\/svg\/ull-sprite.svg) no-repeat -249px 4px !important;text-indent: -99999px;width: 30px;padding: 5px 0 5px 0;margin-right: 14px\" target=\"_blank\" rel=\"noopener\">Inicio<\/a><\/li> >\n  <li style=\"display: inline-block;position: relative\"><a href=\"https:\/\/www.ull.es\/cultura\/cursos-extension-universitaria\/\" title=\"Cursos de Extensi\u00f3n Universitaria\" target=\"_blank\" rel=\"noopener\">Cursos de Extensi\u00f3n Universitaria<\/a><\/li> >\n  <li class=\"current\" style=\"display: inline-block;position: relative\"><span style=\"color: #a275a2;max-width: 250px;overflow: hidden\">Universidad de Oto\u00f1o-Invierno de la Palma<\/span><\/li>\n <\/ul>\n<\/nav>\n<hr>\n\n\n\n<div class=\"wp-block-stackable-columns stk-block-columns stk-block stk-25bb11b\" data-block-id=\"25bb11b\"><div class=\"stk-row stk-inner-blocks stk-block-content stk-content-align stk-25bb11b-column\">\n<div class=\"wp-block-stackable-column stk-block-column stk-column stk-block stk-6e78be1 stk-block-background\" data-v=\"4\" data-block-id=\"6e78be1\"><style>.stk-6e78be1 {background-color:#0059f9 !important;border-top-left-radius:5px !important;border-top-right-radius:5px !important;border-bottom-right-radius:5px !important;border-bottom-left-radius:5px !important;overflow:hidden !important;}.stk-6e78be1:before{background-color:#0059f9 !important;}@media screen and (min-width: 768px){.stk-6e78be1 {flex:var(--stk-flex-grow, 1) 1 calc(20% - var(--stk-column-gap, 0px) * 1 \/ 2 ) !important;}}<\/style><div class=\"stk-column-wrapper stk-block-column__content stk-container stk-6e78be1-container stk--no-background stk--no-padding\"><div class=\"stk-block-content stk-inner-blocks stk-6e78be1-inner-blocks\">\n<div style=\"line-height:2em\"><p style=\"color:white;text-align:center\"><i class=\"fa fa-question-circle\" aria-hidden=\"true\" style=\"color:white\"><\/i> \u00bfTienes alguna duda?<\/p><br>\n<p style=\"color:white;text-align:center;margin-top:-40px\">922 319 616<\/p><br>\n<p style=\"color:white;text-align:center;margin-top:-40px\">922 319 626<\/p><br>\n<p style=\"text-align: center;margin-top:-40px\"><a href=\"mailto:extuni@ull.es\" style=\"color:white;text-align:center;margin-top:-40px\" target=\"_blank\" rel=\"noopener\">extuni@ull.es<\/a><\/p><\/div>\n<\/div><\/div><\/div>\n\n\n\n<div class=\"wp-block-stackable-column stk-block-column stk-column stk-block stk-d16bfa9\" data-v=\"4\" data-block-id=\"d16bfa9\"><style>@media screen and (min-width: 768px){.stk-d16bfa9 {flex:var(--stk-flex-grow, 1) 1 calc(80% - var(--stk-column-gap, 0px) * 1 \/ 2 ) !important;}}<\/style><div class=\"stk-column-wrapper stk-block-column__content stk-container stk-d16bfa9-container stk--no-background stk--no-padding\"><div class=\"stk-block-content stk-inner-blocks stk-d16bfa9-inner-blocks\">\n<div class=\"wp-block-stackable-heading stk-block-heading stk-block-heading--v2 stk-block stk-161dcf0 stk-block-background stk--has-background-overlay\" id=\"universidad-de-otono-de-la-palma\" data-block-id=\"161dcf0\"><style>.stk-161dcf0 {background-color:linear-gradient(135deg,rgb(0,214,139) 0%,rgb(0,147,198) 51%,rgb(0,89,249) 100%) !important;padding-top:50px !important;padding-right:25px !important;padding-bottom:150px !important;padding-left:20px !important;}.stk-161dcf0:before{background-image:linear-gradient(135deg,rgb(0,214,139) 0%,rgb(0,147,198) 51%,rgb(0,89,249) 100%) !important;}.stk-161dcf0 .stk-block-heading__text{font-size:32px !important;color:#ffffff !important;font-weight:400 !important;}@media screen and (max-width: 1023px){.stk-161dcf0 .stk-block-heading__text{font-size:32px !important;}}<\/style><h2 class=\"stk-block-heading__text has-text-color\">Universidad de Oto\u00f1o de La Palma<\/h2><\/div>\n<\/div><\/div><\/div>\n<\/div><\/div>\n\n\n\n<div class=\"wp-block-stackable-columns stk-block-columns stk-block stk-b56fda7\" data-block-id=\"b56fda7\"><div class=\"stk-row stk-inner-blocks stk-block-content stk-content-align stk-b56fda7-column\">\n<div class=\"wp-block-stackable-column stk-block-column stk-column stk-block stk-11ca1c7\" data-v=\"4\" data-block-id=\"11ca1c7\"><style>@media screen and (min-width: 768px){.stk-11ca1c7 {flex:var(--stk-flex-grow, 1) 1 calc(20% - var(--stk-column-gap, 0px) * 1 \/ 2 ) !important;}}<\/style><div class=\"stk-column-wrapper stk-block-column__content stk-container stk-11ca1c7-container stk--no-background stk--no-padding\"><div class=\"stk-block-content stk-inner-blocks stk-11ca1c7-inner-blocks\">\n<div class=\"wp-block-stackable-text stk-block-text stk-block stk-9a22ec8\" data-block-id=\"9a22ec8\"><style>.stk-9a22ec8 .stk-block-text__text{color:#074de3 !important;}<\/style><p class=\"stk-block-text__text has-text-color\"><strong>Financia:<\/strong><\/p><\/div>\n\n\n\n<div class=\"wp-block-stackable-image stk-block-image stk-block stk-6483f82\" data-block-id=\"6483f82\"><figure><span class=\"stk-img-wrapper stk-image--shape-stretch\"><img loading=\"lazy\" decoding=\"async\" class=\"stk-img wp-image-77\" src=\"https:\/\/www.ull.es\/cultura\/cursos-extension-universitaria\/wp-content\/uploads\/sites\/6\/2021\/06\/cabildodelapalma.png\" width=\"250\" height=\"250\" srcset=\"https:\/\/www.ull.es\/cultura\/cursos-extension-universitaria\/wp-content\/uploads\/sites\/6\/2021\/06\/cabildodelapalma.png 250w, https:\/\/www.ull.es\/cultura\/cursos-extension-universitaria\/wp-content\/uploads\/sites\/6\/2021\/06\/cabildodelapalma-150x150.png 150w, https:\/\/www.ull.es\/cultura\/cursos-extension-universitaria\/wp-content\/uploads\/sites\/6\/2021\/06\/cabildodelapalma-50x50.png 50w\" sizes=\"auto, (max-width: 250px) 100vw, 250px\" \/><\/span><\/figure><\/div>\n\n\n\n<div class=\"wp-block-stackable-spacer stk-block-spacer stk--no-padding stk-block stk-915aa0e\" data-block-id=\"915aa0e\"><\/div>\n\n\n\n<div class=\"wp-block-stackable-button-group stk-block-button-group stk-block stk-d54493e\" data-block-id=\"d54493e\"><style>.stk-d54493e .stk-button-group{flex-direction:column !important;align-items:flex-start !important;}.stk-d54493e .stk-block{flex-basis:auto !important;}<\/style><div class=\"stk-row stk-inner-blocks stk-block-content stk-button-group\">\n<div class=\"wp-block-stackable-button stk-block-button stk-block stk-b3fa906\" data-block-id=\"b3fa906\"><style>.stk-b3fa906 .stk-button{background:linear-gradient(135deg,rgb(0,214,139) 0%,rgb(0,147,198) 49%,rgb(0,89,249) 100%) !important;}<\/style><a class=\"stk-link stk-button stk--hover-effect-darken\" href=\"\" target=\"_blank\" rel=\"noopener\"><span class=\"stk--svg-wrapper\"><div class=\"stk--inner-svg\"><svg xmlns=\"http:\/\/www.w3.org\/2000\/svg\" viewBox=\"0 0 448 512\" aria-hidden=\"true\" width=\"32\" height=\"32\"><path d=\"M438.6 278.6c12.5-12.5 12.5-32.8 0-45.3l-160-160c-12.5-12.5-32.8-12.5-45.3 0s-12.5 32.8 0 45.3L338.8 224 32 224c-17.7 0-32 14.3-32 32s14.3 32 32 32l306.7 0L233.4 393.4c-12.5 12.5-12.5 32.8 0 45.3s32.8 12.5 45.3 0l160-160z\" \/><\/svg><\/div><\/span><span class=\"stk-button__inner-text\">Actividades de cultura y ocio<\/span><\/a><\/div>\n\n\n\n<div class=\"wp-block-stackable-button stk-block-button stk-block stk-a0fe982\" data-block-id=\"a0fe982\"><style>.stk-a0fe982 .stk-button{background:linear-gradient(135deg,rgb(0,214,139) 0%,rgb(0,147,198) 49%,rgb(0,89,249) 100%) !important;}<\/style><a class=\"stk-link stk-button stk--hover-effect-darken\" href=\"https:\/\/drive.google.com\/file\/d\/1bfcYCAKRRDvmJnozX2GGRzRkwbrkPZ3A\/view?usp=sharing\" target=\"_blank\" rel=\"noopener\"><span class=\"stk--svg-wrapper\"><div class=\"stk--inner-svg\"><svg xmlns=\"http:\/\/www.w3.org\/2000\/svg\" viewBox=\"0 0 448 512\" aria-hidden=\"true\" width=\"32\" height=\"32\"><path d=\"M438.6 278.6c12.5-12.5 12.5-32.8 0-45.3l-160-160c-12.5-12.5-32.8-12.5-45.3 0s-12.5 32.8 0 45.3L338.8 224 32 224c-17.7 0-32 14.3-32 32s14.3 32 32 32l306.7 0L233.4 393.4c-12.5 12.5-12.5 32.8 0 45.3s32.8 12.5 45.3 0l160-160z\" \/><\/svg><\/div><\/span><span class=\"stk-button__inner-text\">Descargar cartel<\/span><\/a><\/div>\n<\/div><\/div>\n<\/div><\/div><\/div>\n\n\n\n<div class=\"wp-block-stackable-column stk-block-column stk-column stk-block stk-e41ad91\" data-v=\"4\" data-block-id=\"e41ad91\"><style>@media screen and (min-width: 768px){.stk-e41ad91 {flex:var(--stk-flex-grow, 1) 1 calc(80% - var(--stk-column-gap, 0px) * 1 \/ 2 ) !important;}}<\/style><div class=\"stk-column-wrapper stk-block-column__content stk-container stk-e41ad91-container stk--no-background stk--no-padding\"><div class=\"stk-block-content stk-inner-blocks stk-e41ad91-inner-blocks\">\n<div class=\"wp-block-stackable-text stk-block-text stk-block stk-8fddb6a\" data-block-id=\"8fddb6a\"><style>.stk-8fddb6a {margin-bottom:11px !important;}<\/style><p class=\"stk-block-text__text\">La Universidad de La Laguna, en coordinaci\u00f3n con el Cabildo de La Palma, ha programado una serie de acciones formativas con las que pretende acercar el conocimiento a toda la poblaci\u00f3n de la isla de La Palma y reforzar los v\u00ednculos que nos unen con el \u00e1mbito regional de nuestro territorio.<\/p><\/div>\n\n\n\n<div class=\"wp-block-stackable-text stk-block-text stk-block stk-aba1293\" data-block-id=\"aba1293\"><style>.stk-aba1293 {margin-bottom:0px !important;}<\/style><p class=\"stk-block-text__text\">Comienza as\u00ed una nueva programaci\u00f3n de la Universidad de Oto\u00f1o de La Palma, financiada por el Cabildo Insular, que ofrecer\u00e1 un total de diez cursos, todos reconocibles por un cr\u00e9dito ECTS.<\/p><\/div>\n\n\n\n<p>Paralelamente se celebrar\u00e1n talleres, actividades culturales y de ocio de car\u00e1cter gratuito.<\/p>\n\n\n\n<div class=\"wp-block-stackable-text stk-block-text stk-block stk-d790c0c\" data-block-id=\"d790c0c\"><style>.stk-d790c0c {margin-bottom:12px !important;}<\/style><p class=\"stk-block-text__text\">Los cursos est\u00e1n dirigidos a toda la poblaci\u00f3n, sin necesidad de requisitos previos de ning\u00fan tipo.<\/p><\/div>\n\n\n\n<div class=\"wp-block-stackable-text stk-block-text stk-block stk-d0f2fda\" data-block-id=\"d0f2fda\"><style>.stk-d0f2fda {margin-bottom:0px !important;}.stk-d0f2fda .stk-block-text__text{font-size:17px !important;color:#230059fa !important;}@media screen and (max-width: 1023px){.stk-d0f2fda .stk-block-text__text{font-size:17px !important;}}<\/style><p class=\"stk-block-text__text has-text-color\"><strong><span style=\"color: #000000\" class=\"stk-highlight\">Para m\u00e1s informaci\u00f3n y matr\u00edcula pincha sobre la imagen del curso.<\/span><\/strong><\/p><\/div>\n\n\n\n<div class=\"wp-block-stackable-text stk-block-text stk-block stk-1228e89\" data-block-id=\"1228e89\"><style>.stk-1228e89 .stk-block-text__text{font-size:17px !important;color:#230059fa !important;}@media screen and (max-width: 1023px){.stk-1228e89 .stk-block-text__text{font-size:17px !important;}}<\/style><p class=\"stk-block-text__text has-text-color\"><strong><span style=\"color: #000000\" class=\"stk-highlight\">\u00a1MATR\u00cdCULA ABIERTA!<\/span><\/strong><\/p><\/div>\n<\/div><\/div><\/div>\n<\/div><\/div>\n\n\n\n<div class=\"wp-block-stackable-columns stk-block-columns stk--hide-desktop stk--hide-tablet stk--hide-mobile stk-block stk-ddea8f5\" data-block-id=\"ddea8f5\"><div class=\"stk-row stk-inner-blocks stk-block-content stk-content-align stk-ddea8f5-column\">\n<div class=\"wp-block-stackable-column stk-block-column stk-column stk-block stk-f067c2b\" data-v=\"4\" data-block-id=\"f067c2b\"><div class=\"stk-column-wrapper stk-block-column__content stk-container stk-f067c2b-container stk--no-background stk--no-padding\"><div class=\"stk-block-content stk-inner-blocks stk-f067c2b-inner-blocks\"><style>\n    \/* CSS *\/\n    .vc_row-has-fill+.vc_row-full-width+.vc_row.vc-eventos>.vc_column_container>.vc_column-inner {\n        padding: 0 !important;\n    }\n    .events-block .col-md-4 {\n        padding-top: 15px;\n\t\tpadding-bottom: 15px;\n    }\n    .events-block .event-card {\n\t\tbox-shadow: 0 1px 0 0 rgba(0,0,0,.1);\n\t\tdisplay: block;\n\t}\n\t.events-block .caption {\n\t\tbackground-color:#F8F8FA;\n\t\tpadding: 10px 15px;\n\t\tmargin:0;\n\t}\n\t.event-card:hover {\n\t\tbox-shadow:0 1px 2px 0 rgba(0,0,0,.15)\n\t}\n    .events-block .caption .date {\n        font-size: 13px;\n        color: #45494E;\n\t\ttext-transform: uppercase;\n\t\tmargin:0;\n    }\n\t.events-block .caption h4 {\n\t\tdisplay: block;\n\t\tdisplay: -webkit-box;\n\t\tmax-height: 38px;\n\t\tmargin: 0 auto;\n\t\t-webkit-line-clamp: 2;\n\t\t-webkit-box-orient: vertical;\n\t\toverflow: hidden;\n\t\ttext-overflow: ellipsis;\n\t\tcolor: #282C35;\n\t\tfont-size: 15px !important;\n\t\tline-height: 19px !important;\n\t\tfont-weight: 600 !important;\n\t\tletter-spacing: 0;\n\t\tpadding: 0;\n\t\theight: 38px;\n\t\tmargin-bottom:5px;\n\t}\n\t.title-venue {\n\t\ttext-overflow: ellipsis;\n\t\toverflow: hidden;\n\t\twhite-space: nowrap;\n\t\tcolor:#666A73;\n        font-size: 12px;\n        line-height: 15px;\n\t\theight: 15px;\n        font-weight: normal !important;\n\t\tmargin:0;\n\t}\n    .events-block a:hover {\n        text-decoration: none !important;\n        border: 0;\n    }\n    .events-block .thumbnail {\n        border: 0;\n        padding: 0;\n        border-radius: 0;\n        margin-bottom: 0;\n\t\ttext-align: center;\n\t\twidth: 100%;\n\t\theight: 100%;\n\t\tborder: 1px solid #EFF2F5;\n    }\n\t.thumbnail .precio {\n\t\tbackground-color: rgba(122,59,122,.92);\n\t\ttext-transform: uppercase;\n    \tfont-size: 13px;\n    \tline-height: 19px;\n    \tcolor: #ffffff;\n    \tbox-sizing: border-box;\n    \tpadding: 2px 10px;\n    \tposition: absolute;\n    \tdisplay: inline-block;\n    \ttop: 25px;\n    \tright: 25px;\n\t}\n\t.event-card-footer {\n\t\tposition: relative;\n\t\theight: 40px;\n\t\tline-height: 40px;\n\t\tborder-top: 1px solid #ebebeb;\n\t\tpadding-left: 15px;\n\t\tpadding-right: 15px;\n\t\tbackground-color:#F8F8FA;\n\t}\n\t.event-card-tags a {\n\t\tcolor: #45494E;\n\t\tfont-size: 13px;\n\t\tmargin-right: 10px;\n    \ttext-transform: capitalize;\n\t}\n\t.event-card-tags a:hover {\n\t\tcolor: #5c068c;\n\t}\n    .more-events {\n        text-align: center;\n\t\tmargin-top:30px;\n    }\n    .more-events a {\n        background: #5c068c;\n        padding: 8px 20px;\n        color: #fff;\n    }\n    .more-events a:hover {\n        text-decoration: none;\n    }\n    .more-events a i {\n        margin-left: 6px;\n    }\n\n    @media (max-width: 768px) {\n  \t\t.col-xs-12 {\n    \t\twidth: 100% !important;\n    \t\tmax-width: 100% !important;\n  \t\t}\n\n  \t\t.col-xs-12 img {\n    \t\tmax-width: 100%;\n    \t\theight: auto;\n  \t\t}\n\t}\n\n<\/style>\n\n<div class=\"events-block\">\n    <div class=\"container-fluid\">\n        <p>No hay eventos disponibles en este momento.<\/p>    <\/div>\n<\/div>\n\n<div class=\"more-events\">\n    <a href=\"https:\/\/www.ull.es\/portal\/agenda\/eventos\/categoria\/universidad-de-verano-de-la-palma\">VER M\u00c1S <i class=\"fa fa-chevron-right\"><\/i><\/a>\n<\/div>\n\n<\/div><\/div><\/div>\n<\/div><\/div>\n","protected":false},"excerpt":{"rendered":"<p>Inicio > Cursos de Extensi\u00f3n Universitaria > Universidad de Oto\u00f1o-Invierno de la Palma \u00bfTienes alguna duda? 922 319 616 922 319 626 extuni@ull.es Universidad de Oto\u00f1o de La Palma Financia: Actividades de cultura y ocio Descargar cartel La Universidad de La Laguna, en coordinaci\u00f3n con el Cabildo de La Palma, ha programado una serie de&#8230;<\/p>\n","protected":false},"author":3,"featured_media":0,"parent":0,"menu_order":0,"comment_status":"closed","ping_status":"closed","template":"templates\/template-frontpage.php","meta":{"footnotes":""},"class_list":["post-76","page","type-page","status-publish","hentry"],"_links":{"self":[{"href":"https:\/\/www.ull.es\/cultura\/cursos-extension-universitaria\/wp-json\/wp\/v2\/pages\/76","targetHints":{"allow":["GET"]}}],"collection":[{"href":"https:\/\/www.ull.es\/cultura\/cursos-extension-universitaria\/wp-json\/wp\/v2\/pages"}],"about":[{"href":"https:\/\/www.ull.es\/cultura\/cursos-extension-universitaria\/wp-json\/wp\/v2\/types\/page"}],"author":[{"embeddable":true,"href":"https:\/\/www.ull.es\/cultura\/cursos-extension-universitaria\/wp-json\/wp\/v2\/users\/3"}],"replies":[{"embeddable":true,"href":"https:\/\/www.ull.es\/cultura\/cursos-extension-universitaria\/wp-json\/wp\/v2\/comments?post=76"}],"version-history":[{"count":63,"href":"https:\/\/www.ull.es\/cultura\/cursos-extension-universitaria\/wp-json\/wp\/v2\/pages\/76\/revisions"}],"predecessor-version":[{"id":1050,"href":"https:\/\/www.ull.es\/cultura\/cursos-extension-universitaria\/wp-json\/wp\/v2\/pages\/76\/revisions\/1050"}],"wp:attachment":[{"href":"https:\/\/www.ull.es\/cultura\/cursos-extension-universitaria\/wp-json\/wp\/v2\/media?parent=76"}],"curies":[{"name":"wp","href":"https:\/\/api.w.org\/{rel}","templated":true}]}}