{"id":100,"date":"2023-01-31T11:50:35","date_gmt":"2023-01-31T11:50:35","guid":{"rendered":"https:\/\/www.ull.es\/cultura\/pasaporte-cultural\/?page_id=100"},"modified":"2024-06-04T11:35:46","modified_gmt":"2024-06-04T11:35:46","slug":"inicio-2","status":"publish","type":"page","link":"https:\/\/www.ull.es\/cultura\/pasaporte-cultural\/fr\/","title":{"rendered":"Commencer"},"content":{"rendered":"<style>\/*! elementor - v3.10.2 - 29-01-2023 *\/\n.elementor-column .elementor-spacer-inner{height:var(--spacer-size)}.e-con{--container-widget-width:100%}.e-con-inner>.elementor-widget-spacer,.e-con>.elementor-widget-spacer{width:var(--container-widget-width,var(--spacer-size));--align-self:var(--container-widget-align-self,initial);--flex-shrink:0}.e-con-inner>.elementor-widget-spacer>.elementor-widget-container,.e-con-inner>.elementor-widget-spacer>.elementor-widget-container>.elementor-spacer,.e-con>.elementor-widget-spacer>.elementor-widget-container,.e-con>.elementor-widget-spacer>.elementor-widget-container>.elementor-spacer{height:100%}.e-con-inner>.elementor-widget-spacer>.elementor-widget-container>.elementor-spacer>.elementor-spacer-inner,.e-con>.elementor-widget-spacer>.elementor-widget-container>.elementor-spacer>.elementor-spacer-inner{height:var(--container-widget-height,var(--spacer-size))}<\/style>\n<p>\t\tEl <b>pasaporte cultural<\/b> proporciona el reconocimiento acad\u00e9mico por la asistencia a actividades culturales<br \/> de corta duraci\u00f3n organizadas por la Universidad de La Laguna.\t\t<\/p>\n<style>\/*! elementor - v3.10.2 - 29-01-2023 *\/\n.elementor-heading-title{padding:0;margin:0;line-height:1}.elementor-widget-heading .elementor-heading-title[class*=elementor-size-]>a{color:inherit;font-size:inherit;line-height:inherit}.elementor-widget-heading .elementor-heading-title.elementor-size-small{font-size:15px}.elementor-widget-heading .elementor-heading-title.elementor-size-medium{font-size:19px}.elementor-widget-heading .elementor-heading-title.elementor-size-large{font-size:29px}.elementor-widget-heading .elementor-heading-title.elementor-size-xl{font-size:39px}.elementor-widget-heading .elementor-heading-title.elementor-size-xxl{font-size:59px}<\/style>\n<h2>\u00bfQu\u00e9 es?<\/h2>\n<style>\/*! elementor - v3.10.2 - 29-01-2023 *\/\n.elementor-widget-divider{--divider-border-style:none;--divider-border-width:1px;--divider-color:#2c2c2c;--divider-icon-size:20px;--divider-element-spacing:10px;--divider-pattern-height:24px;--divider-pattern-size:20px;--divider-pattern-url:none;--divider-pattern-repeat:repeat-x}.elementor-widget-divider .elementor-divider{display:flex}.elementor-widget-divider .elementor-divider__text{font-size:15px;line-height:1;max-width:95%}.elementor-widget-divider .elementor-divider__element{margin:0 var(--divider-element-spacing);flex-shrink:0}.elementor-widget-divider .elementor-icon{font-size:var(--divider-icon-size)}.elementor-widget-divider .elementor-divider-separator{display:flex;margin:0;direction:ltr}.elementor-widget-divider--view-line_icon .elementor-divider-separator,.elementor-widget-divider--view-line_text .elementor-divider-separator{align-items:center}.elementor-widget-divider--view-line_icon .elementor-divider-separator:after,.elementor-widget-divider--view-line_icon .elementor-divider-separator:before,.elementor-widget-divider--view-line_text .elementor-divider-separator:after,.elementor-widget-divider--view-line_text .elementor-divider-separator:before{display:block;content:\"\";border-bottom:0;flex-grow:1;border-top:var(--divider-border-width) var(--divider-border-style) var(--divider-color)}.elementor-widget-divider--element-align-left .elementor-divider .elementor-divider-separator>.elementor-divider__svg:first-of-type{flex-grow:0;flex-shrink:100}.elementor-widget-divider--element-align-left .elementor-divider-separator:before{content:none}.elementor-widget-divider--element-align-left .elementor-divider__element{margin-left:0}.elementor-widget-divider--element-align-right .elementor-divider .elementor-divider-separator>.elementor-divider__svg:last-of-type{flex-grow:0;flex-shrink:100}.elementor-widget-divider--element-align-right .elementor-divider-separator:after{content:none}.elementor-widget-divider--element-align-right .elementor-divider__element{margin-right:0}.elementor-widget-divider:not(.elementor-widget-divider--view-line_text):not(.elementor-widget-divider--view-line_icon) .elementor-divider-separator{border-top:var(--divider-border-width) var(--divider-border-style) var(--divider-color)}.elementor-widget-divider--separator-type-pattern{--divider-border-style:none}.elementor-widget-divider--separator-type-pattern.elementor-widget-divider--view-line .elementor-divider-separator,.elementor-widget-divider--separator-type-pattern:not(.elementor-widget-divider--view-line) .elementor-divider-separator:after,.elementor-widget-divider--separator-type-pattern:not(.elementor-widget-divider--view-line) .elementor-divider-separator:before,.elementor-widget-divider--separator-type-pattern:not([class*=elementor-widget-divider--view]) .elementor-divider-separator{width:100%;min-height:var(--divider-pattern-height);-webkit-mask-size:var(--divider-pattern-size) 100%;mask-size:var(--divider-pattern-size) 100%;-webkit-mask-repeat:var(--divider-pattern-repeat);mask-repeat:var(--divider-pattern-repeat);background-color:var(--divider-color);-webkit-mask-image:var(--divider-pattern-url);mask-image:var(--divider-pattern-url)}.elementor-widget-divider--no-spacing{--divider-pattern-size:auto}.elementor-widget-divider--bg-round{--divider-pattern-repeat:round}.rtl .elementor-widget-divider .elementor-divider__text{direction:rtl}.e-con-inner>.elementor-widget-divider,.e-con>.elementor-widget-divider{width:var(--container-widget-width);--flex-grow:var(--container-widget-flex-grow)}<\/style>\n<p>\t\tEl pasaporte cultural es el sistema para reconocer cr\u00e9ditos a trav\u00e9s de la asistencia a actividades catalogadas con el sello \u00abpasaporte cultural\u00bb \t\t<\/p>\n<style>\/*! elementor - v3.10.2 - 29-01-2023 *\/\n.elementor-widget-image{text-align:center}.elementor-widget-image a{display:inline-block}.elementor-widget-image a img[src$=\".svg\"]{width:48px}.elementor-widget-image img{vertical-align:middle;display:inline-block}<\/style>\n<p>\t\t\t\t\t\t\t\t\t\t\t\t<img decoding=\"async\" width=\"300\" height=\"300\" src=\"https:\/\/www.ull.es\/cultura\/pasaporte-cultural\/wp-content\/uploads\/sites\/8\/2023\/01\/Sello-pasaporte-cultural-violeta-300x300.png\" alt=\"\" loading=\"lazy\" srcset=\"https:\/\/www.ull.es\/cultura\/pasaporte-cultural\/wp-content\/uploads\/sites\/8\/2023\/01\/Sello-pasaporte-cultural-violeta-300x300.png 300w, https:\/\/www.ull.es\/cultura\/pasaporte-cultural\/wp-content\/uploads\/sites\/8\/2023\/01\/Sello-pasaporte-cultural-violeta-150x150.png 150w, https:\/\/www.ull.es\/cultura\/pasaporte-cultural\/wp-content\/uploads\/sites\/8\/2023\/01\/Sello-pasaporte-cultural-violeta-768x768.png 768w, https:\/\/www.ull.es\/cultura\/pasaporte-cultural\/wp-content\/uploads\/sites\/8\/2023\/01\/Sello-pasaporte-cultural-violeta-375x375.png 375w, https:\/\/www.ull.es\/cultura\/pasaporte-cultural\/wp-content\/uploads\/sites\/8\/2023\/01\/Sello-pasaporte-cultural-violeta-750x750.png 750w, https:\/\/www.ull.es\/cultura\/pasaporte-cultural\/wp-content\/uploads\/sites\/8\/2023\/01\/Sello-pasaporte-cultural-violeta-50x50.png 50w, https:\/\/www.ull.es\/cultura\/pasaporte-cultural\/wp-content\/uploads\/sites\/8\/2023\/01\/Sello-pasaporte-cultural-violeta.png 1000w\" sizes=\"auto, (max-width: 300px) 100vw, 300px\" \/>\t\t\t\t\t\t\t\t\t\t\t\t\t\t\t<\/p>\n<h2>\u00bfCu\u00e1ntos cr\u00e9ditos se pueden reconocer? <\/h2>\n<p>\t\tDurante tu etapa universitaria, puedes obtener hasta un m\u00e1ximo de 3 ECTS del pasaporte cultural.\n\t\t\t<link rel=\"stylesheet\" href=\"https:\/\/www.ull.es\/cultura\/pasaporte-cultural\/wp-content\/plugins\/elementor\/assets\/css\/widget-icon-box.min.css\">\n<h3>\n\t\t\t\t\t\t7 Act.<br \/>\n\t\t\t\t<\/h3>\n<p>\n\t\t\t\t\t\t0.5 ETCS\t\t\t\t\t<\/p>\n<h3>\n\t\t\t\t\t\t12 Act.<br \/>\n\t\t\t\t<\/h3>\n<p>\n\t\t\t\t\t\t1 ETCS\t\t\t\t\t<\/p>\n<h3>\n\t\t\t\t\t\t19 Act.<br \/>\n\t\t\t\t<\/h3>\n<p>\n\t\t\t\t\t\t1.5 ETCS\t\t\t\t\t<\/p>\n<h2>\u00bfC\u00f3mo registro mi asistencia? <\/h2>\n<p>\t\tAl acudir a la actividad, el docente les facilitar\u00e1 el c\u00f3digo QR a escanear y validar con esta aplicaci\u00f3n.<\/p>\n<p><b>Reconocimiento de Competencias culturales<\/b><\/p>\n<p>Si obtienes 3 ECTS del Pasaporte cultural, se reconocer\u00e1 la adquisici\u00f3n de <b>Competencia en Conciencia y Expresiones Cultural<\/b><strong>es<\/strong> que aparecer\u00e1 en tu expediente acad\u00e9mico del Suplemento Europeo al T\u00edtulo (STE). <\/p>\n<h3><b>Instrucciones <\/b><\/h3>\n<ol>\n<li>Descarga la APP Universidad de La Laguna (Universia)<\/li>\n<li>Personaliza tu Home<\/li>\n<li>Accede a Pasaporte Cultural usando tus credenciales (usuario y contrase\u00f1a ULL)<\/li>\n<li>Registra tu asistencia en las actividades culturales<\/li>\n<li>Consulta tu estatus<\/li>\n<\/ol>\n<h2>La universidad en tu bolsillo<\/h2>\n<p>\t\tCon la app \u00abLa universidad en tu bolsillo\u00bb dispones de la tarjeta universitaria virtual con la que podr\u00e1s acceder a parking de tu centro y a todos los servicios que te interesan: sede electr\u00f3nica, biblioteca digital, actividades deportivas, pasaporte cultural, campus virtual, correo electr\u00f3nico, portal usuario, expediente acad\u00e9mico\u2026<\/p>\n<p>Visita desde esta app las redes sociales de la universidad y toda la informaci\u00f3n acad\u00e9mica.<\/p>\n<p>\u00a1Toda la ULL en tu bolsillo!\t\t<\/p>\n<h2>Descarga la app en Google Play o App Store<\/h2>\n<p>\t\t\t\t\t\t\t\t\t\t\t\t\t\t\t<img decoding=\"async\" width=\"1024\" height=\"615\" src=\"https:\/\/www.ull.es\/cultura\/pasaporte-cultural\/wp-content\/uploads\/sites\/8\/2023\/01\/app-ull-appstore-1024x615.png\" alt=\"\" loading=\"lazy\" srcset=\"https:\/\/www.ull.es\/cultura\/pasaporte-cultural\/wp-content\/uploads\/sites\/8\/2023\/01\/app-ull-appstore-1024x615.png 1024w, https:\/\/www.ull.es\/cultura\/pasaporte-cultural\/wp-content\/uploads\/sites\/8\/2023\/01\/app-ull-appstore-300x180.png 300w, https:\/\/www.ull.es\/cultura\/pasaporte-cultural\/wp-content\/uploads\/sites\/8\/2023\/01\/app-ull-appstore-768x461.png 768w, https:\/\/www.ull.es\/cultura\/pasaporte-cultural\/wp-content\/uploads\/sites\/8\/2023\/01\/app-ull-appstore-375x225.png 375w, https:\/\/www.ull.es\/cultura\/pasaporte-cultural\/wp-content\/uploads\/sites\/8\/2023\/01\/app-ull-appstore-750x450.png 750w, https:\/\/www.ull.es\/cultura\/pasaporte-cultural\/wp-content\/uploads\/sites\/8\/2023\/01\/app-ull-appstore.png 1121w\" sizes=\"auto, (max-width: 1024px) 100vw, 1024px\" \/><\/p>\n","protected":false},"excerpt":{"rendered":"<p>Le passeport culturel offre une reconnaissance acad\u00e9mique pour la participation \u00e0 des activit\u00e9s culturelles de courte dur\u00e9e organis\u00e9es par l&#039;Universit\u00e9\u2026<\/p>","protected":false},"author":13,"featured_media":0,"parent":0,"menu_order":0,"comment_status":"closed","ping_status":"closed","template":"templates\/template-frontpage.php","meta":{"footnotes":""},"class_list":["post-100","page","type-page","status-publish","hentry"],"_links":{"self":[{"href":"https:\/\/www.ull.es\/cultura\/pasaporte-cultural\/fr\/wp-json\/wp\/v2\/pages\/100","targetHints":{"allow":["GET"]}}],"collection":[{"href":"https:\/\/www.ull.es\/cultura\/pasaporte-cultural\/fr\/wp-json\/wp\/v2\/pages"}],"about":[{"href":"https:\/\/www.ull.es\/cultura\/pasaporte-cultural\/fr\/wp-json\/wp\/v2\/types\/page"}],"author":[{"embeddable":true,"href":"https:\/\/www.ull.es\/cultura\/pasaporte-cultural\/fr\/wp-json\/wp\/v2\/users\/13"}],"replies":[{"embeddable":true,"href":"https:\/\/www.ull.es\/cultura\/pasaporte-cultural\/fr\/wp-json\/wp\/v2\/comments?post=100"}],"version-history":[{"count":71,"href":"https:\/\/www.ull.es\/cultura\/pasaporte-cultural\/fr\/wp-json\/wp\/v2\/pages\/100\/revisions"}],"predecessor-version":[{"id":189,"href":"https:\/\/www.ull.es\/cultura\/pasaporte-cultural\/fr\/wp-json\/wp\/v2\/pages\/100\/revisions\/189"}],"wp:attachment":[{"href":"https:\/\/www.ull.es\/cultura\/pasaporte-cultural\/fr\/wp-json\/wp\/v2\/media?parent=100"}],"curies":[{"name":"wp","href":"https:\/\/api.w.org\/{rel}","templated":true}]}}