{"id":2,"date":"2021-05-20T07:38:33","date_gmt":"2021-05-20T07:38:33","guid":{"rendered":"https:\/\/www.ull.es\/cultura\/premios-culturales\/?page_id=2"},"modified":"2025-01-09T07:53:30","modified_gmt":"2025-01-09T07:53:30","slug":"pagina-ejemplo","status":"publish","type":"page","link":"https:\/\/www.ull.es\/cultura\/premios-culturales\/","title":{"rendered":"Inicio"},"content":{"rendered":"<style id=\"depicter-1-inline-pre-css\">\n\n.depicter-1:not(.depicter-ready){\n\theight:400px;\n}\n\n\/***** Tablet *****\/\n@media screen and (max-width: 1024px){\n\n.depicter-1:not(.depicter-ready){\n\theight:700px;\n}\n\n}\n\/***** Mobile *****\/\n@media screen and (max-width: 767px){\n\n.depicter-1:not(.depicter-ready){\n\theight:360px;\n}\n\n}\n<\/style>\n<div id=\"depicter-1\" class=\"depicter depicter-document depicter-revert depicter-1 depicter-layout-fullwidth\">\n\n<div class=\"depicter-loading-container depicter-loading dotFlashing-dark\"><div class=\"depicter-loading-dark depicter-dot-flashing\">\n   <span><\/span>\n   <span><\/span>\n   <span><\/span>\n<\/div>\n<\/div>\n<div id=\"depicter-1-section-1\" class=\"depicter-section depicter-1-section-1\" data-name=\"Section 1\" data-type=\"section\" data-local-id=\"section-1\">\n<picture class=\"depicter-bg\">\n<source data-depicter-srcset=\"https:\/\/www.ull.es\/cultura\/premios-culturales\/wp-content\/uploads\/sites\/5\/2021\/06\/premios-768x510.jpg, https:\/\/www.ull.es\/cultura\/premios-culturales\/wp-content\/uploads\/sites\/5\/2021\/06\/premios.jpg 2x\" srcset=\"data:image\/gif;base64,R0lGODlhAQABAIAAAAAAAP\/\/\/yH5BAEAAAAALAAAAAABAAEAAAIBRAA7\" media=\"(max-width: 1024px)\" \/>\n\n<source data-depicter-srcset=\"https:\/\/www.ull.es\/cultura\/premios-culturales\/wp-content\/uploads\/sites\/5\/2021\/06\/premios.jpg, https:\/\/www.ull.es\/cultura\/premios-culturales\/wp-content\/uploads\/sites\/5\/2021\/06\/premios-2000x1328.jpg 2x\" srcset=\"data:image\/gif;base64,R0lGODlhAQABAIAAAAAAAP\/\/\/yH5BAEAAAAALAAAAAABAAEAAAIBRAA7\" media=\"(min-width: 1025px)\" \/>\n<img decoding=\"async\" src=\"data:image\/gif;base64,R0lGODlhAQABAIAAAAAAAP\/\/\/yH5BAEAAAAALAAAAAABAAEAAAIBRAA7\" alt=\"\" data-depicter-src=\"https:\/\/www.ull.es\/cultura\/premios-culturales\/wp-content\/uploads\/sites\/5\/2021\/06\/premios.jpg\" \/>\n<\/picture>\n\n\n<h3 id=\"depicter-1-element-3\" class=\"depicter-element depicter-layer depicter-1-element-3\" data-type=\"text\" data-wrap=\"true\" data-name=\"Text 1\" data-local-id=\"element-3\" data-offset=\"x:213px;y:108px;origin:tl\" data-mobile-offset=\"x:35px;y:53px;origin:tl\" data-width=\"auto,,auto\" data-height=\"auto,,auto\" data-responsive-scale=\"true,,\">Universidad de  La Laguna<\/h3>\n\n<div id=\"depicter-1-element-4\" class=\"depicter-element depicter-layer depicter-1-element-4\" data-type=\"shape\" data-wrap=\"true\" data-name=\"Shape 1\" data-local-id=\"element-4\" data-offset=\"x:216px;y:147px;origin:tl\" data-mobile-offset=\"x:40px;y:89px;origin:tl\" data-width=\"130px,,255px\" data-height=\"2px,,2px\" data-responsive-scale=\"true,,\" data-frame-class=\"depicter-1-element-4-frame\"><\/div>\n\n<h1 id=\"depicter-1-element-5\" class=\"depicter-element depicter-layer depicter-1-element-5\" data-type=\"text\" data-wrap=\"true\" data-name=\"Text 2\" data-local-id=\"element-5\" data-offset=\"x:216px;y:149px;origin:tl\" data-mobile-offset=\"x:35px;y:126px;origin:tl\" data-width=\"auto,,auto\" data-height=\"auto,,auto\" data-responsive-scale=\"true,,\">Premios<br>Culturales<\/h1>\n<\/div>\n<\/div>\n<script>\n(window.depicterSetups = window.depicterSetups || []).push(function(){\n\tDepicter.basePath = 'https:\/\/www.ull.es\/cultura\/premios-culturales\/wp-content\/plugins\/depicter\/resources\/scripts\/player\/';\n\tconst dpPlayer = Depicter.setup('.depicter-1',\n\t\t{\"width\":[\"1200\",\"1024\",\"360\"],\"height\":[\"400\",\"700\",\"360\"],\"view\":\"basic\",\"keepAspectRatio\":true,\"preload\":0,\"layout\":\"fullwidth\",\"rtl\":false,\"initAfterAppear\":false,\"ajaxApiUrl\":\"https:\\\/\\\/www.ull.es\\\/cultura\\\/premios-culturales\\\/wp-admin\\\/admin-ajax.php\",\"mouseSwipe\":true,\"touchSwipe\":true,\"useWatermark\":false}\n\t);\n});\n<\/script>\n\n\n<div style=\"height:30px\" aria-hidden=\"true\" class=\"wp-block-spacer\"><\/div>\n\n\n\n<div class=\"wp-block-stackable-columns aligncenter stk-block-columns stk-block stk-482a57c\" data-block-id=\"482a57c\"><style>.stk-482a57c {box-shadow:0px 0px 12px 0px #636363 !important;padding-top:1% !important;padding-bottom:3% !important;}<\/style><div class=\"stk-row stk-inner-blocks stk-block-content stk-content-align stk-482a57c-column\">\n<div class=\"wp-block-stackable-column stk-block-column stk-column stk-block stk-0b90084\" data-v=\"4\" data-block-id=\"0b90084\"><div class=\"stk-column-wrapper stk-block-column__content stk-container stk-0b90084-container stk--no-background stk--no-padding\"><div class=\"has-text-align-center stk-block-content stk-inner-blocks stk-0b90084-inner-blocks\">\n<div class=\"wp-block-stackable-heading alignwide stk-block-heading stk-block-heading--v2 stk-block stk-9e82c7e stk-block-background stk--has-background-overlay\" id=\"convocatorias\" data-block-id=\"9e82c7e\"><style>.stk-9e82c7e {background-color:linear-gradient(135deg,rgb(7,212,227) 0%,rgb(81,122,224) 99%) !important;}.stk-9e82c7e:before{background-image:linear-gradient(135deg,rgb(7,212,227) 0%,rgb(81,122,224) 99%) !important;}.stk-9e82c7e .stk-block-heading__text{color:#ffffff !important;font-weight:400 !important;}<\/style><h2 class=\"stk-block-heading__text has-text-color has-text-align-center\">Convocatorias<\/h2><\/div>\n<\/div><\/div><\/div>\n<\/div><\/div>\n\n\n\n<hr class=\"wp-block-separator has-alpha-channel-opacity\"\/>\n\n\n\n<div class=\"wp-block-columns is-layout-flex wp-container-core-columns-is-layout-1 wp-block-columns-is-layout-flex\">\n<div class=\"wp-block-column is-layout-flow wp-block-column-is-layout-flow\" style=\"flex-basis:65%\"><style>\n\t.news-block .row {\n\t\tmargin-bottom:30px;\n\t\tmargin-right:-30px;\n\t\tmargin-left:-30px;\n\t}\n\t.news-block .news-card {\n\t\tdisplay:block;\n\t\tbox-shadow: 0 1px 0 0 rgba(0,0,0,.1);\n\t}\n\t.news-block .news-card:hover {\n\t\tbox-shadow:0 1px 2px 0 rgba(0,0,0,.15);\n\t}\n\t.news-block .caption {\n\t\tbackground-color:#F8F8FA;\n\t\tpadding: 10px 15px;\t\n\t\tmargin:0;\n\t}\n    .news-block .caption h4 {\n\t\tdisplay: block;\n\t\tdisplay: -webkit-box;\n\t\tmax-height: 94px;\n\t\tmargin: 0 auto;\n\t\t-webkit-line-clamp: 5;\n\t\t-webkit-box-orient: vertical;\n\t\toverflow: hidden;\n\t\ttext-overflow: ellipsis;\n\t\tcolor: #282C35;\n\t\tfont-size: 15px !important;\n\t\tline-height: 19px !important;\n\t\tfont-weight: 600 !important;\n\t\tletter-spacing: 0;\n\t\tpadding: 0;\n\t\theight: 94px;\t\n\t\tmargin-bottom:5px;\n    }\n\t.news-block .caption .date {\n        font-size: 13px;\n        color: #45494E;\n\t\ttext-transform: uppercase;\n\t\tmargin:0;\n    }\n    .news-block a:hover {\n        text-decoration: none !important;\n        border: 0;\n    }\n    .news-block .thumbnail {\n        border: 0;\n        padding: 0;\n        border-radius: 0;\n        margin-bottom: 0;\n\t\ttext-align: center;\n\t\twidth: 100%;\n\t\theight: 100%;\n\t\tborder: 1px solid #EFF2F5;\n    }\n\t.news-block a {\n        color:#333333;\n    }\n\t.news-block a:hover h4 {\n        opacity: .85;\n\t\tfilter: alpha(opacity=85); \/* For IE8 and earlier *\/\n    }\n\t@media (max-width: 991px) {\n\t\t.news-block .news-card {margin-bottom: 20px;}\n\t\t.news-block .row {margin-bottom:0px;}\n\t}\n<\/style>\n\n<div class=\"news-block\">\n    <div class=\"container-fluid\">\n                        <div class=\"row\">\n                        <a href=\"https:\/\/www.ull.es\/portal\/convocatorias\/convocatoria\/v-concurso-universitario-de-fotografia-por-instagram-de-la-universidad-de-la-laguna-2025\/\">\n                <div class=\"col-md-4 col-xs-12\">\n                    <div class=\"news-card\">\n                        <div class=\"thumbnail\">\n                            <img decoding=\"async\" src=\"https:\/\/www.ull.es\/portal\/convocatorias\/wp-content\/uploads\/sites\/22\/2025\/09\/instagram_700X350-300x150.jpg                                \" \/>\n                        <\/div>\n                        <div class=\"caption\">\n                            <p class=\"date\">\n                                25 Nov 2025 - 10:08 UTC                            <\/p>\n                            <h4>V Concurso Universitario de Fotograf\u00eda por Instagram de la Universidad de La Laguna 2025<\/h4>\n                        <\/div>\n                    <\/div>\n                <\/div>\n            <\/a>\n                        <a href=\"https:\/\/www.ull.es\/portal\/convocatorias\/convocatoria\/xxi-concurso-universitario-de-relato-breve-dia-del-libro-de-la-universidad-de-la-laguna\/\">\n                <div class=\"col-md-4 col-xs-12\">\n                    <div class=\"news-card\">\n                        <div class=\"thumbnail\">\n                            <img decoding=\"async\" src=\"https:\/\/www.ull.es\/portal\/convocatorias\/wp-content\/uploads\/sites\/22\/2025\/09\/relato_breve_700X350-300x150.jpg                                \" \/>\n                        <\/div>\n                        <div class=\"caption\">\n                            <p class=\"date\">\n                                26 Nov 2025 - 14:44 UTC                            <\/p>\n                            <h4>XXI Concurso Universitario de Relato Breve D\u00eda del Libro de la Universidad de la Laguna.<\/h4>\n                        <\/div>\n                    <\/div>\n                <\/div>\n            <\/a>\n                        <a href=\"https:\/\/www.ull.es\/portal\/convocatorias\/convocatoria\/xx-premio-de-musica-de-la-universidad-de-la-laguna-ullrock-2025\/\">\n                <div class=\"col-md-4 col-xs-12\">\n                    <div class=\"news-card\">\n                        <div class=\"thumbnail\">\n                            <img decoding=\"async\" src=\"https:\/\/www.ull.es\/portal\/convocatorias\/wp-content\/uploads\/sites\/22\/2025\/06\/musica_rock_700X350-300x150.jpg                                \" \/>\n                        <\/div>\n                        <div class=\"caption\">\n                            <p class=\"date\">\n                                03 Oct 2025 - 12:42 UTC                            <\/p>\n                            <h4>XX Premio de M\u00fasica de la Universidad de La Laguna ULLROCK 2025<\/h4>\n                        <\/div>\n                    <\/div>\n                <\/div>\n            <\/a>\n                            <\/div>\n                            <div class=\"row\">\n                        <a href=\"https:\/\/www.ull.es\/portal\/convocatorias\/convocatoria\/xxviii-certamen-internacional-de-guiones-cinematograficos-de-cortometrajes-de-la-universidad-de-la-laguna\/\">\n                <div class=\"col-md-4 col-xs-12\">\n                    <div class=\"news-card\">\n                        <div class=\"thumbnail\">\n                            <img decoding=\"async\" src=\"https:\/\/www.ull.es\/portal\/convocatorias\/wp-content\/uploads\/sites\/22\/2025\/06\/guines_cine_700X350-300x150.jpg                                \" \/>\n                        <\/div>\n                        <div class=\"caption\">\n                            <p class=\"date\">\n                                25 Nov 2025 - 11:52 UTC                            <\/p>\n                            <h4>XXVIII Certamen Internacional de Guiones Cinematogr\u00e1ficos de Cortometrajes de la Universidad de La Laguna<\/h4>\n                        <\/div>\n                    <\/div>\n                <\/div>\n            <\/a>\n                        <a href=\"https:\/\/www.ull.es\/portal\/convocatorias\/convocatoria\/xxv-premio-internacional-de-poesia-luis-feria-de-la-universidad-de-la-laguna-2025\/\">\n                <div class=\"col-md-4 col-xs-12\">\n                    <div class=\"news-card\">\n                        <div class=\"thumbnail\">\n                            <img decoding=\"async\" src=\"https:\/\/www.ull.es\/portal\/convocatorias\/wp-content\/uploads\/sites\/22\/2025\/06\/poesia_700X350-300x150.jpg                                \" \/>\n                        <\/div>\n                        <div class=\"caption\">\n                            <p class=\"date\">\n                                03 Dec 2025 - 13:53 UTC                            <\/p>\n                            <h4>XXV Premio Internacional de Poes\u00eda Luis Feria de la Universidad de La Laguna 2025<\/h4>\n                        <\/div>\n                    <\/div>\n                <\/div>\n            <\/a>\n                        <a href=\"https:\/\/www.ull.es\/portal\/convocatorias\/convocatoria\/xxvi-premio-internacional-julio-cortazar-de-relato-breve-de-la-universidad-de-la-laguna-2025\/\">\n                <div class=\"col-md-4 col-xs-12\">\n                    <div class=\"news-card\">\n                        <div class=\"thumbnail\">\n                            <img decoding=\"async\" src=\"https:\/\/www.ull.es\/portal\/convocatorias\/wp-content\/uploads\/sites\/22\/2025\/06\/relato_breve_700X350-300x150.jpg                                \" \/>\n                        <\/div>\n                        <div class=\"caption\">\n                            <p class=\"date\">\n                                25 Nov 2025 - 11:45 UTC                            <\/p>\n                            <h4>XXVI Premio Internacional Julio Cort\u00e1zar de Relato Breve de la Universidad de La Laguna 2025<\/h4>\n                        <\/div>\n                    <\/div>\n                <\/div>\n            <\/a>\n                            <\/div>\n                            <div class=\"row\">\n                        <a href=\"https:\/\/www.ull.es\/portal\/convocatorias\/convocatoria\/xxvi-premio-internacional-de-teatro-de-autor-domingo-perez-minik-de-la-universidad-de-la-laguna-2025\/\">\n                <div class=\"col-md-4 col-xs-12\">\n                    <div class=\"news-card\">\n                        <div class=\"thumbnail\">\n                            <img decoding=\"async\" src=\"https:\/\/www.ull.es\/portal\/convocatorias\/wp-content\/uploads\/sites\/22\/2025\/06\/teatro_700X350-300x150.jpg                                \" \/>\n                        <\/div>\n                        <div class=\"caption\">\n                            <p class=\"date\">\n                                25 Nov 2025 - 11:32 UTC                            <\/p>\n                            <h4>XXVI Premio Internacional de Teatro de autor Domingo P\u00e9rez Minik de la Universidad de La Laguna 2025<\/h4>\n                        <\/div>\n                    <\/div>\n                <\/div>\n            <\/a>\n                        <a href=\"https:\/\/www.ull.es\/portal\/convocatorias\/convocatoria\/xx-concurso-universitario-de-relato-breve-dia-del-libro-de-la-universidad-de-la-laguna-2024\/\">\n                <div class=\"col-md-4 col-xs-12\">\n                    <div class=\"news-card\">\n                        <div class=\"thumbnail\">\n                            <img decoding=\"async\" src=\"https:\/\/www.ull.es\/portal\/convocatorias\/wp-content\/uploads\/sites\/22\/2024\/10\/libro-300x150.jpg                                \" \/>\n                        <\/div>\n                        <div class=\"caption\">\n                            <p class=\"date\">\n                                27 Nov 2024 - 10:25 UTC                            <\/p>\n                            <h4>XX Concurso Universitario de Relato Breve D\u00eda del Libro de la Universidad de La Laguna 2024<\/h4>\n                        <\/div>\n                    <\/div>\n                <\/div>\n            <\/a>\n                        <a href=\"https:\/\/www.ull.es\/portal\/convocatorias\/convocatoria\/iv-concurso-universitario-de-fotografia-de-la-universidad-de-la-laguna-2024\/\">\n                <div class=\"col-md-4 col-xs-12\">\n                    <div class=\"news-card\">\n                        <div class=\"thumbnail\">\n                            <img decoding=\"async\" src=\"https:\/\/www.ull.es\/portal\/convocatorias\/wp-content\/uploads\/sites\/22\/2024\/10\/fotografia-300x150.jpg                                \" \/>\n                        <\/div>\n                        <div class=\"caption\">\n                            <p class=\"date\">\n                                27 Nov 2024 - 10:23 UTC                            <\/p>\n                            <h4>IV Concurso Universitario de Fotograf\u00eda de la Universidad de La Laguna 2024<\/h4>\n                        <\/div>\n                    <\/div>\n                <\/div>\n            <\/a>\n                            <\/div>\n                <\/div>\n<\/div>\n<\/div>\n\n\n\n<div class=\"wp-block-column is-layout-flow wp-block-column-is-layout-flow\">\n<h2 class=\"wp-block-heading has-text-align-center has-white-color has-text-color has-background has-link-color wp-elements-1d43e74f3470b4e3095137b8bbfd3449\" style=\"background:linear-gradient(135deg,rgb(7,204,227) 0%,rgb(50,69,216) 100%)\"><a href=\"https:\/\/www.ull.es\/cultura\/premios-culturales\/premios-culturales\/publicaciones\/\" target=\"_blank\" rel=\"noopener\">Publicaciones<\/a><\/h2>\n\n\n\n<hr class=\"wp-block-separator has-alpha-channel-opacity\"\/>\n\n\n<style>\n    .news-group .bg-size {\n        background-position: center;\n        background-size: cover;\n        width: 100%;\n        height: 48px;\n    }\n    .news-group .list-group-item-text {\n        font-size: 13px;\n    }\n    .news-group .col-md-3 {\n        padding-right: 0;\n    }\n    .news-group .list-group-item-date {\n        font-size: 11px;\n        color: #A4A4A4;\n        margin-bottom: 2px;\n        text-transform: uppercase;\n    }\n\n    .mensaje.alert-warning{\n        font-size: 12px;\n        margin: 14px !important;\n        padding: 4px 8px;\n        color: #cca60b;\n    }\n\n<\/style>\n\n<div class=\"panel panel-default\">\n    <div class=\"panel-heading\">\n        <h3 class=\"panel-title\">Notificaciones<\/h3>\n    <\/div>\n\n    <div class=\"list-group news-group\">\n                            <a href=\"https:\/\/www.ull.es\/portal\/noticias\/2025\/incidencias-con-el-formulario-v-concurso-fotografia-por-instagram-y-ampliacion-del-plazo-de-participacion\/\" class=\"list-group-item\">\n                    <div class=\"row\">\n                        <div class=\"col-md-12\">\n                            <p class=\"list-group-item-date\">\n                                29 Sep 2025 - 10:46 UTC                            <\/p>\n                            <p class=\"list-group-item-text\">Incidencias con el formulario V Concurso Fotograf\u00eda por instagram y ampliaci\u00f3n del plazo de participaci\u00f3n<\/p>\n                        <\/div>\n                    <\/div>\n                <\/a>\n                            <a href=\"https:\/\/www.ull.es\/portal\/noticias\/2025\/relacion-de-bandas-finalistas-en-el-xx-premio-de-musica-ullrock-2025\/\" class=\"list-group-item\">\n                    <div class=\"row\">\n                        <div class=\"col-md-12\">\n                            <p class=\"list-group-item-date\">\n                                09 Sep 2025 - 08:54 UTC                            <\/p>\n                            <p class=\"list-group-item-text\">Relaci\u00f3n de bandas finalistas en el XX Premio de M\u00fasica ULLROCK 2025<\/p>\n                        <\/div>\n                    <\/div>\n                <\/a>\n                            <a href=\"https:\/\/www.ull.es\/portal\/noticias\/2025\/resolucion-de-la-vicerrectora-de-cultura-y-extension-por-la-que-se-nombra-a-los-miembros-que-integran-los-diferentes-jurados-de-los-premios-culturales-2025\/\" class=\"list-group-item\">\n                    <div class=\"row\">\n                        <div class=\"col-md-12\">\n                            <p class=\"list-group-item-date\">\n                                02 Jul 2025 - 13:19 UTC                            <\/p>\n                            <p class=\"list-group-item-text\">Resoluci\u00f3n de la Vicerrectora de Cultura y Extensi\u00f3n por la que se nombra a los miembros que integran los diferentes jurados de los Premios Culturales 2025<\/p>\n                        <\/div>\n                    <\/div>\n                <\/a>\n                            <a href=\"https:\/\/www.ull.es\/portal\/noticias\/2024\/resolucion-del-xx-concurso-universitario-de-relato-breve-dia-del-libro-de-la-universidad-de-la-laguna-2024\/\" class=\"list-group-item\">\n                    <div class=\"row\">\n                        <div class=\"col-md-12\">\n                            <p class=\"list-group-item-date\">\n                                27 Nov 2024 - 10:25 UTC                            <\/p>\n                            <p class=\"list-group-item-text\">Resoluci\u00f3n del XX Concurso Universitario de Relato Breve d\u00eda del Libro de la Universidad de La Laguna 2024<\/p>\n                        <\/div>\n                    <\/div>\n                <\/a>\n                <\/div>\n    <div class=\"panel-footer\">\n        <a href=\"https:\/\/www.ull.es\/portal\/noticias\/?cat=3803\">M\u00c1S NOTIFICACIONES <i class=\"fa fa-chevron-right\"><\/i><\/a>\n    <\/div>\n\n\n<\/div>\n\n\n\n<style>\n    .events-group .bg-size {\n        background-position: center;\n        background-size: cover;\n        width: 100%;\n        height: 48px;\n    }\n    .events-group .list-group-item-text {\n        font-size: 13px;\n    }\n    .events-group .col-md-3 {\n        padding-right: 0;\n    }\n    .events-group .list-group-item-date {\n        font-size: 11px;\n        color: #A4A4A4;\n        margin-bottom: 2px;\n        text-transform: uppercase;\n    }\n\n    .mensaje.alert-warning{\n        font-size: 12px;\n        margin: 14px !important;\n        padding: 4px 8px;\n        color: #cca60b;\n    }\n\n<\/style>\n\n<div class=\"panel panel-default\">\n    <div class=\"panel-heading\">\n        <h3 class=\"panel-title\">Eventos<\/h3>\n    <\/div>\n\n    <div class=\"list-group events-group\">\n\n        <div class=\"mensaje alert alert-warning\">No hay eventos disponibles.<\/div>\n    <\/div>\n\n\n<\/div>\n\n<\/div>\n<\/div>\n","protected":false},"excerpt":{"rendered":"<p>Convocatorias Publicaciones<\/p>\n","protected":false},"author":2,"featured_media":0,"parent":0,"menu_order":0,"comment_status":"closed","ping_status":"open","template":"templates\/template-frontpage.php","meta":{"footnotes":""},"class_list":["post-2","page","type-page","status-publish","hentry"],"_links":{"self":[{"href":"https:\/\/www.ull.es\/cultura\/premios-culturales\/wp-json\/wp\/v2\/pages\/2","targetHints":{"allow":["GET"]}}],"collection":[{"href":"https:\/\/www.ull.es\/cultura\/premios-culturales\/wp-json\/wp\/v2\/pages"}],"about":[{"href":"https:\/\/www.ull.es\/cultura\/premios-culturales\/wp-json\/wp\/v2\/types\/page"}],"author":[{"embeddable":true,"href":"https:\/\/www.ull.es\/cultura\/premios-culturales\/wp-json\/wp\/v2\/users\/2"}],"replies":[{"embeddable":true,"href":"https:\/\/www.ull.es\/cultura\/premios-culturales\/wp-json\/wp\/v2\/comments?post=2"}],"version-history":[{"count":48,"href":"https:\/\/www.ull.es\/cultura\/premios-culturales\/wp-json\/wp\/v2\/pages\/2\/revisions"}],"predecessor-version":[{"id":1551,"href":"https:\/\/www.ull.es\/cultura\/premios-culturales\/wp-json\/wp\/v2\/pages\/2\/revisions\/1551"}],"wp:attachment":[{"href":"https:\/\/www.ull.es\/cultura\/premios-culturales\/wp-json\/wp\/v2\/media?parent=2"}],"curies":[{"name":"wp","href":"https:\/\/api.w.org\/{rel}","templated":true}]}}