{"id":104,"date":"2017-05-15T11:43:44","date_gmt":"2017-05-15T11:43:44","guid":{"rendered":"http:\/\/www.ull.es\/departamentos\/ingenieria-informatica-sistemas\/?page_id=104"},"modified":"2025-06-02T08:02:16","modified_gmt":"2025-06-02T08:02:16","slug":"produccion-cientifica-anual","status":"publish","type":"page","link":"https:\/\/www.ull.es\/departamentos\/analisis-matematico\/produccion-cientifica-anual\/","title":{"rendered":"Producci\u00f3n cient\u00edfica anual"},"content":{"rendered":"<p>[vc_row][vc_column][vc_column_text]<\/p>\n<h1>Producci\u00f3n cient\u00edfica anual<\/h1>\n<p>[\/vc_column_text][vc_column_text]Producci\u00f3n cient\u00edfica de las diferentes \u00e1reas del Departamento de An\u00e1lisis Matem\u00e1tico listado por a\u00f1os:<\/p>\n<ul>\n<li><a href=\"https:\/\/drive.google.com\/file\/d\/1VquPJoTJrKVxVtq0AhPm5HXI4X36yDhT\/view?usp=sharing\" target=\"_blank\" rel=\"noopener\" target=\"_blank\" rel=\"noopener\">Resultados de la investigaci\u00f3n del Departamento en el a\u00f1o 2024<\/a>.Ver tambi\u00e9n el siguiente enlace <a href=\"https:\/\/mathscinet.ams.org\/mathscinet\/2006\/mathscinet\/search\/publications.html?batch_title=Selected+Matches+for%3A+%28+Institution%3D%28E-LALA-MA%29+AND++Publication+Type%3D%28Journals%29%29+AND++pubyear%3D2023&amp;pg7=IC&amp;yrop=eq&amp;s8=Journals&amp;pg4=AUCN&amp;co7=AND&amp;co5=AND&amp;s6=&amp;s5=&amp;co4=AND&amp;pg5=TI&amp;co6=AND&amp;pg6=PC&amp;s4=&amp;dr=pubyear&amp;arg3=2024&amp;yearRangeFirst=&amp;pg8=ET&amp;s7=E-LALA-MA&amp;review_format=html&amp;yearRangeSecond=&amp;fmt=doc&amp;sort=newest&amp;searchin=&amp;agg_year_2024=2024\" target=\"_blank\" rel=\"noopener\" target=\"_blank\" rel=\"noopener\">MathScinet (2024)<\/a><\/li>\n<li><a href=\"https:\/\/drive.google.com\/file\/d\/1i4caPz84mC0DgOiuD0Wgcwf5E1Eitl4z\/view?usp=sharing\" target=\"_blank\" rel=\"noopener\" target=\"_blank\" rel=\"noopener\">Resultados de la investigaci\u00f3n del Departamento en el a\u00f1o 2023<\/a>.Ver tambi\u00e9n el siguiente enlace <a href=\"https:\/\/mathscinet.ams.org\/mathscinet\/2006\/mathscinet\/search\/publications.html?batch_title=Selected+Matches+for%3A+%28+Institution%3D%28E-LALA-MA%29+AND++Publication+Type%3D%28Journals%29%29+AND++pubyear%3D2023&amp;pg7=IC&amp;yrop=eq&amp;s8=Journals&amp;pg4=AUCN&amp;co7=AND&amp;co5=AND&amp;s6=&amp;s5=&amp;co4=AND&amp;pg5=TI&amp;co6=AND&amp;pg6=PC&amp;s4=&amp;dr=pubyear&amp;arg3=2023&amp;yearRangeFirst=&amp;pg8=ET&amp;s7=E-LALA-MA&amp;review_format=html&amp;yearRangeSecond=&amp;fmt=doc&amp;sort=newest&amp;searchin=&amp;agg_year_2023=2023\" target=\"_blank\" rel=\"noopener\" target=\"_blank\" rel=\"noopener\">MathScinet (2023)<\/a><\/li>\n<li><a href=\"https:\/\/drive.google.com\/file\/d\/1_qNxf_UdugVt578Miwiir7TQyCZKUG9a\/view?usp=share_link\" target=\"_blank\" rel=\"noopener\" target=\"_blank\" rel=\"noopener\">Resultados de la investigaci\u00f3n del Departamento en el a\u00f1o 2022<\/a>.Ver tambi\u00e9n el siguiente enlace <a href=\"https:\/\/mathscinet.ams.org\/mathscinet\/search\/publications.html?pg4=AUCN&amp;s4=&amp;co4=AND&amp;pg5=TI&amp;s5=&amp;co5=AND&amp;pg6=IC&amp;s6=E-LALA-MA&amp;co6=AND&amp;pg7=ALLF&amp;s7=&amp;co7=AND&amp;dr=pubyear&amp;yrop=eq&amp;arg3=2022&amp;yearRangeFirst=&amp;yearRangeSecond=&amp;pg8=ET&amp;s8=All&amp;review_format=html&amp;Submit=Buscar\" target=\"_blank\" rel=\"noopener\" target=\"_blank\" rel=\"noopener\">MathScinet (2022)<\/a><\/li>\n<li><a href=\"https:\/\/drive.google.com\/file\/d\/10AAyoQXxUbb25SIt6WypL_9Qnq_MLu79\/view?usp=sharing\" target=\"_blank\" rel=\"noopener\" target=\"_blank\" rel=\"noopener\">Resultados de la investigaci\u00f3n del Departamento en el a\u00f1o 2021<\/a>\u00a0.Ver tambi\u00e9n el siguiente enlace <a href=\"https:\/\/mathscinet.ams.org\/mathscinet\/search\/publications.html?pg4=AUCN&amp;s4=&amp;co4=AND&amp;pg5=TI&amp;s5=&amp;co5=AND&amp;pg6=IC&amp;s6=E-LALA-MA&amp;co6=AND&amp;pg7=ALLF&amp;s7=&amp;co7=AND&amp;dr=pubyear&amp;yrop=eq&amp;arg3=2021&amp;yearRangeFirst=&amp;yearRangeSecond=&amp;pg8=ET&amp;s8=All&amp;review_format=html&amp;Submit=Buscar\" target=\"_blank\" rel=\"noopener\" target=\"_blank\" rel=\"noopener\">MathScinet (2021)<\/a><\/li>\n<li><a href=\"https:\/\/drive.google.com\/file\/d\/1c7DTGHLf3qC5pBSgfKcQoHs3ntEs3hNX\/view?usp=sharing\" target=\"_blank\" rel=\"noopener noreferrer\" target=\"_blank\" rel=\"noopener\">Resultados de la investigaci\u00f3n del Departamento en el a\u00f1o 2020<\/a>\u00a0.Ver tambi\u00e9n el siguiente enlace <a href=\"https:\/\/mathscinet.ams.org\/mathscinet\/search\/publications.html?pg4=AUCN&amp;s4=&amp;co4=AND&amp;pg5=TI&amp;s5=&amp;co5=AND&amp;pg6=IC&amp;s6=E-LALA-MA&amp;co6=AND&amp;pg7=ALLF&amp;s7=&amp;co7=AND&amp;dr=pubyear&amp;yrop=eq&amp;arg3=2020&amp;yearRangeFirst=&amp;yearRangeSecond=&amp;pg8=ET&amp;s8=All&amp;review_format=html&amp;Submit=Buscar\" target=\"_blank\" rel=\"noopener noreferrer\" target=\"_blank\" rel=\"noopener\">MathScinet (2020)<\/a><\/li>\n<li><a href=\"https:\/\/drive.google.com\/open?id=1kdewuTUzQQIuA2mTRM5vroKYAQhluot0\" target=\"_blank\" rel=\"noopener noreferrer\" target=\"_blank\" rel=\"noopener\">Resultados de la investigaci\u00f3n del Departamento en el a\u00f1o 2019<\/a> .Ver tambi\u00e9n el siguiente enlace <a href=\"https:\/\/mathscinet.ams.org\/mathscinet\/search\/publications.html?pg4=AUCN&amp;s4=&amp;co4=AND&amp;pg5=TI&amp;s5=&amp;co5=AND&amp;pg6=IC&amp;s6=E-LALA-MA&amp;co6=AND&amp;pg7=ALLF&amp;s7=&amp;co7=AND&amp;dr=pubyear&amp;yrop=eq&amp;arg3=2019&amp;yearRangeFirst=&amp;yearRangeSecond=&amp;pg8=ET&amp;s8=All&amp;review_format=html&amp;Submit=Buscar\" target=\"_blank\" rel=\"noopener noreferrer\" target=\"_blank\" rel=\"noopener\">MathScinet (2019)<\/a><\/li>\n<li><a href=\"https:\/\/drive.google.com\/file\/d\/1n_SMAlRsQ1IAnpUSf8HBWGb63O8fYkTr\/view?usp=sharing\" target=\"_blank\" rel=\"noopener noreferrer\" target=\"_blank\" rel=\"noopener\">Resultados de la investigaci\u00f3n del Departamento en el a\u00f1o 2018<\/a> .Ver tambi\u00e9n el siguiente enlace <a href=\"https:\/\/mathscinet.ams.org\/mathscinet\/search\/publications.html?pg4=AUCN&amp;s4=&amp;co4=AND&amp;pg5=TI&amp;s5=&amp;co5=AND&amp;pg6=IC&amp;s6=E-LALA-MA&amp;co6=AND&amp;pg7=ALLF&amp;s7=&amp;co7=AND&amp;dr=pubyear&amp;yrop=eq&amp;arg3=2018&amp;yearRangeFirst=&amp;yearRangeSecond=&amp;pg8=ET&amp;s8=All&amp;review_format=html&amp;Submit=Buscar\" target=\"_blank\" rel=\"noopener noreferrer\" target=\"_blank\" rel=\"noopener\">MathScinet (2018)<\/a><\/li>\n<li><a href=\"https:\/\/drive.google.com\/open?id=1IioG-pC0UKbeTo87MojkUnYVt-sSKHpz\" target=\"_blank\" rel=\"noopener noreferrer\" target=\"_blank\" rel=\"noopener\">Resultados de la investigaci\u00f3n del Departamento en el a\u00f1o 2017<\/a> .Ver tambi\u00e9n el siguiente enlace <a href=\"http:\/\/www.ams.org\/mathscinet\/search\/publications.html?pg4=AUCN&amp;s4=&amp;co4=AND&amp;pg5=TI&amp;s5=&amp;co5=AND&amp;pg6=PC&amp;s6=&amp;co6=AND&amp;pg7=IC&amp;s7=E-LALA-MA&amp;co7=AND&amp;dr=pubyear&amp;yrop=eq&amp;arg3=2017&amp;yearRangeFirst=&amp;yearRangeSecond=&amp;pg8=ET&amp;s8=Journals&amp;review_format=html&amp;Submit=Buscar\" target=\"_blank\" rel=\"noopener noreferrer\" target=\"_blank\" rel=\"noopener\">MathSciNet (2017)<\/a><\/li>\n<li><a href=\"https:\/\/drive.google.com\/open?id=1_qkK0z5PIH6200p19VgTX2uwgRMtEhCv\" target=\"_blank\" rel=\"noopener noreferrer\" target=\"_blank\" rel=\"noopener\">Resultados de la investigaci\u00f3n del Departamento en el a\u00f1o 2016<\/a>. Ver tambi\u00e9n el siguiente enlace\u00a0<a href=\"http:\/\/www.ams.org\/mathscinet\/search\/publications.html?pg4=AUCN&amp;s4=&amp;co4=AND&amp;pg5=TI&amp;s5=&amp;co5=AND&amp;pg6=PC&amp;s6=&amp;co6=AND&amp;pg7=IC&amp;s7=E-LALA-MA&amp;co7=AND&amp;dr=pubyear&amp;yrop=eq&amp;arg3=2016&amp;yearRangeFirst=&amp;yearRangeSecond=&amp;pg8=ET&amp;s8=Journals&amp;review_format=html&amp;Submit=Buscar\" target=\"_blank\" rel=\"noopener noreferrer\" target=\"_blank\" rel=\"noopener\">MathSciNet (2016)<\/a><\/li>\n<li><a href=\"https:\/\/drive.google.com\/open?id=1bkHwj7gwPTiETjcUZmGziNPSp_usjq29\" target=\"_blank\" rel=\"noopener noreferrer\" target=\"_blank\" rel=\"noopener\">Resultados de la investigaci\u00f3n del Departamento en el a\u00f1o 2015<\/a>. Ver tambi\u00e9n el siguiente enlace\u00a0<a href=\"http:\/\/www.ams.org\/mathscinet\/search\/publications.html?pg4=AUCN&amp;s4=&amp;co4=AND&amp;pg5=TI&amp;s5=&amp;co5=AND&amp;pg6=PC&amp;s6=&amp;co6=AND&amp;pg7=IC&amp;s7=E-LALA-MA&amp;co7=AND&amp;dr=pubyear&amp;yrop=eq&amp;arg3=2015&amp;yearRangeFirst=&amp;yearRangeSecond=&amp;pg8=ET&amp;s8=Journals&amp;review_format=html&amp;Submit=Buscar\" target=\"_blank\" rel=\"noopener noreferrer\" target=\"_blank\" rel=\"noopener\">\u00a0MathSciNet (2015)<\/a><\/li>\n<li><a href=\"https:\/\/drive.google.com\/open?id=1nQFSywJojsQoMnxMUKea2LmNs78XAJo-\" target=\"_blank\" rel=\"noopener noreferrer\" target=\"_blank\" rel=\"noopener\">Resultados de la investigaci\u00f3n del Departamento en el a\u00f1o 2014<\/a>. Ver tambi\u00e9n el siguiente enlace\u00a0<a href=\"http:\/\/www.ams.org\/mathscinet\/search\/publications.html?pg4=AUCN&amp;s4=&amp;co4=AND&amp;pg5=TI&amp;s5=&amp;co5=AND&amp;pg6=PC&amp;s6=&amp;co6=AND&amp;pg7=IC&amp;s7=E-LALA-MA&amp;co7=AND&amp;Submit=Buscar&amp;dr=pubyear&amp;yrop=eq&amp;arg3=2014&amp;yearRangeFirst=&amp;yearRangeSecond=&amp;pg8=ET&amp;s8=All&amp;review_format=html\" target=\"_blank\" rel=\"noopener noreferrer\" target=\"_blank\" rel=\"noopener\">\u00a0MathSciNet (2014)<\/a><\/li>\n<li><a href=\"https:\/\/drive.google.com\/open?id=1kK7OgTCS2sC9QaYc_dcYA157xTQPo18W\" target=\"_blank\" rel=\"noopener noreferrer\" target=\"_blank\" rel=\"noopener\">Resultados de la investigaci\u00f3n del Departamento en el a\u00f1o 2013<\/a>. Ver tambi\u00e9n el siguiente enlace\u00a0<a href=\"http:\/\/www.ams.org\/mathscinet\/search\/publications.html?pg4=AUCN&amp;s4=&amp;co4=AND&amp;pg5=TI&amp;s5=&amp;co5=AND&amp;pg6=PC&amp;s6=&amp;co6=AND&amp;pg7=IC&amp;s7=E-LALA-MA&amp;co7=AND&amp;Submit=Buscar&amp;dr=pubyear&amp;yrop=eq&amp;arg3=2013&amp;yearRangeFirst=&amp;yearRangeSecond=&amp;pg8=ET&amp;s8=All&amp;review_format=html\" target=\"_blank\" rel=\"noopener noreferrer\" target=\"_blank\" rel=\"noopener\">\u00a0MathSciNet (2013)<br \/>\n<\/a><\/li>\n<li><a href=\"https:\/\/drive.google.com\/open?id=1JHkW7L8vE2RIVEEAYoHBbvKiBYZerA1o\" target=\"_blank\" rel=\"noopener noreferrer\" target=\"_blank\" rel=\"noopener\">Resultados de la investigaci\u00f3n del Departamento en el a\u00f1o 2012<\/a>. Ver tambi\u00e9n el siguiente enlace<a href=\"http:\/\/www.ams.org\/mathscinet\/search\/publications.html?pg4=AUCN&amp;s4=&amp;co4=AND&amp;pg5=TI&amp;s5=&amp;co5=AND&amp;pg6=PC&amp;s6=&amp;co6=AND&amp;pg7=IC&amp;s7=E-LALA-MA&amp;co7=AND&amp;Submit=Buscar&amp;dr=pubyear&amp;yrop=eq&amp;arg3=2012&amp;yearRangeFirst=&amp;yearRangeSecond=&amp;pg8=ET&amp;s8=All&amp;review_format=html\" target=\"_blank\" rel=\"noopener noreferrer\" target=\"_blank\" rel=\"noopener\">\u00a0MathSciNet (2012)<br \/>\n<\/a><\/li>\n<li><a href=\"https:\/\/drive.google.com\/open?id=1leFzXUIRE_FfGGzrU9KruDxhET9dycdI\" target=\"_blank\" rel=\"noopener noreferrer\" target=\"_blank\" rel=\"noopener\">Resultados de la investigaci\u00f3n del Departamento en el a\u00f1o 2011<\/a>. Ver tambi\u00e9n el siguiente enlace\u00a0<a href=\"http:\/\/www.ams.org\/mathscinet\/search\/publications.html?pg4=AUCN&amp;s4=&amp;co4=AND&amp;pg5=TI&amp;s5=&amp;co5=AND&amp;pg6=PC&amp;s6=&amp;co6=AND&amp;pg7=IC&amp;s7=E-LALA-MA&amp;co7=AND&amp;Submit=Buscar&amp;dr=pubyear&amp;yrop=eq&amp;arg3=2011&amp;yearRangeFirst=&amp;yearRangeSecond=&amp;pg8=ET&amp;s8=All&amp;review_format=html\" target=\"_blank\" rel=\"noopener noreferrer\" target=\"_blank\" rel=\"noopener\">\u00a0MathSciNet (2011)<br \/>\n<\/a><\/li>\n<li><a href=\"https:\/\/drive.google.com\/open?id=1X0G0obQ1PNOa5nngkk7KoKsu_Dkugnsk\" target=\"_blank\" rel=\"noopener noreferrer\" target=\"_blank\" rel=\"noopener\">Resultados de la investigaci\u00f3n del Departamento en el a\u00f1o 2010<\/a>. Ver tambi\u00e9n el siguiente enlace\u00a0<a href=\"http:\/\/www.ams.org\/mathscinet\/search\/publications.html?pg4=AUCN&amp;s4=&amp;co4=AND&amp;pg5=TI&amp;s5=&amp;co5=AND&amp;pg6=PC&amp;s6=&amp;co6=AND&amp;pg7=IC&amp;s7=E-LALA-MA&amp;co7=AND&amp;Submit=Buscar&amp;dr=pubyear&amp;yrop=eq&amp;arg3=2010&amp;yearRangeFirst=&amp;yearRangeSecond=&amp;pg8=ET&amp;s8=All&amp;review_format=html\" target=\"_blank\" rel=\"noopener noreferrer\" target=\"_blank\" rel=\"noopener\">MathSciNet (2010)<\/a><\/li>\n<li>Resultados anteriores al 2010, se puede descargar del MathSciNet en el siguiente enlace,\u00a0<a href=\"http:\/\/www.ams.org\/mathscinet\/search\/publications.html?pg4=AUCN&amp;s4=&amp;co4=AND&amp;pg5=TI&amp;s5=&amp;co5=AND&amp;pg6=PC&amp;s6=&amp;co6=AND&amp;pg7=IC&amp;s7=E-LALA-MA&amp;co7=AND&amp;Submit=Buscar&amp;dr=pubyear&amp;yrop=lt&amp;arg3=2010&amp;yearRangeFirst=&amp;yearRangeSecond=&amp;pg8=ET&amp;s8=All&amp;review_format=html\" target=\"_blank\" rel=\"noopener noreferrer\" target=\"_blank\" rel=\"noopener\">MathSciNet (&lt;2010)<\/a><\/li>\n<\/ul>\n<p>[\/vc_column_text][\/vc_column][\/vc_row]<\/p>\n","protected":false},"excerpt":{"rendered":"<p>[vc_row][vc_column][vc_column_text] Producci\u00f3n cient\u00edfica anual [\/vc_column_text][vc_column_text]Producci\u00f3n cient\u00edfica de las diferentes \u00e1reas del Departamento de An\u00e1lisis Matem\u00e1tico listado por a\u00f1os: Resultados de la investigaci\u00f3n del Departamento en el a\u00f1o 2024.Ver tambi\u00e9n el siguiente enlace MathScinet (2024) Resultados de la investigaci\u00f3n del Departamento en el a\u00f1o 2023.Ver tambi\u00e9n el siguiente enlace MathScinet (2023) Resultados de la investigaci\u00f3n del&#8230;<\/p>\n","protected":false},"author":1,"featured_media":0,"parent":0,"menu_order":0,"comment_status":"closed","ping_status":"closed","template":"","meta":[],"_links":{"self":[{"href":"https:\/\/www.ull.es\/departamentos\/analisis-matematico\/wp-json\/wp\/v2\/pages\/104"}],"collection":[{"href":"https:\/\/www.ull.es\/departamentos\/analisis-matematico\/wp-json\/wp\/v2\/pages"}],"about":[{"href":"https:\/\/www.ull.es\/departamentos\/analisis-matematico\/wp-json\/wp\/v2\/types\/page"}],"author":[{"embeddable":true,"href":"https:\/\/www.ull.es\/departamentos\/analisis-matematico\/wp-json\/wp\/v2\/users\/1"}],"replies":[{"embeddable":true,"href":"https:\/\/www.ull.es\/departamentos\/analisis-matematico\/wp-json\/wp\/v2\/comments?post=104"}],"version-history":[{"count":24,"href":"https:\/\/www.ull.es\/departamentos\/analisis-matematico\/wp-json\/wp\/v2\/pages\/104\/revisions"}],"predecessor-version":[{"id":316,"href":"https:\/\/www.ull.es\/departamentos\/analisis-matematico\/wp-json\/wp\/v2\/pages\/104\/revisions\/316"}],"wp:attachment":[{"href":"https:\/\/www.ull.es\/departamentos\/analisis-matematico\/wp-json\/wp\/v2\/media?parent=104"}],"curies":[{"name":"wp","href":"https:\/\/api.w.org\/{rel}","templated":true}]}}