{"id":71,"date":"2017-05-15T09:13:24","date_gmt":"2017-05-15T09:13:24","guid":{"rendered":"http:\/\/www.ull.es\/departamentos\/ingenieria-informatica-sistemas\/?page_id=71"},"modified":"2021-02-01T10:32:22","modified_gmt":"2021-02-01T10:32:22","slug":"instalaciones-y-recursos","status":"publish","type":"page","link":"https:\/\/www.ull.es\/departamentos\/analisis-matematico\/instalaciones-y-recursos\/","title":{"rendered":"Instalaciones y recursos"},"content":{"rendered":"<p>[vc_row][vc_column][vc_column_text]<\/p>\n<h1>Instalaciones y recursos<\/h1>\n<p>[\/vc_column_text][\/vc_column][\/vc_row][vc_row][vc_column width=\u00bb2\/3&#8243; css=\u00bb.vc_custom_1495178447766{padding-right: 50px !important;}\u00bb][vc_column_text]El departamento de An\u00e1lisis Matem\u00e1tico dispone de:<\/p>\n<ul>\n<li>Un aula (seminario del departamento) donde se imparten seminarios, coloquios, charlas, etc. Est\u00e1 situada en la quinta planta de las Facultades de Matem\u00e1ticas y F\u00edsica (edificio blanco).<\/li>\n<li>Un aula (Aula 1) donde se imparte docencia y donde se realizan seminarios, coloquios, charlas, etc&#8230; Est\u00e1 situada en la segunda planta del Edificio Central de la Universidad de La Laguna.<\/li>\n<li>Un aula de inform\u00e1tica (Aula 2) situada tambi\u00e9n en la segunda planta del Edificio Central de la Universidad de La Laguna. Esta aula se utiliza principalmente para la docencia de pr\u00e1cticas de algunas asignaturas de las diferentes \u00e1reas del Departamento.<\/li>\n<\/ul>\n<p>El Departamento de An\u00e1lisis Matem\u00e1tico imparte docencia tambi\u00e9n en las aulas de inform\u00e1tica Student y Turing, situadas en el piso bajo del edificio calabaza de las Facultades de Matem\u00e1ticas y F\u00edsica.[\/vc_column_text][\/vc_column][vc_column width=\u00bb1\/3&#8243;][vc_single_image image=\u00bb126&#8243; img_size=\u00bbfull\u00bb][\/vc_column][\/vc_row]<\/p>\n","protected":false},"excerpt":{"rendered":"<p>[vc_row][vc_column][vc_column_text] Instalaciones y recursos [\/vc_column_text][\/vc_column][\/vc_row][vc_row][vc_column width=\u00bb2\/3&#8243; css=\u00bb.vc_custom_1495178447766{padding-right: 50px !important;}\u00bb][vc_column_text]El departamento de An\u00e1lisis Matem\u00e1tico dispone de: Un aula (seminario del departamento) donde se imparten seminarios, coloquios, charlas, etc. Est\u00e1 situada en la quinta planta de las Facultades de Matem\u00e1ticas y F\u00edsica (edificio blanco). Un aula (Aula 1) donde se imparte docencia y donde se realizan seminarios,&#8230;<\/p>\n","protected":false},"author":1,"featured_media":0,"parent":0,"menu_order":0,"comment_status":"closed","ping_status":"closed","template":"","meta":[],"_links":{"self":[{"href":"https:\/\/www.ull.es\/departamentos\/analisis-matematico\/wp-json\/wp\/v2\/pages\/71"}],"collection":[{"href":"https:\/\/www.ull.es\/departamentos\/analisis-matematico\/wp-json\/wp\/v2\/pages"}],"about":[{"href":"https:\/\/www.ull.es\/departamentos\/analisis-matematico\/wp-json\/wp\/v2\/types\/page"}],"author":[{"embeddable":true,"href":"https:\/\/www.ull.es\/departamentos\/analisis-matematico\/wp-json\/wp\/v2\/users\/1"}],"replies":[{"embeddable":true,"href":"https:\/\/www.ull.es\/departamentos\/analisis-matematico\/wp-json\/wp\/v2\/comments?post=71"}],"version-history":[{"count":5,"href":"https:\/\/www.ull.es\/departamentos\/analisis-matematico\/wp-json\/wp\/v2\/pages\/71\/revisions"}],"predecessor-version":[{"id":291,"href":"https:\/\/www.ull.es\/departamentos\/analisis-matematico\/wp-json\/wp\/v2\/pages\/71\/revisions\/291"}],"wp:attachment":[{"href":"https:\/\/www.ull.es\/departamentos\/analisis-matematico\/wp-json\/wp\/v2\/media?parent=71"}],"curies":[{"name":"wp","href":"https:\/\/api.w.org\/{rel}","templated":true}]}}