{"id":9,"date":"2017-05-11T12:37:19","date_gmt":"2017-05-11T12:37:19","guid":{"rendered":"http:\/\/www.ull.es\/departamentos\/ingenieria-informatica-sistemas\/?page_id=9"},"modified":"2018-06-13T08:21:52","modified_gmt":"2018-06-13T08:21:52","slug":"informacion-ubicacion-y-contacto","status":"publish","type":"page","link":"https:\/\/www.ull.es\/departamentos\/analisis-matematico\/informacion-ubicacion-y-contacto\/","title":{"rendered":"Informaci\u00f3n, ubicaci\u00f3n y contacto"},"content":{"rendered":"<p>[vc_row][vc_column width=\u00bb2\/3&#8243; el_class=\u00bbpadding-50-right\u00bb css=\u00bb.vc_custom_1494506721665{padding-right: 50px !important;}\u00bb][vc_column_text]<\/p>\n<h1>Presentaci\u00f3n<\/h1>\n<p>[\/vc_column_text][vc_column_text el_id=\u00bbpresentacion\u00bb]\n<div class=\"shortcode-descripcion\">\n    <p>El departamento de An\u00e1lisis Matem\u00e1tico es el \u00f3rgano encargado de organizar, desarrollar y coordinar las ense\u00f1anzas propias de las \u00e1reas de conocimiento adscritas al mismo: an\u00e1lisis matem\u00e1tico, did\u00e1ctica de la matem\u00e1tica y matem\u00e1tica aplicada. Imparte docencia de grado y de posgrado, y apoya la actividad investigadora de sus miembros.<\/p><\/div>\n\n[\/vc_column_text][vc_empty_space height=\u00bb40px\u00bb][vc_column_text el_id=\u00bbareas-de-conocimiento\u00bb]\n<style>\n    .shortcode-areas h2 {\n        margin-bottom: 10px !important;\n    }\n<\/style>\n\n<div class=\"shortcode-areas\">\n    <h2>\u00c1reas de conocimiento<\/h2><ul><li>Did\u00e1ctica de la Matem\u00e1tica<\/li><li>Matem\u00e1tica Aplicada<\/li><li>An\u00e1lisis Matem\u00e1tico<\/li><\/ul><\/div>\n\n[\/vc_column_text][vc_empty_space height=\u00bb40px\u00bb][vc_column_text el_id=\u00bborganigrama\u00bb]<\/p>\n<h1>Organigrama<\/h1>\n<p>[\/vc_column_text][vc_column_text]\n<style>\n    .shortcode-equipo h2 {\n        margin-bottom: 10px !important;\n    }\n<\/style>\n\n<div class=\"shortcode-equipo\">\n    <h2>Equipo de direcci\u00f3n<\/h2><dl><dt><strong>Director<\/strong><\/dt><dd> <a href='https:\/\/www.ull.es\/directorio\/search\/?busqueda=Juan Diego Betancor Ortiz' target='_blank'>Juan Diego Betancor Ortiz<\/a><\/dd><dt><strong>Secretaria<\/strong><\/dt><dd> <a href='https:\/\/www.ull.es\/directorio\/search\/?busqueda=Josefa Perdomo D\u00edaz' target='_blank'>Josefa Perdomo D\u00edaz<\/a><\/dd><\/dl><h2>Personal de administraci\u00f3n<\/h2><dl><dt><strong>Administrativo<\/strong><\/dt><dd> <a href='https:\/\/www.ull.es\/directorio\/search\/?busqueda=Pablo F. Lorenzo C\u00e1ceres' target='_blank'>Pablo F. Lorenzo C\u00e1ceres<\/a><\/dd><\/dl>\n<\/div>\n[\/vc_column_text][\/vc_column][vc_column width=\u00bb1\/3&#8243;][vc_column_text]<a class=\"btn-destacado\" href=\"https:\/\/riull.ull.es\/xmlui\/handle\/915\/4837\" target=\"_blank\" rel=\"noopener\" target=\"_blank\" rel=\"noopener\">Consultar normativa del departamento<i class=\"fa fa-arrow-right\"><\/i><\/a>[\/vc_column_text][vc_column_text]<a class=\"btn-destacado\" href=\"https:\/\/docs.google.com\/spreadsheets\/d\/e\/2PACX-1vT9g4kCFTxCIwy81sb4qla920Y1tOjyIcQW7ITKX8q4avSV_x-z90-xN8J8aw6jzDQ6UEOuJQQOGApg\/pubhtml\" target=\"_blank\" rel=\"noopener\" target=\"_blank\" rel=\"noopener\">Consultar comisiones del departamento<i class=\"fa fa-arrow-right\"><\/i><\/a>[\/vc_column_text][vc_column_text]\n<ul class=\"widget-box\">\n<li class='contacto-header'>Informaci\u00f3n de contacto<\/li><li><i class=\"fa fa-map-marker\"><\/i> Avenida Astrof\u00edsico Francisco S\u00e1nchez, s\/n. Facultad de Ciencias. Secci\u00f3n de Matem\u00e1ticas. Apartado 456. C\u00f3digo postal 38200. San Crist\u00f3bal de La Laguna. S\/C de Tenerife<\/li><li><i class=\"fa fa-phone\"><\/i> (+34) 922 31 81 93<\/li><li><i class=\"fa fa-address-book-o\"><\/i> <a target=\"_blank\" href=\"https:\/\/www.ull.es\/directorio\/search\/?busqueda_uo=analisis-matematico\">Directorio<\/a><\/li><li><i class=\"fa fa-envelope\"><\/i>  <a href=mailto:anamat@ull.es>anamat@ull.es<\/a><\/li>\n<\/ul>\n\n[\/vc_column_text][vc_column_text el_id=\u00bbubicacion\u00bb]\n    \n<style>\n    .google-maps {\n        position: relative;\n        padding-bottom: 75%;\n        height: 0;\n        overflow: hidden;\n    }\n    .google-maps iframe {\n        position: absolute;\n        top: 0;\n        left: 0;\n        width: 100% !important;\n        height: 100% !important;\n    }\n<\/style>\n\n\n<div class=\"google-maps\">\n    <iframe src=\"https:\/\/www.openstreetmap.org\/export\/embed.html?bbox=-16.32472617411%2C28.477629074376%2C-16.31858236452%2C28.483441296656&amp;layer=mapnik&amp;marker=28.481812030115726%2C-16.3219\" style=\"border: 1px solid black\"><\/iframe>\n<\/div>\n\n<div class=\"btn-widget\">\n    <a href=\"https:\/\/www.openstreetmap.org\/directions?engine=graphhopper_car&from=&to=28.481812030115726%2C-16.3219#map=17\/28.481812030115726\/-16.3219\">C\u00f3mo llegar<\/a>  \n<\/div>\n\n  <\/body>\n<\/html>\n\n[\/vc_column_text][\/vc_column][\/vc_row]<\/p>\n","protected":false},"excerpt":{"rendered":"<p>[vc_row][vc_column width=\u00bb2\/3&#8243; el_class=\u00bbpadding-50-right\u00bb css=\u00bb.vc_custom_1494506721665{padding-right: 50px !important;}\u00bb][vc_column_text] Presentaci\u00f3n [\/vc_column_text][vc_column_text el_id=\u00bbpresentacion\u00bb][\/vc_column_text][vc_empty_space height=\u00bb40px\u00bb][vc_column_text el_id=\u00bbareas-de-conocimiento\u00bb][\/vc_column_text][vc_empty_space height=\u00bb40px\u00bb][vc_column_text el_id=\u00bborganigrama\u00bb] Organigrama [\/vc_column_text][vc_column_text][\/vc_column_text][\/vc_column][vc_column width=\u00bb1\/3&#8243;][vc_column_text]Consultar normativa del departamento[\/vc_column_text][vc_column_text]Consultar comisiones del departamento[\/vc_column_text][vc_column_text][\/vc_column_text][vc_column_text el_id=\u00bbubicacion\u00bb][\/vc_column_text][\/vc_column][\/vc_row]<\/p>\n","protected":false},"author":1,"featured_media":0,"parent":0,"menu_order":0,"comment_status":"closed","ping_status":"closed","template":"","meta":[],"_links":{"self":[{"href":"https:\/\/www.ull.es\/departamentos\/analisis-matematico\/wp-json\/wp\/v2\/pages\/9"}],"collection":[{"href":"https:\/\/www.ull.es\/departamentos\/analisis-matematico\/wp-json\/wp\/v2\/pages"}],"about":[{"href":"https:\/\/www.ull.es\/departamentos\/analisis-matematico\/wp-json\/wp\/v2\/types\/page"}],"author":[{"embeddable":true,"href":"https:\/\/www.ull.es\/departamentos\/analisis-matematico\/wp-json\/wp\/v2\/users\/1"}],"replies":[{"embeddable":true,"href":"https:\/\/www.ull.es\/departamentos\/analisis-matematico\/wp-json\/wp\/v2\/comments?post=9"}],"version-history":[{"count":11,"href":"https:\/\/www.ull.es\/departamentos\/analisis-matematico\/wp-json\/wp\/v2\/pages\/9\/revisions"}],"predecessor-version":[{"id":269,"href":"https:\/\/www.ull.es\/departamentos\/analisis-matematico\/wp-json\/wp\/v2\/pages\/9\/revisions\/269"}],"wp:attachment":[{"href":"https:\/\/www.ull.es\/departamentos\/analisis-matematico\/wp-json\/wp\/v2\/media?parent=9"}],"curies":[{"name":"wp","href":"https:\/\/api.w.org\/{rel}","templated":true}]}}