{"id":16,"date":"2017-05-11T12:57:04","date_gmt":"2017-05-11T12:57:04","guid":{"rendered":"http:\/\/www.ull.es\/departamentos\/ingenieria-informatica-sistemas\/?page_id=16"},"modified":"2017-06-16T08:53:35","modified_gmt":"2017-06-16T08:53:35","slug":"personal","status":"publish","type":"page","link":"https:\/\/www.ull.es\/departamentos\/astrofisica\/personal\/","title":{"rendered":"Personal"},"content":{"rendered":"<p>[vc_row css=\u00bb.vc_custom_1497445297003{margin-bottom: 20px !important;}\u00bb][vc_column][vc_column_text]<\/p>\n<h1>Personal<\/h1>\n<p>[\/vc_column_text][\/vc_column][\/vc_row][vc_row][vc_column][vc_column_text]\n<link rel=\"stylesheet\" href=\"https:\/\/cdn.datatables.net\/1.10.15\/css\/dataTables.bootstrap.min.css\">\n<script src=\"https:\/\/cdn.datatables.net\/1.10.15\/js\/jquery.dataTables.min.js\"><\/script>\n<script src=\"https:\/\/cdn.datatables.net\/1.10.15\/js\/dataTables.bootstrap.min.js\"><\/script>\n<script src=\"https:\/\/cdn.datatables.net\/plug-ins\/1.10.21\/sorting\/chinese-string.js\"><\/script>\n\n<style>\n\n    #personal {\n        font-size: 13px;\n    }\n\n    .row.tabla{\n        margin-bottom: 20px !important;\n        margin-top: 20px !important;\n        font-size: 14px;\n    }\n\n    div.toolbar{\n        \/*text-align: center;*\/\n    }\n\n    .input-sm {\n        font-size: 16px;\n        \/* max-width: 200px;*\/\n    }\n\n    div.toolbar select{\n        margin: 0 10px;\n    }\n\n    table.dataTable thead .sorting:after {\n        opacity: 0.2;\n        content: \"\\f0ec\";\n        -webkit-transform: rotate(90deg);\n        -moz-transform: rotate(90deg);\n        -o-transform: rotate(90deg);\n        -ms-transform: rotate(90deg);\n        transform: rotate(90deg);\n    }\n\n    table.dataTable thead .sorting_asc:after {\n        content: \"\\f160\";\n    }\n    table.dataTable thead .sorting_desc:after {\n        content: \"\\f161 \";\n    }\n    table.dataTable thead .sorting:after, table.dataTable thead .sorting_asc:after, table.dataTable thead .sorting_desc:after, table.dataTable thead .sorting_asc_disabled:after, table.dataTable thead .sorting_desc_disabled:after {\n        font-family: 'FontAwesome';\n    }\n\n    .btn-directorio {\n        font-size: 13px;\n        text-align: center;\n        display: block;\n    }\n\n<\/style>\n\n<div class=\"table-responsive\">\n    <table id=\"personal\" class=\"table table-bordered table-condensed table-hover\" cellspacing=\"0\" width=\"100%\"  data-page-length=\"25\">\n        <thead>\n        <tr>\n            <th>Apellidos<\/th>\n            <th>Nombre<\/th>\n            <th>Email<\/th>\n            <th>\u00c1rea<\/th>\n            <th>Categor\u00eda<\/th>\n            <th>Rol<\/th>\n            <th>Info.<\/th>\n        <\/tr>\n        <\/thead>\n\n        <tbody>\n        <tr><td>Aparicio Juan<\/td><td>Antonio<\/td><td><a href=mailto:antapaj@ull.es>antapaj@ull.es<\/a><\/td><td>Astronom\u00eda y Astrof\u00edsica<\/td><td>Catedratico de Universidad<\/td><td>PDI<\/td><td><a class='btn-directorio' href='https:\/\/www.ull.es\/directorio\/search\/?busqueda=Antonio Aparicio Juan' target='_blank'><i class='fa fa-search-plus'><\/i><\/a><\/td><\/tr><tr><td>Ar\u00e9valo Morales<\/td><td>Mar\u00eda Jes\u00fas<\/td><td><a href=mailto:marevalo@ull.es>marevalo@ull.es<\/a><\/td><td>Astronom\u00eda y Astrof\u00edsica<\/td><td>Profesor Titular Universidad<\/td><td>PDI<\/td><td><a class='btn-directorio' href='https:\/\/www.ull.es\/directorio\/search\/?busqueda=Mar\u00eda Jes\u00fas Ar\u00e9valo Morales' target='_blank'><i class='fa fa-search-plus'><\/i><\/a><\/td><\/tr><tr><td>Beck <\/td><td>Paul<\/td><td><a href=mailto:pbeck@ull.es>pbeck@ull.es<\/a><\/td><td>Astronom\u00eda y Astrof\u00edsica<\/td><td>Investigador<\/td><td>INV<\/td><td><a class='btn-directorio' href='https:\/\/www.ull.es\/directorio\/search\/?busqueda=Paul Beck ' target='_blank'><i class='fa fa-search-plus'><\/i><\/a><\/td><\/tr><tr><td>Betancort Rijo<\/td><td>Juan Eugenio<\/td><td><a href=mailto:jebetan@ull.es>jebetan@ull.es<\/a><\/td><td>Astronom\u00eda y Astrof\u00edsica<\/td><td>Profesor Titular Universidad<\/td><td>PDI<\/td><td><a class='btn-directorio' href='https:\/\/www.ull.es\/directorio\/search\/?busqueda=Juan Eugenio Betancort Rijo' target='_blank'><i class='fa fa-search-plus'><\/i><\/a><\/td><\/tr><tr><td>Brook <\/td><td>Christopher Bryan Anderson<\/td><td><a href=mailto:chbrook@ull.es>chbrook@ull.es<\/a><\/td><td>Astronom\u00eda y Astrof\u00edsica<\/td><td>Profesor Contratado Doctor (1)<\/td><td>PDI<\/td><td><a class='btn-directorio' href='https:\/\/www.ull.es\/directorio\/search\/?busqueda=Christopher Bryan Anderson Brook ' target='_blank'><i class='fa fa-search-plus'><\/i><\/a><\/td><\/tr><tr><td>Cardona Barrero<\/td><td>Salvador<\/td><td><a href=mailto:scardona@ull.es>scardona@ull.es<\/a><\/td><td>Astronom\u00eda y Astrof\u00edsica<\/td><td>Investigador<\/td><td>INV<\/td><td><a class='btn-directorio' href='https:\/\/www.ull.es\/directorio\/search\/?busqueda=Salvador Cardona Barrero' target='_blank'><i class='fa fa-search-plus'><\/i><\/a><\/td><\/tr><tr><td>Cavecchi <\/td><td>Yuri<\/td><td><a href=mailto:ycavecch@ull.es>ycavecch@ull.es<\/a><\/td><td>Astronom\u00eda y Astrof\u00edsica<\/td><td>Investigador<\/td><td>INV<\/td><td><a class='btn-directorio' href='https:\/\/www.ull.es\/directorio\/search\/?busqueda=Yuri Cavecchi ' target='_blank'><i class='fa fa-search-plus'><\/i><\/a><\/td><\/tr><tr><td>Cepa Nogue<\/td><td>Jorge<\/td><td><a href=mailto:jcepano@ull.es>jcepano@ull.es<\/a><\/td><td>Astronom\u00eda y Astrof\u00edsica<\/td><td>Catedratico de Universidad<\/td><td>PDI<\/td><td><a class='btn-directorio' href='https:\/\/www.ull.es\/directorio\/search\/?busqueda=Jorge Cepa Nogue' target='_blank'><i class='fa fa-search-plus'><\/i><\/a><\/td><\/tr><tr><td>Collados Vera<\/td><td>Manuel Arturo<\/td><td><a href=mailto:mcvera@ull.es>mcvera@ull.es<\/a><\/td><td>Astronom\u00eda y Astrof\u00edsica<\/td><td>Catedratico de Universidad<\/td><td>PDI<\/td><td><a class='btn-directorio' href='https:\/\/www.ull.es\/directorio\/search\/?busqueda=Manuel Arturo Collados Vera' target='_blank'><i class='fa fa-search-plus'><\/i><\/a><\/td><\/tr><tr><td>Comer\u00f3n Limbourg<\/td><td>S\u00e9bastien<\/td><td><a href=mailto:lsebasti@ull.es>lsebasti@ull.es<\/a><\/td><td>Astronom\u00eda y Astrof\u00edsica<\/td><td>Profesor Titular Universidad<\/td><td>PDI<\/td><td><a class='btn-directorio' href='https:\/\/www.ull.es\/directorio\/search\/?busqueda=S\u00e9bastien Comer\u00f3n Limbourg' target='_blank'><i class='fa fa-search-plus'><\/i><\/a><\/td><\/tr><tr><td>Contreras de Santos<\/td><td>Ana<\/td><td><a href=mailto:acontres@ull.es>acontres@ull.es<\/a><\/td><td>Astronom\u00eda y Astrof\u00edsica<\/td><td>Investigador<\/td><td>INV<\/td><td><a class='btn-directorio' href='https:\/\/www.ull.es\/directorio\/search\/?busqueda=Ana Contreras de Santos' target='_blank'><i class='fa fa-search-plus'><\/i><\/a><\/td><\/tr><tr><td>de Lorenzo - C\u00e1ceres Rodr\u00edguez<\/td><td>Adriana<\/td><td><a href=mailto:alorenzc@ull.es>alorenzc@ull.es<\/a><\/td><td>Astronom\u00eda y Astrof\u00edsica<\/td><td>Investigador<\/td><td>INV<\/td><td><a class='btn-directorio' href='https:\/\/www.ull.es\/directorio\/search\/?busqueda=Adriana de Lorenzo - C\u00e1ceres Rodr\u00edguez' target='_blank'><i class='fa fa-search-plus'><\/i><\/a><\/td><\/tr><tr><td>del Burgo D\u00edaz<\/td><td>Carlos<\/td><td><a href=mailto:cburgo@ull.es>cburgo@ull.es<\/a><\/td><td>Astronom\u00eda y Astrof\u00edsica<\/td><td>Investigador<\/td><td>INV<\/td><td><a class='btn-directorio' href='https:\/\/www.ull.es\/directorio\/search\/?busqueda=Carlos del Burgo D\u00edaz' target='_blank'><i class='fa fa-search-plus'><\/i><\/a><\/td><\/tr><tr><td>Di Cintio <\/td><td>Arianna<\/td><td><a href=mailto:adicintio@ull.es>adicintio@ull.es<\/a><\/td><td>Astronom\u00eda y Astrof\u00edsica<\/td><td>Profesor Contratado Doctor (1)<\/td><td>PDI<\/td><td><a class='btn-directorio' href='https:\/\/www.ull.es\/directorio\/search\/?busqueda=Arianna Di Cintio ' target='_blank'><i class='fa fa-search-plus'><\/i><\/a><\/td><\/tr><tr><td>Esteban L\u00f3pez<\/td><td>C\u00e9sar Antonio<\/td><td><a href=mailto:cesteban@ull.es>cesteban@ull.es<\/a><\/td><td>Astronom\u00eda y Astrof\u00edsica<\/td><td>Profesor Titular Universidad<\/td><td>PDI<\/td><td><a class='btn-directorio' href='https:\/\/www.ull.es\/directorio\/search\/?busqueda=C\u00e9sar Antonio Esteban L\u00f3pez' target='_blank'><i class='fa fa-search-plus'><\/i><\/a><\/td><\/tr><tr><td>Favole <\/td><td>Ginevra<\/td><td><a href=mailto:gifavole@ull.es>gifavole@ull.es<\/a><\/td><td>Astronom\u00eda y Astrof\u00edsica<\/td><td>Profesor Permanente Laboral<\/td><td>PDI<\/td><td><a class='btn-directorio' href='https:\/\/www.ull.es\/directorio\/search\/?busqueda=Ginevra Favole ' target='_blank'><i class='fa fa-search-plus'><\/i><\/a><\/td><\/tr><tr><td>Fern\u00e1ndez Alvar<\/td><td>Emma<\/td><td><a href=mailto:efernana@ull.es>efernana@ull.es<\/a><\/td><td>Astronom\u00eda y Astrof\u00edsica<\/td><td>Profesor Permanente Laboral<\/td><td>PDI<\/td><td><a class='btn-directorio' href='https:\/\/www.ull.es\/directorio\/search\/?busqueda=Emma Fern\u00e1ndez Alvar' target='_blank'><i class='fa fa-search-plus'><\/i><\/a><\/td><\/tr><tr><td>Garc\u00eda Bethencourt<\/td><td>Guacimara<\/td><td><a href=mailto:ggarciab@ull.es>ggarciab@ull.es<\/a><\/td><td>Astronom\u00eda y Astrof\u00edsica<\/td><td>Investigador<\/td><td>INV<\/td><td><a class='btn-directorio' href='https:\/\/www.ull.es\/directorio\/search\/?busqueda=Guacimara Garc\u00eda Bethencourt' target='_blank'><i class='fa fa-search-plus'><\/i><\/a><\/td><\/tr><tr><td>Garc\u00eda L\u00f3pez<\/td><td>Ram\u00f3n Jes\u00fas<\/td><td><a href=mailto:rjgarcia@ull.es>rjgarcia@ull.es<\/a><\/td><td>Astronom\u00eda y Astrof\u00edsica<\/td><td>Profesor Titular Universidad<\/td><td>PDI<\/td><td><a class='btn-directorio' href='https:\/\/www.ull.es\/directorio\/search\/?busqueda=Ram\u00f3n Jes\u00fas Garc\u00eda L\u00f3pez' target='_blank'><i class='fa fa-search-plus'><\/i><\/a><\/td><\/tr><tr><td>Garz\u00f3n L\u00f3pez<\/td><td>Francisco<\/td><td><a href=mailto:fgarzon@ull.es>fgarzon@ull.es<\/a><\/td><td>Astronom\u00eda y Astrof\u00edsica<\/td><td>Catedratico de Universidad<\/td><td>PDI<\/td><td><a class='btn-directorio' href='https:\/\/www.ull.es\/directorio\/search\/?busqueda=Francisco Garz\u00f3n L\u00f3pez' target='_blank'><i class='fa fa-search-plus'><\/i><\/a><\/td><\/tr><tr><td>Gonz\u00e1lez Manrique<\/td><td>Sergio Javier<\/td><td><a href=mailto:sgonzalm@ull.es>sgonzalm@ull.es<\/a><\/td><td>Astronom\u00eda y Astrof\u00edsica<\/td><td>Investigador<\/td><td>INV<\/td><td><a class='btn-directorio' href='https:\/\/www.ull.es\/directorio\/search\/?busqueda=Sergio Javier Gonz\u00e1lez Manrique' target='_blank'><i class='fa fa-search-plus'><\/i><\/a><\/td><\/tr><tr><td>Gonz\u00e1lez Mart\u00ednez-Pais<\/td><td>Ignacio<\/td><td><a href=mailto:igonzal@ull.es>igonzal@ull.es<\/a><\/td><td>Astronom\u00eda y Astrof\u00edsica<\/td><td>Profesor Titular Universidad<\/td><td>PDI<\/td><td><a class='btn-directorio' href='https:\/\/www.ull.es\/directorio\/search\/?busqueda=Ignacio Gonz\u00e1lez Mart\u00ednez-Pais' target='_blank'><i class='fa fa-search-plus'><\/i><\/a><\/td><\/tr><tr><td>Herrero Dav\u00f3<\/td><td>Artemio<\/td><td><a href=mailto:ahdavo@ull.es>ahdavo@ull.es<\/a><\/td><td>Astronom\u00eda y Astrof\u00edsica<\/td><td>Catedratico de Universidad<\/td><td>PDI<\/td><td><a class='btn-directorio' href='https:\/\/www.ull.es\/directorio\/search\/?busqueda=Artemio Herrero Dav\u00f3' target='_blank'><i class='fa fa-search-plus'><\/i><\/a><\/td><\/tr><tr><td>Kitaura Joyanes<\/td><td>Francisco Shu<\/td><td><a href=mailto:fkitaura@ull.es>fkitaura@ull.es<\/a><\/td><td>Astronom\u00eda y Astrof\u00edsica<\/td><td>Profesor Titular Universidad<\/td><td>PDI<\/td><td><a class='btn-directorio' href='https:\/\/www.ull.es\/directorio\/search\/?busqueda=Francisco Shu Kitaura Joyanes' target='_blank'><i class='fa fa-search-plus'><\/i><\/a><\/td><\/tr><tr><td>L\u00e1zaro Hernando<\/td><td>Florencio Carlos<\/td><td><a href=mailto:clazaro@ull.es>clazaro@ull.es<\/a><\/td><td>Astronom\u00eda y Astrof\u00edsica<\/td><td>Profesor Titular Universidad<\/td><td>PDI<\/td><td><a class='btn-directorio' href='https:\/\/www.ull.es\/directorio\/search\/?busqueda=Florencio Carlos L\u00e1zaro Hernando' target='_blank'><i class='fa fa-search-plus'><\/i><\/a><\/td><\/tr><tr><td>Mediavilla Gradolph<\/td><td>Evencio<\/td><td><a href=mailto:evmegra@ull.es>evmegra@ull.es<\/a><\/td><td>Astronom\u00eda y Astrof\u00edsica<\/td><td>Catedratico de Universidad<\/td><td>PDI<\/td><td><a class='btn-directorio' href='https:\/\/www.ull.es\/directorio\/search\/?busqueda=Evencio Mediavilla Gradolph' target='_blank'><i class='fa fa-search-plus'><\/i><\/a><\/td><\/tr><tr><td>M\u00e9ndez Abreu<\/td><td>Jairo<\/td><td><a href=mailto:jmendeza@ull.es>jmendeza@ull.es<\/a><\/td><td>Astronom\u00eda y Astrof\u00edsica<\/td><td>Profesor Permanente Laboral<\/td><td>PDI<\/td><td><a class='btn-directorio' href='https:\/\/www.ull.es\/directorio\/search\/?busqueda=Jairo M\u00e9ndez Abreu' target='_blank'><i class='fa fa-search-plus'><\/i><\/a><\/td><\/tr><tr><td>Nievas Rosillo<\/td><td>Mireia<\/td><td><a href=mailto:mnievasr@ull.es>mnievasr@ull.es<\/a><\/td><td>Astronom\u00eda y Astrof\u00edsica<\/td><td>Investigador<\/td><td>INV<\/td><td><a class='btn-directorio' href='https:\/\/www.ull.es\/directorio\/search\/?busqueda=Mireia Nievas Rosillo' target='_blank'><i class='fa fa-search-plus'><\/i><\/a><\/td><\/tr><tr><td>Parviainen <\/td><td>Hannu Paivio<\/td><td><a href=mailto:hparviai@ull.es>hparviai@ull.es<\/a><\/td><td>Astronom\u00eda y Astrof\u00edsica<\/td><td>Investigador<\/td><td>INV<\/td><td><a class='btn-directorio' href='https:\/\/www.ull.es\/directorio\/search\/?busqueda=Hannu Paivio Parviainen ' target='_blank'><i class='fa fa-search-plus'><\/i><\/a><\/td><\/tr><tr><td>P\u00e9rez Fournon<\/td><td>Ismael<\/td><td><a href=mailto:iperez@ull.es>iperez@ull.es<\/a><\/td><td>Astronom\u00eda y Astrof\u00edsica<\/td><td>Profesor Titular Universidad<\/td><td>PDI<\/td><td><a class='btn-directorio' href='https:\/\/www.ull.es\/directorio\/search\/?busqueda=Ismael P\u00e9rez Fournon' target='_blank'><i class='fa fa-search-plus'><\/i><\/a><\/td><\/tr><tr><td>Quintero Noda<\/td><td>Carlos Cristo<\/td><td><a href=mailto:cquinter@ull.es>cquinter@ull.es<\/a><\/td><td>Astronom\u00eda y Astrof\u00edsica<\/td><td>Investigador<\/td><td>INV<\/td><td><a class='btn-directorio' href='https:\/\/www.ull.es\/directorio\/search\/?busqueda=Carlos Cristo Quintero Noda' target='_blank'><i class='fa fa-search-plus'><\/i><\/a><\/td><\/tr><tr><td>Rodr\u00edguez Berlanas<\/td><td>Sara<\/td><td><a href=mailto:srodrigb@ull.es>srodrigb@ull.es<\/a><\/td><td>Astronom\u00eda y Astrof\u00edsica<\/td><td>Investigador<\/td><td>INV<\/td><td><a class='btn-directorio' href='https:\/\/www.ull.es\/directorio\/search\/?busqueda=Sara Rodr\u00edguez Berlanas' target='_blank'><i class='fa fa-search-plus'><\/i><\/a><\/td><\/tr><tr><td>Rodr\u00edguez Gil<\/td><td>Pablo<\/td><td><a href=mailto:prodrigu@ull.es>prodrigu@ull.es<\/a><\/td><td>Astronom\u00eda y Astrof\u00edsica<\/td><td>Profesor Titular Universidad<\/td><td>PDI<\/td><td><a class='btn-directorio' href='https:\/\/www.ull.es\/directorio\/search\/?busqueda=Pablo Rodr\u00edguez Gil' target='_blank'><i class='fa fa-search-plus'><\/i><\/a><\/td><\/tr><tr><td>Su\u00e1rez Mascare\u00f1o<\/td><td>Alejandro<\/td><td><a href=mailto:asuarema@ull.es>asuarema@ull.es<\/a><\/td><td>Astronom\u00eda y Astrof\u00edsica<\/td><td>Investigador<\/td><td>INV<\/td><td><a class='btn-directorio' href='https:\/\/www.ull.es\/directorio\/search\/?busqueda=Alejandro Su\u00e1rez Mascare\u00f1o' target='_blank'><i class='fa fa-search-plus'><\/i><\/a><\/td><\/tr><tr><td>Thomas <\/td><td>Guillaume Fr\u00e9deric<\/td><td><a href=mailto:guthomas@ull.es>guthomas@ull.es<\/a><\/td><td>Astronom\u00eda y Astrof\u00edsica<\/td><td>Investigador<\/td><td>INV<\/td><td><a class='btn-directorio' href='https:\/\/www.ull.es\/directorio\/search\/?busqueda=Guillaume Fr\u00e9deric Thomas ' target='_blank'><i class='fa fa-search-plus'><\/i><\/a><\/td><\/tr><tr><td>D\u00edaz Martel<\/td><td>Eulalia Raquel<\/td><td><a href=mailto:ediazmar@ull.es>ediazmar@ull.es<\/a><\/td><td>Personal De Administraci\u00f3n Y Servicios<\/td><td>Administrativo<\/td><td>PAS<\/td><td><a class='btn-directorio' href='https:\/\/www.ull.es\/directorio\/search\/?busqueda=Eulalia Raquel D\u00edaz Martel' target='_blank'><i class='fa fa-search-plus'><\/i><\/a><\/td><\/tr>        <\/tbody>\n    <\/table>\n<\/div>\n\n<script>\n\t\njQuery.extend( jQuery.fn.dataTableExt.oSort, {\n    \"chinese-string-asc\" : function (s1, s2) {\n        return s1.localeCompare(s2);\n    },\n \n    \"chinese-string-desc\" : function (s1, s2) {\n        return s2.localeCompare(s1);\n    }\n} );\n\t\n$(document).ready(function() {\n\n        $('#personal').DataTable( {\n            \"dom\": \"\" +\n            \"<'row'<'col-sm-9 toolbar'><'col-sm-3'f>>\" +\n            \"<'row tabla'<'col-sm-12'tr>>\" +\n            \"<'row'<'col-sm-5'i><'col-sm-7'p>>\"\n            ,\n            \"language\": {\n                \"url\": \"\/\/cdn.datatables.net\/plug-ins\/1.10.15\/i18n\/Spanish.json\"\n            },\n\n         columnDefs: [{ type: 'chinese-string', targets: 0 }],\n\n\n\t initComplete: function () {\n\n                this.api().columns([3]).every( function () {\n                    var column = this;\n                    var select = $('<select class=\"form-control input-sm\"><option value=\"\">Mostrar todas las \u00e1reas de conocimiento<\/option><\/select>')\n                        .appendTo( $('div.toolbar') )\n                        .on( 'change', function () {\n                            var val = $.fn.dataTable.util.escapeRegex(\n                                $(this).val()\n                            );\n\n                            column\n                                .search( val ? '^'+val+'$' : '', true, false )\n                                .draw();\n                        } );\n\n                    column.data().unique().sort().each( function ( d, j ) {\n                        select.append( '<option value=\"'+d+'\">'+d+'<\/option>' )\n                    } );\n\n                } );\n                this.api().columns([5]).every( function () {\n                    var column = this;\n                    var select = $('<select class=\"form-control input-sm\"><option value=\"\">Mostrar todos los roles<\/option><\/select>')\n                        .appendTo( $('div.toolbar') )\n                        .on( 'change', function () {\n                            var val = $.fn.dataTable.util.escapeRegex(\n                                $(this).val()\n                            );\n\n                            column\n                                .search( val ? '^'+val+'$' : '', true, false )\n                                .draw();\n                        } );\n\n                    column.data().unique().sort().each( function ( d, j ) {\n                        select.append( '<option value=\"'+d+'\">'+d+'<\/option>' )\n                    } );\n                } );\n            }\n        } );\n\n    } );\n<\/script>\n[\/vc_column_text][\/vc_column][\/vc_row]<\/p>\n","protected":false},"excerpt":{"rendered":"<p>[vc_row css=\u00bb.vc_custom_1497445297003{margin-bottom: 20px !important;}\u00bb][vc_column][vc_column_text] Personal [\/vc_column_text][\/vc_column][\/vc_row][vc_row][vc_column][vc_column_text][\/vc_column_text][\/vc_column][\/vc_row]<\/p>\n","protected":false},"author":1,"featured_media":0,"parent":0,"menu_order":0,"comment_status":"closed","ping_status":"closed","template":"","meta":[],"_links":{"self":[{"href":"https:\/\/www.ull.es\/departamentos\/astrofisica\/wp-json\/wp\/v2\/pages\/16"}],"collection":[{"href":"https:\/\/www.ull.es\/departamentos\/astrofisica\/wp-json\/wp\/v2\/pages"}],"about":[{"href":"https:\/\/www.ull.es\/departamentos\/astrofisica\/wp-json\/wp\/v2\/types\/page"}],"author":[{"embeddable":true,"href":"https:\/\/www.ull.es\/departamentos\/astrofisica\/wp-json\/wp\/v2\/users\/1"}],"replies":[{"embeddable":true,"href":"https:\/\/www.ull.es\/departamentos\/astrofisica\/wp-json\/wp\/v2\/comments?post=16"}],"version-history":[{"count":1,"href":"https:\/\/www.ull.es\/departamentos\/astrofisica\/wp-json\/wp\/v2\/pages\/16\/revisions"}],"predecessor-version":[{"id":150,"href":"https:\/\/www.ull.es\/departamentos\/astrofisica\/wp-json\/wp\/v2\/pages\/16\/revisions\/150"}],"wp:attachment":[{"href":"https:\/\/www.ull.es\/departamentos\/astrofisica\/wp-json\/wp\/v2\/media?parent=16"}],"curies":[{"name":"wp","href":"https:\/\/api.w.org\/{rel}","templated":true}]}}