{"id":133,"date":"2017-05-10T13:41:12","date_gmt":"2017-05-10T13:41:12","guid":{"rendered":"http:\/\/www.ull.es\/departamentos\/ingenieria-informatica-sistemas\/?page_id=2"},"modified":"2019-11-26T11:38:02","modified_gmt":"2019-11-26T11:38:02","slug":"inicio","status":"publish","type":"page","link":"https:\/\/www.ull.es\/departamentos\/biologia-animal-edafologia-geologia\/","title":{"rendered":"Inicio"},"content":{"rendered":"<p>[vc_row full_width=\u00bbstretch_row\u00bb content_placement=\u00bbmiddle\u00bb css=\u00bb.vc_custom_1507636927883{background-image: url(http:\/\/www.ull.es\/departamentos\/biologia-animal-edafologia-geologia\/wp-content\/uploads\/sites\/7\/2017\/10\/imagen-departamento-4.jpg?id=203) !important;background-position: center !important;background-repeat: no-repeat !important;background-size: cover !important;}\u00bb][vc_column css=\u00bb.vc_custom_1494852981099{padding-top: 80px !important;padding-bottom: 120px !important;}\u00bb][vc_column_text el_class=\u00bbtitle-departamento\u00bb]\n<h1>Biolog\u00eda Animal, Edafolog\u00eda y Geolog\u00eda<\/h1>\n\n[\/vc_column_text][\/vc_column][\/vc_row][vc_row content_placement=\u00bbmiddle\u00bb css=\u00bb.vc_custom_1493298843177{padding-bottom: 35px !important;}\u00bb][vc_column css=\u00bb.vc_custom_1493296994985{margin-top: -50px !important;background-color: #ffffff !important;}\u00bb][vc_column_text css=\u00bb.vc_custom_1495095815679{padding-right: 35px !important;padding-left: 35px !important;}\u00bb]\n<div class=\"shortcode-descripcion\">\n    <p>El Departamento de Biolog\u00eda Animal, Edafolog\u00eda y Geolog\u00eda es el \u00f3rgano encargado de organizar, desarrollar, coordinar y evaluar las ense\u00f1anzas propias de las \u00e1reas de conocimiento adscritas al mismo. Imparte docencia de Grado en el Grado en Biolog\u00eda y Grado en Ciencias Ambientales de la Facultad de Ciencias, y en el Grado en Ingenier\u00eda Civil y Grado en Ingenier\u00eda Agr\u00edcola y Medio Rural de la Escuela Polit\u00e9cnica Superior de Ingenier\u00eda. Tambi\u00e9n imparte docencia de Posgrado. Promueve, coordina y desarrolla la investigaci\u00f3n, apoyando las iniciativas docentes e investigadoras de los grupos de investigaci\u00f3n en que se integren sus miembros.<\/p><\/div>\n\n[\/vc_column_text][\/vc_column][\/vc_row][vc_row full_width=\u00bbstretch_row\u00bb css=\u00bb.vc_custom_1500894075041{padding-top: 50px !important;padding-bottom: 50px !important;background-color: #eeeeee !important;}\u00bb el_class=\u00bbvc-bloque-destacado bloque-destacado\u00bb][vc_column][vc_row_inner][vc_column_inner width=\u00bb1\/4&#8243;][vc_column_text]<a class=\"destacado\" style=\"background-color: #663366;\" href=\"https:\/\/www.ull.es\/departamentos\/biologia-animal-edafologia-geologia\/informacion-ubicacion-y-contacto\/\" target=\"_blank\" rel=\"noopener\">Informaci\u00f3n, ubicaci\u00f3n y contacto<i class=\"fa fa-arrow-right\"><\/i><\/a>[\/vc_column_text][\/vc_column_inner][vc_column_inner width=\u00bb1\/4&#8243;][vc_column_text]<a class=\"destacado\" style=\"background-color: #006699;\" href=\"https:\/\/riull.ull.es\/xmlui\/handle\/915\/6020\" target=\"_blank\" rel=\"noopener noreferrer\" target=\"_blank\" rel=\"noopener\">Normativa del departamento <i class=\"fa fa-book\"><\/i><\/a>[\/vc_column_text][\/vc_column_inner][vc_column_inner width=\u00bb1\/4&#8243;][vc_column_text]<a class=\"destacado\" style=\"background-color: #999999;\" href=\"https:\/\/www.ull.es\/departamentos\/biologia-animal-edafologia-geologia\/personal\/\" target=\"_blank\" rel=\"noopener\">Personal asociado al departamento <i class=\"fa fa-users\"><\/i><\/a>[\/vc_column_text][\/vc_column_inner][vc_column_inner width=\u00bb1\/4&#8243;][vc_column_text]<a class=\"destacado\" style=\"background-color: #44919d;\" href=\"https:\/\/docs.google.com\/spreadsheets\/d\/e\/2PACX-1vSFzWc7pJeQAOPG4FlN2nOihYpuCsbcBiqAWJ2M0nvmFx_nfqvGcDxYVMj2Ua4kO4jY5cEzoxYT7tgt\/pubhtml\" target=\"_blank\" rel=\"noopener noreferrer\" target=\"_blank\" rel=\"noopener\">Consultar tutor\u00edas<i class=\"fa fa-calendar\"><\/i><\/a>[\/vc_column_text][\/vc_column_inner][\/vc_row_inner][\/vc_column][\/vc_row][vc_row full_width=\u00bbstretch_row\u00bb css=\u00bb.vc_custom_1493903710709{margin-bottom: 50px !important;background-color: #ffffff !important;}\u00bb][vc_column width=\u00bb1\/3&#8243;][vc_column_text]<style>\n    .news-group .bg-size {\n        background-position: center;\n        background-size: cover;\n        width: 100%;\n        height: 48px;\n    }\n    .news-group .list-group-item-text {\n        font-size: 13px;\n    }\n    .news-group .col-md-3 {\n        padding-right: 0;\n    }\n    .news-group .list-group-item-date {\n        font-size: 11px;\n        color: #A4A4A4;\n        margin-bottom: 2px;\n        text-transform: uppercase;\n    }\n\n    .mensaje.alert-warning{\n        font-size: 12px;\n        margin: 14px !important;\n        padding: 4px 8px;\n        color: #cca60b;\n    }\n<\/style>\n\n<div class=\"panel panel-default\">\n    <div class=\"panel-heading\">\n        <h3 class=\"panel-title\">Noticias<\/h3>\n    <\/div>\n\n    <div class=\"list-group news-group\">\n                    <a href=\"https:\/\/www.ull.es\/portal\/noticias\/2026\/la-universidad-de-la-laguna-participa-en-un-estudio-nacional-que-alerta-del-declive-del-conejo-iberico\/\" class=\"list-group-item\">\n                <div class=\"row\">\n                    <div class=\"col-md-3\">\n                        <div class=\"bg-size\" style=\"background-image: url('https:\/\/www.ull.es\/portal\/noticias\/wp-content\/uploads\/sites\/13\/2026\/03\/conejo-300x200.jpg');\"><\/div>\n                    <\/div>\n                    <div class=\"col-md-9\">\n                        <p class=\"list-group-item-date\">\n                            23 Mar 2026 - 12:51 UTC                        <\/p>\n                        <p class=\"list-group-item-text\">La Universidad de La Laguna participa en un estudio nacional que alerta del declive del conejo ib\u00e9rico<\/p>\n                    <\/div>\n                <\/div>\n            <\/a>\n                    <a href=\"https:\/\/www.ull.es\/portal\/noticias\/2026\/la-ull-lidera-la-lucha-por-salvar-un-alga-endemica-ante-la-amenaza-del-cambio-climatico\/\" class=\"list-group-item\">\n                <div class=\"row\">\n                    <div class=\"col-md-3\">\n                        <div class=\"bg-size\" style=\"background-image: url('https:\/\/www.ull.es\/portal\/noticias\/wp-content\/uploads\/sites\/13\/2026\/03\/algas-afectadas-300x200.jpg');\"><\/div>\n                    <\/div>\n                    <div class=\"col-md-9\">\n                        <p class=\"list-group-item-date\">\n                            12 Mar 2026 - 14:07 UTC                        <\/p>\n                        <p class=\"list-group-item-text\">La ULL lidera la lucha por salvar un alga end\u00e9mica ante la amenaza del cambio clim\u00e1tico<\/p>\n                    <\/div>\n                <\/div>\n            <\/a>\n                    <a href=\"https:\/\/www.ull.es\/portal\/noticias\/2026\/dime-quien-muere-y-te-dire-como-cambia-el-suelo-un-estudio-revela-el-impacto-desigual-de-la-carrona-en-suelos-mediterraneos\/\" class=\"list-group-item\">\n                <div class=\"row\">\n                    <div class=\"col-md-3\">\n                        <div class=\"bg-size\" style=\"background-image: url('https:\/\/www.ull.es\/portal\/noticias\/wp-content\/uploads\/sites\/13\/2026\/02\/carrona-de-zorro-300x169.jpg');\"><\/div>\n                    <\/div>\n                    <div class=\"col-md-9\">\n                        <p class=\"list-group-item-date\">\n                            12 Feb 2026 - 10:31 UTC                        <\/p>\n                        <p class=\"list-group-item-text\">\u00abDime qui\u00e9n muere y te dir\u00e9 c\u00f3mo cambia el suelo\u00bb: un estudio revela el impacto desigual de la carro\u00f1a en suelos mediterr\u00e1neos<\/p>\n                    <\/div>\n                <\/div>\n            <\/a>\n                    <a href=\"https:\/\/www.ull.es\/portal\/noticias\/2026\/registran-primera-vez-tiburon-duende-vivo-aguas-canarias\/\" class=\"list-group-item\">\n                <div class=\"row\">\n                    <div class=\"col-md-3\">\n                        <div class=\"bg-size\" style=\"background-image: url('https:\/\/www.ull.es\/portal\/noticias\/wp-content\/uploads\/sites\/13\/2026\/01\/tiburon-duende-captura-video-300x200.jpg');\"><\/div>\n                    <\/div>\n                    <div class=\"col-md-9\">\n                        <p class=\"list-group-item-date\">\n                            19 Jan 2026 - 12:45 UTC                        <\/p>\n                        <p class=\"list-group-item-text\">Investigadores de la ULL registran por primera vez un tibur\u00f3n duende vivo en aguas de Canarias<\/p>\n                    <\/div>\n                <\/div>\n            <\/a>\n                    <a href=\"https:\/\/www.ull.es\/portal\/noticias\/2026\/una-investigacion-de-la-ull-ofrece-nuevas-claves-en-la-proteccion-de-los-ecosistemas-con-la-gestion-de-los-vallados\/\" class=\"list-group-item\">\n                <div class=\"row\">\n                    <div class=\"col-md-3\">\n                        <div class=\"bg-size\" style=\"background-image: url('https:\/\/www.ull.es\/portal\/noticias\/wp-content\/uploads\/sites\/13\/2026\/01\/vallado-ovejas-300x200.jpg');\"><\/div>\n                    <\/div>\n                    <div class=\"col-md-9\">\n                        <p class=\"list-group-item-date\">\n                            08 Jan 2026 - 10:54 UTC                        <\/p>\n                        <p class=\"list-group-item-text\">Una investigaci\u00f3n de la ULL ofrece nuevas claves en la protecci\u00f3n de los ecosistemas con la gesti\u00f3n de los vallados<\/p>\n                    <\/div>\n                <\/div>\n            <\/a>\n            <\/div>\n    <div class=\"panel-footer\">\n        <a href=\"https:\/\/www.ull.es\/portal\/noticias\/?cat=3156\">M\u00c1S NOTICIAS <i class=\"fa fa-chevron-right\"><\/i><\/a>\n    <\/div>\n\n\n<\/div>[\/vc_column_text][\/vc_column][vc_column width=\u00bb1\/3&#8243;][vc_column_text]\n<style>\n    .events-group .bg-size {\n        background-position: center;\n        background-size: cover;\n        width: 100%;\n        height: 48px;\n    }\n    .events-group .list-group-item-text {\n        font-size: 13px;\n    }\n    .events-group .col-md-3 {\n        padding-right: 0;\n    }\n    .events-group .list-group-item-date {\n        font-size: 11px;\n        color: #A4A4A4;\n        margin-bottom: 2px;\n        text-transform: uppercase;\n    }\n\n    .mensaje.alert-warning{\n        font-size: 12px;\n        margin: 14px !important;\n        padding: 4px 8px;\n        color: #cca60b;\n    }\n\n<\/style>\n\n<div class=\"panel panel-default\">\n    <div class=\"panel-heading\">\n        <h3 class=\"panel-title\">Eventos<\/h3>\n    <\/div>\n\n    <div class=\"list-group events-group\">\n\n        <div class=\"mensaje alert alert-warning\">No hay eventos disponibles.<\/div>\n    <\/div>\n\n\n<\/div>\n[\/vc_column_text][\/vc_column][vc_column width=\u00bb1\/3&#8243;][vc_column_text]<style>\n    .news-group .bg-size {\n        background-position: center;\n        background-size: cover;\n        width: 100%;\n        height: 48px;\n    }\n    .news-group .list-group-item-text {\n        font-size: 13px;\n    }\n    .news-group .col-md-3 {\n        padding-right: 0;\n    }\n    .news-group .list-group-item-date {\n        font-size: 11px;\n        color: #A4A4A4;\n        margin-bottom: 2px;\n        text-transform: uppercase;\n    }\n\n    .mensaje.alert-warning{\n        font-size: 12px;\n        margin: 14px !important;\n        padding: 4px 8px;\n        color: #cca60b;\n    }\n\n<\/style>\n\n<div class=\"panel panel-default\">\n    <div class=\"panel-heading\">\n        <h3 class=\"panel-title\">Notificaciones<\/h3>\n    <\/div>\n\n    <div class=\"list-group news-group\">\n                            <a href=\"https:\/\/www.ull.es\/portal\/noticias\/2025\/ana-crespo-y-john-mather-mirar-lo-invisible\/\" class=\"list-group-item\">\n                    <div class=\"row\">\n                        <div class=\"col-md-12\">\n                            <p class=\"list-group-item-date\">\n                                21 May 2025 - 10:42 UTC                            <\/p>\n                            <p class=\"list-group-item-text\">Ana Crespo y John Mather: mirar lo invisible<\/p>\n                        <\/div>\n                    <\/div>\n                <\/a>\n                            <a href=\"https:\/\/www.ull.es\/portal\/noticias\/2024\/convocatoria-del-departamento-de-biologia-animal-edafologia-y-geologia-en-relacion-a-la-eleccion-de-los-miembros-de-las-comisiones-de-seleccion-de-las-plazas\/\" class=\"list-group-item\">\n                    <div class=\"row\">\n                        <div class=\"col-md-12\">\n                            <p class=\"list-group-item-date\">\n                                17 Dec 2024 - 08:45 UTC                            <\/p>\n                            <p class=\"list-group-item-text\">Convocatoria del Departamento de Biolog\u00eda Animal, Edafolog\u00eda y Geolog\u00eda en relaci\u00f3n a la elecci\u00f3n de los miembros de las Comisiones de selecci\u00f3n de las plazas<\/p>\n                        <\/div>\n                    <\/div>\n                <\/a>\n                            <a href=\"https:\/\/www.ull.es\/portal\/noticias\/2024\/eleccion-de-los-miembros-de-la-la-comision-de-seleccion-de-la-plaza-df1597-profesor-a-titular-de-la-ull-adscrita-al-departamento-de-biologia-animal-edafologia-y-geologia\/\" class=\"list-group-item\">\n                    <div class=\"row\">\n                        <div class=\"col-md-12\">\n                            <p class=\"list-group-item-date\">\n                                17 Jul 2024 - 08:56 UTC                            <\/p>\n                            <p class=\"list-group-item-text\">Elecci\u00f3n de los miembros de la la Comisi\u00f3n de selecci\u00f3n de la plaza DF1597 Profesor\/a Titular de la ULL adscrita al Departamento de Biolog\u00eda Animal, Edafolog\u00eda y Geolog\u00eda<\/p>\n                        <\/div>\n                    <\/div>\n                <\/a>\n                            <a href=\"https:\/\/www.ull.es\/portal\/noticias\/2021\/convocatoria-de-contratacion-para-la-provision-de-plazas-de-personal-docente-e-investigador-contratado-temporal-en-regimen-de-derecho-laboral\/\" class=\"list-group-item\">\n                    <div class=\"row\">\n                        <div class=\"col-md-12\">\n                            <p class=\"list-group-item-date\">\n                                17 Mar 2021 - 09:00 UTC                            <\/p>\n                            <p class=\"list-group-item-text\">Convocatoria de contrataci\u00f3n para la provisi\u00f3n de plazas de personal docente e investigador contratado temporal en r\u00e9gimen de derecho laboral<\/p>\n                        <\/div>\n                    <\/div>\n                <\/a>\n                            <a href=\"https:\/\/www.ull.es\/portal\/noticias\/2020\/convocatoria-de-elecciones-a-representantes-en-el-claustro-de-la-universidad-de-la-laguna\/\" class=\"list-group-item\">\n                    <div class=\"row\">\n                        <div class=\"col-md-12\">\n                            <p class=\"list-group-item-date\">\n                                08 Oct 2020 - 13:28 UTC                            <\/p>\n                            <p class=\"list-group-item-text\">Convocatoria de elecciones a representantes en el Claustro de la Universidad de La Laguna<\/p>\n                        <\/div>\n                    <\/div>\n                <\/a>\n                <\/div>\n    <div class=\"panel-footer\">\n        <a href=\"https:\/\/www.ull.es\/portal\/noticias\/?cat=3157\">M\u00c1S NOTIFICACIONES <i class=\"fa fa-chevron-right\"><\/i><\/a>\n    <\/div>\n\n\n<\/div>[\/vc_column_text][\/vc_column][\/vc_row]<\/p>\n","protected":false},"excerpt":{"rendered":"<p>[vc_row full_width=\u00bbstretch_row\u00bb content_placement=\u00bbmiddle\u00bb css=\u00bb.vc_custom_1507636927883{background-image: url(http:\/\/www.ull.es\/departamentos\/biologia-animal-edafologia-geologia\/wp-content\/uploads\/sites\/7\/2017\/10\/imagen-departamento-4.jpg?id=203) !important;background-position: center !important;background-repeat: no-repeat !important;background-size: cover !important;}\u00bb][vc_column css=\u00bb.vc_custom_1494852981099{padding-top: 80px !important;padding-bottom: 120px !important;}\u00bb][vc_column_text el_class=\u00bbtitle-departamento\u00bb][\/vc_column_text][\/vc_column][\/vc_row][vc_row content_placement=\u00bbmiddle\u00bb css=\u00bb.vc_custom_1493298843177{padding-bottom: 35px !important;}\u00bb][vc_column css=\u00bb.vc_custom_1493296994985{margin-top: -50px !important;background-color: #ffffff !important;}\u00bb][vc_column_text css=\u00bb.vc_custom_1495095815679{padding-right: 35px !important;padding-left: 35px !important;}\u00bb][\/vc_column_text][\/vc_column][\/vc_row][vc_row full_width=\u00bbstretch_row\u00bb css=\u00bb.vc_custom_1500894075041{padding-top: 50px !important;padding-bottom: 50px !important;background-color: #eeeeee !important;}\u00bb el_class=\u00bbvc-bloque-destacado bloque-destacado\u00bb][vc_column][vc_row_inner][vc_column_inner width=\u00bb1\/4&#8243;][vc_column_text]Informaci\u00f3n, ubicaci\u00f3n y contacto[\/vc_column_text][\/vc_column_inner][vc_column_inner width=\u00bb1\/4&#8243;][vc_column_text]Normativa del departamento [\/vc_column_text][\/vc_column_inner][vc_column_inner width=\u00bb1\/4&#8243;][vc_column_text]Personal asociado al departamento [\/vc_column_text][\/vc_column_inner][vc_column_inner&#8230;<\/p>\n","protected":false},"author":1,"featured_media":0,"parent":0,"menu_order":0,"comment_status":"closed","ping_status":"open","template":"templates\/template-frontpage.php","meta":[],"_links":{"self":[{"href":"https:\/\/www.ull.es\/departamentos\/biologia-animal-edafologia-geologia\/wp-json\/wp\/v2\/pages\/133"}],"collection":[{"href":"https:\/\/www.ull.es\/departamentos\/biologia-animal-edafologia-geologia\/wp-json\/wp\/v2\/pages"}],"about":[{"href":"https:\/\/www.ull.es\/departamentos\/biologia-animal-edafologia-geologia\/wp-json\/wp\/v2\/types\/page"}],"author":[{"embeddable":true,"href":"https:\/\/www.ull.es\/departamentos\/biologia-animal-edafologia-geologia\/wp-json\/wp\/v2\/users\/1"}],"replies":[{"embeddable":true,"href":"https:\/\/www.ull.es\/departamentos\/biologia-animal-edafologia-geologia\/wp-json\/wp\/v2\/comments?post=133"}],"version-history":[{"count":10,"href":"https:\/\/www.ull.es\/departamentos\/biologia-animal-edafologia-geologia\/wp-json\/wp\/v2\/pages\/133\/revisions"}],"predecessor-version":[{"id":211,"href":"https:\/\/www.ull.es\/departamentos\/biologia-animal-edafologia-geologia\/wp-json\/wp\/v2\/pages\/133\/revisions\/211"}],"wp:attachment":[{"href":"https:\/\/www.ull.es\/departamentos\/biologia-animal-edafologia-geologia\/wp-json\/wp\/v2\/media?parent=133"}],"curies":[{"name":"wp","href":"https:\/\/api.w.org\/{rel}","templated":true}]}}