{"id":228,"date":"2021-06-08T11:05:27","date_gmt":"2021-06-08T11:05:27","guid":{"rendered":"https:\/\/www.ull.es\/departamentos\/biologia-animal-edafologia-geologia\/?page_id=228"},"modified":"2023-10-05T13:14:01","modified_gmt":"2023-10-05T13:14:01","slug":"tablon-de-anuncios","status":"publish","type":"page","link":"https:\/\/www.ull.es\/departamentos\/biologia-animal-edafologia-geologia\/tablon-de-anuncios\/","title":{"rendered":"Tabl\u00f3n de anuncios"},"content":{"rendered":"<p>[vc_row][vc_column][vc_column_text]<\/p>\n<h1>Tabl\u00f3n de anuncios<\/h1>\n<p>[\/vc_column_text][\/vc_column][\/vc_row][vc_row][vc_column][vc_tta_accordion shape=\u00bbsquare\u00bb c_icon=\u00bbchevron\u00bb c_position=\u00bbright\u00bb active_section=\u00bb0&#8243; no_fill=\u00bbtrue\u00bb collapsible_all=\u00bbtrue\u00bb title=\u00bbPlazas vacantes\u00bb][vc_tta_section title=\u00bbDL0234&#8243; tab_id=\u00bbDL0234&#8243;][vc_column_text]<\/p>\n<ul>\n<li><a href=\"https:\/\/drive.google.com\/file\/d\/1qYjRoVZ0WW-e0EkaKhBWY4pnM03nI66t\/view?usp=sharing\" target=\"_blank\" rel=\"noopener\" target=\"_blank\" rel=\"noopener\">\u00a0Informe Motivado propuesta candidatos plaza ayudante doctor DL0234<\/a><\/li>\n<li><a href=\"https:\/\/drive.google.com\/file\/d\/1N4DAsNcBCN1r_0BxsCXXxP0Grb44siju\/view?usp=sharing\" target=\"_blank\" rel=\"noopener\" target=\"_blank\" rel=\"noopener\">Certificado Acuerdo del Departamento para la plaza DL0234<\/a><\/li>\n<\/ul>\n<p>[\/vc_column_text][\/vc_tta_section][vc_tta_section title=\u00bbDL1671&#8243; tab_id=\u00bbDL1671&#8243;][vc_column_text]<a href=\"https:\/\/drive.google.com\/file\/d\/1HNj-2ho6hfIO6r_DGTG9PaFJRi11N_G7\/view?usp=sharing\" target=\"_blank\" rel=\"noopener\" target=\"_blank\" rel=\"noopener\">Resumen de Candidaturas Plaza DL 1671<\/a><\/p>\n<p>Baremaciones pormenorizadas de los candidatos:<\/p>\n<ul>\n<li><a href=\"https:\/\/drive.google.com\/file\/d\/1X9B71_lePfUT9pxyoEZQMeVokRjNLQQY\/view?usp=sharing\" target=\"_blank\" rel=\"noopener\" target=\"_blank\" rel=\"noopener\">Nuria Esther Mac\u00edas Hern\u00e1ndez<\/a><\/li>\n<li><a href=\"https:\/\/drive.google.com\/file\/d\/1UavENfgeda6nE6rcuy_UvQMca9NkGhhv\/view?usp=sharing\" target=\"_blank\" rel=\"noopener\" target=\"_blank\" rel=\"noopener\">Aar\u00f3n Gonz\u00e1lez Castro<\/a><\/li>\n<li><a href=\"https:\/\/drive.google.com\/file\/d\/148HE3ZObaKNLmUZabq7V5-4Od5VJ2aj_\/view?usp=sharing\" target=\"_blank\" rel=\"noopener\" target=\"_blank\" rel=\"noopener\">Adriana Rodr\u00edguez Hern\u00e1ndez<\/a><\/li>\n<li><a href=\"https:\/\/drive.google.com\/file\/d\/1X1lOd85Pm4dWNzQn4kR2rAkn-jBeBN6o\/view?usp=sharing\" target=\"_blank\" rel=\"noopener\" target=\"_blank\" rel=\"noopener\">Cataixa Mar\u00eda L\u00f3pez Batista<\/a><\/li>\n<li><a href=\"https:\/\/drive.google.com\/file\/d\/170p9UeR4iZ_Y47jh2hTZLUH03BcBtqnN\/view?usp=sharing\" target=\"_blank\" rel=\"noopener\" target=\"_blank\" rel=\"noopener\">Patricia Arranz Alonso<\/a><\/li>\n<li><a href=\"https:\/\/drive.google.com\/file\/d\/1D4WWQrxOfgWQ12Wj7DxZEug4zsJ9nAGt\/view?usp=sharing\" target=\"_blank\" rel=\"noopener\" target=\"_blank\" rel=\"noopener\">Mar\u00eda Del Carmen Lozano Francisco<\/a><\/li>\n<li><a href=\"https:\/\/drive.google.com\/file\/d\/1u7DNc0JcL5CK-hiPjzba3imDCrIdnQNj\/view?usp=sharing\" target=\"_blank\" rel=\"noopener\" target=\"_blank\" rel=\"noopener\">Margarita Mulero Pazmany<\/a><\/li>\n<li><a href=\"https:\/\/drive.google.com\/file\/d\/1naEWE7Zt0JuP6o-bocnbU5Dqzn7zEtUC\/view?usp=sharing\" target=\"_blank\" rel=\"noopener\" target=\"_blank\" rel=\"noopener\">Deiene Rodr\u00edguez Barreto<\/a><\/li>\n<li><a href=\"https:\/\/drive.google.com\/file\/d\/1WTYPF-ca7y6MAglXU6qEFaOg7DPSoivV\/view?usp=sharing\" target=\"_blank\" rel=\"noopener\" target=\"_blank\" rel=\"noopener\">David Dom\u00ednguez Montesdeoca<\/a><\/li>\n<li><a href=\"https:\/\/drive.google.com\/file\/d\/1MJeb4wpgNpsHrw-mL6CsZnxxbv2N9V6A\/view?usp=sharing\" target=\"_blank\" rel=\"noopener\" target=\"_blank\" rel=\"noopener\">Mario Garrido Escudero<\/a><\/li>\n<li><a href=\"https:\/\/drive.google.com\/file\/d\/12BZ1Ix4rZrvBZnXufyTmDtU-JVwBpxML\/view?usp=sharing\" target=\"_blank\" rel=\"noopener\" target=\"_blank\" rel=\"noopener\">Airam Rodr\u00edguez Mart\u00edn<\/a><\/li>\n<li><a href=\"https:\/\/drive.google.com\/file\/d\/15YUuVOJ_tzmp-Qp5n5ugaBf7sh9u523O\/view?usp=sharing\" target=\"_blank\" rel=\"noopener\" target=\"_blank\" rel=\"noopener\">Nicol\u00e1s Palanca Castan<\/a><\/li>\n<li><a href=\"https:\/\/drive.google.com\/file\/d\/1H6axEAOqs0InqoAYq4y6uHAXbQd-jOev\/view?usp=sharing\" target=\"_blank\" rel=\"noopener\" target=\"_blank\" rel=\"noopener\">Mar\u00eda Del Carmen Gonz\u00e1lez Montelongo<\/a><\/li>\n<li><a href=\"https:\/\/drive.google.com\/file\/d\/1cZvJSllgX1mH2nwHtTwuS5-fS-l9YXS2\/view?usp=sharing\" target=\"_blank\" rel=\"noopener\" target=\"_blank\" rel=\"noopener\">Enrique Lozano Bilbao<\/a><\/li>\n<\/ul>\n<p>[\/vc_column_text][\/vc_tta_section][vc_tta_section title=\u00bbDL1670&#8243; tab_id=\u00bbplaza\u00bb][vc_column_text]<\/p>\n<ul>\n<li><a href=\"https:\/\/drive.google.com\/file\/d\/1JX6Cfywo5rcRZ9FrTcBmL_R-ijoI2OgN\/view?usp=sharing\" target=\"_blank\" rel=\"noopener\" target=\"_blank\" rel=\"noopener\">Resumen de candidaturas<\/a><\/li>\n<li><a href=\"https:\/\/drive.google.com\/file\/d\/1EHLlrBnRBhxgRhBkbyUcCFjOAR0zv-Vz\/view?usp=sharing\" target=\"_blank\" rel=\"noopener\" target=\"_blank\" rel=\"noopener\">Baremaci\u00f3n pormenorizada de Sergio Joaqu\u00edn\u00c1lvarez M\u00e9ndez<\/a><\/li>\n<li><a href=\"https:\/\/drive.google.com\/file\/d\/1kIOfFbbhBnl0bWsyWicigG3LlQjS3WEG\/view?usp=sharing\" target=\"_blank\" rel=\"noopener\" target=\"_blank\" rel=\"noopener\">Baremaci\u00f3n pormenorizada de Andr\u00e9s Rodr\u00edguez Seijo<\/a><\/li>\n<li><a href=\"https:\/\/drive.google.com\/file\/d\/1BOHkYx4qn_w3-smERuHaQnLj8ZlxJqFa\/view?usp=sharing\" target=\"_blank\" rel=\"noopener\" target=\"_blank\" rel=\"noopener\">Baremaci\u00f3n pormenorizada de Sa\u00fal de la Pe\u00f1a<\/a><\/li>\n<li><a href=\"https:\/\/drive.google.com\/file\/d\/1UmjgWsJqt87EOSxp2PIzV7oWyt1TwjBw\/view?usp=sharing\" target=\"_blank\" rel=\"noopener\" target=\"_blank\" rel=\"noopener\">Baremaci\u00f3n pormenorizada de Jonay Neris Tom\u00e9<\/a><\/li>\n<\/ul>\n<p>[\/vc_column_text][\/vc_tta_section][vc_tta_section title=\u00bbNDF0053&#8243; tab_id=\u00bb1625472600075-b1ab3ff2-6357&#8243;][vc_column_text]<\/p>\n<ul>\n<li><a href=\"https:\/\/drive.google.com\/file\/d\/19MLABX1zjvrTDVF-eDHsml7Tt9MgE-Ak\/view?usp=sharing\" target=\"_blank\" rel=\"noopener\" target=\"_blank\" rel=\"noopener\">Resumen de candidaturas<\/a><\/li>\n<li><a href=\"https:\/\/drive.google.com\/file\/d\/1L4ubeY2iTz5ICXWMDu0A-fy2qHvPVlIm\/view?usp=sharing\" target=\"_blank\" rel=\"noopener\" target=\"_blank\" rel=\"noopener\">Baremaci\u00f3n pormenorizada de Nuria Esther \u00c1lvarez Regalado<\/a><\/li>\n<li><a href=\"https:\/\/drive.google.com\/file\/d\/14eCbL57RFfRpoiHFx-svXOpeu0E_xVOS\/view?usp=sharing\" target=\"_blank\" rel=\"noopener\" target=\"_blank\" rel=\"noopener\">Baremaci\u00f3n pormenorizada de Sergio Joaqu\u00edn \u00c1lvarez M\u00e9ndez<\/a><\/li>\n<li><a href=\"https:\/\/drive.google.com\/file\/d\/18NzdnHZvgGisTTw2bDUmwcOKDlNiEkW0\/view?usp=sharing\" target=\"_blank\" rel=\"noopener\" target=\"_blank\" rel=\"noopener\">Baremaci\u00f3n pormenorizada de Jose Luis Cruz Garc\u00eda<\/a><\/li>\n<li><a href=\"https:\/\/drive.google.com\/file\/d\/1kZBcq-urzNpJ3c0UcthkSJUTcHDxH8E1\/view?usp=sharing\" target=\"_blank\" rel=\"noopener\" target=\"_blank\" rel=\"noopener\">Baremaci\u00f3n pormenorizada de Jonay Neris Tom\u00e9<\/a><\/li>\n<\/ul>\n<p>[\/vc_column_text][\/vc_tta_section][vc_tta_section title=\u00bbDL 1831&#8243; tab_id=\u00bbplaza-DL1831&#8243;][vc_column_text]<\/p>\n<ul>\n<li><a href=\"https:\/\/drive.google.com\/file\/d\/1vVcJhlzFR3cHUktWvHBrzDA4VBNun29j\/view?usp=sharing\" target=\"_blank\" rel=\"noopener\" target=\"_blank\" rel=\"noopener\">Comisi\u00f3n de baremaci\u00f3n<\/a><\/li>\n<li><a href=\"https:\/\/drive.google.com\/file\/d\/1Wg_gdkZVQuxS-gPVVLwyBpcBpJaw3RFM\/view?usp=share_link\" target=\"_blank\" rel=\"noopener\" target=\"_blank\" rel=\"noopener\">Informe Motivado propuesta\u00a0candidatos plaza ayudante doctor DL1831<\/a><\/li>\n<li><a href=\"https:\/\/drive.google.com\/file\/d\/1B-u3TnJLm2vShqdFMqTFCX89aua4XRKs\/view?usp=share_link\" target=\"_blank\" rel=\"noopener\" target=\"_blank\" rel=\"noopener\">Certificado Acuerdo del Departamento para la plaza DL1831<\/a><\/li>\n<\/ul>\n<p>[\/vc_column_text][\/vc_tta_section][\/vc_tta_accordion][\/vc_column][\/vc_row]<\/p>\n","protected":false},"excerpt":{"rendered":"<p>[vc_row][vc_column][vc_column_text] Tabl\u00f3n de anuncios [\/vc_column_text][\/vc_column][\/vc_row][vc_row][vc_column][vc_tta_accordion shape=\u00bbsquare\u00bb c_icon=\u00bbchevron\u00bb c_position=\u00bbright\u00bb active_section=\u00bb0&#8243; no_fill=\u00bbtrue\u00bb collapsible_all=\u00bbtrue\u00bb title=\u00bbPlazas vacantes\u00bb][vc_tta_section title=\u00bbDL0234&#8243; tab_id=\u00bbDL0234&#8243;][vc_column_text] \u00a0Informe Motivado propuesta candidatos plaza ayudante doctor DL0234 Certificado Acuerdo del Departamento para la plaza DL0234 [\/vc_column_text][\/vc_tta_section][vc_tta_section title=\u00bbDL1671&#8243; tab_id=\u00bbDL1671&#8243;][vc_column_text]Resumen de Candidaturas Plaza DL 1671 Baremaciones pormenorizadas de los candidatos: Nuria Esther Mac\u00edas Hern\u00e1ndez Aar\u00f3n Gonz\u00e1lez Castro Adriana Rodr\u00edguez Hern\u00e1ndez Cataixa&#8230;<\/p>\n","protected":false},"author":4,"featured_media":0,"parent":0,"menu_order":0,"comment_status":"closed","ping_status":"closed","template":"","meta":[],"_links":{"self":[{"href":"https:\/\/www.ull.es\/departamentos\/biologia-animal-edafologia-geologia\/wp-json\/wp\/v2\/pages\/228"}],"collection":[{"href":"https:\/\/www.ull.es\/departamentos\/biologia-animal-edafologia-geologia\/wp-json\/wp\/v2\/pages"}],"about":[{"href":"https:\/\/www.ull.es\/departamentos\/biologia-animal-edafologia-geologia\/wp-json\/wp\/v2\/types\/page"}],"author":[{"embeddable":true,"href":"https:\/\/www.ull.es\/departamentos\/biologia-animal-edafologia-geologia\/wp-json\/wp\/v2\/users\/4"}],"replies":[{"embeddable":true,"href":"https:\/\/www.ull.es\/departamentos\/biologia-animal-edafologia-geologia\/wp-json\/wp\/v2\/comments?post=228"}],"version-history":[{"count":17,"href":"https:\/\/www.ull.es\/departamentos\/biologia-animal-edafologia-geologia\/wp-json\/wp\/v2\/pages\/228\/revisions"}],"predecessor-version":[{"id":252,"href":"https:\/\/www.ull.es\/departamentos\/biologia-animal-edafologia-geologia\/wp-json\/wp\/v2\/pages\/228\/revisions\/252"}],"wp:attachment":[{"href":"https:\/\/www.ull.es\/departamentos\/biologia-animal-edafologia-geologia\/wp-json\/wp\/v2\/media?parent=228"}],"curies":[{"name":"wp","href":"https:\/\/api.w.org\/{rel}","templated":true}]}}