{"id":80,"date":"2017-05-11T12:37:19","date_gmt":"2017-05-11T12:37:19","guid":{"rendered":"http:\/\/www.ull.es\/departamentos\/ingenieria-informatica-sistemas\/?page_id=9"},"modified":"2018-06-13T08:40:30","modified_gmt":"2018-06-13T08:40:30","slug":"informacion-ubicacion-y-contacto","status":"publish","type":"page","link":"https:\/\/www.ull.es\/departamentos\/biologia-animal-edafologia-geologia\/informacion-ubicacion-y-contacto\/","title":{"rendered":"Informaci\u00f3n, ubicaci\u00f3n y contacto"},"content":{"rendered":"<p>[vc_row][vc_column width=\u00bb2\/3&#8243; el_class=\u00bbpadding-50-right\u00bb css=\u00bb.vc_custom_1494506721665{padding-right: 50px !important;}\u00bb][vc_column_text]<\/p>\n<h1>Presentaci\u00f3n<\/h1>\n<p>[\/vc_column_text][vc_column_text el_id=\u00bbpresentacion\u00bb]\n<div class=\"shortcode-descripcion\">\n    <p>El Departamento de Biolog\u00eda Animal, Edafolog\u00eda y Geolog\u00eda es el \u00f3rgano encargado de organizar, desarrollar, coordinar y evaluar las ense\u00f1anzas propias de las \u00e1reas de conocimiento adscritas al mismo. Imparte docencia de Grado en el Grado en Biolog\u00eda y Grado en Ciencias Ambientales de la Facultad de Ciencias, y en el Grado en Ingenier\u00eda Civil y Grado en Ingenier\u00eda Agr\u00edcola y Medio Rural de la Escuela Polit\u00e9cnica Superior de Ingenier\u00eda. Tambi\u00e9n imparte docencia de Posgrado. Promueve, coordina y desarrolla la investigaci\u00f3n, apoyando las iniciativas docentes e investigadoras de los grupos de investigaci\u00f3n en que se integren sus miembros.<\/p><\/div>\n\n[\/vc_column_text][vc_empty_space height=\u00bb40px\u00bb][vc_column_text el_id=\u00bbareas-de-conocimiento\u00bb]\n<style>\n    .shortcode-areas h2 {\n        margin-bottom: 10px !important;\n    }\n<\/style>\n\n<div class=\"shortcode-areas\">\n    <h2>\u00c1reas de conocimiento<\/h2><ul><li>Zoolog\u00eda.<\/li><li>Petrolog\u00eda y Geoqu\u00edmica.<\/li><li>Paleontolog\u00eda.<\/li><li>Edafolog\u00eda y Qu\u00edmica Agr\u00edcola.<\/li><\/ul><\/div>\n\n[\/vc_column_text][vc_empty_space height=\u00bb40px\u00bb][vc_column_text el_id=\u00bborganigrama\u00bb]<\/p>\n<h1>Organigrama<\/h1>\n<p>[\/vc_column_text][vc_column_text]\n<style>\n    .shortcode-equipo h2 {\n        margin-bottom: 10px !important;\n    }\n<\/style>\n\n<div class=\"shortcode-equipo\">\n    <h2>Equipo de direcci\u00f3n<\/h2><dl><dt><strong>Director<\/strong><\/dt><dd> <a href='https:\/\/www.ull.es\/directorio\/search\/?busqueda=Ram\u00f3n Casillas Ruiz' target='_blank'>Ram\u00f3n Casillas Ruiz<\/a><\/dd><dt><strong>Subdirectora<\/strong><\/dt><dd> <a href='https:\/\/www.ull.es\/directorio\/search\/?busqueda=Mar\u00eda Sabrina Clemente Mart\u00edn' target='_blank'>Mar\u00eda Sabrina Clemente Mart\u00edn<\/a><\/dd><dt><strong>Secretario<\/strong><\/dt><dd> <a href='https:\/\/www.ull.es\/directorio\/search\/?busqueda=Jes\u00fas Santiago Notario del Pino' target='_blank'>Jes\u00fas Santiago Notario del Pino<\/a><\/dd><\/dl><h2>Personal de administraci\u00f3n<\/h2><dl><dt><strong>Administrativo<\/strong><\/dt><dd> <a href='https:\/\/www.ull.es\/directorio\/search\/?busqueda=Emilio Jos\u00e9 Amaya Ramos' target='_blank'>Emilio Jos\u00e9 Amaya Ramos<\/a><\/dd><\/dl>\n<\/div>\n[\/vc_column_text][\/vc_column][vc_column width=\u00bb1\/3&#8243;][vc_column_text]<a class=\"btn-destacado\" href=\"https:\/\/riull.ull.es\/xmlui\/handle\/915\/6020\" target=\"_blank\" rel=\"noopener\" target=\"_blank\" rel=\"noopener\">Consultar normativa del departamento<i class=\"fa fa-arrow-right\"><\/i><\/a>[\/vc_column_text][vc_column_text]<a class=\"btn-destacado\" href=\"https:\/\/drive.google.com\/open?id=193Vd66-pKy_2w8eVqGPkvl9K3AjIOz5VEeE7M628tTk\" target=\"_blank\" rel=\"noopener\" target=\"_blank\" rel=\"noopener\">Consultar comisiones del departamento<i class=\"fa fa-arrow-right\"><\/i><\/a>[\/vc_column_text][vc_column_text]\n<ul class=\"widget-box\">\n<li class='contacto-header'>Informaci\u00f3n de contacto<\/li><li><i class=\"fa fa-map-marker\"><\/i> Avenida Astrof\u00edsico Francisco S\u00e1nchez, s\/n. Facultad de Ciencias. Secci\u00f3n de Biolog\u00eda. Apartado 456. C\u00f3digo postal 38200. San Crist\u00f3bal de La Laguna. S\/C de Tenerife<\/li><li><i class=\"fa fa-phone\"><\/i> (+34) 922 31 83 65<\/li><li><i class=\"fa fa-address-book-o\"><\/i> <a target=\"_blank\" href=\"https:\/\/www.ull.es\/directorio\/search\/?busqueda_uo=biologia-animal,-edafologia-y-geologia\">Directorio<\/a><\/li><li><i class=\"fa fa-envelope\"><\/i>  <a href=mailto:banieg@ull.es>banieg@ull.es<\/a><\/li>\n<\/ul>\n\n[\/vc_column_text][vc_column_text el_id=\u00bbubicacion\u00bb]\n    \n<style>\n    .google-maps {\n        position: relative;\n        padding-bottom: 75%;\n        height: 0;\n        overflow: hidden;\n    }\n    .google-maps iframe {\n        position: absolute;\n        top: 0;\n        left: 0;\n        width: 100% !important;\n        height: 100% !important;\n    }\n<\/style>\n\n\n<div class=\"google-maps\">\n    <iframe src=\"https:\/\/www.openstreetmap.org\/export\/embed.html?bbox=-16.32298017411%2C28.47641004426%2C-16.31683636452%2C28.48222226654&amp;layer=mapnik&amp;marker=28.480593%2C-16.320154\" style=\"border: 1px solid black\"><\/iframe>\n<\/div>\n\n<div class=\"btn-widget\">\n    <a href=\"https:\/\/www.openstreetmap.org\/directions?engine=graphhopper_car&from=&to=28.480593%2C-16.320154#map=17\/28.480593\/-16.320154\">C\u00f3mo llegar<\/a>  \n<\/div>\n\n  <\/body>\n<\/html>\n\n[\/vc_column_text][\/vc_column][\/vc_row]<\/p>\n","protected":false},"excerpt":{"rendered":"<p>[vc_row][vc_column width=\u00bb2\/3&#8243; el_class=\u00bbpadding-50-right\u00bb css=\u00bb.vc_custom_1494506721665{padding-right: 50px !important;}\u00bb][vc_column_text] Presentaci\u00f3n [\/vc_column_text][vc_column_text el_id=\u00bbpresentacion\u00bb][\/vc_column_text][vc_empty_space height=\u00bb40px\u00bb][vc_column_text el_id=\u00bbareas-de-conocimiento\u00bb][\/vc_column_text][vc_empty_space height=\u00bb40px\u00bb][vc_column_text el_id=\u00bborganigrama\u00bb] Organigrama [\/vc_column_text][vc_column_text][\/vc_column_text][\/vc_column][vc_column width=\u00bb1\/3&#8243;][vc_column_text]Consultar normativa del departamento[\/vc_column_text][vc_column_text]Consultar comisiones del departamento[\/vc_column_text][vc_column_text][\/vc_column_text][vc_column_text el_id=\u00bbubicacion\u00bb][\/vc_column_text][\/vc_column][\/vc_row]<\/p>\n","protected":false},"author":1,"featured_media":0,"parent":0,"menu_order":0,"comment_status":"closed","ping_status":"closed","template":"","meta":[],"_links":{"self":[{"href":"https:\/\/www.ull.es\/departamentos\/biologia-animal-edafologia-geologia\/wp-json\/wp\/v2\/pages\/80"}],"collection":[{"href":"https:\/\/www.ull.es\/departamentos\/biologia-animal-edafologia-geologia\/wp-json\/wp\/v2\/pages"}],"about":[{"href":"https:\/\/www.ull.es\/departamentos\/biologia-animal-edafologia-geologia\/wp-json\/wp\/v2\/types\/page"}],"author":[{"embeddable":true,"href":"https:\/\/www.ull.es\/departamentos\/biologia-animal-edafologia-geologia\/wp-json\/wp\/v2\/users\/1"}],"replies":[{"embeddable":true,"href":"https:\/\/www.ull.es\/departamentos\/biologia-animal-edafologia-geologia\/wp-json\/wp\/v2\/comments?post=80"}],"version-history":[{"count":6,"href":"https:\/\/www.ull.es\/departamentos\/biologia-animal-edafologia-geologia\/wp-json\/wp\/v2\/pages\/80\/revisions"}],"predecessor-version":[{"id":201,"href":"https:\/\/www.ull.es\/departamentos\/biologia-animal-edafologia-geologia\/wp-json\/wp\/v2\/pages\/80\/revisions\/201"}],"wp:attachment":[{"href":"https:\/\/www.ull.es\/departamentos\/biologia-animal-edafologia-geologia\/wp-json\/wp\/v2\/media?parent=80"}],"curies":[{"name":"wp","href":"https:\/\/api.w.org\/{rel}","templated":true}]}}