{"id":81,"date":"2017-05-11T12:57:04","date_gmt":"2017-05-11T12:57:04","guid":{"rendered":"http:\/\/www.ull.es\/departamentos\/ingenieria-informatica-sistemas\/?page_id=16"},"modified":"2017-06-16T11:24:33","modified_gmt":"2017-06-16T11:24:33","slug":"personal","status":"publish","type":"page","link":"https:\/\/www.ull.es\/departamentos\/biologia-animal-edafologia-geologia\/personal\/","title":{"rendered":"Personal"},"content":{"rendered":"<p>[vc_row css=\u00bb.vc_custom_1497445297003{margin-bottom: 20px !important;}\u00bb][vc_column][vc_column_text]<\/p>\n<h1>Personal<\/h1>\n<p>[\/vc_column_text][\/vc_column][\/vc_row][vc_row][vc_column][vc_column_text]\n<link rel=\"stylesheet\" href=\"https:\/\/cdn.datatables.net\/1.10.15\/css\/dataTables.bootstrap.min.css\">\n<script src=\"https:\/\/cdn.datatables.net\/1.10.15\/js\/jquery.dataTables.min.js\"><\/script>\n<script src=\"https:\/\/cdn.datatables.net\/1.10.15\/js\/dataTables.bootstrap.min.js\"><\/script>\n<script src=\"https:\/\/cdn.datatables.net\/plug-ins\/1.10.21\/sorting\/chinese-string.js\"><\/script>\n\n<style>\n\n    #personal {\n        font-size: 13px;\n    }\n\n    .row.tabla{\n        margin-bottom: 20px !important;\n        margin-top: 20px !important;\n        font-size: 14px;\n    }\n\n    div.toolbar{\n        \/*text-align: center;*\/\n    }\n\n    .input-sm {\n        font-size: 16px;\n        \/* max-width: 200px;*\/\n    }\n\n    div.toolbar select{\n        margin: 0 10px;\n    }\n\n    table.dataTable thead .sorting:after {\n        opacity: 0.2;\n        content: \"\\f0ec\";\n        -webkit-transform: rotate(90deg);\n        -moz-transform: rotate(90deg);\n        -o-transform: rotate(90deg);\n        -ms-transform: rotate(90deg);\n        transform: rotate(90deg);\n    }\n\n    table.dataTable thead .sorting_asc:after {\n        content: \"\\f160\";\n    }\n    table.dataTable thead .sorting_desc:after {\n        content: \"\\f161 \";\n    }\n    table.dataTable thead .sorting:after, table.dataTable thead .sorting_asc:after, table.dataTable thead .sorting_desc:after, table.dataTable thead .sorting_asc_disabled:after, table.dataTable thead .sorting_desc_disabled:after {\n        font-family: 'FontAwesome';\n    }\n\n    .btn-directorio {\n        font-size: 13px;\n        text-align: center;\n        display: block;\n    }\n\n<\/style>\n\n<div class=\"table-responsive\">\n    <table id=\"personal\" class=\"table table-bordered table-condensed table-hover\" cellspacing=\"0\" width=\"100%\"  data-page-length=\"25\">\n        <thead>\n        <tr>\n            <th>Apellidos<\/th>\n            <th>Nombre<\/th>\n            <th>Email<\/th>\n            <th>\u00c1rea<\/th>\n            <th>Categor\u00eda<\/th>\n            <th>Rol<\/th>\n            <th>Info.<\/th>\n        <\/tr>\n        <\/thead>\n\n        <tbody>\n        <tr><td>Arbelo Rodr\u00edguez<\/td><td>Carmen Dolores<\/td><td><a href=mailto:carbelo@ull.es>carbelo@ull.es<\/a><\/td><td>Edafolog\u00eda y Qu\u00edmica Agr\u00edcola<\/td><td>Profesor Titular Universidad<\/td><td>PDI<\/td><td><a class='btn-directorio' href='https:\/\/www.ull.es\/directorio\/search\/?busqueda=Carmen Dolores Arbelo Rodr\u00edguez' target='_blank'><i class='fa fa-search-plus'><\/i><\/a><\/td><\/tr><tr><td>Chinea Correa<\/td><td>Eduardo Antonio<\/td><td><a href=mailto:echinea@ull.es>echinea@ull.es<\/a><\/td><td>Edafolog\u00eda y Qu\u00edmica Agr\u00edcola<\/td><td>Profesor Titular Universidad<\/td><td>PDI<\/td><td><a class='btn-directorio' href='https:\/\/www.ull.es\/directorio\/search\/?busqueda=Eduardo Antonio Chinea Correa' target='_blank'><i class='fa fa-search-plus'><\/i><\/a><\/td><\/tr><tr><td>D\u00edaz Pe\u00f1a<\/td><td>Francisco Javier<\/td><td><a href=mailto:fjdiazpe@ull.es>fjdiazpe@ull.es<\/a><\/td><td>Edafolog\u00eda y Qu\u00edmica Agr\u00edcola<\/td><td>Profesor Titular Universidad<\/td><td>PDI<\/td><td><a class='btn-directorio' href='https:\/\/www.ull.es\/directorio\/search\/?busqueda=Francisco Javier D\u00edaz Pe\u00f1a' target='_blank'><i class='fa fa-search-plus'><\/i><\/a><\/td><\/tr><tr><td>Jim\u00e9nez Mendoza<\/td><td>Carmen Concepci\u00f3n<\/td><td><a href=mailto:cacojime@ull.es>cacojime@ull.es<\/a><\/td><td>Edafolog\u00eda y Qu\u00edmica Agr\u00edcola<\/td><td>Profesor Titular Universidad<\/td><td>PDI<\/td><td><a class='btn-directorio' href='https:\/\/www.ull.es\/directorio\/search\/?busqueda=Carmen Concepci\u00f3n Jim\u00e9nez Mendoza' target='_blank'><i class='fa fa-search-plus'><\/i><\/a><\/td><\/tr><tr><td>Neris Tom\u00e9<\/td><td>Jonay<\/td><td><a href=mailto:jneris@ull.es>jneris@ull.es<\/a><\/td><td>Edafolog\u00eda y Qu\u00edmica Agr\u00edcola<\/td><td>Profesor Ayudante Doctor<\/td><td>PDI<\/td><td><a class='btn-directorio' href='https:\/\/www.ull.es\/directorio\/search\/?busqueda=Jonay Neris Tom\u00e9' target='_blank'><i class='fa fa-search-plus'><\/i><\/a><\/td><\/tr><tr><td>Notario del Pino<\/td><td>Jes\u00fas Santiago<\/td><td><a href=mailto:jnotario@ull.es>jnotario@ull.es<\/a><\/td><td>Edafolog\u00eda y Qu\u00edmica Agr\u00edcola<\/td><td>Profesor Titular Universidad<\/td><td>PDI<\/td><td><a class='btn-directorio' href='https:\/\/www.ull.es\/directorio\/search\/?busqueda=Jes\u00fas Santiago Notario del Pino' target='_blank'><i class='fa fa-search-plus'><\/i><\/a><\/td><\/tr><tr><td>Tejedor Salguero<\/td><td>Mar\u00eda Luisa<\/td><td><a href=mailto:martesa@ull.es>martesa@ull.es<\/a><\/td><td>Edafolog\u00eda y Qu\u00edmica Agr\u00edcola<\/td><td>Profesor Em\u00e9rito<\/td><td>PDI<\/td><td><a class='btn-directorio' href='https:\/\/www.ull.es\/directorio\/search\/?busqueda=Mar\u00eda Luisa Tejedor Salguero' target='_blank'><i class='fa fa-search-plus'><\/i><\/a><\/td><\/tr><tr><td>Castillo Ruiz<\/td><td>Carolina<\/td><td><a href=mailto:ccruiz@ull.es>ccruiz@ull.es<\/a><\/td><td>Paleontolog\u00eda<\/td><td>Profesor Titular Universidad<\/td><td>PDI<\/td><td><a class='btn-directorio' href='https:\/\/www.ull.es\/directorio\/search\/?busqueda=Carolina Castillo Ruiz' target='_blank'><i class='fa fa-search-plus'><\/i><\/a><\/td><\/tr><tr><td>Cruzado Caballero<\/td><td>Pen\u00e9lope<\/td><td><a href=mailto:pcruzado@ull.es>pcruzado@ull.es<\/a><\/td><td>Paleontolog\u00eda<\/td><td>Profesor Titular Universidad<\/td><td>PDI<\/td><td><a class='btn-directorio' href='https:\/\/www.ull.es\/directorio\/search\/?busqueda=Pen\u00e9lope Cruzado Caballero' target='_blank'><i class='fa fa-search-plus'><\/i><\/a><\/td><\/tr><tr><td>Acosta Gonz\u00e1lez<\/td><td>Nieves Guadalupe<\/td><td><a href=mailto:ngacosta@ull.es>ngacosta@ull.es<\/a><\/td><td>Personal De Administraci\u00f3n Y Servicios<\/td><td>Tecnico de Laboratorio<\/td><td>PAS<\/td><td><a class='btn-directorio' href='https:\/\/www.ull.es\/directorio\/search\/?busqueda=Nieves Guadalupe Acosta Gonz\u00e1lez' target='_blank'><i class='fa fa-search-plus'><\/i><\/a><\/td><\/tr><tr><td>C\u00f3mez Alba<\/td><td>Ana Beatriz<\/td><td><a href=mailto:acomez@ull.es>acomez@ull.es<\/a><\/td><td>Personal De Administraci\u00f3n Y Servicios<\/td><td>Oficial<\/td><td>PAS<\/td><td><a class='btn-directorio' href='https:\/\/www.ull.es\/directorio\/search\/?busqueda=Ana Beatriz C\u00f3mez Alba' target='_blank'><i class='fa fa-search-plus'><\/i><\/a><\/td><\/tr><tr><td>Dom\u00ednguez Negr\u00edn<\/td><td>Laura<\/td><td><a href=mailto:ldomingn@ull.es>ldomingn@ull.es<\/a><\/td><td>Personal De Administraci\u00f3n Y Servicios<\/td><td>Tecnico de Laboratorio<\/td><td>PAS<\/td><td><a class='btn-directorio' href='https:\/\/www.ull.es\/directorio\/search\/?busqueda=Laura Dom\u00ednguez Negr\u00edn' target='_blank'><i class='fa fa-search-plus'><\/i><\/a><\/td><\/tr><tr><td>Duque P\u00e9rez<\/td><td>Francisco Jos\u00e9<\/td><td><a href=mailto:fjduque@ull.es>fjduque@ull.es<\/a><\/td><td>Personal De Administraci\u00f3n Y Servicios<\/td><td>Tecnico de Laboratorio<\/td><td>PAS<\/td><td><a class='btn-directorio' href='https:\/\/www.ull.es\/directorio\/search\/?busqueda=Francisco Jos\u00e9 Duque P\u00e9rez' target='_blank'><i class='fa fa-search-plus'><\/i><\/a><\/td><\/tr><tr><td>L\u00f3pez Labory<\/td><td>Celia<\/td><td><a href=mailto:clabory@ull.es>clabory@ull.es<\/a><\/td><td>Personal De Administraci\u00f3n Y Servicios<\/td><td>Tecnico de Laboratorio<\/td><td>PAS<\/td><td><a class='btn-directorio' href='https:\/\/www.ull.es\/directorio\/search\/?busqueda=Celia L\u00f3pez Labory' target='_blank'><i class='fa fa-search-plus'><\/i><\/a><\/td><\/tr><tr><td>Strancari Stockel<\/td><td>Teresa<\/td><td><a href=mailto:tstockel@ull.es>tstockel@ull.es<\/a><\/td><td>Personal De Administraci\u00f3n Y Servicios<\/td><td>Tecnico de Laboratorio<\/td><td>PAS<\/td><td><a class='btn-directorio' href='https:\/\/www.ull.es\/directorio\/search\/?busqueda=Teresa Strancari Stockel' target='_blank'><i class='fa fa-search-plus'><\/i><\/a><\/td><\/tr><tr><td>Ahijado Quintill\u00e1n<\/td><td>Agustina<\/td><td><a href=mailto:aahijado@ull.es>aahijado@ull.es<\/a><\/td><td>Petrolog\u00eda y Geoqu\u00edmica<\/td><td>Profesor Titular Universidad<\/td><td>PDI<\/td><td><a class='btn-directorio' href='https:\/\/www.ull.es\/directorio\/search\/?busqueda=Agustina Ahijado Quintill\u00e1n' target='_blank'><i class='fa fa-search-plus'><\/i><\/a><\/td><\/tr><tr><td>Casillas Ruiz<\/td><td>Ram\u00f3n<\/td><td><a href=mailto:rcasilla@ull.es>rcasilla@ull.es<\/a><\/td><td>Petrolog\u00eda y Geoqu\u00edmica<\/td><td>Catedratico de Universidad<\/td><td>PDI<\/td><td><a class='btn-directorio' href='https:\/\/www.ull.es\/directorio\/search\/?busqueda=Ram\u00f3n Casillas Ruiz' target='_blank'><i class='fa fa-search-plus'><\/i><\/a><\/td><\/tr><tr><td>Jambrina Enr\u00edquez<\/td><td>Margarita<\/td><td><a href=mailto:mjambrin@ull.es>mjambrin@ull.es<\/a><\/td><td>Petrolog\u00eda y Geoqu\u00edmica<\/td><td>Profesor Titular Universidad<\/td><td>PDI<\/td><td><a class='btn-directorio' href='https:\/\/www.ull.es\/directorio\/search\/?busqueda=Margarita Jambrina Enr\u00edquez' target='_blank'><i class='fa fa-search-plus'><\/i><\/a><\/td><\/tr><tr><td>Mart\u00edn Luis<\/td><td>Mar\u00eda Candelaria<\/td><td><a href=mailto:mcmartin@ull.es>mcmartin@ull.es<\/a><\/td><td>Petrolog\u00eda y Geoqu\u00edmica<\/td><td>Profesor Contratado Doctor (1)<\/td><td>PDI<\/td><td><a class='btn-directorio' href='https:\/\/www.ull.es\/directorio\/search\/?busqueda=Mar\u00eda Candelaria Mart\u00edn Luis' target='_blank'><i class='fa fa-search-plus'><\/i><\/a><\/td><\/tr><tr><td>Rodr\u00edguez Losada<\/td><td>Jos\u00e9 Antonio<\/td><td><a href=mailto:jrlosada@ull.es>jrlosada@ull.es<\/a><\/td><td>Petrolog\u00eda y Geoqu\u00edmica<\/td><td>Profesor Titular Universidad<\/td><td>PDI<\/td><td><a class='btn-directorio' href='https:\/\/www.ull.es\/directorio\/search\/?busqueda=Jos\u00e9 Antonio Rodr\u00edguez Losada' target='_blank'><i class='fa fa-search-plus'><\/i><\/a><\/td><\/tr><tr><td>Alc\u00e1zar Trevi\u00f1o<\/td><td>Jes\u00fas<\/td><td><a href=mailto:jalcazar@ull.es>jalcazar@ull.es<\/a><\/td><td>Zoolog\u00eda<\/td><td>Profesor Ayudante Doctor<\/td><td>PDI<\/td><td><a class='btn-directorio' href='https:\/\/www.ull.es\/directorio\/search\/?busqueda=Jes\u00fas Alc\u00e1zar Trevi\u00f1o' target='_blank'><i class='fa fa-search-plus'><\/i><\/a><\/td><\/tr><tr><td>Aliende Hern\u00e1ndez<\/td><td>Marina<\/td><td><a href=mailto:maliende@ull.es>maliende@ull.es<\/a><\/td><td>Zoolog\u00eda<\/td><td>Pers. Inv. en form. FPI\/FPU PREDOCTORAL<\/td><td>INV<\/td><td><a class='btn-directorio' href='https:\/\/www.ull.es\/directorio\/search\/?busqueda=Marina Aliende Hern\u00e1ndez' target='_blank'><i class='fa fa-search-plus'><\/i><\/a><\/td><\/tr><tr><td>Almunia Portol\u00e9s<\/td><td>Francisco Javier<\/td><td><a href=mailto:falmunia@ull.es>falmunia@ull.es<\/a><\/td><td>Zoolog\u00eda<\/td><td>Profesor Ayudante Doctor<\/td><td>PDI<\/td><td><a class='btn-directorio' href='https:\/\/www.ull.es\/directorio\/search\/?busqueda=Francisco Javier Almunia Portol\u00e9s' target='_blank'><i class='fa fa-search-plus'><\/i><\/a><\/td><\/tr><tr><td>Arranz Alonso<\/td><td>Patricia<\/td><td><a href=mailto:arranz@ull.es>arranz@ull.es<\/a><\/td><td>Zoolog\u00eda<\/td><td>Profesor Permanente Laboral<\/td><td>PDI<\/td><td><a class='btn-directorio' href='https:\/\/www.ull.es\/directorio\/search\/?busqueda=Patricia Arranz Alonso' target='_blank'><i class='fa fa-search-plus'><\/i><\/a><\/td><\/tr><tr><td>Bonnefous <\/td><td>Louis Jacques Bernard Marie<\/td><td><a href=mailto:lbonnefo@ull.es>lbonnefo@ull.es<\/a><\/td><td>Zoolog\u00eda<\/td><td>Investigador<\/td><td>INV<\/td><td><a class='btn-directorio' href='https:\/\/www.ull.es\/directorio\/search\/?busqueda=Louis Jacques Bernard Marie Bonnefous ' target='_blank'><i class='fa fa-search-plus'><\/i><\/a><\/td><\/tr><tr><td>Botelho Reis<\/td><td>Diana Filipa<\/td><td><a href=mailto:dbotelho@ull.es>dbotelho@ull.es<\/a><\/td><td>Zoolog\u00eda<\/td><td>Investigador<\/td><td>INV<\/td><td><a class='btn-directorio' href='https:\/\/www.ull.es\/directorio\/search\/?busqueda=Diana Filipa Botelho Reis' target='_blank'><i class='fa fa-search-plus'><\/i><\/a><\/td><\/tr><tr><td>Clemente Mart\u00edn<\/td><td>Mar\u00eda Sabrina<\/td><td><a href=mailto:msclemen@ull.es>msclemen@ull.es<\/a><\/td><td>Zoolog\u00eda<\/td><td>Profesor Contratado Doctor (1)<\/td><td>PDI<\/td><td><a class='btn-directorio' href='https:\/\/www.ull.es\/directorio\/search\/?busqueda=Mar\u00eda Sabrina Clemente Mart\u00edn' target='_blank'><i class='fa fa-search-plus'><\/i><\/a><\/td><\/tr><tr><td>Esc\u00e1nez P\u00e9rez<\/td><td>Alejandro<\/td><td><a href=mailto:aescanez@ull.es>aescanez@ull.es<\/a><\/td><td>Zoolog\u00eda<\/td><td>Investigador<\/td><td>INV<\/td><td><a class='btn-directorio' href='https:\/\/www.ull.es\/directorio\/search\/?busqueda=Alejandro Esc\u00e1nez P\u00e9rez' target='_blank'><i class='fa fa-search-plus'><\/i><\/a><\/td><\/tr><tr><td>Espuela Ortiz<\/td><td>Antonio<\/td><td><a href=mailto:aespuela@ull.es>aespuela@ull.es<\/a><\/td><td>Zoolog\u00eda<\/td><td>Investigador<\/td><td>INV<\/td><td><a class='btn-directorio' href='https:\/\/www.ull.es\/directorio\/search\/?busqueda=Antonio Espuela Ortiz' target='_blank'><i class='fa fa-search-plus'><\/i><\/a><\/td><\/tr><tr><td>Galindo Gim\u00e9nez<\/td><td>Ana<\/td><td><a href=mailto:agalindg@ull.es>agalindg@ull.es<\/a><\/td><td>Zoolog\u00eda<\/td><td>Investigador<\/td><td>INV<\/td><td><a class='btn-directorio' href='https:\/\/www.ull.es\/directorio\/search\/?busqueda=Ana Galindo Gim\u00e9nez' target='_blank'><i class='fa fa-search-plus'><\/i><\/a><\/td><\/tr><tr><td>Garc\u00eda Delgado<\/td><td>Coraima del Mar<\/td><td><a href=mailto:cgarciad@ull.es>cgarciad@ull.es<\/a><\/td><td>Zoolog\u00eda<\/td><td>Pers. Inv. en form. FPI\/FPU PREDOCTORAL<\/td><td>INV<\/td><td><a class='btn-directorio' href='https:\/\/www.ull.es\/directorio\/search\/?busqueda=Coraima del Mar Garc\u00eda Delgado' target='_blank'><i class='fa fa-search-plus'><\/i><\/a><\/td><\/tr><tr><td>Gonz\u00e1lez Castro<\/td><td>Aar\u00f3n<\/td><td><a href=mailto:agonzalc@ull.es>agonzalc@ull.es<\/a><\/td><td>Zoolog\u00eda<\/td><td>Profesor Ayudante Doctor<\/td><td>PDI<\/td><td><a class='btn-directorio' href='https:\/\/www.ull.es\/directorio\/search\/?busqueda=Aar\u00f3n Gonz\u00e1lez Castro' target='_blank'><i class='fa fa-search-plus'><\/i><\/a><\/td><\/tr><tr><td>Hern\u00e1ndez P\u00e9rez<\/td><td>Jos\u00e9 Carlos<\/td><td><a href=mailto:jocarher@ull.es>jocarher@ull.es<\/a><\/td><td>Zoolog\u00eda<\/td><td>Profesor Titular Universidad<\/td><td>PDI<\/td><td><a class='btn-directorio' href='https:\/\/www.ull.es\/directorio\/search\/?busqueda=Jos\u00e9 Carlos Hern\u00e1ndez P\u00e9rez' target='_blank'><i class='fa fa-search-plus'><\/i><\/a><\/td><\/tr><tr><td>Hurtado Pamp\u00edn<\/td><td>Claudia<\/td><td><a href=mailto:churtado@ull.es>churtado@ull.es<\/a><\/td><td>Zoolog\u00eda<\/td><td>Pers. Inv. en form. FPI\/FPU PREDOCTORAL<\/td><td>INV<\/td><td><a class='btn-directorio' href='https:\/\/www.ull.es\/directorio\/search\/?busqueda=Claudia Hurtado Pamp\u00edn' target='_blank'><i class='fa fa-search-plus'><\/i><\/a><\/td><\/tr><tr><td>Kropp <\/td><td>Rebecca Magdalena<\/td><td><a href=mailto:rkropp@ull.es>rkropp@ull.es<\/a><\/td><td>Zoolog\u00eda<\/td><td>Investigador<\/td><td>INV<\/td><td><a class='btn-directorio' href='https:\/\/www.ull.es\/directorio\/search\/?busqueda=Rebecca Magdalena Kropp ' target='_blank'><i class='fa fa-search-plus'><\/i><\/a><\/td><\/tr><tr><td>Lambre Bejarano<\/td><td>Mar\u00eda Elisa<\/td><td><a href=mailto:malambre@ull.es>malambre@ull.es<\/a><\/td><td>Zoolog\u00eda<\/td><td>Investigador<\/td><td>INV<\/td><td><a class='btn-directorio' href='https:\/\/www.ull.es\/directorio\/search\/?busqueda=Mar\u00eda Elisa Lambre Bejarano' target='_blank'><i class='fa fa-search-plus'><\/i><\/a><\/td><\/tr><tr><td>Lozano Bilbao<\/td><td>Enrique<\/td><td><a href=mailto:elozanob@ull.es>elozanob@ull.es<\/a><\/td><td>Zoolog\u00eda<\/td><td>Profesor Ayudante Doctor<\/td><td>PDI<\/td><td><a class='btn-directorio' href='https:\/\/www.ull.es\/directorio\/search\/?busqueda=Enrique Lozano Bilbao' target='_blank'><i class='fa fa-search-plus'><\/i><\/a><\/td><\/tr><tr><td>Lugo P\u00e9rez<\/td><td>David<\/td><td><a href=mailto:dlugoper@ull.es>dlugoper@ull.es<\/a><\/td><td>Zoolog\u00eda<\/td><td>Pers. Inv. en form. FPI\/FPU PREDOCTORAL<\/td><td>INV<\/td><td><a class='btn-directorio' href='https:\/\/www.ull.es\/directorio\/search\/?busqueda=David Lugo P\u00e9rez' target='_blank'><i class='fa fa-search-plus'><\/i><\/a><\/td><\/tr><tr><td>Mac\u00edas Hern\u00e1ndez<\/td><td>Nuria Esther<\/td><td><a href=mailto:nemacias@ull.es>nemacias@ull.es<\/a><\/td><td>Zoolog\u00eda<\/td><td>Profesor Ayudante Doctor<\/td><td>PDI<\/td><td><a class='btn-directorio' href='https:\/\/www.ull.es\/directorio\/search\/?busqueda=Nuria Esther Mac\u00edas Hern\u00e1ndez' target='_blank'><i class='fa fa-search-plus'><\/i><\/a><\/td><\/tr><tr><td>Marrero Arteaga<\/td><td>Manuel Alejandro<\/td><td><a href=mailto:mmarrera@ull.es>mmarrera@ull.es<\/a><\/td><td>Zoolog\u00eda<\/td><td>Investigador<\/td><td>INV<\/td><td><a class='btn-directorio' href='https:\/\/www.ull.es\/directorio\/search\/?busqueda=Manuel Alejandro Marrero Arteaga' target='_blank'><i class='fa fa-search-plus'><\/i><\/a><\/td><\/tr><tr><td>Morales Reyes<\/td><td>Zebensui<\/td><td><a href=mailto:zmorales@ull.es>zmorales@ull.es<\/a><\/td><td>Zoolog\u00eda<\/td><td>Profesor Ayudante Doctor<\/td><td>PDI<\/td><td><a class='btn-directorio' href='https:\/\/www.ull.es\/directorio\/search\/?busqueda=Zebensui Morales Reyes' target='_blank'><i class='fa fa-search-plus'><\/i><\/a><\/td><\/tr><tr><td>Peraza Gonz\u00e1lez<\/td><td>Eulalia<\/td><td><a href=mailto:eperazag@ull.es>eperazag@ull.es<\/a><\/td><td>Zoolog\u00eda<\/td><td>Investigador<\/td><td>INV<\/td><td><a class='btn-directorio' href='https:\/\/www.ull.es\/directorio\/search\/?busqueda=Eulalia Peraza Gonz\u00e1lez' target='_blank'><i class='fa fa-search-plus'><\/i><\/a><\/td><\/tr><tr><td>P\u00e9rez P\u00e9rez<\/td><td>Jos\u00e9 Antonio<\/td><td><a href=mailto:janperez@ull.es>janperez@ull.es<\/a><\/td><td>Zoolog\u00eda<\/td><td>Profesor Contratado Doctor (1)<\/td><td>PDI<\/td><td><a class='btn-directorio' href='https:\/\/www.ull.es\/directorio\/search\/?busqueda=Jos\u00e9 Antonio P\u00e9rez P\u00e9rez' target='_blank'><i class='fa fa-search-plus'><\/i><\/a><\/td><\/tr><tr><td>Rando Reyes<\/td><td>Juan Carlos<\/td><td><a href=mailto:jcrando@ull.es>jcrando@ull.es<\/a><\/td><td>Zoolog\u00eda<\/td><td>Profesor Contratado Doctor (1)<\/td><td>PDI<\/td><td><a class='btn-directorio' href='https:\/\/www.ull.es\/directorio\/search\/?busqueda=Juan Carlos Rando Reyes' target='_blank'><i class='fa fa-search-plus'><\/i><\/a><\/td><\/tr><tr><td>Rodr\u00edguez Barreto<\/td><td>Deiene<\/td><td><a href=mailto:deirod@ull.es>deirod@ull.es<\/a><\/td><td>Zoolog\u00eda<\/td><td>Investigador<\/td><td>INV<\/td><td><a class='btn-directorio' href='https:\/\/www.ull.es\/directorio\/search\/?busqueda=Deiene Rodr\u00edguez Barreto' target='_blank'><i class='fa fa-search-plus'><\/i><\/a><\/td><\/tr><tr><td>Rodr\u00edguez Gonz\u00e1lez<\/td><td>Covadonga<\/td><td><a href=mailto:covarodr@ull.es>covarodr@ull.es<\/a><\/td><td>Zoolog\u00eda<\/td><td>Catedratico de Universidad<\/td><td>PDI<\/td><td><a class='btn-directorio' href='https:\/\/www.ull.es\/directorio\/search\/?busqueda=Covadonga Rodr\u00edguez Gonz\u00e1lez' target='_blank'><i class='fa fa-search-plus'><\/i><\/a><\/td><\/tr><tr><td>Rodr\u00edguez Hern\u00e1ndez<\/td><td>Adriana<\/td><td><a href=mailto:adrianar@ull.es>adrianar@ull.es<\/a><\/td><td>Zoolog\u00eda<\/td><td>Profesor Ayudante Doctor<\/td><td>PDI<\/td><td><a class='btn-directorio' href='https:\/\/www.ull.es\/directorio\/search\/?busqueda=Adriana Rodr\u00edguez Hern\u00e1ndez' target='_blank'><i class='fa fa-search-plus'><\/i><\/a><\/td><\/tr><tr><td>Rodr\u00edguez Junc\u00e1<\/td><td>Alicia<\/td><td><a href=mailto:arodriju@ull.es>arodriju@ull.es<\/a><\/td><td>Zoolog\u00eda<\/td><td>Pers. Inv. en form. FPI\/FPU PREDOCTORAL<\/td><td>INV<\/td><td><a class='btn-directorio' href='https:\/\/www.ull.es\/directorio\/search\/?busqueda=Alicia Rodr\u00edguez Junc\u00e1' target='_blank'><i class='fa fa-search-plus'><\/i><\/a><\/td><\/tr><tr><td>Rodr\u00edguez Rodr\u00edguez<\/td><td>Ana Elena<\/td><td><a href=mailto:arodriro@ull.es>arodriro@ull.es<\/a><\/td><td>Zoolog\u00eda<\/td><td>Investigador<\/td><td>INV<\/td><td><a class='btn-directorio' href='https:\/\/www.ull.es\/directorio\/search\/?busqueda=Ana Elena Rodr\u00edguez Rodr\u00edguez' target='_blank'><i class='fa fa-search-plus'><\/i><\/a><\/td><\/tr><tr><td>Ruiz Carreira<\/td><td>Carlos<\/td><td><a href=mailto:cruizcar@ull.es>cruizcar@ull.es<\/a><\/td><td>Zoolog\u00eda<\/td><td>Profesor Contratado Doctor (1)<\/td><td>PDI<\/td><td><a class='btn-directorio' href='https:\/\/www.ull.es\/directorio\/search\/?busqueda=Carlos Ruiz Carreira' target='_blank'><i class='fa fa-search-plus'><\/i><\/a><\/td><\/tr><tr><td>Sosa Garc\u00eda<\/td><td>Adriana Mar\u00eda<\/td><td><a href=mailto:asosagar@ull.es>asosagar@ull.es<\/a><\/td><td>Zoolog\u00eda<\/td><td>Investigador<\/td><td>INV<\/td><td><a class='btn-directorio' href='https:\/\/www.ull.es\/directorio\/search\/?busqueda=Adriana Mar\u00eda Sosa Garc\u00eda' target='_blank'><i class='fa fa-search-plus'><\/i><\/a><\/td><\/tr><tr><td>Su\u00e1rez Ramos<\/td><td>Daniel Basilio<\/td><td><a href=mailto:dsuarezr@ull.es>dsuarezr@ull.es<\/a><\/td><td>Zoolog\u00eda<\/td><td>Investigador<\/td><td>INV<\/td><td><a class='btn-directorio' href='https:\/\/www.ull.es\/directorio\/search\/?busqueda=Daniel Basilio Su\u00e1rez Ramos' target='_blank'><i class='fa fa-search-plus'><\/i><\/a><\/td><\/tr>        <\/tbody>\n    <\/table>\n<\/div>\n\n<script>\n\t\njQuery.extend( jQuery.fn.dataTableExt.oSort, {\n    \"chinese-string-asc\" : function (s1, s2) {\n        return s1.localeCompare(s2);\n    },\n \n    \"chinese-string-desc\" : function (s1, s2) {\n        return s2.localeCompare(s1);\n    }\n} );\n\t\n$(document).ready(function() {\n\n        $('#personal').DataTable( {\n            \"dom\": \"\" +\n            \"<'row'<'col-sm-9 toolbar'><'col-sm-3'f>>\" +\n            \"<'row tabla'<'col-sm-12'tr>>\" +\n            \"<'row'<'col-sm-5'i><'col-sm-7'p>>\"\n            ,\n            \"language\": {\n                \"url\": \"\/\/cdn.datatables.net\/plug-ins\/1.10.15\/i18n\/Spanish.json\"\n            },\n\n         columnDefs: [{ type: 'chinese-string', targets: 0 }],\n\n\n\t initComplete: function () {\n\n                this.api().columns([3]).every( function () {\n                    var column = this;\n                    var select = $('<select class=\"form-control input-sm\"><option value=\"\">Mostrar todas las \u00e1reas de conocimiento<\/option><\/select>')\n                        .appendTo( $('div.toolbar') )\n                        .on( 'change', function () {\n                            var val = $.fn.dataTable.util.escapeRegex(\n                                $(this).val()\n                            );\n\n                            column\n                                .search( val ? '^'+val+'$' : '', true, false )\n                                .draw();\n                        } );\n\n                    column.data().unique().sort().each( function ( d, j ) {\n                        select.append( '<option value=\"'+d+'\">'+d+'<\/option>' )\n                    } );\n\n                } );\n                this.api().columns([5]).every( function () {\n                    var column = this;\n                    var select = $('<select class=\"form-control input-sm\"><option value=\"\">Mostrar todos los roles<\/option><\/select>')\n                        .appendTo( $('div.toolbar') )\n                        .on( 'change', function () {\n                            var val = $.fn.dataTable.util.escapeRegex(\n                                $(this).val()\n                            );\n\n                            column\n                                .search( val ? '^'+val+'$' : '', true, false )\n                                .draw();\n                        } );\n\n                    column.data().unique().sort().each( function ( d, j ) {\n                        select.append( '<option value=\"'+d+'\">'+d+'<\/option>' )\n                    } );\n                } );\n            }\n        } );\n\n    } );\n<\/script>\n[\/vc_column_text][\/vc_column][\/vc_row]<\/p>\n","protected":false},"excerpt":{"rendered":"<p>[vc_row css=\u00bb.vc_custom_1497445297003{margin-bottom: 20px !important;}\u00bb][vc_column][vc_column_text] Personal [\/vc_column_text][\/vc_column][\/vc_row][vc_row][vc_column][vc_column_text][\/vc_column_text][\/vc_column][\/vc_row]<\/p>\n","protected":false},"author":1,"featured_media":0,"parent":0,"menu_order":0,"comment_status":"closed","ping_status":"closed","template":"","meta":[],"_links":{"self":[{"href":"https:\/\/www.ull.es\/departamentos\/biologia-animal-edafologia-geologia\/wp-json\/wp\/v2\/pages\/81"}],"collection":[{"href":"https:\/\/www.ull.es\/departamentos\/biologia-animal-edafologia-geologia\/wp-json\/wp\/v2\/pages"}],"about":[{"href":"https:\/\/www.ull.es\/departamentos\/biologia-animal-edafologia-geologia\/wp-json\/wp\/v2\/types\/page"}],"author":[{"embeddable":true,"href":"https:\/\/www.ull.es\/departamentos\/biologia-animal-edafologia-geologia\/wp-json\/wp\/v2\/users\/1"}],"replies":[{"embeddable":true,"href":"https:\/\/www.ull.es\/departamentos\/biologia-animal-edafologia-geologia\/wp-json\/wp\/v2\/comments?post=81"}],"version-history":[{"count":1,"href":"https:\/\/www.ull.es\/departamentos\/biologia-animal-edafologia-geologia\/wp-json\/wp\/v2\/pages\/81\/revisions"}],"predecessor-version":[{"id":145,"href":"https:\/\/www.ull.es\/departamentos\/biologia-animal-edafologia-geologia\/wp-json\/wp\/v2\/pages\/81\/revisions\/145"}],"wp:attachment":[{"href":"https:\/\/www.ull.es\/departamentos\/biologia-animal-edafologia-geologia\/wp-json\/wp\/v2\/media?parent=81"}],"curies":[{"name":"wp","href":"https:\/\/api.w.org\/{rel}","templated":true}]}}