{"id":80,"date":"2017-05-11T12:37:19","date_gmt":"2017-05-11T12:37:19","guid":{"rendered":"http:\/\/www.ull.es\/departamentos\/ingenieria-informatica-sistemas\/?page_id=9"},"modified":"2018-06-13T08:56:38","modified_gmt":"2018-06-13T08:56:38","slug":"informacion-ubicacion-y-contacto","status":"publish","type":"page","link":"https:\/\/www.ull.es\/departamentos\/bioquimica-microbiologia-biologia-celular-y-genetica\/informacion-ubicacion-y-contacto\/","title":{"rendered":"Informaci\u00f3n, ubicaci\u00f3n y contacto"},"content":{"rendered":"<p>[vc_row][vc_column width=\u00bb2\/3&#8243; el_class=\u00bbpadding-50-right\u00bb css=\u00bb.vc_custom_1494506721665{padding-right: 50px !important;}\u00bb][vc_column_text]<\/p>\n<h1>Presentaci\u00f3n<\/h1>\n<p>[\/vc_column_text][vc_column_text el_id=\u00bbpresentacion\u00bb]\n<div class=\"shortcode-descripcion\">\n    <p>El Departamento de Bioqu\u00edmica, Microbiolog\u00eda, Biolog\u00eda Celular y Gen\u00e9tica es la unidad de docencia e investigaci\u00f3n encargada de coordinar las ense\u00f1anzas propias de todas y cada una de las \u00e1reas adscritas al mismo y apoyar las actividades e iniciativas docentes e investigadoras de su profesorado. El Departamento de Bioqu\u00edmica, Microbiolog\u00eda, Biolog\u00eda Celular y Gen\u00e9tica, como unidad b\u00e1sica de ense\u00f1anza e investigaci\u00f3n, desarrolla sus funciones docentes e investigadoras en todos aquellos centros cuyos planes de estudio contemplen materias y asignaturas adscritas a las \u00e1reas de conocimiento que integran el Departamento, y en su caso, en los correspondientes programas de posgrado y de otros cursos de especializaci\u00f3n que la Universidad imparta.<\/p><\/div>\n\n[\/vc_column_text][vc_empty_space height=\u00bb40px\u00bb][vc_column_text el_id=\u00bbareas-de-conocimiento\u00bb]\n<style>\n    .shortcode-areas h2 {\n        margin-bottom: 10px !important;\n    }\n<\/style>\n\n<div class=\"shortcode-areas\">\n    <h2>\u00c1reas de conocimiento<\/h2><ul><li>Microbiolog\u00eda<\/li><li>Bioqu\u00edmica y Biolog\u00eda Molecular<\/li><li>Gen\u00e9tica<\/li><li>Biolog\u00eda Celular<\/li><\/ul><\/div>\n\n[\/vc_column_text][vc_empty_space height=\u00bb40px\u00bb][vc_column_text el_id=\u00bborganigrama\u00bb]<\/p>\n<h1>Organigrama<\/h1>\n<p>[\/vc_column_text][vc_column_text]\n<style>\n    .shortcode-equipo h2 {\n        margin-bottom: 10px !important;\n    }\n<\/style>\n\n<div class=\"shortcode-equipo\">\n    <h2>Equipo de direcci\u00f3n<\/h2><dl><dt><strong>Directora<\/strong><\/dt><dd> <a href='https:\/\/www.ull.es\/directorio\/search\/?busqueda=Ana Lancha Bernal' target='_blank'>Ana Lancha Bernal<\/a><\/dd><dt><strong>Secretario<\/strong><\/dt><dd> <a href='https:\/\/www.ull.es\/directorio\/search\/?busqueda=Luis Fabian Lorenzo D\u00edaz' target='_blank'>Luis Fabian Lorenzo D\u00edaz<\/a><\/dd><dt><strong>Coordinadora del \u00c1rea de Bioqu\u00edmica<\/strong><\/dt><dd> <a href='https:\/\/www.ull.es\/directorio\/search\/?busqueda=Julio \u00c1vila Marrero' target='_blank'>Julio \u00c1vila Marrero<\/a><\/dd><dt><strong>Coordinadora del \u00c1rea de Microbiolog\u00eda<\/strong><\/dt><dd> <a href='https:\/\/www.ull.es\/directorio\/search\/?busqueda=Milagros Le\u00f3n Barrios' target='_blank'>Milagros Le\u00f3n Barrios<\/a><\/dd><dt><strong>Coordinadora del \u00c1rea de Biolog\u00eda Celular<\/strong><\/dt><dd> <a href='https:\/\/www.ull.es\/directorio\/search\/?busqueda=Ana Lancha Bernal' target='_blank'>Ana Lancha Bernal<\/a><\/dd><dt><strong>Coordinador del \u00c1rea de Gen\u00e9tica<\/strong><\/dt><dd> <a href='https:\/\/www.ull.es\/directorio\/search\/?busqueda=Mariano Hern\u00e1ndez Ferrer' target='_blank'>Mariano Hern\u00e1ndez Ferrer<\/a><\/dd><\/dl><h2>Personal de administraci\u00f3n<\/h2><dl><dt><strong>Administrativo<\/strong><\/dt><dd> <a href='https:\/\/www.ull.es\/directorio\/search\/?busqueda=Javier Arenaz Villalba' target='_blank'>Javier Arenaz Villalba<\/a><\/dd><\/dl>\n<\/div>\n[\/vc_column_text][\/vc_column][vc_column width=\u00bb1\/3&#8243;][vc_column_text]<a class=\"btn-destacado\" href=\"https:\/\/riull.ull.es\/xmlui\/handle\/915\/6000\" target=\"_blank\" rel=\"noopener\" target=\"_blank\" rel=\"noopener\">Consultar normativa del departamento<i class=\"fa fa-arrow-right\"><\/i><\/a>[\/vc_column_text][vc_column_text]<a class=\"btn-destacado\" href=\"https:\/\/docs.google.com\/spreadsheets\/d\/e\/2PACX-1vTP4EW-T8D0tXMnV4qIY-31OulWdHftC9Dlk1X8xQTdzIgr32NbyOS9nqjqnmVxjh_6_d3zwWj0U3iv\/pubhtml\" target=\"_blank\" rel=\"noopener\" target=\"_blank\" rel=\"noopener\">Consultar comisiones del departamento<i class=\"fa fa-arrow-right\"><\/i><\/a>[\/vc_column_text][vc_column_text]\n<ul class=\"widget-box\">\n<li class='contacto-header'>Informaci\u00f3n de contacto<\/li><li><i class=\"fa fa-map-marker\"><\/i> Avenida Astrof\u00edsico Francisco S\u00e1nchez, s\/n. Facultad de Ciencias. Secci\u00f3n de Biolog\u00eda. Apartado 456. C\u00f3digo postal 38200. San Crist\u00f3bal de La Laguna. S\/C de Tenerife<\/li><li><i class=\"fa fa-phone\"><\/i> (+34) 922 31 83 53<\/li><li><i class=\"fa fa-address-book-o\"><\/i> <a target=\"_blank\" href=\"https:\/\/www.ull.es\/directorio\/search\/?busqueda_uo=bioquimica,-microbiologia,-biologia-celular-y-genetica\">Directorio<\/a><\/li><li><i class=\"fa fa-envelope\"><\/i>  <a href=mailto:bqmbg@ull.es>bqmbg@ull.es<\/a><\/li>\n<\/ul>\n\n[\/vc_column_text][vc_column_text el_id=\u00bbubicacion\u00bb]\n    \n<style>\n    .google-maps {\n        position: relative;\n        padding-bottom: 75%;\n        height: 0;\n        overflow: hidden;\n    }\n    .google-maps iframe {\n        position: absolute;\n        top: 0;\n        left: 0;\n        width: 100% !important;\n        height: 100% !important;\n    }\n<\/style>\n\n\n<div class=\"google-maps\">\n    <iframe src=\"https:\/\/www.openstreetmap.org\/export\/embed.html?bbox=-16.32298017411%2C28.47641004426%2C-16.31683636452%2C28.48222226654&amp;layer=mapnik&amp;marker=28.480593%2C-16.320154\" style=\"border: 1px solid black\"><\/iframe>\n<\/div>\n\n<div class=\"btn-widget\">\n    <a href=\"https:\/\/www.openstreetmap.org\/directions?engine=graphhopper_car&from=&to=28.480593%2C-16.320154#map=17\/28.480593\/-16.320154\">C\u00f3mo llegar<\/a>  \n<\/div>\n\n  <\/body>\n<\/html>\n\n[\/vc_column_text][\/vc_column][\/vc_row]<\/p>\n","protected":false},"excerpt":{"rendered":"<p>[vc_row][vc_column width=\u00bb2\/3&#8243; el_class=\u00bbpadding-50-right\u00bb css=\u00bb.vc_custom_1494506721665{padding-right: 50px !important;}\u00bb][vc_column_text] Presentaci\u00f3n [\/vc_column_text][vc_column_text el_id=\u00bbpresentacion\u00bb][\/vc_column_text][vc_empty_space height=\u00bb40px\u00bb][vc_column_text el_id=\u00bbareas-de-conocimiento\u00bb][\/vc_column_text][vc_empty_space height=\u00bb40px\u00bb][vc_column_text el_id=\u00bborganigrama\u00bb] Organigrama [\/vc_column_text][vc_column_text][\/vc_column_text][\/vc_column][vc_column width=\u00bb1\/3&#8243;][vc_column_text]Consultar normativa del departamento[\/vc_column_text][vc_column_text]Consultar comisiones del departamento[\/vc_column_text][vc_column_text][\/vc_column_text][vc_column_text el_id=\u00bbubicacion\u00bb][\/vc_column_text][\/vc_column][\/vc_row]<\/p>\n","protected":false},"author":1,"featured_media":0,"parent":0,"menu_order":0,"comment_status":"closed","ping_status":"closed","template":"","meta":[],"_links":{"self":[{"href":"https:\/\/www.ull.es\/departamentos\/bioquimica-microbiologia-biologia-celular-y-genetica\/wp-json\/wp\/v2\/pages\/80"}],"collection":[{"href":"https:\/\/www.ull.es\/departamentos\/bioquimica-microbiologia-biologia-celular-y-genetica\/wp-json\/wp\/v2\/pages"}],"about":[{"href":"https:\/\/www.ull.es\/departamentos\/bioquimica-microbiologia-biologia-celular-y-genetica\/wp-json\/wp\/v2\/types\/page"}],"author":[{"embeddable":true,"href":"https:\/\/www.ull.es\/departamentos\/bioquimica-microbiologia-biologia-celular-y-genetica\/wp-json\/wp\/v2\/users\/1"}],"replies":[{"embeddable":true,"href":"https:\/\/www.ull.es\/departamentos\/bioquimica-microbiologia-biologia-celular-y-genetica\/wp-json\/wp\/v2\/comments?post=80"}],"version-history":[{"count":8,"href":"https:\/\/www.ull.es\/departamentos\/bioquimica-microbiologia-biologia-celular-y-genetica\/wp-json\/wp\/v2\/pages\/80\/revisions"}],"predecessor-version":[{"id":179,"href":"https:\/\/www.ull.es\/departamentos\/bioquimica-microbiologia-biologia-celular-y-genetica\/wp-json\/wp\/v2\/pages\/80\/revisions\/179"}],"wp:attachment":[{"href":"https:\/\/www.ull.es\/departamentos\/bioquimica-microbiologia-biologia-celular-y-genetica\/wp-json\/wp\/v2\/media?parent=80"}],"curies":[{"name":"wp","href":"https:\/\/api.w.org\/{rel}","templated":true}]}}