{"id":16,"date":"2017-05-11T12:57:04","date_gmt":"2017-05-11T12:57:04","guid":{"rendered":"http:\/\/www.ull.es\/departamentos\/ingenieria-informatica-sistemas\/?page_id=16"},"modified":"2017-06-19T09:36:53","modified_gmt":"2017-06-19T09:36:53","slug":"personal","status":"publish","type":"page","link":"https:\/\/www.ull.es\/departamentos\/botanica-ecologia-y-fisiologia-vegetal\/personal\/","title":{"rendered":"Personal"},"content":{"rendered":"<p>[vc_row css=\u00bb.vc_custom_1497445297003{margin-bottom: 20px !important;}\u00bb][vc_column][vc_column_text]<\/p>\n<h1>Personal<\/h1>\n<p>[\/vc_column_text][\/vc_column][\/vc_row][vc_row][vc_column][vc_column_text]\n<link rel=\"stylesheet\" href=\"https:\/\/cdn.datatables.net\/1.10.15\/css\/dataTables.bootstrap.min.css\">\n<script src=\"https:\/\/cdn.datatables.net\/1.10.15\/js\/jquery.dataTables.min.js\"><\/script>\n<script src=\"https:\/\/cdn.datatables.net\/1.10.15\/js\/dataTables.bootstrap.min.js\"><\/script>\n<script src=\"https:\/\/cdn.datatables.net\/plug-ins\/1.10.21\/sorting\/chinese-string.js\"><\/script>\n\n<style>\n\n    #personal {\n        font-size: 13px;\n    }\n\n    .row.tabla{\n        margin-bottom: 20px !important;\n        margin-top: 20px !important;\n        font-size: 14px;\n    }\n\n    div.toolbar{\n        \/*text-align: center;*\/\n    }\n\n    .input-sm {\n        font-size: 16px;\n        \/* max-width: 200px;*\/\n    }\n\n    div.toolbar select{\n        margin: 0 10px;\n    }\n\n    table.dataTable thead .sorting:after {\n        opacity: 0.2;\n        content: \"\\f0ec\";\n        -webkit-transform: rotate(90deg);\n        -moz-transform: rotate(90deg);\n        -o-transform: rotate(90deg);\n        -ms-transform: rotate(90deg);\n        transform: rotate(90deg);\n    }\n\n    table.dataTable thead .sorting_asc:after {\n        content: \"\\f160\";\n    }\n    table.dataTable thead .sorting_desc:after {\n        content: \"\\f161 \";\n    }\n    table.dataTable thead .sorting:after, table.dataTable thead .sorting_asc:after, table.dataTable thead .sorting_desc:after, table.dataTable thead .sorting_asc_disabled:after, table.dataTable thead .sorting_desc_disabled:after {\n        font-family: 'FontAwesome';\n    }\n\n    .btn-directorio {\n        font-size: 13px;\n        text-align: center;\n        display: block;\n    }\n\n<\/style>\n\n<div class=\"table-responsive\">\n    <table id=\"personal\" class=\"table table-bordered table-condensed table-hover\" cellspacing=\"0\" width=\"100%\"  data-page-length=\"25\">\n        <thead>\n        <tr>\n            <th>Apellidos<\/th>\n            <th>Nombre<\/th>\n            <th>Email<\/th>\n            <th>\u00c1rea<\/th>\n            <th>Categor\u00eda<\/th>\n            <th>Rol<\/th>\n            <th>Info.<\/th>\n        <\/tr>\n        <\/thead>\n\n        <tbody>\n        <tr><td>Alfonso Hern\u00e1ndez<\/td><td>Beatriz<\/td><td><a href=mailto:balfonso@ull.es>balfonso@ull.es<\/a><\/td><td>Bot\u00e1nica<\/td><td>Profesor Sustituto<\/td><td>PDI<\/td><td><a class='btn-directorio' href='https:\/\/www.ull.es\/directorio\/search\/?busqueda=Beatriz Alfonso Hern\u00e1ndez' target='_blank'><i class='fa fa-search-plus'><\/i><\/a><\/td><\/tr><tr><td>\u00c1lvarez Canali<\/td><td>Daniel Santiago<\/td><td><a href=mailto:dalvarec@ull.es>dalvarec@ull.es<\/a><\/td><td>Bot\u00e1nica<\/td><td>Investigador<\/td><td>INV<\/td><td><a class='btn-directorio' href='https:\/\/www.ull.es\/directorio\/search\/?busqueda=Daniel Santiago \u00c1lvarez Canali' target='_blank'><i class='fa fa-search-plus'><\/i><\/a><\/td><\/tr><tr><td>Cubas D\u00edaz<\/td><td>Jonay Jes\u00fas<\/td><td><a href=mailto:jcubasdi@ull.es>jcubasdi@ull.es<\/a><\/td><td>Bot\u00e1nica<\/td><td>Profesor Sustituto<\/td><td>PDI<\/td><td><a class='btn-directorio' href='https:\/\/www.ull.es\/directorio\/search\/?busqueda=Jonay Jes\u00fas Cubas D\u00edaz' target='_blank'><i class='fa fa-search-plus'><\/i><\/a><\/td><\/tr><tr><td>Gonz\u00e1lez Mancebo<\/td><td>Juana Mar\u00eda<\/td><td><a href=mailto:jglezm@ull.es>jglezm@ull.es<\/a><\/td><td>Bot\u00e1nica<\/td><td>Catedratico de Universidad<\/td><td>PDI<\/td><td><a class='btn-directorio' href='https:\/\/www.ull.es\/directorio\/search\/?busqueda=Juana Mar\u00eda Gonz\u00e1lez Mancebo' target='_blank'><i class='fa fa-search-plus'><\/i><\/a><\/td><\/tr><tr><td>Gonz\u00e1lez Montelongo<\/td><td>Cristina<\/td><td><a href=mailto:cgonzalm@ull.es>cgonzalm@ull.es<\/a><\/td><td>Bot\u00e1nica<\/td><td>Profesor Ayudante Doctor<\/td><td>PDI<\/td><td><a class='btn-directorio' href='https:\/\/www.ull.es\/directorio\/search\/?busqueda=Cristina Gonz\u00e1lez Montelongo' target='_blank'><i class='fa fa-search-plus'><\/i><\/a><\/td><\/tr><tr><td>Losada Lima<\/td><td>Ana Mar\u00eda<\/td><td><a href=mailto:alosada@ull.es>alosada@ull.es<\/a><\/td><td>Bot\u00e1nica<\/td><td>Profesor Titular Universidad<\/td><td>PDI<\/td><td><a class='btn-directorio' href='https:\/\/www.ull.es\/directorio\/search\/?busqueda=Ana Mar\u00eda Losada Lima' target='_blank'><i class='fa fa-search-plus'><\/i><\/a><\/td><\/tr><tr><td>Mart\u00edn Osorio<\/td><td>Victoria Eugenia<\/td><td><a href=mailto:vemartin@ull.es>vemartin@ull.es<\/a><\/td><td>Bot\u00e1nica<\/td><td>Profesor Titular Universidad<\/td><td>PDI<\/td><td><a class='btn-directorio' href='https:\/\/www.ull.es\/directorio\/search\/?busqueda=Victoria Eugenia Mart\u00edn Osorio' target='_blank'><i class='fa fa-search-plus'><\/i><\/a><\/td><\/tr><tr><td>P\u00e9rez Vargas<\/td><td>Israel<\/td><td><a href=mailto:ispeva@ull.es>ispeva@ull.es<\/a><\/td><td>Bot\u00e1nica<\/td><td>Profesor Contratado Doctor (1)<\/td><td>PDI<\/td><td><a class='btn-directorio' href='https:\/\/www.ull.es\/directorio\/search\/?busqueda=Israel P\u00e9rez Vargas' target='_blank'><i class='fa fa-search-plus'><\/i><\/a><\/td><\/tr><tr><td>Quijada Fumero<\/td><td>Luis Jes\u00fas<\/td><td><a href=mailto:lquijada@ull.es>lquijada@ull.es<\/a><\/td><td>Bot\u00e1nica<\/td><td>Investigador<\/td><td>INV<\/td><td><a class='btn-directorio' href='https:\/\/www.ull.es\/directorio\/search\/?busqueda=Luis Jes\u00fas Quijada Fumero' target='_blank'><i class='fa fa-search-plus'><\/i><\/a><\/td><\/tr><tr><td>Rancel Rodr\u00edguez<\/td><td>Nereida Mar\u00eda<\/td><td><a href=mailto:nrrodri@ull.es>nrrodri@ull.es<\/a><\/td><td>Bot\u00e1nica<\/td><td>Profesor Ayudante Doctor<\/td><td>PDI<\/td><td><a class='btn-directorio' href='https:\/\/www.ull.es\/directorio\/search\/?busqueda=Nereida Mar\u00eda Rancel Rodr\u00edguez' target='_blank'><i class='fa fa-search-plus'><\/i><\/a><\/td><\/tr><tr><td>Roger Baynat<\/td><td>Bel\u00e9n<\/td><td><a href=mailto:fgbroger@ull.es>fgbroger@ull.es<\/a><\/td><td>Bot\u00e1nica<\/td><td>Pers. Inv. en form. FPI\/FPU PREDOCTORAL<\/td><td>INV<\/td><td><a class='btn-directorio' href='https:\/\/www.ull.es\/directorio\/search\/?busqueda=Bel\u00e9n Roger Baynat' target='_blank'><i class='fa fa-search-plus'><\/i><\/a><\/td><\/tr><tr><td>San Gil Hern\u00e1ndez<\/td><td>Carlos Alberto<\/td><td><a href=mailto:casangil@ull.es>casangil@ull.es<\/a><\/td><td>Bot\u00e1nica<\/td><td>Profesor Ayudante Doctor<\/td><td>PDI<\/td><td><a class='btn-directorio' href='https:\/\/www.ull.es\/directorio\/search\/?busqueda=Carlos Alberto San Gil Hern\u00e1ndez' target='_blank'><i class='fa fa-search-plus'><\/i><\/a><\/td><\/tr><tr><td>Sans\u00f3n Acedo<\/td><td>Marta<\/td><td><a href=mailto:msanson@ull.es>msanson@ull.es<\/a><\/td><td>Bot\u00e1nica<\/td><td>Catedratico de Universidad<\/td><td>PDI<\/td><td><a class='btn-directorio' href='https:\/\/www.ull.es\/directorio\/search\/?busqueda=Marta Sans\u00f3n Acedo' target='_blank'><i class='fa fa-search-plus'><\/i><\/a><\/td><\/tr><tr><td>Ar\u00e9valo Sierra<\/td><td>Jos\u00e9 Ram\u00f3n<\/td><td><a href=mailto:jarevalo@ull.es>jarevalo@ull.es<\/a><\/td><td>Ecolog\u00eda<\/td><td>Catedratico de Universidad<\/td><td>PDI<\/td><td><a class='btn-directorio' href='https:\/\/www.ull.es\/directorio\/search\/?busqueda=Jos\u00e9 Ram\u00f3n Ar\u00e9valo Sierra' target='_blank'><i class='fa fa-search-plus'><\/i><\/a><\/td><\/tr><tr><td>de Nascimento Reyes<\/td><td>Lea<\/td><td><a href=mailto:leadenas@ull.es>leadenas@ull.es<\/a><\/td><td>Ecolog\u00eda<\/td><td>Profesor Contratado Doctor (1)<\/td><td>PDI<\/td><td><a class='btn-directorio' href='https:\/\/www.ull.es\/directorio\/search\/?busqueda=Lea de Nascimento Reyes' target='_blank'><i class='fa fa-search-plus'><\/i><\/a><\/td><\/tr><tr><td>Fern\u00e1ndez-Palacios Mart\u00ednez<\/td><td>Jos\u00e9 Mar\u00eda<\/td><td><a href=mailto:jmferpal@ull.es>jmferpal@ull.es<\/a><\/td><td>Ecolog\u00eda<\/td><td>Catedratico de Universidad<\/td><td>PDI<\/td><td><a class='btn-directorio' href='https:\/\/www.ull.es\/directorio\/search\/?busqueda=Jos\u00e9 Mar\u00eda Fern\u00e1ndez-Palacios Mart\u00ednez' target='_blank'><i class='fa fa-search-plus'><\/i><\/a><\/td><\/tr><tr><td>Ferrer Ferrer<\/td><td>Francisco Jos\u00e9<\/td><td><a href=mailto:fjferrer@ull.es>fjferrer@ull.es<\/a><\/td><td>Ecolog\u00eda<\/td><td>Profesor Contratado Doctor (1)<\/td><td>PDI<\/td><td><a class='btn-directorio' href='https:\/\/www.ull.es\/directorio\/search\/?busqueda=Francisco Jos\u00e9 Ferrer Ferrer' target='_blank'><i class='fa fa-search-plus'><\/i><\/a><\/td><\/tr><tr><td>Otto Dittmann<\/td><td>R\u00fcdiger<\/td><td><a href=mailto:rudiotto@ull.es>rudiotto@ull.es<\/a><\/td><td>Ecolog\u00eda<\/td><td>Profesor Permanente Laboral<\/td><td>PDI<\/td><td><a class='btn-directorio' href='https:\/\/www.ull.es\/directorio\/search\/?busqueda=R\u00fcdiger Otto Dittmann' target='_blank'><i class='fa fa-search-plus'><\/i><\/a><\/td><\/tr><tr><td>Rocafull P\u00e9rez<\/td><td>Elena<\/td><td><a href=mailto:erocaful@ull.es>erocaful@ull.es<\/a><\/td><td>Ecolog\u00eda<\/td><td>Investigador<\/td><td>INV<\/td><td><a class='btn-directorio' href='https:\/\/www.ull.es\/directorio\/search\/?busqueda=Elena Rocafull P\u00e9rez' target='_blank'><i class='fa fa-search-plus'><\/i><\/a><\/td><\/tr><tr><td>Sierra Cornejo<\/td><td>Natalia<\/td><td><a href=mailto:nsierrac@ull.es>nsierrac@ull.es<\/a><\/td><td>Ecolog\u00eda<\/td><td>Investigador<\/td><td>INV<\/td><td><a class='btn-directorio' href='https:\/\/www.ull.es\/directorio\/search\/?busqueda=Natalia Sierra Cornejo' target='_blank'><i class='fa fa-search-plus'><\/i><\/a><\/td><\/tr><tr><td>Cabrera P\u00e9rez<\/td><td>Raimundo Manuel<\/td><td><a href=mailto:rcabrera@ull.es>rcabrera@ull.es<\/a><\/td><td>Fisiolog\u00eda Vegetal<\/td><td>Profesor Titular Universidad<\/td><td>PDI<\/td><td><a class='btn-directorio' href='https:\/\/www.ull.es\/directorio\/search\/?busqueda=Raimundo Manuel Cabrera P\u00e9rez' target='_blank'><i class='fa fa-search-plus'><\/i><\/a><\/td><\/tr><tr><td>Gim\u00e9nez Mari\u00f1o<\/td><td>Cristina<\/td><td><a href=mailto:cgmarino@ull.es>cgmarino@ull.es<\/a><\/td><td>Fisiolog\u00eda Vegetal<\/td><td>Profesor Contratado Doctor (1)<\/td><td>PDI<\/td><td><a class='btn-directorio' href='https:\/\/www.ull.es\/directorio\/search\/?busqueda=Cristina Gim\u00e9nez Mari\u00f1o' target='_blank'><i class='fa fa-search-plus'><\/i><\/a><\/td><\/tr><tr><td>Gonz\u00e1lez Rodr\u00edguez<\/td><td>\u00c1gueda Mar\u00eda<\/td><td><a href=mailto:aglerod@ull.es>aglerod@ull.es<\/a><\/td><td>Fisiolog\u00eda Vegetal<\/td><td>Catedratico de Universidad<\/td><td>PDI<\/td><td><a class='btn-directorio' href='https:\/\/www.ull.es\/directorio\/search\/?busqueda=\u00c1gueda Mar\u00eda Gonz\u00e1lez Rodr\u00edguez' target='_blank'><i class='fa fa-search-plus'><\/i><\/a><\/td><\/tr><tr><td>Luis D\u00edaz<\/td><td>Vanesa Cristina<\/td><td><a href=mailto:vcluis@ull.es>vcluis@ull.es<\/a><\/td><td>Fisiolog\u00eda Vegetal<\/td><td>Profesor Ayudante Doctor<\/td><td>PDI<\/td><td><a class='btn-directorio' href='https:\/\/www.ull.es\/directorio\/search\/?busqueda=Vanesa Cristina Luis D\u00edaz' target='_blank'><i class='fa fa-search-plus'><\/i><\/a><\/td><\/tr><tr><td>Luis Jorge<\/td><td>Juan Cristo<\/td><td><a href=mailto:jcluis@ull.es>jcluis@ull.es<\/a><\/td><td>Fisiolog\u00eda Vegetal<\/td><td>Profesor Contratado Doctor (1)<\/td><td>PDI<\/td><td><a class='btn-directorio' href='https:\/\/www.ull.es\/directorio\/search\/?busqueda=Juan Cristo Luis Jorge' target='_blank'><i class='fa fa-search-plus'><\/i><\/a><\/td><\/tr><tr><td>Pu\u00e9rtolas Sim\u00f3n<\/td><td>Jaime<\/td><td><a href=mailto:jpuertol@ull.es>jpuertol@ull.es<\/a><\/td><td>Fisiolog\u00eda Vegetal<\/td><td>Profesor Permanente Laboral<\/td><td>PDI<\/td><td><a class='btn-directorio' href='https:\/\/www.ull.es\/directorio\/search\/?busqueda=Jaime Pu\u00e9rtolas Sim\u00f3n' target='_blank'><i class='fa fa-search-plus'><\/i><\/a><\/td><\/tr><tr><td>Febles Torres<\/td><td>Alfonso<\/td><td><a href=mailto:alfebles@ull.es>alfebles@ull.es<\/a><\/td><td>Personal De Administraci\u00f3n Y Servicios<\/td><td>Administrativo<\/td><td>PAS<\/td><td><a class='btn-directorio' href='https:\/\/www.ull.es\/directorio\/search\/?busqueda=Alfonso Febles Torres' target='_blank'><i class='fa fa-search-plus'><\/i><\/a><\/td><\/tr><tr><td>Guti\u00e9rrez Santana<\/td><td>Ana Isabel<\/td><td><a href=mailto:agutisan@ull.es>agutisan@ull.es<\/a><\/td><td>Personal De Administraci\u00f3n Y Servicios<\/td><td>Tecnico de Laboratorio<\/td><td>PAS<\/td><td><a class='btn-directorio' href='https:\/\/www.ull.es\/directorio\/search\/?busqueda=Ana Isabel Guti\u00e9rrez Santana' target='_blank'><i class='fa fa-search-plus'><\/i><\/a><\/td><\/tr><tr><td>P\u00e9rez de Castro<\/td><td>Francisco V\u00edctor<\/td><td><a href=mailto:fperezdc@ull.es>fperezdc@ull.es<\/a><\/td><td>Personal De Administraci\u00f3n Y Servicios<\/td><td>Tecnico de Laboratorio<\/td><td>PAS<\/td><td><a class='btn-directorio' href='https:\/\/www.ull.es\/directorio\/search\/?busqueda=Francisco V\u00edctor P\u00e9rez de Castro' target='_blank'><i class='fa fa-search-plus'><\/i><\/a><\/td><\/tr><tr><td>Portero \u00c1lvarez<\/td><td>Ana M\u00aa<\/td><td><a href=mailto:aportero@ull.es>aportero@ull.es<\/a><\/td><td>Personal De Administraci\u00f3n Y Servicios<\/td><td>Tecnico de Laboratorio<\/td><td>PAS<\/td><td><a class='btn-directorio' href='https:\/\/www.ull.es\/directorio\/search\/?busqueda=Ana M\u00aa Portero \u00c1lvarez' target='_blank'><i class='fa fa-search-plus'><\/i><\/a><\/td><\/tr>        <\/tbody>\n    <\/table>\n<\/div>\n\n<script>\n\t\njQuery.extend( jQuery.fn.dataTableExt.oSort, {\n    \"chinese-string-asc\" : function (s1, s2) {\n        return s1.localeCompare(s2);\n    },\n \n    \"chinese-string-desc\" : function (s1, s2) {\n        return s2.localeCompare(s1);\n    }\n} );\n\t\n$(document).ready(function() {\n\n        $('#personal').DataTable( {\n            \"dom\": \"\" +\n            \"<'row'<'col-sm-9 toolbar'><'col-sm-3'f>>\" +\n            \"<'row tabla'<'col-sm-12'tr>>\" +\n            \"<'row'<'col-sm-5'i><'col-sm-7'p>>\"\n            ,\n            \"language\": {\n                \"url\": \"\/\/cdn.datatables.net\/plug-ins\/1.10.15\/i18n\/Spanish.json\"\n            },\n\n         columnDefs: [{ type: 'chinese-string', targets: 0 }],\n\n\n\t initComplete: function () {\n\n                this.api().columns([3]).every( function () {\n                    var column = this;\n                    var select = $('<select class=\"form-control input-sm\"><option value=\"\">Mostrar todas las \u00e1reas de conocimiento<\/option><\/select>')\n                        .appendTo( $('div.toolbar') )\n                        .on( 'change', function () {\n                            var val = $.fn.dataTable.util.escapeRegex(\n                                $(this).val()\n                            );\n\n                            column\n                                .search( val ? '^'+val+'$' : '', true, false )\n                                .draw();\n                        } );\n\n                    column.data().unique().sort().each( function ( d, j ) {\n                        select.append( '<option value=\"'+d+'\">'+d+'<\/option>' )\n                    } );\n\n                } );\n                this.api().columns([5]).every( function () {\n                    var column = this;\n                    var select = $('<select class=\"form-control input-sm\"><option value=\"\">Mostrar todos los roles<\/option><\/select>')\n                        .appendTo( $('div.toolbar') )\n                        .on( 'change', function () {\n                            var val = $.fn.dataTable.util.escapeRegex(\n                                $(this).val()\n                            );\n\n                            column\n                                .search( val ? '^'+val+'$' : '', true, false )\n                                .draw();\n                        } );\n\n                    column.data().unique().sort().each( function ( d, j ) {\n                        select.append( '<option value=\"'+d+'\">'+d+'<\/option>' )\n                    } );\n                } );\n            }\n        } );\n\n    } );\n<\/script>\n[\/vc_column_text][\/vc_column][\/vc_row]<\/p>\n","protected":false},"excerpt":{"rendered":"<p>[vc_row css=\u00bb.vc_custom_1497445297003{margin-bottom: 20px !important;}\u00bb][vc_column][vc_column_text] Personal [\/vc_column_text][\/vc_column][\/vc_row][vc_row][vc_column][vc_column_text][\/vc_column_text][\/vc_column][\/vc_row]<\/p>\n","protected":false},"author":1,"featured_media":0,"parent":0,"menu_order":0,"comment_status":"closed","ping_status":"closed","template":"","meta":[],"_links":{"self":[{"href":"https:\/\/www.ull.es\/departamentos\/botanica-ecologia-y-fisiologia-vegetal\/wp-json\/wp\/v2\/pages\/16"}],"collection":[{"href":"https:\/\/www.ull.es\/departamentos\/botanica-ecologia-y-fisiologia-vegetal\/wp-json\/wp\/v2\/pages"}],"about":[{"href":"https:\/\/www.ull.es\/departamentos\/botanica-ecologia-y-fisiologia-vegetal\/wp-json\/wp\/v2\/types\/page"}],"author":[{"embeddable":true,"href":"https:\/\/www.ull.es\/departamentos\/botanica-ecologia-y-fisiologia-vegetal\/wp-json\/wp\/v2\/users\/1"}],"replies":[{"embeddable":true,"href":"https:\/\/www.ull.es\/departamentos\/botanica-ecologia-y-fisiologia-vegetal\/wp-json\/wp\/v2\/comments?post=16"}],"version-history":[{"count":1,"href":"https:\/\/www.ull.es\/departamentos\/botanica-ecologia-y-fisiologia-vegetal\/wp-json\/wp\/v2\/pages\/16\/revisions"}],"predecessor-version":[{"id":145,"href":"https:\/\/www.ull.es\/departamentos\/botanica-ecologia-y-fisiologia-vegetal\/wp-json\/wp\/v2\/pages\/16\/revisions\/145"}],"wp:attachment":[{"href":"https:\/\/www.ull.es\/departamentos\/botanica-ecologia-y-fisiologia-vegetal\/wp-json\/wp\/v2\/media?parent=16"}],"curies":[{"name":"wp","href":"https:\/\/api.w.org\/{rel}","templated":true}]}}