{"id":71,"date":"2017-05-15T09:13:24","date_gmt":"2017-05-15T09:13:24","guid":{"rendered":"http:\/\/www.ull.es\/departamentos\/ingenieria-informatica-sistemas\/?page_id=71"},"modified":"2018-11-16T12:14:37","modified_gmt":"2018-11-16T12:14:37","slug":"instalaciones-y-recursos","status":"publish","type":"page","link":"https:\/\/www.ull.es\/departamentos\/botanica-ecologia-y-fisiologia-vegetal\/instalaciones-y-recursos\/","title":{"rendered":"Instalaciones y recursos"},"content":{"rendered":"<p>[vc_row][vc_column][vc_column_text]<\/p>\n<h1>Instalaciones y recursos<\/h1>\n<p>[\/vc_column_text][\/vc_column][\/vc_row][vc_row][vc_column width=\u00bb2\/3&#8243; css=\u00bb.vc_custom_1495178447766{padding-right: 50px !important;}\u00bb][vc_column_text]El departamento de\u00a0Bot\u00e1nica, Ecolog\u00eda y Fisiolog\u00eda Vegetal dispone de los siguientes laboratorios y aulas:<\/p>\n<ul>\n<li>Facultad de Farmacia: Tres laboratorios de pr\u00e1cticas y dos aula.<\/li>\n<li>Facultad de Ciencias. Secci\u00f3n de Biolog\u00eda: un laboratorio de pr\u00e1cticas.<\/li>\n<li>Escuela Polit\u00e9cnica Superior de Ingenier\u00eda. Secci\u00f3n de Ingenier\u00eda Agraria: un laboratorio de pr\u00e1cticas.<\/li>\n<\/ul>\n<p>[\/vc_column_text][\/vc_column][vc_column width=\u00bb1\/3&#8243;][vc_single_image image=\u00bb153&#8243; img_size=\u00bb300&#215;170&#8243;][\/vc_column][\/vc_row][vc_row][vc_column][vc_empty_space height=\u00bb40px\u00bb][\/vc_column][\/vc_row][vc_row][vc_column css=\u00bb.vc_custom_1495178447766{padding-right: 50px !important;}\u00bb][vc_column_text]<\/p>\n<h2>Herbario<\/h2>\n<p>En las dependencias del \u00c1rea de Bot\u00e1nica en la Facultad de Farmacia, se encuentra enclavado el Herbario de la Universidad de La Laguna, registrado internacionalmente con las siglas TFC. Fue creado por el Prof. Wolfredo Wildpret de la Torre en 1969, tras la puesta en marcha de la Secci\u00f3n de Biolog\u00eda de la Facultad de Ciencias, con la visi\u00f3n clara de contar necesariamente con una instalaci\u00f3n de este tipo ligada a toda instituci\u00f3n en la que se investigue en Bot\u00e1nica. En el mismo, se han ido depositando todas las colecciones de muestras vegetales y f\u00fangicas relacionadas con los trabajos de investigaci\u00f3n desarrollados en la actual \u00e1rea y antiguo Departamento de Bot\u00e1nica (tesinas, tesis doctorales y proyectos de investigaci\u00f3n).<\/p>\n<p>En la actualidad, estas colecciones contenidas en el Herbario TFC, superan las 125.000 muestras (51.000 de plantas vasculares, 24.000 de hongos, 14.000 de l\u00edquenes, 15.000 de algas y 22.000 de bri\u00f3fitos). Constituye sin lugar a dudas, una de las m\u00e1s importantes colecciones representativa de la flora canaria en general, comparada con la de cualquier otro herbario, ubicado en Canarias o fuera de nuestro territorio. Adem\u00e1s, cuenta con colecciones de los otros archipi\u00e9lagos macaron\u00e9sicos, de la Pen\u00ednsula Ib\u00e9rica y de otros pa\u00edses europeos, as\u00ed como del Norte de \u00c1frica, Venezuela, M\u00e9xico, Cuba y otros lugares del mundo a trav\u00e9s del intercambio con herbarios internacionales.<\/p>\n<p>Tambi\u00e9n est\u00e1n depositadas en este herbario, colecciones de referencia de muchos trabajos de investigaci\u00f3n relacionados con las plantas y llevados a cabo en otros departamentos de nuestra universidad. En la actualidad y gracias a distintas subvenciones del Plan Nacional de Investigaci\u00f3n, se est\u00e1 procediendo a la informatizaci\u00f3n de las colecciones, algunas de las cuales se han incorporado a la red informatizada del GBIF (Global Biodiversity Internacional Facility), cuyo nodo espa\u00f1ol se halla gestionado desde el Real Jard\u00edn Bot\u00e1nico de Madrid.<\/p>\n<ul>\n<li><strong><a href=\"https:\/\/drive.google.com\/open?id=0Bxi8Rp1_THQzZ2YyOWtnWU4zNjQ\" target=\"_blank\" rel=\"noopener\">Consultar normas de uso del Herbario.<\/a><\/strong><\/li>\n<\/ul>\n<p>[\/vc_column_text][\/vc_column][\/vc_row]<\/p>\n","protected":false},"excerpt":{"rendered":"<p>[vc_row][vc_column][vc_column_text] Instalaciones y recursos [\/vc_column_text][\/vc_column][\/vc_row][vc_row][vc_column width=\u00bb2\/3&#8243; css=\u00bb.vc_custom_1495178447766{padding-right: 50px !important;}\u00bb][vc_column_text]El departamento de\u00a0Bot\u00e1nica, Ecolog\u00eda y Fisiolog\u00eda Vegetal dispone de los siguientes laboratorios y aulas: Facultad de Farmacia: Tres laboratorios de pr\u00e1cticas y dos aula. Facultad de Ciencias. Secci\u00f3n de Biolog\u00eda: un laboratorio de pr\u00e1cticas. Escuela Polit\u00e9cnica Superior de Ingenier\u00eda. Secci\u00f3n de Ingenier\u00eda Agraria: un laboratorio de pr\u00e1cticas&#8230;.<\/p>\n","protected":false},"author":1,"featured_media":0,"parent":0,"menu_order":0,"comment_status":"closed","ping_status":"closed","template":"","meta":[],"_links":{"self":[{"href":"https:\/\/www.ull.es\/departamentos\/botanica-ecologia-y-fisiologia-vegetal\/wp-json\/wp\/v2\/pages\/71"}],"collection":[{"href":"https:\/\/www.ull.es\/departamentos\/botanica-ecologia-y-fisiologia-vegetal\/wp-json\/wp\/v2\/pages"}],"about":[{"href":"https:\/\/www.ull.es\/departamentos\/botanica-ecologia-y-fisiologia-vegetal\/wp-json\/wp\/v2\/types\/page"}],"author":[{"embeddable":true,"href":"https:\/\/www.ull.es\/departamentos\/botanica-ecologia-y-fisiologia-vegetal\/wp-json\/wp\/v2\/users\/1"}],"replies":[{"embeddable":true,"href":"https:\/\/www.ull.es\/departamentos\/botanica-ecologia-y-fisiologia-vegetal\/wp-json\/wp\/v2\/comments?post=71"}],"version-history":[{"count":11,"href":"https:\/\/www.ull.es\/departamentos\/botanica-ecologia-y-fisiologia-vegetal\/wp-json\/wp\/v2\/pages\/71\/revisions"}],"predecessor-version":[{"id":191,"href":"https:\/\/www.ull.es\/departamentos\/botanica-ecologia-y-fisiologia-vegetal\/wp-json\/wp\/v2\/pages\/71\/revisions\/191"}],"wp:attachment":[{"href":"https:\/\/www.ull.es\/departamentos\/botanica-ecologia-y-fisiologia-vegetal\/wp-json\/wp\/v2\/media?parent=71"}],"curies":[{"name":"wp","href":"https:\/\/api.w.org\/{rel}","templated":true}]}}