{"id":80,"date":"2017-05-11T12:37:19","date_gmt":"2017-05-11T12:37:19","guid":{"rendered":"http:\/\/www.ull.es\/departamentos\/ingenieria-informatica-sistemas\/?page_id=9"},"modified":"2017-09-12T09:29:38","modified_gmt":"2017-09-12T09:29:38","slug":"informacion-ubicacion-y-contacto","status":"publish","type":"page","link":"https:\/\/www.ull.es\/departamentos\/botanica-ecologia-y-fisiologia-vegetal\/informacion-ubicacion-y-contacto\/","title":{"rendered":"Informaci\u00f3n, ubicaci\u00f3n y contacto"},"content":{"rendered":"<p>[vc_row][vc_column width=\u00bb2\/3&#8243; el_class=\u00bbpadding-50-right\u00bb css=\u00bb.vc_custom_1494506721665{padding-right: 50px !important;}\u00bb][vc_column_text]<\/p>\n<h1>Presentaci\u00f3n<\/h1>\n<p>[\/vc_column_text][vc_column_text el_id=\u00bbpresentacion\u00bb]\n<div class=\"shortcode-descripcion\">\n    <p>El Departamento de Bot\u00e1nica, Ecolog\u00eda y Fisiolog\u00eda Vegetal se encarga fundamentalmente de organizar y coordinar todas las ense\u00f1anzas propias de cada una estas \u00e1reas y su impartici\u00f3n en los centros cuyas titulaciones incluyen materias y asignaturas adscritas a las mismas. Asimismo, tiene como misi\u00f3n apoyar administrativamente todas las actividades conducentes al desarrollo de la actividad docente e investigadora de sus miembros, que est\u00e1 relacionada, principalmente, con el conocimiento en sentido amplio de los organismos vegetales.<\/p><\/div>\n\n[\/vc_column_text][vc_empty_space height=\u00bb40px\u00bb][vc_column_text el_id=\u00bbareas-de-conocimiento\u00bb]\n<style>\n    .shortcode-areas h2 {\n        margin-bottom: 10px !important;\n    }\n<\/style>\n\n<div class=\"shortcode-areas\">\n    <h2>\u00c1reas de conocimiento<\/h2><ul><li>Ecolog\u00eda<\/li><li>Fisiolog\u00eda Vegetal<\/li><li>Bot\u00e1nica<\/li><\/ul><\/div>\n\n[\/vc_column_text][vc_empty_space height=\u00bb40px\u00bb][vc_column_text el_id=\u00bborganigrama\u00bb]<\/p>\n<h1>Organigrama<\/h1>\n<p>[\/vc_column_text][vc_column_text]\n<style>\n    .shortcode-equipo h2 {\n        margin-bottom: 10px !important;\n    }\n<\/style>\n\n<div class=\"shortcode-equipo\">\n    <h2>Equipo de direcci\u00f3n<\/h2><dl><dt><strong>Director<\/strong><\/dt><dd> <a href='https:\/\/www.ull.es\/directorio\/search\/?busqueda=Israel P\u00e9rez Vargas' target='_blank'>Israel P\u00e9rez Vargas<\/a><\/dd><dt><strong>Secretaria<\/strong><\/dt><dd> <a href='https:\/\/www.ull.es\/directorio\/search\/?busqueda=Vanesa Cristina Luis D\u00edaz' target='_blank'>Vanesa Cristina Luis D\u00edaz<\/a><\/dd><\/dl><h2>Personal de administraci\u00f3n<\/h2><dl><dt><strong>Administrativo<\/strong><\/dt><dd> <a href='https:\/\/www.ull.es\/directorio\/search\/?busqueda=Alfonso Jes\u00fas Febles Torres' target='_blank'>Alfonso Jes\u00fas Febles Torres<\/a><\/dd><\/dl>\n<\/div>\n[\/vc_column_text][\/vc_column][vc_column width=\u00bb1\/3&#8243;][vc_column_text]<a class=\"btn-destacado\" href=\"https:\/\/riull.ull.es\/xmlui\/handle\/915\/6002\" target=\"_blank\" rel=\"noopener\" target=\"_blank\" rel=\"noopener\">Consultar normativa del departamento<i class=\"fa fa-arrow-right\"><\/i><\/a>[\/vc_column_text][vc_column_text]<a class=\"btn-destacado\" href=\"https:\/\/drive.google.com\/open?id=1JS5PjcMXHuJOcLOKsF50XCs1gRI0ifc2HY7X196u8vA\" target=\"_blank\" rel=\"noopener\" target=\"_blank\" rel=\"noopener\">Consultar comisiones del departamento<i class=\"fa fa-arrow-right\"><\/i><\/a>[\/vc_column_text][vc_column_text]<a class=\"btn-destacado\" href=\"https:\/\/drive.google.com\/open?id=0Bxi8Rp1_THQzYThGOEdMNng5MzA\" target=\"_blank\" rel=\"noopener\" target=\"_blank\" rel=\"noopener\">Miembros del consejo de departamento<i class=\"fa fa-arrow-right\"><\/i><\/a>[\/vc_column_text][vc_column_text]\n<ul class=\"widget-box\">\n<li class='contacto-header'>Informaci\u00f3n de contacto<\/li><li><i class=\"fa fa-map-marker\"><\/i> Avenida Astrof\u00edsico Francisco S\u00e1nchez, s\/n. Facultad de Farmacia. Apartado 456. C\u00f3digo postal 38200. San Crist\u00f3bal de La Laguna. S\/C de Tenerife<\/li><li><i class=\"fa fa-phone\"><\/i> (+34) 922 31 84 54<\/li><li><i class=\"fa fa-address-book-o\"><\/i> <a target=\"_blank\" href=\"https:\/\/www.ull.es\/directorio\/search\/?busqueda_uo=botanica,-ecologia-y-fisiologia-vegetal\">Directorio<\/a><\/li><li><i class=\"fa fa-envelope\"><\/i>  <a href=mailto:bioveg@ull.es>bioveg@ull.es<\/a><\/li>\n<\/ul>\n\n[\/vc_column_text][vc_column_text el_id=\u00bbubicacion\u00bb]\n    \n<style>\n    .google-maps {\n        position: relative;\n        padding-bottom: 75%;\n        height: 0;\n        overflow: hidden;\n    }\n    .google-maps iframe {\n        position: absolute;\n        top: 0;\n        left: 0;\n        width: 100% !important;\n        height: 100% !important;\n    }\n<\/style>\n\n\n<div class=\"google-maps\">\n    <iframe src=\"https:\/\/www.openstreetmap.org\/export\/embed.html?bbox=-16.324786861747%2C28.474674988659%2C-16.318643052157%2C28.480487210939&amp;layer=mapnik&amp;marker=28.478857944399447%2C-16.32196068763733\" style=\"border: 1px solid black\"><\/iframe>\n<\/div>\n\n<div class=\"btn-widget\">\n    <a href=\"https:\/\/www.openstreetmap.org\/directions?engine=graphhopper_car&from=&to=28.478857944399447%2C-16.32196068763733#map=17\/28.478857944399447\/-16.32196068763733\">C\u00f3mo llegar<\/a>  \n<\/div>\n\n  <\/body>\n<\/html>\n\n[\/vc_column_text][\/vc_column][\/vc_row]<\/p>\n","protected":false},"excerpt":{"rendered":"<p>[vc_row][vc_column width=\u00bb2\/3&#8243; el_class=\u00bbpadding-50-right\u00bb css=\u00bb.vc_custom_1494506721665{padding-right: 50px !important;}\u00bb][vc_column_text] Presentaci\u00f3n [\/vc_column_text][vc_column_text el_id=\u00bbpresentacion\u00bb][\/vc_column_text][vc_empty_space height=\u00bb40px\u00bb][vc_column_text el_id=\u00bbareas-de-conocimiento\u00bb][\/vc_column_text][vc_empty_space height=\u00bb40px\u00bb][vc_column_text el_id=\u00bborganigrama\u00bb] Organigrama [\/vc_column_text][vc_column_text][\/vc_column_text][\/vc_column][vc_column width=\u00bb1\/3&#8243;][vc_column_text]Consultar normativa del departamento[\/vc_column_text][vc_column_text]Consultar comisiones del departamento[\/vc_column_text][vc_column_text]Miembros del consejo de departamento[\/vc_column_text][vc_column_text][\/vc_column_text][vc_column_text el_id=\u00bbubicacion\u00bb][\/vc_column_text][\/vc_column][\/vc_row]<\/p>\n","protected":false},"author":1,"featured_media":0,"parent":0,"menu_order":0,"comment_status":"closed","ping_status":"closed","template":"","meta":[],"_links":{"self":[{"href":"https:\/\/www.ull.es\/departamentos\/botanica-ecologia-y-fisiologia-vegetal\/wp-json\/wp\/v2\/pages\/80"}],"collection":[{"href":"https:\/\/www.ull.es\/departamentos\/botanica-ecologia-y-fisiologia-vegetal\/wp-json\/wp\/v2\/pages"}],"about":[{"href":"https:\/\/www.ull.es\/departamentos\/botanica-ecologia-y-fisiologia-vegetal\/wp-json\/wp\/v2\/types\/page"}],"author":[{"embeddable":true,"href":"https:\/\/www.ull.es\/departamentos\/botanica-ecologia-y-fisiologia-vegetal\/wp-json\/wp\/v2\/users\/1"}],"replies":[{"embeddable":true,"href":"https:\/\/www.ull.es\/departamentos\/botanica-ecologia-y-fisiologia-vegetal\/wp-json\/wp\/v2\/comments?post=80"}],"version-history":[{"count":7,"href":"https:\/\/www.ull.es\/departamentos\/botanica-ecologia-y-fisiologia-vegetal\/wp-json\/wp\/v2\/pages\/80\/revisions"}],"predecessor-version":[{"id":180,"href":"https:\/\/www.ull.es\/departamentos\/botanica-ecologia-y-fisiologia-vegetal\/wp-json\/wp\/v2\/pages\/80\/revisions\/180"}],"wp:attachment":[{"href":"https:\/\/www.ull.es\/departamentos\/botanica-ecologia-y-fisiologia-vegetal\/wp-json\/wp\/v2\/media?parent=80"}],"curies":[{"name":"wp","href":"https:\/\/api.w.org\/{rel}","templated":true}]}}