{"id":16,"date":"2017-05-11T12:57:04","date_gmt":"2017-05-11T12:57:04","guid":{"rendered":"http:\/\/www.ull.es\/departamentos\/ingenieria-informatica-sistemas\/?page_id=16"},"modified":"2017-07-13T13:12:14","modified_gmt":"2017-07-13T13:12:14","slug":"personal","status":"publish","type":"page","link":"https:\/\/www.ull.es\/departamentos\/ciencias-de-la-comunicacion-y-trabajo-social\/personal\/","title":{"rendered":"Personal"},"content":{"rendered":"<p>[vc_row css=\u00bb.vc_custom_1497445297003{margin-bottom: 20px !important;}\u00bb][vc_column][vc_column_text]<\/p>\n<h1>Personal<\/h1>\n<p>[\/vc_column_text][\/vc_column][\/vc_row][vc_row][vc_column][vc_column_text]\n<link rel=\"stylesheet\" href=\"https:\/\/cdn.datatables.net\/1.10.15\/css\/dataTables.bootstrap.min.css\">\n<script src=\"https:\/\/cdn.datatables.net\/1.10.15\/js\/jquery.dataTables.min.js\"><\/script>\n<script src=\"https:\/\/cdn.datatables.net\/1.10.15\/js\/dataTables.bootstrap.min.js\"><\/script>\n<script src=\"https:\/\/cdn.datatables.net\/plug-ins\/1.10.21\/sorting\/chinese-string.js\"><\/script>\n\n<style>\n\n    #personal {\n        font-size: 13px;\n    }\n\n    .row.tabla{\n        margin-bottom: 20px !important;\n        margin-top: 20px !important;\n        font-size: 14px;\n    }\n\n    div.toolbar{\n        \/*text-align: center;*\/\n    }\n\n    .input-sm {\n        font-size: 16px;\n        \/* max-width: 200px;*\/\n    }\n\n    div.toolbar select{\n        margin: 0 10px;\n    }\n\n    table.dataTable thead .sorting:after {\n        opacity: 0.2;\n        content: \"\\f0ec\";\n        -webkit-transform: rotate(90deg);\n        -moz-transform: rotate(90deg);\n        -o-transform: rotate(90deg);\n        -ms-transform: rotate(90deg);\n        transform: rotate(90deg);\n    }\n\n    table.dataTable thead .sorting_asc:after {\n        content: \"\\f160\";\n    }\n    table.dataTable thead .sorting_desc:after {\n        content: \"\\f161 \";\n    }\n    table.dataTable thead .sorting:after, table.dataTable thead .sorting_asc:after, table.dataTable thead .sorting_desc:after, table.dataTable thead .sorting_asc_disabled:after, table.dataTable thead .sorting_desc_disabled:after {\n        font-family: 'FontAwesome';\n    }\n\n    .btn-directorio {\n        font-size: 13px;\n        text-align: center;\n        display: block;\n    }\n\n<\/style>\n\n<div class=\"table-responsive\">\n    <table id=\"personal\" class=\"table table-bordered table-condensed table-hover\" cellspacing=\"0\" width=\"100%\"  data-page-length=\"25\">\n        <thead>\n        <tr>\n            <th>Apellidos<\/th>\n            <th>Nombre<\/th>\n            <th>Email<\/th>\n            <th>\u00c1rea<\/th>\n            <th>Categor\u00eda<\/th>\n            <th>Rol<\/th>\n            <th>Info.<\/th>\n        <\/tr>\n        <\/thead>\n\n        <tbody>\n        <tr><td>Negr\u00edn Plata<\/td><td>Amanda<\/td><td><a href=mailto:anegrinp@ull.es>anegrinp@ull.es<\/a><\/td><td>Trabajo Social y Servicios Sociales<\/td><td>Profesor Ayudante Doctor<\/td><td>PDI<\/td><td><a class='btn-directorio' href='https:\/\/www.ull.es\/directorio\/search\/?busqueda=Amanda Negr\u00edn Plata' target='_blank'><i class='fa fa-search-plus'><\/i><\/a><\/td><\/tr><tr><td>P\u00e9rez Jer\u00f3nimo<\/td><td>Mar\u00eda Elena<\/td><td><a href=mailto:mperezje@ull.es>mperezje@ull.es<\/a><\/td><td>Trabajo Social y Servicios Sociales<\/td><td>Profesor Sustituto<\/td><td>PDI<\/td><td><a class='btn-directorio' href='https:\/\/www.ull.es\/directorio\/search\/?busqueda=Mar\u00eda Elena P\u00e9rez Jer\u00f3nimo' target='_blank'><i class='fa fa-search-plus'><\/i><\/a><\/td><\/tr><tr><td>Pulido Gaspar<\/td><td>Mar\u00eda Milagros<\/td><td><a href=mailto:mpulido@ull.es>mpulido@ull.es<\/a><\/td><td>Trabajo Social y Servicios Sociales<\/td><td>Profesor Asociado<\/td><td>PDI<\/td><td><a class='btn-directorio' href='https:\/\/www.ull.es\/directorio\/search\/?busqueda=Mar\u00eda Milagros Pulido Gaspar' target='_blank'><i class='fa fa-search-plus'><\/i><\/a><\/td><\/tr><tr><td>Rodr\u00edguez Ramos<\/td><td>Paulo Adri\u00e1n<\/td><td><a href=mailto:prodrira@ull.es>prodrira@ull.es<\/a><\/td><td>Trabajo Social y Servicios Sociales<\/td><td>Profesor Ayudante Doctor<\/td><td>PDI<\/td><td><a class='btn-directorio' href='https:\/\/www.ull.es\/directorio\/search\/?busqueda=Paulo Adri\u00e1n Rodr\u00edguez Ramos' target='_blank'><i class='fa fa-search-plus'><\/i><\/a><\/td><\/tr><tr><td>Rodr\u00edguez Rodr\u00edguez<\/td><td>Laura<\/td><td><a href=mailto:lrodrigr@ull.es>lrodrigr@ull.es<\/a><\/td><td>Trabajo Social y Servicios Sociales<\/td><td>Pers. Inv. en form. FPI\/FPU PREDOCTORAL<\/td><td>INV<\/td><td><a class='btn-directorio' href='https:\/\/www.ull.es\/directorio\/search\/?busqueda=Laura Rodr\u00edguez Rodr\u00edguez' target='_blank'><i class='fa fa-search-plus'><\/i><\/a><\/td><\/tr><tr><td>Rodr\u00edguez Su\u00e1rez<\/td><td>Guacimara<\/td><td><a href=mailto:grodrigs@ull.es>grodrigs@ull.es<\/a><\/td><td>Trabajo Social y Servicios Sociales<\/td><td>Profesor Contratado Doctor (1)<\/td><td>PDI<\/td><td><a class='btn-directorio' href='https:\/\/www.ull.es\/directorio\/search\/?busqueda=Guacimara Rodr\u00edguez Su\u00e1rez' target='_blank'><i class='fa fa-search-plus'><\/i><\/a><\/td><\/tr><tr><td>Delponti <\/td><td>Patricia Adriana<\/td><td><a href=mailto:adelpont@ull.es>adelpont@ull.es<\/a><\/td><td>Comunicaci\u00f3n Audiovisual y Publicidad<\/td><td>Profesor Titular Universidad<\/td><td>PDI<\/td><td><a class='btn-directorio' href='https:\/\/www.ull.es\/directorio\/search\/?busqueda=Patricia Adriana Delponti ' target='_blank'><i class='fa fa-search-plus'><\/i><\/a><\/td><\/tr><tr><td>Ferrer Pe\u00f1ate<\/td><td>Mario<\/td><td><a href=mailto:mferrerp@ull.es>mferrerp@ull.es<\/a><\/td><td>Comunicaci\u00f3n Audiovisual y Publicidad<\/td><td>Profesor Ayudante Doctor<\/td><td>PDI<\/td><td><a class='btn-directorio' href='https:\/\/www.ull.es\/directorio\/search\/?busqueda=Mario Ferrer Pe\u00f1ate' target='_blank'><i class='fa fa-search-plus'><\/i><\/a><\/td><\/tr><tr><td>Fuentefria Rodr\u00edguez<\/td><td>David<\/td><td><a href=mailto:dfuentef@ull.es>dfuentef@ull.es<\/a><\/td><td>Comunicaci\u00f3n Audiovisual y Publicidad<\/td><td>Profesor Contratado Doctor (1)<\/td><td>PDI<\/td><td><a class='btn-directorio' href='https:\/\/www.ull.es\/directorio\/search\/?busqueda=David Fuentefria Rodr\u00edguez' target='_blank'><i class='fa fa-search-plus'><\/i><\/a><\/td><\/tr><tr><td>Gabino Campos<\/td><td>Mar\u00eda Auxiliadora<\/td><td><a href=mailto:mgabinoc@ull.es>mgabinoc@ull.es<\/a><\/td><td>Comunicaci\u00f3n Audiovisual y Publicidad<\/td><td>Profesor Permanente Laboral<\/td><td>PDI<\/td><td><a class='btn-directorio' href='https:\/\/www.ull.es\/directorio\/search\/?busqueda=Mar\u00eda Auxiliadora Gabino Campos' target='_blank'><i class='fa fa-search-plus'><\/i><\/a><\/td><\/tr><tr><td>Gulesserian Kaminsky<\/td><td>Mar\u00eda Gabriela<\/td><td><a href=mailto:mgulesse@ull.es>mgulesse@ull.es<\/a><\/td><td>Comunicaci\u00f3n Audiovisual y Publicidad<\/td><td>Profesor Sustituto<\/td><td>PDI<\/td><td><a class='btn-directorio' href='https:\/\/www.ull.es\/directorio\/search\/?busqueda=Mar\u00eda Gabriela Gulesserian Kaminsky' target='_blank'><i class='fa fa-search-plus'><\/i><\/a><\/td><\/tr><tr><td>Iturrate C\u00e1rdenes<\/td><td>Luis Fernando<\/td><td><a href=mailto:liturrat@ull.es>liturrat@ull.es<\/a><\/td><td>Comunicaci\u00f3n Audiovisual y Publicidad<\/td><td>Profesor Titular Universidad<\/td><td>PDI<\/td><td><a class='btn-directorio' href='https:\/\/www.ull.es\/directorio\/search\/?busqueda=Luis Fernando Iturrate C\u00e1rdenes' target='_blank'><i class='fa fa-search-plus'><\/i><\/a><\/td><\/tr><tr><td>Mederos Cruz<\/td><td>Sergio Luis<\/td><td><a href=mailto:smederos@ull.es>smederos@ull.es<\/a><\/td><td>Comunicaci\u00f3n Audiovisual y Publicidad<\/td><td>Profesor Sustituto<\/td><td>PDI<\/td><td><a class='btn-directorio' href='https:\/\/www.ull.es\/directorio\/search\/?busqueda=Sergio Luis Mederos Cruz' target='_blank'><i class='fa fa-search-plus'><\/i><\/a><\/td><\/tr><tr><td>Rodr\u00edguez Batista<\/td><td>\u00c1lida<\/td><td><a href=mailto:arodrbat@ull.es>arodrbat@ull.es<\/a><\/td><td>Comunicaci\u00f3n Audiovisual y Publicidad<\/td><td>Pers. Inv. en form. FPI\/FPU PREDOCTORAL<\/td><td>INV<\/td><td><a class='btn-directorio' href='https:\/\/www.ull.es\/directorio\/search\/?busqueda=\u00c1lida Rodr\u00edguez Batista' target='_blank'><i class='fa fa-search-plus'><\/i><\/a><\/td><\/tr><tr><td>Trenta <\/td><td>Milena<\/td><td><a href=mailto:mitrenta@ull.es>mitrenta@ull.es<\/a><\/td><td>Comunicaci\u00f3n Audiovisual y Publicidad<\/td><td>Profesor Ayudante Doctor<\/td><td>PDI<\/td><td><a class='btn-directorio' href='https:\/\/www.ull.es\/directorio\/search\/?busqueda=Milena Trenta ' target='_blank'><i class='fa fa-search-plus'><\/i><\/a><\/td><\/tr><tr><td>Ard\u00e9vol Abreu<\/td><td>Alberto Isaac<\/td><td><a href=mailto:aardevol@ull.es>aardevol@ull.es<\/a><\/td><td>Periodismo<\/td><td>Profesor Titular Universidad<\/td><td>PDI<\/td><td><a class='btn-directorio' href='https:\/\/www.ull.es\/directorio\/search\/?busqueda=Alberto Isaac Ard\u00e9vol Abreu' target='_blank'><i class='fa fa-search-plus'><\/i><\/a><\/td><\/tr><tr><td>Carrascosa Puertas<\/td><td>Lara<\/td><td><a href=mailto:lcarrasc@ull.es>lcarrasc@ull.es<\/a><\/td><td>Periodismo<\/td><td>Profesor Ayudante Doctor<\/td><td>PDI<\/td><td><a class='btn-directorio' href='https:\/\/www.ull.es\/directorio\/search\/?busqueda=Lara Carrascosa Puertas' target='_blank'><i class='fa fa-search-plus'><\/i><\/a><\/td><\/tr><tr><td>Chinea Rodr\u00edguez<\/td><td>Mar\u00eda Sonnia<\/td><td><a href=mailto:mchinear@ull.es>mchinear@ull.es<\/a><\/td><td>Periodismo<\/td><td>Profesor Ayudante Doctor<\/td><td>PDI<\/td><td><a class='btn-directorio' href='https:\/\/www.ull.es\/directorio\/search\/?busqueda=Mar\u00eda Sonnia Chinea Rodr\u00edguez' target='_blank'><i class='fa fa-search-plus'><\/i><\/a><\/td><\/tr><tr><td>Codesido Linares<\/td><td>V\u00e1leri<\/td><td><a href=mailto:vcodesid@ull.es>vcodesid@ull.es<\/a><\/td><td>Periodismo<\/td><td>Profesor Sustituto<\/td><td>PDI<\/td><td><a class='btn-directorio' href='https:\/\/www.ull.es\/directorio\/search\/?busqueda=V\u00e1leri Codesido Linares' target='_blank'><i class='fa fa-search-plus'><\/i><\/a><\/td><\/tr><tr><td>D\u00edaz Gonz\u00e1lez<\/td><td>Nuria<\/td><td><a href=mailto:ndiazgon@ull.es>ndiazgon@ull.es<\/a><\/td><td>Periodismo<\/td><td>Profesor Sustituto<\/td><td>PDI<\/td><td><a class='btn-directorio' href='https:\/\/www.ull.es\/directorio\/search\/?busqueda=Nuria D\u00edaz Gonz\u00e1lez' target='_blank'><i class='fa fa-search-plus'><\/i><\/a><\/td><\/tr><tr><td>Garc\u00eda S\u00e1nchez<\/td><td>Jenny del Pino<\/td><td><a href=mailto:jgarcias@ull.es>jgarcias@ull.es<\/a><\/td><td>Periodismo<\/td><td>Profesor Ayudante Doctor<\/td><td>PDI<\/td><td><a class='btn-directorio' href='https:\/\/www.ull.es\/directorio\/search\/?busqueda=Jenny del Pino Garc\u00eda S\u00e1nchez' target='_blank'><i class='fa fa-search-plus'><\/i><\/a><\/td><\/tr><tr><td>Meneses Fern\u00e1ndez<\/td><td>Mar\u00eda Dolores<\/td><td><a href=mailto:dmeneses@ull.es>dmeneses@ull.es<\/a><\/td><td>Periodismo<\/td><td>Profesor Titular Universidad<\/td><td>PDI<\/td><td><a class='btn-directorio' href='https:\/\/www.ull.es\/directorio\/search\/?busqueda=Mar\u00eda Dolores Meneses Fern\u00e1ndez' target='_blank'><i class='fa fa-search-plus'><\/i><\/a><\/td><\/tr><tr><td>Morales Dom\u00ednguez<\/td><td>Lucas<\/td><td><a href=mailto:lmoraldo@ull.es>lmoraldo@ull.es<\/a><\/td><td>Periodismo<\/td><td>Profesor Sustituto<\/td><td>PDI<\/td><td><a class='btn-directorio' href='https:\/\/www.ull.es\/directorio\/search\/?busqueda=Lucas Morales Dom\u00ednguez' target='_blank'><i class='fa fa-search-plus'><\/i><\/a><\/td><\/tr><tr><td>Pomares Rodr\u00edguez<\/td><td>Francisco Jos\u00e9<\/td><td><a href=mailto:fpomares@ull.es>fpomares@ull.es<\/a><\/td><td>Periodismo<\/td><td>Profesor Asociado<\/td><td>PDI<\/td><td><a class='btn-directorio' href='https:\/\/www.ull.es\/directorio\/search\/?busqueda=Francisco Jos\u00e9 Pomares Rodr\u00edguez' target='_blank'><i class='fa fa-search-plus'><\/i><\/a><\/td><\/tr><tr><td>Rodr\u00edguez Breijo<\/td><td>Vanessa<\/td><td><a href=mailto:vrbreijo@ull.es>vrbreijo@ull.es<\/a><\/td><td>Periodismo<\/td><td>Profesor Titular Universidad<\/td><td>PDI<\/td><td><a class='btn-directorio' href='https:\/\/www.ull.es\/directorio\/search\/?busqueda=Vanessa Rodr\u00edguez Breijo' target='_blank'><i class='fa fa-search-plus'><\/i><\/a><\/td><\/tr><tr><td>Rodr\u00edguez Wanguemert<\/td><td>Carmen Mar\u00eda<\/td><td><a href=mailto:crodrigu@ull.es>crodrigu@ull.es<\/a><\/td><td>Periodismo<\/td><td>Catedratico de Universidad<\/td><td>PDI<\/td><td><a class='btn-directorio' href='https:\/\/www.ull.es\/directorio\/search\/?busqueda=Carmen Mar\u00eda Rodr\u00edguez Wanguemert' target='_blank'><i class='fa fa-search-plus'><\/i><\/a><\/td><\/tr><tr><td>Toledano Buend\u00eda<\/td><td>Samuel<\/td><td><a href=mailto:stoledano@ull.es>stoledano@ull.es<\/a><\/td><td>Periodismo<\/td><td>Profesor Contratado Doctor (1)<\/td><td>PDI<\/td><td><a class='btn-directorio' href='https:\/\/www.ull.es\/directorio\/search\/?busqueda=Samuel Toledano Buend\u00eda' target='_blank'><i class='fa fa-search-plus'><\/i><\/a><\/td><\/tr><tr><td>Trujillo Palenzuela<\/td><td>Jos\u00e9 Mayer<\/td><td><a href=mailto:jtrujilp@ull.es>jtrujilp@ull.es<\/a><\/td><td>Periodismo<\/td><td>Contratado Laboral de Interinidad<\/td><td>PDI<\/td><td><a class='btn-directorio' href='https:\/\/www.ull.es\/directorio\/search\/?busqueda=Jos\u00e9 Mayer Trujillo Palenzuela' target='_blank'><i class='fa fa-search-plus'><\/i><\/a><\/td><\/tr><tr><td>Zurita Andi\u00f3n<\/td><td>Jos\u00e9 Luis<\/td><td><a href=mailto:jzuritaa@ull.es>jzuritaa@ull.es<\/a><\/td><td>Periodismo<\/td><td>Profesor Permanente Laboral<\/td><td>PDI<\/td><td><a class='btn-directorio' href='https:\/\/www.ull.es\/directorio\/search\/?busqueda=Jos\u00e9 Luis Zurita Andi\u00f3n' target='_blank'><i class='fa fa-search-plus'><\/i><\/a><\/td><\/tr><tr><td>D\u00edaz Gal\u00e1n<\/td><td>Mar\u00eda Elena<\/td><td><a href=mailto:mdiazgal@ull.es>mdiazgal@ull.es<\/a><\/td><td>Personal De Administraci\u00f3n Y Servicios<\/td><td>Administrativo<\/td><td>PAS<\/td><td><a class='btn-directorio' href='https:\/\/www.ull.es\/directorio\/search\/?busqueda=Mar\u00eda Elena D\u00edaz Gal\u00e1n' target='_blank'><i class='fa fa-search-plus'><\/i><\/a><\/td><\/tr><tr><td>Aguilera \u00c1vila<\/td><td>Laura<\/td><td><a href=mailto:laguiler@ull.es>laguiler@ull.es<\/a><\/td><td>Trabajo Social y Servicios Sociales<\/td><td>Profesor Titular Universidad<\/td><td>PDI<\/td><td><a class='btn-directorio' href='https:\/\/www.ull.es\/directorio\/search\/?busqueda=Laura Aguilera \u00c1vila' target='_blank'><i class='fa fa-search-plus'><\/i><\/a><\/td><\/tr><tr><td>Aguirre Delgado<\/td><td>Triana<\/td><td><a href=mailto:taguirre@ull.es>taguirre@ull.es<\/a><\/td><td>Trabajo Social y Servicios Sociales<\/td><td>Profesor Ayudante Doctor<\/td><td>PDI<\/td><td><a class='btn-directorio' href='https:\/\/www.ull.es\/directorio\/search\/?busqueda=Triana Aguirre Delgado' target='_blank'><i class='fa fa-search-plus'><\/i><\/a><\/td><\/tr><tr><td>Alameda Elvira<\/td><td>Sonia Mar\u00eda<\/td><td><a href=mailto:salamede@ull.es>salamede@ull.es<\/a><\/td><td>Trabajo Social y Servicios Sociales<\/td><td>Profesor Sustituto<\/td><td>PDI<\/td><td><a class='btn-directorio' href='https:\/\/www.ull.es\/directorio\/search\/?busqueda=Sonia Mar\u00eda Alameda Elvira' target='_blank'><i class='fa fa-search-plus'><\/i><\/a><\/td><\/tr><tr><td>\u00c1lvarez Lorenzo<\/td><td>Miriam<\/td><td><a href=mailto:malore@ull.es>malore@ull.es<\/a><\/td><td>Trabajo Social y Servicios Sociales<\/td><td>Profesor Contratado Doctor (1)<\/td><td>PDI<\/td><td><a class='btn-directorio' href='https:\/\/www.ull.es\/directorio\/search\/?busqueda=Miriam \u00c1lvarez Lorenzo' target='_blank'><i class='fa fa-search-plus'><\/i><\/a><\/td><\/tr><tr><td>C\u00e1ceres Rodr\u00edguez<\/td><td>Celsa Mar\u00eda<\/td><td><a href=mailto:ccaceres@ull.es>ccaceres@ull.es<\/a><\/td><td>Trabajo Social y Servicios Sociales<\/td><td>Profesor Contratado Doctor (1)<\/td><td>PDI<\/td><td><a class='btn-directorio' href='https:\/\/www.ull.es\/directorio\/search\/?busqueda=Celsa Mar\u00eda C\u00e1ceres Rodr\u00edguez' target='_blank'><i class='fa fa-search-plus'><\/i><\/a><\/td><\/tr><tr><td>Chinea Montesdeoca<\/td><td>Cristina<\/td><td><a href=mailto:cchineam@ull.es>cchineam@ull.es<\/a><\/td><td>Trabajo Social y Servicios Sociales<\/td><td>Investigador<\/td><td>INV<\/td><td><a class='btn-directorio' href='https:\/\/www.ull.es\/directorio\/search\/?busqueda=Cristina Chinea Montesdeoca' target='_blank'><i class='fa fa-search-plus'><\/i><\/a><\/td><\/tr><tr><td>D\u00edaz Gonz\u00e1lez<\/td><td>Jos\u00e9 Manuel<\/td><td><a href=mailto:jdiazgon@ull.es>jdiazgon@ull.es<\/a><\/td><td>Trabajo Social y Servicios Sociales<\/td><td>Profesor Ayudante Doctor<\/td><td>PDI<\/td><td><a class='btn-directorio' href='https:\/\/www.ull.es\/directorio\/search\/?busqueda=Jos\u00e9 Manuel D\u00edaz Gonz\u00e1lez' target='_blank'><i class='fa fa-search-plus'><\/i><\/a><\/td><\/tr><tr><td>Ferraz Dobarro<\/td><td>Mar\u00eda del Rosario<\/td><td><a href=mailto:maferraz@ull.es>maferraz@ull.es<\/a><\/td><td>Trabajo Social y Servicios Sociales<\/td><td>Profesor Asociado<\/td><td>PDI<\/td><td><a class='btn-directorio' href='https:\/\/www.ull.es\/directorio\/search\/?busqueda=Mar\u00eda del Rosario Ferraz Dobarro' target='_blank'><i class='fa fa-search-plus'><\/i><\/a><\/td><\/tr><tr><td>Garc\u00eda Luis<\/td><td>Patricio Jos\u00e9<\/td><td><a href=mailto:pgarclui@ull.es>pgarclui@ull.es<\/a><\/td><td>Trabajo Social y Servicios Sociales<\/td><td>Profesor Sustituto<\/td><td>PDI<\/td><td><a class='btn-directorio' href='https:\/\/www.ull.es\/directorio\/search\/?busqueda=Patricio Jos\u00e9 Garc\u00eda Luis' target='_blank'><i class='fa fa-search-plus'><\/i><\/a><\/td><\/tr><tr><td>Garc\u00eda Mart\u00edn<\/td><td>Samuel<\/td><td><a href=mailto:sgarcmar@ull.es>sgarcmar@ull.es<\/a><\/td><td>Trabajo Social y Servicios Sociales<\/td><td>Profesor Sustituto<\/td><td>PDI<\/td><td><a class='btn-directorio' href='https:\/\/www.ull.es\/directorio\/search\/?busqueda=Samuel Garc\u00eda Mart\u00edn' target='_blank'><i class='fa fa-search-plus'><\/i><\/a><\/td><\/tr><tr><td>Garc\u00eda P\u00e9rez<\/td><td>Juan David<\/td><td><a href=mailto:jdgarcia@ull.es>jdgarcia@ull.es<\/a><\/td><td>Trabajo Social y Servicios Sociales<\/td><td>Profesor Asociado<\/td><td>PDI<\/td><td><a class='btn-directorio' href='https:\/\/www.ull.es\/directorio\/search\/?busqueda=Juan David Garc\u00eda P\u00e9rez' target='_blank'><i class='fa fa-search-plus'><\/i><\/a><\/td><\/tr><tr><td>Garc\u00eda Ruiz<\/td><td>Marta<\/td><td><a href=mailto:mgaruiz@ull.es>mgaruiz@ull.es<\/a><\/td><td>Trabajo Social y Servicios Sociales<\/td><td>Profesor Contratado Doctor (1)<\/td><td>PDI<\/td><td><a class='btn-directorio' href='https:\/\/www.ull.es\/directorio\/search\/?busqueda=Marta Garc\u00eda Ruiz' target='_blank'><i class='fa fa-search-plus'><\/i><\/a><\/td><\/tr><tr><td>Gonz\u00e1lez N\u00fa\u00f1ez<\/td><td>Ana<\/td><td><a href=mailto:agonzanu@ull.es>agonzanu@ull.es<\/a><\/td><td>Trabajo Social y Servicios Sociales<\/td><td>Pers. Inv. en form. FPI\/FPU PREDOCTORAL<\/td><td>INV<\/td><td><a class='btn-directorio' href='https:\/\/www.ull.es\/directorio\/search\/?busqueda=Ana Gonz\u00e1lez N\u00fa\u00f1ez' target='_blank'><i class='fa fa-search-plus'><\/i><\/a><\/td><\/tr><tr><td>Guti\u00e9rrez Rodr\u00edguez<\/td><td>Nauzet<\/td><td><a href=mailto:ngutiero@ull.es>ngutiero@ull.es<\/a><\/td><td>Trabajo Social y Servicios Sociales<\/td><td>Profesor Ayudante Doctor<\/td><td>PDI<\/td><td><a class='btn-directorio' href='https:\/\/www.ull.es\/directorio\/search\/?busqueda=Nauzet Guti\u00e9rrez Rodr\u00edguez' target='_blank'><i class='fa fa-search-plus'><\/i><\/a><\/td><\/tr><tr><td>Hern\u00e1ndez Cabrera<\/td><td>Juan Octavio<\/td><td><a href=mailto:jhernanc@ull.es>jhernanc@ull.es<\/a><\/td><td>Trabajo Social y Servicios Sociales<\/td><td>Profesor Asociado<\/td><td>PDI<\/td><td><a class='btn-directorio' href='https:\/\/www.ull.es\/directorio\/search\/?busqueda=Juan Octavio Hern\u00e1ndez Cabrera' target='_blank'><i class='fa fa-search-plus'><\/i><\/a><\/td><\/tr><tr><td>Hern\u00e1ndez Lorenzo<\/td><td>D\u00e9bora Estefan\u00eda<\/td><td><a href=mailto:dhernanl@ull.es>dhernanl@ull.es<\/a><\/td><td>Trabajo Social y Servicios Sociales<\/td><td>Pers. Inv. en form. FPI\/FPU PREDOCTORAL<\/td><td>INV<\/td><td><a class='btn-directorio' href='https:\/\/www.ull.es\/directorio\/search\/?busqueda=D\u00e9bora Estefan\u00eda Hern\u00e1ndez Lorenzo' target='_blank'><i class='fa fa-search-plus'><\/i><\/a><\/td><\/tr><tr><td>Hern\u00e1ndez Mart\u00edn<\/td><td>Jennifer<\/td><td><a href=mailto:jhermart@ull.es>jhermart@ull.es<\/a><\/td><td>Trabajo Social y Servicios Sociales<\/td><td>Profesor Sustituto<\/td><td>PDI<\/td><td><a class='btn-directorio' href='https:\/\/www.ull.es\/directorio\/search\/?busqueda=Jennifer Hern\u00e1ndez Mart\u00edn' target='_blank'><i class='fa fa-search-plus'><\/i><\/a><\/td><\/tr><tr><td>Herrera Hern\u00e1ndez<\/td><td>Juan Manuel<\/td><td><a href=mailto:jmherera@ull.es>jmherera@ull.es<\/a><\/td><td>Trabajo Social y Servicios Sociales<\/td><td>Profesor Colaborador<\/td><td>PDI<\/td><td><a class='btn-directorio' href='https:\/\/www.ull.es\/directorio\/search\/?busqueda=Juan Manuel Herrera Hern\u00e1ndez' target='_blank'><i class='fa fa-search-plus'><\/i><\/a><\/td><\/tr><tr><td>L\u00f3pez Machuca<\/td><td>Julia Bel\u00e9n<\/td><td><a href=mailto:jlopezma@ull.es>jlopezma@ull.es<\/a><\/td><td>Trabajo Social y Servicios Sociales<\/td><td>Pers. Inv. en form. FPI\/FPU PREDOCTORAL<\/td><td>INV<\/td><td><a class='btn-directorio' href='https:\/\/www.ull.es\/directorio\/search\/?busqueda=Julia Bel\u00e9n L\u00f3pez Machuca' target='_blank'><i class='fa fa-search-plus'><\/i><\/a><\/td><\/tr><tr><td>Lorenzo Alegr\u00eda<\/td><td>Maryurena<\/td><td><a href=mailto:mloreal@ull.es>mloreal@ull.es<\/a><\/td><td>Trabajo Social y Servicios Sociales<\/td><td>Profesor Ayudante Doctor<\/td><td>PDI<\/td><td><a class='btn-directorio' href='https:\/\/www.ull.es\/directorio\/search\/?busqueda=Maryurena Lorenzo Alegr\u00eda' target='_blank'><i class='fa fa-search-plus'><\/i><\/a><\/td><\/tr>        <\/tbody>\n    <\/table>\n<\/div>\n\n<script>\n\t\njQuery.extend( jQuery.fn.dataTableExt.oSort, {\n    \"chinese-string-asc\" : function (s1, s2) {\n        return s1.localeCompare(s2);\n    },\n \n    \"chinese-string-desc\" : function (s1, s2) {\n        return s2.localeCompare(s1);\n    }\n} );\n\t\n$(document).ready(function() {\n\n        $('#personal').DataTable( {\n            \"dom\": \"\" +\n            \"<'row'<'col-sm-9 toolbar'><'col-sm-3'f>>\" +\n            \"<'row tabla'<'col-sm-12'tr>>\" +\n            \"<'row'<'col-sm-5'i><'col-sm-7'p>>\"\n            ,\n            \"language\": {\n                \"url\": \"\/\/cdn.datatables.net\/plug-ins\/1.10.15\/i18n\/Spanish.json\"\n            },\n\n         columnDefs: [{ type: 'chinese-string', targets: 0 }],\n\n\n\t initComplete: function () {\n\n                this.api().columns([3]).every( function () {\n                    var column = this;\n                    var select = $('<select class=\"form-control input-sm\"><option value=\"\">Mostrar todas las \u00e1reas de conocimiento<\/option><\/select>')\n                        .appendTo( $('div.toolbar') )\n                        .on( 'change', function () {\n                            var val = $.fn.dataTable.util.escapeRegex(\n                                $(this).val()\n                            );\n\n                            column\n                                .search( val ? '^'+val+'$' : '', true, false )\n                                .draw();\n                        } );\n\n                    column.data().unique().sort().each( function ( d, j ) {\n                        select.append( '<option value=\"'+d+'\">'+d+'<\/option>' )\n                    } );\n\n                } );\n                this.api().columns([5]).every( function () {\n                    var column = this;\n                    var select = $('<select class=\"form-control input-sm\"><option value=\"\">Mostrar todos los roles<\/option><\/select>')\n                        .appendTo( $('div.toolbar') )\n                        .on( 'change', function () {\n                            var val = $.fn.dataTable.util.escapeRegex(\n                                $(this).val()\n                            );\n\n                            column\n                                .search( val ? '^'+val+'$' : '', true, false )\n                                .draw();\n                        } );\n\n                    column.data().unique().sort().each( function ( d, j ) {\n                        select.append( '<option value=\"'+d+'\">'+d+'<\/option>' )\n                    } );\n                } );\n            }\n        } );\n\n    } );\n<\/script>\n[\/vc_column_text][\/vc_column][\/vc_row]<\/p>\n","protected":false},"excerpt":{"rendered":"<p>[vc_row css=\u00bb.vc_custom_1497445297003{margin-bottom: 20px !important;}\u00bb][vc_column][vc_column_text] Personal [\/vc_column_text][\/vc_column][\/vc_row][vc_row][vc_column][vc_column_text][\/vc_column_text][\/vc_column][\/vc_row]<\/p>\n","protected":false},"author":1,"featured_media":0,"parent":0,"menu_order":0,"comment_status":"closed","ping_status":"closed","template":"","meta":[],"_links":{"self":[{"href":"https:\/\/www.ull.es\/departamentos\/ciencias-de-la-comunicacion-y-trabajo-social\/wp-json\/wp\/v2\/pages\/16"}],"collection":[{"href":"https:\/\/www.ull.es\/departamentos\/ciencias-de-la-comunicacion-y-trabajo-social\/wp-json\/wp\/v2\/pages"}],"about":[{"href":"https:\/\/www.ull.es\/departamentos\/ciencias-de-la-comunicacion-y-trabajo-social\/wp-json\/wp\/v2\/types\/page"}],"author":[{"embeddable":true,"href":"https:\/\/www.ull.es\/departamentos\/ciencias-de-la-comunicacion-y-trabajo-social\/wp-json\/wp\/v2\/users\/1"}],"replies":[{"embeddable":true,"href":"https:\/\/www.ull.es\/departamentos\/ciencias-de-la-comunicacion-y-trabajo-social\/wp-json\/wp\/v2\/comments?post=16"}],"version-history":[{"count":1,"href":"https:\/\/www.ull.es\/departamentos\/ciencias-de-la-comunicacion-y-trabajo-social\/wp-json\/wp\/v2\/pages\/16\/revisions"}],"predecessor-version":[{"id":144,"href":"https:\/\/www.ull.es\/departamentos\/ciencias-de-la-comunicacion-y-trabajo-social\/wp-json\/wp\/v2\/pages\/16\/revisions\/144"}],"wp:attachment":[{"href":"https:\/\/www.ull.es\/departamentos\/ciencias-de-la-comunicacion-y-trabajo-social\/wp-json\/wp\/v2\/media?parent=16"}],"curies":[{"name":"wp","href":"https:\/\/api.w.org\/{rel}","templated":true}]}}