{"id":16,"date":"2017-05-11T12:57:04","date_gmt":"2017-05-11T12:57:04","guid":{"rendered":"http:\/\/www.ull.es\/departamentos\/ingenieria-informatica-sistemas\/?page_id=16"},"modified":"2017-07-17T07:50:07","modified_gmt":"2017-07-17T07:50:07","slug":"personal","status":"publish","type":"page","link":"https:\/\/www.ull.es\/departamentos\/cirugia\/personal\/","title":{"rendered":"Personal"},"content":{"rendered":"<p>[vc_row css=\u00bb.vc_custom_1497445297003{margin-bottom: 20px !important;}\u00bb][vc_column][vc_column_text]<\/p>\n<h1>Personal<\/h1>\n<p>[\/vc_column_text][\/vc_column][\/vc_row][vc_row][vc_column][vc_column_text]\n<link rel=\"stylesheet\" href=\"https:\/\/cdn.datatables.net\/1.10.15\/css\/dataTables.bootstrap.min.css\">\n<script src=\"https:\/\/cdn.datatables.net\/1.10.15\/js\/jquery.dataTables.min.js\"><\/script>\n<script src=\"https:\/\/cdn.datatables.net\/1.10.15\/js\/dataTables.bootstrap.min.js\"><\/script>\n<script src=\"https:\/\/cdn.datatables.net\/plug-ins\/1.10.21\/sorting\/chinese-string.js\"><\/script>\n\n<style>\n\n    #personal {\n        font-size: 13px;\n    }\n\n    .row.tabla{\n        margin-bottom: 20px !important;\n        margin-top: 20px !important;\n        font-size: 14px;\n    }\n\n    div.toolbar{\n        \/*text-align: center;*\/\n    }\n\n    .input-sm {\n        font-size: 16px;\n        \/* max-width: 200px;*\/\n    }\n\n    div.toolbar select{\n        margin: 0 10px;\n    }\n\n    table.dataTable thead .sorting:after {\n        opacity: 0.2;\n        content: \"\\f0ec\";\n        -webkit-transform: rotate(90deg);\n        -moz-transform: rotate(90deg);\n        -o-transform: rotate(90deg);\n        -ms-transform: rotate(90deg);\n        transform: rotate(90deg);\n    }\n\n    table.dataTable thead .sorting_asc:after {\n        content: \"\\f160\";\n    }\n    table.dataTable thead .sorting_desc:after {\n        content: \"\\f161 \";\n    }\n    table.dataTable thead .sorting:after, table.dataTable thead .sorting_asc:after, table.dataTable thead .sorting_desc:after, table.dataTable thead .sorting_asc_disabled:after, table.dataTable thead .sorting_desc_disabled:after {\n        font-family: 'FontAwesome';\n    }\n\n    .btn-directorio {\n        font-size: 13px;\n        text-align: center;\n        display: block;\n    }\n\n<\/style>\n\n<div class=\"table-responsive\">\n    <table id=\"personal\" class=\"table table-bordered table-condensed table-hover\" cellspacing=\"0\" width=\"100%\"  data-page-length=\"25\">\n        <thead>\n        <tr>\n            <th>Apellidos<\/th>\n            <th>Nombre<\/th>\n            <th>Email<\/th>\n            <th>\u00c1rea<\/th>\n            <th>Categor\u00eda<\/th>\n            <th>Rol<\/th>\n            <th>Info.<\/th>\n        <\/tr>\n        <\/thead>\n\n        <tbody>\n        <tr><td>Arteaga Gonz\u00e1lez<\/td><td>Iv\u00e1n Jes\u00fas<\/td><td><a href=mailto:ivarteag@ull.es>ivarteag@ull.es<\/a><\/td><td>Cirug\u00eda<\/td><td>Profesor Contratado Doctor (1)<\/td><td>PDI<\/td><td><a class='btn-directorio' href='https:\/\/www.ull.es\/directorio\/search\/?busqueda=Iv\u00e1n Jes\u00fas Arteaga Gonz\u00e1lez' target='_blank'><i class='fa fa-search-plus'><\/i><\/a><\/td><\/tr><tr><td>Bravo Guti\u00e9rrez<\/td><td>Alberto Felipe<\/td><td><a href=mailto:abravogu@ull.es>abravogu@ull.es<\/a><\/td><td>Cirug\u00eda<\/td><td>Profesor Asociado Asistencial<\/td><td>PDI<\/td><td><a class='btn-directorio' href='https:\/\/www.ull.es\/directorio\/search\/?busqueda=Alberto Felipe Bravo Guti\u00e9rrez' target='_blank'><i class='fa fa-search-plus'><\/i><\/a><\/td><\/tr><tr><td>Delgado Plasencia<\/td><td>Luciano Jonathan<\/td><td><a href=mailto:ldelgapl@ull.es>ldelgapl@ull.es<\/a><\/td><td>Cirug\u00eda<\/td><td>Profesor Asociado Asistencial<\/td><td>PDI<\/td><td><a class='btn-directorio' href='https:\/\/www.ull.es\/directorio\/search\/?busqueda=Luciano Jonathan Delgado Plasencia' target='_blank'><i class='fa fa-search-plus'><\/i><\/a><\/td><\/tr><tr><td>Dom\u00ednguez B\u00e1ez<\/td><td>Jos\u00e9 Jaime<\/td><td><a href=mailto:jdomingu@ull.es>jdomingu@ull.es<\/a><\/td><td>Cirug\u00eda<\/td><td>Profesor Asociado Asistencial<\/td><td>PDI<\/td><td><a class='btn-directorio' href='https:\/\/www.ull.es\/directorio\/search\/?busqueda=Jos\u00e9 Jaime Dom\u00ednguez B\u00e1ez' target='_blank'><i class='fa fa-search-plus'><\/i><\/a><\/td><\/tr><tr><td>G\u00f3mez Culebras<\/td><td>Mario Alberto<\/td><td><a href=mailto:magomez@ull.es>magomez@ull.es<\/a><\/td><td>Cirug\u00eda<\/td><td>Profesor Titular Universidad<\/td><td>PDI<\/td><td><a class='btn-directorio' href='https:\/\/www.ull.es\/directorio\/search\/?busqueda=Mario Alberto G\u00f3mez Culebras' target='_blank'><i class='fa fa-search-plus'><\/i><\/a><\/td><\/tr><tr><td>Jordan Balanza<\/td><td>Julio C\u00e9sar<\/td><td><a href=mailto:jjordanb@ull.es>jjordanb@ull.es<\/a><\/td><td>Cirug\u00eda<\/td><td>Profesor Contratado Doctor (1)<\/td><td>PDI<\/td><td><a class='btn-directorio' href='https:\/\/www.ull.es\/directorio\/search\/?busqueda=Julio C\u00e9sar Jordan Balanza' target='_blank'><i class='fa fa-search-plus'><\/i><\/a><\/td><\/tr><tr><td>L\u00f3pez Castillo<\/td><td>\u00c1ngel<\/td><td><a href=mailto:alcastil@ull.es>alcastil@ull.es<\/a><\/td><td>Cirug\u00eda<\/td><td>Profesor Asociado Asistencial<\/td><td>PDI<\/td><td><a class='btn-directorio' href='https:\/\/www.ull.es\/directorio\/search\/?busqueda=\u00c1ngel L\u00f3pez Castillo' target='_blank'><i class='fa fa-search-plus'><\/i><\/a><\/td><\/tr><tr><td>Lorenzo Rocha<\/td><td>Nieves Doria<\/td><td><a href=mailto:nlorenzr@ull.es>nlorenzr@ull.es<\/a><\/td><td>Cirug\u00eda<\/td><td>Profesor Asociado Asistencial<\/td><td>PDI<\/td><td><a class='btn-directorio' href='https:\/\/www.ull.es\/directorio\/search\/?busqueda=Nieves Doria Lorenzo Rocha' target='_blank'><i class='fa fa-search-plus'><\/i><\/a><\/td><\/tr><tr><td>Mart\u00edn D\u00edaz<\/td><td>Emilio<\/td><td><a href=mailto:emartind@ull.es>emartind@ull.es<\/a><\/td><td>Cirug\u00eda<\/td><td>Profesor Asociado Asistencial<\/td><td>PDI<\/td><td><a class='btn-directorio' href='https:\/\/www.ull.es\/directorio\/search\/?busqueda=Emilio Mart\u00edn D\u00edaz' target='_blank'><i class='fa fa-search-plus'><\/i><\/a><\/td><\/tr><tr><td>Mart\u00edn Malag\u00f3n<\/td><td>Antonio Isaac<\/td><td><a href=mailto:amartima@ull.es>amartima@ull.es<\/a><\/td><td>Cirug\u00eda<\/td><td>Profesor Contratado Doctor (1)<\/td><td>PDI<\/td><td><a class='btn-directorio' href='https:\/\/www.ull.es\/directorio\/search\/?busqueda=Antonio Isaac Mart\u00edn Malag\u00f3n' target='_blank'><i class='fa fa-search-plus'><\/i><\/a><\/td><\/tr><tr><td>Mart\u00ednez Sanz<\/td><td>Rafael<\/td><td><a href=mailto:rmsanz@ull.es>rmsanz@ull.es<\/a><\/td><td>Cirug\u00eda<\/td><td>Profesor Em\u00e9rito<\/td><td>PDI<\/td><td><a class='btn-directorio' href='https:\/\/www.ull.es\/directorio\/search\/?busqueda=Rafael Mart\u00ednez Sanz' target='_blank'><i class='fa fa-search-plus'><\/i><\/a><\/td><\/tr><tr><td>Medina Arana<\/td><td>Vicente<\/td><td><a href=mailto:vmedinaa@ull.es>vmedinaa@ull.es<\/a><\/td><td>Cirug\u00eda<\/td><td>Profesor Asociado Asistencial<\/td><td>PDI<\/td><td><a class='btn-directorio' href='https:\/\/www.ull.es\/directorio\/search\/?busqueda=Vicente Medina Arana' target='_blank'><i class='fa fa-search-plus'><\/i><\/a><\/td><\/tr><tr><td>Morales Hern\u00e1ndez<\/td><td>Alejandro<\/td><td><a href=mailto:amoraleh@ull.es>amoraleh@ull.es<\/a><\/td><td>Cirug\u00eda<\/td><td>Profesor Asociado Asistencial<\/td><td>PDI<\/td><td><a class='btn-directorio' href='https:\/\/www.ull.es\/directorio\/search\/?busqueda=Alejandro Morales Hern\u00e1ndez' target='_blank'><i class='fa fa-search-plus'><\/i><\/a><\/td><\/tr><tr><td>Perez-Etchepare Figueroa<\/td><td>Eduardo Luis<\/td><td><a href=mailto:eperezet@ull.es>eperezet@ull.es<\/a><\/td><td>Cirug\u00eda<\/td><td>Profesor Asociado Asistencial<\/td><td>PDI<\/td><td><a class='btn-directorio' href='https:\/\/www.ull.es\/directorio\/search\/?busqueda=Eduardo Luis Perez-Etchepare Figueroa' target='_blank'><i class='fa fa-search-plus'><\/i><\/a><\/td><\/tr><tr><td>Rodriguez Gonzalez<\/td><td>Diana<\/td><td><a href=mailto:drodrigo@ull.es>drodrigo@ull.es<\/a><\/td><td>Cirug\u00eda<\/td><td>Profesor Asociado Asistencial<\/td><td>PDI<\/td><td><a class='btn-directorio' href='https:\/\/www.ull.es\/directorio\/search\/?busqueda=Diana Rodriguez Gonzalez' target='_blank'><i class='fa fa-search-plus'><\/i><\/a><\/td><\/tr><tr><td>Rold\u00e1n Delgado<\/td><td>H\u00e9ctor<\/td><td><a href=mailto:hroldand@ull.es>hroldand@ull.es<\/a><\/td><td>Cirug\u00eda<\/td><td>Profesor Asociado Asistencial<\/td><td>PDI<\/td><td><a class='btn-directorio' href='https:\/\/www.ull.es\/directorio\/search\/?busqueda=H\u00e9ctor Rold\u00e1n Delgado' target='_blank'><i class='fa fa-search-plus'><\/i><\/a><\/td><\/tr><tr><td>S\u00e1nchez Gonz\u00e1lez<\/td><td>Juan Manuel<\/td><td><a href=mailto:jsancheg@ull.es>jsancheg@ull.es<\/a><\/td><td>Cirug\u00eda<\/td><td>Profesor Asociado Asistencial<\/td><td>PDI<\/td><td><a class='btn-directorio' href='https:\/\/www.ull.es\/directorio\/search\/?busqueda=Juan Manuel S\u00e1nchez Gonz\u00e1lez' target='_blank'><i class='fa fa-search-plus'><\/i><\/a><\/td><\/tr><tr><td>Ucelay G\u00f3mez<\/td><td>Roberto<\/td><td><a href=mailto:rucelay@ull.es>rucelay@ull.es<\/a><\/td><td>Cirug\u00eda<\/td><td>Profesor Titular Universidad<\/td><td>PDI<\/td><td><a class='btn-directorio' href='https:\/\/www.ull.es\/directorio\/search\/?busqueda=Roberto Ucelay G\u00f3mez' target='_blank'><i class='fa fa-search-plus'><\/i><\/a><\/td><\/tr><tr><td>Abreu Gonz\u00e1lez<\/td><td>Rodrigo<\/td><td><a href=mailto:rabreugo@ull.es>rabreugo@ull.es<\/a><\/td><td>Oftalmolog\u00eda<\/td><td>Profesor Asociado Asistencial<\/td><td>PDI<\/td><td><a class='btn-directorio' href='https:\/\/www.ull.es\/directorio\/search\/?busqueda=Rodrigo Abreu Gonz\u00e1lez' target='_blank'><i class='fa fa-search-plus'><\/i><\/a><\/td><\/tr><tr><td>Diaz Aleman<\/td><td>Valent\u00edn Tinguaro<\/td><td><a href=mailto:extvdiazale@ull.es>extvdiazale@ull.es<\/a><\/td><td>Oftalmolog\u00eda<\/td><td>Profesor Asociado Asistencial<\/td><td>PDI<\/td><td><a class='btn-directorio' href='https:\/\/www.ull.es\/directorio\/search\/?busqueda=Valent\u00edn Tinguaro Diaz Aleman' target='_blank'><i class='fa fa-search-plus'><\/i><\/a><\/td><\/tr><tr><td>Pareja R\u00edos<\/td><td>Alicia Cristina<\/td><td><a href=mailto:aparejar@ull.es>aparejar@ull.es<\/a><\/td><td>Oftalmolog\u00eda<\/td><td>Profesor Contratado Doctor (1)<\/td><td>PDI<\/td><td><a class='btn-directorio' href='https:\/\/www.ull.es\/directorio\/search\/?busqueda=Alicia Cristina Pareja R\u00edos' target='_blank'><i class='fa fa-search-plus'><\/i><\/a><\/td><\/tr><tr><td>Arias Marz\u00e1n<\/td><td>Francisco<\/td><td><a href=mailto:fariamar@ull.es>fariamar@ull.es<\/a><\/td><td>Otorrinolaringolog\u00eda<\/td><td>Profesor Asociado Asistencial<\/td><td>PDI<\/td><td><a class='btn-directorio' href='https:\/\/www.ull.es\/directorio\/search\/?busqueda=Francisco Arias Marz\u00e1n' target='_blank'><i class='fa fa-search-plus'><\/i><\/a><\/td><\/tr><tr><td>Artazkoz del Toro<\/td><td>Juan Jos\u00e9<\/td><td><a href=mailto:jartazko@ull.es>jartazko@ull.es<\/a><\/td><td>Otorrinolaringolog\u00eda<\/td><td>Profesor Asociado Asistencial<\/td><td>PDI<\/td><td><a class='btn-directorio' href='https:\/\/www.ull.es\/directorio\/search\/?busqueda=Juan Jos\u00e9 Artazkoz del Toro' target='_blank'><i class='fa fa-search-plus'><\/i><\/a><\/td><\/tr><tr><td>Garc\u00eda Gonz\u00e1lez<\/td><td>Luis Antonio<\/td><td><a href=mailto:lgarciag@ull.es>lgarciag@ull.es<\/a><\/td><td>Otorrinolaringolog\u00eda<\/td><td>Profesor Asociado<\/td><td>PDI<\/td><td><a class='btn-directorio' href='https:\/\/www.ull.es\/directorio\/search\/?busqueda=Luis Antonio Garc\u00eda Gonz\u00e1lez' target='_blank'><i class='fa fa-search-plus'><\/i><\/a><\/td><\/tr><tr><td>L\u00f3pez Campos<\/td><td>Daniel Ignacio<\/td><td><a href=mailto:dlopezca@ull.es>dlopezca@ull.es<\/a><\/td><td>Otorrinolaringolog\u00eda<\/td><td>Profesor Asociado Asistencial<\/td><td>PDI<\/td><td><a class='btn-directorio' href='https:\/\/www.ull.es\/directorio\/search\/?busqueda=Daniel Ignacio L\u00f3pez Campos' target='_blank'><i class='fa fa-search-plus'><\/i><\/a><\/td><\/tr><tr><td>Pacheco Coronel<\/td><td>Esteban Reinaldo<\/td><td><a href=mailto:extepacheco@ull.es>extepacheco@ull.es<\/a><\/td><td>Otorrinolaringolog\u00eda<\/td><td>Profesor Asociado Asistencial<\/td><td>PDI<\/td><td><a class='btn-directorio' href='https:\/\/www.ull.es\/directorio\/search\/?busqueda=Esteban Reinaldo Pacheco Coronel' target='_blank'><i class='fa fa-search-plus'><\/i><\/a><\/td><\/tr><tr><td>Redondo Ventura<\/td><td>Francisco<\/td><td><a href=mailto:fredondo@ull.es>fredondo@ull.es<\/a><\/td><td>Otorrinolaringolog\u00eda<\/td><td>Profesor Asociado Asistencial<\/td><td>PDI<\/td><td><a class='btn-directorio' href='https:\/\/www.ull.es\/directorio\/search\/?busqueda=Francisco Redondo Ventura' target='_blank'><i class='fa fa-search-plus'><\/i><\/a><\/td><\/tr><tr><td>Gonz\u00e1lez Castro<\/td><td>Ulises<\/td><td><a href=mailto:ugonzale@ull.es>ugonzale@ull.es<\/a><\/td><td>Personal De Administraci\u00f3n Y Servicios<\/td><td>Administrativo<\/td><td>PAS<\/td><td><a class='btn-directorio' href='https:\/\/www.ull.es\/directorio\/search\/?busqueda=Ulises Gonz\u00e1lez Castro' target='_blank'><i class='fa fa-search-plus'><\/i><\/a><\/td><\/tr><tr><td>\u00c1lvarez Alcover<\/td><td>Heriberto \u00d3scar<\/td><td><a href=mailto:halvarez@ull.es>halvarez@ull.es<\/a><\/td><td>Traumatolog\u00eda y Ortopedia<\/td><td>Profesor Asociado Asistencial<\/td><td>PDI<\/td><td><a class='btn-directorio' href='https:\/\/www.ull.es\/directorio\/search\/?busqueda=Heriberto \u00d3scar \u00c1lvarez Alcover' target='_blank'><i class='fa fa-search-plus'><\/i><\/a><\/td><\/tr><tr><td>Cort\u00e9s Garc\u00eda<\/td><td>Pedro Alfonso<\/td><td><a href=mailto:pcortesg@ull.es>pcortesg@ull.es<\/a><\/td><td>Traumatolog\u00eda y Ortopedia<\/td><td>Profesor Asociado Asistencial<\/td><td>PDI<\/td><td><a class='btn-directorio' href='https:\/\/www.ull.es\/directorio\/search\/?busqueda=Pedro Alfonso Cort\u00e9s Garc\u00eda' target='_blank'><i class='fa fa-search-plus'><\/i><\/a><\/td><\/tr><tr><td>D\u00e9niz Rodr\u00edguez<\/td><td>Bernab\u00e9 Rafael<\/td><td><a href=mailto:bdenizro@ull.es>bdenizro@ull.es<\/a><\/td><td>Traumatolog\u00eda y Ortopedia<\/td><td>Profesor Asociado Asistencial<\/td><td>PDI<\/td><td><a class='btn-directorio' href='https:\/\/www.ull.es\/directorio\/search\/?busqueda=Bernab\u00e9 Rafael D\u00e9niz Rodr\u00edguez' target='_blank'><i class='fa fa-search-plus'><\/i><\/a><\/td><\/tr><tr><td>Garc\u00eda Guti\u00e9rrez<\/td><td>Rayco<\/td><td><a href=mailto:rgarciag@ull.es>rgarciag@ull.es<\/a><\/td><td>Traumatolog\u00eda y Ortopedia<\/td><td>Profesor Asociado Asistencial<\/td><td>PDI<\/td><td><a class='btn-directorio' href='https:\/\/www.ull.es\/directorio\/search\/?busqueda=Rayco Garc\u00eda Guti\u00e9rrez' target='_blank'><i class='fa fa-search-plus'><\/i><\/a><\/td><\/tr><tr><td>Herrera P\u00e9rez<\/td><td>Mario Ulises<\/td><td><a href=mailto:mherrera@ull.es>mherrera@ull.es<\/a><\/td><td>Traumatolog\u00eda y Ortopedia<\/td><td>Profesor Titular Universidad<\/td><td>PDI<\/td><td><a class='btn-directorio' href='https:\/\/www.ull.es\/directorio\/search\/?busqueda=Mario Ulises Herrera P\u00e9rez' target='_blank'><i class='fa fa-search-plus'><\/i><\/a><\/td><\/tr><tr><td>M\u00e1rquez Marfil<\/td><td>Francisco Jes\u00fas<\/td><td><a href=mailto:fmarquez@ull.es>fmarquez@ull.es<\/a><\/td><td>Traumatolog\u00eda y Ortopedia<\/td><td>Profesor Asociado Asistencial<\/td><td>PDI<\/td><td><a class='btn-directorio' href='https:\/\/www.ull.es\/directorio\/search\/?busqueda=Francisco Jes\u00fas M\u00e1rquez Marfil' target='_blank'><i class='fa fa-search-plus'><\/i><\/a><\/td><\/tr><tr><td>Pais Brito<\/td><td>Jos\u00e9 Luis<\/td><td><a href=mailto:jlpais@ull.es>jlpais@ull.es<\/a><\/td><td>Traumatolog\u00eda y Ortopedia<\/td><td>Profesor Titular Universidad<\/td><td>PDI<\/td><td><a class='btn-directorio' href='https:\/\/www.ull.es\/directorio\/search\/?busqueda=Jos\u00e9 Luis Pais Brito' target='_blank'><i class='fa fa-search-plus'><\/i><\/a><\/td><\/tr><tr><td>Reboso Morales<\/td><td>Luis Enrique<\/td><td><a href=mailto:lrebosom@ull.es>lrebosom@ull.es<\/a><\/td><td>Traumatolog\u00eda y Ortopedia<\/td><td>Profesor Asociado Asistencial<\/td><td>PDI<\/td><td><a class='btn-directorio' href='https:\/\/www.ull.es\/directorio\/search\/?busqueda=Luis Enrique Reboso Morales' target='_blank'><i class='fa fa-search-plus'><\/i><\/a><\/td><\/tr><tr><td>Concepci\u00f3n Masip<\/td><td>Tom\u00e1s<\/td><td><a href=mailto:tconcepc@ull.es>tconcepc@ull.es<\/a><\/td><td>Urolog\u00eda<\/td><td>Profesor Permanente Laboral<\/td><td>PDI<\/td><td><a class='btn-directorio' href='https:\/\/www.ull.es\/directorio\/search\/?busqueda=Tom\u00e1s Concepci\u00f3n Masip' target='_blank'><i class='fa fa-search-plus'><\/i><\/a><\/td><\/tr><tr><td>D\u00edaz Garc\u00eda<\/td><td>Jose Luis<\/td><td><a href=mailto:jdiazgar@ull.es>jdiazgar@ull.es<\/a><\/td><td>Urolog\u00eda<\/td><td>Profesor Asociado Asistencial<\/td><td>PDI<\/td><td><a class='btn-directorio' href='https:\/\/www.ull.es\/directorio\/search\/?busqueda=Jose Luis D\u00edaz Garc\u00eda' target='_blank'><i class='fa fa-search-plus'><\/i><\/a><\/td><\/tr><tr><td>Guti\u00e9rrez Hern\u00e1ndez<\/td><td>Pedro Ram\u00f3n<\/td><td><a href=mailto:prguti@ull.es>prguti@ull.es<\/a><\/td><td>Urolog\u00eda<\/td><td>Profesor Em\u00e9rito<\/td><td>PDI<\/td><td><a class='btn-directorio' href='https:\/\/www.ull.es\/directorio\/search\/?busqueda=Pedro Ram\u00f3n Guti\u00e9rrez Hern\u00e1ndez' target='_blank'><i class='fa fa-search-plus'><\/i><\/a><\/td><\/tr><tr><td>Monllor Gisbert<\/td><td>Jes\u00fas<\/td><td><a href=mailto:jmonllor@ull.es>jmonllor@ull.es<\/a><\/td><td>Urolog\u00eda<\/td><td>Profesor Asociado Asistencial<\/td><td>PDI<\/td><td><a class='btn-directorio' href='https:\/\/www.ull.es\/directorio\/search\/?busqueda=Jes\u00fas Monllor Gisbert' target='_blank'><i class='fa fa-search-plus'><\/i><\/a><\/td><\/tr><tr><td>Plata Bello<\/td><td>Ana Cristina<\/td><td><a href=mailto:aplatabe@ull.es>aplatabe@ull.es<\/a><\/td><td>Urolog\u00eda<\/td><td>Profesor Asociado Asistencial<\/td><td>PDI<\/td><td><a class='btn-directorio' href='https:\/\/www.ull.es\/directorio\/search\/?busqueda=Ana Cristina Plata Bello' target='_blank'><i class='fa fa-search-plus'><\/i><\/a><\/td><\/tr><tr><td>Ravina Pisaca<\/td><td>Manuel Felipe<\/td><td><a href=mailto:mravinap@ull.es>mravinap@ull.es<\/a><\/td><td>Urolog\u00eda<\/td><td>Profesor Asociado<\/td><td>PDI<\/td><td><a class='btn-directorio' href='https:\/\/www.ull.es\/directorio\/search\/?busqueda=Manuel Felipe Ravina Pisaca' target='_blank'><i class='fa fa-search-plus'><\/i><\/a><\/td><\/tr>        <\/tbody>\n    <\/table>\n<\/div>\n\n<script>\n\t\njQuery.extend( jQuery.fn.dataTableExt.oSort, {\n    \"chinese-string-asc\" : function (s1, s2) {\n        return s1.localeCompare(s2);\n    },\n \n    \"chinese-string-desc\" : function (s1, s2) {\n        return s2.localeCompare(s1);\n    }\n} );\n\t\n$(document).ready(function() {\n\n        $('#personal').DataTable( {\n            \"dom\": \"\" +\n            \"<'row'<'col-sm-9 toolbar'><'col-sm-3'f>>\" +\n            \"<'row tabla'<'col-sm-12'tr>>\" +\n            \"<'row'<'col-sm-5'i><'col-sm-7'p>>\"\n            ,\n            \"language\": {\n                \"url\": \"\/\/cdn.datatables.net\/plug-ins\/1.10.15\/i18n\/Spanish.json\"\n            },\n\n         columnDefs: [{ type: 'chinese-string', targets: 0 }],\n\n\n\t initComplete: function () {\n\n                this.api().columns([3]).every( function () {\n                    var column = this;\n                    var select = $('<select class=\"form-control input-sm\"><option value=\"\">Mostrar todas las \u00e1reas de conocimiento<\/option><\/select>')\n                        .appendTo( $('div.toolbar') )\n                        .on( 'change', function () {\n                            var val = $.fn.dataTable.util.escapeRegex(\n                                $(this).val()\n                            );\n\n                            column\n                                .search( val ? '^'+val+'$' : '', true, false )\n                                .draw();\n                        } );\n\n                    column.data().unique().sort().each( function ( d, j ) {\n                        select.append( '<option value=\"'+d+'\">'+d+'<\/option>' )\n                    } );\n\n                } );\n                this.api().columns([5]).every( function () {\n                    var column = this;\n                    var select = $('<select class=\"form-control input-sm\"><option value=\"\">Mostrar todos los roles<\/option><\/select>')\n                        .appendTo( $('div.toolbar') )\n                        .on( 'change', function () {\n                            var val = $.fn.dataTable.util.escapeRegex(\n                                $(this).val()\n                            );\n\n                            column\n                                .search( val ? '^'+val+'$' : '', true, false )\n                                .draw();\n                        } );\n\n                    column.data().unique().sort().each( function ( d, j ) {\n                        select.append( '<option value=\"'+d+'\">'+d+'<\/option>' )\n                    } );\n                } );\n            }\n        } );\n\n    } );\n<\/script>\n[\/vc_column_text][\/vc_column][\/vc_row]<\/p>\n","protected":false},"excerpt":{"rendered":"<p>[vc_row css=\u00bb.vc_custom_1497445297003{margin-bottom: 20px !important;}\u00bb][vc_column][vc_column_text] Personal [\/vc_column_text][\/vc_column][\/vc_row][vc_row][vc_column][vc_column_text][\/vc_column_text][\/vc_column][\/vc_row]<\/p>\n","protected":false},"author":1,"featured_media":0,"parent":0,"menu_order":0,"comment_status":"closed","ping_status":"closed","template":"","meta":[],"_links":{"self":[{"href":"https:\/\/www.ull.es\/departamentos\/cirugia\/wp-json\/wp\/v2\/pages\/16"}],"collection":[{"href":"https:\/\/www.ull.es\/departamentos\/cirugia\/wp-json\/wp\/v2\/pages"}],"about":[{"href":"https:\/\/www.ull.es\/departamentos\/cirugia\/wp-json\/wp\/v2\/types\/page"}],"author":[{"embeddable":true,"href":"https:\/\/www.ull.es\/departamentos\/cirugia\/wp-json\/wp\/v2\/users\/1"}],"replies":[{"embeddable":true,"href":"https:\/\/www.ull.es\/departamentos\/cirugia\/wp-json\/wp\/v2\/comments?post=16"}],"version-history":[{"count":2,"href":"https:\/\/www.ull.es\/departamentos\/cirugia\/wp-json\/wp\/v2\/pages\/16\/revisions"}],"predecessor-version":[{"id":152,"href":"https:\/\/www.ull.es\/departamentos\/cirugia\/wp-json\/wp\/v2\/pages\/16\/revisions\/152"}],"wp:attachment":[{"href":"https:\/\/www.ull.es\/departamentos\/cirugia\/wp-json\/wp\/v2\/media?parent=16"}],"curies":[{"name":"wp","href":"https:\/\/api.w.org\/{rel}","templated":true}]}}