{"id":16,"date":"2017-05-11T12:57:04","date_gmt":"2017-05-11T12:57:04","guid":{"rendered":"http:\/\/www.ull.es\/departamentos\/ingenieria-informatica-sistemas\/?page_id=16"},"modified":"2017-07-17T08:47:01","modified_gmt":"2017-07-17T08:47:01","slug":"personal","status":"publish","type":"page","link":"https:\/\/www.ull.es\/departamentos\/derecho-constitucional-ciencia-politica-y-filosofia-del-derecho\/personal\/","title":{"rendered":"Personal"},"content":{"rendered":"<p>[vc_row css=\u00bb.vc_custom_1497445297003{margin-bottom: 20px !important;}\u00bb][vc_column][vc_column_text]<\/p>\n<h1>Personal<\/h1>\n<p>[\/vc_column_text][\/vc_column][\/vc_row][vc_row][vc_column][vc_column_text]\n<link rel=\"stylesheet\" href=\"https:\/\/cdn.datatables.net\/1.10.15\/css\/dataTables.bootstrap.min.css\">\n<script src=\"https:\/\/cdn.datatables.net\/1.10.15\/js\/jquery.dataTables.min.js\"><\/script>\n<script src=\"https:\/\/cdn.datatables.net\/1.10.15\/js\/dataTables.bootstrap.min.js\"><\/script>\n<script src=\"https:\/\/cdn.datatables.net\/plug-ins\/1.10.21\/sorting\/chinese-string.js\"><\/script>\n\n<style>\n\n    #personal {\n        font-size: 13px;\n    }\n\n    .row.tabla{\n        margin-bottom: 20px !important;\n        margin-top: 20px !important;\n        font-size: 14px;\n    }\n\n    div.toolbar{\n        \/*text-align: center;*\/\n    }\n\n    .input-sm {\n        font-size: 16px;\n        \/* max-width: 200px;*\/\n    }\n\n    div.toolbar select{\n        margin: 0 10px;\n    }\n\n    table.dataTable thead .sorting:after {\n        opacity: 0.2;\n        content: \"\\f0ec\";\n        -webkit-transform: rotate(90deg);\n        -moz-transform: rotate(90deg);\n        -o-transform: rotate(90deg);\n        -ms-transform: rotate(90deg);\n        transform: rotate(90deg);\n    }\n\n    table.dataTable thead .sorting_asc:after {\n        content: \"\\f160\";\n    }\n    table.dataTable thead .sorting_desc:after {\n        content: \"\\f161 \";\n    }\n    table.dataTable thead .sorting:after, table.dataTable thead .sorting_asc:after, table.dataTable thead .sorting_desc:after, table.dataTable thead .sorting_asc_disabled:after, table.dataTable thead .sorting_desc_disabled:after {\n        font-family: 'FontAwesome';\n    }\n\n    .btn-directorio {\n        font-size: 13px;\n        text-align: center;\n        display: block;\n    }\n\n<\/style>\n\n<div class=\"table-responsive\">\n    <table id=\"personal\" class=\"table table-bordered table-condensed table-hover\" cellspacing=\"0\" width=\"100%\"  data-page-length=\"25\">\n        <thead>\n        <tr>\n            <th>Apellidos<\/th>\n            <th>Nombre<\/th>\n            <th>Email<\/th>\n            <th>\u00c1rea<\/th>\n            <th>Categor\u00eda<\/th>\n            <th>Rol<\/th>\n            <th>Info.<\/th>\n        <\/tr>\n        <\/thead>\n\n        <tbody>\n        <tr><td>B\u00e1ez Garc\u00eda<\/td><td>Alberto Javier<\/td><td><a href=mailto:abaegarc@ull.es>abaegarc@ull.es<\/a><\/td><td>Ciencia Pol\u00edtica y de la Administraci\u00f3n<\/td><td>Profesor Titular Universidad<\/td><td>PDI<\/td><td><a class='btn-directorio' href='https:\/\/www.ull.es\/directorio\/search\/?busqueda=Alberto Javier B\u00e1ez Garc\u00eda' target='_blank'><i class='fa fa-search-plus'><\/i><\/a><\/td><\/tr><tr><td>Delgado N\u00fa\u00f1ez<\/td><td>Antonio Adelfo Alberto<\/td><td><a href=mailto:adelganu@ull.es>adelganu@ull.es<\/a><\/td><td>Ciencia Pol\u00edtica y de la Administraci\u00f3n<\/td><td>Profesor Colaborador<\/td><td>PDI<\/td><td><a class='btn-directorio' href='https:\/\/www.ull.es\/directorio\/search\/?busqueda=Antonio Adelfo Alberto Delgado N\u00fa\u00f1ez' target='_blank'><i class='fa fa-search-plus'><\/i><\/a><\/td><\/tr><tr><td>Dieste Cobo<\/td><td>Juan Manuel<\/td><td><a href=mailto:jdiestec@ull.es>jdiestec@ull.es<\/a><\/td><td>Ciencia Pol\u00edtica y de la Administraci\u00f3n<\/td><td>Profesor Sustituto<\/td><td>PDI<\/td><td><a class='btn-directorio' href='https:\/\/www.ull.es\/directorio\/search\/?busqueda=Juan Manuel Dieste Cobo' target='_blank'><i class='fa fa-search-plus'><\/i><\/a><\/td><\/tr><tr><td>Flores Mu\u00f1oz<\/td><td>Francisco<\/td><td><a href=mailto:ffloremu@ull.es>ffloremu@ull.es<\/a><\/td><td>Ciencia Pol\u00edtica y de la Administraci\u00f3n<\/td><td>Profesor Titular Universidad<\/td><td>PDI<\/td><td><a class='btn-directorio' href='https:\/\/www.ull.es\/directorio\/search\/?busqueda=Francisco Flores Mu\u00f1oz' target='_blank'><i class='fa fa-search-plus'><\/i><\/a><\/td><\/tr><tr><td>Garc\u00eda Rojas<\/td><td>Jorge Enrique<\/td><td><a href=mailto:jerojas@ull.es>jerojas@ull.es<\/a><\/td><td>Ciencia Pol\u00edtica y de la Administraci\u00f3n<\/td><td>Profesor Asociado<\/td><td>PDI<\/td><td><a class='btn-directorio' href='https:\/\/www.ull.es\/directorio\/search\/?busqueda=Jorge Enrique Garc\u00eda Rojas' target='_blank'><i class='fa fa-search-plus'><\/i><\/a><\/td><\/tr><tr><td>Garc\u00eda Rojas<\/td><td>Jos\u00e9 Adri\u00e1n<\/td><td><a href=mailto:jagrro@ull.es>jagrro@ull.es<\/a><\/td><td>Ciencia Pol\u00edtica y de la Administraci\u00f3n<\/td><td>Profesor Titular Universidad<\/td><td>PDI<\/td><td><a class='btn-directorio' href='https:\/\/www.ull.es\/directorio\/search\/?busqueda=Jos\u00e9 Adri\u00e1n Garc\u00eda Rojas' target='_blank'><i class='fa fa-search-plus'><\/i><\/a><\/td><\/tr><tr><td>Meli\u00e1n Reyes<\/td><td>Mar\u00eda Ibiza<\/td><td><a href=mailto:mmeliare@ull.es>mmeliare@ull.es<\/a><\/td><td>Ciencia Pol\u00edtica y de la Administraci\u00f3n<\/td><td>Profesor Ayudante Doctor<\/td><td>PDI<\/td><td><a class='btn-directorio' href='https:\/\/www.ull.es\/directorio\/search\/?busqueda=Mar\u00eda Ibiza Meli\u00e1n Reyes' target='_blank'><i class='fa fa-search-plus'><\/i><\/a><\/td><\/tr><tr><td>Ramos Ben\u00edtez<\/td><td>Javier<\/td><td><a href=mailto:jrramos@ull.es>jrramos@ull.es<\/a><\/td><td>Ciencia Pol\u00edtica y de la Administraci\u00f3n<\/td><td>Profesor Contratado Doctor (1)<\/td><td>PDI<\/td><td><a class='btn-directorio' href='https:\/\/www.ull.es\/directorio\/search\/?busqueda=Javier Ramos Ben\u00edtez' target='_blank'><i class='fa fa-search-plus'><\/i><\/a><\/td><\/tr><tr><td>Dom\u00ednguez Vila<\/td><td>Antonio Marcelo<\/td><td><a href=mailto:advila@ull.es>advila@ull.es<\/a><\/td><td>Derecho Constitucional<\/td><td>Profesor Titular Universidad<\/td><td>PDI<\/td><td><a class='btn-directorio' href='https:\/\/www.ull.es\/directorio\/search\/?busqueda=Antonio Marcelo Dom\u00ednguez Vila' target='_blank'><i class='fa fa-search-plus'><\/i><\/a><\/td><\/tr><tr><td>Exp\u00f3sito Su\u00e1rez<\/td><td>Israel<\/td><td><a href=mailto:iesuarez@ull.es>iesuarez@ull.es<\/a><\/td><td>Derecho Constitucional<\/td><td>Profesor Asociado<\/td><td>PDI<\/td><td><a class='btn-directorio' href='https:\/\/www.ull.es\/directorio\/search\/?busqueda=Israel Exp\u00f3sito Su\u00e1rez' target='_blank'><i class='fa fa-search-plus'><\/i><\/a><\/td><\/tr><tr><td>L\u00f3pez Rubio<\/td><td>Daniel<\/td><td><a href=mailto:dlopezru@ull.es>dlopezru@ull.es<\/a><\/td><td>Derecho Constitucional<\/td><td>Profesor Contratado Doctor (1)<\/td><td>PDI<\/td><td><a class='btn-directorio' href='https:\/\/www.ull.es\/directorio\/search\/?busqueda=Daniel L\u00f3pez Rubio' target='_blank'><i class='fa fa-search-plus'><\/i><\/a><\/td><\/tr><tr><td>Molina Cruz<\/td><td>Juan Antonio<\/td><td><a href=mailto:jmolincr@ull.es>jmolincr@ull.es<\/a><\/td><td>Derecho Constitucional<\/td><td>Profesor Sustituto<\/td><td>PDI<\/td><td><a class='btn-directorio' href='https:\/\/www.ull.es\/directorio\/search\/?busqueda=Juan Antonio Molina Cruz' target='_blank'><i class='fa fa-search-plus'><\/i><\/a><\/td><\/tr><tr><td>Navarro Marchante<\/td><td>Vicente Jes\u00fas<\/td><td><a href=mailto:vmarchan@ull.es>vmarchan@ull.es<\/a><\/td><td>Derecho Constitucional<\/td><td>Profesor Titular Universidad<\/td><td>PDI<\/td><td><a class='btn-directorio' href='https:\/\/www.ull.es\/directorio\/search\/?busqueda=Vicente Jes\u00fas Navarro Marchante' target='_blank'><i class='fa fa-search-plus'><\/i><\/a><\/td><\/tr><tr><td>P\u00e9rez S\u00e1nchez<\/td><td>Gerardo<\/td><td><a href=mailto:gsanchez@ull.es>gsanchez@ull.es<\/a><\/td><td>Derecho Constitucional<\/td><td>Profesor Asociado<\/td><td>PDI<\/td><td><a class='btn-directorio' href='https:\/\/www.ull.es\/directorio\/search\/?busqueda=Gerardo P\u00e9rez S\u00e1nchez' target='_blank'><i class='fa fa-search-plus'><\/i><\/a><\/td><\/tr><tr><td>R\u00edos Rull<\/td><td>Fernando<\/td><td><a href=mailto:friorul@ull.es>friorul@ull.es<\/a><\/td><td>Derecho Constitucional<\/td><td>Profesor Asociado<\/td><td>PDI<\/td><td><a class='btn-directorio' href='https:\/\/www.ull.es\/directorio\/search\/?busqueda=Fernando R\u00edos Rull' target='_blank'><i class='fa fa-search-plus'><\/i><\/a><\/td><\/tr><tr><td>Ruano Le\u00f3n<\/td><td>Jos\u00e9 Miguel<\/td><td><a href=mailto:jruanole@ull.es>jruanole@ull.es<\/a><\/td><td>Derecho Constitucional<\/td><td>Profesor Asociado<\/td><td>PDI<\/td><td><a class='btn-directorio' href='https:\/\/www.ull.es\/directorio\/search\/?busqueda=Jos\u00e9 Miguel Ruano Le\u00f3n' target='_blank'><i class='fa fa-search-plus'><\/i><\/a><\/td><\/tr><tr><td>Siverio Luis<\/td><td>Sergio<\/td><td><a href=mailto:ssiverio@ull.es>ssiverio@ull.es<\/a><\/td><td>Derecho Constitucional<\/td><td>Ayudante<\/td><td>PDI<\/td><td><a class='btn-directorio' href='https:\/\/www.ull.es\/directorio\/search\/?busqueda=Sergio Siverio Luis' target='_blank'><i class='fa fa-search-plus'><\/i><\/a><\/td><\/tr><tr><td>Gonz\u00e1lez Barrios<\/td><td>Iv\u00e1n Domingo<\/td><td><a href=mailto:igonzalb@ull.es>igonzalb@ull.es<\/a><\/td><td>Filosof\u00eda del Derecho<\/td><td>Profesor Contratado Doctor (1)<\/td><td>PDI<\/td><td><a class='btn-directorio' href='https:\/\/www.ull.es\/directorio\/search\/?busqueda=Iv\u00e1n Domingo Gonz\u00e1lez Barrios' target='_blank'><i class='fa fa-search-plus'><\/i><\/a><\/td><\/tr><tr><td>Iglesias Machado<\/td><td>Salvador Miguel<\/td><td><a href=mailto:siglesim@ull.es>siglesim@ull.es<\/a><\/td><td>Filosof\u00eda del Derecho<\/td><td>Profesor Asociado<\/td><td>PDI<\/td><td><a class='btn-directorio' href='https:\/\/www.ull.es\/directorio\/search\/?busqueda=Salvador Miguel Iglesias Machado' target='_blank'><i class='fa fa-search-plus'><\/i><\/a><\/td><\/tr><tr><td>Ledesma Taoro<\/td><td>Francisco Jos\u00e9<\/td><td><a href=mailto:fledesmt@ull.es>fledesmt@ull.es<\/a><\/td><td>Filosof\u00eda del Derecho<\/td><td>Profesor Asociado<\/td><td>PDI<\/td><td><a class='btn-directorio' href='https:\/\/www.ull.es\/directorio\/search\/?busqueda=Francisco Jos\u00e9 Ledesma Taoro' target='_blank'><i class='fa fa-search-plus'><\/i><\/a><\/td><\/tr><tr><td>Mart\u00edn Gonz\u00e1lez<\/td><td>Mar\u00eda Candelaria<\/td><td><a href=mailto:mmarting@ull.es>mmarting@ull.es<\/a><\/td><td>Filosof\u00eda del Derecho<\/td><td>Profesor Asociado<\/td><td>PDI<\/td><td><a class='btn-directorio' href='https:\/\/www.ull.es\/directorio\/search\/?busqueda=Mar\u00eda Candelaria Mart\u00edn Gonz\u00e1lez' target='_blank'><i class='fa fa-search-plus'><\/i><\/a><\/td><\/tr><tr><td>P\u00e9rez Brito<\/td><td>Raquel Luc\u00eda<\/td><td><a href=mailto:rperezbr@ull.es>rperezbr@ull.es<\/a><\/td><td>Filosof\u00eda del Derecho<\/td><td>Profesor Asociado<\/td><td>PDI<\/td><td><a class='btn-directorio' href='https:\/\/www.ull.es\/directorio\/search\/?busqueda=Raquel Luc\u00eda P\u00e9rez Brito' target='_blank'><i class='fa fa-search-plus'><\/i><\/a><\/td><\/tr><tr><td>P\u00e9rez Gonz\u00e1lez<\/td><td>David Enrique<\/td><td><a href=mailto:dpergon@ull.es>dpergon@ull.es<\/a><\/td><td>Filosof\u00eda del Derecho<\/td><td>Profesor Contratado Doctor (1)<\/td><td>PDI<\/td><td><a class='btn-directorio' href='https:\/\/www.ull.es\/directorio\/search\/?busqueda=David Enrique P\u00e9rez Gonz\u00e1lez' target='_blank'><i class='fa fa-search-plus'><\/i><\/a><\/td><\/tr><tr><td>Rodr\u00edguez Calero<\/td><td>Juan Manuel<\/td><td><a href=mailto:jmroca@ull.es>jmroca@ull.es<\/a><\/td><td>Filosof\u00eda del Derecho<\/td><td>Profesor Titular Universidad<\/td><td>PDI<\/td><td><a class='btn-directorio' href='https:\/\/www.ull.es\/directorio\/search\/?busqueda=Juan Manuel Rodr\u00edguez Calero' target='_blank'><i class='fa fa-search-plus'><\/i><\/a><\/td><\/tr><tr><td>Soriano Torres<\/td><td>Marta Teresa<\/td><td><a href=mailto:tsoriano@ull.es>tsoriano@ull.es<\/a><\/td><td>Filosof\u00eda del Derecho<\/td><td>Profesor Contratado Doctor (1)<\/td><td>PDI<\/td><td><a class='btn-directorio' href='https:\/\/www.ull.es\/directorio\/search\/?busqueda=Marta Teresa Soriano Torres' target='_blank'><i class='fa fa-search-plus'><\/i><\/a><\/td><\/tr><tr><td>Medina Mart\u00edn<\/td><td>Omar Sebasti\u00e1n<\/td><td><a href=mailto:omedina@ull.es>omedina@ull.es<\/a><\/td><td>Personal De Administraci\u00f3n Y Servicios<\/td><td>Auxiliar Administrativo<\/td><td>PAS<\/td><td><a class='btn-directorio' href='https:\/\/www.ull.es\/directorio\/search\/?busqueda=Omar Sebasti\u00e1n Medina Mart\u00edn' target='_blank'><i class='fa fa-search-plus'><\/i><\/a><\/td><\/tr>        <\/tbody>\n    <\/table>\n<\/div>\n\n<script>\n\t\njQuery.extend( jQuery.fn.dataTableExt.oSort, {\n    \"chinese-string-asc\" : function (s1, s2) {\n        return s1.localeCompare(s2);\n    },\n \n    \"chinese-string-desc\" : function (s1, s2) {\n        return s2.localeCompare(s1);\n    }\n} );\n\t\n$(document).ready(function() {\n\n        $('#personal').DataTable( {\n            \"dom\": \"\" +\n            \"<'row'<'col-sm-9 toolbar'><'col-sm-3'f>>\" +\n            \"<'row tabla'<'col-sm-12'tr>>\" +\n            \"<'row'<'col-sm-5'i><'col-sm-7'p>>\"\n            ,\n            \"language\": {\n                \"url\": \"\/\/cdn.datatables.net\/plug-ins\/1.10.15\/i18n\/Spanish.json\"\n            },\n\n         columnDefs: [{ type: 'chinese-string', targets: 0 }],\n\n\n\t initComplete: function () {\n\n                this.api().columns([3]).every( function () {\n                    var column = this;\n                    var select = $('<select class=\"form-control input-sm\"><option value=\"\">Mostrar todas las \u00e1reas de conocimiento<\/option><\/select>')\n                        .appendTo( $('div.toolbar') )\n                        .on( 'change', function () {\n                            var val = $.fn.dataTable.util.escapeRegex(\n                                $(this).val()\n                            );\n\n                            column\n                                .search( val ? '^'+val+'$' : '', true, false )\n                                .draw();\n                        } );\n\n                    column.data().unique().sort().each( function ( d, j ) {\n                        select.append( '<option value=\"'+d+'\">'+d+'<\/option>' )\n                    } );\n\n                } );\n                this.api().columns([5]).every( function () {\n                    var column = this;\n                    var select = $('<select class=\"form-control input-sm\"><option value=\"\">Mostrar todos los roles<\/option><\/select>')\n                        .appendTo( $('div.toolbar') )\n                        .on( 'change', function () {\n                            var val = $.fn.dataTable.util.escapeRegex(\n                                $(this).val()\n                            );\n\n                            column\n                                .search( val ? '^'+val+'$' : '', true, false )\n                                .draw();\n                        } );\n\n                    column.data().unique().sort().each( function ( d, j ) {\n                        select.append( '<option value=\"'+d+'\">'+d+'<\/option>' )\n                    } );\n                } );\n            }\n        } );\n\n    } );\n<\/script>\n[\/vc_column_text][\/vc_column][\/vc_row]<\/p>\n","protected":false},"excerpt":{"rendered":"<p>[vc_row css=\u00bb.vc_custom_1497445297003{margin-bottom: 20px !important;}\u00bb][vc_column][vc_column_text] Personal [\/vc_column_text][\/vc_column][\/vc_row][vc_row][vc_column][vc_column_text][\/vc_column_text][\/vc_column][\/vc_row]<\/p>\n","protected":false},"author":1,"featured_media":0,"parent":0,"menu_order":0,"comment_status":"closed","ping_status":"closed","template":"","meta":[],"_links":{"self":[{"href":"https:\/\/www.ull.es\/departamentos\/derecho-constitucional-ciencia-politica-y-filosofia-del-derecho\/wp-json\/wp\/v2\/pages\/16"}],"collection":[{"href":"https:\/\/www.ull.es\/departamentos\/derecho-constitucional-ciencia-politica-y-filosofia-del-derecho\/wp-json\/wp\/v2\/pages"}],"about":[{"href":"https:\/\/www.ull.es\/departamentos\/derecho-constitucional-ciencia-politica-y-filosofia-del-derecho\/wp-json\/wp\/v2\/types\/page"}],"author":[{"embeddable":true,"href":"https:\/\/www.ull.es\/departamentos\/derecho-constitucional-ciencia-politica-y-filosofia-del-derecho\/wp-json\/wp\/v2\/users\/1"}],"replies":[{"embeddable":true,"href":"https:\/\/www.ull.es\/departamentos\/derecho-constitucional-ciencia-politica-y-filosofia-del-derecho\/wp-json\/wp\/v2\/comments?post=16"}],"version-history":[{"count":2,"href":"https:\/\/www.ull.es\/departamentos\/derecho-constitucional-ciencia-politica-y-filosofia-del-derecho\/wp-json\/wp\/v2\/pages\/16\/revisions"}],"predecessor-version":[{"id":151,"href":"https:\/\/www.ull.es\/departamentos\/derecho-constitucional-ciencia-politica-y-filosofia-del-derecho\/wp-json\/wp\/v2\/pages\/16\/revisions\/151"}],"wp:attachment":[{"href":"https:\/\/www.ull.es\/departamentos\/derecho-constitucional-ciencia-politica-y-filosofia-del-derecho\/wp-json\/wp\/v2\/media?parent=16"}],"curies":[{"name":"wp","href":"https:\/\/api.w.org\/{rel}","templated":true}]}}