{"id":133,"date":"2017-05-10T13:41:12","date_gmt":"2017-05-10T13:41:12","guid":{"rendered":"http:\/\/www.ull.es\/departamentos\/ingenieria-informatica-sistemas\/?page_id=2"},"modified":"2020-01-24T10:39:36","modified_gmt":"2020-01-24T10:39:36","slug":"inicio","status":"publish","type":"page","link":"https:\/\/www.ull.es\/departamentos\/derecho-publico-y-privado-especial-y-derecho-de-la-empresa\/","title":{"rendered":"Inicio"},"content":{"rendered":"<p>[vc_row full_width=\u00bbstretch_row\u00bb content_placement=\u00bbmiddle\u00bb css=\u00bb.vc_custom_1507637934930{background: #d3d3d3 url(http:\/\/www.ull.es\/departamentos\/derecho-publico-y-privado-especial-y-derecho-de-la-empresa\/wp-content\/uploads\/sites\/16\/2017\/10\/imagen-departamento-11.jpg?id=172) !important;background-position: center !important;background-repeat: no-repeat !important;background-size: cover !important;}\u00bb][vc_column css=\u00bb.vc_custom_1494852981099{padding-top: 80px !important;padding-bottom: 120px !important;}\u00bb][vc_column_text el_class=\u00bbtitle-departamento\u00bb]\n<h1>Derecho P\u00fablico y Privado Especial y Derecho de la Empresa<\/h1>\n\n[\/vc_column_text][\/vc_column][\/vc_row][vc_row content_placement=\u00bbmiddle\u00bb disable_element=\u00bbyes\u00bb css=\u00bb.vc_custom_1504268064528{padding-bottom: 35px !important;}\u00bb][vc_column css=\u00bb.vc_custom_1493296994985{margin-top: -50px !important;background-color: #ffffff !important;}\u00bb][vc_column_text css=\u00bb.vc_custom_1500038547758{padding-right: 35px !important;padding-left: 35px !important;}\u00bb]\n<div class=\"shortcode-descripcion\">\n    <p>El Departamento de Derecho P\u00fablico y Privado Especial y Derecho de la Empresa es el \u00f3rgano encargado de organizar, desarrollar y coordinar las ense\u00f1anzas de las \u00e1reas de conocimiento de Derecho Financiero y Tributario, Derecho del Trabajo y de la Seguridad Social, Derecho Procesal, Derecho Mercantil, Derecho Internacional P\u00fablico y Relaciones Internacionales y Derecho Internacional Privado. Su sede administrativa est\u00e1 ubicada en el edificio de las Facultades de Derecho y de Ciencias Sociales y de la Comunicaci\u00f3n, situado en el Campus de Guajara. El Departamento est\u00e1 integrado en  en estos momentos por 42 profesores que imparten clases en la Facultad de Derecho, Facultad de Econom\u00eda, Empresa y Turismo,  Facultad de Ciencias Sociales y de la Comunicaci\u00f3n, Escuela Polit\u00e9cnica Superior de Ingenier\u00eda, Escuela Superior de Ingenier\u00eda y Tecnolog\u00eda y Escuela de Doctorado y Estudios de Posgrado . En el \u00e1mbito de investigaci\u00f3n, el Departamento promueve y apoya todas las actividades investigadoras de su profesorado.<\/p><\/div>\n\n[\/vc_column_text][\/vc_column][\/vc_row][vc_row full_width=\u00bbstretch_row\u00bb css=\u00bb.vc_custom_1500894075041{padding-top: 50px !important;padding-bottom: 50px !important;background-color: #eeeeee !important;}\u00bb el_class=\u00bbvc-bloque-destacado bloque-destacado\u00bb][vc_column][vc_row_inner][vc_column_inner width=\u00bb1\/4&#8243;][vc_column_text]<a class=\"destacado\" style=\"background-color: #663366;\" href=\"https:\/\/www.ull.es\/departamentos\/derecho-publico-y-privado-especial-y-derecho-de-la-empresa\/informacion-ubicacion-y-contacto\/\" target=\"_blank\" rel=\"noopener\">Informaci\u00f3n, ubicaci\u00f3n y contacto<i class=\"fa fa-arrow-right\"><\/i><\/a>[\/vc_column_text][\/vc_column_inner][vc_column_inner width=\u00bb1\/4&#8243;][vc_column_text]<a class=\"destacado\" style=\"background-color: #006699;\" href=\"https:\/\/riull.ull.es\/xmlui\/handle\/915\/6012\" target=\"_blank\" rel=\"noopener noreferrer\" target=\"_blank\" rel=\"noopener\">Normativa del departamento <i class=\"fa fa-book\"><\/i><\/a>[\/vc_column_text][\/vc_column_inner][vc_column_inner width=\u00bb1\/4&#8243;][vc_column_text]<a class=\"destacado\" style=\"background-color: #999999;\" href=\"https:\/\/www.ull.es\/departamentos\/derecho-publico-y-privado-especial-y-derecho-de-la-empresa\/personal\/\" target=\"_blank\" rel=\"noopener\">Personal asociado al departamento <i class=\"fa fa-users\"><\/i><\/a>[\/vc_column_text][\/vc_column_inner][vc_column_inner width=\u00bb1\/4&#8243;][vc_column_text]<a class=\"destacado\" style=\"background-color: #44919d;\" href=\"https:\/\/docs.google.com\/spreadsheets\/d\/e\/2PACX-1vSZYutHccv8XcKA2XbRk17uc1KoL1425m4cMJuJXqi_PTq4bFrmGYEtTIFOm7LBr0_ZZwkID5XnjnhG\/pubhtml\" target=\"_blank\" rel=\"noopener noreferrer\" target=\"_blank\" rel=\"noopener\">Consultar tutor\u00edas<i class=\"fa fa-calendar\"><\/i><\/a>[\/vc_column_text][\/vc_column_inner][\/vc_row_inner][\/vc_column][\/vc_row][vc_row full_width=\u00bbstretch_row\u00bb css=\u00bb.vc_custom_1493903710709{margin-bottom: 50px !important;background-color: #ffffff !important;}\u00bb][vc_column width=\u00bb1\/3&#8243;][vc_column_text]<style>\n    .news-group .bg-size {\n        background-position: center;\n        background-size: cover;\n        width: 100%;\n        height: 48px;\n    }\n    .news-group .list-group-item-text {\n        font-size: 13px;\n    }\n    .news-group .col-md-3 {\n        padding-right: 0;\n    }\n    .news-group .list-group-item-date {\n        font-size: 11px;\n        color: #A4A4A4;\n        margin-bottom: 2px;\n        text-transform: uppercase;\n    }\n\n    .mensaje.alert-warning{\n        font-size: 12px;\n        margin: 14px !important;\n        padding: 4px 8px;\n        color: #cca60b;\n    }\n<\/style>\n\n<div class=\"panel panel-default\">\n    <div class=\"panel-heading\">\n        <h3 class=\"panel-title\">Noticias<\/h3>\n    <\/div>\n\n    <div class=\"list-group news-group\">\n                    <a href=\"https:\/\/www.ull.es\/portal\/noticias\/2026\/un-estudio-de-la-ull-advierte-que-el-cambio-climatico-es-un-riesgo-laboral-estructural-reconocible-en-la-negociacion-colectiva\/\" class=\"list-group-item\">\n                <div class=\"row\">\n                    <div class=\"col-md-3\">\n                        <div class=\"bg-size\" style=\"background-image: url('https:\/\/www.ull.es\/portal\/noticias\/wp-content\/uploads\/sites\/13\/2023\/05\/Entrev-Gloria-Rojas-01-300x200.jpg');\"><\/div>\n                    <\/div>\n                    <div class=\"col-md-9\">\n                        <p class=\"list-group-item-date\">\n                            02 Mar 2026 - 13:52 UTC                        <\/p>\n                        <p class=\"list-group-item-text\">Un estudio de la ULL advierte que el cambio clim\u00e1tico es un riesgo laboral estructural reconocible en la negociaci\u00f3n colectiva<\/p>\n                    <\/div>\n                <\/div>\n            <\/a>\n                    <a href=\"https:\/\/www.ull.es\/portal\/noticias\/2025\/investigadores-de-la-universidad-de-la-laguna-analizan-politologica-y-juridicamente-la-ley-del-suelo-de-canarias\/\" class=\"list-group-item\">\n                <div class=\"row\">\n                    <div class=\"col-md-3\">\n                        <div class=\"bg-size\" style=\"background-image: url('https:\/\/www.ull.es\/portal\/noticias\/wp-content\/uploads\/sites\/13\/2025\/01\/collage-300x200.jpg');\"><\/div>\n                    <\/div>\n                    <div class=\"col-md-9\">\n                        <p class=\"list-group-item-date\">\n                            13 Jan 2025 - 11:45 UTC                        <\/p>\n                        <p class=\"list-group-item-text\">Investigadores de la Universidad de La Laguna analizan politol\u00f3gica y jur\u00eddicamente la Ley del Suelo de Canarias<\/p>\n                    <\/div>\n                <\/div>\n            <\/a>\n                    <a href=\"https:\/\/www.ull.es\/portal\/noticias\/2024\/libro-pobreza-derecho-internacional\/\" class=\"list-group-item\">\n                <div class=\"row\">\n                    <div class=\"col-md-3\">\n                        <div class=\"bg-size\" style=\"background-image: url('https:\/\/www.ull.es\/portal\/noticias\/wp-content\/uploads\/sites\/13\/2024\/06\/portada-libro-derecho-pobreza-martinon-p-300x202.jpg');\"><\/div>\n                    <\/div>\n                    <div class=\"col-md-9\">\n                        <p class=\"list-group-item-date\">\n                            20 Jun 2024 - 12:59 UTC                        <\/p>\n                        <p class=\"list-group-item-text\">Una profesora de la ULL publica un libro sobre la respuesta a la pobreza desde el derecho internacional<\/p>\n                    <\/div>\n                <\/div>\n            <\/a>\n                    <a href=\"https:\/\/www.ull.es\/portal\/noticias\/2024\/un-trabajo-de-la-ull-sobre-la-igualdad-en-el-derecho-del-trabajo-premiado-por-la-universidad-castilla-la-mancha\/\" class=\"list-group-item\">\n                <div class=\"row\">\n                    <div class=\"col-md-3\">\n                        <div class=\"bg-size\" style=\"background-image: url('https:\/\/www.ull.es\/portal\/noticias\/wp-content\/uploads\/sites\/13\/2024\/03\/Premio_castilla-la-mancha-grupo-gloria-rojas-ULL-300x169.jpg');\"><\/div>\n                    <\/div>\n                    <div class=\"col-md-9\">\n                        <p class=\"list-group-item-date\">\n                            19 Mar 2024 - 11:50 UTC                        <\/p>\n                        <p class=\"list-group-item-text\">Un trabajo de la ULL sobre la igualdad en el Derecho del Trabajo, premiado por la Universidad de Castilla-La Mancha<\/p>\n                    <\/div>\n                <\/div>\n            <\/a>\n                    <a href=\"https:\/\/www.ull.es\/portal\/noticias\/2022\/ruth-martinon-fronteras-derecho\/\" class=\"list-group-item\">\n                <div class=\"row\">\n                    <div class=\"col-md-3\">\n                        <div class=\"bg-size\" style=\"background-image: url('https:\/\/www.ull.es\/portal\/noticias\/wp-content\/uploads\/sites\/13\/2022\/12\/Entrev-Ruth-Martinon-03-300x200.jpg');\"><\/div>\n                    <\/div>\n                    <div class=\"col-md-9\">\n                        <p class=\"list-group-item-date\">\n                            14 Dec 2022 - 13:00 UTC                        <\/p>\n                        <p class=\"list-group-item-text\">Las fronteras del Derecho<\/p>\n                    <\/div>\n                <\/div>\n            <\/a>\n            <\/div>\n    <div class=\"panel-footer\">\n        <a href=\"https:\/\/www.ull.es\/portal\/noticias\/?cat=3262\">M\u00c1S NOTICIAS <i class=\"fa fa-chevron-right\"><\/i><\/a>\n    <\/div>\n\n\n<\/div>[\/vc_column_text][\/vc_column][vc_column width=\u00bb1\/3&#8243;][vc_column_text]\n<style>\n    .events-group .bg-size {\n        background-position: center;\n        background-size: cover;\n        width: 100%;\n        height: 48px;\n    }\n    .events-group .list-group-item-text {\n        font-size: 13px;\n    }\n    .events-group .col-md-3 {\n        padding-right: 0;\n    }\n    .events-group .list-group-item-date {\n        font-size: 11px;\n        color: #A4A4A4;\n        margin-bottom: 2px;\n        text-transform: uppercase;\n    }\n\n    .mensaje.alert-warning{\n        font-size: 12px;\n        margin: 14px !important;\n        padding: 4px 8px;\n        color: #cca60b;\n    }\n\n<\/style>\n\n<div class=\"panel panel-default\">\n    <div class=\"panel-heading\">\n        <h3 class=\"panel-title\">Eventos<\/h3>\n    <\/div>\n\n    <div class=\"list-group events-group\">\n\n        <div class=\"mensaje alert alert-warning\">No hay eventos disponibles.<\/div>\n    <\/div>\n\n\n<\/div>\n[\/vc_column_text][\/vc_column][vc_column width=\u00bb1\/3&#8243;][vc_column_text]<style>\n    .news-group .bg-size {\n        background-position: center;\n        background-size: cover;\n        width: 100%;\n        height: 48px;\n    }\n    .news-group .list-group-item-text {\n        font-size: 13px;\n    }\n    .news-group .col-md-3 {\n        padding-right: 0;\n    }\n    .news-group .list-group-item-date {\n        font-size: 11px;\n        color: #A4A4A4;\n        margin-bottom: 2px;\n        text-transform: uppercase;\n    }\n\n    .mensaje.alert-warning{\n        font-size: 12px;\n        margin: 14px !important;\n        padding: 4px 8px;\n        color: #cca60b;\n    }\n\n<\/style>\n\n<div class=\"panel panel-default\">\n    <div class=\"panel-heading\">\n        <h3 class=\"panel-title\">Notificaciones<\/h3>\n    <\/div>\n\n    <div class=\"list-group news-group\">\n                            <a href=\"https:\/\/www.ull.es\/portal\/noticias\/2025\/elecciones-a-representantes-en-el-consejo-de-departamento-de-derecho-publico-y-privado-especial-y-derecho-de-la-empresa\/\" class=\"list-group-item\">\n                    <div class=\"row\">\n                        <div class=\"col-md-12\">\n                            <p class=\"list-group-item-date\">\n                                06 Feb 2025 - 07:30 UTC                            <\/p>\n                            <p class=\"list-group-item-text\">Elecciones a representantes en el Consejo de Departamento de Derecho P\u00fablico y Privado Especial y Derecho de la Empresa<\/p>\n                        <\/div>\n                    <\/div>\n                <\/a>\n                            <a href=\"https:\/\/www.ull.es\/portal\/noticias\/2024\/convocatoria-de-elecciones-a-la-direccion-del-departamento-de-derecho-publico-y-privado-especial-y-derecho-de-la-empresa-2\/\" class=\"list-group-item\">\n                    <div class=\"row\">\n                        <div class=\"col-md-12\">\n                            <p class=\"list-group-item-date\">\n                                30 Oct 2024 - 07:20 UTC                            <\/p>\n                            <p class=\"list-group-item-text\">Convocatoria de elecciones a la Direcci\u00f3n del Departamento de Derecho P\u00fablico y Privado Especial y Derecho de la Empresa<\/p>\n                        <\/div>\n                    <\/div>\n                <\/a>\n                            <a href=\"https:\/\/www.ull.es\/portal\/noticias\/2024\/los-actos-y-resoluciones-del-departamento-de-derecho-publico-y-privado-especial-y-derecho-de-la-empresa-seran-publicados-en-el-tablon-de-anuncios-electronico-de-la-universidad-de-la-laguna\/\" class=\"list-group-item\">\n                    <div class=\"row\">\n                        <div class=\"col-md-12\">\n                            <p class=\"list-group-item-date\">\n                                17 May 2024 - 07:46 UTC                            <\/p>\n                            <p class=\"list-group-item-text\">Los actos y resoluciones del Departamento de Derecho P\u00fablico y Privado Especial y Derecho de la Empresa ser\u00e1n publicados en el tabl\u00f3n de anuncios electr\u00f3nico de la Universidad de La Laguna<\/p>\n                        <\/div>\n                    <\/div>\n                <\/a>\n                            <a href=\"https:\/\/www.ull.es\/portal\/noticias\/2024\/concurso-para-la-provision-de-una-plaza-de-profesor-sustituto-del-area-de-derecho-del-trabajo-y-de-la-seguridad-social-ndl2262\/\" class=\"list-group-item\">\n                    <div class=\"row\">\n                        <div class=\"col-md-12\">\n                            <p class=\"list-group-item-date\">\n                                23 Jan 2024 - 08:50 UTC                            <\/p>\n                            <p class=\"list-group-item-text\">Concurso para la provisi\u00f3n de una plaza de Profesor Sustituto del \u00e1rea de Derecho del Trabajo y de la Seguridad Social (NDL2262)<\/p>\n                        <\/div>\n                    <\/div>\n                <\/a>\n                            <a href=\"https:\/\/www.ull.es\/portal\/noticias\/2024\/concurso-para-la-provision-de-una-plaza-de-profesor-sustituto-del-area-de-derecho-del-trabajo-y-de-la-seguridad-social-ndl2008\/\" class=\"list-group-item\">\n                    <div class=\"row\">\n                        <div class=\"col-md-12\">\n                            <p class=\"list-group-item-date\">\n                                23 Jan 2024 - 08:48 UTC                            <\/p>\n                            <p class=\"list-group-item-text\">Concurso para la provisi\u00f3n de una plaza de Profesor Sustituto del \u00e1rea de Derecho del Trabajo y de la Seguridad Social (NDL2008)<\/p>\n                        <\/div>\n                    <\/div>\n                <\/a>\n                <\/div>\n    <div class=\"panel-footer\">\n        <a href=\"https:\/\/www.ull.es\/portal\/noticias\/?cat=3263\">M\u00c1S NOTIFICACIONES <i class=\"fa fa-chevron-right\"><\/i><\/a>\n    <\/div>\n\n\n<\/div>[\/vc_column_text][\/vc_column][\/vc_row]<\/p>\n","protected":false},"excerpt":{"rendered":"<p>[vc_row full_width=\u00bbstretch_row\u00bb content_placement=\u00bbmiddle\u00bb css=\u00bb.vc_custom_1507637934930{background: #d3d3d3 url(http:\/\/www.ull.es\/departamentos\/derecho-publico-y-privado-especial-y-derecho-de-la-empresa\/wp-content\/uploads\/sites\/16\/2017\/10\/imagen-departamento-11.jpg?id=172) !important;background-position: center !important;background-repeat: no-repeat !important;background-size: cover !important;}\u00bb][vc_column css=\u00bb.vc_custom_1494852981099{padding-top: 80px !important;padding-bottom: 120px !important;}\u00bb][vc_column_text el_class=\u00bbtitle-departamento\u00bb][\/vc_column_text][\/vc_column][\/vc_row][vc_row content_placement=\u00bbmiddle\u00bb disable_element=\u00bbyes\u00bb css=\u00bb.vc_custom_1504268064528{padding-bottom: 35px !important;}\u00bb][vc_column css=\u00bb.vc_custom_1493296994985{margin-top: -50px !important;background-color: #ffffff !important;}\u00bb][vc_column_text css=\u00bb.vc_custom_1500038547758{padding-right: 35px !important;padding-left: 35px !important;}\u00bb][\/vc_column_text][\/vc_column][\/vc_row][vc_row full_width=\u00bbstretch_row\u00bb css=\u00bb.vc_custom_1500894075041{padding-top: 50px !important;padding-bottom: 50px !important;background-color: #eeeeee !important;}\u00bb el_class=\u00bbvc-bloque-destacado bloque-destacado\u00bb][vc_column][vc_row_inner][vc_column_inner width=\u00bb1\/4&#8243;][vc_column_text]Informaci\u00f3n, ubicaci\u00f3n y contacto[\/vc_column_text][\/vc_column_inner][vc_column_inner width=\u00bb1\/4&#8243;][vc_column_text]Normativa del departamento [\/vc_column_text][\/vc_column_inner][vc_column_inner width=\u00bb1\/4&#8243;][vc_column_text]Personal asociado al&#8230;<\/p>\n","protected":false},"author":1,"featured_media":0,"parent":0,"menu_order":0,"comment_status":"closed","ping_status":"closed","template":"templates\/template-frontpage.php","meta":[],"_links":{"self":[{"href":"https:\/\/www.ull.es\/departamentos\/derecho-publico-y-privado-especial-y-derecho-de-la-empresa\/wp-json\/wp\/v2\/pages\/133"}],"collection":[{"href":"https:\/\/www.ull.es\/departamentos\/derecho-publico-y-privado-especial-y-derecho-de-la-empresa\/wp-json\/wp\/v2\/pages"}],"about":[{"href":"https:\/\/www.ull.es\/departamentos\/derecho-publico-y-privado-especial-y-derecho-de-la-empresa\/wp-json\/wp\/v2\/types\/page"}],"author":[{"embeddable":true,"href":"https:\/\/www.ull.es\/departamentos\/derecho-publico-y-privado-especial-y-derecho-de-la-empresa\/wp-json\/wp\/v2\/users\/1"}],"replies":[{"embeddable":true,"href":"https:\/\/www.ull.es\/departamentos\/derecho-publico-y-privado-especial-y-derecho-de-la-empresa\/wp-json\/wp\/v2\/comments?post=133"}],"version-history":[{"count":13,"href":"https:\/\/www.ull.es\/departamentos\/derecho-publico-y-privado-especial-y-derecho-de-la-empresa\/wp-json\/wp\/v2\/pages\/133\/revisions"}],"predecessor-version":[{"id":184,"href":"https:\/\/www.ull.es\/departamentos\/derecho-publico-y-privado-especial-y-derecho-de-la-empresa\/wp-json\/wp\/v2\/pages\/133\/revisions\/184"}],"wp:attachment":[{"href":"https:\/\/www.ull.es\/departamentos\/derecho-publico-y-privado-especial-y-derecho-de-la-empresa\/wp-json\/wp\/v2\/media?parent=133"}],"curies":[{"name":"wp","href":"https:\/\/api.w.org\/{rel}","templated":true}]}}