{"id":83,"date":"2017-05-11T12:37:19","date_gmt":"2017-05-11T12:37:19","guid":{"rendered":"http:\/\/www.ull.es\/departamentos\/ingenieria-informatica-sistemas\/?page_id=9"},"modified":"2021-08-02T07:25:53","modified_gmt":"2021-08-02T07:25:53","slug":"informacion-ubicacion-y-contacto","status":"publish","type":"page","link":"https:\/\/www.ull.es\/departamentos\/didactica-e-investigacion-educativa\/informacion-ubicacion-y-contacto\/","title":{"rendered":"Informaci\u00f3n, ubicaci\u00f3n y contacto"},"content":{"rendered":"<p>[vc_row][vc_column width=\u00bb2\/3&#8243; el_class=\u00bbpadding-50-right\u00bb css=\u00bb.vc_custom_1494506721665{padding-right: 50px !important;}\u00bb][vc_column_text]<\/p>\n<h1>Presentaci\u00f3n<\/h1>\n<p>[\/vc_column_text][vc_column_text el_id=\u00bbpresentacion\u00bb]\n<div class=\"shortcode-descripcion\">\n    <p>El Departamento de Did\u00e1ctica e Investigaci\u00f3n Educativa es el \u00f3rgano encargado de organizar, desarrollar y coordinar las ense\u00f1anzas propias de las \u00e1reas de conocimiento adscritas al mismo. Imparte docencia en la Facultad de Educaci\u00f3n y en la Facultad de Psicolog\u00eda y Logopedia. Asimismo, imparte docencia de posgrado en m\u00e1steres universitarios. El Departamento tambi\u00e9n es el \u00f3rgano encargado de apoyar la actividad investigadora de las personas que lo integran.<\/p><\/div>\n\n[\/vc_column_text][vc_empty_space height=\u00bb40px\u00bb][vc_column_text el_id=\u00bbareas-de-conocimiento\u00bb]\n<style>\n    .shortcode-areas h2 {\n        margin-bottom: 10px !important;\n    }\n<\/style>\n\n<div class=\"shortcode-areas\">\n    <h2>\u00c1reas de conocimiento<\/h2><ul><li>M\u00e9todos de Investigaci\u00f3n y Diagn\u00f3stico en Educaci\u00f3n<\/li><li>Did\u00e1ctica y Organizaci\u00f3n Escolar<\/li><\/ul><\/div>\n\n[\/vc_column_text][vc_empty_space height=\u00bb40px\u00bb][vc_column_text el_id=\u00bborganigrama\u00bb]<\/p>\n<h1>Organigrama<\/h1>\n<p>[\/vc_column_text][vc_column_text]\n<style>\n    .shortcode-equipo h2 {\n        margin-bottom: 10px !important;\n    }\n<\/style>\n\n<div class=\"shortcode-equipo\">\n    <h2>Equipo de direcci\u00f3n<\/h2><dl><dt><strong>Directora<\/strong><\/dt><dd> <a href='https:\/\/www.ull.es\/directorio\/search\/?busqueda=Zuleica Ruiz Alfonso' target='_blank'>Zuleica Ruiz Alfonso<\/a><\/dd><dt><strong>Subdirectora<\/strong><\/dt><dd> <a href='https:\/\/www.ull.es\/directorio\/search\/?busqueda=M\u00aa \u00c1ngeles Axpe Caballero' target='_blank'>M\u00aa \u00c1ngeles Axpe Caballero<\/a><\/dd><dt><strong>Secretario<\/strong><\/dt><dd> <a href='https:\/\/www.ull.es\/directorio\/search\/?busqueda=Daniel \u00c1lvarez Dur\u00e1n' target='_blank'>Daniel \u00c1lvarez Dur\u00e1n<\/a><\/dd><\/dl><h2>Personal de administraci\u00f3n<\/h2><dl><dt><strong>Administraci\u00f3n<\/strong><\/dt><dd> <a href='https:\/\/www.ull.es\/directorio\/search\/?busqueda=Carmen Luz Izquierdo Herrera' target='_blank'>Carmen Luz Izquierdo Herrera<\/a><\/dd><\/dl>\n<\/div>\n[\/vc_column_text][\/vc_column][vc_column width=\u00bb1\/3&#8243;][vc_column_text]<a class=\"btn-destacado\" href=\"https:\/\/riull.ull.es\/xmlui\/handle\/915\/6014\" target=\"_blank\" rel=\"noopener\" target=\"_blank\" rel=\"noopener\">Consultar normativa del departamento<i class=\"fa fa-arrow-right\"><\/i><\/a>[\/vc_column_text][vc_column_text]<a class=\"btn-destacado\" href=\"https:\/\/docs.google.com\/spreadsheets\/d\/e\/2PACX-1vT0WeLouIxsVAWi9AZ_2onItomEPUuU0zrMgCDhuqB6lwsknQ9T-JMriybSYv-qczfRYTDoyW3JKVom\/pubhtml\" target=\"_blank\" rel=\"noopener\" target=\"_blank\" rel=\"noopener\">Consultar comisiones del departamento<i class=\"fa fa-arrow-right\"><\/i><\/a>[\/vc_column_text][vc_column_text]<\/p>\n<div class=\"wpb_text_column wpb_content_element \">\n<div class=\"wpb_wrapper\">\n<ul class=\"widget-box\">\n<li class=\"contacto-header\">Informaci\u00f3n de contacto<\/li>\n<li><i class=\"fa fa-map-marker\"><\/i> C\/ Pedro Zerolo, s\/n. Edificio Central. Planta 2. Apartado 456. C\u00f3digo postal 38200. San Crist\u00f3bal de La Laguna. S\/C de Tenerife<\/li>\n<li><i class=\"fa fa-phone\"><\/i> (+34) 922 31 91 14<\/li>\n<li><\/li>\n<li><i class=\"fa fa-envelope\"><\/i> <a href=\"mailto: didinv@ull.edu.es\" target=\"_blank\" rel=\"noopener\">didinv@ull.edu.es<\/a> (Administraci\u00f3n del Departamento)<\/li>\n<li><i class=\"fa fa-envelope\"><\/i> <a href=\"mailto:diredie@ull.edu.es\" target=\"_blank\" rel=\"noopener\">diredie@ull.edu.es<\/a> (Direcci\u00f3n del Departamento)<\/li>\n<\/ul>\n<\/div>\n<\/div>\n<p>[\/vc_column_text][vc_column_text el_id=\u00bbubicacion\u00bb]\n    \n<style>\n    .google-maps {\n        position: relative;\n        padding-bottom: 75%;\n        height: 0;\n        overflow: hidden;\n    }\n    .google-maps iframe {\n        position: absolute;\n        top: 0;\n        left: 0;\n        width: 100% !important;\n        height: 100% !important;\n    }\n<\/style>\n\n\n<div class=\"google-maps\">\n    <iframe src=\"https:\/\/www.openstreetmap.org\/export\/embed.html?bbox=-16.319420297983%2C28.477571077979%2C-16.313276488393%2C28.483383300259&amp;layer=mapnik&amp;marker=28.481754033718943%2C-16.316594123873074\" style=\"border: 1px solid black\"><\/iframe>\n<\/div>\n\n<div class=\"btn-widget\">\n    <a href=\"https:\/\/www.openstreetmap.org\/directions?engine=graphhopper_car&from=&to=28.481754033718943%2C-16.316594123873074#map=17\/28.481754033718943\/-16.316594123873074\">C\u00f3mo llegar<\/a>  \n<\/div>\n\n  <\/body>\n<\/html>\n\n[\/vc_column_text][\/vc_column][\/vc_row]<\/p>\n","protected":false},"excerpt":{"rendered":"<p>[vc_row][vc_column width=\u00bb2\/3&#8243; el_class=\u00bbpadding-50-right\u00bb css=\u00bb.vc_custom_1494506721665{padding-right: 50px !important;}\u00bb][vc_column_text] Presentaci\u00f3n [\/vc_column_text][vc_column_text el_id=\u00bbpresentacion\u00bb][\/vc_column_text][vc_empty_space height=\u00bb40px\u00bb][vc_column_text el_id=\u00bbareas-de-conocimiento\u00bb][\/vc_column_text][vc_empty_space height=\u00bb40px\u00bb][vc_column_text el_id=\u00bborganigrama\u00bb] Organigrama [\/vc_column_text][vc_column_text][\/vc_column_text][\/vc_column][vc_column width=\u00bb1\/3&#8243;][vc_column_text]Consultar normativa del departamento[\/vc_column_text][vc_column_text]Consultar comisiones del departamento[\/vc_column_text][vc_column_text] Informaci\u00f3n de contacto C\/ Pedro Zerolo, s\/n. Edificio Central. Planta 2. Apartado 456. C\u00f3digo postal 38200. San Crist\u00f3bal de La Laguna. S\/C de Tenerife (+34) 922 31 91 14 didinv@ull.edu.es (Administraci\u00f3n del Departamento)&#8230;<\/p>\n","protected":false},"author":1,"featured_media":0,"parent":0,"menu_order":0,"comment_status":"closed","ping_status":"closed","template":"","meta":[],"_links":{"self":[{"href":"https:\/\/www.ull.es\/departamentos\/didactica-e-investigacion-educativa\/wp-json\/wp\/v2\/pages\/83"}],"collection":[{"href":"https:\/\/www.ull.es\/departamentos\/didactica-e-investigacion-educativa\/wp-json\/wp\/v2\/pages"}],"about":[{"href":"https:\/\/www.ull.es\/departamentos\/didactica-e-investigacion-educativa\/wp-json\/wp\/v2\/types\/page"}],"author":[{"embeddable":true,"href":"https:\/\/www.ull.es\/departamentos\/didactica-e-investigacion-educativa\/wp-json\/wp\/v2\/users\/1"}],"replies":[{"embeddable":true,"href":"https:\/\/www.ull.es\/departamentos\/didactica-e-investigacion-educativa\/wp-json\/wp\/v2\/comments?post=83"}],"version-history":[{"count":11,"href":"https:\/\/www.ull.es\/departamentos\/didactica-e-investigacion-educativa\/wp-json\/wp\/v2\/pages\/83\/revisions"}],"predecessor-version":[{"id":200,"href":"https:\/\/www.ull.es\/departamentos\/didactica-e-investigacion-educativa\/wp-json\/wp\/v2\/pages\/83\/revisions\/200"}],"wp:attachment":[{"href":"https:\/\/www.ull.es\/departamentos\/didactica-e-investigacion-educativa\/wp-json\/wp\/v2\/media?parent=83"}],"curies":[{"name":"wp","href":"https:\/\/api.w.org\/{rel}","templated":true}]}}