{"id":304,"date":"2024-10-04T07:20:24","date_gmt":"2024-10-04T07:20:24","guid":{"rendered":"https:\/\/www.ull.es\/departamentos\/didacticas-especificas\/?page_id=304"},"modified":"2024-10-04T11:37:16","modified_gmt":"2024-10-04T11:37:16","slug":"el-cuerpo-humano","status":"publish","type":"page","link":"https:\/\/www.ull.es\/departamentos\/didacticas-especificas\/recursos-educativos\/area-de-la-didactica-de-las-ciencias-experimentales\/el-cuerpo-humano\/","title":{"rendered":"El cuerpo humano"},"content":{"rendered":"<p>[vc_row content_placement=\u00bbmiddle\u00bb][vc_column width=\u00bb1\/2&#8243;][vc_row_inner][vc_column_inner][vc_column_text]<\/p>\n<h2><span style=\"font-weight: 400;\">EL <b>cuerpo humano<\/b><\/span><\/h2>\n<p>Este material ha sido elaborado por los estudiantes durante el curso acad\u00e9mico 2022-2023, utilizando libros de texto de la Biblioteca de la Facultad de Educaci\u00f3n y recursos did\u00e1cticos especializados para la ense\u00f1anza de contenidos en el nivel de Educaci\u00f3n Primaria.<\/p>\n<p>Los estudiantes han trabajado el tema del cuerpo humano en grupos colaborativos abordando diferentes tem\u00e1ticas teniendo en cuenta los est\u00e1ndares curriculares y los contenidos clave establecidos para esta etapa educativa.<\/p>\n<h3>V\u00eddeos did\u00e1cticos<\/h3>\n<p>[\/vc_column_text][\/vc_column_inner][\/vc_row_inner][\/vc_column][vc_column width=\u00bb1\/2&#8243;][vc_single_image image=\u00bb330&#8243; img_size=\u00bb500&#215;500&#8243;][\/vc_column][\/vc_row][vc_row content_placement=\u00bbmiddle\u00bb][vc_column][vc_tta_accordion style=\u00bbflat\u00bb color=\u00bbviolet\u00bb active_section=\u00bb\u00bb no_fill=\u00bbtrue\u00bb collapsible_all=\u00bbtrue\u00bb][vc_tta_section title=\u00bbGRUPO 1: El cuerpo humano\u00bb tab_id=\u00bb1728041470776-d151f84c-9940&#8243;][vc_column_text]<\/p>\n<h2>El cuerpo humano<\/h2>\n<p>Los estudiantes de Did\u00e1ctica de las Ciencias Experimentales explican de forma did\u00e1ctica y resumida los contenidos m\u00e1s relevantes del tema del cuerpo humano para la etapa de Educaci\u00f3n Primaria.<\/p>\n<ul>\n<li style=\"list-style-type: none;\">\n<ul>\n<li style=\"list-style-type: none;\">\n<ul>\n<li>Diego Garc\u00eda Le\u00f3n.<\/li>\n<\/ul>\n<\/li>\n<\/ul>\n<\/li>\n<\/ul>\n<p>[\/vc_column_text][vc_video link=\u00bbhttps:\/\/youtu.be\/LVh9CX-lSeM\u00bb align=\u00bbcenter\u00bb][\/vc_tta_section][vc_tta_section title=\u00bbGRUPO 2: El aparato respiratorio\u00bb tab_id=\u00bb1728041470852-269707ee-548a\u00bb][vc_column_text]<\/p>\n<h2>Aparato respiratorio<\/h2>\n<p>Los estudiantes de Did\u00e1ctica de las Ciencias Experimentales explican de forma did\u00e1ctica los contenidos m\u00e1s relevantes del tema del aparato respiratorio para la etapa de Educaci\u00f3n Primaria.<\/p>\n<h3><strong>Tambi\u00e9n encontrar\u00e1s material did\u00e1ctico como fichas y documentos para complementar los recursos aportados.\u00a0<\/strong><\/h3>\n<ul>\n<li style=\"list-style-type: none;\">\n<ul>\n<li style=\"list-style-type: none;\">\n<ul>\n<li>Giada Galafate Orlandi<\/li>\n<li>Claudia Hern\u00e1ndez Olivero<\/li>\n<li>Tania Hern\u00e1ndez P\u00e9rez<\/li>\n<\/ul>\n<\/li>\n<\/ul>\n<\/li>\n<\/ul>\n<p>[\/vc_column_text][vc_video link=\u00bbhttps:\/\/youtu.be\/Xiu8BwowYsA\u00bb align=\u00bbcenter\u00bb][vc_separator color=\u00bbpurple\u00bb style=\u00bbdotted\u00bb border_width=\u00bb10&#8243; el_width=\u00bb60&#8243; css=\u00bb.vc_custom_1688549494789{padding-top: 15px !important;padding-bottom: 25px !important;}\u00bb][vc_btn title=\u00bbDescargar ficha did\u00e1ctica\u00bb style=\u00bbgradient\u00bb gradient_color_2=\u00bbviolet\u00bb size=\u00bblg\u00bb align=\u00bbcenter\u00bb button_block=\u00bbtrue\u00bb link=\u00bburl:https%3A%2F%2Fdrive.google.com%2Ffile%2Fd%2F1_RNH60VwQYyeOtjILEUTeH1PGSsJFlRQ%2Fview%3Fusp%3Ddrive_link|target:_blank\u00bb][\/vc_tta_section][vc_tta_section title=\u00bbGRUPO 3: El sistema esquel\u00e9tico\u00bb tab_id=\u00bb1728041470986-9dd8752c-6553&#8243;][vc_column_text]<\/p>\n<h2>El sistema esquel\u00e9tico<\/h2>\n<p>Los estudiantes de Did\u00e1ctica de las Ciencias Experimentales explican de forma did\u00e1ctica los contenidos m\u00e1s relevantes del tema del sistema esquel\u00e9tico para la etapa de Educaci\u00f3n Primaria.<\/p>\n<h3><strong>Tambi\u00e9n encontrar\u00e1s material did\u00e1ctico como fichas y documentos para complementar los recursos aportados.\u00a0<\/strong><\/h3>\n<ul>\n<li style=\"list-style-type: none;\">\n<ul>\n<li style=\"list-style-type: none;\">\n<ul>\n<li>Sara \u00c1lvarez Abrante<\/li>\n<li>Kathaysa D\u00edaz Mesa<\/li>\n<li>Gisselle Ainoa Fern\u00e1ndez Colosia<\/li>\n<li>Ainhoa Guerra Quintero<\/li>\n<li>Mireya Berm\u00fadez Blanco<\/li>\n<\/ul>\n<\/li>\n<\/ul>\n<\/li>\n<\/ul>\n<p>[\/vc_column_text][vc_video link=\u00bbhttps:\/\/youtu.be\/Vdw9y7wraJY\u00bb align=\u00bbcenter\u00bb][vc_separator color=\u00bbpurple\u00bb style=\u00bbdotted\u00bb border_width=\u00bb10&#8243; el_width=\u00bb60&#8243; css=\u00bb.vc_custom_1688549494789{padding-top: 15px !important;padding-bottom: 25px !important;}\u00bb][vc_btn title=\u00bbDescargar ficha did\u00e1ctica\u00bb style=\u00bbgradient\u00bb gradient_color_2=\u00bbviolet\u00bb size=\u00bblg\u00bb align=\u00bbcenter\u00bb button_block=\u00bbtrue\u00bb link=\u00bburl:https%3A%2F%2Fdrive.google.com%2Ffile%2Fd%2F1HD41idCTpzEwsZEnsHu1BWaWM-BxDTOd%2Fview%3Fusp%3Ddrive_link|target:_blank\u00bb][\/vc_tta_section][vc_tta_section title=\u00bbGRUPO 11.1: El sistema tegumentario\u00bb tab_id=\u00bb1728041471125-c4d737ff-cf8e\u00bb][vc_column_text]<\/p>\n<h2>El sistema tegumentario<\/h2>\n<p>Los estudiantes de Did\u00e1ctica de las Ciencias Experimentales explican de forma did\u00e1ctica los contenidos m\u00e1s relevantes del tema del sistema tegumentario para la etapa de Educaci\u00f3n Primaria.<\/p>\n<h3><strong>Tambi\u00e9n encontrar\u00e1s material did\u00e1ctico como fichas y documentos para complementar los recursos aportados.\u00a0<\/strong><\/h3>\n<ul>\n<li style=\"list-style-type: none;\">\n<ul>\n<li style=\"list-style-type: none;\">\n<ul>\n<li>Adriana Mesa Linares<\/li>\n<li>Nira P\u00e9rez Corona<\/li>\n<li>Paula Roc\u00edo Mach\u00edn<\/li>\n<li>Laura Rodr\u00edguez Moreno<\/li>\n<li>Victoria Rodr\u00edguez Rivero<\/li>\n<li>Belen del Pilar Zamora Hern\u00e1ndez<\/li>\n<\/ul>\n<\/li>\n<\/ul>\n<\/li>\n<\/ul>\n<p>[\/vc_column_text][vc_video link=\u00bbhttps:\/\/youtu.be\/LCGWy3AgbCU\u00bb align=\u00bbcenter\u00bb][vc_separator color=\u00bbpurple\u00bb style=\u00bbdotted\u00bb border_width=\u00bb10&#8243; el_width=\u00bb60&#8243; css=\u00bb.vc_custom_1688549494789{padding-top: 15px !important;padding-bottom: 25px !important;}\u00bb][vc_btn title=\u00bbDescargar ficha did\u00e1ctica\u00bb style=\u00bbgradient\u00bb gradient_color_2=\u00bbviolet\u00bb size=\u00bblg\u00bb align=\u00bbcenter\u00bb button_block=\u00bbtrue\u00bb link=\u00bburl:https%3A%2F%2Fdrive.google.com%2Ffile%2Fd%2F1-byiYgWVzZ2Ajne3_0LdDMYsyEXUg8HI%2Fview%3Fusp%3Ddrive_link|target:_blank\u00bb][\/vc_tta_section][vc_tta_section title=\u00bbGRUPO 11.2. Los \u00f3rganos de los sentidos\u00bb tab_id=\u00bb1728041471287-dc067d82-61f9&#8243;][vc_column_text]<\/p>\n<h2>Los \u00f3rganos de los sentidos<\/h2>\n<p>Los estudiantes de Did\u00e1ctica de las Ciencias Experimentales explican de forma did\u00e1ctica los contenidos m\u00e1s relevantes del tema de los \u00f3rganos de los sentidos para la etapa de Educaci\u00f3n Primaria.<\/p>\n<h3><strong>Tambi\u00e9n encontrar\u00e1s material did\u00e1ctico como fichas y documentos para complementar los recursos aportados.\u00a0<\/strong><\/h3>\n<ul>\n<li style=\"list-style-type: none;\">\n<ul>\n<li style=\"list-style-type: none;\">\n<ul>\n<li>Adriana Mesa Linares<\/li>\n<li>Nira P\u00e9rez Corona<\/li>\n<li>Paula Roc\u00edo Mach\u00edn<\/li>\n<li>Laura Rodr\u00edguez Moreno<\/li>\n<li>Victoria Rodr\u00edguez Rivero<\/li>\n<li>Belen del Pilar Zamora Hern\u00e1ndez<\/li>\n<\/ul>\n<\/li>\n<\/ul>\n<\/li>\n<\/ul>\n<p>[\/vc_column_text][vc_video link=\u00bbhttps:\/\/youtu.be\/jTUD7C3AXiw\u00bb align=\u00bbcenter\u00bb][vc_separator color=\u00bbpurple\u00bb style=\u00bbdotted\u00bb border_width=\u00bb10&#8243; el_width=\u00bb60&#8243; css=\u00bb.vc_custom_1688549494789{padding-top: 15px !important;padding-bottom: 25px !important;}\u00bb][vc_btn title=\u00bbDescargar ficha did\u00e1ctica\u00bb style=\u00bbgradient\u00bb gradient_color_2=\u00bbviolet\u00bb size=\u00bblg\u00bb align=\u00bbcenter\u00bb button_block=\u00bbtrue\u00bb link=\u00bburl:https%3A%2F%2Fdrive.google.com%2Ffile%2Fd%2F1-byiYgWVzZ2Ajne3_0LdDMYsyEXUg8HI%2Fview%3Fusp%3Ddrive_link|target:_blank\u00bb][\/vc_tta_section][vc_tta_section title=\u00bbGRUPO 12: El sistema respiratorio\u00bb tab_id=\u00bb1728041471436-82dcbf60-ba89&#8243;][vc_column_text]<\/p>\n<h2>El sistema respiratorio<\/h2>\n<p>Los estudiantes de Did\u00e1ctica de las Ciencias Experimentales explican de forma did\u00e1ctica los contenidos m\u00e1s relevantes del tema del aparato respiratorio para la etapa de Educaci\u00f3n Primaria.<\/p>\n<h3><strong>Tambi\u00e9n encontrar\u00e1s material did\u00e1ctico como fichas y documentos para complementar los recursos aportados.\u00a0<\/strong><\/h3>\n<ul>\n<li style=\"list-style-type: none;\">\n<ul>\n<li style=\"list-style-type: none;\">\n<ul>\n<li>Noelia Herrera Francisco<\/li>\n<li>Francisco Manuel\u00a0 Jim\u00e9nez Gonz\u00e1lez<\/li>\n<li>Aroa Mendoza Hern\u00e1ndez<\/li>\n<li>Noelia S\u00e1nchez Garc\u00eda<\/li>\n<\/ul>\n<\/li>\n<\/ul>\n<\/li>\n<\/ul>\n<p>[\/vc_column_text][vc_video link=\u00bbhttps:\/\/youtu.be\/Gi_FW4aLhLM\u00bb align=\u00bbcenter\u00bb][vc_separator color=\u00bbpurple\u00bb style=\u00bbdotted\u00bb border_width=\u00bb10&#8243; el_width=\u00bb60&#8243; css=\u00bb.vc_custom_1688549494789{padding-top: 15px !important;padding-bottom: 25px !important;}\u00bb][vc_btn title=\u00bbDescargar ficha did\u00e1ctica\u00bb style=\u00bbgradient\u00bb gradient_color_2=\u00bbviolet\u00bb size=\u00bblg\u00bb align=\u00bbcenter\u00bb button_block=\u00bbtrue\u00bb link=\u00bburl:https%3A%2F%2Fdrive.google.com%2Ffile%2Fd%2F13RQhqQNWH3gRSJ7eyMH4Seu18gXqLqyS%2Fview%3Fusp%3Ddrive_link|target:_blank\u00bb][\/vc_tta_section][vc_tta_section title=\u00bbGRUPO 13: El sistema esquel\u00e9tico\u00bb tab_id=\u00bb1728041471599-fc39a9cf-99df\u00bb][vc_column_text]<\/p>\n<h2>El sistema esquel\u00e9tico<\/h2>\n<p>Los estudiantes de Did\u00e1ctica de las Ciencias Experimentales explican de forma did\u00e1ctica los contenidos m\u00e1s relevantes del tema del sistema esquel\u00e9tico para la etapa de Educaci\u00f3n Primaria.<\/p>\n<h3><strong>Tambi\u00e9n encontrar\u00e1s material did\u00e1ctico como fichas y documentos para complementar los recursos aportados.\u00a0<\/strong><\/h3>\n<ul>\n<li style=\"list-style-type: none;\">\n<ul>\n<li style=\"list-style-type: none;\">\n<ul>\n<li>Isabel Medina D\u00edaz<\/li>\n<li>Claudia Ramos Herrera<\/li>\n<li>Adri\u00e1n Su\u00e1rez Cabrera<\/li>\n<\/ul>\n<\/li>\n<\/ul>\n<\/li>\n<\/ul>\n<p>[\/vc_column_text][vc_video link=\u00bbhttps:\/\/youtu.be\/Gi_FW4aLhLM\u00bb align=\u00bbcenter\u00bb][vc_separator color=\u00bbpurple\u00bb style=\u00bbdotted\u00bb border_width=\u00bb10&#8243; el_width=\u00bb60&#8243; css=\u00bb.vc_custom_1688549494789{padding-top: 15px !important;padding-bottom: 25px !important;}\u00bb][vc_btn title=\u00bbDescargar ficha did\u00e1ctica\u00bb style=\u00bbgradient\u00bb gradient_color_2=\u00bbviolet\u00bb size=\u00bblg\u00bb align=\u00bbcenter\u00bb button_block=\u00bbtrue\u00bb link=\u00bburl:https%3A%2F%2Fdrive.google.com%2Ffile%2Fd%2F1Rfh3NgfSYJruWtxUpT4DZ4NWEks3JvkW%2Fview%3Fusp%3Ddrive_link|target:_blank\u00bb][\/vc_tta_section][vc_tta_section title=\u00bbGRUPO 14 : El sistema circulatorio\u00bb tab_id=\u00bb1728041471775-f9444515-6d91&#8243;][vc_column_text]<\/p>\n<h2>El sistema circulatorio<\/h2>\n<p>Los estudiantes de Did\u00e1ctica de las Ciencias Experimentales explican de forma did\u00e1ctica los contenidos m\u00e1s relevantes del tema del sistema circulatorio para la etapa de Educaci\u00f3n Primaria.<\/p>\n<h3><strong>Tambi\u00e9n encontrar\u00e1s material did\u00e1ctico como fichas y documentos para complementar los recursos aportados.\u00a0<\/strong><\/h3>\n<ul>\n<li style=\"list-style-type: none;\">\n<ul>\n<li style=\"list-style-type: none;\">\n<ul>\n<li>Felipe Ra\u00fal Escobar Sciacca<\/li>\n<li>Nelson Alain Jim\u00e9nez Rivera<\/li>\n<li>Adriana Jiantong Rodr\u00edguez B\u00e1ez<\/li>\n<li>Yarely Rodr\u00edguez Marco<\/li>\n<\/ul>\n<\/li>\n<\/ul>\n<\/li>\n<\/ul>\n<p>[\/vc_column_text][vc_video link=\u00bbhttps:\/\/youtu.be\/E0Cy2oMJVzQ\u00bb align=\u00bbcenter\u00bb][vc_separator color=\u00bbpurple\u00bb style=\u00bbdotted\u00bb border_width=\u00bb10&#8243; el_width=\u00bb60&#8243; css=\u00bb.vc_custom_1688549494789{padding-top: 15px !important;padding-bottom: 25px !important;}\u00bb][vc_btn title=\u00bbDescargar ficha did\u00e1ctica\u00bb style=\u00bbgradient\u00bb gradient_color_2=\u00bbviolet\u00bb size=\u00bblg\u00bb align=\u00bbcenter\u00bb button_block=\u00bbtrue\u00bb link=\u00bburl:https%3A%2F%2Fdrive.google.com%2Ffile%2Fd%2F1CcSkqH-olPf-8EF9BIBpha698PfCFO86%2Fview%3Fusp%3Ddrive_link|target:_blank\u00bb][\/vc_tta_section][vc_tta_section title=\u00bbGRUPO 15 : Nutrici\u00f3n y dieta\u00bb tab_id=\u00bb1728041471949-4979f119-b766&#8243;][vc_column_text]<\/p>\n<h2>Nutrici\u00f3n y dieta<\/h2>\n<p>Los estudiantes de Did\u00e1ctica de las Ciencias Experimentales explican de forma did\u00e1ctica los contenidos m\u00e1s relevantes del tema de nutrici\u00f3n y dieta para la etapa de Educaci\u00f3n Primaria.<\/p>\n<h3><strong>Tambi\u00e9n encontrar\u00e1s material did\u00e1ctico como fichas y documentos para complementar los recursos aportados.\u00a0<\/strong><\/h3>\n<ul>\n<li style=\"list-style-type: none;\">\n<ul>\n<li style=\"list-style-type: none;\">\n<ul>\n<li style=\"list-style-type: none;\">\n<ul>\n<li>Mart\u00edn Marichal\u00a0Ilenia Am\u00e9rica<\/li>\n<li>Mar M\u00e9ndez Obrien<\/li>\n<li>Roc\u00edo Ramos Aguilar<\/li>\n<li>Bibiana Rivero Cubas<\/li>\n<li>Carlos Rodr\u00edguez Gonz\u00e1lez<\/li>\n<li>Diego Miguel V\u00e1zquez Montes De Oca<\/li>\n<\/ul>\n<\/li>\n<\/ul>\n<\/li>\n<\/ul>\n<\/li>\n<\/ul>\n<p>[\/vc_column_text][vc_video link=\u00bbhttps:\/\/youtu.be\/kslI7e_BEO4&#8243; align=\u00bbcenter\u00bb][vc_separator color=\u00bbpurple\u00bb style=\u00bbdotted\u00bb border_width=\u00bb10&#8243; el_width=\u00bb60&#8243; css=\u00bb.vc_custom_1688549494789{padding-top: 15px !important;padding-bottom: 25px !important;}\u00bb][vc_btn title=\u00bbDescargar ficha did\u00e1ctica\u00bb style=\u00bbgradient\u00bb gradient_color_2=\u00bbviolet\u00bb size=\u00bblg\u00bb align=\u00bbcenter\u00bb button_block=\u00bbtrue\u00bb link=\u00bburl:https%3A%2F%2Fdrive.google.com%2Ffile%2Fd%2F1K2447S00A7uydJbAD6uC_UJ9ZRRw4pD0%2Fview%3Fusp%3Ddrive_link|target:_blank\u00bb][\/vc_tta_section][\/vc_tta_accordion][\/vc_column][\/vc_row][vc_row][vc_column][vc_empty_space height=\u00bb150px\u00bb][\/vc_column][\/vc_row]<\/p>\n","protected":false},"excerpt":{"rendered":"<p>[vc_row content_placement=\u00bbmiddle\u00bb][vc_column width=\u00bb1\/2&#8243;][vc_row_inner][vc_column_inner][vc_column_text] EL cuerpo humano Este material ha sido elaborado por los estudiantes durante el curso acad\u00e9mico 2022-2023, utilizando libros de texto de la Biblioteca de la Facultad de Educaci\u00f3n y recursos did\u00e1cticos especializados para la ense\u00f1anza de contenidos en el nivel de Educaci\u00f3n Primaria. Los estudiantes han trabajado el tema del cuerpo humano&#8230;<\/p>\n","protected":false},"author":17,"featured_media":0,"parent":233,"menu_order":0,"comment_status":"closed","ping_status":"closed","template":"templates\/template-small-hero.php","meta":[],"acf":[],"_links":{"self":[{"href":"https:\/\/www.ull.es\/departamentos\/didacticas-especificas\/wp-json\/wp\/v2\/pages\/304"}],"collection":[{"href":"https:\/\/www.ull.es\/departamentos\/didacticas-especificas\/wp-json\/wp\/v2\/pages"}],"about":[{"href":"https:\/\/www.ull.es\/departamentos\/didacticas-especificas\/wp-json\/wp\/v2\/types\/page"}],"author":[{"embeddable":true,"href":"https:\/\/www.ull.es\/departamentos\/didacticas-especificas\/wp-json\/wp\/v2\/users\/17"}],"replies":[{"embeddable":true,"href":"https:\/\/www.ull.es\/departamentos\/didacticas-especificas\/wp-json\/wp\/v2\/comments?post=304"}],"version-history":[{"count":21,"href":"https:\/\/www.ull.es\/departamentos\/didacticas-especificas\/wp-json\/wp\/v2\/pages\/304\/revisions"}],"predecessor-version":[{"id":372,"href":"https:\/\/www.ull.es\/departamentos\/didacticas-especificas\/wp-json\/wp\/v2\/pages\/304\/revisions\/372"}],"up":[{"embeddable":true,"href":"https:\/\/www.ull.es\/departamentos\/didacticas-especificas\/wp-json\/wp\/v2\/pages\/233"}],"wp:attachment":[{"href":"https:\/\/www.ull.es\/departamentos\/didacticas-especificas\/wp-json\/wp\/v2\/media?parent=304"}],"curies":[{"name":"wp","href":"https:\/\/api.w.org\/{rel}","templated":true}]}}