{"id":307,"date":"2024-10-04T07:23:11","date_gmt":"2024-10-04T07:23:11","guid":{"rendered":"https:\/\/www.ull.es\/departamentos\/didacticas-especificas\/?page_id=307"},"modified":"2025-07-21T08:33:51","modified_gmt":"2025-07-21T08:33:51","slug":"el-metodo-cientifico","status":"publish","type":"page","link":"https:\/\/www.ull.es\/departamentos\/didacticas-especificas\/recursos-educativos\/area-de-la-didactica-de-las-ciencias-experimentales\/el-metodo-cientifico\/","title":{"rendered":"El m\u00e9todo cient\u00edfico"},"content":{"rendered":"<p>[vc_row][vc_column width=\u00bb1\/2&#8243;][vc_column_text]<\/p>\n<h2><span style=\"font-weight: 400;\">EL <b>m\u00e9todo cient\u00edfico<\/b><\/span><\/h2>\n<p>Este material ha sido elaborado por los estudiantes de la asignatura de \u00abDid\u00e1ctica de las Ciencias para Educaci\u00f3n Primaria\u00bb durante el curso acad\u00e9mico 2023-2024 a partir de una investigaci\u00f3n propia y recursos did\u00e1cticos especializados para la ense\u00f1anza de saberes y competencias en la etapa de Educaci\u00f3n Primaria. Los v\u00eddeos tratan de la aplicaci\u00f3n del m\u00e9todo cient\u00edfico a la investigaci\u00f3n de un cultivo de jud\u00edas para estudiantes de Educaci\u00f3n Primaria, aunque podr\u00eda ser utilizado en parte para estudiantes de Educaci\u00f3n Secundaria.<\/p>\n<p>Para llevarlo a cabo se han adaptado los diferentes pasos del m\u00e9todo cient\u00edfico: preguntas, formulaci\u00f3n de hip\u00f3tesis, realizaci\u00f3n de experimentos, observaci\u00f3n de resultados y elaboraci\u00f3n de conclusiones, etc. a la investigaci\u00f3n realizada por el alumnado y futuros docentes de Educaci\u00f3n Primaria. Este proceso se llev\u00f3 a cabo tanto individualmente como en grupos colaborativos, asegurando que el aprendizaje cumpliera con los est\u00e1ndares curriculares y los contenidos clave establecidos para esta etapa educativa.<\/p>\n<h3>V\u00eddeos did\u00e1cticos<\/h3>\n<p>[\/vc_column_text][\/vc_column][vc_column width=\u00bb1\/2&#8243;][vc_single_image image=\u00bb325&#8243; img_size=\u00bb500&#215;500&#8243;][\/vc_column][\/vc_row][vc_row][vc_column][vc_tta_accordion style=\u00bbflat\u00bb color=\u00bbviolet\u00bb active_section=\u00bb0&#8243; no_fill=\u00bbtrue\u00bb collapsible_all=\u00bbtrue\u00bb][vc_tta_section title=\u00bbEl m\u00e9todo cient\u00edfico\u00bb tab_id=\u00bb1728041658833-42881ed5-77ae\u00bb][vc_column_text]<\/p>\n<h2>El m\u00e9todo cient\u00edfico<\/h2>\n<p>Los estudiantes de Did\u00e1ctica de las Ciencias Experimentales explican de forma did\u00e1ctica los contenidos m\u00e1s relevantes del m\u00e9todo cient\u00edfico para la etapa de Educaci\u00f3n Primaria en el caso pr\u00e1ctico del crecimiento de una jud\u00eda.<\/p>\n<ul>\n<li>Sof\u00eda Labrador Padilla.<\/li>\n<\/ul>\n<p>[\/vc_column_text][vc_video link=\u00bbhttps:\/\/youtu.be\/WPLeDnCNupc\u00bb align=\u00bbcenter\u00bb][\/vc_tta_section][vc_tta_section title=\u00bbElaboraci\u00f3n de un informe cient\u00edfico\u00bb tab_id=\u00bbinforme-cientifico\u00bb][vc_column_text]<\/p>\n<h2>Elaboraci\u00f3n de un informe cient\u00edfico<\/h2>\n<p>Los recursos audiovisuales elaborados por los estudiantes de la asignatura de \u00abDid\u00e1ctica de las Ciencias para Educaci\u00f3n Primaria\u00bb muestran, de forma did\u00e1ctica, los pasos necesarios para elaborar un informe cient\u00edfico a partir de un experimento sobre el crecimiento de plantas leguminosas. La realizaci\u00f3n de este tipo de investigaciones y la posterior redacci\u00f3n de informes cient\u00edficos permite al alumnado adquirir la competencia cient\u00edfica necesaria para llevar a cabo la transposici\u00f3n did\u00e1ctica de estos saberes, con el fin de poder ense\u00f1arlos de manera adecuada en el contexto de la Educaci\u00f3n Primaria. A trav\u00e9s de esta experiencia pr\u00e1ctica, se fomenta el desarrollo de habilidades como la observaci\u00f3n rigurosa, el an\u00e1lisis de resultados y la comunicaci\u00f3n cient\u00edfica, esenciales para su futura labor docente. En este apartado se presentan recursos para ayudar a elaborar estos informes.<\/p>\n<ul>\n<li>Chiara Borioni Luca<\/li>\n<\/ul>\n<p>[\/vc_column_text][vc_video link=\u00bbhttps:\/\/youtu.be\/KMPz6uclN44?si=mc2UPfsQv0FVaNyS\u00bb align=\u00bbcenter\u00bb][\/vc_tta_section][\/vc_tta_accordion][\/vc_column][\/vc_row][vc_row][vc_column][vc_empty_space height=\u00bb150px\u00bb][\/vc_column][\/vc_row]<\/p>\n","protected":false},"excerpt":{"rendered":"<p>[vc_row][vc_column width=\u00bb1\/2&#8243;][vc_column_text] EL m\u00e9todo cient\u00edfico Este material ha sido elaborado por los estudiantes de la asignatura de \u00abDid\u00e1ctica de las Ciencias para Educaci\u00f3n Primaria\u00bb durante el curso acad\u00e9mico 2023-2024 a partir de una investigaci\u00f3n propia y recursos did\u00e1cticos especializados para la ense\u00f1anza de saberes y competencias en la etapa de Educaci\u00f3n Primaria. Los v\u00eddeos tratan&#8230;<\/p>\n","protected":false},"author":17,"featured_media":0,"parent":233,"menu_order":0,"comment_status":"closed","ping_status":"closed","template":"templates\/template-small-hero.php","meta":[],"acf":[],"_links":{"self":[{"href":"https:\/\/www.ull.es\/departamentos\/didacticas-especificas\/wp-json\/wp\/v2\/pages\/307"}],"collection":[{"href":"https:\/\/www.ull.es\/departamentos\/didacticas-especificas\/wp-json\/wp\/v2\/pages"}],"about":[{"href":"https:\/\/www.ull.es\/departamentos\/didacticas-especificas\/wp-json\/wp\/v2\/types\/page"}],"author":[{"embeddable":true,"href":"https:\/\/www.ull.es\/departamentos\/didacticas-especificas\/wp-json\/wp\/v2\/users\/17"}],"replies":[{"embeddable":true,"href":"https:\/\/www.ull.es\/departamentos\/didacticas-especificas\/wp-json\/wp\/v2\/comments?post=307"}],"version-history":[{"count":13,"href":"https:\/\/www.ull.es\/departamentos\/didacticas-especificas\/wp-json\/wp\/v2\/pages\/307\/revisions"}],"predecessor-version":[{"id":382,"href":"https:\/\/www.ull.es\/departamentos\/didacticas-especificas\/wp-json\/wp\/v2\/pages\/307\/revisions\/382"}],"up":[{"embeddable":true,"href":"https:\/\/www.ull.es\/departamentos\/didacticas-especificas\/wp-json\/wp\/v2\/pages\/233"}],"wp:attachment":[{"href":"https:\/\/www.ull.es\/departamentos\/didacticas-especificas\/wp-json\/wp\/v2\/media?parent=307"}],"curies":[{"name":"wp","href":"https:\/\/api.w.org\/{rel}","templated":true}]}}