{"id":310,"date":"2024-10-04T07:24:56","date_gmt":"2024-10-04T07:24:56","guid":{"rendered":"https:\/\/www.ull.es\/departamentos\/didacticas-especificas\/?page_id=310"},"modified":"2024-10-10T12:11:09","modified_gmt":"2024-10-10T12:11:09","slug":"biodiversidad-y-ecosistemas","status":"publish","type":"page","link":"https:\/\/www.ull.es\/departamentos\/didacticas-especificas\/recursos-educativos\/area-de-la-didactica-de-las-ciencias-experimentales\/biodiversidad-y-ecosistemas\/","title":{"rendered":"Biodiversidad y ecosistemas"},"content":{"rendered":"<p>[vc_row][vc_column][\/vc_column][\/vc_row][vc_row content_placement=\u00bbmiddle\u00bb][vc_column][vc_empty_space height=\u00bb40px\u00bb][\/vc_column][vc_column width=\u00bb1\/2&#8243;][vc_column_text]<\/p>\n<h2><span style=\"font-weight: 400;\">BIODIVERSIDAD <b>y Ecosistemas<\/b><\/span><\/h2>\n<p style=\"text-align: left;\">La ense\u00f1anza de la biodiversidad y los ecosistemas naturales en la etapa de Educaci\u00f3n Primaria y Secundaria es esencial para fomentar una conciencia ambiental desde edades tempranas. Este conocimiento, vinculado a la Educaci\u00f3n para la Sostenibilidad, permite a los estudiantes comprender la importancia de preservar el equilibrio natural, reconocer la interdependencia entre los seres vivos y su entorno, y desarrollar un sentido de responsabilidad hacia la protecci\u00f3n del planeta.<\/p>\n<p style=\"text-align: left;\">En el caso particular de Canarias, su biodiversidad y ecosistemas son \u00fanicos en el mundo debido a su car\u00e1cter volc\u00e1nico insular y su aislamiento geogr\u00e1fico. Esto ha permitido el desarrollo de especies end\u00e9micas y h\u00e1bitats \u00fanicos que requieren especial protecci\u00f3n. Para educar y formar a la sociedad del siglo XXI, es necesario integrar la sostenibilidad en los curr\u00edculos acad\u00e9micos de todas las etapas educativas.<\/p>\n<p style=\"text-align: left;\">La LOMLOE, en su curr\u00edculo del \u00e1rea de Conocimiento del Medio Natural, Social y Cultural, pone \u00e9nfasis en la educaci\u00f3n sobre los ecosistemas canarios, destacando la necesidad de preservar nuestro patrimonio natural. De esta manera, los estudiantes no solo aprenden sobre la biodiversidad en general, sino que tambi\u00e9n desarrollan un profundo respeto por el medio ambiente que les rodea. As\u00ed, contribuyen al cuidado de su entorno y se convierten en agentes de cambio, promoviendo acciones y valores que apoyan un futuro sostenible.<\/p>\n<p>[\/vc_column_text][\/vc_column][vc_column width=\u00bb1\/2&#8243;][vc_single_image image=\u00bb235&#8243; img_size=\u00bb500&#215;500&#8243; alignment=\u00bbcenter\u00bb][\/vc_column][vc_column][vc_empty_space height=\u00bb40px\u00bb][\/vc_column][\/vc_row][vc_row][vc_column width=\u00bb1\/2&#8243;][vc_btn title=\u00bbCuaderno de exploraci\u00f3n de la Biodiversidad\u00bb style=\u00bbcustom\u00bb custom_background=\u00bb#5c068c\u00bb custom_text=\u00bb#ffffff\u00bb align=\u00bbleft\u00bb link=\u00bburl:https%3A%2F%2Fdrive.google.com%2Ffile%2Fd%2F138dzMECIXXlMSK7NjKWvzViWHo2eHc3N%2Fview%3Fusp%3Dsharing|target:_blank\u00bb][vc_empty_space height=\u00bb20px\u00bb][vc_single_image image=\u00bb377&#8243; img_size=\u00bbfull\u00bb][\/vc_column][vc_column width=\u00bb1\/2&#8243;][vc_empty_space height=\u00bb80px\u00bb][vc_column_text]En este cuaderno de la Biodiversidad Canaria se plantea un juego did\u00e1ctico dise\u00f1ado para jugar en el Jard\u00edn Canario de la Universidad de La Laguna.<\/p>\n<p>En \u00e9l se han reunido los conocimientos de expertos Bi\u00f3logos (en flora y fauna canaria), Did\u00e1ctica de las Ciencias, Ciencias Ambientales y Dise\u00f1o Gr\u00e1fico. El cuaderno incluye el mapa del Jard\u00edn Canario del campus universitario y propone una serie de retos para el jugador. Siguiendo una ruta libre, el jugador puede recorrer los distintos pisos de vegetaci\u00f3n de la isla de Tenerife, aprendiendo sobre la Biodiversidad Canaria a trav\u00e9s de las explicaciones del cuaderno, mientras supera los desaf\u00edos de esta ruta did\u00e1ctica aut\u00f3noma para convertirse en explorador o exploradora de la Biodiversidad Canaria.[\/vc_column_text][\/vc_column][\/vc_row][vc_row][vc_column][\/vc_column][\/vc_row]<\/p>\n","protected":false},"excerpt":{"rendered":"<p>[vc_row][vc_column][\/vc_column][\/vc_row][vc_row content_placement=\u00bbmiddle\u00bb][vc_column][vc_empty_space height=\u00bb40px\u00bb][\/vc_column][vc_column width=\u00bb1\/2&#8243;][vc_column_text] BIODIVERSIDAD y Ecosistemas La ense\u00f1anza de la biodiversidad y los ecosistemas naturales en la etapa de Educaci\u00f3n Primaria y Secundaria es esencial para fomentar una conciencia ambiental desde edades tempranas. Este conocimiento, vinculado a la Educaci\u00f3n para la Sostenibilidad, permite a los estudiantes comprender la importancia de preservar el equilibrio natural,&#8230;<\/p>\n","protected":false},"author":17,"featured_media":0,"parent":233,"menu_order":0,"comment_status":"closed","ping_status":"closed","template":"templates\/template-small-hero.php","meta":[],"acf":[],"_links":{"self":[{"href":"https:\/\/www.ull.es\/departamentos\/didacticas-especificas\/wp-json\/wp\/v2\/pages\/310"}],"collection":[{"href":"https:\/\/www.ull.es\/departamentos\/didacticas-especificas\/wp-json\/wp\/v2\/pages"}],"about":[{"href":"https:\/\/www.ull.es\/departamentos\/didacticas-especificas\/wp-json\/wp\/v2\/types\/page"}],"author":[{"embeddable":true,"href":"https:\/\/www.ull.es\/departamentos\/didacticas-especificas\/wp-json\/wp\/v2\/users\/17"}],"replies":[{"embeddable":true,"href":"https:\/\/www.ull.es\/departamentos\/didacticas-especificas\/wp-json\/wp\/v2\/comments?post=310"}],"version-history":[{"count":13,"href":"https:\/\/www.ull.es\/departamentos\/didacticas-especificas\/wp-json\/wp\/v2\/pages\/310\/revisions"}],"predecessor-version":[{"id":380,"href":"https:\/\/www.ull.es\/departamentos\/didacticas-especificas\/wp-json\/wp\/v2\/pages\/310\/revisions\/380"}],"up":[{"embeddable":true,"href":"https:\/\/www.ull.es\/departamentos\/didacticas-especificas\/wp-json\/wp\/v2\/pages\/233"}],"wp:attachment":[{"href":"https:\/\/www.ull.es\/departamentos\/didacticas-especificas\/wp-json\/wp\/v2\/media?parent=310"}],"curies":[{"name":"wp","href":"https:\/\/api.w.org\/{rel}","templated":true}]}}