{"id":16,"date":"2017-05-11T12:57:04","date_gmt":"2017-05-11T12:57:04","guid":{"rendered":"http:\/\/www.ull.es\/departamentos\/ingenieria-informatica-sistemas\/?page_id=16"},"modified":"2017-09-06T12:00:03","modified_gmt":"2017-09-06T12:00:03","slug":"personal","status":"publish","type":"page","link":"https:\/\/www.ull.es\/departamentos\/direccion-de-empresas-e-historia-economica\/personal\/","title":{"rendered":"Personal"},"content":{"rendered":"<p>[vc_row css=\u00bb.vc_custom_1497445297003{margin-bottom: 20px !important;}\u00bb][vc_column][vc_column_text]<\/p>\n<h1>Personal<\/h1>\n<p>[\/vc_column_text][\/vc_column][\/vc_row][vc_row][vc_column][vc_column_text]\n<link rel=\"stylesheet\" href=\"https:\/\/cdn.datatables.net\/1.10.15\/css\/dataTables.bootstrap.min.css\">\n<script src=\"https:\/\/cdn.datatables.net\/1.10.15\/js\/jquery.dataTables.min.js\"><\/script>\n<script src=\"https:\/\/cdn.datatables.net\/1.10.15\/js\/dataTables.bootstrap.min.js\"><\/script>\n<script src=\"https:\/\/cdn.datatables.net\/plug-ins\/1.10.21\/sorting\/chinese-string.js\"><\/script>\n\n<style>\n\n    #personal {\n        font-size: 13px;\n    }\n\n    .row.tabla{\n        margin-bottom: 20px !important;\n        margin-top: 20px !important;\n        font-size: 14px;\n    }\n\n    div.toolbar{\n        \/*text-align: center;*\/\n    }\n\n    .input-sm {\n        font-size: 16px;\n        \/* max-width: 200px;*\/\n    }\n\n    div.toolbar select{\n        margin: 0 10px;\n    }\n\n    table.dataTable thead .sorting:after {\n        opacity: 0.2;\n        content: \"\\f0ec\";\n        -webkit-transform: rotate(90deg);\n        -moz-transform: rotate(90deg);\n        -o-transform: rotate(90deg);\n        -ms-transform: rotate(90deg);\n        transform: rotate(90deg);\n    }\n\n    table.dataTable thead .sorting_asc:after {\n        content: \"\\f160\";\n    }\n    table.dataTable thead .sorting_desc:after {\n        content: \"\\f161 \";\n    }\n    table.dataTable thead .sorting:after, table.dataTable thead .sorting_asc:after, table.dataTable thead .sorting_desc:after, table.dataTable thead .sorting_asc_disabled:after, table.dataTable thead .sorting_desc_disabled:after {\n        font-family: 'FontAwesome';\n    }\n\n    .btn-directorio {\n        font-size: 13px;\n        text-align: center;\n        display: block;\n    }\n\n<\/style>\n\n<div class=\"table-responsive\">\n    <table id=\"personal\" class=\"table table-bordered table-condensed table-hover\" cellspacing=\"0\" width=\"100%\"  data-page-length=\"25\">\n        <thead>\n        <tr>\n            <th>Apellidos<\/th>\n            <th>Nombre<\/th>\n            <th>Email<\/th>\n            <th>\u00c1rea<\/th>\n            <th>Categor\u00eda<\/th>\n            <th>Rol<\/th>\n            <th>Info.<\/th>\n        <\/tr>\n        <\/thead>\n\n        <tbody>\n        <tr><td>Baute D\u00edaz<\/td><td>Nisamar<\/td><td><a href=mailto:nbautedi@ull.es>nbautedi@ull.es<\/a><\/td><td>Comercializaci\u00f3n e Investigaci\u00f3n de Mercados<\/td><td>Profesor Ayudante Doctor<\/td><td>PDI<\/td><td><a class='btn-directorio' href='https:\/\/www.ull.es\/directorio\/search\/?busqueda=Nisamar Baute D\u00edaz' target='_blank'><i class='fa fa-search-plus'><\/i><\/a><\/td><\/tr><tr><td>Calder\u00f3n Fajardo<\/td><td>V\u00edctor<\/td><td><a href=mailto:vcaldero@ull.es>vcaldero@ull.es<\/a><\/td><td>Comercializaci\u00f3n e Investigaci\u00f3n de Mercados<\/td><td>Profesor Ayudante Doctor<\/td><td>PDI<\/td><td><a class='btn-directorio' href='https:\/\/www.ull.es\/directorio\/search\/?busqueda=V\u00edctor Calder\u00f3n Fajardo' target='_blank'><i class='fa fa-search-plus'><\/i><\/a><\/td><\/tr><tr><td>David Negre<\/td><td>Tatiana<\/td><td><a href=mailto:tdavidne@ull.es>tdavidne@ull.es<\/a><\/td><td>Comercializaci\u00f3n e Investigaci\u00f3n de Mercados<\/td><td>Profesor Ayudante Doctor<\/td><td>PDI<\/td><td><a class='btn-directorio' href='https:\/\/www.ull.es\/directorio\/search\/?busqueda=Tatiana David Negre' target='_blank'><i class='fa fa-search-plus'><\/i><\/a><\/td><\/tr><tr><td>D\u00edaz Armas<\/td><td>Ricardo Jes\u00fas<\/td><td><a href=mailto:rjdiaz@ull.es>rjdiaz@ull.es<\/a><\/td><td>Comercializaci\u00f3n e Investigaci\u00f3n de Mercados<\/td><td>Catedratico de Universidad<\/td><td>PDI<\/td><td><a class='btn-directorio' href='https:\/\/www.ull.es\/directorio\/search\/?busqueda=Ricardo Jes\u00fas D\u00edaz Armas' target='_blank'><i class='fa fa-search-plus'><\/i><\/a><\/td><\/tr><tr><td>Gonz\u00e1lez Rodr\u00edguez<\/td><td>Amanda Candelaria<\/td><td><a href=mailto:agorodri@ull.es>agorodri@ull.es<\/a><\/td><td>Comercializaci\u00f3n e Investigaci\u00f3n de Mercados<\/td><td>Investigador<\/td><td>INV<\/td><td><a class='btn-directorio' href='https:\/\/www.ull.es\/directorio\/search\/?busqueda=Amanda Candelaria Gonz\u00e1lez Rodr\u00edguez' target='_blank'><i class='fa fa-search-plus'><\/i><\/a><\/td><\/tr><tr><td>Guti\u00e9rrez Ta\u00f1o<\/td><td>Desiderio<\/td><td><a href=mailto:dgtano@ull.es>dgtano@ull.es<\/a><\/td><td>Comercializaci\u00f3n e Investigaci\u00f3n de Mercados<\/td><td>Catedratico de Universidad<\/td><td>PDI<\/td><td><a class='btn-directorio' href='https:\/\/www.ull.es\/directorio\/search\/?busqueda=Desiderio Guti\u00e9rrez Ta\u00f1o' target='_blank'><i class='fa fa-search-plus'><\/i><\/a><\/td><\/tr><tr><td>Hern\u00e1ndez M\u00e9ndez<\/td><td>Janet<\/td><td><a href=mailto:jhernmen@ull.es>jhernmen@ull.es<\/a><\/td><td>Comercializaci\u00f3n e Investigaci\u00f3n de Mercados<\/td><td>Profesor Contratado Doctor (1)<\/td><td>PDI<\/td><td><a class='btn-directorio' href='https:\/\/www.ull.es\/directorio\/search\/?busqueda=Janet Hern\u00e1ndez M\u00e9ndez' target='_blank'><i class='fa fa-search-plus'><\/i><\/a><\/td><\/tr><tr><td>Jim\u00e9nez Barreto<\/td><td>Jano<\/td><td><a href=mailto:jjimenba@ull.es>jjimenba@ull.es<\/a><\/td><td>Comercializaci\u00f3n e Investigaci\u00f3n de Mercados<\/td><td>Profesor Titular Universidad<\/td><td>PDI<\/td><td><a class='btn-directorio' href='https:\/\/www.ull.es\/directorio\/search\/?busqueda=Jano Jim\u00e9nez Barreto' target='_blank'><i class='fa fa-search-plus'><\/i><\/a><\/td><\/tr><tr><td>Joukhadar Aide<\/td><td>Johan<\/td><td><a href=mailto:jjoukhad@ull.es>jjoukhad@ull.es<\/a><\/td><td>Comercializaci\u00f3n e Investigaci\u00f3n de Mercados<\/td><td>Investigador<\/td><td>INV<\/td><td><a class='btn-directorio' href='https:\/\/www.ull.es\/directorio\/search\/?busqueda=Johan Joukhadar Aide' target='_blank'><i class='fa fa-search-plus'><\/i><\/a><\/td><\/tr><tr><td>Moreno Rodr\u00edguez<\/td><td>Lucia<\/td><td><a href=mailto:lmorenor@ull.es>lmorenor@ull.es<\/a><\/td><td>Comercializaci\u00f3n e Investigaci\u00f3n de Mercados<\/td><td>Investigador<\/td><td>INV<\/td><td><a class='btn-directorio' href='https:\/\/www.ull.es\/directorio\/search\/?busqueda=Lucia Moreno Rodr\u00edguez' target='_blank'><i class='fa fa-search-plus'><\/i><\/a><\/td><\/tr><tr><td>Ramos Henr\u00edquez<\/td><td>Jos\u00e9 Manuel<\/td><td><a href=mailto:jramosh@ull.es>jramosh@ull.es<\/a><\/td><td>Comercializaci\u00f3n e Investigaci\u00f3n de Mercados<\/td><td>Profesor Contratado Doctor (1)<\/td><td>PDI<\/td><td><a class='btn-directorio' href='https:\/\/www.ull.es\/directorio\/search\/?busqueda=Jos\u00e9 Manuel Ramos Henr\u00edquez' target='_blank'><i class='fa fa-search-plus'><\/i><\/a><\/td><\/tr><tr><td>Sabina del Castillo<\/td><td>Edgar Javier<\/td><td><a href=mailto:esabinad@ull.es>esabinad@ull.es<\/a><\/td><td>Comercializaci\u00f3n e Investigaci\u00f3n de Mercados<\/td><td>Profesor Ayudante Doctor<\/td><td>PDI<\/td><td><a class='btn-directorio' href='https:\/\/www.ull.es\/directorio\/search\/?busqueda=Edgar Javier Sabina del Castillo' target='_blank'><i class='fa fa-search-plus'><\/i><\/a><\/td><\/tr><tr><td>Torres D\u00edaz<\/td><td>N\u00e9stor<\/td><td><a href=mailto:ntorredi@ull.es>ntorredi@ull.es<\/a><\/td><td>Comercializaci\u00f3n e Investigaci\u00f3n de Mercados<\/td><td>Investigador<\/td><td>INV<\/td><td><a class='btn-directorio' href='https:\/\/www.ull.es\/directorio\/search\/?busqueda=N\u00e9stor Torres D\u00edaz' target='_blank'><i class='fa fa-search-plus'><\/i><\/a><\/td><\/tr><tr><td>Aguirre Elvira<\/td><td>Diego<\/td><td><a href=mailto:daguirre@ull.es>daguirre@ull.es<\/a><\/td><td>Historia e Instituciones Eon\u00f3micas<\/td><td>Pers. Inv. en form. FPI\/FPU PREDOCTORAL<\/td><td>INV<\/td><td><a class='btn-directorio' href='https:\/\/www.ull.es\/directorio\/search\/?busqueda=Diego Aguirre Elvira' target='_blank'><i class='fa fa-search-plus'><\/i><\/a><\/td><\/tr><tr><td>Cabrera Armas<\/td><td>Luis Gabriel<\/td><td><a href=mailto:lcabrera@ull.es>lcabrera@ull.es<\/a><\/td><td>Historia e Instituciones Eon\u00f3micas<\/td><td>Profesor Titular Escuela Univ.<\/td><td>PDI<\/td><td><a class='btn-directorio' href='https:\/\/www.ull.es\/directorio\/search\/?busqueda=Luis Gabriel Cabrera Armas' target='_blank'><i class='fa fa-search-plus'><\/i><\/a><\/td><\/tr><tr><td>Mart\u00edn Gonz\u00e1lez<\/td><td>Carlos Mart\u00edn<\/td><td><a href=mailto:cmartigo@ull.es>cmartigo@ull.es<\/a><\/td><td>Historia e Instituciones Eon\u00f3micas<\/td><td>Profesor Ayudante Doctor<\/td><td>PDI<\/td><td><a class='btn-directorio' href='https:\/\/www.ull.es\/directorio\/search\/?busqueda=Carlos Mart\u00edn Mart\u00edn Gonz\u00e1lez' target='_blank'><i class='fa fa-search-plus'><\/i><\/a><\/td><\/tr><tr><td>P\u00e9rez Hern\u00e1ndez<\/td><td>Concepci\u00f3n Mar\u00eda \u00c1ngeles<\/td><td><a href=mailto:caperez@ull.es>caperez@ull.es<\/a><\/td><td>Historia e Instituciones Eon\u00f3micas<\/td><td>Profesor Contratado Doctor (1)<\/td><td>PDI<\/td><td><a class='btn-directorio' href='https:\/\/www.ull.es\/directorio\/search\/?busqueda=Concepci\u00f3n Mar\u00eda \u00c1ngeles P\u00e9rez Hern\u00e1ndez' target='_blank'><i class='fa fa-search-plus'><\/i><\/a><\/td><\/tr><tr><td>Rom\u00e1n Cervantes<\/td><td>C\u00e1ndido Antonio<\/td><td><a href=mailto:croman@ull.es>croman@ull.es<\/a><\/td><td>Historia e Instituciones Eon\u00f3micas<\/td><td>Profesor Titular Universidad<\/td><td>PDI<\/td><td><a class='btn-directorio' href='https:\/\/www.ull.es\/directorio\/search\/?busqueda=C\u00e1ndido Antonio Rom\u00e1n Cervantes' target='_blank'><i class='fa fa-search-plus'><\/i><\/a><\/td><\/tr><tr><td>Talamante P\u00e9rez<\/td><td>Manuel<\/td><td><a href=mailto:mtalaman@ull.es>mtalaman@ull.es<\/a><\/td><td>Historia e Instituciones Eon\u00f3micas<\/td><td>Profesor Contratado Doctor (1)<\/td><td>PDI<\/td><td><a class='btn-directorio' href='https:\/\/www.ull.es\/directorio\/search\/?busqueda=Manuel Talamante P\u00e9rez' target='_blank'><i class='fa fa-search-plus'><\/i><\/a><\/td><\/tr><tr><td>Acosta Rubio<\/td><td>Zamira del Rosario<\/td><td><a href=mailto:zacosta@ull.es>zacosta@ull.es<\/a><\/td><td>Organizaci\u00f3n de Empresas<\/td><td>Profesor Contratado Doctor (1)<\/td><td>PDI<\/td><td><a class='btn-directorio' href='https:\/\/www.ull.es\/directorio\/search\/?busqueda=Zamira del Rosario Acosta Rubio' target='_blank'><i class='fa fa-search-plus'><\/i><\/a><\/td><\/tr><tr><td>Arbelo \u00c1lvarez<\/td><td>Antonio Manuel<\/td><td><a href=mailto:aarbelo@ull.es>aarbelo@ull.es<\/a><\/td><td>Organizaci\u00f3n de Empresas<\/td><td>Catedratico de Universidad<\/td><td>PDI<\/td><td><a class='btn-directorio' href='https:\/\/www.ull.es\/directorio\/search\/?busqueda=Antonio Manuel Arbelo \u00c1lvarez' target='_blank'><i class='fa fa-search-plus'><\/i><\/a><\/td><\/tr><tr><td>Arbelo P\u00e9rez<\/td><td>Marta<\/td><td><a href=mailto:marbelpe@ull.es>marbelpe@ull.es<\/a><\/td><td>Organizaci\u00f3n de Empresas<\/td><td>Profesor Titular Universidad<\/td><td>PDI<\/td><td><a class='btn-directorio' href='https:\/\/www.ull.es\/directorio\/search\/?busqueda=Marta Arbelo P\u00e9rez' target='_blank'><i class='fa fa-search-plus'><\/i><\/a><\/td><\/tr><tr><td>Armas Cruz<\/td><td>Yaiza del Mar<\/td><td><a href=mailto:yarmas@ull.es>yarmas@ull.es<\/a><\/td><td>Organizaci\u00f3n de Empresas<\/td><td>Profesor Titular Universidad<\/td><td>PDI<\/td><td><a class='btn-directorio' href='https:\/\/www.ull.es\/directorio\/search\/?busqueda=Yaiza del Mar Armas Cruz' target='_blank'><i class='fa fa-search-plus'><\/i><\/a><\/td><\/tr><tr><td>Barroso Castillo<\/td><td>Santiago Manuel<\/td><td><a href=mailto:sbarroso@ull.es>sbarroso@ull.es<\/a><\/td><td>Organizaci\u00f3n de Empresas<\/td><td>Profesor Sustituto<\/td><td>PDI<\/td><td><a class='btn-directorio' href='https:\/\/www.ull.es\/directorio\/search\/?busqueda=Santiago Manuel Barroso Castillo' target='_blank'><i class='fa fa-search-plus'><\/i><\/a><\/td><\/tr><tr><td>Chinea Mart\u00edn<\/td><td>\u00c1ngel Carmelo<\/td><td><a href=mailto:achinea@ull.es>achinea@ull.es<\/a><\/td><td>Organizaci\u00f3n de Empresas<\/td><td>Profesor Titular Universidad<\/td><td>PDI<\/td><td><a class='btn-directorio' href='https:\/\/www.ull.es\/directorio\/search\/?busqueda=\u00c1ngel Carmelo Chinea Mart\u00edn' target='_blank'><i class='fa fa-search-plus'><\/i><\/a><\/td><\/tr><tr><td>de Le\u00f3n Poleo<\/td><td>Basilio Dami\u00e1n<\/td><td><a href=mailto:bleonpol@ull.es>bleonpol@ull.es<\/a><\/td><td>Organizaci\u00f3n de Empresas<\/td><td>Profesor Sustituto<\/td><td>PDI<\/td><td><a class='btn-directorio' href='https:\/\/www.ull.es\/directorio\/search\/?busqueda=Basilio Dami\u00e1n de Le\u00f3n Poleo' target='_blank'><i class='fa fa-search-plus'><\/i><\/a><\/td><\/tr><tr><td>D\u00edaz Padilla<\/td><td>Vidina Tais<\/td><td><a href=mailto:vdiazpad@ull.es>vdiazpad@ull.es<\/a><\/td><td>Organizaci\u00f3n de Empresas<\/td><td>Profesor Ayudante Doctor<\/td><td>PDI<\/td><td><a class='btn-directorio' href='https:\/\/www.ull.es\/directorio\/search\/?busqueda=Vidina Tais D\u00edaz Padilla' target='_blank'><i class='fa fa-search-plus'><\/i><\/a><\/td><\/tr><tr><td>Febles Acosta<\/td><td>Jaime<\/td><td><a href=mailto:jfebles@ull.es>jfebles@ull.es<\/a><\/td><td>Organizaci\u00f3n de Empresas<\/td><td>Profesor Titular Universidad<\/td><td>PDI<\/td><td><a class='btn-directorio' href='https:\/\/www.ull.es\/directorio\/search\/?busqueda=Jaime Febles Acosta' target='_blank'><i class='fa fa-search-plus'><\/i><\/a><\/td><\/tr><tr><td>Garc\u00eda P\u00e9rez<\/td><td>Ana Mar\u00eda<\/td><td><a href=mailto:angape@ull.es>angape@ull.es<\/a><\/td><td>Organizaci\u00f3n de Empresas<\/td><td>Profesor Titular Universidad<\/td><td>PDI<\/td><td><a class='btn-directorio' href='https:\/\/www.ull.es\/directorio\/search\/?busqueda=Ana Mar\u00eda Garc\u00eda P\u00e9rez' target='_blank'><i class='fa fa-search-plus'><\/i><\/a><\/td><\/tr><tr><td>Garc\u00eda Rodr\u00edguez<\/td><td>Francisco Javier<\/td><td><a href=mailto:fgarciar@ull.es>fgarciar@ull.es<\/a><\/td><td>Organizaci\u00f3n de Empresas<\/td><td>Catedratico de Universidad<\/td><td>PDI<\/td><td><a class='btn-directorio' href='https:\/\/www.ull.es\/directorio\/search\/?busqueda=Francisco Javier Garc\u00eda Rodr\u00edguez' target='_blank'><i class='fa fa-search-plus'><\/i><\/a><\/td><\/tr><tr><td>Gil Soto<\/td><td>Mar\u00eda Esperanza<\/td><td><a href=mailto:egilsoto@ull.es>egilsoto@ull.es<\/a><\/td><td>Organizaci\u00f3n de Empresas<\/td><td>Profesor Titular Universidad<\/td><td>PDI<\/td><td><a class='btn-directorio' href='https:\/\/www.ull.es\/directorio\/search\/?busqueda=Mar\u00eda Esperanza Gil Soto' target='_blank'><i class='fa fa-search-plus'><\/i><\/a><\/td><\/tr><tr><td>Gonz\u00e1lez Aponcio<\/td><td>Zenona Eutropia<\/td><td><a href=mailto:zaponcio@ull.es>zaponcio@ull.es<\/a><\/td><td>Organizaci\u00f3n de Empresas<\/td><td>Profesor Titular Universidad<\/td><td>PDI<\/td><td><a class='btn-directorio' href='https:\/\/www.ull.es\/directorio\/search\/?busqueda=Zenona Eutropia Gonz\u00e1lez Aponcio' target='_blank'><i class='fa fa-search-plus'><\/i><\/a><\/td><\/tr><tr><td>Gonz\u00e1lez de la Rosa<\/td><td>Manuel<\/td><td><a href=mailto:mgonzale@ull.es>mgonzale@ull.es<\/a><\/td><td>Organizaci\u00f3n de Empresas<\/td><td>Catedratico de Universidad<\/td><td>PDI<\/td><td><a class='btn-directorio' href='https:\/\/www.ull.es\/directorio\/search\/?busqueda=Manuel Gonz\u00e1lez de la Rosa' target='_blank'><i class='fa fa-search-plus'><\/i><\/a><\/td><\/tr><tr><td>Gonz\u00e1lez Gonz\u00e1lez<\/td><td>Tamara<\/td><td><a href=mailto:tgonzago@ull.es>tgonzago@ull.es<\/a><\/td><td>Organizaci\u00f3n de Empresas<\/td><td>Profesor Ayudante Doctor<\/td><td>PDI<\/td><td><a class='btn-directorio' href='https:\/\/www.ull.es\/directorio\/search\/?busqueda=Tamara Gonz\u00e1lez Gonz\u00e1lez' target='_blank'><i class='fa fa-search-plus'><\/i><\/a><\/td><\/tr><tr><td>Mart\u00edn Azami<\/td><td>Diana<\/td><td><a href=mailto:dimartin@ull.es>dimartin@ull.es<\/a><\/td><td>Organizaci\u00f3n de Empresas<\/td><td>Profesor Contratado Doctor (1)<\/td><td>PDI<\/td><td><a class='btn-directorio' href='https:\/\/www.ull.es\/directorio\/search\/?busqueda=Diana Mart\u00edn Azami' target='_blank'><i class='fa fa-search-plus'><\/i><\/a><\/td><\/tr><tr><td>Mart\u00ednez Gonz\u00e1lez<\/td><td>Jos\u00e9 Alberto<\/td><td><a href=mailto:jmartine@ull.es>jmartine@ull.es<\/a><\/td><td>Organizaci\u00f3n de Empresas<\/td><td>Profesor Titular Universidad<\/td><td>PDI<\/td><td><a class='btn-directorio' href='https:\/\/www.ull.es\/directorio\/search\/?busqueda=Jos\u00e9 Alberto Mart\u00ednez Gonz\u00e1lez' target='_blank'><i class='fa fa-search-plus'><\/i><\/a><\/td><\/tr><tr><td>Mendoza Jim\u00e9nez<\/td><td>Javier<\/td><td><a href=mailto:jmendozj@ull.es>jmendozj@ull.es<\/a><\/td><td>Organizaci\u00f3n de Empresas<\/td><td>Profesor Permanente Laboral<\/td><td>PDI<\/td><td><a class='btn-directorio' href='https:\/\/www.ull.es\/directorio\/search\/?busqueda=Javier Mendoza Jim\u00e9nez' target='_blank'><i class='fa fa-search-plus'><\/i><\/a><\/td><\/tr><tr><td>Moreno Perdig\u00f3n<\/td><td>Mar\u00eda del Carmen<\/td><td><a href=mailto:mcmoreno@ull.es>mcmoreno@ull.es<\/a><\/td><td>Organizaci\u00f3n de Empresas<\/td><td>Profesor Contratado Doctor (1)<\/td><td>PDI<\/td><td><a class='btn-directorio' href='https:\/\/www.ull.es\/directorio\/search\/?busqueda=Mar\u00eda del Carmen Moreno Perdig\u00f3n' target='_blank'><i class='fa fa-search-plus'><\/i><\/a><\/td><\/tr><tr><td>Parra L\u00f3pez<\/td><td>Eduardo<\/td><td><a href=mailto:eparra@ull.es>eparra@ull.es<\/a><\/td><td>Organizaci\u00f3n de Empresas<\/td><td>Catedratico de Universidad<\/td><td>PDI<\/td><td><a class='btn-directorio' href='https:\/\/www.ull.es\/directorio\/search\/?busqueda=Eduardo Parra L\u00f3pez' target='_blank'><i class='fa fa-search-plus'><\/i><\/a><\/td><\/tr><tr><td>P\u00e9rez Mart\u00edn<\/td><td>Evelio Jos\u00e9<\/td><td><a href=mailto:eperemar@ull.es>eperemar@ull.es<\/a><\/td><td>Organizaci\u00f3n de Empresas<\/td><td>Contratado Laboral de Interinidad<\/td><td>PDI<\/td><td><a class='btn-directorio' href='https:\/\/www.ull.es\/directorio\/search\/?busqueda=Evelio Jos\u00e9 P\u00e9rez Mart\u00edn' target='_blank'><i class='fa fa-search-plus'><\/i><\/a><\/td><\/tr><tr><td>Rodr\u00edguez Morales<\/td><td>Jes\u00fas C\u00e9sar<\/td><td><a href=mailto:jrodrigm@ull.es>jrodrigm@ull.es<\/a><\/td><td>Organizaci\u00f3n de Empresas<\/td><td>Profesor Sustituto<\/td><td>PDI<\/td><td><a class='btn-directorio' href='https:\/\/www.ull.es\/directorio\/search\/?busqueda=Jes\u00fas C\u00e9sar Rodr\u00edguez Morales' target='_blank'><i class='fa fa-search-plus'><\/i><\/a><\/td><\/tr><tr><td>Rodr\u00edguez Robaina<\/td><td>Carlos<\/td><td><a href=mailto:crodroba@ull.es>crodroba@ull.es<\/a><\/td><td>Organizaci\u00f3n de Empresas<\/td><td>Profesor Ayudante Doctor<\/td><td>PDI<\/td><td><a class='btn-directorio' href='https:\/\/www.ull.es\/directorio\/search\/?busqueda=Carlos Rodr\u00edguez Robaina' target='_blank'><i class='fa fa-search-plus'><\/i><\/a><\/td><\/tr><tr><td>Saavedra D\u00edaz<\/td><td>Juan Miguel<\/td><td><a href=mailto:jsaavedd@ull.es>jsaavedd@ull.es<\/a><\/td><td>Organizaci\u00f3n de Empresas<\/td><td>Contratado Laboral de Interinidad<\/td><td>PDI<\/td><td><a class='btn-directorio' href='https:\/\/www.ull.es\/directorio\/search\/?busqueda=Juan Miguel Saavedra D\u00edaz' target='_blank'><i class='fa fa-search-plus'><\/i><\/a><\/td><\/tr><tr><td>Sandulli Salda\u00f1a<\/td><td>Roberto Claudio<\/td><td><a href=mailto:rsandull@ull.es>rsandull@ull.es<\/a><\/td><td>Organizaci\u00f3n de Empresas<\/td><td>Profesor Sustituto<\/td><td>PDI<\/td><td><a class='btn-directorio' href='https:\/\/www.ull.es\/directorio\/search\/?busqueda=Roberto Claudio Sandulli Salda\u00f1a' target='_blank'><i class='fa fa-search-plus'><\/i><\/a><\/td><\/tr><tr><td>Sanfiel Fumero<\/td><td>Mar\u00eda \u00c1ngeles<\/td><td><a href=mailto:msanfiel@ull.es>msanfiel@ull.es<\/a><\/td><td>Organizaci\u00f3n de Empresas<\/td><td>Profesor Contratado Doctor (1)<\/td><td>PDI<\/td><td><a class='btn-directorio' href='https:\/\/www.ull.es\/directorio\/search\/?busqueda=Mar\u00eda \u00c1ngeles Sanfiel Fumero' target='_blank'><i class='fa fa-search-plus'><\/i><\/a><\/td><\/tr><tr><td>Santana P\u00e9rez<\/td><td>Carolina<\/td><td><a href=mailto:csantanp@ull.es>csantanp@ull.es<\/a><\/td><td>Organizaci\u00f3n de Empresas<\/td><td>Profesor Sustituto<\/td><td>PDI<\/td><td><a class='btn-directorio' href='https:\/\/www.ull.es\/directorio\/search\/?busqueda=Carolina Santana P\u00e9rez' target='_blank'><i class='fa fa-search-plus'><\/i><\/a><\/td><\/tr><tr><td>Vera Mart\u00edn<\/td><td>Violeta de<\/td><td><a href=mailto:vveramar@ull.es>vveramar@ull.es<\/a><\/td><td>Organizaci\u00f3n de Empresas<\/td><td>Profesor Ayudante Doctor<\/td><td>PDI<\/td><td><a class='btn-directorio' href='https:\/\/www.ull.es\/directorio\/search\/?busqueda=Violeta de Vera Mart\u00edn' target='_blank'><i class='fa fa-search-plus'><\/i><\/a><\/td><\/tr><tr><td>Yanes Est\u00e9vez<\/td><td>Mar\u00eda Vanessa<\/td><td><a href=mailto:vayanes@ull.es>vayanes@ull.es<\/a><\/td><td>Organizaci\u00f3n de Empresas<\/td><td>Profesor Titular Universidad<\/td><td>PDI<\/td><td><a class='btn-directorio' href='https:\/\/www.ull.es\/directorio\/search\/?busqueda=Mar\u00eda Vanessa Yanes Est\u00e9vez' target='_blank'><i class='fa fa-search-plus'><\/i><\/a><\/td><\/tr><tr><td>P\u00e9rez P\u00e9rez<\/td><td>Mar\u00eda Carolina<\/td><td><a href=mailto:carperez@ull.es>carperez@ull.es<\/a><\/td><td>Personal De Administraci\u00f3n Y Servicios<\/td><td>Administrativo<\/td><td>PAS<\/td><td><a class='btn-directorio' href='https:\/\/www.ull.es\/directorio\/search\/?busqueda=Mar\u00eda Carolina P\u00e9rez P\u00e9rez' target='_blank'><i class='fa fa-search-plus'><\/i><\/a><\/td><\/tr>        <\/tbody>\n    <\/table>\n<\/div>\n\n<script>\n\t\njQuery.extend( jQuery.fn.dataTableExt.oSort, {\n    \"chinese-string-asc\" : function (s1, s2) {\n        return s1.localeCompare(s2);\n    },\n \n    \"chinese-string-desc\" : function (s1, s2) {\n        return s2.localeCompare(s1);\n    }\n} );\n\t\n$(document).ready(function() {\n\n        $('#personal').DataTable( {\n            \"dom\": \"\" +\n            \"<'row'<'col-sm-9 toolbar'><'col-sm-3'f>>\" +\n            \"<'row tabla'<'col-sm-12'tr>>\" +\n            \"<'row'<'col-sm-5'i><'col-sm-7'p>>\"\n            ,\n            \"language\": {\n                \"url\": \"\/\/cdn.datatables.net\/plug-ins\/1.10.15\/i18n\/Spanish.json\"\n            },\n\n         columnDefs: [{ type: 'chinese-string', targets: 0 }],\n\n\n\t initComplete: function () {\n\n                this.api().columns([3]).every( function () {\n                    var column = this;\n                    var select = $('<select class=\"form-control input-sm\"><option value=\"\">Mostrar todas las \u00e1reas de conocimiento<\/option><\/select>')\n                        .appendTo( $('div.toolbar') )\n                        .on( 'change', function () {\n                            var val = $.fn.dataTable.util.escapeRegex(\n                                $(this).val()\n                            );\n\n                            column\n                                .search( val ? '^'+val+'$' : '', true, false )\n                                .draw();\n                        } );\n\n                    column.data().unique().sort().each( function ( d, j ) {\n                        select.append( '<option value=\"'+d+'\">'+d+'<\/option>' )\n                    } );\n\n                } );\n                this.api().columns([5]).every( function () {\n                    var column = this;\n                    var select = $('<select class=\"form-control input-sm\"><option value=\"\">Mostrar todos los roles<\/option><\/select>')\n                        .appendTo( $('div.toolbar') )\n                        .on( 'change', function () {\n                            var val = $.fn.dataTable.util.escapeRegex(\n                                $(this).val()\n                            );\n\n                            column\n                                .search( val ? '^'+val+'$' : '', true, false )\n                                .draw();\n                        } );\n\n                    column.data().unique().sort().each( function ( d, j ) {\n                        select.append( '<option value=\"'+d+'\">'+d+'<\/option>' )\n                    } );\n                } );\n            }\n        } );\n\n    } );\n<\/script>\n[\/vc_column_text][\/vc_column][\/vc_row]<\/p>\n","protected":false},"excerpt":{"rendered":"<p>[vc_row css=\u00bb.vc_custom_1497445297003{margin-bottom: 20px !important;}\u00bb][vc_column][vc_column_text] Personal [\/vc_column_text][\/vc_column][\/vc_row][vc_row][vc_column][vc_column_text][\/vc_column_text][\/vc_column][\/vc_row]<\/p>\n","protected":false},"author":1,"featured_media":0,"parent":0,"menu_order":0,"comment_status":"closed","ping_status":"closed","template":"","meta":[],"_links":{"self":[{"href":"https:\/\/www.ull.es\/departamentos\/direccion-de-empresas-e-historia-economica\/wp-json\/wp\/v2\/pages\/16"}],"collection":[{"href":"https:\/\/www.ull.es\/departamentos\/direccion-de-empresas-e-historia-economica\/wp-json\/wp\/v2\/pages"}],"about":[{"href":"https:\/\/www.ull.es\/departamentos\/direccion-de-empresas-e-historia-economica\/wp-json\/wp\/v2\/types\/page"}],"author":[{"embeddable":true,"href":"https:\/\/www.ull.es\/departamentos\/direccion-de-empresas-e-historia-economica\/wp-json\/wp\/v2\/users\/1"}],"replies":[{"embeddable":true,"href":"https:\/\/www.ull.es\/departamentos\/direccion-de-empresas-e-historia-economica\/wp-json\/wp\/v2\/comments?post=16"}],"version-history":[{"count":1,"href":"https:\/\/www.ull.es\/departamentos\/direccion-de-empresas-e-historia-economica\/wp-json\/wp\/v2\/pages\/16\/revisions"}],"predecessor-version":[{"id":153,"href":"https:\/\/www.ull.es\/departamentos\/direccion-de-empresas-e-historia-economica\/wp-json\/wp\/v2\/pages\/16\/revisions\/153"}],"wp:attachment":[{"href":"https:\/\/www.ull.es\/departamentos\/direccion-de-empresas-e-historia-economica\/wp-json\/wp\/v2\/media?parent=16"}],"curies":[{"name":"wp","href":"https:\/\/api.w.org\/{rel}","templated":true}]}}