{"id":71,"date":"2017-05-15T09:13:24","date_gmt":"2017-05-15T09:13:24","guid":{"rendered":"http:\/\/www.ull.es\/departamentos\/ingenieria-informatica-sistemas\/?page_id=71"},"modified":"2017-09-07T09:16:54","modified_gmt":"2017-09-07T09:16:54","slug":"instalaciones-y-recursos","status":"publish","type":"page","link":"https:\/\/www.ull.es\/departamentos\/direccion-de-empresas-e-historia-economica\/instalaciones-y-recursos\/","title":{"rendered":"Instalaciones y recursos"},"content":{"rendered":"<p>[vc_row][vc_column][vc_column_text]<\/p>\n<h1>Instalaciones y recursos<\/h1>\n<p>[\/vc_column_text][\/vc_column][\/vc_row][vc_row][vc_column width=\u00bb2\/3&#8243; css=\u00bb.vc_custom_1495178447766{padding-right: 50px !important;}\u00bb][vc_column_text]El Departamento de Direcci\u00f3n de Empresas e Historia Econ\u00f3mica cuenta con dos salas para la celebraci\u00f3n de reuniones, talleres o clases pr\u00e1cticas en peque\u00f1os grupos situadas ambas en la Facultad de Econom\u00eda, Empresa y Turismo, sede del departamento. Actualmente una de ellas est\u00e1 equipada con aire acondicionado, ca\u00f1\u00f3n de proyecci\u00f3n, equipo de sonido y conexi\u00f3n a Internet.[\/vc_column_text][\/vc_column][vc_column width=\u00bb1\/3&#8243;][vc_single_image image=\u00bb155&#8243; img_size=\u00bbfull\u00bb][\/vc_column][\/vc_row]<\/p>\n","protected":false},"excerpt":{"rendered":"<p>[vc_row][vc_column][vc_column_text] Instalaciones y recursos [\/vc_column_text][\/vc_column][\/vc_row][vc_row][vc_column width=\u00bb2\/3&#8243; css=\u00bb.vc_custom_1495178447766{padding-right: 50px !important;}\u00bb][vc_column_text]El Departamento de Direcci\u00f3n de Empresas e Historia Econ\u00f3mica cuenta con dos salas para la celebraci\u00f3n de reuniones, talleres o clases pr\u00e1cticas en peque\u00f1os grupos situadas ambas en la Facultad de Econom\u00eda, Empresa y Turismo, sede del departamento. Actualmente una de ellas est\u00e1 equipada con aire acondicionado,&#8230;<\/p>\n","protected":false},"author":1,"featured_media":0,"parent":0,"menu_order":0,"comment_status":"closed","ping_status":"closed","template":"","meta":[],"_links":{"self":[{"href":"https:\/\/www.ull.es\/departamentos\/direccion-de-empresas-e-historia-economica\/wp-json\/wp\/v2\/pages\/71"}],"collection":[{"href":"https:\/\/www.ull.es\/departamentos\/direccion-de-empresas-e-historia-economica\/wp-json\/wp\/v2\/pages"}],"about":[{"href":"https:\/\/www.ull.es\/departamentos\/direccion-de-empresas-e-historia-economica\/wp-json\/wp\/v2\/types\/page"}],"author":[{"embeddable":true,"href":"https:\/\/www.ull.es\/departamentos\/direccion-de-empresas-e-historia-economica\/wp-json\/wp\/v2\/users\/1"}],"replies":[{"embeddable":true,"href":"https:\/\/www.ull.es\/departamentos\/direccion-de-empresas-e-historia-economica\/wp-json\/wp\/v2\/comments?post=71"}],"version-history":[{"count":3,"href":"https:\/\/www.ull.es\/departamentos\/direccion-de-empresas-e-historia-economica\/wp-json\/wp\/v2\/pages\/71\/revisions"}],"predecessor-version":[{"id":157,"href":"https:\/\/www.ull.es\/departamentos\/direccion-de-empresas-e-historia-economica\/wp-json\/wp\/v2\/pages\/71\/revisions\/157"}],"wp:attachment":[{"href":"https:\/\/www.ull.es\/departamentos\/direccion-de-empresas-e-historia-economica\/wp-json\/wp\/v2\/media?parent=71"}],"curies":[{"name":"wp","href":"https:\/\/api.w.org\/{rel}","templated":true}]}}