{"id":16,"date":"2017-05-11T12:57:04","date_gmt":"2017-05-11T12:57:04","guid":{"rendered":"http:\/\/www.ull.es\/departamentos\/ingenieria-informatica-sistemas\/?page_id=16"},"modified":"2017-09-07T12:13:52","modified_gmt":"2017-09-07T12:13:52","slug":"personal","status":"publish","type":"page","link":"https:\/\/www.ull.es\/departamentos\/disciplinas-juridicas-basicas\/personal\/","title":{"rendered":"Personal"},"content":{"rendered":"<p>[vc_row css=\u00bb.vc_custom_1497445297003{margin-bottom: 20px !important;}\u00bb][vc_column][vc_column_text]<\/p>\n<h1>Personal<\/h1>\n<p>[\/vc_column_text][\/vc_column][\/vc_row][vc_row][vc_column][vc_column_text]\n<link rel=\"stylesheet\" href=\"https:\/\/cdn.datatables.net\/1.10.15\/css\/dataTables.bootstrap.min.css\">\n<script src=\"https:\/\/cdn.datatables.net\/1.10.15\/js\/jquery.dataTables.min.js\"><\/script>\n<script src=\"https:\/\/cdn.datatables.net\/1.10.15\/js\/dataTables.bootstrap.min.js\"><\/script>\n<script src=\"https:\/\/cdn.datatables.net\/plug-ins\/1.10.21\/sorting\/chinese-string.js\"><\/script>\n\n<style>\n\n    #personal {\n        font-size: 13px;\n    }\n\n    .row.tabla{\n        margin-bottom: 20px !important;\n        margin-top: 20px !important;\n        font-size: 14px;\n    }\n\n    div.toolbar{\n        \/*text-align: center;*\/\n    }\n\n    .input-sm {\n        font-size: 16px;\n        \/* max-width: 200px;*\/\n    }\n\n    div.toolbar select{\n        margin: 0 10px;\n    }\n\n    table.dataTable thead .sorting:after {\n        opacity: 0.2;\n        content: \"\\f0ec\";\n        -webkit-transform: rotate(90deg);\n        -moz-transform: rotate(90deg);\n        -o-transform: rotate(90deg);\n        -ms-transform: rotate(90deg);\n        transform: rotate(90deg);\n    }\n\n    table.dataTable thead .sorting_asc:after {\n        content: \"\\f160\";\n    }\n    table.dataTable thead .sorting_desc:after {\n        content: \"\\f161 \";\n    }\n    table.dataTable thead .sorting:after, table.dataTable thead .sorting_asc:after, table.dataTable thead .sorting_desc:after, table.dataTable thead .sorting_asc_disabled:after, table.dataTable thead .sorting_desc_disabled:after {\n        font-family: 'FontAwesome';\n    }\n\n    .btn-directorio {\n        font-size: 13px;\n        text-align: center;\n        display: block;\n    }\n\n<\/style>\n\n<div class=\"table-responsive\">\n    <table id=\"personal\" class=\"table table-bordered table-condensed table-hover\" cellspacing=\"0\" width=\"100%\"  data-page-length=\"25\">\n        <thead>\n        <tr>\n            <th>Apellidos<\/th>\n            <th>Nombre<\/th>\n            <th>Email<\/th>\n            <th>\u00c1rea<\/th>\n            <th>Categor\u00eda<\/th>\n            <th>Rol<\/th>\n            <th>Info.<\/th>\n        <\/tr>\n        <\/thead>\n\n        <tbody>\n        <tr><td>Betancort Reyes<\/td><td>Fernando Jos\u00e9<\/td><td><a href=mailto:fbetanco@ull.es>fbetanco@ull.es<\/a><\/td><td>Derecho Administrativo<\/td><td>Profesor Contratado Doctor (1)<\/td><td>PDI<\/td><td><a class='btn-directorio' href='https:\/\/www.ull.es\/directorio\/search\/?busqueda=Fernando Jos\u00e9 Betancort Reyes' target='_blank'><i class='fa fa-search-plus'><\/i><\/a><\/td><\/tr><tr><td>Espejo Campos<\/td><td>Alicia<\/td><td><a href=mailto:aespejo@ull.es>aespejo@ull.es<\/a><\/td><td>Derecho Administrativo<\/td><td>Profesor Ayudante Doctor<\/td><td>PDI<\/td><td><a class='btn-directorio' href='https:\/\/www.ull.es\/directorio\/search\/?busqueda=Alicia Espejo Campos' target='_blank'><i class='fa fa-search-plus'><\/i><\/a><\/td><\/tr><tr><td>Franco Escobar<\/td><td>Susana Eva<\/td><td><a href=mailto:sefranco@ull.es>sefranco@ull.es<\/a><\/td><td>Derecho Administrativo<\/td><td>Profesor Contratado Doctor (1)<\/td><td>PDI<\/td><td><a class='btn-directorio' href='https:\/\/www.ull.es\/directorio\/search\/?busqueda=Susana Eva Franco Escobar' target='_blank'><i class='fa fa-search-plus'><\/i><\/a><\/td><\/tr><tr><td>Gonz\u00e1lez Reyes<\/td><td>Jos\u00e9 Miguel<\/td><td><a href=mailto:jgonzare@ull.es>jgonzare@ull.es<\/a><\/td><td>Derecho Administrativo<\/td><td>Profesor Asociado<\/td><td>PDI<\/td><td><a class='btn-directorio' href='https:\/\/www.ull.es\/directorio\/search\/?busqueda=Jos\u00e9 Miguel Gonz\u00e1lez Reyes' target='_blank'><i class='fa fa-search-plus'><\/i><\/a><\/td><\/tr><tr><td>Gonz\u00e1lez Sanfiel<\/td><td>Andr\u00e9s Manuel<\/td><td><a href=mailto:asanfiel@ull.es>asanfiel@ull.es<\/a><\/td><td>Derecho Administrativo<\/td><td>Catedratico de Universidad<\/td><td>PDI<\/td><td><a class='btn-directorio' href='https:\/\/www.ull.es\/directorio\/search\/?busqueda=Andr\u00e9s Manuel Gonz\u00e1lez Sanfiel' target='_blank'><i class='fa fa-search-plus'><\/i><\/a><\/td><\/tr><tr><td>Guimer\u00e1 Rico<\/td><td>Juan Jos\u00e9<\/td><td><a href=mailto:jguimera@ull.es>jguimera@ull.es<\/a><\/td><td>Derecho Administrativo<\/td><td>Profesor Contratado Doctor (1)<\/td><td>PDI<\/td><td><a class='btn-directorio' href='https:\/\/www.ull.es\/directorio\/search\/?busqueda=Juan Jos\u00e9 Guimer\u00e1 Rico' target='_blank'><i class='fa fa-search-plus'><\/i><\/a><\/td><\/tr><tr><td>Guti\u00e9rrez Jim\u00e9nez<\/td><td>Jos\u00e9 Juli\u00e1n<\/td><td><a href=mailto:julgut@ull.es>julgut@ull.es<\/a><\/td><td>Derecho Administrativo<\/td><td>Profesor Asociado<\/td><td>PDI<\/td><td><a class='btn-directorio' href='https:\/\/www.ull.es\/directorio\/search\/?busqueda=Jos\u00e9 Juli\u00e1n Guti\u00e9rrez Jim\u00e9nez' target='_blank'><i class='fa fa-search-plus'><\/i><\/a><\/td><\/tr><tr><td>Hern\u00e1ndez Gonz\u00e1lez<\/td><td>Francisco Lorenzo<\/td><td><a href=mailto:fcohdez@ull.es>fcohdez@ull.es<\/a><\/td><td>Derecho Administrativo<\/td><td>Catedratico de Universidad<\/td><td>PDI<\/td><td><a class='btn-directorio' href='https:\/\/www.ull.es\/directorio\/search\/?busqueda=Francisco Lorenzo Hern\u00e1ndez Gonz\u00e1lez' target='_blank'><i class='fa fa-search-plus'><\/i><\/a><\/td><\/tr><tr><td>Hern\u00e1ndez L\u00f3pez<\/td><td>Claudia<\/td><td><a href=mailto:chernanl@ull.es>chernanl@ull.es<\/a><\/td><td>Derecho Administrativo<\/td><td>Profesor Contratado Doctor (1)<\/td><td>PDI<\/td><td><a class='btn-directorio' href='https:\/\/www.ull.es\/directorio\/search\/?busqueda=Claudia Hern\u00e1ndez L\u00f3pez' target='_blank'><i class='fa fa-search-plus'><\/i><\/a><\/td><\/tr><tr><td>Lobo Rodrigo<\/td><td>\u00c1ngel<\/td><td><a href=mailto:aloboro@ull.es>aloboro@ull.es<\/a><\/td><td>Derecho Administrativo<\/td><td>Profesor Contratado Doctor (1)<\/td><td>PDI<\/td><td><a class='btn-directorio' href='https:\/\/www.ull.es\/directorio\/search\/?busqueda=\u00c1ngel Lobo Rodrigo' target='_blank'><i class='fa fa-search-plus'><\/i><\/a><\/td><\/tr><tr><td>Reyes Su\u00e1rez<\/td><td>Mar\u00eda Alicia<\/td><td><a href=mailto:mreyessu@ull.es>mreyessu@ull.es<\/a><\/td><td>Derecho Administrativo<\/td><td>Profesor Sustituto<\/td><td>PDI<\/td><td><a class='btn-directorio' href='https:\/\/www.ull.es\/directorio\/search\/?busqueda=Mar\u00eda Alicia Reyes Su\u00e1rez' target='_blank'><i class='fa fa-search-plus'><\/i><\/a><\/td><\/tr><tr><td>Risue\u00f1o D\u00edaz<\/td><td>Eduardo \u00c1ngel<\/td><td><a href=mailto:erisueno@ull.es>erisueno@ull.es<\/a><\/td><td>Derecho Administrativo<\/td><td>Profesor Asociado<\/td><td>PDI<\/td><td><a class='btn-directorio' href='https:\/\/www.ull.es\/directorio\/search\/?busqueda=Eduardo \u00c1ngel Risue\u00f1o D\u00edaz' target='_blank'><i class='fa fa-search-plus'><\/i><\/a><\/td><\/tr><tr><td>Villar Rojas<\/td><td>Francisco Jos\u00e9<\/td><td><a href=mailto:fjvillar@ull.es>fjvillar@ull.es<\/a><\/td><td>Derecho Administrativo<\/td><td>Catedratico de Universidad<\/td><td>PDI<\/td><td><a class='btn-directorio' href='https:\/\/www.ull.es\/directorio\/search\/?busqueda=Francisco Jos\u00e9 Villar Rojas' target='_blank'><i class='fa fa-search-plus'><\/i><\/a><\/td><\/tr><tr><td>Afonso Rodr\u00edguez<\/td><td>Mar\u00eda Elvira<\/td><td><a href=mailto:mafonso@ull.es>mafonso@ull.es<\/a><\/td><td>Derecho Civil<\/td><td>Profesor Titular Universidad<\/td><td>PDI<\/td><td><a class='btn-directorio' href='https:\/\/www.ull.es\/directorio\/search\/?busqueda=Mar\u00eda Elvira Afonso Rodr\u00edguez' target='_blank'><i class='fa fa-search-plus'><\/i><\/a><\/td><\/tr><tr><td>Aznar Domingo<\/td><td>Antonio<\/td><td><a href=mailto:adaznar@ull.es>adaznar@ull.es<\/a><\/td><td>Derecho Civil<\/td><td>Profesor Asociado<\/td><td>PDI<\/td><td><a class='btn-directorio' href='https:\/\/www.ull.es\/directorio\/search\/?busqueda=Antonio Aznar Domingo' target='_blank'><i class='fa fa-search-plus'><\/i><\/a><\/td><\/tr><tr><td>Aznar S\u00e1nchez-Parodi<\/td><td>Irene<\/td><td><a href=mailto:iaznarsa@ull.es>iaznarsa@ull.es<\/a><\/td><td>Derecho Civil<\/td><td>Profesor Ayudante Doctor<\/td><td>PDI<\/td><td><a class='btn-directorio' href='https:\/\/www.ull.es\/directorio\/search\/?busqueda=Irene Aznar S\u00e1nchez-Parodi' target='_blank'><i class='fa fa-search-plus'><\/i><\/a><\/td><\/tr><tr><td>Calzadilla Medina<\/td><td>Mar\u00eda Ar\u00e1nzazu<\/td><td><a href=mailto:acmedina@ull.es>acmedina@ull.es<\/a><\/td><td>Derecho Civil<\/td><td>Profesor Titular Universidad<\/td><td>PDI<\/td><td><a class='btn-directorio' href='https:\/\/www.ull.es\/directorio\/search\/?busqueda=Mar\u00eda Ar\u00e1nzazu Calzadilla Medina' target='_blank'><i class='fa fa-search-plus'><\/i><\/a><\/td><\/tr><tr><td>Capote P\u00e9rez<\/td><td>Luis Javier<\/td><td><a href=mailto:lcapote@ull.es>lcapote@ull.es<\/a><\/td><td>Derecho Civil<\/td><td>Profesor Contratado Doctor (1)<\/td><td>PDI<\/td><td><a class='btn-directorio' href='https:\/\/www.ull.es\/directorio\/search\/?busqueda=Luis Javier Capote P\u00e9rez' target='_blank'><i class='fa fa-search-plus'><\/i><\/a><\/td><\/tr><tr><td>Chulani Raymond<\/td><td>Jagdish Kumar<\/td><td><a href=mailto:jchulani@ull.es>jchulani@ull.es<\/a><\/td><td>Derecho Civil<\/td><td>Profesor Asociado<\/td><td>PDI<\/td><td><a class='btn-directorio' href='https:\/\/www.ull.es\/directorio\/search\/?busqueda=Jagdish Kumar Chulani Raymond' target='_blank'><i class='fa fa-search-plus'><\/i><\/a><\/td><\/tr><tr><td>D\u00edaz Brito<\/td><td>Francisco Javier<\/td><td><a href=mailto:fjdiaz@ull.es>fjdiaz@ull.es<\/a><\/td><td>Derecho Civil<\/td><td>Profesor Titular Universidad<\/td><td>PDI<\/td><td><a class='btn-directorio' href='https:\/\/www.ull.es\/directorio\/search\/?busqueda=Francisco Javier D\u00edaz Brito' target='_blank'><i class='fa fa-search-plus'><\/i><\/a><\/td><\/tr><tr><td>Doreste Armas<\/td><td>Antonio<\/td><td><a href=mailto:adoresta@ull.es>adoresta@ull.es<\/a><\/td><td>Derecho Civil<\/td><td>Profesor Asociado<\/td><td>PDI<\/td><td><a class='btn-directorio' href='https:\/\/www.ull.es\/directorio\/search\/?busqueda=Antonio Doreste Armas' target='_blank'><i class='fa fa-search-plus'><\/i><\/a><\/td><\/tr><tr><td>Fajardo L\u00f3pez<\/td><td>Luis<\/td><td><a href=mailto:lfajar@ull.es>lfajar@ull.es<\/a><\/td><td>Derecho Civil<\/td><td>Profesor Contratado Doctor (1)<\/td><td>PDI<\/td><td><a class='btn-directorio' href='https:\/\/www.ull.es\/directorio\/search\/?busqueda=Luis Fajardo L\u00f3pez' target='_blank'><i class='fa fa-search-plus'><\/i><\/a><\/td><\/tr><tr><td>Garc\u00eda Garc\u00eda<\/td><td>Juan Antonio<\/td><td><a href=mailto:jgarciag@ull.es>jgarciag@ull.es<\/a><\/td><td>Derecho Civil<\/td><td>Profesor Titular Universidad<\/td><td>PDI<\/td><td><a class='btn-directorio' href='https:\/\/www.ull.es\/directorio\/search\/?busqueda=Juan Antonio Garc\u00eda Garc\u00eda' target='_blank'><i class='fa fa-search-plus'><\/i><\/a><\/td><\/tr><tr><td>G\u00f3mez Perals<\/td><td>Miguel<\/td><td><a href=mailto:mgomez@ull.es>mgomez@ull.es<\/a><\/td><td>Derecho Civil<\/td><td>Profesor Titular Universidad<\/td><td>PDI<\/td><td><a class='btn-directorio' href='https:\/\/www.ull.es\/directorio\/search\/?busqueda=Miguel G\u00f3mez Perals' target='_blank'><i class='fa fa-search-plus'><\/i><\/a><\/td><\/tr><tr><td>Hern\u00e1ndez Torres<\/td><td>Estefan\u00eda<\/td><td><a href=mailto:ehtorres@ull.es>ehtorres@ull.es<\/a><\/td><td>Derecho Civil<\/td><td>Profesor Contratado Doctor (1)<\/td><td>PDI<\/td><td><a class='btn-directorio' href='https:\/\/www.ull.es\/directorio\/search\/?busqueda=Estefan\u00eda Hern\u00e1ndez Torres' target='_blank'><i class='fa fa-search-plus'><\/i><\/a><\/td><\/tr><tr><td>Morales Casa\u00f1as<\/td><td>Diria Luz<\/td><td><a href=mailto:dmoralec@ull.es>dmoralec@ull.es<\/a><\/td><td>Derecho Civil<\/td><td>Profesor Sustituto<\/td><td>PDI<\/td><td><a class='btn-directorio' href='https:\/\/www.ull.es\/directorio\/search\/?busqueda=Diria Luz Morales Casa\u00f1as' target='_blank'><i class='fa fa-search-plus'><\/i><\/a><\/td><\/tr><tr><td>Rodr\u00edguez Garc\u00eda<\/td><td>Nora<\/td><td><a href=mailto:nrodrigg@ull.es>nrodrigg@ull.es<\/a><\/td><td>Derecho Civil<\/td><td>Ayudante<\/td><td>PDI<\/td><td><a class='btn-directorio' href='https:\/\/www.ull.es\/directorio\/search\/?busqueda=Nora Rodr\u00edguez Garc\u00eda' target='_blank'><i class='fa fa-search-plus'><\/i><\/a><\/td><\/tr><tr><td>S\u00e1nchez Jord\u00e1n<\/td><td>Mar\u00eda Elena<\/td><td><a href=mailto:mejordan@ull.es>mejordan@ull.es<\/a><\/td><td>Derecho Civil<\/td><td>Catedratico de Universidad<\/td><td>PDI<\/td><td><a class='btn-directorio' href='https:\/\/www.ull.es\/directorio\/search\/?busqueda=Mar\u00eda Elena S\u00e1nchez Jord\u00e1n' target='_blank'><i class='fa fa-search-plus'><\/i><\/a><\/td><\/tr><tr><td>Trujillo Cabrera<\/td><td>Carlos<\/td><td><a href=mailto:ctcabrer@ull.es>ctcabrer@ull.es<\/a><\/td><td>Derecho Civil<\/td><td>Profesor Contratado Doctor (1)<\/td><td>PDI<\/td><td><a class='btn-directorio' href='https:\/\/www.ull.es\/directorio\/search\/?busqueda=Carlos Trujillo Cabrera' target='_blank'><i class='fa fa-search-plus'><\/i><\/a><\/td><\/tr><tr><td>Cabello Le\u00f3n<\/td><td>Manuel Rayco<\/td><td><a href=mailto:mcabello@ull.es>mcabello@ull.es<\/a><\/td><td>Derecho Penal<\/td><td>Profesor Asociado<\/td><td>PDI<\/td><td><a class='btn-directorio' href='https:\/\/www.ull.es\/directorio\/search\/?busqueda=Manuel Rayco Cabello Le\u00f3n' target='_blank'><i class='fa fa-search-plus'><\/i><\/a><\/td><\/tr><tr><td>Conal Fuertes<\/td><td>Christian<\/td><td><a href=mailto:cconal@ull.es>cconal@ull.es<\/a><\/td><td>Derecho Penal<\/td><td>Profesor Ayudante Doctor<\/td><td>PDI<\/td><td><a class='btn-directorio' href='https:\/\/www.ull.es\/directorio\/search\/?busqueda=Christian Conal Fuertes' target='_blank'><i class='fa fa-search-plus'><\/i><\/a><\/td><\/tr><tr><td>Flores Mendoza<\/td><td>F\u00e1tima Candelaria<\/td><td><a href=mailto:fflores@ull.es>fflores@ull.es<\/a><\/td><td>Derecho Penal<\/td><td>Profesor Titular Universidad<\/td><td>PDI<\/td><td><a class='btn-directorio' href='https:\/\/www.ull.es\/directorio\/search\/?busqueda=F\u00e1tima Candelaria Flores Mendoza' target='_blank'><i class='fa fa-search-plus'><\/i><\/a><\/td><\/tr><tr><td>Garc\u00eda Sanz<\/td><td>Judit<\/td><td><a href=mailto:jugasa@ull.es>jugasa@ull.es<\/a><\/td><td>Derecho Penal<\/td><td>Profesor Colaborador<\/td><td>PDI<\/td><td><a class='btn-directorio' href='https:\/\/www.ull.es\/directorio\/search\/?busqueda=Judit Garc\u00eda Sanz' target='_blank'><i class='fa fa-search-plus'><\/i><\/a><\/td><\/tr><tr><td>Hern\u00e1ndez Plasencia<\/td><td>Jos\u00e9 Ulises<\/td><td><a href=mailto:uplacen@ull.es>uplacen@ull.es<\/a><\/td><td>Derecho Penal<\/td><td>Profesor Titular Universidad<\/td><td>PDI<\/td><td><a class='btn-directorio' href='https:\/\/www.ull.es\/directorio\/search\/?busqueda=Jos\u00e9 Ulises Hern\u00e1ndez Plasencia' target='_blank'><i class='fa fa-search-plus'><\/i><\/a><\/td><\/tr><tr><td>S\u00e1nchez L\u00e1zaro<\/td><td>Fernando Guanarteme<\/td><td><a href=mailto:fsanche@ull.es>fsanche@ull.es<\/a><\/td><td>Derecho Penal<\/td><td>Catedratico de Universidad<\/td><td>PDI<\/td><td><a class='btn-directorio' href='https:\/\/www.ull.es\/directorio\/search\/?busqueda=Fernando Guanarteme S\u00e1nchez L\u00e1zaro' target='_blank'><i class='fa fa-search-plus'><\/i><\/a><\/td><\/tr><tr><td>Sola Reche<\/td><td>Esteban<\/td><td><a href=mailto:esola@ull.es>esola@ull.es<\/a><\/td><td>Derecho Penal<\/td><td>Catedratico de Universidad<\/td><td>PDI<\/td><td><a class='btn-directorio' href='https:\/\/www.ull.es\/directorio\/search\/?busqueda=Esteban Sola Reche' target='_blank'><i class='fa fa-search-plus'><\/i><\/a><\/td><\/tr><tr><td>Trincado Cast\u00e1n<\/td><td>Carlos<\/td><td><a href=mailto:ctrincad@ull.es>ctrincad@ull.es<\/a><\/td><td>Derecho Penal<\/td><td>Ayudante<\/td><td>PDI<\/td><td><a class='btn-directorio' href='https:\/\/www.ull.es\/directorio\/search\/?busqueda=Carlos Trincado Cast\u00e1n' target='_blank'><i class='fa fa-search-plus'><\/i><\/a><\/td><\/tr><tr><td>Casas Le\u00f3n<\/td><td>Mar\u00eda Etelvina de las<\/td><td><a href=mailto:ecasas@ull.es>ecasas@ull.es<\/a><\/td><td>Derecho Romano<\/td><td>Profesor Contratado Doctor (1)<\/td><td>PDI<\/td><td><a class='btn-directorio' href='https:\/\/www.ull.es\/directorio\/search\/?busqueda=Mar\u00eda Etelvina de las Casas Le\u00f3n' target='_blank'><i class='fa fa-search-plus'><\/i><\/a><\/td><\/tr><tr><td>D\u00edaz Sazo<\/td><td>Ver\u00f3nica Daniela<\/td><td><a href=mailto:vdiazsaz@ull.es>vdiazsaz@ull.es<\/a><\/td><td>Derecho Romano<\/td><td>Ayudante<\/td><td>PDI<\/td><td><a class='btn-directorio' href='https:\/\/www.ull.es\/directorio\/search\/?busqueda=Ver\u00f3nica Daniela D\u00edaz Sazo' target='_blank'><i class='fa fa-search-plus'><\/i><\/a><\/td><\/tr><tr><td>D\u00edez Garc\u00eda<\/td><td>Raquel<\/td><td><a href=mailto:rdiezgar@ull.es>rdiezgar@ull.es<\/a><\/td><td>Derecho Romano<\/td><td>Profesor Asociado<\/td><td>PDI<\/td><td><a class='btn-directorio' href='https:\/\/www.ull.es\/directorio\/search\/?busqueda=Raquel D\u00edez Garc\u00eda' target='_blank'><i class='fa fa-search-plus'><\/i><\/a><\/td><\/tr><tr><td>Alay\u00f3n D\u00edaz<\/td><td>Gregorio<\/td><td><a href=mailto:galayond@ull.es>galayond@ull.es<\/a><\/td><td>Historia del Derecho y de las Instituciones<\/td><td>Ayudante<\/td><td>PDI<\/td><td><a class='btn-directorio' href='https:\/\/www.ull.es\/directorio\/search\/?busqueda=Gregorio Alay\u00f3n D\u00edaz' target='_blank'><i class='fa fa-search-plus'><\/i><\/a><\/td><\/tr><tr><td>Barrios D\u00edaz<\/td><td>Sara<\/td><td><a href=mailto:sbarrios@ull.es>sbarrios@ull.es<\/a><\/td><td>Historia del Derecho y de las Instituciones<\/td><td>Profesor Sustituto<\/td><td>PDI<\/td><td><a class='btn-directorio' href='https:\/\/www.ull.es\/directorio\/search\/?busqueda=Sara Barrios D\u00edaz' target='_blank'><i class='fa fa-search-plus'><\/i><\/a><\/td><\/tr><tr><td>Manescau Mart\u00edn<\/td><td>Mar\u00eda Teresa<\/td><td><a href=mailto:tmanmar@ull.es>tmanmar@ull.es<\/a><\/td><td>Historia del Derecho y de las Instituciones<\/td><td>Profesor Contratado Doctor (1)<\/td><td>PDI<\/td><td><a class='btn-directorio' href='https:\/\/www.ull.es\/directorio\/search\/?busqueda=Mar\u00eda Teresa Manescau Mart\u00edn' target='_blank'><i class='fa fa-search-plus'><\/i><\/a><\/td><\/tr><tr><td>Santana Rodr\u00edguez<\/td><td>Aurelio Bernardino<\/td><td><a href=mailto:usantana@ull.es>usantana@ull.es<\/a><\/td><td>Historia del Derecho y de las Instituciones<\/td><td>Profesor Contratado Doctor (1)<\/td><td>PDI<\/td><td><a class='btn-directorio' href='https:\/\/www.ull.es\/directorio\/search\/?busqueda=Aurelio Bernardino Santana Rodr\u00edguez' target='_blank'><i class='fa fa-search-plus'><\/i><\/a><\/td><\/tr><tr><td>Alonso Caraballo<\/td><td>Noem\u00ed<\/td><td><a href=mailto:nalonso@ull.es>nalonso@ull.es<\/a><\/td><td>Personal De Administraci\u00f3n Y Servicios<\/td><td>Administrativo<\/td><td>PAS<\/td><td><a class='btn-directorio' href='https:\/\/www.ull.es\/directorio\/search\/?busqueda=Noem\u00ed Alonso Caraballo' target='_blank'><i class='fa fa-search-plus'><\/i><\/a><\/td><\/tr>        <\/tbody>\n    <\/table>\n<\/div>\n\n<script>\n\t\njQuery.extend( jQuery.fn.dataTableExt.oSort, {\n    \"chinese-string-asc\" : function (s1, s2) {\n        return s1.localeCompare(s2);\n    },\n \n    \"chinese-string-desc\" : function (s1, s2) {\n        return s2.localeCompare(s1);\n    }\n} );\n\t\n$(document).ready(function() {\n\n        $('#personal').DataTable( {\n            \"dom\": \"\" +\n            \"<'row'<'col-sm-9 toolbar'><'col-sm-3'f>>\" +\n            \"<'row tabla'<'col-sm-12'tr>>\" +\n            \"<'row'<'col-sm-5'i><'col-sm-7'p>>\"\n            ,\n            \"language\": {\n                \"url\": \"\/\/cdn.datatables.net\/plug-ins\/1.10.15\/i18n\/Spanish.json\"\n            },\n\n         columnDefs: [{ type: 'chinese-string', targets: 0 }],\n\n\n\t initComplete: function () {\n\n                this.api().columns([3]).every( function () {\n                    var column = this;\n                    var select = $('<select class=\"form-control input-sm\"><option value=\"\">Mostrar todas las \u00e1reas de conocimiento<\/option><\/select>')\n                        .appendTo( $('div.toolbar') )\n                        .on( 'change', function () {\n                            var val = $.fn.dataTable.util.escapeRegex(\n                                $(this).val()\n                            );\n\n                            column\n                                .search( val ? '^'+val+'$' : '', true, false )\n                                .draw();\n                        } );\n\n                    column.data().unique().sort().each( function ( d, j ) {\n                        select.append( '<option value=\"'+d+'\">'+d+'<\/option>' )\n                    } );\n\n                } );\n                this.api().columns([5]).every( function () {\n                    var column = this;\n                    var select = $('<select class=\"form-control input-sm\"><option value=\"\">Mostrar todos los roles<\/option><\/select>')\n                        .appendTo( $('div.toolbar') )\n                        .on( 'change', function () {\n                            var val = $.fn.dataTable.util.escapeRegex(\n                                $(this).val()\n                            );\n\n                            column\n                                .search( val ? '^'+val+'$' : '', true, false )\n                                .draw();\n                        } );\n\n                    column.data().unique().sort().each( function ( d, j ) {\n                        select.append( '<option value=\"'+d+'\">'+d+'<\/option>' )\n                    } );\n                } );\n            }\n        } );\n\n    } );\n<\/script>\n[\/vc_column_text][\/vc_column][\/vc_row]<\/p>\n","protected":false},"excerpt":{"rendered":"<p>[vc_row css=\u00bb.vc_custom_1497445297003{margin-bottom: 20px !important;}\u00bb][vc_column][vc_column_text] Personal [\/vc_column_text][\/vc_column][\/vc_row][vc_row][vc_column][vc_column_text][\/vc_column_text][\/vc_column][\/vc_row]<\/p>\n","protected":false},"author":1,"featured_media":0,"parent":0,"menu_order":0,"comment_status":"closed","ping_status":"closed","template":"","meta":[],"_links":{"self":[{"href":"https:\/\/www.ull.es\/departamentos\/disciplinas-juridicas-basicas\/wp-json\/wp\/v2\/pages\/16"}],"collection":[{"href":"https:\/\/www.ull.es\/departamentos\/disciplinas-juridicas-basicas\/wp-json\/wp\/v2\/pages"}],"about":[{"href":"https:\/\/www.ull.es\/departamentos\/disciplinas-juridicas-basicas\/wp-json\/wp\/v2\/types\/page"}],"author":[{"embeddable":true,"href":"https:\/\/www.ull.es\/departamentos\/disciplinas-juridicas-basicas\/wp-json\/wp\/v2\/users\/1"}],"replies":[{"embeddable":true,"href":"https:\/\/www.ull.es\/departamentos\/disciplinas-juridicas-basicas\/wp-json\/wp\/v2\/comments?post=16"}],"version-history":[{"count":3,"href":"https:\/\/www.ull.es\/departamentos\/disciplinas-juridicas-basicas\/wp-json\/wp\/v2\/pages\/16\/revisions"}],"predecessor-version":[{"id":177,"href":"https:\/\/www.ull.es\/departamentos\/disciplinas-juridicas-basicas\/wp-json\/wp\/v2\/pages\/16\/revisions\/177"}],"wp:attachment":[{"href":"https:\/\/www.ull.es\/departamentos\/disciplinas-juridicas-basicas\/wp-json\/wp\/v2\/media?parent=16"}],"curies":[{"name":"wp","href":"https:\/\/api.w.org\/{rel}","templated":true}]}}