{"id":18,"date":"2017-05-11T13:03:34","date_gmt":"2017-05-11T13:03:34","guid":{"rendered":"http:\/\/www.ull.es\/departamentos\/ingenieria-informatica-sistemas\/?page_id=18"},"modified":"2023-05-18T11:46:22","modified_gmt":"2023-05-18T11:46:22","slug":"docencia","status":"publish","type":"page","link":"https:\/\/www.ull.es\/departamentos\/economia-aplicada-y-metodos-cuantitativos\/docencia\/","title":{"rendered":"Docencia"},"content":{"rendered":"<p>[vc_row][vc_column width=\u00bb2\/3&#8243; css=\u00bb.vc_custom_1497269146939{padding-right: 50px !important;}\u00bb][vc_column_text]<\/p>\n<h1>Docencia<\/h1>\n<p>[\/vc_column_text][vc_column_text]\n<style>\n    .shortcode-titulaciones h2 {\n        margin-bottom: 10px !important;\n    }\n\n    .shortcode-titulaciones label {\n        padding: 0 6px;\n        vertical-align: middle;\n        font-size: 12px;\n        letter-spacing: 0.4px;\n        border-radius: 2px;\n        font-weight: 500;\n    }\n\n<\/style>\n\n<div class=\"shortcode-titulaciones\">\n    <ul>\n                    <li>\n                                            <a href=\"https:\/\/www.ull.es\/grados\/administracion-direccion-empresas\">Grado en Administraci\u00f3n y Direcci\u00f3n de Empresas<\/a>\n                            <\/li>\n                    <li>\n                                            <a href=\"https:\/\/www.ull.es\/grados\/pedagogia\">Grado en Pedagog\u00eda<\/a>\n                            <\/li>\n                    <li>\n                                            <a href=\"https:\/\/www.ull.es\/grados\/relaciones-laborales\">Grado en Relaciones Laborales<\/a>\n                            <\/li>\n                    <li>\n                                            <a href=\"https:\/\/www.ull.es\/grados\/ciencias-ambientales\">Grado en Ciencias Ambientales<\/a>\n                            <\/li>\n                    <li>\n                                            <a href=\"https:\/\/www.ull.es\/grados\/turismo\">Grado en Turismo<\/a>\n                            <\/li>\n                    <li>\n                                            <a href=\"https:\/\/www.ull.es\/grados\/turismo\">Grado en Turismo (Adeje)<\/a>\n                            <\/li>\n                    <li>\n                                            <a href=\"https:\/\/www.ull.es\/grados\/sociologia\">Grado en Sociolog\u00eda<\/a>\n                            <\/li>\n                    <li>\n                                            <a href=\"https:\/\/www.ull.es\/grados\/trabajo-social\">Grado en Trabajo Social<\/a>\n                            <\/li>\n                    <li>\n                                            <a href=\"https:\/\/www.ull.es\/grados\/periodismo\">Grado en Periodismo<\/a>\n                            <\/li>\n                    <li>\n                                            <a href=\"https:\/\/www.ull.es\/grados\/geografia-ordenacion-del-territorio\">Grado en Geograf\u00eda y Ordenaci\u00f3n del Territorio<\/a>\n                            <\/li>\n                    <li>\n                                            <a href=\"https:\/\/www.ull.es\/grados\/economia\/\">Grado en Econom\u00eda<\/a>\n                            <\/li>\n                    <li>\n                                            <a href=\"https:\/\/www.ull.es\/grados\/estudios-francofonos-aplicados\">Grado en Estudios Franc\u00f3fonos Aplicados<\/a>\n                            <\/li>\n                    <li>\n                                            <a href=\"https:\/\/www.ull.es\/grados\/derecho\">Grado en Derecho<\/a>\n                            <\/li>\n                    <li>\n                                            <a href=\"https:\/\/www.ull.es\/grados\/contabilidad-finanzas\">Grado en Contabilidad y Finanzas<\/a>\n                            <\/li>\n                    <li>\n                                            <a href=\"https:\/\/www.ull.es\/grados\/medicina\">Grado en Medicina<\/a>\n                            <\/li>\n                    <li>\n                                            <a href=\"https:\/\/www.ull.es\/masteres\/direccion-recursos-humanos\">M\u00e1ster en Direcci\u00f3n de Recursos Humanos<\/a>\n                            <\/li>\n                    <li>\n                                            <a href=\"https:\/\/www.ull.es\/masteres\/formacion-profesorado\">M\u00e1ster en Formaci\u00f3n del Profesorado de Educaci\u00f3n Secundaria Obligatoria y Bachillerato, Formaci\u00f3n Profesional y Ense\u00f1anzas de Idiomas<\/a>\n                            <\/li>\n                    <li>\n                                            <a href=\"https:\/\/www.ull.es\/masteres\/desarrollo-regional\">M\u00e1ster en Desarrollo Regional<\/a>\n                            <\/li>\n                    <li>\n                                            <a href=\"http:\/\/www.ull.es\/masteres\/desarrollo-y-gestion-de-recursos-humanos\">M\u00e1ster en Desarrollo y Gesti\u00f3n de Recursos Humanos<\/a>\n                            <\/li>\n                    <li>\n                                            <a href=\"https:\/\/www.ull.es\/masteres\/gestion-e-innovacion-tecnologica-en-la-construccion\/\">M\u00e1ster Universitario en Gesti\u00f3n e Innovaci\u00f3n Tecnol\u00f3gica en la Construcci\u00f3n<\/a>\n                            <\/li>\n                    <li>\n                                            <a href=\"https:\/\/www.ull.es\/masteres\/direccion-planificacion-turismo\">M\u00e1ster en Direcci\u00f3n y Planificaci\u00f3n del Turismo<\/a>\n                            <\/li>\n                    <li>\n                                            <a href=\"https:\/\/www.ull.es\/masteres\/investigacion-gestion-calidad-cuidados-salud\">M\u00e1ster en Investigaci\u00f3n, Gesti\u00f3n y Calidad en Cuidados para la Salud<\/a>\n                            <\/li>\n                    <li>\n                                            <a href=\"https:\/\/www.ull.es\/masteres\/uso-y-gestion-patrimonio-cultural\">M\u00e1ster en Uso y Gesti\u00f3n del Patrimonio Cultural<\/a>\n                            <\/li>\n                    <li>\n                                            <a href=\"https:\/\/www.ull.es\/doctorados\/derecho-sociedad-turismo\">Doctorado en Derecho, Sociedad y Turismo<\/a>\n                            <\/li>\n                    <li>\n                                            <a href=\"https:\/\/www.ull.es\/doctorados\/desarrollo-regional\">Doctorado en Desarrollo Regional<\/a>\n                            <\/li>\n                    <li>\n                                            <a href=\"https:\/\/www.ull.es\/centros\/facultad-de-economia-empresa-y-turismo\/curso-matematicas-0\/\">Curso Cero de la Facultad de Econom\u00eda, Empresa y Turismo<\/a>\n                            <\/li>\n                    <li>\n                                            <a href=\"https:\/\/www.ull.es\/admision-becas\/acceso-mayores\/acceso-mayores-25\/curso-acceso-mayores-25\/\">Curso Mayores de 25 a\u00f1os de la ULL<\/a>\n                            <\/li>\n            <\/ul>\n\n    <\/div>[\/vc_column_text][\/vc_column][vc_column width=\u00bb1\/3&#8243;][vc_column_text]<a class=\"btn-destacado\" href=\"https:\/\/www.ull.es\/estudios-docencia\" target=\"_blank\" rel=\"noopener\">Consultar todas las titulaciones de la ULL<br \/>\n<i class=\"fa fa-arrow-right\"><\/i><\/a>[\/vc_column_text][vc_column_text]<\/p>\n<h3>Enlaces de inter\u00e9s<\/h3>\n<ul>\n<li><a href=\"https:\/\/www.ull.es\/la-universidad\/servicios-universitarios\/negociado-de-atencion-tecnica\/\" target=\"_blank\" rel=\"noopener\">Negociado de Atenci\u00f3n T\u00e9cnica<\/a><\/li>\n<li><a href=\"https:\/\/www.ull.es\/estudios-docencia\/calendario-academico\" target=\"_blank\" rel=\"noopener\">Calendario acad\u00e9mico<\/a><\/li>\n<li><a href=\"https:\/\/drive.google.com\/open?id=1urNufzzKsdI4pTmFpvwTHpMEbLpay_arrmt680vXPhg\" target=\"_blank\" rel=\"noopener noreferrer\" target=\"_blank\" rel=\"noopener\">Tutor\u00edas<\/a><\/li>\n<\/ul>\n<p>[\/vc_column_text][\/vc_column][\/vc_row]<\/p>\n","protected":false},"excerpt":{"rendered":"<p>[vc_row][vc_column width=\u00bb2\/3&#8243; css=\u00bb.vc_custom_1497269146939{padding-right: 50px !important;}\u00bb][vc_column_text] Docencia [\/vc_column_text][vc_column_text][\/vc_column_text][\/vc_column][vc_column width=\u00bb1\/3&#8243;][vc_column_text]Consultar todas las titulaciones de la ULL [\/vc_column_text][vc_column_text] Enlaces de inter\u00e9s Negociado de Atenci\u00f3n T\u00e9cnica Calendario acad\u00e9mico Tutor\u00edas [\/vc_column_text][\/vc_column][\/vc_row]<\/p>\n","protected":false},"author":1,"featured_media":0,"parent":0,"menu_order":0,"comment_status":"closed","ping_status":"closed","template":"","meta":[],"_links":{"self":[{"href":"https:\/\/www.ull.es\/departamentos\/economia-aplicada-y-metodos-cuantitativos\/wp-json\/wp\/v2\/pages\/18"}],"collection":[{"href":"https:\/\/www.ull.es\/departamentos\/economia-aplicada-y-metodos-cuantitativos\/wp-json\/wp\/v2\/pages"}],"about":[{"href":"https:\/\/www.ull.es\/departamentos\/economia-aplicada-y-metodos-cuantitativos\/wp-json\/wp\/v2\/types\/page"}],"author":[{"embeddable":true,"href":"https:\/\/www.ull.es\/departamentos\/economia-aplicada-y-metodos-cuantitativos\/wp-json\/wp\/v2\/users\/1"}],"replies":[{"embeddable":true,"href":"https:\/\/www.ull.es\/departamentos\/economia-aplicada-y-metodos-cuantitativos\/wp-json\/wp\/v2\/comments?post=18"}],"version-history":[{"count":7,"href":"https:\/\/www.ull.es\/departamentos\/economia-aplicada-y-metodos-cuantitativos\/wp-json\/wp\/v2\/pages\/18\/revisions"}],"predecessor-version":[{"id":212,"href":"https:\/\/www.ull.es\/departamentos\/economia-aplicada-y-metodos-cuantitativos\/wp-json\/wp\/v2\/pages\/18\/revisions\/212"}],"wp:attachment":[{"href":"https:\/\/www.ull.es\/departamentos\/economia-aplicada-y-metodos-cuantitativos\/wp-json\/wp\/v2\/media?parent=18"}],"curies":[{"name":"wp","href":"https:\/\/api.w.org\/{rel}","templated":true}]}}