{"id":206,"date":"2021-04-20T12:41:19","date_gmt":"2021-04-20T12:41:19","guid":{"rendered":"https:\/\/www.ull.es\/departamentos\/economia-aplicada-y-metodos-cuantitativos\/?page_id=206"},"modified":"2021-04-20T12:46:05","modified_gmt":"2021-04-20T12:46:05","slug":"tutorias","status":"publish","type":"page","link":"https:\/\/www.ull.es\/departamentos\/economia-aplicada-y-metodos-cuantitativos\/tutorias\/","title":{"rendered":"Tutor\u00edas"},"content":{"rendered":"\n<h1>Tutor\u00edas<\/h1>\n\n\n\n<p>Los horarios de tutor\u00edas de los profesores se encuentran en las gu\u00edas docentes de las asignaturas que imparten y se pueden consultar en este <a rel=\"noreferrer noopener\" href=\"https:\/\/www.ull.es\/apps\/guias\/guias\/\" target=\"_blank\" target=\"_blank\" rel=\"noopener\">enlace.<\/a><\/p>\n","protected":false},"excerpt":{"rendered":"<p>Tutor\u00edas Los horarios de tutor\u00edas de los profesores se encuentran en las gu\u00edas docentes de las asignaturas que imparten y se pueden consultar en este enlace.<\/p>\n","protected":false},"author":4,"featured_media":0,"parent":0,"menu_order":0,"comment_status":"closed","ping_status":"closed","template":"","meta":[],"_links":{"self":[{"href":"https:\/\/www.ull.es\/departamentos\/economia-aplicada-y-metodos-cuantitativos\/wp-json\/wp\/v2\/pages\/206"}],"collection":[{"href":"https:\/\/www.ull.es\/departamentos\/economia-aplicada-y-metodos-cuantitativos\/wp-json\/wp\/v2\/pages"}],"about":[{"href":"https:\/\/www.ull.es\/departamentos\/economia-aplicada-y-metodos-cuantitativos\/wp-json\/wp\/v2\/types\/page"}],"author":[{"embeddable":true,"href":"https:\/\/www.ull.es\/departamentos\/economia-aplicada-y-metodos-cuantitativos\/wp-json\/wp\/v2\/users\/4"}],"replies":[{"embeddable":true,"href":"https:\/\/www.ull.es\/departamentos\/economia-aplicada-y-metodos-cuantitativos\/wp-json\/wp\/v2\/comments?post=206"}],"version-history":[{"count":3,"href":"https:\/\/www.ull.es\/departamentos\/economia-aplicada-y-metodos-cuantitativos\/wp-json\/wp\/v2\/pages\/206\/revisions"}],"predecessor-version":[{"id":211,"href":"https:\/\/www.ull.es\/departamentos\/economia-aplicada-y-metodos-cuantitativos\/wp-json\/wp\/v2\/pages\/206\/revisions\/211"}],"wp:attachment":[{"href":"https:\/\/www.ull.es\/departamentos\/economia-aplicada-y-metodos-cuantitativos\/wp-json\/wp\/v2\/media?parent=206"}],"curies":[{"name":"wp","href":"https:\/\/api.w.org\/{rel}","templated":true}]}}