{"id":83,"date":"2017-05-11T12:37:19","date_gmt":"2017-05-11T12:37:19","guid":{"rendered":"http:\/\/www.ull.es\/departamentos\/ingenieria-informatica-sistemas\/?page_id=9"},"modified":"2023-12-27T17:31:32","modified_gmt":"2023-12-27T17:31:32","slug":"informacion-ubicacion-y-contacto","status":"publish","type":"page","link":"https:\/\/www.ull.es\/departamentos\/economia-aplicada-y-metodos-cuantitativos\/informacion-ubicacion-y-contacto\/","title":{"rendered":"Informaci\u00f3n, ubicaci\u00f3n y contacto"},"content":{"rendered":"<p>[vc_row][vc_column width=\u00bb2\/3&#8243; el_class=\u00bbpadding-50-right\u00bb css=\u00bb.vc_custom_1494506721665{padding-right: 50px !important;}\u00bb][vc_column_text]<\/p>\n<h1>Presentaci\u00f3n<\/h1>\n<p>[\/vc_column_text][vc_column_text el_id=\u00bbpresentacion\u00bb]\n<div class=\"shortcode-descripcion\">\n    <p>El Departamento de Econom\u00eda Aplicada y M\u00e9todos Cuantitativos est\u00e1 compuesto por dos \u00e1reas de conocimiento, cada una de las cuales est\u00e1 a su vez dividida funcionalmente en dos Unidades Departamentales: \u00c1rea de Econom\u00eda Aplicada: U.D. Estructura Econ\u00f3mica y Recursos Naturales, U.D. Instituciones Econ\u00f3micas. \u00c1rea de M\u00e9todos Cuantitativos para la Econom\u00eda y la Empresa: U.D. Estad\u00edstica Econ\u00f3mica y Econometr\u00eda, U.D. Matem\u00e1ticas para Econom\u00eda y Empresa. El Departamento coordina y desarrolla las ense\u00f1anzas adscritas a dichas Unidades Departamentales, promueve la investigaci\u00f3n y la innovaci\u00f3n e impulsa todo tipo de actividades e iniciativas de inter\u00e9s articul\u00e1ndolas en un contexto de calidad y de conformidad con la programaci\u00f3n docente e investigadora de la Universidad de La Laguna, Su m\u00e1ximo \u00f3rgano de gobierno interno es el Consejo de Departamento del que forman parte una representaci\u00f3n de sus profesores o Personal Docente e Investigador (PDI), de su personal de administraci\u00f3n y servicios (PAS) y del alumnado implicado en su labor docente en todas las titulaciones en las que tiene responsabilidad (Grados, M\u00e1sters y Doctorado entre otros). Su sede administrativa se encuentra en el primer piso del Edificio de la Facultad de Econom\u00eda, Empresa y Turismo (Campus de Guajara), si bien su actividad docente abarca ocho de los centros de los que consta actualmente la ULL. Por otro lado, la labor investigadora se desarrolla en buena medida en el seno de proyectos de investigaci\u00f3n multidisciplinares y en colaboraci\u00f3n con diversas instituciones pol\u00edticas, sociales y empresariales, atendiendo tambi\u00e9n a su proyecci\u00f3n social mediante diferentes actividades de divulgaci\u00f3n.<\/p><\/div>\n\n[\/vc_column_text][vc_empty_space height=\u00bb40px\u00bb][vc_column_text el_id=\u00bbareas-de-conocimiento\u00bb]\n<style>\n    .shortcode-areas h2 {\n        margin-bottom: 10px !important;\n    }\n<\/style>\n\n<div class=\"shortcode-areas\">\n    <h2>\u00c1reas de conocimiento<\/h2><ul><li>M\u00e9todos Cuantitativos para la Econom\u00eda y la Empresa<\/li><li>Econom\u00eda Aplicada<\/li><\/ul><\/div>\n\n[\/vc_column_text][vc_empty_space height=\u00bb40px\u00bb][vc_column_text el_id=\u00bborganigrama\u00bb]<\/p>\n<h1>Organigrama<\/h1>\n<p>[\/vc_column_text][vc_column_text]\n<style>\n    .shortcode-equipo h2 {\n        margin-bottom: 10px !important;\n    }\n<\/style>\n\n<div class=\"shortcode-equipo\">\n    <h2>Equipo de direcci\u00f3n<\/h2><dl><dt><strong>Directora<\/strong><\/dt><dd> <a href='https:\/\/www.ull.es\/directorio\/search\/?busqueda=Mar\u00eda Candelaria Barrios Gonz\u00e1lez' target='_blank'>Mar\u00eda Candelaria Barrios Gonz\u00e1lez<\/a><\/dd><dt><strong>Subdirectora<\/strong><\/dt><dd> <a href='https:\/\/www.ull.es\/directorio\/search\/?busqueda=Carmen Dolores Whebe Herrera' target='_blank'>Carmen Dolores Whebe Herrera<\/a><\/dd><dt><strong>Secretario<\/strong><\/dt><dd> <a href='https:\/\/www.ull.es\/directorio\/search\/?busqueda=Carlos Gustavo Garc\u00eda Gonz\u00e1lez' target='_blank'>Carlos Gustavo Garc\u00eda Gonz\u00e1lez<\/a><\/dd><dt><strong>Subsecretario<\/strong><\/dt><dd> <a href='https:\/\/www.ull.es\/directorio\/search\/?busqueda=Jos\u00e9 Enr\u00edquez Rodr\u00edguez Hern\u00e1ndez' target='_blank'>Jos\u00e9 Enr\u00edquez Rodr\u00edguez Hern\u00e1ndez<\/a><\/dd><\/dl><h2>Personal de administraci\u00f3n<\/h2><dl><dt><strong>Administrativo<\/strong><\/dt><dd> <a href='https:\/\/www.ull.es\/directorio\/search\/?busqueda=Fernando Vizca\u00edno Sosa' target='_blank'>Fernando Vizca\u00edno Sosa<\/a><\/dd><\/dl>\n<\/div>\n[\/vc_column_text][\/vc_column][vc_column width=\u00bb1\/3&#8243;][vc_column_text]<a class=\"btn-destacado\" href=\"https:\/\/riull.ull.es\/xmlui\/handle\/915\/6031\" target=\"_blank\" rel=\"noopener\" target=\"_blank\" rel=\"noopener\">Consultar normativa del departamento<i class=\"fa fa-arrow-right\"><\/i><\/a>[\/vc_column_text][vc_column_text]<a class=\"btn-destacado\" href=\"https:\/\/docs.google.com\/spreadsheets\/d\/e\/2PACX-1vSKUnPTr-NkkbodWDxPcZCWn4S1ZJ9YUvvxzuojvK6nWr0tOVyOLS3oajQSdew_3As__dyHCOYuH-iQ\/pubhtml\" target=\"_blank\" rel=\"noopener\" target=\"_blank\" rel=\"noopener\">Consultar comisiones del departamento<i class=\"fa fa-arrow-right\"><\/i><\/a>[\/vc_column_text][vc_column_text]\n<ul class=\"widget-box\">\n<li class='contacto-header'>Informaci\u00f3n de contacto<\/li><li><i class=\"fa fa-map-marker\"><\/i> Camino La Hornera, 37. Facultad de Econom\u00eda, Empresa y Turismo. Planta 1, Apartado Correos 456, 38200. San Crist\u00f3bal de La Laguna. S\/C de Tenerife<\/li><li><i class=\"fa fa-phone\"><\/i> (+34) 922 31 78 55<\/li><li><i class=\"fa fa-address-book-o\"><\/i> <a target=\"_blank\" href=\"https:\/\/www.ull.es\/directorio\/search\/?busqueda_uo=economia-aplicada-y-metodos-cuantitativos\">Directorio<\/a><\/li><li><i class=\"fa fa-envelope\"><\/i>  <a href=mailto:ecapmecu@ull.es>ecapmecu@ull.es<\/a><\/li>\n<\/ul>\n\n[\/vc_column_text][vc_column_text el_id=\u00bbubicacion\u00bb]\n    \n<style>\n    .google-maps {\n        position: relative;\n        padding-bottom: 75%;\n        height: 0;\n        overflow: hidden;\n    }\n    .google-maps iframe {\n        position: absolute;\n        top: 0;\n        left: 0;\n        width: 100% !important;\n        height: 100% !important;\n    }\n<\/style>\n\n\n<div class=\"google-maps\">\n    <iframe src=\"https:\/\/www.openstreetmap.org\/export\/embed.html?bbox=-16.309133489936%2C28.467040663841%2C-16.302989680346%2C28.472852886121&amp;layer=mapnik&amp;marker=28.471223619581323%2C-16.306307315826416\" style=\"border: 1px solid black\"><\/iframe>\n<\/div>\n\n<div class=\"btn-widget\">\n    <a href=\"https:\/\/www.openstreetmap.org\/directions?engine=graphhopper_car&from=&to=28.471223619581323%2C-16.306307315826416#map=17\/28.471223619581323\/-16.306307315826416\">C\u00f3mo llegar<\/a>  \n<\/div>\n\n  <\/body>\n<\/html>\n\n[\/vc_column_text][\/vc_column][\/vc_row]<\/p>\n","protected":false},"excerpt":{"rendered":"<p>[vc_row][vc_column width=\u00bb2\/3&#8243; el_class=\u00bbpadding-50-right\u00bb css=\u00bb.vc_custom_1494506721665{padding-right: 50px !important;}\u00bb][vc_column_text] Presentaci\u00f3n [\/vc_column_text][vc_column_text el_id=\u00bbpresentacion\u00bb][\/vc_column_text][vc_empty_space height=\u00bb40px\u00bb][vc_column_text el_id=\u00bbareas-de-conocimiento\u00bb][\/vc_column_text][vc_empty_space height=\u00bb40px\u00bb][vc_column_text el_id=\u00bborganigrama\u00bb] Organigrama [\/vc_column_text][vc_column_text][\/vc_column_text][\/vc_column][vc_column width=\u00bb1\/3&#8243;][vc_column_text]Consultar normativa del departamento[\/vc_column_text][vc_column_text]Consultar comisiones del departamento[\/vc_column_text][vc_column_text][\/vc_column_text][vc_column_text el_id=\u00bbubicacion\u00bb][\/vc_column_text][\/vc_column][\/vc_row]<\/p>\n","protected":false},"author":1,"featured_media":0,"parent":0,"menu_order":0,"comment_status":"closed","ping_status":"closed","template":"","meta":[],"_links":{"self":[{"href":"https:\/\/www.ull.es\/departamentos\/economia-aplicada-y-metodos-cuantitativos\/wp-json\/wp\/v2\/pages\/83"}],"collection":[{"href":"https:\/\/www.ull.es\/departamentos\/economia-aplicada-y-metodos-cuantitativos\/wp-json\/wp\/v2\/pages"}],"about":[{"href":"https:\/\/www.ull.es\/departamentos\/economia-aplicada-y-metodos-cuantitativos\/wp-json\/wp\/v2\/types\/page"}],"author":[{"embeddable":true,"href":"https:\/\/www.ull.es\/departamentos\/economia-aplicada-y-metodos-cuantitativos\/wp-json\/wp\/v2\/users\/1"}],"replies":[{"embeddable":true,"href":"https:\/\/www.ull.es\/departamentos\/economia-aplicada-y-metodos-cuantitativos\/wp-json\/wp\/v2\/comments?post=83"}],"version-history":[{"count":7,"href":"https:\/\/www.ull.es\/departamentos\/economia-aplicada-y-metodos-cuantitativos\/wp-json\/wp\/v2\/pages\/83\/revisions"}],"predecessor-version":[{"id":196,"href":"https:\/\/www.ull.es\/departamentos\/economia-aplicada-y-metodos-cuantitativos\/wp-json\/wp\/v2\/pages\/83\/revisions\/196"}],"wp:attachment":[{"href":"https:\/\/www.ull.es\/departamentos\/economia-aplicada-y-metodos-cuantitativos\/wp-json\/wp\/v2\/media?parent=83"}],"curies":[{"name":"wp","href":"https:\/\/api.w.org\/{rel}","templated":true}]}}