{"id":133,"date":"2017-05-10T13:41:12","date_gmt":"2017-05-10T13:41:12","guid":{"rendered":"http:\/\/www.ull.es\/departamentos\/ingenieria-informatica-sistemas\/?page_id=2"},"modified":"2019-02-07T14:14:02","modified_gmt":"2019-02-07T14:14:02","slug":"inicio","status":"publish","type":"page","link":"https:\/\/www.ull.es\/departamentos\/economia-contabilidad-y-finanzas\/","title":{"rendered":"Inicio"},"content":{"rendered":"<p>[vc_row full_width=\u00bbstretch_row\u00bb content_placement=\u00bbmiddle\u00bb css=\u00bb.vc_custom_1507638579227{background: #d3d3d3 url(http:\/\/www.ull.es\/departamentos\/economia-contabilidad-y-finanzas\/wp-content\/uploads\/sites\/24\/2017\/10\/imagen-departamento-18-1.jpg?id=213) !important;background-position: center !important;background-repeat: no-repeat !important;background-size: cover !important;}\u00bb][vc_column css=\u00bb.vc_custom_1494852981099{padding-top: 80px !important;padding-bottom: 120px !important;}\u00bb][vc_column_text el_class=\u00bbtitle-departamento\u00bb]\n<h1>Econom\u00eda, Contabilidad y Finanzas<\/h1>\n\n[\/vc_column_text][\/vc_column][\/vc_row][vc_row content_placement=\u00bbmiddle\u00bb css=\u00bb.vc_custom_1493298843177{padding-bottom: 35px !important;}\u00bb][vc_column css=\u00bb.vc_custom_1493296994985{margin-top: -50px !important;background-color: #ffffff !important;}\u00bb][vc_column_text css=\u00bb.vc_custom_1504776803565{padding-right: 35px !important;padding-left: 35px !important;}\u00bb]\n<div class=\"shortcode-descripcion\">\n    <p>El Departamento de Econom\u00eda, Contabilidad y Finanzas es el \u00f3rgano encargado de organizar, desarrollar y coordinar las ense\u00f1anzas propias de las \u00e1reas de conocimiento adscritas al mismo. Este departamento imparte docencia en la Facultad de Econom\u00eda, Empresa y Turismo (Grado en Econom\u00eda, Grado en Administraci\u00f3n y direcci\u00f3n de empresas, Grado en Contabilidad y finanzas y Grado en Turismo), Facultad de Humanidades (Grado en Estudios Franc\u00f3fonos Aplicados), Facultad de Educaci\u00f3n (Grado en Maestro en Educaci\u00f3n Primaria), Facultad de Derecho (Grado en Relaciones Laborales), y Escuela Superior de Ingenier\u00eda y Tecnolog\u00eda (Grado en Ingenier\u00eda Inform\u00e1tica). Asimismo, imparte docencia de posgrado en el M\u00e1ster en Direcci\u00f3n y Planificaci\u00f3n del Turismo, M\u00e1ster en Energ\u00edas Renovables, M\u00e1ster Universitario en Investigaci\u00f3n y Diagn\u00f3stico de Enfermedades Tropicales, M\u00e1ster Universitario en Innovaci\u00f3n Comunicativa en las Organizaciones y M\u00e1ster en Formaci\u00f3n de ESO, Bachillerato, FP y Ense\u00f1anza de Idiomas. El departamento tambi\u00e9n es el \u00f3rgano encargado de apoyar la actividad investigadora de sus miembros. El Departamento de Econom\u00eda, Contabilidad y Finanzas tiene dos unidades departamentales: la Unidad Departamental de An\u00e1lisis Econ\u00f3mico y la Unidad Departamental de Econom\u00eda Financiera y Contabilidad.<\/p><\/div>\n\n[\/vc_column_text][\/vc_column][\/vc_row][vc_row full_width=\u00bbstretch_row\u00bb css=\u00bb.vc_custom_1500894075041{padding-top: 50px !important;padding-bottom: 50px !important;background-color: #eeeeee !important;}\u00bb el_class=\u00bbvc-bloque-destacado bloque-destacado\u00bb][vc_column][vc_row_inner][vc_column_inner width=\u00bb1\/4&#8243;][vc_column_text]<a class=\"destacado\" style=\"background-color: #663366;\" href=\"https:\/\/www.ull.es\/departamentos\/economia-contabilidad-y-finanzas\/informacion-ubicacion-y-contacto\/\" target=\"_blank\" rel=\"noopener\">Informaci\u00f3n, ubicaci\u00f3n y contacto<i class=\"fa fa-arrow-right\"><\/i><\/a>[\/vc_column_text][\/vc_column_inner][vc_column_inner width=\u00bb1\/4&#8243;][vc_column_text]<a class=\"destacado\" style=\"background-color: #006699;\" href=\"https:\/\/riull.ull.es\/xmlui\/handle\/915\/6034\" target=\"_blank\" rel=\"noopener\" target=\"_blank\" rel=\"noopener\">Normativa del departamento <i class=\"fa fa-book\"><\/i><\/a>[\/vc_column_text][\/vc_column_inner][vc_column_inner width=\u00bb1\/4&#8243;][vc_column_text]<a class=\"destacado\" style=\"background-color: #999999;\" href=\"https:\/\/www.ull.es\/departamentos\/economia-contabilidad-y-finanzas\/personal\/\" target=\"_blank\" rel=\"noopener\">Personal asociado al departamento <i class=\"fa fa-users\"><\/i><\/a>[\/vc_column_text][\/vc_column_inner][vc_column_inner width=\u00bb1\/4&#8243;][vc_column_text]<a class=\"destacado\" style=\"background-color: #44919d;\" href=\"https:\/\/docs.google.com\/spreadsheets\/d\/e\/2PACX-1vRvmnNhrj0SKgFNtZleAHg6sSNvfCtmzheaTVqa0ZdkmmCMGNAFtJEVjnGxpIK_u_xz-IjmNLf_UX37\/pubhtml\" target=\"_blank\" rel=\"noopener\" target=\"_blank\" rel=\"noopener\">Consultar tutor\u00edas<i class=\"fa fa-calendar\"><\/i><\/a>[\/vc_column_text][\/vc_column_inner][\/vc_row_inner][\/vc_column][\/vc_row][vc_row full_width=\u00bbstretch_row\u00bb css=\u00bb.vc_custom_1493903710709{margin-bottom: 50px !important;background-color: #ffffff !important;}\u00bb][vc_column width=\u00bb1\/3&#8243;][vc_column_text]<style>\n    .news-group .bg-size {\n        background-position: center;\n        background-size: cover;\n        width: 100%;\n        height: 48px;\n    }\n    .news-group .list-group-item-text {\n        font-size: 13px;\n    }\n    .news-group .col-md-3 {\n        padding-right: 0;\n    }\n    .news-group .list-group-item-date {\n        font-size: 11px;\n        color: #A4A4A4;\n        margin-bottom: 2px;\n        text-transform: uppercase;\n    }\n\n    .mensaje.alert-warning{\n        font-size: 12px;\n        margin: 14px !important;\n        padding: 4px 8px;\n        color: #cca60b;\n    }\n<\/style>\n\n<div class=\"panel panel-default\">\n    <div class=\"panel-heading\">\n        <h3 class=\"panel-title\">Noticias<\/h3>\n    <\/div>\n\n    <div class=\"list-group news-group\">\n                    <a href=\"https:\/\/www.ull.es\/portal\/noticias\/2025\/facultad-economia-empresa-turismo-presentacion-libro-mercados-financieros\/\" class=\"list-group-item\">\n                <div class=\"row\">\n                    <div class=\"col-md-3\">\n                        <div class=\"bg-size\" style=\"background-image: url('https:\/\/www.ull.es\/portal\/noticias\/wp-content\/uploads\/sites\/13\/2025\/11\/Presentacion-de-libro-17-300x200.jpg');\"><\/div>\n                    <\/div>\n                    <div class=\"col-md-9\">\n                        <p class=\"list-group-item-date\">\n                            27 Nov 2025 - 10:12 UTC                        <\/p>\n                        <p class=\"list-group-item-text\">La Facultad de Econom\u00eda, Empresa y Turismo acogi\u00f3 la presentaci\u00f3n de un libro sobre mercados financieros<\/p>\n                    <\/div>\n                <\/div>\n            <\/a>\n                    <a href=\"https:\/\/www.ull.es\/portal\/noticias\/2025\/arranca-en-la-ull-el-congreso-internacional-de-contabilidad-abordando-los-desafios-de-las-organizaciones\/\" class=\"list-group-item\">\n                <div class=\"row\">\n                    <div class=\"col-md-3\">\n                        <div class=\"bg-size\" style=\"background-image: url('https:\/\/www.ull.es\/portal\/noticias\/wp-content\/uploads\/sites\/13\/2025\/09\/AECA-dia-24-056-300x202.jpg');\"><\/div>\n                    <\/div>\n                    <div class=\"col-md-9\">\n                        <p class=\"list-group-item-date\">\n                            24 Sep 2025 - 13:27 UTC                        <\/p>\n                        <p class=\"list-group-item-text\">Arranca en la ULL el Congreso Internacional de Contabilidad abordando los desaf\u00edos de las organizaciones<\/p>\n                    <\/div>\n                <\/div>\n            <\/a>\n                    <a href=\"https:\/\/www.ull.es\/portal\/noticias\/2025\/el-catedratico-de-la-ull-francisco-ramos-nombrado-vocal-primero-del-consejo-canario-de-defensa-de-la-competencia\/\" class=\"list-group-item\">\n                <div class=\"row\">\n                    <div class=\"col-md-3\">\n                        <div class=\"bg-size\" style=\"background-image: url('https:\/\/www.ull.es\/portal\/noticias\/wp-content\/uploads\/sites\/13\/2022\/03\/Francisco-Javier-Ramos-04-300x200.jpg');\"><\/div>\n                    <\/div>\n                    <div class=\"col-md-9\">\n                        <p class=\"list-group-item-date\">\n                            09 Apr 2025 - 09:10 UTC                        <\/p>\n                        <p class=\"list-group-item-text\">El catedr\u00e1tico de la ULL Francisco Ramos, nombrado vocal primero del Consejo Canario de Defensa de la Competencia<\/p>\n                    <\/div>\n                <\/div>\n            <\/a>\n                    <a href=\"https:\/\/www.ull.es\/portal\/noticias\/2024\/trabajadores-remotos-airbnb-estancias-largas-mayor-implicacion\/\" class=\"list-group-item\">\n                <div class=\"row\">\n                    <div class=\"col-md-3\">\n                        <div class=\"bg-size\" style=\"background-image: url('https:\/\/www.ull.es\/portal\/noticias\/wp-content\/uploads\/sites\/13\/2024\/10\/Jose-Manuel-Ramos-y-Sandra-Morini-05-300x200.jpg');\"><\/div>\n                    <\/div>\n                    <div class=\"col-md-9\">\n                        <p class=\"list-group-item-date\">\n                            30 Oct 2024 - 12:47 UTC                        <\/p>\n                        <p class=\"list-group-item-text\">Los trabajadores remotos usuarios de Airbnb en estancias largas buscan una mayor implicaci\u00f3n con el lugar<\/p>\n                    <\/div>\n                <\/div>\n            <\/a>\n                    <a href=\"https:\/\/www.ull.es\/portal\/noticias\/2023\/ull-genera-385-euros-por-cada-uno-invierte\/\" class=\"list-group-item\">\n                <div class=\"row\">\n                    <div class=\"col-md-3\">\n                        <div class=\"bg-size\" style=\"background-image: url('https:\/\/www.ull.es\/portal\/noticias\/wp-content\/uploads\/sites\/13\/2023\/12\/Impacto-Socieoecon-ULL-15-300x200.jpg');\"><\/div>\n                    <\/div>\n                    <div class=\"col-md-9\">\n                        <p class=\"list-group-item-date\">\n                            21 Dec 2023 - 13:58 UTC                        <\/p>\n                        <p class=\"list-group-item-text\">La Universidad de La Laguna genera 3,85 euros en bienes y servicios por cada uno que se invierte en ella<\/p>\n                    <\/div>\n                <\/div>\n            <\/a>\n            <\/div>\n    <div class=\"panel-footer\">\n        <a href=\"https:\/\/www.ull.es\/portal\/noticias\/?cat=3377\">M\u00c1S NOTICIAS <i class=\"fa fa-chevron-right\"><\/i><\/a>\n    <\/div>\n\n\n<\/div>[\/vc_column_text][\/vc_column][vc_column width=\u00bb1\/3&#8243;][vc_column_text]\n<style>\n    .events-group .bg-size {\n        background-position: center;\n        background-size: cover;\n        width: 100%;\n        height: 48px;\n    }\n    .events-group .list-group-item-text {\n        font-size: 13px;\n    }\n    .events-group .col-md-3 {\n        padding-right: 0;\n    }\n    .events-group .list-group-item-date {\n        font-size: 11px;\n        color: #A4A4A4;\n        margin-bottom: 2px;\n        text-transform: uppercase;\n    }\n\n    .mensaje.alert-warning{\n        font-size: 12px;\n        margin: 14px !important;\n        padding: 4px 8px;\n        color: #cca60b;\n    }\n\n<\/style>\n\n<div class=\"panel panel-default\">\n    <div class=\"panel-heading\">\n        <h3 class=\"panel-title\">Eventos<\/h3>\n    <\/div>\n\n    <div class=\"list-group events-group\">\n\n        <div class=\"mensaje alert alert-warning\">No hay eventos disponibles.<\/div>\n    <\/div>\n\n\n<\/div>\n[\/vc_column_text][\/vc_column][vc_column width=\u00bb1\/3&#8243;][vc_column_text]<style>\n    .news-group .bg-size {\n        background-position: center;\n        background-size: cover;\n        width: 100%;\n        height: 48px;\n    }\n    .news-group .list-group-item-text {\n        font-size: 13px;\n    }\n    .news-group .col-md-3 {\n        padding-right: 0;\n    }\n    .news-group .list-group-item-date {\n        font-size: 11px;\n        color: #A4A4A4;\n        margin-bottom: 2px;\n        text-transform: uppercase;\n    }\n\n    .mensaje.alert-warning{\n        font-size: 12px;\n        margin: 14px !important;\n        padding: 4px 8px;\n        color: #cca60b;\n    }\n\n<\/style>\n\n<div class=\"panel panel-default\">\n    <div class=\"panel-heading\">\n        <h3 class=\"panel-title\">Notificaciones<\/h3>\n    <\/div>\n\n    <div class=\"list-group news-group\">\n                            <a href=\"https:\/\/www.ull.es\/portal\/noticias\/2025\/elecciones-para-representantes-de-alumnado-del-departamento-de-economia-contabilidad-y-finanzas\/\" class=\"list-group-item\">\n                    <div class=\"row\">\n                        <div class=\"col-md-12\">\n                            <p class=\"list-group-item-date\">\n                                22 Oct 2025 - 12:40 UTC                            <\/p>\n                            <p class=\"list-group-item-text\">Elecciones para representantes de alumnado del Departamento de Econom\u00eda, Contabilidad y Finanzas<\/p>\n                        <\/div>\n                    <\/div>\n                <\/a>\n                            <a href=\"https:\/\/www.ull.es\/portal\/noticias\/2024\/elecciones-para-la-renovacion-de-los-representantes-de-los-estudiantes-en-el-departamento-de-economia-contabilidad-y-finanzas-2\/\" class=\"list-group-item\">\n                    <div class=\"row\">\n                        <div class=\"col-md-12\">\n                            <p class=\"list-group-item-date\">\n                                21 Oct 2024 - 10:15 UTC                            <\/p>\n                            <p class=\"list-group-item-text\">Elecciones para la renovaci\u00f3n de los representantes de los estudiantes en el Departamento de Econom\u00eda, Contabilidad y Finanzas<\/p>\n                        <\/div>\n                    <\/div>\n                <\/a>\n                            <a href=\"https:\/\/www.ull.es\/portal\/noticias\/2024\/resolucion-de-la-directora-del-departamento-de-economia-contabilidad-y-finanzas-por-la-que-se-convocan-elecciones-a-la-direccion-del-departamento\/\" class=\"list-group-item\">\n                    <div class=\"row\">\n                        <div class=\"col-md-12\">\n                            <p class=\"list-group-item-date\">\n                                22 May 2024 - 07:00 UTC                            <\/p>\n                            <p class=\"list-group-item-text\">Resoluci\u00f3n de la directora del Departamento de Econom\u00eda, Contabilidad y Finanzas por la que se convocan elecciones a la direcci\u00f3n del departamento<\/p>\n                        <\/div>\n                    <\/div>\n                <\/a>\n                            <a href=\"https:\/\/www.ull.es\/portal\/noticias\/2024\/composicion-de-la-comision-de-baremacion-de-plazas-del-departamento-de-economia-contabilidad-y-finanzas\/\" class=\"list-group-item\">\n                    <div class=\"row\">\n                        <div class=\"col-md-12\">\n                            <p class=\"list-group-item-date\">\n                                24 Jan 2024 - 12:08 UTC                            <\/p>\n                            <p class=\"list-group-item-text\">Composici\u00f3n de la comisi\u00f3n de baremaci\u00f3n de plazas del Departamento de Econom\u00eda, Contabilidad y Finanzas<\/p>\n                        <\/div>\n                    <\/div>\n                <\/a>\n                            <a href=\"https:\/\/www.ull.es\/portal\/noticias\/2023\/elecciones-para-la-renovacion-de-los-representantes-de-los-estudiantes-en-el-departamento-de-economia-contabilidad-y-finanzas\/\" class=\"list-group-item\">\n                    <div class=\"row\">\n                        <div class=\"col-md-12\">\n                            <p class=\"list-group-item-date\">\n                                31 Oct 2023 - 07:00 UTC                            <\/p>\n                            <p class=\"list-group-item-text\">Elecciones para la renovaci\u00f3n de los representantes de los estudiantes en el Departamento de Econom\u00eda, Contabilidad y Finanzas<\/p>\n                        <\/div>\n                    <\/div>\n                <\/a>\n                <\/div>\n    <div class=\"panel-footer\">\n        <a href=\"https:\/\/www.ull.es\/portal\/noticias\/?cat=3378\">M\u00c1S NOTIFICACIONES <i class=\"fa fa-chevron-right\"><\/i><\/a>\n    <\/div>\n\n\n<\/div>[\/vc_column_text][\/vc_column][\/vc_row]<\/p>\n","protected":false},"excerpt":{"rendered":"<p>[vc_row full_width=\u00bbstretch_row\u00bb content_placement=\u00bbmiddle\u00bb css=\u00bb.vc_custom_1507638579227{background: #d3d3d3 url(http:\/\/www.ull.es\/departamentos\/economia-contabilidad-y-finanzas\/wp-content\/uploads\/sites\/24\/2017\/10\/imagen-departamento-18-1.jpg?id=213) !important;background-position: center !important;background-repeat: no-repeat !important;background-size: cover !important;}\u00bb][vc_column css=\u00bb.vc_custom_1494852981099{padding-top: 80px !important;padding-bottom: 120px !important;}\u00bb][vc_column_text el_class=\u00bbtitle-departamento\u00bb][\/vc_column_text][\/vc_column][\/vc_row][vc_row content_placement=\u00bbmiddle\u00bb css=\u00bb.vc_custom_1493298843177{padding-bottom: 35px !important;}\u00bb][vc_column css=\u00bb.vc_custom_1493296994985{margin-top: -50px !important;background-color: #ffffff !important;}\u00bb][vc_column_text css=\u00bb.vc_custom_1504776803565{padding-right: 35px !important;padding-left: 35px !important;}\u00bb][\/vc_column_text][\/vc_column][\/vc_row][vc_row full_width=\u00bbstretch_row\u00bb css=\u00bb.vc_custom_1500894075041{padding-top: 50px !important;padding-bottom: 50px !important;background-color: #eeeeee !important;}\u00bb el_class=\u00bbvc-bloque-destacado bloque-destacado\u00bb][vc_column][vc_row_inner][vc_column_inner width=\u00bb1\/4&#8243;][vc_column_text]Informaci\u00f3n, ubicaci\u00f3n y contacto[\/vc_column_text][\/vc_column_inner][vc_column_inner width=\u00bb1\/4&#8243;][vc_column_text]Normativa del departamento [\/vc_column_text][\/vc_column_inner][vc_column_inner width=\u00bb1\/4&#8243;][vc_column_text]Personal asociado al departamento&#8230;<\/p>\n","protected":false},"author":1,"featured_media":0,"parent":0,"menu_order":0,"comment_status":"closed","ping_status":"closed","template":"templates\/template-frontpage.php","meta":[],"_links":{"self":[{"href":"https:\/\/www.ull.es\/departamentos\/economia-contabilidad-y-finanzas\/wp-json\/wp\/v2\/pages\/133"}],"collection":[{"href":"https:\/\/www.ull.es\/departamentos\/economia-contabilidad-y-finanzas\/wp-json\/wp\/v2\/pages"}],"about":[{"href":"https:\/\/www.ull.es\/departamentos\/economia-contabilidad-y-finanzas\/wp-json\/wp\/v2\/types\/page"}],"author":[{"embeddable":true,"href":"https:\/\/www.ull.es\/departamentos\/economia-contabilidad-y-finanzas\/wp-json\/wp\/v2\/users\/1"}],"replies":[{"embeddable":true,"href":"https:\/\/www.ull.es\/departamentos\/economia-contabilidad-y-finanzas\/wp-json\/wp\/v2\/comments?post=133"}],"version-history":[{"count":21,"href":"https:\/\/www.ull.es\/departamentos\/economia-contabilidad-y-finanzas\/wp-json\/wp\/v2\/pages\/133\/revisions"}],"predecessor-version":[{"id":219,"href":"https:\/\/www.ull.es\/departamentos\/economia-contabilidad-y-finanzas\/wp-json\/wp\/v2\/pages\/133\/revisions\/219"}],"wp:attachment":[{"href":"https:\/\/www.ull.es\/departamentos\/economia-contabilidad-y-finanzas\/wp-json\/wp\/v2\/media?parent=133"}],"curies":[{"name":"wp","href":"https:\/\/api.w.org\/{rel}","templated":true}]}}