{"id":133,"date":"2017-05-10T13:41:12","date_gmt":"2017-05-10T13:41:12","guid":{"rendered":"http:\/\/www.ull.es\/departamentos\/ingenieria-informatica-sistemas\/?page_id=2"},"modified":"2019-02-08T13:48:41","modified_gmt":"2019-02-08T13:48:41","slug":"inicio","status":"publish","type":"page","link":"https:\/\/www.ull.es\/departamentos\/filologia-clasica-francesa-arabe-y-romanica\/","title":{"rendered":"Inicio"},"content":{"rendered":"<p>[vc_row full_width=\u00bbstretch_row\u00bb content_placement=\u00bbmiddle\u00bb css=\u00bb.vc_custom_1508421492835{background: #d3d3d3 url(http:\/\/www.ull.es\/departamentos\/filologia-clasica-francesa-arabe-y-romanica\/wp-content\/uploads\/sites\/26\/2017\/10\/imagen-departamento-19.jpg?id=229) !important;background-position: center !important;background-repeat: no-repeat !important;background-size: cover !important;}\u00bb][vc_column css=\u00bb.vc_custom_1494852981099{padding-top: 80px !important;padding-bottom: 120px !important;}\u00bb][vc_column_text el_class=\u00bbtitle-departamento\u00bb]\n<h1>Filolog\u00eda Cl\u00e1sica, Francesa, \u00c1rabe y Rom\u00e1nica<\/h1>\n\n[\/vc_column_text][\/vc_column][\/vc_row][vc_row content_placement=\u00bbmiddle\u00bb css=\u00bb.vc_custom_1493298843177{padding-bottom: 35px !important;}\u00bb][vc_column css=\u00bb.vc_custom_1493296994985{margin-top: -50px !important;background-color: #ffffff !important;}\u00bb][vc_column_text css=\u00bb.vc_custom_1504776803565{padding-right: 35px !important;padding-left: 35px !important;}\u00bb]\n<div class=\"shortcode-descripcion\">\n    <p>El Departamento de Filolog\u00eda Cl\u00e1sica, Francesa, \u00c1rabe y Rom\u00e1nica surge de la fusi\u00f3n, a partir del 2014, de los Departamentos anteriores: Departamento de Filolog\u00eda Cl\u00e1sica y \u00c1rabe y Departamento de Filolog\u00eda Francesa y Rom\u00e1nica.<\/p><\/div>\n\n[\/vc_column_text][\/vc_column][\/vc_row][vc_row full_width=\u00bbstretch_row\u00bb css=\u00bb.vc_custom_1500894075041{padding-top: 50px !important;padding-bottom: 50px !important;background-color: #eeeeee !important;}\u00bb el_class=\u00bbvc-bloque-destacado bloque-destacado\u00bb][vc_column][vc_row_inner][vc_column_inner width=\u00bb1\/4&#8243;][vc_column_text]<a class=\"destacado\" style=\"background-color: #663366;\" href=\"https:\/\/www.ull.es\/departamentos\/filologia-clasica-francesa-arabe-y-romanica\/informacion-ubicacion-y-contacto\/\" target=\"_blank\" rel=\"noopener\">Informaci\u00f3n, ubicaci\u00f3n y contacto<i class=\"fa fa-arrow-right\"><\/i><\/a>[\/vc_column_text][\/vc_column_inner][vc_column_inner width=\u00bb1\/4&#8243;][vc_column_text]<a class=\"destacado\" style=\"background-color: #006699;\" href=\"https:\/\/riull.ull.es\/xmlui\/handle\/915\/6038\" target=\"_blank\" rel=\"noopener\" target=\"_blank\" rel=\"noopener\">Normativa del departamento <i class=\"fa fa-book\"><\/i><\/a>[\/vc_column_text][\/vc_column_inner][vc_column_inner width=\u00bb1\/4&#8243;][vc_column_text]<a class=\"destacado\" style=\"background-color: #999999;\" href=\"https:\/\/www.ull.es\/departamentos\/filologia-clasica-francesa-arabe-y-romanica\/personal\/\" target=\"_blank\" rel=\"noopener\">Personal asociado al departamento <i class=\"fa fa-users\"><\/i><\/a>[\/vc_column_text][\/vc_column_inner][vc_column_inner width=\u00bb1\/4&#8243;][vc_column_text]<a class=\"destacado\" style=\"background-color: #44919d;\" href=\"https:\/\/docs.google.com\/spreadsheets\/d\/e\/2PACX-1vQoQiCjrb5OG6iY5kJ1eHpWIQojDSUiVK4QrOZc950TUd9L5NZ1Q6fGuHd0VzrCUxb19srdC8eXhFpG\/pubhtml\" target=\"_blank\" rel=\"noopener\" target=\"_blank\" rel=\"noopener\">Consultar tutor\u00edas<i class=\"fa fa-calendar\"><\/i><\/a>[\/vc_column_text][\/vc_column_inner][\/vc_row_inner][\/vc_column][\/vc_row][vc_row full_width=\u00bbstretch_row\u00bb css=\u00bb.vc_custom_1493903710709{margin-bottom: 50px !important;background-color: #ffffff !important;}\u00bb][vc_column width=\u00bb1\/3&#8243;][vc_column_text]<style>\n    .news-group .bg-size {\n        background-position: center;\n        background-size: cover;\n        width: 100%;\n        height: 48px;\n    }\n    .news-group .list-group-item-text {\n        font-size: 13px;\n    }\n    .news-group .col-md-3 {\n        padding-right: 0;\n    }\n    .news-group .list-group-item-date {\n        font-size: 11px;\n        color: #A4A4A4;\n        margin-bottom: 2px;\n        text-transform: uppercase;\n    }\n\n    .mensaje.alert-warning{\n        font-size: 12px;\n        margin: 14px !important;\n        padding: 4px 8px;\n        color: #cca60b;\n    }\n<\/style>\n\n<div class=\"panel panel-default\">\n    <div class=\"panel-heading\">\n        <h3 class=\"panel-title\">Noticias<\/h3>\n    <\/div>\n\n    <div class=\"list-group news-group\">\n                    <a href=\"https:\/\/www.ull.es\/portal\/noticias\/2025\/fortvnatae-sello-nacional-fecyt\/\" class=\"list-group-item\">\n                <div class=\"row\">\n                    <div class=\"col-md-3\">\n                        <div class=\"bg-size\" style=\"background-image: url('https:\/\/www.ull.es\/portal\/noticias\/wp-content\/uploads\/sites\/13\/2025\/12\/fortvnatae-42-p-300x204.jpg');\"><\/div>\n                    <\/div>\n                    <div class=\"col-md-9\">\n                        <p class=\"list-group-item-date\">\n                            15 Dec 2025 - 12:58 UTC                        <\/p>\n                        <p class=\"list-group-item-text\">La revista Fortvnatae obtiene el sello nacional de la FECYT al llegar a su n\u00famero 42<\/p>\n                    <\/div>\n                <\/div>\n            <\/a>\n                    <a href=\"https:\/\/www.ull.es\/portal\/noticias\/2025\/el-area-de-frances-de-la-ull-muestra-su-pujanza-en-la-feria-interuniversitaria-de-salidas-profesionales\/\" class=\"list-group-item\">\n                <div class=\"row\">\n                    <div class=\"col-md-3\">\n                        <div class=\"bg-size\" style=\"background-image: url('https:\/\/www.ull.es\/portal\/noticias\/wp-content\/uploads\/sites\/13\/2025\/04\/Feria-francofona-12-300x195.jpg');\"><\/div>\n                    <\/div>\n                    <div class=\"col-md-9\">\n                        <p class=\"list-group-item-date\">\n                            29 Apr 2025 - 12:45 UTC                        <\/p>\n                        <p class=\"list-group-item-text\">El \u00e1rea de Franc\u00e9s de la ULL muestra su pujanza en la Feria Interuniversitaria de Salidas Profesionales<\/p>\n                    <\/div>\n                <\/div>\n            <\/a>\n                    <a href=\"https:\/\/www.ull.es\/portal\/noticias\/2025\/la-ull-celebra-la-ii-feria-de-profesiones-francofonas-para-reforzar-la-conexion-con-africa-occidental\/\" class=\"list-group-item\">\n                <div class=\"row\">\n                    <div class=\"col-md-3\">\n                        <div class=\"bg-size\" style=\"background-image: url('https:\/\/www.ull.es\/portal\/noticias\/wp-content\/uploads\/sites\/13\/2025\/04\/Jornadas-Francofolie-300x150.png');\"><\/div>\n                    <\/div>\n                    <div class=\"col-md-9\">\n                        <p class=\"list-group-item-date\">\n                            28 Apr 2025 - 09:59 UTC                        <\/p>\n                        <p class=\"list-group-item-text\">La ULL celebra la II Feria de Profesiones Franc\u00f3fonas para reforzar la conexi\u00f3n con \u00c1frica Occidental<\/p>\n                    <\/div>\n                <\/div>\n            <\/a>\n                    <a href=\"https:\/\/www.ull.es\/portal\/noticias\/2025\/la-revista-fortvnatae-alcanza-el-numero-40-como-referente-de-los-estudios-clasicos-en-canarias\/\" class=\"list-group-item\">\n                <div class=\"row\">\n                    <div class=\"col-md-3\">\n                        <div class=\"bg-size\" style=\"background-image: url('');\"><\/div>\n                    <\/div>\n                    <div class=\"col-md-9\">\n                        <p class=\"list-group-item-date\">\n                            20 Jan 2025 - 09:11 UTC                        <\/p>\n                        <p class=\"list-group-item-text\">La Revista FORTVNATAE alcanza el n\u00famero 40 como referente de los estudios cl\u00e1sicos en Canarias<\/p>\n                    <\/div>\n                <\/div>\n            <\/a>\n                    <a href=\"https:\/\/www.ull.es\/portal\/noticias\/2024\/la-revista-de-filologia-clasica-fortvnatae-publica-el-numero-38-e-ingresa-en-el-catalogo-2-0-de-latindex\/\" class=\"list-group-item\">\n                <div class=\"row\">\n                    <div class=\"col-md-3\">\n                        <div class=\"bg-size\" style=\"background-image: url('https:\/\/www.ull.es\/portal\/noticias\/wp-content\/uploads\/sites\/13\/2024\/01\/fortunatae-1-300x200.jpg');\"><\/div>\n                    <\/div>\n                    <div class=\"col-md-9\">\n                        <p class=\"list-group-item-date\">\n                            11 Jan 2024 - 11:26 UTC                        <\/p>\n                        <p class=\"list-group-item-text\">La Revista de Filolog\u00eda Cl\u00e1sica FORTVNATAE publica el n\u00famero 38 e ingresa en el Cat\u00e1logo 2.0 de LATINDEX<\/p>\n                    <\/div>\n                <\/div>\n            <\/a>\n            <\/div>\n    <div class=\"panel-footer\">\n        <a href=\"https:\/\/www.ull.es\/portal\/noticias\/?cat=3381\">M\u00c1S NOTICIAS <i class=\"fa fa-chevron-right\"><\/i><\/a>\n    <\/div>\n\n\n<\/div>[\/vc_column_text][\/vc_column][vc_column width=\u00bb1\/3&#8243;][vc_column_text]\n<style>\n    .events-group .bg-size {\n        background-position: center;\n        background-size: cover;\n        width: 100%;\n        height: 48px;\n    }\n    .events-group .list-group-item-text {\n        font-size: 13px;\n    }\n    .events-group .col-md-3 {\n        padding-right: 0;\n    }\n    .events-group .list-group-item-date {\n        font-size: 11px;\n        color: #A4A4A4;\n        margin-bottom: 2px;\n        text-transform: uppercase;\n    }\n\n    .mensaje.alert-warning{\n        font-size: 12px;\n        margin: 14px !important;\n        padding: 4px 8px;\n        color: #cca60b;\n    }\n\n<\/style>\n\n<div class=\"panel panel-default\">\n    <div class=\"panel-heading\">\n        <h3 class=\"panel-title\">Eventos<\/h3>\n    <\/div>\n\n    <div class=\"list-group events-group\">\n                    <a href=\"https:\/\/www.ull.es\/portal\/agenda\/evento\/i-curso-de-nanofilologia-microtextualidad-minificcion-y-micronarrativa\/\" class=\"list-group-item\">\n                <div class=\"row\">\n                    <div class=\"col-md-3\">\n                        <div class=\"bg-size\" style=\"background-image: url('https:\/\/www.ull.es\/portal\/agenda\/wp-content\/uploads\/sites\/12\/2026\/02\/banner-eventos-6.png');\"><\/div>\n                    <\/div>\n                    <div class=\"col-md-9\">\n                        <p class=\"list-group-item-date\">\n                            18\/05\/26 - 29\/05\/26                        <\/p>\n                        <p class=\"list-group-item-text\">I Curso de Nanofilolog\u00eda: microtextualidad, minificci\u00f3n y micronarrativa<\/p>\n                    <\/div>\n\n                <\/div>\n            <\/a>\n        \n    <\/div>\n    <div class=\"panel-footer\">\n        <a href=\"https:\/\/www.ull.es\/portal\/agenda\/eventos\/categoria\/filologia-clasica-francesa-arabe-y-romanica\">M\u00c1S EVENTOS <i class=\"fa fa-chevron-right\"><\/i><\/a>\n    <\/div>\n\n\n<\/div>\n[\/vc_column_text][\/vc_column][vc_column width=\u00bb1\/3&#8243;][vc_column_text]<style>\n    .news-group .bg-size {\n        background-position: center;\n        background-size: cover;\n        width: 100%;\n        height: 48px;\n    }\n    .news-group .list-group-item-text {\n        font-size: 13px;\n    }\n    .news-group .col-md-3 {\n        padding-right: 0;\n    }\n    .news-group .list-group-item-date {\n        font-size: 11px;\n        color: #A4A4A4;\n        margin-bottom: 2px;\n        text-transform: uppercase;\n    }\n\n    .mensaje.alert-warning{\n        font-size: 12px;\n        margin: 14px !important;\n        padding: 4px 8px;\n        color: #cca60b;\n    }\n\n<\/style>\n\n<div class=\"panel panel-default\">\n    <div class=\"panel-heading\">\n        <h3 class=\"panel-title\">Notificaciones<\/h3>\n    <\/div>\n\n    <div class=\"list-group news-group\">\n                            <a href=\"https:\/\/www.ull.es\/portal\/noticias\/2026\/resolucion-del-director-por-la-que-se-convocan-elecciones-a-representantes-de-los-sectores-de-alumnado-de-doctorado-y-alumnado-de-grado-y-master-en-el-consejo-de-departamento-de-filologia-clasica-fr-2\/\" class=\"list-group-item\">\n                    <div class=\"row\">\n                        <div class=\"col-md-12\">\n                            <p class=\"list-group-item-date\">\n                                18 Feb 2026 - 08:00 UTC                            <\/p>\n                            <p class=\"list-group-item-text\">Convocatoria de elecciones a representantes de los sectores de alumnado de doctorado y alumnado de grado y m\u00e1ster en el Consejo de Departamento de Filolog\u00eda Cl\u00e1sica, Francesa, \u00c1rabe y Rom\u00e1nica<\/p>\n                        <\/div>\n                    <\/div>\n                <\/a>\n                            <a href=\"https:\/\/www.ull.es\/portal\/noticias\/2025\/convocatoria-de-elecciones-a-la-direccion-del-departamento-de-filologia-clasica-francesa-arabe-y-romanica\/\" class=\"list-group-item\">\n                    <div class=\"row\">\n                        <div class=\"col-md-12\">\n                            <p class=\"list-group-item-date\">\n                                09 Oct 2025 - 09:14 UTC                            <\/p>\n                            <p class=\"list-group-item-text\">Convocatoria de elecciones a la Direcci\u00f3n del Departamento de Filolog\u00eda Cl\u00e1sica, Francesa, \u00c1rabe y Rom\u00e1nica<\/p>\n                        <\/div>\n                    <\/div>\n                <\/a>\n                            <a href=\"https:\/\/www.ull.es\/portal\/noticias\/2025\/resolucion-del-director-por-la-que-se-convocan-elecciones-a-representantes-de-los-sectores-de-alumnado-de-doctorado-y-alumnado-de-grado-y-master-en-el-consejo-de-departamento-de-filologia-clasica-fra\/\" class=\"list-group-item\">\n                    <div class=\"row\">\n                        <div class=\"col-md-12\">\n                            <p class=\"list-group-item-date\">\n                                14 Feb 2025 - 10:00 UTC                            <\/p>\n                            <p class=\"list-group-item-text\">Convocatoria de elecciones a representantes de los sectores de alumnado de doctorado y alumnado de grado y m\u00e1ster en el Consejo de Departamento de Filolog\u00eda Cl\u00e1sica, Francesa, \u00c1rabe y Rom\u00e1nica<\/p>\n                        <\/div>\n                    <\/div>\n                <\/a>\n                            <a href=\"https:\/\/www.ull.es\/portal\/noticias\/2024\/el-arabe-puente-del-conocimiento-cultural-y-cientifico\/\" class=\"list-group-item\">\n                    <div class=\"row\">\n                        <div class=\"col-md-12\">\n                            <p class=\"list-group-item-date\">\n                                17 Dec 2024 - 11:41 UTC                            <\/p>\n                            <p class=\"list-group-item-text\">El \u00e1rabe, puente del conocimiento cultural y cient\u00edfico<\/p>\n                        <\/div>\n                    <\/div>\n                <\/a>\n                            <a href=\"https:\/\/www.ull.es\/portal\/noticias\/2023\/baremo-especifico-del-departamento-de-filologia-clasica-francesa-arabe-y-romanica-de-adaptacion-transitoria-2023\/\" class=\"list-group-item\">\n                    <div class=\"row\">\n                        <div class=\"col-md-12\">\n                            <p class=\"list-group-item-date\">\n                                05 Jul 2023 - 08:53 UTC                            <\/p>\n                            <p class=\"list-group-item-text\">Baremo Espec\u00edfico del Departamento de Filolog\u00eda Cl\u00e1sica, Francesa, \u00c1rabe y Rom\u00e1nica de adaptaci\u00f3n transitoria (2023)<\/p>\n                        <\/div>\n                    <\/div>\n                <\/a>\n                <\/div>\n    <div class=\"panel-footer\">\n        <a href=\"https:\/\/www.ull.es\/portal\/noticias\/?cat=3382\">M\u00c1S NOTIFICACIONES <i class=\"fa fa-chevron-right\"><\/i><\/a>\n    <\/div>\n\n\n<\/div>[\/vc_column_text][\/vc_column][\/vc_row]<\/p>\n","protected":false},"excerpt":{"rendered":"<p>[vc_row full_width=\u00bbstretch_row\u00bb content_placement=\u00bbmiddle\u00bb css=\u00bb.vc_custom_1508421492835{background: #d3d3d3 url(http:\/\/www.ull.es\/departamentos\/filologia-clasica-francesa-arabe-y-romanica\/wp-content\/uploads\/sites\/26\/2017\/10\/imagen-departamento-19.jpg?id=229) !important;background-position: center !important;background-repeat: no-repeat !important;background-size: cover !important;}\u00bb][vc_column css=\u00bb.vc_custom_1494852981099{padding-top: 80px !important;padding-bottom: 120px !important;}\u00bb][vc_column_text el_class=\u00bbtitle-departamento\u00bb][\/vc_column_text][\/vc_column][\/vc_row][vc_row content_placement=\u00bbmiddle\u00bb css=\u00bb.vc_custom_1493298843177{padding-bottom: 35px !important;}\u00bb][vc_column css=\u00bb.vc_custom_1493296994985{margin-top: -50px !important;background-color: #ffffff !important;}\u00bb][vc_column_text css=\u00bb.vc_custom_1504776803565{padding-right: 35px !important;padding-left: 35px !important;}\u00bb][\/vc_column_text][\/vc_column][\/vc_row][vc_row full_width=\u00bbstretch_row\u00bb css=\u00bb.vc_custom_1500894075041{padding-top: 50px !important;padding-bottom: 50px !important;background-color: #eeeeee !important;}\u00bb el_class=\u00bbvc-bloque-destacado bloque-destacado\u00bb][vc_column][vc_row_inner][vc_column_inner width=\u00bb1\/4&#8243;][vc_column_text]Informaci\u00f3n, ubicaci\u00f3n y contacto[\/vc_column_text][\/vc_column_inner][vc_column_inner width=\u00bb1\/4&#8243;][vc_column_text]Normativa del departamento [\/vc_column_text][\/vc_column_inner][vc_column_inner width=\u00bb1\/4&#8243;][vc_column_text]Personal asociado al departamento&#8230;<\/p>\n","protected":false},"author":1,"featured_media":0,"parent":0,"menu_order":0,"comment_status":"closed","ping_status":"closed","template":"templates\/template-frontpage.php","meta":[],"_links":{"self":[{"href":"https:\/\/www.ull.es\/departamentos\/filologia-clasica-francesa-arabe-y-romanica\/wp-json\/wp\/v2\/pages\/133"}],"collection":[{"href":"https:\/\/www.ull.es\/departamentos\/filologia-clasica-francesa-arabe-y-romanica\/wp-json\/wp\/v2\/pages"}],"about":[{"href":"https:\/\/www.ull.es\/departamentos\/filologia-clasica-francesa-arabe-y-romanica\/wp-json\/wp\/v2\/types\/page"}],"author":[{"embeddable":true,"href":"https:\/\/www.ull.es\/departamentos\/filologia-clasica-francesa-arabe-y-romanica\/wp-json\/wp\/v2\/users\/1"}],"replies":[{"embeddable":true,"href":"https:\/\/www.ull.es\/departamentos\/filologia-clasica-francesa-arabe-y-romanica\/wp-json\/wp\/v2\/comments?post=133"}],"version-history":[{"count":24,"href":"https:\/\/www.ull.es\/departamentos\/filologia-clasica-francesa-arabe-y-romanica\/wp-json\/wp\/v2\/pages\/133\/revisions"}],"predecessor-version":[{"id":236,"href":"https:\/\/www.ull.es\/departamentos\/filologia-clasica-francesa-arabe-y-romanica\/wp-json\/wp\/v2\/pages\/133\/revisions\/236"}],"wp:attachment":[{"href":"https:\/\/www.ull.es\/departamentos\/filologia-clasica-francesa-arabe-y-romanica\/wp-json\/wp\/v2\/media?parent=133"}],"curies":[{"name":"wp","href":"https:\/\/api.w.org\/{rel}","templated":true}]}}