{"id":16,"date":"2017-05-11T12:57:04","date_gmt":"2017-05-11T12:57:04","guid":{"rendered":"http:\/\/www.ull.es\/departamentos\/ingenieria-informatica-sistemas\/?page_id=16"},"modified":"2017-09-21T10:12:48","modified_gmt":"2017-09-21T10:12:48","slug":"personal","status":"publish","type":"page","link":"https:\/\/www.ull.es\/departamentos\/filologia-clasica-francesa-arabe-y-romanica\/personal\/","title":{"rendered":"Personal"},"content":{"rendered":"<p>[vc_row css=\u00bb.vc_custom_1497445297003{margin-bottom: 20px !important;}\u00bb][vc_column][vc_column_text]<\/p>\n<h1>Personal<\/h1>\n<p>[\/vc_column_text][\/vc_column][\/vc_row][vc_row][vc_column][vc_column_text]\n<link rel=\"stylesheet\" href=\"https:\/\/cdn.datatables.net\/1.10.15\/css\/dataTables.bootstrap.min.css\">\n<script src=\"https:\/\/cdn.datatables.net\/1.10.15\/js\/jquery.dataTables.min.js\"><\/script>\n<script src=\"https:\/\/cdn.datatables.net\/1.10.15\/js\/dataTables.bootstrap.min.js\"><\/script>\n<script src=\"https:\/\/cdn.datatables.net\/plug-ins\/1.10.21\/sorting\/chinese-string.js\"><\/script>\n\n<style>\n\n    #personal {\n        font-size: 13px;\n    }\n\n    .row.tabla{\n        margin-bottom: 20px !important;\n        margin-top: 20px !important;\n        font-size: 14px;\n    }\n\n    div.toolbar{\n        \/*text-align: center;*\/\n    }\n\n    .input-sm {\n        font-size: 16px;\n        \/* max-width: 200px;*\/\n    }\n\n    div.toolbar select{\n        margin: 0 10px;\n    }\n\n    table.dataTable thead .sorting:after {\n        opacity: 0.2;\n        content: \"\\f0ec\";\n        -webkit-transform: rotate(90deg);\n        -moz-transform: rotate(90deg);\n        -o-transform: rotate(90deg);\n        -ms-transform: rotate(90deg);\n        transform: rotate(90deg);\n    }\n\n    table.dataTable thead .sorting_asc:after {\n        content: \"\\f160\";\n    }\n    table.dataTable thead .sorting_desc:after {\n        content: \"\\f161 \";\n    }\n    table.dataTable thead .sorting:after, table.dataTable thead .sorting_asc:after, table.dataTable thead .sorting_desc:after, table.dataTable thead .sorting_asc_disabled:after, table.dataTable thead .sorting_desc_disabled:after {\n        font-family: 'FontAwesome';\n    }\n\n    .btn-directorio {\n        font-size: 13px;\n        text-align: center;\n        display: block;\n    }\n\n<\/style>\n\n<div class=\"table-responsive\">\n    <table id=\"personal\" class=\"table table-bordered table-condensed table-hover\" cellspacing=\"0\" width=\"100%\"  data-page-length=\"25\">\n        <thead>\n        <tr>\n            <th>Apellidos<\/th>\n            <th>Nombre<\/th>\n            <th>Email<\/th>\n            <th>\u00c1rea<\/th>\n            <th>Categor\u00eda<\/th>\n            <th>Rol<\/th>\n            <th>Info.<\/th>\n        <\/tr>\n        <\/thead>\n\n        <tbody>\n        <tr><td>Aguiar Aguilar<\/td><td>Mar\u00eda de las Maravillas<\/td><td><a href=mailto:maguiar@ull.es>maguiar@ull.es<\/a><\/td><td>Estudios \u00c1rabes e Isl\u00e1micos<\/td><td>Catedratico de Universidad<\/td><td>PDI<\/td><td><a class='btn-directorio' href='https:\/\/www.ull.es\/directorio\/search\/?busqueda=Mar\u00eda de las Maravillas Aguiar Aguilar' target='_blank'><i class='fa fa-search-plus'><\/i><\/a><\/td><\/tr><tr><td>Serrano Niza<\/td><td>Mar\u00eda Dolores<\/td><td><a href=mailto:dserrano@ull.es>dserrano@ull.es<\/a><\/td><td>Estudios \u00c1rabes e Isl\u00e1micos<\/td><td>Catedratico de Universidad<\/td><td>PDI<\/td><td><a class='btn-directorio' href='https:\/\/www.ull.es\/directorio\/search\/?busqueda=Mar\u00eda Dolores Serrano Niza' target='_blank'><i class='fa fa-search-plus'><\/i><\/a><\/td><\/tr><tr><td>Alonso Yanes<\/td><td>Alexis<\/td><td><a href=mailto:aalonsoy@ull.es>aalonsoy@ull.es<\/a><\/td><td>Filolog\u00eda Francesa<\/td><td>Profesor Sustituto<\/td><td>PDI<\/td><td><a class='btn-directorio' href='https:\/\/www.ull.es\/directorio\/search\/?busqueda=Alexis Alonso Yanes' target='_blank'><i class='fa fa-search-plus'><\/i><\/a><\/td><\/tr><tr><td>Casa\u00f1as Padr\u00f3n<\/td><td>Naomi<\/td><td><a href=mailto:ncasanas@ull.es>ncasanas@ull.es<\/a><\/td><td>Filolog\u00eda Francesa<\/td><td>Profesor Sustituto<\/td><td>PDI<\/td><td><a class='btn-directorio' href='https:\/\/www.ull.es\/directorio\/search\/?busqueda=Naomi Casa\u00f1as Padr\u00f3n' target='_blank'><i class='fa fa-search-plus'><\/i><\/a><\/td><\/tr><tr><td>Cruz Modesti<\/td><td>Helene<\/td><td><a href=mailto:hcruzmod@ull.es>hcruzmod@ull.es<\/a><\/td><td>Filolog\u00eda Francesa<\/td><td>Profesor Ayudante Doctor<\/td><td>PDI<\/td><td><a class='btn-directorio' href='https:\/\/www.ull.es\/directorio\/search\/?busqueda=Helene Cruz Modesti' target='_blank'><i class='fa fa-search-plus'><\/i><\/a><\/td><\/tr><tr><td>Cruz Rodr\u00edguez<\/td><td>Jos\u00e9 Manuel<\/td><td><a href=mailto:jocruz@ull.es>jocruz@ull.es<\/a><\/td><td>Filolog\u00eda Francesa<\/td><td>Profesor Contratado Doctor (1)<\/td><td>PDI<\/td><td><a class='btn-directorio' href='https:\/\/www.ull.es\/directorio\/search\/?busqueda=Jos\u00e9 Manuel Cruz Rodr\u00edguez' target='_blank'><i class='fa fa-search-plus'><\/i><\/a><\/td><\/tr><tr><td>D\u00edaz Rodr\u00edguez<\/td><td>Cristian Gregorio<\/td><td><a href=mailto:cdiarodr@ull.es>cdiarodr@ull.es<\/a><\/td><td>Filolog\u00eda Francesa<\/td><td>Profesor Ayudante Doctor<\/td><td>PDI<\/td><td><a class='btn-directorio' href='https:\/\/www.ull.es\/directorio\/search\/?busqueda=Cristian Gregorio D\u00edaz Rodr\u00edguez' target='_blank'><i class='fa fa-search-plus'><\/i><\/a><\/td><\/tr><tr><td>Gonz\u00e1lez Uriarte Marr\u00f3n<\/td><td>Mar\u00eda Cristina<\/td><td><a href=mailto:curiarte@ull.es>curiarte@ull.es<\/a><\/td><td>Filolog\u00eda Francesa<\/td><td>Profesor Titular Universidad<\/td><td>PDI<\/td><td><a class='btn-directorio' href='https:\/\/www.ull.es\/directorio\/search\/?busqueda=Mar\u00eda Cristina Gonz\u00e1lez Uriarte Marr\u00f3n' target='_blank'><i class='fa fa-search-plus'><\/i><\/a><\/td><\/tr><tr><td>Hern\u00e1ndez Cabrera<\/td><td>Irene<\/td><td><a href=mailto:ihernand@ull.es>ihernand@ull.es<\/a><\/td><td>Filolog\u00eda Francesa<\/td><td>Profesor Ayudante Doctor<\/td><td>PDI<\/td><td><a class='btn-directorio' href='https:\/\/www.ull.es\/directorio\/search\/?busqueda=Irene Hern\u00e1ndez Cabrera' target='_blank'><i class='fa fa-search-plus'><\/i><\/a><\/td><\/tr><tr><td>Marrero Marrero<\/td><td>Mar\u00eda del Carmen<\/td><td><a href=mailto:mmarrero@ull.es>mmarrero@ull.es<\/a><\/td><td>Filolog\u00eda Francesa<\/td><td>Profesor Contratado Doctor (1)<\/td><td>PDI<\/td><td><a class='btn-directorio' href='https:\/\/www.ull.es\/directorio\/search\/?busqueda=Mar\u00eda del Carmen Marrero Marrero' target='_blank'><i class='fa fa-search-plus'><\/i><\/a><\/td><\/tr><tr><td>Mendoza Ramos<\/td><td>Mar\u00eda del Pilar<\/td><td><a href=mailto:mmendoza@ull.es>mmendoza@ull.es<\/a><\/td><td>Filolog\u00eda Francesa<\/td><td>Profesor Titular Universidad<\/td><td>PDI<\/td><td><a class='btn-directorio' href='https:\/\/www.ull.es\/directorio\/search\/?busqueda=Mar\u00eda del Pilar Mendoza Ramos' target='_blank'><i class='fa fa-search-plus'><\/i><\/a><\/td><\/tr><tr><td>Michel <\/td><td>Pearl Theresa Isidoria<\/td><td><a href=mailto:pemichel@ull.es>pemichel@ull.es<\/a><\/td><td>Filolog\u00eda Francesa<\/td><td>Profesor Ayudante Doctor<\/td><td>PDI<\/td><td><a class='btn-directorio' href='https:\/\/www.ull.es\/directorio\/search\/?busqueda=Pearl Theresa Isidoria Michel ' target='_blank'><i class='fa fa-search-plus'><\/i><\/a><\/td><\/tr><tr><td>Moreno Laffargue<\/td><td>Diego Domingo<\/td><td><a href=mailto:dmorenol@ull.es>dmorenol@ull.es<\/a><\/td><td>Filolog\u00eda Francesa<\/td><td>Profesor Asociado<\/td><td>PDI<\/td><td><a class='btn-directorio' href='https:\/\/www.ull.es\/directorio\/search\/?busqueda=Diego Domingo Moreno Laffargue' target='_blank'><i class='fa fa-search-plus'><\/i><\/a><\/td><\/tr><tr><td>Noda Herrera<\/td><td>Susana Carolina<\/td><td><a href=mailto:snodaher@ull.es>snodaher@ull.es<\/a><\/td><td>Filolog\u00eda Francesa<\/td><td>Profesor Sustituto<\/td><td>PDI<\/td><td><a class='btn-directorio' href='https:\/\/www.ull.es\/directorio\/search\/?busqueda=Susana Carolina Noda Herrera' target='_blank'><i class='fa fa-search-plus'><\/i><\/a><\/td><\/tr><tr><td>Rodr\u00edguez Garc\u00eda<\/td><td>Alba<\/td><td><a href=mailto:arodgarc@ull.es>arodgarc@ull.es<\/a><\/td><td>Filolog\u00eda Francesa<\/td><td>Profesor Ayudante Doctor<\/td><td>PDI<\/td><td><a class='btn-directorio' href='https:\/\/www.ull.es\/directorio\/search\/?busqueda=Alba Rodr\u00edguez Garc\u00eda' target='_blank'><i class='fa fa-search-plus'><\/i><\/a><\/td><\/tr><tr><td>Santos Gonz\u00e1lez<\/td><td>Denis Crist\u00f3bal<\/td><td><a href=mailto:dsantogo@ull.es>dsantogo@ull.es<\/a><\/td><td>Filolog\u00eda Francesa<\/td><td>Profesor Sustituto<\/td><td>PDI<\/td><td><a class='btn-directorio' href='https:\/\/www.ull.es\/directorio\/search\/?busqueda=Denis Crist\u00f3bal Santos Gonz\u00e1lez' target='_blank'><i class='fa fa-search-plus'><\/i><\/a><\/td><\/tr><tr><td>\u00c1lvarez Siverio<\/td><td>Casilda<\/td><td><a href=mailto:calsive@ull.es>calsive@ull.es<\/a><\/td><td>Filolog\u00eda Griega<\/td><td>Profesor Colaborador<\/td><td>PDI<\/td><td><a class='btn-directorio' href='https:\/\/www.ull.es\/directorio\/search\/?busqueda=Casilda \u00c1lvarez Siverio' target='_blank'><i class='fa fa-search-plus'><\/i><\/a><\/td><\/tr><tr><td>Batista Rodr\u00edguez<\/td><td>Jos\u00e9 Juan<\/td><td><a href=mailto:jjbatist@ull.es>jjbatist@ull.es<\/a><\/td><td>Filolog\u00eda Griega<\/td><td>Profesor Titular Universidad<\/td><td>PDI<\/td><td><a class='btn-directorio' href='https:\/\/www.ull.es\/directorio\/search\/?busqueda=Jos\u00e9 Juan Batista Rodr\u00edguez' target='_blank'><i class='fa fa-search-plus'><\/i><\/a><\/td><\/tr><tr><td>Gonz\u00e1lez Almenara<\/td><td>Guillermina<\/td><td><a href=mailto:gugona@ull.es>gugona@ull.es<\/a><\/td><td>Filolog\u00eda Griega<\/td><td>Profesor Contratado Doctor (1)<\/td><td>PDI<\/td><td><a class='btn-directorio' href='https:\/\/www.ull.es\/directorio\/search\/?busqueda=Guillermina Gonz\u00e1lez Almenara' target='_blank'><i class='fa fa-search-plus'><\/i><\/a><\/td><\/tr><tr><td>Gonz\u00e1lez Galv\u00e1n<\/td><td>Mar\u00eda Gloria<\/td><td><a href=mailto:maglogon@ull.es>maglogon@ull.es<\/a><\/td><td>Filolog\u00eda Griega<\/td><td>Profesor Contratado Doctor (1)<\/td><td>PDI<\/td><td><a class='btn-directorio' href='https:\/\/www.ull.es\/directorio\/search\/?busqueda=Mar\u00eda Gloria Gonz\u00e1lez Galv\u00e1n' target='_blank'><i class='fa fa-search-plus'><\/i><\/a><\/td><\/tr><tr><td>Mart\u00ednez Benavides<\/td><td>Mar\u00eda Josefina<\/td><td><a href=mailto:mjmbenav@ull.es>mjmbenav@ull.es<\/a><\/td><td>Filolog\u00eda Griega<\/td><td>Profesor Titular Universidad<\/td><td>PDI<\/td><td><a class='btn-directorio' href='https:\/\/www.ull.es\/directorio\/search\/?busqueda=Mar\u00eda Josefina Mart\u00ednez Benavides' target='_blank'><i class='fa fa-search-plus'><\/i><\/a><\/td><\/tr><tr><td>Mora Herrera<\/td><td>Aitor<\/td><td><a href=mailto:amoraher@ull.es>amoraher@ull.es<\/a><\/td><td>Filolog\u00eda Griega<\/td><td>Contratado Laboral de Interinidad<\/td><td>PDI<\/td><td><a class='btn-directorio' href='https:\/\/www.ull.es\/directorio\/search\/?busqueda=Aitor Mora Herrera' target='_blank'><i class='fa fa-search-plus'><\/i><\/a><\/td><\/tr><tr><td>P\u00e9rez Martel<\/td><td>Jos\u00e9 Mar\u00eda<\/td><td><a href=mailto:jperezma@ull.es>jperezma@ull.es<\/a><\/td><td>Filolog\u00eda Griega<\/td><td>Profesor Asociado<\/td><td>PDI<\/td><td><a class='btn-directorio' href='https:\/\/www.ull.es\/directorio\/search\/?busqueda=Jos\u00e9 Mar\u00eda P\u00e9rez Martel' target='_blank'><i class='fa fa-search-plus'><\/i><\/a><\/td><\/tr><tr><td>Gonz\u00e1lez Marrero<\/td><td>Jos\u00e9 Antonio<\/td><td><a href=mailto:toglez@ull.es>toglez@ull.es<\/a><\/td><td>Filolog\u00eda Latina<\/td><td>Profesor Titular Universidad<\/td><td>PDI<\/td><td><a class='btn-directorio' href='https:\/\/www.ull.es\/directorio\/search\/?busqueda=Jos\u00e9 Antonio Gonz\u00e1lez Marrero' target='_blank'><i class='fa fa-search-plus'><\/i><\/a><\/td><\/tr><tr><td>Lojendio Quintero<\/td><td>Mar\u00eda del Pilar<\/td><td><a href=mailto:mplojen@ull.es>mplojen@ull.es<\/a><\/td><td>Filolog\u00eda Latina<\/td><td>Profesor Contratado Doctor (1)<\/td><td>PDI<\/td><td><a class='btn-directorio' href='https:\/\/www.ull.es\/directorio\/search\/?busqueda=Mar\u00eda del Pilar Lojendio Quintero' target='_blank'><i class='fa fa-search-plus'><\/i><\/a><\/td><\/tr><tr><td>Mart\u00ednez Ortega<\/td><td>Ricardo<\/td><td><a href=mailto:rimaror@ull.es>rimaror@ull.es<\/a><\/td><td>Filolog\u00eda Latina<\/td><td>Profesor Titular Universidad<\/td><td>PDI<\/td><td><a class='btn-directorio' href='https:\/\/www.ull.es\/directorio\/search\/?busqueda=Ricardo Mart\u00ednez Ortega' target='_blank'><i class='fa fa-search-plus'><\/i><\/a><\/td><\/tr><tr><td>P\u00e9rez Romero<\/td><td>Mar\u00eda del Socorro<\/td><td><a href=mailto:msperez@ull.es>msperez@ull.es<\/a><\/td><td>Filolog\u00eda Latina<\/td><td>Profesor Titular Universidad<\/td><td>PDI<\/td><td><a class='btn-directorio' href='https:\/\/www.ull.es\/directorio\/search\/?busqueda=Mar\u00eda del Socorro P\u00e9rez Romero' target='_blank'><i class='fa fa-search-plus'><\/i><\/a><\/td><\/tr><tr><td>P\u00e9rez Santana<\/td><td>Aday<\/td><td><a href=mailto:aperezsa@ull.es>aperezsa@ull.es<\/a><\/td><td>Filolog\u00eda Latina<\/td><td>Profesor Sustituto<\/td><td>PDI<\/td><td><a class='btn-directorio' href='https:\/\/www.ull.es\/directorio\/search\/?busqueda=Aday P\u00e9rez Santana' target='_blank'><i class='fa fa-search-plus'><\/i><\/a><\/td><\/tr><tr><td>Pestano Fari\u00f1a<\/td><td>Rafael<\/td><td><a href=mailto:rfarina@ull.es>rfarina@ull.es<\/a><\/td><td>Filolog\u00eda Latina<\/td><td>Profesor Titular Universidad<\/td><td>PDI<\/td><td><a class='btn-directorio' href='https:\/\/www.ull.es\/directorio\/search\/?busqueda=Rafael Pestano Fari\u00f1a' target='_blank'><i class='fa fa-search-plus'><\/i><\/a><\/td><\/tr><tr><td>Plaza Pic\u00f3n<\/td><td>Francisca del Mar<\/td><td><a href=mailto:fmplazap@ull.es>fmplazap@ull.es<\/a><\/td><td>Filolog\u00eda Latina<\/td><td>Catedratico de Universidad<\/td><td>PDI<\/td><td><a class='btn-directorio' href='https:\/\/www.ull.es\/directorio\/search\/?busqueda=Francisca del Mar Plaza Pic\u00f3n' target='_blank'><i class='fa fa-search-plus'><\/i><\/a><\/td><\/tr><tr><td>Rabade Navarro<\/td><td>Miguel \u00c1ngel<\/td><td><a href=mailto:marabade@ull.es>marabade@ull.es<\/a><\/td><td>Filolog\u00eda Latina<\/td><td>Profesor Titular Universidad<\/td><td>PDI<\/td><td><a class='btn-directorio' href='https:\/\/www.ull.es\/directorio\/search\/?busqueda=Miguel \u00c1ngel Rabade Navarro' target='_blank'><i class='fa fa-search-plus'><\/i><\/a><\/td><\/tr><tr><td>Real Torres<\/td><td>Elvira Carolina<\/td><td><a href=mailto:carrel@ull.es>carrel@ull.es<\/a><\/td><td>Filolog\u00eda Latina<\/td><td>Profesor Titular Universidad<\/td><td>PDI<\/td><td><a class='btn-directorio' href='https:\/\/www.ull.es\/directorio\/search\/?busqueda=Elvira Carolina Real Torres' target='_blank'><i class='fa fa-search-plus'><\/i><\/a><\/td><\/tr><tr><td>Roca Alama<\/td><td>Mar\u00eda Jos\u00e9<\/td><td><a href=mailto:mjroca@ull.es>mjroca@ull.es<\/a><\/td><td>Filolog\u00eda Latina<\/td><td>Profesor Titular Universidad<\/td><td>PDI<\/td><td><a class='btn-directorio' href='https:\/\/www.ull.es\/directorio\/search\/?busqueda=Mar\u00eda Jos\u00e9 Roca Alama' target='_blank'><i class='fa fa-search-plus'><\/i><\/a><\/td><\/tr><tr><td>Salas Salgado<\/td><td>Francisco<\/td><td><a href=mailto:frasalas@ull.es>frasalas@ull.es<\/a><\/td><td>Filolog\u00eda Latina<\/td><td>Catedratico de Universidad<\/td><td>PDI<\/td><td><a class='btn-directorio' href='https:\/\/www.ull.es\/directorio\/search\/?busqueda=Francisco Salas Salgado' target='_blank'><i class='fa fa-search-plus'><\/i><\/a><\/td><\/tr><tr><td>Corbella D\u00edaz<\/td><td>Dolores Covadonga<\/td><td><a href=mailto:dcorbell@ull.es>dcorbell@ull.es<\/a><\/td><td>Filolog\u00eda Rom\u00e1nica<\/td><td>Catedratico de Universidad<\/td><td>PDI<\/td><td><a class='btn-directorio' href='https:\/\/www.ull.es\/directorio\/search\/?busqueda=Dolores Covadonga Corbella D\u00edaz' target='_blank'><i class='fa fa-search-plus'><\/i><\/a><\/td><\/tr><tr><td>Di Novella <\/td><td>Miguel Antonio<\/td><td><a href=mailto:mdinovel@ull.es>mdinovel@ull.es<\/a><\/td><td>Filolog\u00eda Rom\u00e1nica<\/td><td>Investigador<\/td><td>INV<\/td><td><a class='btn-directorio' href='https:\/\/www.ull.es\/directorio\/search\/?busqueda=Miguel Antonio Di Novella ' target='_blank'><i class='fa fa-search-plus'><\/i><\/a><\/td><\/tr><tr><td>Iannozzi <\/td><td>Roberta<\/td><td><a href=mailto:riannozz@ull.es>riannozz@ull.es<\/a><\/td><td>Filolog\u00eda Rom\u00e1nica<\/td><td>Pers. Inv. en form. FPI\/FPU PREDOCTORAL<\/td><td>INV<\/td><td><a class='btn-directorio' href='https:\/\/www.ull.es\/directorio\/search\/?busqueda=Roberta Iannozzi ' target='_blank'><i class='fa fa-search-plus'><\/i><\/a><\/td><\/tr><tr><td>Padr\u00f3n Fern\u00e1ndez<\/td><td>Rafael<\/td><td><a href=mailto:rpadron@ull.es>rpadron@ull.es<\/a><\/td><td>Filolog\u00eda Rom\u00e1nica<\/td><td>Profesor Titular Universidad<\/td><td>PDI<\/td><td><a class='btn-directorio' href='https:\/\/www.ull.es\/directorio\/search\/?busqueda=Rafael Padr\u00f3n Fern\u00e1ndez' target='_blank'><i class='fa fa-search-plus'><\/i><\/a><\/td><\/tr><tr><td>Rodr\u00edguez Mor\u00edn<\/td><td>Elisa Jer\u00f3nima<\/td><td><a href=mailto:ejrodri@ull.es>ejrodri@ull.es<\/a><\/td><td>Personal De Administraci\u00f3n Y Servicios<\/td><td>Administrativo<\/td><td>PAS<\/td><td><a class='btn-directorio' href='https:\/\/www.ull.es\/directorio\/search\/?busqueda=Elisa Jer\u00f3nima Rodr\u00edguez Mor\u00edn' target='_blank'><i class='fa fa-search-plus'><\/i><\/a><\/td><\/tr>        <\/tbody>\n    <\/table>\n<\/div>\n\n<script>\n\t\njQuery.extend( jQuery.fn.dataTableExt.oSort, {\n    \"chinese-string-asc\" : function (s1, s2) {\n        return s1.localeCompare(s2);\n    },\n \n    \"chinese-string-desc\" : function (s1, s2) {\n        return s2.localeCompare(s1);\n    }\n} );\n\t\n$(document).ready(function() {\n\n        $('#personal').DataTable( {\n            \"dom\": \"\" +\n            \"<'row'<'col-sm-9 toolbar'><'col-sm-3'f>>\" +\n            \"<'row tabla'<'col-sm-12'tr>>\" +\n            \"<'row'<'col-sm-5'i><'col-sm-7'p>>\"\n            ,\n            \"language\": {\n                \"url\": \"\/\/cdn.datatables.net\/plug-ins\/1.10.15\/i18n\/Spanish.json\"\n            },\n\n         columnDefs: [{ type: 'chinese-string', targets: 0 }],\n\n\n\t initComplete: function () {\n\n                this.api().columns([3]).every( function () {\n                    var column = this;\n                    var select = $('<select class=\"form-control input-sm\"><option value=\"\">Mostrar todas las \u00e1reas de conocimiento<\/option><\/select>')\n                        .appendTo( $('div.toolbar') )\n                        .on( 'change', function () {\n                            var val = $.fn.dataTable.util.escapeRegex(\n                                $(this).val()\n                            );\n\n                            column\n                                .search( val ? '^'+val+'$' : '', true, false )\n                                .draw();\n                        } );\n\n                    column.data().unique().sort().each( function ( d, j ) {\n                        select.append( '<option value=\"'+d+'\">'+d+'<\/option>' )\n                    } );\n\n                } );\n                this.api().columns([5]).every( function () {\n                    var column = this;\n                    var select = $('<select class=\"form-control input-sm\"><option value=\"\">Mostrar todos los roles<\/option><\/select>')\n                        .appendTo( $('div.toolbar') )\n                        .on( 'change', function () {\n                            var val = $.fn.dataTable.util.escapeRegex(\n                                $(this).val()\n                            );\n\n                            column\n                                .search( val ? '^'+val+'$' : '', true, false )\n                                .draw();\n                        } );\n\n                    column.data().unique().sort().each( function ( d, j ) {\n                        select.append( '<option value=\"'+d+'\">'+d+'<\/option>' )\n                    } );\n                } );\n            }\n        } );\n\n    } );\n<\/script>\n[\/vc_column_text][\/vc_column][\/vc_row]<\/p>\n","protected":false},"excerpt":{"rendered":"<p>[vc_row css=\u00bb.vc_custom_1497445297003{margin-bottom: 20px !important;}\u00bb][vc_column][vc_column_text] Personal [\/vc_column_text][\/vc_column][\/vc_row][vc_row][vc_column][vc_column_text][\/vc_column_text][\/vc_column][\/vc_row]<\/p>\n","protected":false},"author":1,"featured_media":0,"parent":0,"menu_order":0,"comment_status":"closed","ping_status":"closed","template":"","meta":[],"_links":{"self":[{"href":"https:\/\/www.ull.es\/departamentos\/filologia-clasica-francesa-arabe-y-romanica\/wp-json\/wp\/v2\/pages\/16"}],"collection":[{"href":"https:\/\/www.ull.es\/departamentos\/filologia-clasica-francesa-arabe-y-romanica\/wp-json\/wp\/v2\/pages"}],"about":[{"href":"https:\/\/www.ull.es\/departamentos\/filologia-clasica-francesa-arabe-y-romanica\/wp-json\/wp\/v2\/types\/page"}],"author":[{"embeddable":true,"href":"https:\/\/www.ull.es\/departamentos\/filologia-clasica-francesa-arabe-y-romanica\/wp-json\/wp\/v2\/users\/1"}],"replies":[{"embeddable":true,"href":"https:\/\/www.ull.es\/departamentos\/filologia-clasica-francesa-arabe-y-romanica\/wp-json\/wp\/v2\/comments?post=16"}],"version-history":[{"count":9,"href":"https:\/\/www.ull.es\/departamentos\/filologia-clasica-francesa-arabe-y-romanica\/wp-json\/wp\/v2\/pages\/16\/revisions"}],"predecessor-version":[{"id":219,"href":"https:\/\/www.ull.es\/departamentos\/filologia-clasica-francesa-arabe-y-romanica\/wp-json\/wp\/v2\/pages\/16\/revisions\/219"}],"wp:attachment":[{"href":"https:\/\/www.ull.es\/departamentos\/filologia-clasica-francesa-arabe-y-romanica\/wp-json\/wp\/v2\/media?parent=16"}],"curies":[{"name":"wp","href":"https:\/\/api.w.org\/{rel}","templated":true}]}}