{"id":16,"date":"2017-05-11T12:57:04","date_gmt":"2017-05-11T12:57:04","guid":{"rendered":"http:\/\/www.ull.es\/departamentos\/ingenieria-informatica-sistemas\/?page_id=16"},"modified":"2017-09-27T09:27:49","modified_gmt":"2017-09-27T09:27:49","slug":"personal","status":"publish","type":"page","link":"https:\/\/www.ull.es\/departamentos\/filologia-espanola\/personal\/","title":{"rendered":"Personal"},"content":{"rendered":"<p>[vc_row css=\u00bb.vc_custom_1497445297003{margin-bottom: 20px !important;}\u00bb][vc_column][vc_column_text]<\/p>\n<h1>Personal<\/h1>\n<p>[\/vc_column_text][\/vc_column][\/vc_row][vc_row][vc_column][vc_column_text]\n<link rel=\"stylesheet\" href=\"https:\/\/cdn.datatables.net\/1.10.15\/css\/dataTables.bootstrap.min.css\">\n<script src=\"https:\/\/cdn.datatables.net\/1.10.15\/js\/jquery.dataTables.min.js\"><\/script>\n<script src=\"https:\/\/cdn.datatables.net\/1.10.15\/js\/dataTables.bootstrap.min.js\"><\/script>\n<script src=\"https:\/\/cdn.datatables.net\/plug-ins\/1.10.21\/sorting\/chinese-string.js\"><\/script>\n\n<style>\n\n    #personal {\n        font-size: 13px;\n    }\n\n    .row.tabla{\n        margin-bottom: 20px !important;\n        margin-top: 20px !important;\n        font-size: 14px;\n    }\n\n    div.toolbar{\n        \/*text-align: center;*\/\n    }\n\n    .input-sm {\n        font-size: 16px;\n        \/* max-width: 200px;*\/\n    }\n\n    div.toolbar select{\n        margin: 0 10px;\n    }\n\n    table.dataTable thead .sorting:after {\n        opacity: 0.2;\n        content: \"\\f0ec\";\n        -webkit-transform: rotate(90deg);\n        -moz-transform: rotate(90deg);\n        -o-transform: rotate(90deg);\n        -ms-transform: rotate(90deg);\n        transform: rotate(90deg);\n    }\n\n    table.dataTable thead .sorting_asc:after {\n        content: \"\\f160\";\n    }\n    table.dataTable thead .sorting_desc:after {\n        content: \"\\f161 \";\n    }\n    table.dataTable thead .sorting:after, table.dataTable thead .sorting_asc:after, table.dataTable thead .sorting_desc:after, table.dataTable thead .sorting_asc_disabled:after, table.dataTable thead .sorting_desc_disabled:after {\n        font-family: 'FontAwesome';\n    }\n\n    .btn-directorio {\n        font-size: 13px;\n        text-align: center;\n        display: block;\n    }\n\n<\/style>\n\n<div class=\"table-responsive\">\n    <table id=\"personal\" class=\"table table-bordered table-condensed table-hover\" cellspacing=\"0\" width=\"100%\"  data-page-length=\"25\">\n        <thead>\n        <tr>\n            <th>Apellidos<\/th>\n            <th>Nombre<\/th>\n            <th>Email<\/th>\n            <th>\u00c1rea<\/th>\n            <th>Categor\u00eda<\/th>\n            <th>Rol<\/th>\n            <th>Info.<\/th>\n        <\/tr>\n        <\/thead>\n\n        <tbody>\n        <tr><td>Cano Gin\u00e9s<\/td><td>Antonio<\/td><td><a href=mailto:acangi@ull.es>acangi@ull.es<\/a><\/td><td>Lengua Espa\u00f1ola<\/td><td>Profesor Titular Universidad<\/td><td>PDI<\/td><td><a class='btn-directorio' href='https:\/\/www.ull.es\/directorio\/search\/?busqueda=Antonio Cano Gin\u00e9s' target='_blank'><i class='fa fa-search-plus'><\/i><\/a><\/td><\/tr><tr><td>D\u00edaz Cabrera<\/td><td>Imelda Chaxiraxi<\/td><td><a href=mailto:chadiaz@ull.es>chadiaz@ull.es<\/a><\/td><td>Lengua Espa\u00f1ola<\/td><td>Profesor Permanente Laboral<\/td><td>PDI<\/td><td><a class='btn-directorio' href='https:\/\/www.ull.es\/directorio\/search\/?busqueda=Imelda Chaxiraxi D\u00edaz Cabrera' target='_blank'><i class='fa fa-search-plus'><\/i><\/a><\/td><\/tr><tr><td>Fajardo Aguirre<\/td><td>Alejandro<\/td><td><a href=mailto:afajardo@ull.es>afajardo@ull.es<\/a><\/td><td>Lengua Espa\u00f1ola<\/td><td>Profesor Titular Universidad<\/td><td>PDI<\/td><td><a class='btn-directorio' href='https:\/\/www.ull.es\/directorio\/search\/?busqueda=Alejandro Fajardo Aguirre' target='_blank'><i class='fa fa-search-plus'><\/i><\/a><\/td><\/tr><tr><td>Fern\u00e1ndez Hern\u00e1ndez<\/td><td>Paula<\/td><td><a href=mailto:pfernanh@ull.es>pfernanh@ull.es<\/a><\/td><td>Lengua Espa\u00f1ola<\/td><td>Profesor Ayudante Doctor<\/td><td>PDI<\/td><td><a class='btn-directorio' href='https:\/\/www.ull.es\/directorio\/search\/?busqueda=Paula Fern\u00e1ndez Hern\u00e1ndez' target='_blank'><i class='fa fa-search-plus'><\/i><\/a><\/td><\/tr><tr><td>Garc\u00eda Arango<\/td><td>Lis<\/td><td><a href=mailto:lgarcara@ull.es>lgarcara@ull.es<\/a><\/td><td>Lengua Espa\u00f1ola<\/td><td>Profesor Ayudante Doctor<\/td><td>PDI<\/td><td><a class='btn-directorio' href='https:\/\/www.ull.es\/directorio\/search\/?busqueda=Lis Garc\u00eda Arango' target='_blank'><i class='fa fa-search-plus'><\/i><\/a><\/td><\/tr><tr><td>Garc\u00eda Padr\u00f3n<\/td><td>Dolores del Pino<\/td><td><a href=mailto:dgarcia@ull.es>dgarcia@ull.es<\/a><\/td><td>Lengua Espa\u00f1ola<\/td><td>Profesor Titular Universidad<\/td><td>PDI<\/td><td><a class='btn-directorio' href='https:\/\/www.ull.es\/directorio\/search\/?busqueda=Dolores del Pino Garc\u00eda Padr\u00f3n' target='_blank'><i class='fa fa-search-plus'><\/i><\/a><\/td><\/tr><tr><td>Garc\u00eda Rivero<\/td><td>Nar\u00e9s<\/td><td><a href=mailto:ngarciar@ull.es>ngarciar@ull.es<\/a><\/td><td>Lengua Espa\u00f1ola<\/td><td>Profesor Ayudante Doctor<\/td><td>PDI<\/td><td><a class='btn-directorio' href='https:\/\/www.ull.es\/directorio\/search\/?busqueda=Nar\u00e9s Garc\u00eda Rivero' target='_blank'><i class='fa fa-search-plus'><\/i><\/a><\/td><\/tr><tr><td>Garc\u00eda Yanes<\/td><td>Francisco Javier<\/td><td><a href=mailto:fgarciay@ull.es>fgarciay@ull.es<\/a><\/td><td>Lengua Espa\u00f1ola<\/td><td>Profesor Ayudante Doctor<\/td><td>PDI<\/td><td><a class='btn-directorio' href='https:\/\/www.ull.es\/directorio\/search\/?busqueda=Francisco Javier Garc\u00eda Yanes' target='_blank'><i class='fa fa-search-plus'><\/i><\/a><\/td><\/tr><tr><td>Jorge Trujillo<\/td><td>Carolina<\/td><td><a href=mailto:cjorgetr@ull.es>cjorgetr@ull.es<\/a><\/td><td>Lengua Espa\u00f1ola<\/td><td>Profesor Permanente Laboral<\/td><td>PDI<\/td><td><a class='btn-directorio' href='https:\/\/www.ull.es\/directorio\/search\/?busqueda=Carolina Jorge Trujillo' target='_blank'><i class='fa fa-search-plus'><\/i><\/a><\/td><\/tr><tr><td>Mart\u00edn Pi\u00f1ero<\/td><td>Antonio<\/td><td><a href=mailto:amartipi@ull.es>amartipi@ull.es<\/a><\/td><td>Lengua Espa\u00f1ola<\/td><td>Pers. Inv. en form. FPI\/FPU PREDOCTORAL<\/td><td>INV<\/td><td><a class='btn-directorio' href='https:\/\/www.ull.es\/directorio\/search\/?busqueda=Antonio Mart\u00edn Pi\u00f1ero' target='_blank'><i class='fa fa-search-plus'><\/i><\/a><\/td><\/tr><tr><td>Mart\u00edn Rodr\u00edguez<\/td><td>Pedro \u00c1ngel<\/td><td><a href=mailto:pmartinr@ull.es>pmartinr@ull.es<\/a><\/td><td>Lengua Espa\u00f1ola<\/td><td>Profesor Colaborador<\/td><td>PDI<\/td><td><a class='btn-directorio' href='https:\/\/www.ull.es\/directorio\/search\/?busqueda=Pedro \u00c1ngel Mart\u00edn Rodr\u00edguez' target='_blank'><i class='fa fa-search-plus'><\/i><\/a><\/td><\/tr><tr><td>Medina L\u00f3pez<\/td><td>Javier<\/td><td><a href=mailto:jmedina@ull.es>jmedina@ull.es<\/a><\/td><td>Lengua Espa\u00f1ola<\/td><td>Catedratico de Universidad<\/td><td>PDI<\/td><td><a class='btn-directorio' href='https:\/\/www.ull.es\/directorio\/search\/?busqueda=Javier Medina L\u00f3pez' target='_blank'><i class='fa fa-search-plus'><\/i><\/a><\/td><\/tr><tr><td>Rodr\u00edguez G\u00f3mez<\/td><td>Mar\u00eda del Cristo<\/td><td><a href=mailto:mrodrgom@ull.es>mrodrgom@ull.es<\/a><\/td><td>Lengua Espa\u00f1ola<\/td><td>Profesor Sustituto<\/td><td>PDI<\/td><td><a class='btn-directorio' href='https:\/\/www.ull.es\/directorio\/search\/?busqueda=Mar\u00eda del Cristo Rodr\u00edguez G\u00f3mez' target='_blank'><i class='fa fa-search-plus'><\/i><\/a><\/td><\/tr><tr><td>Vald\u00e9s Le\u00f3n<\/td><td>Gabriel Sebasti\u00e1n<\/td><td><a href=mailto:gvaldesl@ull.es>gvaldesl@ull.es<\/a><\/td><td>Lengua Espa\u00f1ola<\/td><td>Profesor Permanente Laboral<\/td><td>PDI<\/td><td><a class='btn-directorio' href='https:\/\/www.ull.es\/directorio\/search\/?busqueda=Gabriel Sebasti\u00e1n Vald\u00e9s Le\u00f3n' target='_blank'><i class='fa fa-search-plus'><\/i><\/a><\/td><\/tr><tr><td>Vales Rodr\u00edguez<\/td><td>Noem\u00ed<\/td><td><a href=mailto:nvalesro@ull.es>nvalesro@ull.es<\/a><\/td><td>Lengua Espa\u00f1ola<\/td><td>Investigador<\/td><td>INV<\/td><td><a class='btn-directorio' href='https:\/\/www.ull.es\/directorio\/search\/?busqueda=Noem\u00ed Vales Rodr\u00edguez' target='_blank'><i class='fa fa-search-plus'><\/i><\/a><\/td><\/tr><tr><td>Amaro Est\u00e9vez<\/td><td>Judith<\/td><td><a href=mailto:jamaroes@ull.es>jamaroes@ull.es<\/a><\/td><td>Ling\u00fc\u00edstica General<\/td><td>Pers. Inv. en form. FPI\/FPU PREDOCTORAL<\/td><td>INV<\/td><td><a class='btn-directorio' href='https:\/\/www.ull.es\/directorio\/search\/?busqueda=Judith Amaro Est\u00e9vez' target='_blank'><i class='fa fa-search-plus'><\/i><\/a><\/td><\/tr><tr><td>Amor Del Olmo<\/td><td>Rosa Mar\u00eda<\/td><td><a href=mailto:ramordel@ull.es>ramordel@ull.es<\/a><\/td><td>Ling\u00fc\u00edstica General<\/td><td>Profesor Sustituto<\/td><td>PDI<\/td><td><a class='btn-directorio' href='https:\/\/www.ull.es\/directorio\/search\/?busqueda=Rosa Mar\u00eda Amor Del Olmo' target='_blank'><i class='fa fa-search-plus'><\/i><\/a><\/td><\/tr><tr><td>Dom\u00ednguez Santana<\/td><td>Ferm\u00edn<\/td><td><a href=mailto:fdomingu@ull.es>fdomingu@ull.es<\/a><\/td><td>Ling\u00fc\u00edstica General<\/td><td>Profesor Ayudante Doctor<\/td><td>PDI<\/td><td><a class='btn-directorio' href='https:\/\/www.ull.es\/directorio\/search\/?busqueda=Ferm\u00edn Dom\u00ednguez Santana' target='_blank'><i class='fa fa-search-plus'><\/i><\/a><\/td><\/tr><tr><td>Dorta Luis<\/td><td>Josefa<\/td><td><a href=mailto:jdorta@ull.es>jdorta@ull.es<\/a><\/td><td>Ling\u00fc\u00edstica General<\/td><td>Catedratico de Universidad<\/td><td>PDI<\/td><td><a class='btn-directorio' href='https:\/\/www.ull.es\/directorio\/search\/?busqueda=Josefa Dorta Luis' target='_blank'><i class='fa fa-search-plus'><\/i><\/a><\/td><\/tr><tr><td>Herrera Santana<\/td><td>Juana Luisa<\/td><td><a href=mailto:jlherrer@ull.es>jlherrer@ull.es<\/a><\/td><td>Ling\u00fc\u00edstica General<\/td><td>Profesor Titular Universidad<\/td><td>PDI<\/td><td><a class='btn-directorio' href='https:\/\/www.ull.es\/directorio\/search\/?busqueda=Juana Luisa Herrera Santana' target='_blank'><i class='fa fa-search-plus'><\/i><\/a><\/td><\/tr><tr><td>L\u00f3pez Hern\u00e1ndez<\/td><td>Eva<\/td><td><a href=mailto:elopezhe@ull.es>elopezhe@ull.es<\/a><\/td><td>Ling\u00fc\u00edstica General<\/td><td>Pers. Inv. en form. FPI\/FPU PREDOCTORAL<\/td><td>INV<\/td><td><a class='btn-directorio' href='https:\/\/www.ull.es\/directorio\/search\/?busqueda=Eva L\u00f3pez Hern\u00e1ndez' target='_blank'><i class='fa fa-search-plus'><\/i><\/a><\/td><\/tr><tr><td>Ortega Rodr\u00edguez<\/td><td>Zaira<\/td><td><a href=mailto:zortegar@ull.es>zortegar@ull.es<\/a><\/td><td>Ling\u00fc\u00edstica General<\/td><td>Pers. Inv. en form. FPI\/FPU PREDOCTORAL<\/td><td>INV<\/td><td><a class='btn-directorio' href='https:\/\/www.ull.es\/directorio\/search\/?busqueda=Zaira Ortega Rodr\u00edguez' target='_blank'><i class='fa fa-search-plus'><\/i><\/a><\/td><\/tr><tr><td>Rodr\u00edguez Mendoza<\/td><td>Juana del Pilar<\/td><td><a href=mailto:jrmendo@ull.es>jrmendo@ull.es<\/a><\/td><td>Ling\u00fc\u00edstica General<\/td><td>Profesor Contratado Doctor (1)<\/td><td>PDI<\/td><td><a class='btn-directorio' href='https:\/\/www.ull.es\/directorio\/search\/?busqueda=Juana del Pilar Rodr\u00edguez Mendoza' target='_blank'><i class='fa fa-search-plus'><\/i><\/a><\/td><\/tr><tr><td>Ruiz Gonz\u00e1lez<\/td><td>Milagros Natalia<\/td><td><a href=mailto:mruigonz@ull.es>mruigonz@ull.es<\/a><\/td><td>Ling\u00fc\u00edstica General<\/td><td>Profesor Ayudante Doctor<\/td><td>PDI<\/td><td><a class='btn-directorio' href='https:\/\/www.ull.es\/directorio\/search\/?busqueda=Milagros Natalia Ruiz Gonz\u00e1lez' target='_blank'><i class='fa fa-search-plus'><\/i><\/a><\/td><\/tr><tr><td>Serrano Montesinos<\/td><td>Mar\u00eda Jos\u00e9<\/td><td><a href=mailto:mjserran@ull.es>mjserran@ull.es<\/a><\/td><td>Ling\u00fc\u00edstica General<\/td><td>Catedratico de Universidad<\/td><td>PDI<\/td><td><a class='btn-directorio' href='https:\/\/www.ull.es\/directorio\/search\/?busqueda=Mar\u00eda Jos\u00e9 Serrano Montesinos' target='_blank'><i class='fa fa-search-plus'><\/i><\/a><\/td><\/tr><tr><td>Acosta Mota<\/td><td>Alejandra Gricell<\/td><td><a href=mailto:aacostam@ull.es>aacostam@ull.es<\/a><\/td><td>Literatura Espa\u00f1ola<\/td><td>Investigador<\/td><td>INV<\/td><td><a class='btn-directorio' href='https:\/\/www.ull.es\/directorio\/search\/?busqueda=Alejandra Gricell Acosta Mota' target='_blank'><i class='fa fa-search-plus'><\/i><\/a><\/td><\/tr><tr><td>Brito D\u00edaz<\/td><td>Carlos<\/td><td><a href=mailto:cbridiaz@ull.es>cbridiaz@ull.es<\/a><\/td><td>Literatura Espa\u00f1ola<\/td><td>Catedratico de Universidad<\/td><td>PDI<\/td><td><a class='btn-directorio' href='https:\/\/www.ull.es\/directorio\/search\/?busqueda=Carlos Brito D\u00edaz' target='_blank'><i class='fa fa-search-plus'><\/i><\/a><\/td><\/tr><tr><td>Cabrera Castro<\/td><td>Paula<\/td><td><a href=mailto:pcabrerc@ull.es>pcabrerc@ull.es<\/a><\/td><td>Literatura Espa\u00f1ola<\/td><td>Profesor Sustituto<\/td><td>PDI<\/td><td><a class='btn-directorio' href='https:\/\/www.ull.es\/directorio\/search\/?busqueda=Paula Cabrera Castro' target='_blank'><i class='fa fa-search-plus'><\/i><\/a><\/td><\/tr><tr><td>Carmona Tierno<\/td><td>Juan Manuel<\/td><td><a href=mailto:jcarmont@ull.es>jcarmont@ull.es<\/a><\/td><td>Literatura Espa\u00f1ola<\/td><td>Profesor Ayudante Doctor<\/td><td>PDI<\/td><td><a class='btn-directorio' href='https:\/\/www.ull.es\/directorio\/search\/?busqueda=Juan Manuel Carmona Tierno' target='_blank'><i class='fa fa-search-plus'><\/i><\/a><\/td><\/tr><tr><td>Castells Molina<\/td><td>Isabel<\/td><td><a href=mailto:icastell@ull.es>icastell@ull.es<\/a><\/td><td>Literatura Espa\u00f1ola<\/td><td>Profesor Titular Universidad<\/td><td>PDI<\/td><td><a class='btn-directorio' href='https:\/\/www.ull.es\/directorio\/search\/?busqueda=Isabel Castells Molina' target='_blank'><i class='fa fa-search-plus'><\/i><\/a><\/td><\/tr><tr><td>Coello Hern\u00e1ndez<\/td><td>Alejandro<\/td><td><a href=mailto:acoelloh@ull.es>acoelloh@ull.es<\/a><\/td><td>Literatura Espa\u00f1ola<\/td><td>Profesor Ayudante Doctor<\/td><td>PDI<\/td><td><a class='btn-directorio' href='https:\/\/www.ull.es\/directorio\/search\/?busqueda=Alejandro Coello Hern\u00e1ndez' target='_blank'><i class='fa fa-search-plus'><\/i><\/a><\/td><\/tr><tr><td>Concepci\u00f3n Lorenzo<\/td><td>Nieves Mar\u00eda<\/td><td><a href=mailto:nmarcolo@ull.es>nmarcolo@ull.es<\/a><\/td><td>Literatura Espa\u00f1ola<\/td><td>Profesor Titular Universidad<\/td><td>PDI<\/td><td><a class='btn-directorio' href='https:\/\/www.ull.es\/directorio\/search\/?busqueda=Nieves Mar\u00eda Concepci\u00f3n Lorenzo' target='_blank'><i class='fa fa-search-plus'><\/i><\/a><\/td><\/tr><tr><td>Garc\u00eda Aguilar<\/td><td>Alberto Ismael<\/td><td><a href=mailto:agarciaa@ull.es>agarciaa@ull.es<\/a><\/td><td>Literatura Espa\u00f1ola<\/td><td>Profesor Ayudante Doctor<\/td><td>PDI<\/td><td><a class='btn-directorio' href='https:\/\/www.ull.es\/directorio\/search\/?busqueda=Alberto Ismael Garc\u00eda Aguilar' target='_blank'><i class='fa fa-search-plus'><\/i><\/a><\/td><\/tr><tr><td>Garc\u00eda de Mesa<\/td><td>Roberto Javier<\/td><td><a href=mailto:rgarcime@ull.es>rgarcime@ull.es<\/a><\/td><td>Literatura Espa\u00f1ola<\/td><td>Profesor Sustituto<\/td><td>PDI<\/td><td><a class='btn-directorio' href='https:\/\/www.ull.es\/directorio\/search\/?busqueda=Roberto Javier Garc\u00eda de Mesa' target='_blank'><i class='fa fa-search-plus'><\/i><\/a><\/td><\/tr><tr><td>Lora M\u00e1rquez<\/td><td>Claudia<\/td><td><a href=mailto:cloramar@ull.es>cloramar@ull.es<\/a><\/td><td>Literatura Espa\u00f1ola<\/td><td>Profesor Ayudante Doctor<\/td><td>PDI<\/td><td><a class='btn-directorio' href='https:\/\/www.ull.es\/directorio\/search\/?busqueda=Claudia Lora M\u00e1rquez' target='_blank'><i class='fa fa-search-plus'><\/i><\/a><\/td><\/tr><tr><td>Loyola L\u00f3pez<\/td><td>David<\/td><td><a href=mailto:dloyolal@ull.es>dloyolal@ull.es<\/a><\/td><td>Literatura Espa\u00f1ola<\/td><td>Profesor Ayudante Doctor<\/td><td>PDI<\/td><td><a class='btn-directorio' href='https:\/\/www.ull.es\/directorio\/search\/?busqueda=David Loyola L\u00f3pez' target='_blank'><i class='fa fa-search-plus'><\/i><\/a><\/td><\/tr><tr><td>Ramos Arteaga<\/td><td>Jos\u00e9 Antonio<\/td><td><a href=mailto:jarteaga@ull.es>jarteaga@ull.es<\/a><\/td><td>Literatura Espa\u00f1ola<\/td><td>Profesor Contratado Doctor (1)<\/td><td>PDI<\/td><td><a class='btn-directorio' href='https:\/\/www.ull.es\/directorio\/search\/?busqueda=Jos\u00e9 Antonio Ramos Arteaga' target='_blank'><i class='fa fa-search-plus'><\/i><\/a><\/td><\/tr><tr><td>Reyes de las Casas<\/td><td>Sabina<\/td><td><a href=mailto:sreyesla@ull.es>sreyesla@ull.es<\/a><\/td><td>Literatura Espa\u00f1ola<\/td><td>Profesor Ayudante Doctor<\/td><td>PDI<\/td><td><a class='btn-directorio' href='https:\/\/www.ull.es\/directorio\/search\/?busqueda=Sabina Reyes de las Casas' target='_blank'><i class='fa fa-search-plus'><\/i><\/a><\/td><\/tr><tr><td>Ripoll Le\u00f3n<\/td><td>Ver\u00f3nica<\/td><td><a href=mailto:vripolll@ull.es>vripolll@ull.es<\/a><\/td><td>Literatura Espa\u00f1ola<\/td><td>Profesor Sustituto<\/td><td>PDI<\/td><td><a class='btn-directorio' href='https:\/\/www.ull.es\/directorio\/search\/?busqueda=Ver\u00f3nica Ripoll Le\u00f3n' target='_blank'><i class='fa fa-search-plus'><\/i><\/a><\/td><\/tr><tr><td>Rivero Grandoso<\/td><td>Javier<\/td><td><a href=mailto:jriverog@ull.es>jriverog@ull.es<\/a><\/td><td>Literatura Espa\u00f1ola<\/td><td>Profesor Contratado Doctor (1)<\/td><td>PDI<\/td><td><a class='btn-directorio' href='https:\/\/www.ull.es\/directorio\/search\/?busqueda=Javier Rivero Grandoso' target='_blank'><i class='fa fa-search-plus'><\/i><\/a><\/td><\/tr><tr><td>Rodr\u00edguez Abad<\/td><td>Ernesto Jes\u00fas<\/td><td><a href=mailto:erabad@ull.es>erabad@ull.es<\/a><\/td><td>Literatura Espa\u00f1ola<\/td><td>Profesor Titular Escuela Univ.<\/td><td>PDI<\/td><td><a class='btn-directorio' href='https:\/\/www.ull.es\/directorio\/search\/?busqueda=Ernesto Jes\u00fas Rodr\u00edguez Abad' target='_blank'><i class='fa fa-search-plus'><\/i><\/a><\/td><\/tr><tr><td>V\u00e1zquez Schr\u00f6der<\/td><td>Katya<\/td><td><a href=mailto:kvazquez@ull.es>kvazquez@ull.es<\/a><\/td><td>Literatura Espa\u00f1ola<\/td><td>Profesor Sustituto<\/td><td>PDI<\/td><td><a class='btn-directorio' href='https:\/\/www.ull.es\/directorio\/search\/?busqueda=Katya V\u00e1zquez Schr\u00f6der' target='_blank'><i class='fa fa-search-plus'><\/i><\/a><\/td><\/tr><tr><td>Padr\u00f3n Torres<\/td><td>Juan Pedro<\/td><td><a href=mailto:jppadron@ull.es>jppadron@ull.es<\/a><\/td><td>Personal De Administraci\u00f3n Y Servicios<\/td><td>Administrativo<\/td><td>PAS<\/td><td><a class='btn-directorio' href='https:\/\/www.ull.es\/directorio\/search\/?busqueda=Juan Pedro Padr\u00f3n Torres' target='_blank'><i class='fa fa-search-plus'><\/i><\/a><\/td><\/tr><tr><td>Hern\u00e1ndez Hern\u00e1ndez<\/td><td>Dar\u00edo<\/td><td><a href=mailto:darher@ull.es>darher@ull.es<\/a><\/td><td>Teor\u00eda de la Literatura y Literatura comparada<\/td><td>Profesor Contratado Doctor (1)<\/td><td>PDI<\/td><td><a class='btn-directorio' href='https:\/\/www.ull.es\/directorio\/search\/?busqueda=Dar\u00edo Hern\u00e1ndez Hern\u00e1ndez' target='_blank'><i class='fa fa-search-plus'><\/i><\/a><\/td><\/tr><tr><td>Pina Arrabal<\/td><td>Alvaro<\/td><td><a href=mailto:apinaarr@ull.es>apinaarr@ull.es<\/a><\/td><td>Teor\u00eda de la Literatura y Literatura comparada<\/td><td>Profesor Ayudante Doctor<\/td><td>PDI<\/td><td><a class='btn-directorio' href='https:\/\/www.ull.es\/directorio\/search\/?busqueda=Alvaro Pina Arrabal' target='_blank'><i class='fa fa-search-plus'><\/i><\/a><\/td><\/tr><tr><td>R\u00edos Torres<\/td><td>F\u00e9lix Juan<\/td><td><a href=mailto:frios@ull.es>frios@ull.es<\/a><\/td><td>Teor\u00eda de la Literatura y Literatura comparada<\/td><td>Catedratico de Universidad<\/td><td>PDI<\/td><td><a class='btn-directorio' href='https:\/\/www.ull.es\/directorio\/search\/?busqueda=F\u00e9lix Juan R\u00edos Torres' target='_blank'><i class='fa fa-search-plus'><\/i><\/a><\/td><\/tr>        <\/tbody>\n    <\/table>\n<\/div>\n\n<script>\n\t\njQuery.extend( jQuery.fn.dataTableExt.oSort, {\n    \"chinese-string-asc\" : function (s1, s2) {\n        return s1.localeCompare(s2);\n    },\n \n    \"chinese-string-desc\" : function (s1, s2) {\n        return s2.localeCompare(s1);\n    }\n} );\n\t\n$(document).ready(function() {\n\n        $('#personal').DataTable( {\n            \"dom\": \"\" +\n            \"<'row'<'col-sm-9 toolbar'><'col-sm-3'f>>\" +\n            \"<'row tabla'<'col-sm-12'tr>>\" +\n            \"<'row'<'col-sm-5'i><'col-sm-7'p>>\"\n            ,\n            \"language\": {\n                \"url\": \"\/\/cdn.datatables.net\/plug-ins\/1.10.15\/i18n\/Spanish.json\"\n            },\n\n         columnDefs: [{ type: 'chinese-string', targets: 0 }],\n\n\n\t initComplete: function () {\n\n                this.api().columns([3]).every( function () {\n                    var column = this;\n                    var select = $('<select class=\"form-control input-sm\"><option value=\"\">Mostrar todas las \u00e1reas de conocimiento<\/option><\/select>')\n                        .appendTo( $('div.toolbar') )\n                        .on( 'change', function () {\n                            var val = $.fn.dataTable.util.escapeRegex(\n                                $(this).val()\n                            );\n\n                            column\n                                .search( val ? '^'+val+'$' : '', true, false )\n                                .draw();\n                        } );\n\n                    column.data().unique().sort().each( function ( d, j ) {\n                        select.append( '<option value=\"'+d+'\">'+d+'<\/option>' )\n                    } );\n\n                } );\n                this.api().columns([5]).every( function () {\n                    var column = this;\n                    var select = $('<select class=\"form-control input-sm\"><option value=\"\">Mostrar todos los roles<\/option><\/select>')\n                        .appendTo( $('div.toolbar') )\n                        .on( 'change', function () {\n                            var val = $.fn.dataTable.util.escapeRegex(\n                                $(this).val()\n                            );\n\n                            column\n                                .search( val ? '^'+val+'$' : '', true, false )\n                                .draw();\n                        } );\n\n                    column.data().unique().sort().each( function ( d, j ) {\n                        select.append( '<option value=\"'+d+'\">'+d+'<\/option>' )\n                    } );\n                } );\n            }\n        } );\n\n    } );\n<\/script>\n[\/vc_column_text][\/vc_column][\/vc_row]<\/p>\n","protected":false},"excerpt":{"rendered":"<p>[vc_row css=\u00bb.vc_custom_1497445297003{margin-bottom: 20px !important;}\u00bb][vc_column][vc_column_text] Personal [\/vc_column_text][\/vc_column][\/vc_row][vc_row][vc_column][vc_column_text][\/vc_column_text][\/vc_column][\/vc_row]<\/p>\n","protected":false},"author":1,"featured_media":0,"parent":0,"menu_order":0,"comment_status":"closed","ping_status":"closed","template":"","meta":[],"_links":{"self":[{"href":"https:\/\/www.ull.es\/departamentos\/filologia-espanola\/wp-json\/wp\/v2\/pages\/16"}],"collection":[{"href":"https:\/\/www.ull.es\/departamentos\/filologia-espanola\/wp-json\/wp\/v2\/pages"}],"about":[{"href":"https:\/\/www.ull.es\/departamentos\/filologia-espanola\/wp-json\/wp\/v2\/types\/page"}],"author":[{"embeddable":true,"href":"https:\/\/www.ull.es\/departamentos\/filologia-espanola\/wp-json\/wp\/v2\/users\/1"}],"replies":[{"embeddable":true,"href":"https:\/\/www.ull.es\/departamentos\/filologia-espanola\/wp-json\/wp\/v2\/comments?post=16"}],"version-history":[{"count":10,"href":"https:\/\/www.ull.es\/departamentos\/filologia-espanola\/wp-json\/wp\/v2\/pages\/16\/revisions"}],"predecessor-version":[{"id":229,"href":"https:\/\/www.ull.es\/departamentos\/filologia-espanola\/wp-json\/wp\/v2\/pages\/16\/revisions\/229"}],"wp:attachment":[{"href":"https:\/\/www.ull.es\/departamentos\/filologia-espanola\/wp-json\/wp\/v2\/media?parent=16"}],"curies":[{"name":"wp","href":"https:\/\/api.w.org\/{rel}","templated":true}]}}