{"id":18,"date":"2017-05-11T13:03:34","date_gmt":"2017-05-11T13:03:34","guid":{"rendered":"http:\/\/www.ull.es\/departamentos\/ingenieria-informatica-sistemas\/?page_id=18"},"modified":"2023-05-18T11:50:43","modified_gmt":"2023-05-18T11:50:43","slug":"docencia","status":"publish","type":"page","link":"https:\/\/www.ull.es\/departamentos\/filologia-espanola\/docencia\/","title":{"rendered":"Docencia"},"content":{"rendered":"<p>[vc_row][vc_column width=\u00bb2\/3&#8243; css=\u00bb.vc_custom_1497269146939{padding-right: 50px !important;}\u00bb][vc_column_text]<\/p>\n<h1>Docencia<\/h1>\n<p>[\/vc_column_text][vc_column_text]\n<style>\n    .shortcode-titulaciones h2 {\n        margin-bottom: 10px !important;\n    }\n\n    .shortcode-titulaciones label {\n        padding: 0 6px;\n        vertical-align: middle;\n        font-size: 12px;\n        letter-spacing: 0.4px;\n        border-radius: 2px;\n        font-weight: 500;\n    }\n\n<\/style>\n\n<div class=\"shortcode-titulaciones\">\n    <ul>\n                    <li>\n                                            <a href=\"https:\/\/www.ull.es\/grados\/espanol-lengua-literatura\">Grado en Espa\u00f1ol: lengua y literatura<\/a>\n                            <\/li>\n                    <li>\n                                            <a href=\"https:\/\/www.ull.es\/grados\/maestro-educacion-primaria\">Grado en Maestro en Educaci\u00f3n Primaria<\/a>\n                            <\/li>\n                    <li>\n                                            <a href=\"https:\/\/www.ull.es\/grados\/estudios-clasicos\">Grado en Estudios Cl\u00e1sicos<\/a>\n                            <\/li>\n                    <li>\n                                            <a href=\"https:\/\/www.ull.es\/grados\/estudios-ingleses\/\">Grado en Estudios Ingleses<\/a>\n                            <\/li>\n                    <li>\n                                            <a href=\"https:\/\/www.ull.es\/grados\/historia\">Grado en Historia<\/a>\n                            <\/li>\n                    <li>\n                                            <a href=\"https:\/\/www.ull.es\/grados\/historia-del-arte\">Grado en Historia del Arte<\/a>\n                            <\/li>\n                    <li>\n                                            <a href=\"https:\/\/www.ull.es\/grados\/estudios-francofonos-aplicados\">Grado en Estudios Franc\u00f3fonos Aplicados<\/a>\n                            <\/li>\n                    <li>\n                                            <a href=\"https:\/\/www.ull.es\/grados\/maestro-educacion-infantil\">Grado en Maestro en Educaci\u00f3n Infantil<\/a>\n                            <\/li>\n                    <li>\n                                            <a href=\"https:\/\/www.ull.es\/grados\/periodismo\">Grado en Periodismo<\/a>\n                            <\/li>\n                    <li>\n                                            <a href=\"https:\/\/www.ull.es\/grados\/administracion-direccion-empresas\">Grado en Administraci\u00f3n y Direcci\u00f3n de Empresas<\/a>\n                            <\/li>\n                    <li>\n                                            <a href=\"https:\/\/www.ull.es\/grados\/economia\">Grado en Econom\u00eda<\/a>\n                            <\/li>\n                    <li>\n                                            <a href=\"https:\/\/www.ull.es\/grados\/contabilidad-finanzas\">Grado en Contabilidad y Finanzas<\/a>\n                            <\/li>\n                    <li>\n                                            <a href=\"https:\/\/www.ull.es\/grados\/derecho\">Grado en Derecho<\/a>\n                            <\/li>\n                    <li>\n                                            <a href=\"https:\/\/www.ull.es\/grados\/logopedia\">Grado en Logopedia<\/a>\n                            <\/li>\n                    <li>\n                                            <a href=\"https:\/\/www.ull.es\/masteres\/estudios-genero-politicas-igualdad\">M\u00e1ster en Estudios de G\u00e9nero y Pol\u00edticas de Igualdad<\/a>\n                            <\/li>\n                    <li>\n                                            <a href=\"https:\/\/www.ull.es\/masteres\/formacion-profesorado\">M\u00e1ster en Formaci\u00f3n del Profesorado de Educaci\u00f3n Secundaria Obligatoria y Bachillerato, Formaci\u00f3n Profesional y Ense\u00f1anzas de Idiomas<\/a>\n                            <\/li>\n                    <li>\n                                            <a href=\"https:\/\/www.ull.es\/doctorados\/arte-humanidades\">Doctorado en Arte y Humanidades<\/a>\n                            <\/li>\n            <\/ul>\n\n    <\/div>[\/vc_column_text][\/vc_column][vc_column width=\u00bb1\/3&#8243;][vc_column_text]<a class=\"btn-destacado\" href=\"https:\/\/www.ull.es\/estudios-docencia\" target=\"_blank\" rel=\"noopener\">Consultar todas las titulaciones de la ULL<br \/>\n<i class=\"fa fa-arrow-right\"><\/i><\/a>[\/vc_column_text][vc_column_text]<\/p>\n<h3>Enlaces de inter\u00e9s<\/h3>\n<ul>\n<li><a href=\"https:\/\/www.ull.es\/la-universidad\/servicios-universitarios\/negociado-de-atencion-tecnica\/\" target=\"_blank\" rel=\"noopener\">Negociado de Atenci\u00f3n T\u00e9cnica<\/a><\/li>\n<li><a href=\"https:\/\/www.ull.es\/estudios-docencia\/calendario-academico\" target=\"_blank\" rel=\"noopener\">Calendario acad\u00e9mico<\/a><\/li>\n<li><a href=\"https:\/\/drive.google.com\/open?id=1IJKxF2R3wju6vEuYR3UdjVjTn_LMvD6dllofy7oLDBw\" target=\"_blank\" rel=\"noopener noreferrer\" target=\"_blank\" rel=\"noopener\">Tutor\u00edas<\/a><\/li>\n<\/ul>\n<p>[\/vc_column_text][\/vc_column][\/vc_row]<\/p>\n","protected":false},"excerpt":{"rendered":"<p>[vc_row][vc_column width=\u00bb2\/3&#8243; css=\u00bb.vc_custom_1497269146939{padding-right: 50px !important;}\u00bb][vc_column_text] Docencia [\/vc_column_text][vc_column_text][\/vc_column_text][\/vc_column][vc_column width=\u00bb1\/3&#8243;][vc_column_text]Consultar todas las titulaciones de la ULL [\/vc_column_text][vc_column_text] Enlaces de inter\u00e9s Negociado de Atenci\u00f3n T\u00e9cnica Calendario acad\u00e9mico Tutor\u00edas [\/vc_column_text][\/vc_column][\/vc_row]<\/p>\n","protected":false},"author":1,"featured_media":0,"parent":0,"menu_order":0,"comment_status":"closed","ping_status":"closed","template":"","meta":[],"_links":{"self":[{"href":"https:\/\/www.ull.es\/departamentos\/filologia-espanola\/wp-json\/wp\/v2\/pages\/18"}],"collection":[{"href":"https:\/\/www.ull.es\/departamentos\/filologia-espanola\/wp-json\/wp\/v2\/pages"}],"about":[{"href":"https:\/\/www.ull.es\/departamentos\/filologia-espanola\/wp-json\/wp\/v2\/types\/page"}],"author":[{"embeddable":true,"href":"https:\/\/www.ull.es\/departamentos\/filologia-espanola\/wp-json\/wp\/v2\/users\/1"}],"replies":[{"embeddable":true,"href":"https:\/\/www.ull.es\/departamentos\/filologia-espanola\/wp-json\/wp\/v2\/comments?post=18"}],"version-history":[{"count":12,"href":"https:\/\/www.ull.es\/departamentos\/filologia-espanola\/wp-json\/wp\/v2\/pages\/18\/revisions"}],"predecessor-version":[{"id":256,"href":"https:\/\/www.ull.es\/departamentos\/filologia-espanola\/wp-json\/wp\/v2\/pages\/18\/revisions\/256"}],"wp:attachment":[{"href":"https:\/\/www.ull.es\/departamentos\/filologia-espanola\/wp-json\/wp\/v2\/media?parent=18"}],"curies":[{"name":"wp","href":"https:\/\/api.w.org\/{rel}","templated":true}]}}