{"id":133,"date":"2017-05-10T13:41:12","date_gmt":"2017-05-10T13:41:12","guid":{"rendered":"http:\/\/www.ull.es\/departamentos\/ingenieria-informatica-sistemas\/?page_id=2"},"modified":"2019-02-13T14:02:12","modified_gmt":"2019-02-13T14:02:12","slug":"inicio","status":"publish","type":"page","link":"https:\/\/www.ull.es\/departamentos\/fisica\/","title":{"rendered":"Inicio"},"content":{"rendered":"<p>[vc_row full_width=\u00bbstretch_row\u00bb content_placement=\u00bbmiddle\u00bb css=\u00bb.vc_custom_1508834926709{background: #d3d3d3 url(http:\/\/www.ull.es\/departamentos\/fisica\/wp-content\/uploads\/sites\/29\/2017\/10\/imagen-departamento-22.jpg?id=260) !important;background-position: center !important;background-repeat: no-repeat !important;background-size: cover !important;}\u00bb][vc_column css=\u00bb.vc_custom_1494852981099{padding-top: 80px !important;padding-bottom: 120px !important;}\u00bb][vc_column_text el_class=\u00bbtitle-departamento\u00bb]\n<h1>F\u00edsica<\/h1>\n\n[\/vc_column_text][\/vc_column][\/vc_row][vc_row content_placement=\u00bbmiddle\u00bb css=\u00bb.vc_custom_1493298843177{padding-bottom: 35px !important;}\u00bb][vc_column css=\u00bb.vc_custom_1493296994985{margin-top: -50px !important;background-color: #ffffff !important;}\u00bb][vc_column_text css=\u00bb.vc_custom_1504776803565{padding-right: 35px !important;padding-left: 35px !important;}\u00bb]\n<div class=\"shortcode-descripcion\">\n    <p>El Departamento de F\u00edsica es el \u00f3rgano encargado de organizar, desarrollar y coordinar las ense\u00f1anzas propias de las \u00e1reas de conocimiento adscritas al mismo. El Departamento de F\u00edsica tambi\u00e9n es el \u00f3rgano encargado de apoyar las actividades e iniciativas en investigaci\u00f3n de sus miembros. Sus l\u00edneas de trabajo se centran en las materias espec\u00edficas de las \u00e1reas de conocimiento que est\u00e1n adscritas al mismo, as\u00ed como en un amplio abanico de colaboraciones interdisciplinares. En particular, desarrolla l\u00edneas de investigaci\u00f3n en f\u00edsica cu\u00e1ntica, f\u00edsica estad\u00edstica, informaci\u00f3n cu\u00e1ntica, \u00f3ptica, energ\u00edas renovables, nanomateriales, f\u00edsica molecular, f\u00edsica de materiales, an\u00e1lisis y simulaci\u00f3n de estructuras electr\u00f3nicas, f\u00edsica del estado s\u00f3lido, hidrometeorolog\u00eda, teledetecci\u00f3n y modelizaci\u00f3n del sistema Tierra-atm\u00f3sfera.<\/p><\/div>\n\n[\/vc_column_text][\/vc_column][\/vc_row][vc_row full_width=\u00bbstretch_row\u00bb css=\u00bb.vc_custom_1500894075041{padding-top: 50px !important;padding-bottom: 50px !important;background-color: #eeeeee !important;}\u00bb el_class=\u00bbvc-bloque-destacado bloque-destacado\u00bb][vc_column][vc_row_inner][vc_column_inner width=\u00bb1\/4&#8243;][vc_column_text]<a class=\"destacado\" style=\"background-color: #663366;\" href=\"https:\/\/www.ull.es\/departamentos\/fisica\/informacion-ubicacion-y-contacto\/\" target=\"_blank\" rel=\"noopener\">Informaci\u00f3n, ubicaci\u00f3n y contacto<i class=\"fa fa-arrow-right\"><\/i><\/a>[\/vc_column_text][\/vc_column_inner][vc_column_inner width=\u00bb1\/4&#8243;][vc_column_text]<a class=\"destacado\" style=\"background-color: #006699;\" href=\"https:\/\/riull.ull.es\/xmlui\/handle\/915\/6044\" target=\"_blank\" rel=\"noopener\" target=\"_blank\" rel=\"noopener\">Normativa del departamento <i class=\"fa fa-book\"><\/i><\/a>[\/vc_column_text][\/vc_column_inner][vc_column_inner width=\u00bb1\/4&#8243;][vc_column_text]<a class=\"destacado\" style=\"background-color: #999999;\" href=\"https:\/\/www.ull.es\/departamentos\/fisica\/personal\/\" target=\"_blank\" rel=\"noopener\">Personal asociado al departamento <i class=\"fa fa-users\"><\/i><\/a>[\/vc_column_text][\/vc_column_inner][vc_column_inner width=\u00bb1\/4&#8243;][vc_column_text]<a class=\"destacado\" style=\"background-color: #44919d;\" href=\"https:\/\/docs.google.com\/spreadsheets\/d\/e\/2PACX-1vQPWmRAZLVqlUl8Q3P-zcWE0YASHmwI9_8_ji1VA53qO0RRoIo8L3jC-EjkPmJ7nBnpZdpKFnB1k5J-\/pubhtml\" target=\"_blank\" rel=\"noopener\" target=\"_blank\" rel=\"noopener\">Consultar tutor\u00edas<i class=\"fa fa-calendar\"><\/i><\/a>[\/vc_column_text][\/vc_column_inner][\/vc_row_inner][\/vc_column][\/vc_row][vc_row full_width=\u00bbstretch_row\u00bb css=\u00bb.vc_custom_1493903710709{margin-bottom: 50px !important;background-color: #ffffff !important;}\u00bb][vc_column width=\u00bb1\/3&#8243;][vc_column_text]<style>\n    .news-group .bg-size {\n        background-position: center;\n        background-size: cover;\n        width: 100%;\n        height: 48px;\n    }\n    .news-group .list-group-item-text {\n        font-size: 13px;\n    }\n    .news-group .col-md-3 {\n        padding-right: 0;\n    }\n    .news-group .list-group-item-date {\n        font-size: 11px;\n        color: #A4A4A4;\n        margin-bottom: 2px;\n        text-transform: uppercase;\n    }\n\n    .mensaje.alert-warning{\n        font-size: 12px;\n        margin: 14px !important;\n        padding: 4px 8px;\n        color: #cca60b;\n    }\n<\/style>\n\n<div class=\"panel panel-default\">\n    <div class=\"panel-heading\">\n        <h3 class=\"panel-title\">Noticias<\/h3>\n    <\/div>\n\n    <div class=\"list-group news-group\">\n                    <a href=\"https:\/\/www.ull.es\/portal\/noticias\/2026\/ull-patenta-tecnologia-tintas-seguridad-antifalsificacion-tierras-raras\/\" class=\"list-group-item\">\n                <div class=\"row\">\n                    <div class=\"col-md-3\">\n                        <div class=\"bg-size\" style=\"background-image: url('https:\/\/www.ull.es\/portal\/noticias\/wp-content\/uploads\/sites\/13\/2026\/01\/tinta-antifalsificacion-billete-300x200.jpg');\"><\/div>\n                    <\/div>\n                    <div class=\"col-md-9\">\n                        <p class=\"list-group-item-date\">\n                            13 Jan 2026 - 09:33 UTC                        <\/p>\n                        <p class=\"list-group-item-text\">La ULL patenta una tecnolog\u00eda para crear tintas de seguridad antifalsificaci\u00f3n basada en tierras raras<\/p>\n                    <\/div>\n                <\/div>\n            <\/a>\n                    <a href=\"https:\/\/www.ull.es\/portal\/noticias\/2025\/articulo-nuevos-materiales-mas-leido\/\" class=\"list-group-item\">\n                <div class=\"row\">\n                    <div class=\"col-md-3\">\n                        <div class=\"bg-size\" style=\"background-image: url('https:\/\/www.ull.es\/portal\/noticias\/wp-content\/uploads\/sites\/13\/2025\/12\/advanced-materials-cover-p-300x197.jpg');\"><\/div>\n                    <\/div>\n                    <div class=\"col-md-9\">\n                        <p class=\"list-group-item-date\">\n                            22 Dec 2025 - 10:01 UTC                        <\/p>\n                        <p class=\"list-group-item-text\">Un art\u00edculo sobre nuevos materiales en el que participa la ULL es destacado entre los m\u00e1s le\u00eddos de su campo<\/p>\n                    <\/div>\n                <\/div>\n            <\/a>\n                    <a href=\"https:\/\/www.ull.es\/portal\/noticias\/2025\/ciencia-puntera-fondos-europeos\/\" class=\"list-group-item\">\n                <div class=\"row\">\n                    <div class=\"col-md-3\">\n                        <div class=\"bg-size\" style=\"background-image: url('https:\/\/www.ull.es\/portal\/noticias\/wp-content\/uploads\/sites\/13\/2025\/07\/Proyectos-financ-Europea-02-300x200.jpg');\"><\/div>\n                    <\/div>\n                    <div class=\"col-md-9\">\n                        <p class=\"list-group-item-date\">\n                            03 Jul 2025 - 08:51 UTC                        <\/p>\n                        <p class=\"list-group-item-text\">Ciencia puntera con fondos europeos<\/p>\n                    <\/div>\n                <\/div>\n            <\/a>\n                    <a href=\"https:\/\/www.ull.es\/portal\/noticias\/2024\/la-ull-y-el-csic-anfitriones-de-la-novena-edicion-de-la-conferencia-de-informacion-cuantica-en-espana\/\" class=\"list-group-item\">\n                <div class=\"row\">\n                    <div class=\"col-md-3\">\n                        <div class=\"bg-size\" style=\"background-image: url('https:\/\/www.ull.es\/portal\/noticias\/wp-content\/uploads\/sites\/13\/2024\/11\/ICE-9-Quantum-Information-300x148.jpg');\"><\/div>\n                    <\/div>\n                    <div class=\"col-md-9\">\n                        <p class=\"list-group-item-date\">\n                            08 Nov 2024 - 14:28 UTC                        <\/p>\n                        <p class=\"list-group-item-text\">La ULL y el CSIC, anfitriones de la novena edici\u00f3n de la Conferencia de Informaci\u00f3n Cu\u00e1ntica en Espa\u00f1a<\/p>\n                    <\/div>\n                <\/div>\n            <\/a>\n                    <a href=\"https:\/\/www.ull.es\/portal\/noticias\/2024\/una-investigacion-de-la-ull-demuestra-la-generacion-de-hidrogeno-verde-con-energia-infrarroja-de-bajo-coste\/\" class=\"list-group-item\">\n                <div class=\"row\">\n                    <div class=\"col-md-3\">\n                        <div class=\"bg-size\" style=\"background-image: url('https:\/\/www.ull.es\/portal\/noticias\/wp-content\/uploads\/sites\/13\/2024\/10\/Figura_articulo_hidrogeno_JorgeMendez-300x223.jpg');\"><\/div>\n                    <\/div>\n                    <div class=\"col-md-9\">\n                        <p class=\"list-group-item-date\">\n                            25 Oct 2024 - 07:57 UTC                        <\/p>\n                        <p class=\"list-group-item-text\">Una investigaci\u00f3n de la ULL demuestra la generaci\u00f3n de hidr\u00f3geno verde con energ\u00eda infrarroja de bajo coste<\/p>\n                    <\/div>\n                <\/div>\n            <\/a>\n            <\/div>\n    <div class=\"panel-footer\">\n        <a href=\"https:\/\/www.ull.es\/portal\/noticias\/?cat=3412\">M\u00c1S NOTICIAS <i class=\"fa fa-chevron-right\"><\/i><\/a>\n    <\/div>\n\n\n<\/div>[\/vc_column_text][\/vc_column][vc_column width=\u00bb1\/3&#8243;][vc_column_text]\n<style>\n    .events-group .bg-size {\n        background-position: center;\n        background-size: cover;\n        width: 100%;\n        height: 48px;\n    }\n    .events-group .list-group-item-text {\n        font-size: 13px;\n    }\n    .events-group .col-md-3 {\n        padding-right: 0;\n    }\n    .events-group .list-group-item-date {\n        font-size: 11px;\n        color: #A4A4A4;\n        margin-bottom: 2px;\n        text-transform: uppercase;\n    }\n\n    .mensaje.alert-warning{\n        font-size: 12px;\n        margin: 14px !important;\n        padding: 4px 8px;\n        color: #cca60b;\n    }\n\n<\/style>\n\n<div class=\"panel panel-default\">\n    <div class=\"panel-heading\">\n        <h3 class=\"panel-title\">Eventos<\/h3>\n    <\/div>\n\n    <div class=\"list-group events-group\">\n\n        <div class=\"mensaje alert alert-warning\">No hay eventos disponibles.<\/div>\n    <\/div>\n\n\n<\/div>\n[\/vc_column_text][\/vc_column][vc_column width=\u00bb1\/3&#8243;][vc_column_text]<style>\n    .news-group .bg-size {\n        background-position: center;\n        background-size: cover;\n        width: 100%;\n        height: 48px;\n    }\n    .news-group .list-group-item-text {\n        font-size: 13px;\n    }\n    .news-group .col-md-3 {\n        padding-right: 0;\n    }\n    .news-group .list-group-item-date {\n        font-size: 11px;\n        color: #A4A4A4;\n        margin-bottom: 2px;\n        text-transform: uppercase;\n    }\n\n    .mensaje.alert-warning{\n        font-size: 12px;\n        margin: 14px !important;\n        padding: 4px 8px;\n        color: #cca60b;\n    }\n\n<\/style>\n\n<div class=\"panel panel-default\">\n    <div class=\"panel-heading\">\n        <h3 class=\"panel-title\">Notificaciones<\/h3>\n    <\/div>\n\n    <div class=\"list-group news-group\">\n                            <a href=\"https:\/\/www.ull.es\/portal\/noticias\/2021\/convocatoria-de-contratacion-para-la-provision-de-plazas-de-personal-docente-e-investigador-contratado-temporal-en-regimen-de-derecho-laboral\/\" class=\"list-group-item\">\n                    <div class=\"row\">\n                        <div class=\"col-md-12\">\n                            <p class=\"list-group-item-date\">\n                                17 Mar 2021 - 09:00 UTC                            <\/p>\n                            <p class=\"list-group-item-text\">Convocatoria de contrataci\u00f3n para la provisi\u00f3n de plazas de personal docente e investigador contratado temporal en r\u00e9gimen de derecho laboral<\/p>\n                        <\/div>\n                    <\/div>\n                <\/a>\n                            <a href=\"https:\/\/www.ull.es\/portal\/noticias\/2020\/convocatoria-de-elecciones-a-representantes-en-el-claustro-de-la-universidad-de-la-laguna\/\" class=\"list-group-item\">\n                    <div class=\"row\">\n                        <div class=\"col-md-12\">\n                            <p class=\"list-group-item-date\">\n                                08 Oct 2020 - 13:28 UTC                            <\/p>\n                            <p class=\"list-group-item-text\">Convocatoria de elecciones a representantes en el Claustro de la Universidad de La Laguna<\/p>\n                        <\/div>\n                    <\/div>\n                <\/a>\n                            <a href=\"https:\/\/www.ull.es\/portal\/noticias\/2019\/cierre-de-la-universidad-de-la-laguna-en-verano\/\" class=\"list-group-item\">\n                    <div class=\"row\">\n                        <div class=\"col-md-12\">\n                            <p class=\"list-group-item-date\">\n                                02 Aug 2019 - 10:02 UTC                            <\/p>\n                            <p class=\"list-group-item-text\">Cierre de la Universidad de La Laguna en verano<\/p>\n                        <\/div>\n                    <\/div>\n                <\/a>\n                            <a href=\"https:\/\/www.ull.es\/portal\/noticias\/2017\/la-agencia-internacional-energia-incluye-profesor-la-ull-panel-expertos-energia-fotovoltaica\/\" class=\"list-group-item\">\n                    <div class=\"row\">\n                        <div class=\"col-md-12\">\n                            <p class=\"list-group-item-date\">\n                                07 Nov 2017 - 14:27 UTC                            <\/p>\n                            <p class=\"list-group-item-text\">La Agencia Internacional de Energ\u00eda incluye a un profesor de la ULL en su panel de expertos sobre energ\u00eda fotovoltaica<\/p>\n                        <\/div>\n                    <\/div>\n                <\/a>\n                <\/div>\n    <div class=\"panel-footer\">\n        <a href=\"https:\/\/www.ull.es\/portal\/noticias\/?cat=3413\">M\u00c1S NOTIFICACIONES <i class=\"fa fa-chevron-right\"><\/i><\/a>\n    <\/div>\n\n\n<\/div>[\/vc_column_text][\/vc_column][\/vc_row]<\/p>\n","protected":false},"excerpt":{"rendered":"<p>[vc_row full_width=\u00bbstretch_row\u00bb content_placement=\u00bbmiddle\u00bb css=\u00bb.vc_custom_1508834926709{background: #d3d3d3 url(http:\/\/www.ull.es\/departamentos\/fisica\/wp-content\/uploads\/sites\/29\/2017\/10\/imagen-departamento-22.jpg?id=260) !important;background-position: center !important;background-repeat: no-repeat !important;background-size: cover !important;}\u00bb][vc_column css=\u00bb.vc_custom_1494852981099{padding-top: 80px !important;padding-bottom: 120px !important;}\u00bb][vc_column_text el_class=\u00bbtitle-departamento\u00bb][\/vc_column_text][\/vc_column][\/vc_row][vc_row content_placement=\u00bbmiddle\u00bb css=\u00bb.vc_custom_1493298843177{padding-bottom: 35px !important;}\u00bb][vc_column css=\u00bb.vc_custom_1493296994985{margin-top: -50px !important;background-color: #ffffff !important;}\u00bb][vc_column_text css=\u00bb.vc_custom_1504776803565{padding-right: 35px !important;padding-left: 35px !important;}\u00bb][\/vc_column_text][\/vc_column][\/vc_row][vc_row full_width=\u00bbstretch_row\u00bb css=\u00bb.vc_custom_1500894075041{padding-top: 50px !important;padding-bottom: 50px !important;background-color: #eeeeee !important;}\u00bb el_class=\u00bbvc-bloque-destacado bloque-destacado\u00bb][vc_column][vc_row_inner][vc_column_inner width=\u00bb1\/4&#8243;][vc_column_text]Informaci\u00f3n, ubicaci\u00f3n y contacto[\/vc_column_text][\/vc_column_inner][vc_column_inner width=\u00bb1\/4&#8243;][vc_column_text]Normativa del departamento [\/vc_column_text][\/vc_column_inner][vc_column_inner width=\u00bb1\/4&#8243;][vc_column_text]Personal asociado al departamento&#8230;<\/p>\n","protected":false},"author":1,"featured_media":0,"parent":0,"menu_order":0,"comment_status":"closed","ping_status":"closed","template":"templates\/template-frontpage.php","meta":[],"_links":{"self":[{"href":"https:\/\/www.ull.es\/departamentos\/fisica\/wp-json\/wp\/v2\/pages\/133"}],"collection":[{"href":"https:\/\/www.ull.es\/departamentos\/fisica\/wp-json\/wp\/v2\/pages"}],"about":[{"href":"https:\/\/www.ull.es\/departamentos\/fisica\/wp-json\/wp\/v2\/types\/page"}],"author":[{"embeddable":true,"href":"https:\/\/www.ull.es\/departamentos\/fisica\/wp-json\/wp\/v2\/users\/1"}],"replies":[{"embeddable":true,"href":"https:\/\/www.ull.es\/departamentos\/fisica\/wp-json\/wp\/v2\/comments?post=133"}],"version-history":[{"count":31,"href":"https:\/\/www.ull.es\/departamentos\/fisica\/wp-json\/wp\/v2\/pages\/133\/revisions"}],"predecessor-version":[{"id":266,"href":"https:\/\/www.ull.es\/departamentos\/fisica\/wp-json\/wp\/v2\/pages\/133\/revisions\/266"}],"wp:attachment":[{"href":"https:\/\/www.ull.es\/departamentos\/fisica\/wp-json\/wp\/v2\/media?parent=133"}],"curies":[{"name":"wp","href":"https:\/\/api.w.org\/{rel}","templated":true}]}}