{"id":83,"date":"2017-05-11T12:37:19","date_gmt":"2017-05-11T12:37:19","guid":{"rendered":"http:\/\/www.ull.es\/departamentos\/ingenieria-informatica-sistemas\/?page_id=9"},"modified":"2018-06-13T10:13:59","modified_gmt":"2018-06-13T10:13:59","slug":"informacion-ubicacion-y-contacto","status":"publish","type":"page","link":"https:\/\/www.ull.es\/departamentos\/geografia-e-historia\/informacion-ubicacion-y-contacto\/","title":{"rendered":"Informaci\u00f3n, ubicaci\u00f3n y contacto"},"content":{"rendered":"<p>[vc_row][vc_column width=\u00bb2\/3&#8243; el_class=\u00bbpadding-50-right\u00bb css=\u00bb.vc_custom_1494506721665{padding-right: 50px !important;}\u00bb][vc_column_text]<\/p>\n<h1>Presentaci\u00f3n<\/h1>\n<p>[\/vc_column_text][vc_column_text el_id=\u00bbpresentacion\u00bb]\n<div class=\"shortcode-descripcion\">\n    <p>El Departamento Geograf\u00eda e Historia, adscrito a la Facultad de Humanidades tiene\r\ncomo finalidad promover y organizar la docencia y la investigaci\u00f3n de sus diversas\r\n\u00e1reas de conocimiento: Geograf\u00eda F\u00edsica, Geograf\u00eda Humana, An\u00e1lisis Geogr\u00e1fico\r\nRegional, Prehistoria, Arqueolog\u00eda, Historia Antigua, Historia Medieval, Historia\r\nModerna, Historia Contempor\u00e1nea e Historia de Am\u00e9rica. En el \u00e1mbito de la docencia,\r\nel profesorado del departamento imparte asignaturas en varios centros y titulaciones\r\nde grado y posgrado de la ULL, as\u00ed como en diversas titulaciones de posgrado de\r\notras universidades del Estado Espa\u00f1ol. En el \u00e1mbito de la investigaci\u00f3n, desarrolla\r\nuna intensa actividad, adem\u00e1s de promover y apoyar iniciativas y actividades de\r\ninvestigaci\u00f3n y transferencia de conocimiento, participando en eventos cient\u00edficos de\r\ncar\u00e1cter nacional e internacional y organizando conferencias, cursos y seminarios.<\/p><\/div>\n\n[\/vc_column_text][vc_empty_space height=\u00bb40px\u00bb][vc_column_text el_id=\u00bbareas-de-conocimiento\u00bb]\n<style>\n    .shortcode-areas h2 {\n        margin-bottom: 10px !important;\n    }\n<\/style>\n\n<div class=\"shortcode-areas\">\n    <h2>\u00c1reas de conocimiento<\/h2><ul><li>Geograf\u00eda F\u00edsica<\/li><li>Geograf\u00eda Humana<\/li><li>An\u00e1lisis Geogr\u00e1fico Regional<\/li><li>Prehistoria<\/li><li>Arquelog\u00eda<\/li><li>Historia Antigua<\/li><li>Historia Medieval<\/li><li>Historia Moderna<\/li><li>Historia Contempor\u00e1nea<\/li><li>Historia de Am\u00e9rica<\/li><\/ul><\/div>\n\n[\/vc_column_text][vc_empty_space height=\u00bb40px\u00bb][vc_column_text el_id=\u00bborganigrama\u00bb]<\/p>\n<h1>Organigrama<\/h1>\n<p>[\/vc_column_text][vc_column_text]\n<style>\n    .shortcode-equipo h2 {\n        margin-bottom: 10px !important;\n    }\n<\/style>\n\n<div class=\"shortcode-equipo\">\n    <h2>Equipo de direcci\u00f3n<\/h2><dl><dt><strong>Director<\/strong><\/dt><dd> <a href='https:\/\/www.ull.es\/directorio\/search\/?busqueda=Jos\u00e9 Ram\u00f3n Vera Galv\u00e1n' target='_blank'>Jos\u00e9 Ram\u00f3n Vera Galv\u00e1n<\/a><\/dd><dt><strong>Secretario<\/strong><\/dt><dd> <a href='https:\/\/www.ull.es\/directorio\/search\/?busqueda=Juan Israel Garc\u00eda Cruz' target='_blank'>Juan Israel Garc\u00eda Cruz<\/a><\/dd><\/dl><h2>Personal de administraci\u00f3n<\/h2><dl><dt><strong>Administrativa<\/strong><\/dt><dd> <a href='https:\/\/www.ull.es\/directorio\/search\/?busqueda=Xaquelina Alonso Luis' target='_blank'>Xaquelina Alonso Luis<\/a><\/dd><dd> <a href='https:\/\/www.ull.es\/directorio\/search\/?busqueda=Rosa Isabel Conde Galiano' target='_blank'>Rosa Isabel Conde Galiano<\/a><\/dd><\/dl>\n<\/div>\n[\/vc_column_text][\/vc_column][vc_column width=\u00bb1\/3&#8243;][vc_column_text]<a class=\"btn-destacado\" href=\"https:\/\/riull.ull.es\/xmlui\/handle\/915\/6046\" target=\"_blank\" rel=\"noopener\" target=\"_blank\" rel=\"noopener\">Consultar normativa del departamento<i class=\"fa fa-arrow-right\"><\/i><\/a>[\/vc_column_text][vc_column_text]<a class=\"btn-destacado\" href=\"https:\/\/docs.google.com\/spreadsheets\/d\/e\/2PACX-1vRILruo-NA0cmIFMU5l1XYmX9MDU71wuHy6YaHjaluiDXIiV4VaxHog1mF2ok2q_mGZExi254C8tkWY\/pubhtml\" target=\"_blank\" rel=\"noopener\" target=\"_blank\" rel=\"noopener\">Consultar comisiones del departamento<i class=\"fa fa-arrow-right\"><\/i><\/a>[\/vc_column_text][vc_column_text]\n<ul class=\"widget-box\">\n<li class='contacto-header'>Informaci\u00f3n de contacto<\/li><li><i class=\"fa fa-map-marker\"><\/i> C\/ Prof. Jos\u00e9 Luis Moreno Becerra, s\/n. Facultad de Humanidades. Secci\u00f3n de Geograf\u00eda e Historia. Planta 2. Apartado 456. C\u00f3digo postal 38200. San Crist\u00f3bal de La Laguna. S\/C de Tenerife<\/li><li><i class=\"fa fa-phone\"><\/i> 922 31 76 26<\/li><li><i class=\"fa fa-phone\"><\/i> 922 31 77 47<\/li><li><i class=\"fa fa-address-book-o\"><\/i> <a target=\"_blank\" href=\"https:\/\/www.ull.es\/directorio\/search\/?busqueda_uo=geografia-e-historia\">Directorio<\/a><\/li><li><i class=\"fa fa-envelope\"><\/i>  <a href=mailto:geoghist@ull.edu.es>geoghist@ull.edu.es<\/a><\/li>\n<\/ul>\n\n[\/vc_column_text][vc_column_text el_id=\u00bbubicacion\u00bb]\n    \n<style>\n    .google-maps {\n        position: relative;\n        padding-bottom: 75%;\n        height: 0;\n        overflow: hidden;\n    }\n    .google-maps iframe {\n        position: absolute;\n        top: 0;\n        left: 0;\n        width: 100% !important;\n        height: 100% !important;\n    }\n<\/style>\n\n\n<div class=\"google-maps\">\n    <iframe src=\"https:\/\/www.openstreetmap.org\/export\/embed.html?bbox=-16.30630017411%2C28.463850965348%2C-16.30015636452%2C28.469663187628&amp;layer=mapnik&amp;marker=28.46803392108835%2C-16.303474\" style=\"border: 1px solid black\"><\/iframe>\n<\/div>\n\n<div class=\"btn-widget\">\n    <a href=\"https:\/\/www.openstreetmap.org\/directions?engine=graphhopper_car&from=&to=28.46803392108835%2C-16.303474#map=17\/28.46803392108835\/-16.303474\">C\u00f3mo llegar<\/a>  \n<\/div>\n\n  <\/body>\n<\/html>\n\n[\/vc_column_text][\/vc_column][\/vc_row]<\/p>\n","protected":false},"excerpt":{"rendered":"<p>[vc_row][vc_column width=\u00bb2\/3&#8243; el_class=\u00bbpadding-50-right\u00bb css=\u00bb.vc_custom_1494506721665{padding-right: 50px !important;}\u00bb][vc_column_text] Presentaci\u00f3n [\/vc_column_text][vc_column_text el_id=\u00bbpresentacion\u00bb][\/vc_column_text][vc_empty_space height=\u00bb40px\u00bb][vc_column_text el_id=\u00bbareas-de-conocimiento\u00bb][\/vc_column_text][vc_empty_space height=\u00bb40px\u00bb][vc_column_text el_id=\u00bborganigrama\u00bb] Organigrama [\/vc_column_text][vc_column_text][\/vc_column_text][\/vc_column][vc_column width=\u00bb1\/3&#8243;][vc_column_text]Consultar normativa del departamento[\/vc_column_text][vc_column_text]Consultar comisiones del departamento[\/vc_column_text][vc_column_text][\/vc_column_text][vc_column_text el_id=\u00bbubicacion\u00bb][\/vc_column_text][\/vc_column][\/vc_row]<\/p>\n","protected":false},"author":1,"featured_media":0,"parent":0,"menu_order":0,"comment_status":"closed","ping_status":"closed","template":"","meta":[],"_links":{"self":[{"href":"https:\/\/www.ull.es\/departamentos\/geografia-e-historia\/wp-json\/wp\/v2\/pages\/83"}],"collection":[{"href":"https:\/\/www.ull.es\/departamentos\/geografia-e-historia\/wp-json\/wp\/v2\/pages"}],"about":[{"href":"https:\/\/www.ull.es\/departamentos\/geografia-e-historia\/wp-json\/wp\/v2\/types\/page"}],"author":[{"embeddable":true,"href":"https:\/\/www.ull.es\/departamentos\/geografia-e-historia\/wp-json\/wp\/v2\/users\/1"}],"replies":[{"embeddable":true,"href":"https:\/\/www.ull.es\/departamentos\/geografia-e-historia\/wp-json\/wp\/v2\/comments?post=83"}],"version-history":[{"count":19,"href":"https:\/\/www.ull.es\/departamentos\/geografia-e-historia\/wp-json\/wp\/v2\/pages\/83\/revisions"}],"predecessor-version":[{"id":276,"href":"https:\/\/www.ull.es\/departamentos\/geografia-e-historia\/wp-json\/wp\/v2\/pages\/83\/revisions\/276"}],"wp:attachment":[{"href":"https:\/\/www.ull.es\/departamentos\/geografia-e-historia\/wp-json\/wp\/v2\/media?parent=83"}],"curies":[{"name":"wp","href":"https:\/\/api.w.org\/{rel}","templated":true}]}}