{"id":16,"date":"2017-05-11T12:57:04","date_gmt":"2017-05-11T12:57:04","guid":{"rendered":"http:\/\/www.ull.es\/departamentos\/ingenieria-informatica-sistemas\/?page_id=16"},"modified":"2017-06-15T11:20:40","modified_gmt":"2017-06-15T11:20:40","slug":"personal","status":"publish","type":"page","link":"https:\/\/www.ull.es\/departamentos\/historia-del-arte-filosofia\/personal\/","title":{"rendered":"Personal"},"content":{"rendered":"<p>[vc_row css=\u00bb.vc_custom_1497445297003{margin-bottom: 20px !important;}\u00bb][vc_column][vc_column_text]<\/p>\n<h1>Personal<\/h1>\n<p>[\/vc_column_text][\/vc_column][\/vc_row][vc_row][vc_column][vc_column_text]\n<link rel=\"stylesheet\" href=\"https:\/\/cdn.datatables.net\/1.10.15\/css\/dataTables.bootstrap.min.css\">\n<script src=\"https:\/\/cdn.datatables.net\/1.10.15\/js\/jquery.dataTables.min.js\"><\/script>\n<script src=\"https:\/\/cdn.datatables.net\/1.10.15\/js\/dataTables.bootstrap.min.js\"><\/script>\n<script src=\"https:\/\/cdn.datatables.net\/plug-ins\/1.10.21\/sorting\/chinese-string.js\"><\/script>\n\n<style>\n\n    #personal {\n        font-size: 13px;\n    }\n\n    .row.tabla{\n        margin-bottom: 20px !important;\n        margin-top: 20px !important;\n        font-size: 14px;\n    }\n\n    div.toolbar{\n        \/*text-align: center;*\/\n    }\n\n    .input-sm {\n        font-size: 16px;\n        \/* max-width: 200px;*\/\n    }\n\n    div.toolbar select{\n        margin: 0 10px;\n    }\n\n    table.dataTable thead .sorting:after {\n        opacity: 0.2;\n        content: \"\\f0ec\";\n        -webkit-transform: rotate(90deg);\n        -moz-transform: rotate(90deg);\n        -o-transform: rotate(90deg);\n        -ms-transform: rotate(90deg);\n        transform: rotate(90deg);\n    }\n\n    table.dataTable thead .sorting_asc:after {\n        content: \"\\f160\";\n    }\n    table.dataTable thead .sorting_desc:after {\n        content: \"\\f161 \";\n    }\n    table.dataTable thead .sorting:after, table.dataTable thead .sorting_asc:after, table.dataTable thead .sorting_desc:after, table.dataTable thead .sorting_asc_disabled:after, table.dataTable thead .sorting_desc_disabled:after {\n        font-family: 'FontAwesome';\n    }\n\n    .btn-directorio {\n        font-size: 13px;\n        text-align: center;\n        display: block;\n    }\n\n<\/style>\n\n<div class=\"table-responsive\">\n    <table id=\"personal\" class=\"table table-bordered table-condensed table-hover\" cellspacing=\"0\" width=\"100%\"  data-page-length=\"25\">\n        <thead>\n        <tr>\n            <th>Apellidos<\/th>\n            <th>Nombre<\/th>\n            <th>Email<\/th>\n            <th>\u00c1rea<\/th>\n            <th>Categor\u00eda<\/th>\n            <th>Rol<\/th>\n            <th>Info.<\/th>\n        <\/tr>\n        <\/thead>\n\n        <tbody>\n        <tr><td>Rodr\u00edguez P\u00e9rez<\/td><td>Joana<\/td><td><a href=mailto:jrodrigp@ull.es>jrodrigp@ull.es<\/a><\/td><td>Historia del Arte<\/td><td>Pers. Inv. en form. FPI\/FPU PREDOCTORAL<\/td><td>INV<\/td><td><a class='btn-directorio' href='https:\/\/www.ull.es\/directorio\/search\/?busqueda=Joana Rodr\u00edguez P\u00e9rez' target='_blank'><i class='fa fa-search-plus'><\/i><\/a><\/td><\/tr><tr><td>Rodr\u00edguez Wittmann<\/td><td>Kevin<\/td><td><a href=mailto:krodrigw@ull.es>krodrigw@ull.es<\/a><\/td><td>Historia del Arte<\/td><td>Profesor Ayudante Doctor<\/td><td>PDI<\/td><td><a class='btn-directorio' href='https:\/\/www.ull.es\/directorio\/search\/?busqueda=Kevin Rodr\u00edguez Wittmann' target='_blank'><i class='fa fa-search-plus'><\/i><\/a><\/td><\/tr><tr><td>Ruiz Rodr\u00edguez<\/td><td>Francisco L\u00e1zaro<\/td><td><a href=mailto:fruiz@ull.es>fruiz@ull.es<\/a><\/td><td>Historia del Arte<\/td><td>Profesor Titular Universidad<\/td><td>PDI<\/td><td><a class='btn-directorio' href='https:\/\/www.ull.es\/directorio\/search\/?busqueda=Francisco L\u00e1zaro Ruiz Rodr\u00edguez' target='_blank'><i class='fa fa-search-plus'><\/i><\/a><\/td><\/tr><tr><td>Segovia Mart\u00edn<\/td><td>Nuria<\/td><td><a href=mailto:nsegovim@ull.es>nsegovim@ull.es<\/a><\/td><td>Historia del Arte<\/td><td>Profesor Asociado<\/td><td>PDI<\/td><td><a class='btn-directorio' href='https:\/\/www.ull.es\/directorio\/search\/?busqueda=Nuria Segovia Mart\u00edn' target='_blank'><i class='fa fa-search-plus'><\/i><\/a><\/td><\/tr><tr><td>Sola Antequera<\/td><td>Domingo<\/td><td><a href=mailto:dsola@ull.es>dsola@ull.es<\/a><\/td><td>Historia del Arte<\/td><td>Profesor Contratado Doctor (1)<\/td><td>PDI<\/td><td><a class='btn-directorio' href='https:\/\/www.ull.es\/directorio\/search\/?busqueda=Domingo Sola Antequera' target='_blank'><i class='fa fa-search-plus'><\/i><\/a><\/td><\/tr><tr><td>Vega de la Rosa<\/td><td>Carmelo<\/td><td><a href=mailto:cvega@ull.es>cvega@ull.es<\/a><\/td><td>Historia del Arte<\/td><td>Profesor Titular Universidad<\/td><td>PDI<\/td><td><a class='btn-directorio' href='https:\/\/www.ull.es\/directorio\/search\/?busqueda=Carmelo Vega de la Rosa' target='_blank'><i class='fa fa-search-plus'><\/i><\/a><\/td><\/tr><tr><td>Arenillas Mel\u00e9ndez<\/td><td>Sara<\/td><td><a href=mailto:sarenill@ull.es>sarenill@ull.es<\/a><\/td><td>M\u00fasica<\/td><td>Profesor Ayudante Doctor<\/td><td>PDI<\/td><td><a class='btn-directorio' href='https:\/\/www.ull.es\/directorio\/search\/?busqueda=Sara Arenillas Mel\u00e9ndez' target='_blank'><i class='fa fa-search-plus'><\/i><\/a><\/td><\/tr><tr><td>Gonz\u00e1lez Brito<\/td><td>Almudena<\/td><td><a href=mailto:agonzabr@ull.es>agonzabr@ull.es<\/a><\/td><td>M\u00fasica<\/td><td>Profesor Contratado Doctor (1)<\/td><td>PDI<\/td><td><a class='btn-directorio' href='https:\/\/www.ull.es\/directorio\/search\/?busqueda=Almudena Gonz\u00e1lez Brito' target='_blank'><i class='fa fa-search-plus'><\/i><\/a><\/td><\/tr><tr><td>Hern\u00e1ndez Vel\u00e1squez<\/td><td>Oswaldo Alberto<\/td><td><a href=mailto:ohernanv@ull.es>ohernanv@ull.es<\/a><\/td><td>M\u00fasica<\/td><td>Pers. Inv. en form. FPI\/FPU PREDOCTORAL<\/td><td>INV<\/td><td><a class='btn-directorio' href='https:\/\/www.ull.es\/directorio\/search\/?busqueda=Oswaldo Alberto Hern\u00e1ndez Vel\u00e1squez' target='_blank'><i class='fa fa-search-plus'><\/i><\/a><\/td><\/tr><tr><td>Pearce P\u00e9rez<\/td><td>Margarita del Carmen<\/td><td><a href=mailto:mpearcep@ull.es>mpearcep@ull.es<\/a><\/td><td>M\u00fasica<\/td><td>Profesor Ayudante Doctor<\/td><td>PDI<\/td><td><a class='btn-directorio' href='https:\/\/www.ull.es\/directorio\/search\/?busqueda=Margarita del Carmen Pearce P\u00e9rez' target='_blank'><i class='fa fa-search-plus'><\/i><\/a><\/td><\/tr><tr><td>P\u00e9rez D\u00edaz<\/td><td>Pompeyo Juan<\/td><td><a href=mailto:poperez@ull.es>poperez@ull.es<\/a><\/td><td>M\u00fasica<\/td><td>Profesor Titular Universidad<\/td><td>PDI<\/td><td><a class='btn-directorio' href='https:\/\/www.ull.es\/directorio\/search\/?busqueda=Pompeyo Juan P\u00e9rez D\u00edaz' target='_blank'><i class='fa fa-search-plus'><\/i><\/a><\/td><\/tr><tr><td>Rodr\u00edguez S\u00e1nchez<\/td><td>Jos\u00e9 Carmelo<\/td><td><a href=mailto:jcrosan@ull.es>jcrosan@ull.es<\/a><\/td><td>Personal De Administraci\u00f3n Y Servicios<\/td><td>Administrativo<\/td><td>PAS<\/td><td><a class='btn-directorio' href='https:\/\/www.ull.es\/directorio\/search\/?busqueda=Jos\u00e9 Carmelo Rodr\u00edguez S\u00e1nchez' target='_blank'><i class='fa fa-search-plus'><\/i><\/a><\/td><\/tr><tr><td>Ram\u00edrez Guedes<\/td><td>Enrique<\/td><td><a href=mailto:erguedes@ull.es>erguedes@ull.es<\/a><\/td><td>Historia del Arte<\/td><td>Profesor Contratado Doctor (1)<\/td><td>PDI<\/td><td><a class='btn-directorio' href='https:\/\/www.ull.es\/directorio\/search\/?busqueda=Enrique Ram\u00edrez Guedes' target='_blank'><i class='fa fa-search-plus'><\/i><\/a><\/td><\/tr><tr><td>Acosta Iglesias<\/td><td>Lorena<\/td><td><a href=mailto:lacostai@ull.es>lacostai@ull.es<\/a><\/td><td>Filosof\u00eda<\/td><td>Profesor Ayudante Doctor<\/td><td>PDI<\/td><td><a class='btn-directorio' href='https:\/\/www.ull.es\/directorio\/search\/?busqueda=Lorena Acosta Iglesias' target='_blank'><i class='fa fa-search-plus'><\/i><\/a><\/td><\/tr><tr><td>Marieta Hern\u00e1ndez<\/td><td>Ignacio Adolfo<\/td><td><a href=mailto:imarieta@ull.es>imarieta@ull.es<\/a><\/td><td>Filosof\u00eda<\/td><td>Profesor Titular Universidad<\/td><td>PDI<\/td><td><a class='btn-directorio' href='https:\/\/www.ull.es\/directorio\/search\/?busqueda=Ignacio Adolfo Marieta Hern\u00e1ndez' target='_blank'><i class='fa fa-search-plus'><\/i><\/a><\/td><\/tr><tr><td>Marz\u00e1n Trujillo<\/td><td>Carlos<\/td><td><a href=mailto:cmarzan@ull.es>cmarzan@ull.es<\/a><\/td><td>Filosof\u00eda<\/td><td>Profesor Titular Universidad<\/td><td>PDI<\/td><td><a class='btn-directorio' href='https:\/\/www.ull.es\/directorio\/search\/?busqueda=Carlos Marz\u00e1n Trujillo' target='_blank'><i class='fa fa-search-plus'><\/i><\/a><\/td><\/tr><tr><td>Mesa Moreno<\/td><td>Ciro<\/td><td><a href=mailto:cmesa@ull.es>cmesa@ull.es<\/a><\/td><td>Filosof\u00eda<\/td><td>Catedratico de Universidad<\/td><td>PDI<\/td><td><a class='btn-directorio' href='https:\/\/www.ull.es\/directorio\/search\/?busqueda=Ciro Mesa Moreno' target='_blank'><i class='fa fa-search-plus'><\/i><\/a><\/td><\/tr><tr><td>Barrena Delgado<\/td><td>Mar\u00eda Dolores<\/td><td><a href=mailto:mbarrena@ull.es>mbarrena@ull.es<\/a><\/td><td>Historia del Arte<\/td><td>Profesor Ayudante Doctor<\/td><td>PDI<\/td><td><a class='btn-directorio' href='https:\/\/www.ull.es\/directorio\/search\/?busqueda=Mar\u00eda Dolores Barrena Delgado' target='_blank'><i class='fa fa-search-plus'><\/i><\/a><\/td><\/tr><tr><td>Castro Brunetto<\/td><td>Carlos Javier<\/td><td><a href=mailto:cbrunett@ull.es>cbrunett@ull.es<\/a><\/td><td>Historia del Arte<\/td><td>Profesor Titular Universidad<\/td><td>PDI<\/td><td><a class='btn-directorio' href='https:\/\/www.ull.es\/directorio\/search\/?busqueda=Carlos Javier Castro Brunetto' target='_blank'><i class='fa fa-search-plus'><\/i><\/a><\/td><\/tr><tr><td>Cinelli <\/td><td>Noemi<\/td><td><a href=mailto:ncinelli@ull.es>ncinelli@ull.es<\/a><\/td><td>Historia del Arte<\/td><td>Profesor Contratado Doctor (1)<\/td><td>PDI<\/td><td><a class='btn-directorio' href='https:\/\/www.ull.es\/directorio\/search\/?busqueda=Noemi Cinelli ' target='_blank'><i class='fa fa-search-plus'><\/i><\/a><\/td><\/tr><tr><td>De La Cuetara San Luis<\/td><td>Isabel<\/td><td><a href=mailto:icuetars@ull.es>icuetars@ull.es<\/a><\/td><td>Historia del Arte<\/td><td>Profesor Sustituto<\/td><td>PDI<\/td><td><a class='btn-directorio' href='https:\/\/www.ull.es\/directorio\/search\/?busqueda=Isabel De La Cuetara San Luis' target='_blank'><i class='fa fa-search-plus'><\/i><\/a><\/td><\/tr><tr><td>D\u00edaz Soto<\/td><td>Silvia<\/td><td><a href=mailto:ddiazsot@ull.es>ddiazsot@ull.es<\/a><\/td><td>Historia del Arte<\/td><td>Profesor Contratado Doctor (1)<\/td><td>PDI<\/td><td><a class='btn-directorio' href='https:\/\/www.ull.es\/directorio\/search\/?busqueda=Silvia D\u00edaz Soto' target='_blank'><i class='fa fa-search-plus'><\/i><\/a><\/td><\/tr><tr><td>Gil D\u00edaz<\/td><td>Cristo Mar\u00eda<\/td><td><a href=mailto:cgildiaz@ull.es>cgildiaz@ull.es<\/a><\/td><td>Historia del Arte<\/td><td>Profesor Sustituto<\/td><td>PDI<\/td><td><a class='btn-directorio' href='https:\/\/www.ull.es\/directorio\/search\/?busqueda=Cristo Mar\u00eda Gil D\u00edaz' target='_blank'><i class='fa fa-search-plus'><\/i><\/a><\/td><\/tr><tr><td>Gonz\u00e1lez Ch\u00e1vez<\/td><td>Carmen Milagros<\/td><td><a href=mailto:cmgonzal@ull.es>cmgonzal@ull.es<\/a><\/td><td>Historia del Arte<\/td><td>Profesor Titular Universidad<\/td><td>PDI<\/td><td><a class='btn-directorio' href='https:\/\/www.ull.es\/directorio\/search\/?busqueda=Carmen Milagros Gonz\u00e1lez Ch\u00e1vez' target='_blank'><i class='fa fa-search-plus'><\/i><\/a><\/td><\/tr><tr><td>Marrero Alberto<\/td><td>Antonio<\/td><td><a href=mailto:amarrera@ull.es>amarrera@ull.es<\/a><\/td><td>Historia del Arte<\/td><td>Profesor Ayudante Doctor<\/td><td>PDI<\/td><td><a class='btn-directorio' href='https:\/\/www.ull.es\/directorio\/search\/?busqueda=Antonio Marrero Alberto' target='_blank'><i class='fa fa-search-plus'><\/i><\/a><\/td><\/tr><tr><td>Navarro Segura<\/td><td>Mar\u00eda Isabel<\/td><td><a href=mailto:minavarr@ull.es>minavarr@ull.es<\/a><\/td><td>Historia del Arte<\/td><td>Profesor Em\u00e9rito<\/td><td>PDI<\/td><td><a class='btn-directorio' href='https:\/\/www.ull.es\/directorio\/search\/?busqueda=Mar\u00eda Isabel Navarro Segura' target='_blank'><i class='fa fa-search-plus'><\/i><\/a><\/td><\/tr><tr><td>Pav\u00e9s Borges<\/td><td>Gonzalo Mois\u00e9s<\/td><td><a href=mailto:gpavores@ull.es>gpavores@ull.es<\/a><\/td><td>Historia del Arte<\/td><td>Profesor Titular Universidad<\/td><td>PDI<\/td><td><a class='btn-directorio' href='https:\/\/www.ull.es\/directorio\/search\/?busqueda=Gonzalo Mois\u00e9s Pav\u00e9s Borges' target='_blank'><i class='fa fa-search-plus'><\/i><\/a><\/td><\/tr><tr><td>Peralta Sierra<\/td><td>Yolanda<\/td><td><a href=mailto:yperalta@ull.es>yperalta@ull.es<\/a><\/td><td>Historia del Arte<\/td><td>Profesor Contratado Doctor (1)<\/td><td>PDI<\/td><td><a class='btn-directorio' href='https:\/\/www.ull.es\/directorio\/search\/?busqueda=Yolanda Peralta Sierra' target='_blank'><i class='fa fa-search-plus'><\/i><\/a><\/td><\/tr><tr><td>Perdig\u00f3n P\u00e9rez<\/td><td>D\u00e1cil<\/td><td><a href=mailto:dperdigo@ull.es>dperdigo@ull.es<\/a><\/td><td>Historia del Arte<\/td><td>Profesor Sustituto<\/td><td>PDI<\/td><td><a class='btn-directorio' href='https:\/\/www.ull.es\/directorio\/search\/?busqueda=D\u00e1cil Perdig\u00f3n P\u00e9rez' target='_blank'><i class='fa fa-search-plus'><\/i><\/a><\/td><\/tr><tr><td>P\u00e9rez Morera<\/td><td>Jes\u00fas<\/td><td><a href=mailto:jperezmo@ull.es>jperezmo@ull.es<\/a><\/td><td>Historia del Arte<\/td><td>Profesor Titular Universidad<\/td><td>PDI<\/td><td><a class='btn-directorio' href='https:\/\/www.ull.es\/directorio\/search\/?busqueda=Jes\u00fas P\u00e9rez Morera' target='_blank'><i class='fa fa-search-plus'><\/i><\/a><\/td><\/tr><tr><td>Quesada Acosta<\/td><td>Ana Mar\u00eda<\/td><td><a href=mailto:aquesada@ull.es>aquesada@ull.es<\/a><\/td><td>Historia del Arte<\/td><td>Profesor Titular Universidad<\/td><td>PDI<\/td><td><a class='btn-directorio' href='https:\/\/www.ull.es\/directorio\/search\/?busqueda=Ana Mar\u00eda Quesada Acosta' target='_blank'><i class='fa fa-search-plus'><\/i><\/a><\/td><\/tr>        <\/tbody>\n    <\/table>\n<\/div>\n\n<script>\n\t\njQuery.extend( jQuery.fn.dataTableExt.oSort, {\n    \"chinese-string-asc\" : function (s1, s2) {\n        return s1.localeCompare(s2);\n    },\n \n    \"chinese-string-desc\" : function (s1, s2) {\n        return s2.localeCompare(s1);\n    }\n} );\n\t\n$(document).ready(function() {\n\n        $('#personal').DataTable( {\n            \"dom\": \"\" +\n            \"<'row'<'col-sm-9 toolbar'><'col-sm-3'f>>\" +\n            \"<'row tabla'<'col-sm-12'tr>>\" +\n            \"<'row'<'col-sm-5'i><'col-sm-7'p>>\"\n            ,\n            \"language\": {\n                \"url\": \"\/\/cdn.datatables.net\/plug-ins\/1.10.15\/i18n\/Spanish.json\"\n            },\n\n         columnDefs: [{ type: 'chinese-string', targets: 0 }],\n\n\n\t initComplete: function () {\n\n                this.api().columns([3]).every( function () {\n                    var column = this;\n                    var select = $('<select class=\"form-control input-sm\"><option value=\"\">Mostrar todas las \u00e1reas de conocimiento<\/option><\/select>')\n                        .appendTo( $('div.toolbar') )\n                        .on( 'change', function () {\n                            var val = $.fn.dataTable.util.escapeRegex(\n                                $(this).val()\n                            );\n\n                            column\n                                .search( val ? '^'+val+'$' : '', true, false )\n                                .draw();\n                        } );\n\n                    column.data().unique().sort().each( function ( d, j ) {\n                        select.append( '<option value=\"'+d+'\">'+d+'<\/option>' )\n                    } );\n\n                } );\n                this.api().columns([5]).every( function () {\n                    var column = this;\n                    var select = $('<select class=\"form-control input-sm\"><option value=\"\">Mostrar todos los roles<\/option><\/select>')\n                        .appendTo( $('div.toolbar') )\n                        .on( 'change', function () {\n                            var val = $.fn.dataTable.util.escapeRegex(\n                                $(this).val()\n                            );\n\n                            column\n                                .search( val ? '^'+val+'$' : '', true, false )\n                                .draw();\n                        } );\n\n                    column.data().unique().sort().each( function ( d, j ) {\n                        select.append( '<option value=\"'+d+'\">'+d+'<\/option>' )\n                    } );\n                } );\n            }\n        } );\n\n    } );\n<\/script>\n[\/vc_column_text][\/vc_column][\/vc_row]<\/p>\n","protected":false},"excerpt":{"rendered":"<p>[vc_row css=\u00bb.vc_custom_1497445297003{margin-bottom: 20px !important;}\u00bb][vc_column][vc_column_text] Personal [\/vc_column_text][\/vc_column][\/vc_row][vc_row][vc_column][vc_column_text][\/vc_column_text][\/vc_column][\/vc_row]<\/p>\n","protected":false},"author":1,"featured_media":0,"parent":0,"menu_order":0,"comment_status":"closed","ping_status":"closed","template":"","meta":[],"_links":{"self":[{"href":"https:\/\/www.ull.es\/departamentos\/historia-del-arte-filosofia\/wp-json\/wp\/v2\/pages\/16"}],"collection":[{"href":"https:\/\/www.ull.es\/departamentos\/historia-del-arte-filosofia\/wp-json\/wp\/v2\/pages"}],"about":[{"href":"https:\/\/www.ull.es\/departamentos\/historia-del-arte-filosofia\/wp-json\/wp\/v2\/types\/page"}],"author":[{"embeddable":true,"href":"https:\/\/www.ull.es\/departamentos\/historia-del-arte-filosofia\/wp-json\/wp\/v2\/users\/1"}],"replies":[{"embeddable":true,"href":"https:\/\/www.ull.es\/departamentos\/historia-del-arte-filosofia\/wp-json\/wp\/v2\/comments?post=16"}],"version-history":[{"count":2,"href":"https:\/\/www.ull.es\/departamentos\/historia-del-arte-filosofia\/wp-json\/wp\/v2\/pages\/16\/revisions"}],"predecessor-version":[{"id":148,"href":"https:\/\/www.ull.es\/departamentos\/historia-del-arte-filosofia\/wp-json\/wp\/v2\/pages\/16\/revisions\/148"}],"wp:attachment":[{"href":"https:\/\/www.ull.es\/departamentos\/historia-del-arte-filosofia\/wp-json\/wp\/v2\/media?parent=16"}],"curies":[{"name":"wp","href":"https:\/\/api.w.org\/{rel}","templated":true}]}}