{"id":133,"date":"2017-05-10T13:41:12","date_gmt":"2017-05-10T13:41:12","guid":{"rendered":"http:\/\/www.ull.es\/departamentos\/ingenieria-informatica-sistemas\/?page_id=2"},"modified":"2019-04-29T07:30:44","modified_gmt":"2019-04-29T07:30:44","slug":"inicio","status":"publish","type":"page","link":"https:\/\/www.ull.es\/departamentos\/historia-y-filosofia-de-la-ciencia-la-educacion-y-el-lenguaje\/","title":{"rendered":"Inicio"},"content":{"rendered":"<p>[vc_row full_width=\u00bbstretch_row\u00bb content_placement=\u00bbmiddle\u00bb css=\u00bb.vc_custom_1556523041195{background: #d3d3d3 url(http:\/\/www.ull.es\/departamentos\/historia-y-filosofia-de-la-ciencia-la-educacion-y-el-lenguaje\/wp-content\/uploads\/sites\/31\/2019\/04\/lenguaje.jpeg?id=287) !important;background-position: center !important;background-repeat: no-repeat !important;background-size: cover !important;}\u00bb][vc_column css=\u00bb.vc_custom_1494852981099{padding-top: 80px !important;padding-bottom: 120px !important;}\u00bb][vc_column_text el_class=\u00bbtitle-departamento\u00bb]\n<h1>Historia y Filosof\u00eda de la Ciencia, la Educaci\u00f3n y el Lenguaje<\/h1>\n\n[\/vc_column_text][\/vc_column][\/vc_row][vc_row content_placement=\u00bbmiddle\u00bb css=\u00bb.vc_custom_1493298843177{padding-bottom: 35px !important;}\u00bb][vc_column css=\u00bb.vc_custom_1493296994985{margin-top: -50px !important;background-color: #ffffff !important;}\u00bb][vc_column_text css=\u00bb.vc_custom_1504776803565{padding-right: 35px !important;padding-left: 35px !important;}\u00bb]\n<div class=\"shortcode-descripcion\">\n    <p>El Departamento de Historia y Filosof\u00eda de la Ciencia, la Educaci\u00f3n y el Lenguaje es un Departamento interfacultativo creado en 1985 que incluye a las \u00e1reas de conocimiento de Filosof\u00eda Moral, Historia de la Ciencia, L\u00f3gica y Filosof\u00eda de la Ciencia y Teor\u00eda e Historia de la Educaci\u00f3n. En consonancia con este car\u00e1cter interdisciplinar, imparte docencia en once titulaciones de grado y nueve de m\u00e1ster y participa en cuatro doctorados.<\/p><\/div>\n\n[\/vc_column_text][\/vc_column][\/vc_row][vc_row full_width=\u00bbstretch_row\u00bb css=\u00bb.vc_custom_1500894075041{padding-top: 50px !important;padding-bottom: 50px !important;background-color: #eeeeee !important;}\u00bb el_class=\u00bbvc-bloque-destacado bloque-destacado\u00bb][vc_column][vc_row_inner][vc_column_inner width=\u00bb1\/4&#8243;][vc_column_text]<a class=\"destacado\" style=\"background-color: #663366;\" href=\"https:\/\/www.ull.es\/departamentos\/historia-y-filosofia-de-la-ciencia-la-educacion-y-el-lenguaje\/informacion-ubicacion-y-contacto\/\" target=\"_blank\" rel=\"noopener\">Informaci\u00f3n, ubicaci\u00f3n y contacto<i class=\"fa fa-arrow-right\"><\/i><\/a>[\/vc_column_text][\/vc_column_inner][vc_column_inner width=\u00bb1\/4&#8243;][vc_column_text]<a class=\"destacado\" style=\"background-color: #006699;\" href=\"https:\/\/riull.ull.es\/xmlui\/handle\/915\/6048\" target=\"_blank\" rel=\"noopener noreferrer\" target=\"_blank\" rel=\"noopener\">Normativa del departamento <i class=\"fa fa-book\"><\/i><\/a>[\/vc_column_text][\/vc_column_inner][vc_column_inner width=\u00bb1\/4&#8243;][vc_column_text]<a class=\"destacado\" style=\"background-color: #999999;\" href=\"https:\/\/www.ull.es\/departamentos\/historia-y-filosofia-de-la-ciencia-la-educacion-y-el-lenguaje\/personal\/\" target=\"_blank\" rel=\"noopener\">Personal asociado al departamento <i class=\"fa fa-users\"><\/i><\/a>[\/vc_column_text][\/vc_column_inner][vc_column_inner width=\u00bb1\/4&#8243;][vc_column_text]<a class=\"destacado\" style=\"background-color: #44919d;\" href=\"https:\/\/docs.google.com\/spreadsheets\/d\/e\/2PACX-1vTAgK1nXfPCeQJ7p3U57CSKCOz0s44Z7rRMqaaIUPnqHSr1brOumvoZ0wAfNG6NziAZNKaWUFqPw2Jj\/pubhtml\" target=\"_blank\" rel=\"noopener noreferrer\" target=\"_blank\" rel=\"noopener\">Consultar tutor\u00edas<i class=\"fa fa-calendar\"><\/i><\/a>[\/vc_column_text][\/vc_column_inner][\/vc_row_inner][\/vc_column][\/vc_row][vc_row full_width=\u00bbstretch_row\u00bb css=\u00bb.vc_custom_1493903710709{margin-bottom: 50px !important;background-color: #ffffff !important;}\u00bb][vc_column width=\u00bb1\/3&#8243;][vc_column_text]<style>\n    .news-group .bg-size {\n        background-position: center;\n        background-size: cover;\n        width: 100%;\n        height: 48px;\n    }\n    .news-group .list-group-item-text {\n        font-size: 13px;\n    }\n    .news-group .col-md-3 {\n        padding-right: 0;\n    }\n    .news-group .list-group-item-date {\n        font-size: 11px;\n        color: #A4A4A4;\n        margin-bottom: 2px;\n        text-transform: uppercase;\n    }\n\n    .mensaje.alert-warning{\n        font-size: 12px;\n        margin: 14px !important;\n        padding: 4px 8px;\n        color: #cca60b;\n    }\n<\/style>\n\n<div class=\"panel panel-default\">\n    <div class=\"panel-heading\">\n        <h3 class=\"panel-title\">Noticias<\/h3>\n    <\/div>\n\n    <div class=\"list-group news-group\">\n                    <a href=\"https:\/\/www.ull.es\/portal\/noticias\/2026\/jornada-fem-met-metodologias-feministas-justicia-epistemica\/\" class=\"list-group-item\">\n                <div class=\"row\">\n                    <div class=\"col-md-3\">\n                        <div class=\"bg-size\" style=\"background-image: url('https:\/\/www.ull.es\/portal\/noticias\/wp-content\/uploads\/sites\/13\/2026\/02\/jornada-fem-met--300x200.jpg');\"><\/div>\n                    <\/div>\n                    <div class=\"col-md-9\">\n                        <p class=\"list-group-item-date\">\n                            20 Feb 2026 - 13:41 UTC                        <\/p>\n                        <p class=\"list-group-item-text\">La ULL impulsa la jornada FEM-MET sobre metodolog\u00edas feministas y justicia epist\u00e9mica<\/p>\n                    <\/div>\n                <\/div>\n            <\/a>\n                    <a href=\"https:\/\/www.ull.es\/portal\/noticias\/2026\/logica-brujula-para-mundo-complejo\/\" class=\"list-group-item\">\n                <div class=\"row\">\n                    <div class=\"col-md-3\">\n                        <div class=\"bg-size\" style=\"background-image: url('https:\/\/www.ull.es\/portal\/noticias\/wp-content\/uploads\/sites\/13\/2026\/01\/Dia-de-la-logica-10-300x200.jpg');\"><\/div>\n                    <\/div>\n                    <div class=\"col-md-9\">\n                        <p class=\"list-group-item-date\">\n                            20 Jan 2026 - 09:17 UTC                        <\/p>\n                        <p class=\"list-group-item-text\">La l\u00f3gica, br\u00fajula para un mundo complejo<\/p>\n                    <\/div>\n                <\/div>\n            <\/a>\n                    <a href=\"https:\/\/www.ull.es\/portal\/noticias\/2025\/profesionales-pedagogia-dialogan-cambio-social\/\" class=\"list-group-item\">\n                <div class=\"row\">\n                    <div class=\"col-md-3\">\n                        <div class=\"bg-size\" style=\"background-image: url('https:\/\/www.ull.es\/portal\/noticias\/wp-content\/uploads\/sites\/13\/2025\/05\/conversatorio-pedagogia-grupo-300x165.jpg');\"><\/div>\n                    <\/div>\n                    <div class=\"col-md-9\">\n                        <p class=\"list-group-item-date\">\n                            08 May 2025 - 12:27 UTC                        <\/p>\n                        <p class=\"list-group-item-text\">Profesionales de la Pedagog\u00eda dialogan en la ULL sobre el papel de su disciplina en el cambio social<\/p>\n                    <\/div>\n                <\/div>\n            <\/a>\n                    <a href=\"https:\/\/www.ull.es\/portal\/noticias\/2025\/jornada-retos-feminismo-siglo-xxi\/\" class=\"list-group-item\">\n                <div class=\"row\">\n                    <div class=\"col-md-3\">\n                        <div class=\"bg-size\" style=\"background-image: url('https:\/\/www.ull.es\/portal\/noticias\/wp-content\/uploads\/sites\/13\/2025\/03\/debate-retos-feminismo-siglo-xxi-300x200.jpg');\"><\/div>\n                    <\/div>\n                    <div class=\"col-md-9\">\n                        <p class=\"list-group-item-date\">\n                            28 Mar 2025 - 09:28 UTC                        <\/p>\n                        <p class=\"list-group-item-text\">La ULL acogi\u00f3 la jornada \u00abRetos del feminismo en el siglo XXI: La educaci\u00f3n como fuerza transformadora\u00bb<\/p>\n                    <\/div>\n                <\/div>\n            <\/a>\n                    <a href=\"https:\/\/www.ull.es\/portal\/noticias\/2025\/ull-final-xii-olimpiada-filosofica-canarias\/\" class=\"list-group-item\">\n                <div class=\"row\">\n                    <div class=\"col-md-3\">\n                        <div class=\"bg-size\" style=\"background-image: url('https:\/\/www.ull.es\/portal\/noticias\/wp-content\/uploads\/sites\/13\/2025\/02\/Olimp-Filosofica-08-300x200.jpg');\"><\/div>\n                    <\/div>\n                    <div class=\"col-md-9\">\n                        <p class=\"list-group-item-date\">\n                            21 Feb 2025 - 13:57 UTC                        <\/p>\n                        <p class=\"list-group-item-text\">La ULL acogi\u00f3 la final auton\u00f3mica de la XII Olimpiada Filos\u00f3fica de Canarias<\/p>\n                    <\/div>\n                <\/div>\n            <\/a>\n            <\/div>\n    <div class=\"panel-footer\">\n        <a href=\"https:\/\/www.ull.es\/portal\/noticias\/?cat=3436\">M\u00c1S NOTICIAS <i class=\"fa fa-chevron-right\"><\/i><\/a>\n    <\/div>\n\n\n<\/div>[\/vc_column_text][\/vc_column][vc_column width=\u00bb1\/3&#8243;][vc_column_text]\n<style>\n    .events-group .bg-size {\n        background-position: center;\n        background-size: cover;\n        width: 100%;\n        height: 48px;\n    }\n    .events-group .list-group-item-text {\n        font-size: 13px;\n    }\n    .events-group .col-md-3 {\n        padding-right: 0;\n    }\n    .events-group .list-group-item-date {\n        font-size: 11px;\n        color: #A4A4A4;\n        margin-bottom: 2px;\n        text-transform: uppercase;\n    }\n\n    .mensaje.alert-warning{\n        font-size: 12px;\n        margin: 14px !important;\n        padding: 4px 8px;\n        color: #cca60b;\n    }\n\n<\/style>\n\n<div class=\"panel panel-default\">\n    <div class=\"panel-heading\">\n        <h3 class=\"panel-title\">Eventos<\/h3>\n    <\/div>\n\n    <div class=\"list-group events-group\">\n\n        <div class=\"mensaje alert alert-warning\">No hay eventos disponibles.<\/div>\n    <\/div>\n\n\n<\/div>\n[\/vc_column_text][\/vc_column][vc_column width=\u00bb1\/3&#8243;][vc_column_text]<style>\n    .news-group .bg-size {\n        background-position: center;\n        background-size: cover;\n        width: 100%;\n        height: 48px;\n    }\n    .news-group .list-group-item-text {\n        font-size: 13px;\n    }\n    .news-group .col-md-3 {\n        padding-right: 0;\n    }\n    .news-group .list-group-item-date {\n        font-size: 11px;\n        color: #A4A4A4;\n        margin-bottom: 2px;\n        text-transform: uppercase;\n    }\n\n    .mensaje.alert-warning{\n        font-size: 12px;\n        margin: 14px !important;\n        padding: 4px 8px;\n        color: #cca60b;\n    }\n\n<\/style>\n\n<div class=\"panel panel-default\">\n    <div class=\"panel-heading\">\n        <h3 class=\"panel-title\">Notificaciones<\/h3>\n    <\/div>\n\n    <div class=\"list-group news-group\">\n                            <a href=\"https:\/\/www.ull.es\/portal\/noticias\/2025\/sorteo-publico-en-el-consejo-de-departamento-de-historia-y-filosofia-de-la-ciencia-la-educacion-y-el-lenguaje-de-la-comision-de-seleccion-de-la-plaza-de-tu-df1637\/\" class=\"list-group-item\">\n                    <div class=\"row\">\n                        <div class=\"col-md-12\">\n                            <p class=\"list-group-item-date\">\n                                29 Oct 2025 - 12:12 UTC                            <\/p>\n                            <p class=\"list-group-item-text\">Sorteo p\u00fablico en el Consejo de Departamento de Historia y Filosof\u00eda de la Ciencia, la Educaci\u00f3n y el Lenguaje de la Comisi\u00f3n de Selecci\u00f3n de la plaza de TU, DF1637<\/p>\n                        <\/div>\n                    <\/div>\n                <\/a>\n                            <a href=\"https:\/\/www.ull.es\/portal\/noticias\/2025\/acta-de-constitucion-de-la-comision-de-seleccion-para-la-plaza-de-profesor-ayudante-doctor-dl2296-dl2298\/\" class=\"list-group-item\">\n                    <div class=\"row\">\n                        <div class=\"col-md-12\">\n                            <p class=\"list-group-item-date\">\n                                09 Jun 2025 - 08:45 UTC                            <\/p>\n                            <p class=\"list-group-item-text\">Acta de constituci\u00f3n de la comisi\u00f3n de selecci\u00f3n para la plaza de Profesor Ayudante Doctor DL2296 \/DL2298<\/p>\n                        <\/div>\n                    <\/div>\n                <\/a>\n                            <a href=\"https:\/\/www.ull.es\/portal\/noticias\/2025\/instruccion-por-la-que-se-dictan-instrucciones-a-los-departamentos-sobre-la-composicion-de-las-comisiones-de-seleccion-en-los-concursos-de-acceso-a-los-cuerpos-docentes-universitarios-y-a-plazas-de-pr\/\" class=\"list-group-item\">\n                    <div class=\"row\">\n                        <div class=\"col-md-12\">\n                            <p class=\"list-group-item-date\">\n                                27 Jan 2025 - 14:05 UTC                            <\/p>\n                            <p class=\"list-group-item-text\">Instrucci\u00f3n por la que se dictan instrucciones a los departamentos sobre la composici\u00f3n de las comisiones de selecci\u00f3n en los concursos de acceso a los cuerpos docentes universitarios y a plazas de profesorado permanente laboral y profesorado ayudante doctor<\/p>\n                        <\/div>\n                    <\/div>\n                <\/a>\n                            <a href=\"https:\/\/www.ull.es\/portal\/noticias\/2024\/elecciones-de-representantes-del-alumnado-del-departamento-de-historia-y-filosofia-de-la-ciencia-la-educacion-y-el-lenguaje\/\" class=\"list-group-item\">\n                    <div class=\"row\">\n                        <div class=\"col-md-12\">\n                            <p class=\"list-group-item-date\">\n                                19 Jan 2024 - 07:00 UTC                            <\/p>\n                            <p class=\"list-group-item-text\">Elecciones de representantes del alumnado del Departamento de Historia y Filosof\u00eda de la Ciencia, la Educaci\u00f3n y el Lenguaje<\/p>\n                        <\/div>\n                    <\/div>\n                <\/a>\n                            <a href=\"https:\/\/www.ull.es\/portal\/noticias\/2022\/andrea-luna-marquez-pareja-del-ies-cabrera-pinto-la-laguna-ganadora-de-la-ix-olimpiada-filosofica-de-espana\/\" class=\"list-group-item\">\n                    <div class=\"row\">\n                        <div class=\"col-md-12\">\n                            <p class=\"list-group-item-date\">\n                                16 May 2022 - 08:10 UTC                            <\/p>\n                            <p class=\"list-group-item-text\">Andrea Luna M\u00e1rquez Pareja, del IES Cabrera Pinto (La Laguna), ganadora de la IX Olimpiada Filos\u00f3fica de Espa\u00f1a<\/p>\n                        <\/div>\n                    <\/div>\n                <\/a>\n                <\/div>\n    <div class=\"panel-footer\">\n        <a href=\"https:\/\/www.ull.es\/portal\/noticias\/?cat=3437\">M\u00c1S NOTIFICACIONES <i class=\"fa fa-chevron-right\"><\/i><\/a>\n    <\/div>\n\n\n<\/div>[\/vc_column_text][\/vc_column][\/vc_row]<\/p>\n","protected":false},"excerpt":{"rendered":"<p>[vc_row full_width=\u00bbstretch_row\u00bb content_placement=\u00bbmiddle\u00bb css=\u00bb.vc_custom_1556523041195{background: #d3d3d3 url(http:\/\/www.ull.es\/departamentos\/historia-y-filosofia-de-la-ciencia-la-educacion-y-el-lenguaje\/wp-content\/uploads\/sites\/31\/2019\/04\/lenguaje.jpeg?id=287) !important;background-position: center !important;background-repeat: no-repeat !important;background-size: cover !important;}\u00bb][vc_column css=\u00bb.vc_custom_1494852981099{padding-top: 80px !important;padding-bottom: 120px !important;}\u00bb][vc_column_text el_class=\u00bbtitle-departamento\u00bb][\/vc_column_text][\/vc_column][\/vc_row][vc_row content_placement=\u00bbmiddle\u00bb css=\u00bb.vc_custom_1493298843177{padding-bottom: 35px !important;}\u00bb][vc_column css=\u00bb.vc_custom_1493296994985{margin-top: -50px !important;background-color: #ffffff !important;}\u00bb][vc_column_text css=\u00bb.vc_custom_1504776803565{padding-right: 35px !important;padding-left: 35px !important;}\u00bb][\/vc_column_text][\/vc_column][\/vc_row][vc_row full_width=\u00bbstretch_row\u00bb css=\u00bb.vc_custom_1500894075041{padding-top: 50px !important;padding-bottom: 50px !important;background-color: #eeeeee !important;}\u00bb el_class=\u00bbvc-bloque-destacado bloque-destacado\u00bb][vc_column][vc_row_inner][vc_column_inner width=\u00bb1\/4&#8243;][vc_column_text]Informaci\u00f3n, ubicaci\u00f3n y contacto[\/vc_column_text][\/vc_column_inner][vc_column_inner width=\u00bb1\/4&#8243;][vc_column_text]Normativa del departamento [\/vc_column_text][\/vc_column_inner][vc_column_inner width=\u00bb1\/4&#8243;][vc_column_text]Personal asociado al departamento&#8230;<\/p>\n","protected":false},"author":1,"featured_media":0,"parent":0,"menu_order":0,"comment_status":"closed","ping_status":"closed","template":"templates\/template-frontpage.php","meta":[],"_links":{"self":[{"href":"https:\/\/www.ull.es\/departamentos\/historia-y-filosofia-de-la-ciencia-la-educacion-y-el-lenguaje\/wp-json\/wp\/v2\/pages\/133"}],"collection":[{"href":"https:\/\/www.ull.es\/departamentos\/historia-y-filosofia-de-la-ciencia-la-educacion-y-el-lenguaje\/wp-json\/wp\/v2\/pages"}],"about":[{"href":"https:\/\/www.ull.es\/departamentos\/historia-y-filosofia-de-la-ciencia-la-educacion-y-el-lenguaje\/wp-json\/wp\/v2\/types\/page"}],"author":[{"embeddable":true,"href":"https:\/\/www.ull.es\/departamentos\/historia-y-filosofia-de-la-ciencia-la-educacion-y-el-lenguaje\/wp-json\/wp\/v2\/users\/1"}],"replies":[{"embeddable":true,"href":"https:\/\/www.ull.es\/departamentos\/historia-y-filosofia-de-la-ciencia-la-educacion-y-el-lenguaje\/wp-json\/wp\/v2\/comments?post=133"}],"version-history":[{"count":39,"href":"https:\/\/www.ull.es\/departamentos\/historia-y-filosofia-de-la-ciencia-la-educacion-y-el-lenguaje\/wp-json\/wp\/v2\/pages\/133\/revisions"}],"predecessor-version":[{"id":288,"href":"https:\/\/www.ull.es\/departamentos\/historia-y-filosofia-de-la-ciencia-la-educacion-y-el-lenguaje\/wp-json\/wp\/v2\/pages\/133\/revisions\/288"}],"wp:attachment":[{"href":"https:\/\/www.ull.es\/departamentos\/historia-y-filosofia-de-la-ciencia-la-educacion-y-el-lenguaje\/wp-json\/wp\/v2\/media?parent=133"}],"curies":[{"name":"wp","href":"https:\/\/api.w.org\/{rel}","templated":true}]}}