{"id":16,"date":"2017-05-11T12:57:04","date_gmt":"2017-05-11T12:57:04","guid":{"rendered":"http:\/\/www.ull.es\/departamentos\/ingenieria-informatica-sistemas\/?page_id=16"},"modified":"2017-06-19T11:23:11","modified_gmt":"2017-06-19T11:23:11","slug":"personal","status":"publish","type":"page","link":"https:\/\/www.ull.es\/departamentos\/ingenieria-agraria-medio-natural\/personal\/","title":{"rendered":"Personal"},"content":{"rendered":"<p>[vc_row css=\u00bb.vc_custom_1497445297003{margin-bottom: 20px !important;}\u00bb][vc_column][vc_column_text]<\/p>\n<h1>Personal<\/h1>\n<p>[\/vc_column_text][\/vc_column][\/vc_row][vc_row][vc_column][vc_column_text]\n<link rel=\"stylesheet\" href=\"https:\/\/cdn.datatables.net\/1.10.15\/css\/dataTables.bootstrap.min.css\">\n<script src=\"https:\/\/cdn.datatables.net\/1.10.15\/js\/jquery.dataTables.min.js\"><\/script>\n<script src=\"https:\/\/cdn.datatables.net\/1.10.15\/js\/dataTables.bootstrap.min.js\"><\/script>\n<script src=\"https:\/\/cdn.datatables.net\/plug-ins\/1.10.21\/sorting\/chinese-string.js\"><\/script>\n\n<style>\n\n    #personal {\n        font-size: 13px;\n    }\n\n    .row.tabla{\n        margin-bottom: 20px !important;\n        margin-top: 20px !important;\n        font-size: 14px;\n    }\n\n    div.toolbar{\n        \/*text-align: center;*\/\n    }\n\n    .input-sm {\n        font-size: 16px;\n        \/* max-width: 200px;*\/\n    }\n\n    div.toolbar select{\n        margin: 0 10px;\n    }\n\n    table.dataTable thead .sorting:after {\n        opacity: 0.2;\n        content: \"\\f0ec\";\n        -webkit-transform: rotate(90deg);\n        -moz-transform: rotate(90deg);\n        -o-transform: rotate(90deg);\n        -ms-transform: rotate(90deg);\n        transform: rotate(90deg);\n    }\n\n    table.dataTable thead .sorting_asc:after {\n        content: \"\\f160\";\n    }\n    table.dataTable thead .sorting_desc:after {\n        content: \"\\f161 \";\n    }\n    table.dataTable thead .sorting:after, table.dataTable thead .sorting_asc:after, table.dataTable thead .sorting_desc:after, table.dataTable thead .sorting_asc_disabled:after, table.dataTable thead .sorting_desc_disabled:after {\n        font-family: 'FontAwesome';\n    }\n\n    .btn-directorio {\n        font-size: 13px;\n        text-align: center;\n        display: block;\n    }\n\n<\/style>\n\n<div class=\"table-responsive\">\n    <table id=\"personal\" class=\"table table-bordered table-condensed table-hover\" cellspacing=\"0\" width=\"100%\"  data-page-length=\"25\">\n        <thead>\n        <tr>\n            <th>Apellidos<\/th>\n            <th>Nombre<\/th>\n            <th>Email<\/th>\n            <th>\u00c1rea<\/th>\n            <th>Categor\u00eda<\/th>\n            <th>Rol<\/th>\n            <th>Info.<\/th>\n        <\/tr>\n        <\/thead>\n\n        <tbody>\n        <tr><td>Viera Paramio<\/td><td>Juan Jos\u00e9<\/td><td><a href=mailto:jviera@ull.es>jviera@ull.es<\/a><\/td><td>Econom\u00eda, Sociolog\u00eda y Pol\u00edtica Agraria<\/td><td>Profesor Titular Escuela Univ.<\/td><td>PDI<\/td><td><a class='btn-directorio' href='https:\/\/www.ull.es\/directorio\/search\/?busqueda=Juan Jos\u00e9 Viera Paramio' target='_blank'><i class='fa fa-search-plus'><\/i><\/a><\/td><\/tr><tr><td>Arnau D\u00edaz Llanos<\/td><td>Carlos Ignacio<\/td><td><a href=mailto:carnaudi@ull.es>carnaudi@ull.es<\/a><\/td><td>Ingenier\u00eda Agroforestal<\/td><td>Profesor Sustituto<\/td><td>PDI<\/td><td><a class='btn-directorio' href='https:\/\/www.ull.es\/directorio\/search\/?busqueda=Carlos Ignacio Arnau D\u00edaz Llanos' target='_blank'><i class='fa fa-search-plus'><\/i><\/a><\/td><\/tr><tr><td>Cruz P\u00e9rez<\/td><td>Noelia<\/td><td><a href=mailto:ncruzper@ull.es>ncruzper@ull.es<\/a><\/td><td>Ingenier\u00eda Agroforestal<\/td><td>Profesor Ayudante Doctor<\/td><td>PDI<\/td><td><a class='btn-directorio' href='https:\/\/www.ull.es\/directorio\/search\/?busqueda=Noelia Cruz P\u00e9rez' target='_blank'><i class='fa fa-search-plus'><\/i><\/a><\/td><\/tr><tr><td>Exp\u00f3sito Brazier<\/td><td>Megan<\/td><td><a href=mailto:mexposito@ull.es>mexposito@ull.es<\/a><\/td><td>Ingenier\u00eda Agroforestal<\/td><td>Investigador<\/td><td>INV<\/td><td><a class='btn-directorio' href='https:\/\/www.ull.es\/directorio\/search\/?busqueda=Megan Exp\u00f3sito Brazier' target='_blank'><i class='fa fa-search-plus'><\/i><\/a><\/td><\/tr><tr><td>Koritnik <\/td><td>Jelena<\/td><td><a href=mailto:jkoritnik@ull.es>jkoritnik@ull.es<\/a><\/td><td>Ingenier\u00eda Agroforestal<\/td><td>Investigador<\/td><td>INV<\/td><td><a class='btn-directorio' href='https:\/\/www.ull.es\/directorio\/search\/?busqueda=Jelena Koritnik ' target='_blank'><i class='fa fa-search-plus'><\/i><\/a><\/td><\/tr><tr><td>Mora Ramos<\/td><td>Carlos Daniel<\/td><td><a href=mailto:cmoraram@ull.es>cmoraram@ull.es<\/a><\/td><td>Ingenier\u00eda Agroforestal<\/td><td>Profesor Asociado<\/td><td>PDI<\/td><td><a class='btn-directorio' href='https:\/\/www.ull.es\/directorio\/search\/?busqueda=Carlos Daniel Mora Ramos' target='_blank'><i class='fa fa-search-plus'><\/i><\/a><\/td><\/tr><tr><td>Ritter Rodr\u00edguez<\/td><td>Axel<\/td><td><a href=mailto:aritter@ull.es>aritter@ull.es<\/a><\/td><td>Ingenier\u00eda Agroforestal<\/td><td>Catedratico de Universidad<\/td><td>PDI<\/td><td><a class='btn-directorio' href='https:\/\/www.ull.es\/directorio\/search\/?busqueda=Axel Ritter Rodr\u00edguez' target='_blank'><i class='fa fa-search-plus'><\/i><\/a><\/td><\/tr><tr><td>Saenz Pisaca<\/td><td>Domingo F\u00e9lix<\/td><td><a href=mailto:dsaenzpi@ull.es>dsaenzpi@ull.es<\/a><\/td><td>Ingenier\u00eda Agroforestal<\/td><td>Profesor Titular Universidad<\/td><td>PDI<\/td><td><a class='btn-directorio' href='https:\/\/www.ull.es\/directorio\/search\/?busqueda=Domingo F\u00e9lix Saenz Pisaca' target='_blank'><i class='fa fa-search-plus'><\/i><\/a><\/td><\/tr><tr><td>Santamarta Cerezal<\/td><td>Juan Carlos<\/td><td><a href=mailto:jcsanta@ull.es>jcsanta@ull.es<\/a><\/td><td>Ingenier\u00eda Agroforestal<\/td><td>Catedratico de Universidad<\/td><td>PDI<\/td><td><a class='btn-directorio' href='https:\/\/www.ull.es\/directorio\/search\/?busqueda=Juan Carlos Santamarta Cerezal' target='_blank'><i class='fa fa-search-plus'><\/i><\/a><\/td><\/tr><tr><td>Delgado Ben\u00edtez<\/td><td>Fernando<\/td><td><a href=mailto:ferdebe@ull.es>ferdebe@ull.es<\/a><\/td><td>Personal De Administraci\u00f3n Y Servicios<\/td><td>Titulado Medio<\/td><td>PAS<\/td><td><a class='btn-directorio' href='https:\/\/www.ull.es\/directorio\/search\/?busqueda=Fernando Delgado Ben\u00edtez' target='_blank'><i class='fa fa-search-plus'><\/i><\/a><\/td><\/tr><tr><td>Galv\u00e1n Gonz\u00e1lez<\/td><td>Mar\u00eda Candelaria<\/td><td><a href=mailto:mcgalvan@ull.es>mcgalvan@ull.es<\/a><\/td><td>Personal De Administraci\u00f3n Y Servicios<\/td><td>Auxiliar<\/td><td>PAS<\/td><td><a class='btn-directorio' href='https:\/\/www.ull.es\/directorio\/search\/?busqueda=Mar\u00eda Candelaria Galv\u00e1n Gonz\u00e1lez' target='_blank'><i class='fa fa-search-plus'><\/i><\/a><\/td><\/tr><tr><td>Ojeda Garc\u00eda<\/td><td>David<\/td><td><a href=mailto:davogar@ull.es>davogar@ull.es<\/a><\/td><td>Personal De Administraci\u00f3n Y Servicios<\/td><td>Tecnico de Laboratorio<\/td><td>PAS<\/td><td><a class='btn-directorio' href='https:\/\/www.ull.es\/directorio\/search\/?busqueda=David Ojeda Garc\u00eda' target='_blank'><i class='fa fa-search-plus'><\/i><\/a><\/td><\/tr><tr><td>P\u00e9rez Rom\u00e1n<\/td><td>Yaiza<\/td><td><a href=mailto:yperez@ull.es>yperez@ull.es<\/a><\/td><td>Personal De Administraci\u00f3n Y Servicios<\/td><td>Tecnico de Laboratorio<\/td><td>PAS<\/td><td><a class='btn-directorio' href='https:\/\/www.ull.es\/directorio\/search\/?busqueda=Yaiza P\u00e9rez Rom\u00e1n' target='_blank'><i class='fa fa-search-plus'><\/i><\/a><\/td><\/tr><tr><td>Ramos P\u00e9rez<\/td><td>Ana Esther<\/td><td><a href=mailto:aramospe@ull.es>aramospe@ull.es<\/a><\/td><td>Personal De Administraci\u00f3n Y Servicios<\/td><td>Administrativo<\/td><td>PAS<\/td><td><a class='btn-directorio' href='https:\/\/www.ull.es\/directorio\/search\/?busqueda=Ana Esther Ramos P\u00e9rez' target='_blank'><i class='fa fa-search-plus'><\/i><\/a><\/td><\/tr><tr><td>Bermejo Asensio<\/td><td>Luis Alberto<\/td><td><a href=mailto:lasensio@ull.es>lasensio@ull.es<\/a><\/td><td>Producci\u00f3n Animal<\/td><td>Profesor Titular Universidad<\/td><td>PDI<\/td><td><a class='btn-directorio' href='https:\/\/www.ull.es\/directorio\/search\/?busqueda=Luis Alberto Bermejo Asensio' target='_blank'><i class='fa fa-search-plus'><\/i><\/a><\/td><\/tr><tr><td>Camacho P\u00e9rez<\/td><td>Mar\u00eda de los \u00c1ngeles<\/td><td><a href=mailto:acamacho@ull.es>acamacho@ull.es<\/a><\/td><td>Producci\u00f3n Animal<\/td><td>Profesor Titular Universidad<\/td><td>PDI<\/td><td><a class='btn-directorio' href='https:\/\/www.ull.es\/directorio\/search\/?busqueda=Mar\u00eda de los \u00c1ngeles Camacho P\u00e9rez' target='_blank'><i class='fa fa-search-plus'><\/i><\/a><\/td><\/tr><tr><td>Mata Gonz\u00e1lez<\/td><td>Javier<\/td><td><a href=mailto:jmata@ull.es>jmata@ull.es<\/a><\/td><td>Producci\u00f3n Animal<\/td><td>Profesor Titular Universidad<\/td><td>PDI<\/td><td><a class='btn-directorio' href='https:\/\/www.ull.es\/directorio\/search\/?busqueda=Javier Mata Gonz\u00e1lez' target='_blank'><i class='fa fa-search-plus'><\/i><\/a><\/td><\/tr><tr><td>Ramos Su\u00e1rez<\/td><td>Juan Luis<\/td><td><a href=mailto:jramossu@ull.es>jramossu@ull.es<\/a><\/td><td>Producci\u00f3n Animal<\/td><td>Profesor Ayudante Doctor<\/td><td>PDI<\/td><td><a class='btn-directorio' href='https:\/\/www.ull.es\/directorio\/search\/?busqueda=Juan Luis Ramos Su\u00e1rez' target='_blank'><i class='fa fa-search-plus'><\/i><\/a><\/td><\/tr><tr><td>Garc\u00eda Tejera<\/td><td>Omar<\/td><td><a href=mailto:ogarciat@ull.es>ogarciat@ull.es<\/a><\/td><td>Producci\u00f3n Vegetal<\/td><td>Profesor Ayudante Doctor<\/td><td>PDI<\/td><td><a class='btn-directorio' href='https:\/\/www.ull.es\/directorio\/search\/?busqueda=Omar Garc\u00eda Tejera' target='_blank'><i class='fa fa-search-plus'><\/i><\/a><\/td><\/tr><tr><td>Le\u00f3n Hern\u00e1ndez<\/td><td>Ana Mar\u00eda Josefina de<\/td><td><a href=mailto:amleon@ull.es>amleon@ull.es<\/a><\/td><td>Producci\u00f3n Vegetal<\/td><td>Profesor Titular Universidad<\/td><td>PDI<\/td><td><a class='btn-directorio' href='https:\/\/www.ull.es\/directorio\/search\/?busqueda=Ana Mar\u00eda Josefina de Le\u00f3n Hern\u00e1ndez' target='_blank'><i class='fa fa-search-plus'><\/i><\/a><\/td><\/tr><tr><td>Mahouachi Mahouachi<\/td><td>Jalel<\/td><td><a href=mailto:jmahou@ull.es>jmahou@ull.es<\/a><\/td><td>Producci\u00f3n Vegetal<\/td><td>Profesor Titular Universidad<\/td><td>PDI<\/td><td><a class='btn-directorio' href='https:\/\/www.ull.es\/directorio\/search\/?busqueda=Jalel Mahouachi Mahouachi' target='_blank'><i class='fa fa-search-plus'><\/i><\/a><\/td><\/tr><tr><td>Perdomo Molina<\/td><td>Antonio C\u00e9sar<\/td><td><a href=mailto:apmolina@ull.es>apmolina@ull.es<\/a><\/td><td>Producci\u00f3n Vegetal<\/td><td>Profesor Asociado<\/td><td>PDI<\/td><td><a class='btn-directorio' href='https:\/\/www.ull.es\/directorio\/search\/?busqueda=Antonio C\u00e9sar Perdomo Molina' target='_blank'><i class='fa fa-search-plus'><\/i><\/a><\/td><\/tr><tr><td>R\u00edos Mesa<\/td><td>Domingo Jos\u00e9<\/td><td><a href=mailto:djrios@ull.es>djrios@ull.es<\/a><\/td><td>Producci\u00f3n Vegetal<\/td><td>Profesor Titular Universidad<\/td><td>PDI<\/td><td><a class='btn-directorio' href='https:\/\/www.ull.es\/directorio\/search\/?busqueda=Domingo Jos\u00e9 R\u00edos Mesa' target='_blank'><i class='fa fa-search-plus'><\/i><\/a><\/td><\/tr><tr><td>Siverio N\u00fa\u00f1ez<\/td><td>Antonio Manuel Nereo<\/td><td><a href=mailto:asiverio@ull.es>asiverio@ull.es<\/a><\/td><td>Producci\u00f3n Vegetal<\/td><td>Profesor Titular Universidad<\/td><td>PDI<\/td><td><a class='btn-directorio' href='https:\/\/www.ull.es\/directorio\/search\/?busqueda=Antonio Manuel Nereo Siverio N\u00fa\u00f1ez' target='_blank'><i class='fa fa-search-plus'><\/i><\/a><\/td><\/tr><tr><td>Vera Batista<\/td><td>Mar\u00eda Candelaria<\/td><td><a href=mailto:cbatista@ull.es>cbatista@ull.es<\/a><\/td><td>Producci\u00f3n Vegetal<\/td><td>Profesor Titular Universidad<\/td><td>PDI<\/td><td><a class='btn-directorio' href='https:\/\/www.ull.es\/directorio\/search\/?busqueda=Mar\u00eda Candelaria Vera Batista' target='_blank'><i class='fa fa-search-plus'><\/i><\/a><\/td><\/tr>        <\/tbody>\n    <\/table>\n<\/div>\n\n<script>\n\t\njQuery.extend( jQuery.fn.dataTableExt.oSort, {\n    \"chinese-string-asc\" : function (s1, s2) {\n        return s1.localeCompare(s2);\n    },\n \n    \"chinese-string-desc\" : function (s1, s2) {\n        return s2.localeCompare(s1);\n    }\n} );\n\t\n$(document).ready(function() {\n\n        $('#personal').DataTable( {\n            \"dom\": \"\" +\n            \"<'row'<'col-sm-9 toolbar'><'col-sm-3'f>>\" +\n            \"<'row tabla'<'col-sm-12'tr>>\" +\n            \"<'row'<'col-sm-5'i><'col-sm-7'p>>\"\n            ,\n            \"language\": {\n                \"url\": \"\/\/cdn.datatables.net\/plug-ins\/1.10.15\/i18n\/Spanish.json\"\n            },\n\n         columnDefs: [{ type: 'chinese-string', targets: 0 }],\n\n\n\t initComplete: function () {\n\n                this.api().columns([3]).every( function () {\n                    var column = this;\n                    var select = $('<select class=\"form-control input-sm\"><option value=\"\">Mostrar todas las \u00e1reas de conocimiento<\/option><\/select>')\n                        .appendTo( $('div.toolbar') )\n                        .on( 'change', function () {\n                            var val = $.fn.dataTable.util.escapeRegex(\n                                $(this).val()\n                            );\n\n                            column\n                                .search( val ? '^'+val+'$' : '', true, false )\n                                .draw();\n                        } );\n\n                    column.data().unique().sort().each( function ( d, j ) {\n                        select.append( '<option value=\"'+d+'\">'+d+'<\/option>' )\n                    } );\n\n                } );\n                this.api().columns([5]).every( function () {\n                    var column = this;\n                    var select = $('<select class=\"form-control input-sm\"><option value=\"\">Mostrar todos los roles<\/option><\/select>')\n                        .appendTo( $('div.toolbar') )\n                        .on( 'change', function () {\n                            var val = $.fn.dataTable.util.escapeRegex(\n                                $(this).val()\n                            );\n\n                            column\n                                .search( val ? '^'+val+'$' : '', true, false )\n                                .draw();\n                        } );\n\n                    column.data().unique().sort().each( function ( d, j ) {\n                        select.append( '<option value=\"'+d+'\">'+d+'<\/option>' )\n                    } );\n                } );\n            }\n        } );\n\n    } );\n<\/script>\n[\/vc_column_text][\/vc_column][\/vc_row]<\/p>\n","protected":false},"excerpt":{"rendered":"<p>[vc_row css=\u00bb.vc_custom_1497445297003{margin-bottom: 20px !important;}\u00bb][vc_column][vc_column_text] Personal [\/vc_column_text][\/vc_column][\/vc_row][vc_row][vc_column][vc_column_text][\/vc_column_text][\/vc_column][\/vc_row]<\/p>\n","protected":false},"author":1,"featured_media":0,"parent":0,"menu_order":0,"comment_status":"closed","ping_status":"closed","template":"","meta":[],"_links":{"self":[{"href":"https:\/\/www.ull.es\/departamentos\/ingenieria-agraria-medio-natural\/wp-json\/wp\/v2\/pages\/16"}],"collection":[{"href":"https:\/\/www.ull.es\/departamentos\/ingenieria-agraria-medio-natural\/wp-json\/wp\/v2\/pages"}],"about":[{"href":"https:\/\/www.ull.es\/departamentos\/ingenieria-agraria-medio-natural\/wp-json\/wp\/v2\/types\/page"}],"author":[{"embeddable":true,"href":"https:\/\/www.ull.es\/departamentos\/ingenieria-agraria-medio-natural\/wp-json\/wp\/v2\/users\/1"}],"replies":[{"embeddable":true,"href":"https:\/\/www.ull.es\/departamentos\/ingenieria-agraria-medio-natural\/wp-json\/wp\/v2\/comments?post=16"}],"version-history":[{"count":1,"href":"https:\/\/www.ull.es\/departamentos\/ingenieria-agraria-medio-natural\/wp-json\/wp\/v2\/pages\/16\/revisions"}],"predecessor-version":[{"id":146,"href":"https:\/\/www.ull.es\/departamentos\/ingenieria-agraria-medio-natural\/wp-json\/wp\/v2\/pages\/16\/revisions\/146"}],"wp:attachment":[{"href":"https:\/\/www.ull.es\/departamentos\/ingenieria-agraria-medio-natural\/wp-json\/wp\/v2\/media?parent=16"}],"curies":[{"name":"wp","href":"https:\/\/api.w.org\/{rel}","templated":true}]}}