{"id":71,"date":"2017-05-15T09:13:24","date_gmt":"2017-05-15T09:13:24","guid":{"rendered":"http:\/\/www.ull.es\/departamentos\/ingenieria-informatica-sistemas\/?page_id=71"},"modified":"2021-11-30T14:47:57","modified_gmt":"2021-11-30T14:47:57","slug":"instalaciones-y-recursos","status":"publish","type":"page","link":"https:\/\/www.ull.es\/departamentos\/ingenieria-agraria-medio-natural\/instalaciones-y-recursos\/","title":{"rendered":"Instalaciones y recursos"},"content":{"rendered":"<p>[vc_row][vc_column][vc_column_text]<\/p>\n<h1>Instalaciones y recursos<\/h1>\n<p>[\/vc_column_text][vc_empty_space][\/vc_column][\/vc_row][vc_row][vc_column][vc_column_text]<\/p>\n<table>\n<tbody>\n<tr>\n<td><span style=\"text-decoration: underline;\"><strong>Edificio<\/strong><\/span><\/td>\n<td><span style=\"text-decoration: underline;\"><strong>Planta<\/strong><\/span><\/td>\n<td><span style=\"text-decoration: underline;\"><strong>Espacio<\/strong><\/span><\/td>\n<\/tr>\n<tr>\n<td><strong>Secci\u00f3n de Ingenier\u00eda Agraria de la<\/strong><\/p>\n<p><strong>Escuela Polit\u00e9cnica Superior<\/strong><\/td>\n<td><span style=\"font-weight: 400;\">-1<\/span><\/td>\n<td><\/td>\n<\/tr>\n<tr>\n<td><\/td>\n<td><\/td>\n<td><span style=\"font-weight: 400;\">Despacho 1<\/span><\/p>\n<p><span style=\"font-weight: 400;\">\u00a0(uso mixto)<\/span><\/td>\n<\/tr>\n<tr>\n<td><\/td>\n<td><\/td>\n<td><span style=\"font-weight: 400;\">Cuarto\/almac\u00e9n 1<\/span><\/p>\n<p><span style=\"font-weight: 400;\">(uso mixto)<\/span><\/td>\n<\/tr>\n<tr>\n<td><\/td>\n<td><\/td>\n<td><span style=\"font-weight: 400;\">Cuarto\/almac\u00e9n 2<\/span><\/p>\n<p><span style=\"font-weight: 400;\">(uso mixto)<\/span><\/td>\n<\/tr>\n<tr>\n<td><span style=\"font-weight: 400;\">\u00a0<\/span><\/td>\n<td><span style=\"font-weight: 400;\">\u00a0<\/span><\/td>\n<td><span style=\"font-weight: 400;\">Laboratorio de hidr\u00e1ulica<\/span><\/td>\n<\/tr>\n<tr>\n<td><strong>Secci\u00f3n de Ingenier\u00eda Agraria de la<\/strong><\/p>\n<p><strong>Escuela Polit\u00e9cnica Superior<\/strong><\/td>\n<td><span style=\"font-weight: 400;\">0 (hall de entrada)<\/span><\/td>\n<td><\/td>\n<\/tr>\n<tr>\n<td><\/td>\n<td><\/td>\n<td><span style=\"font-weight: 400;\">Despacho 0.2<\/span><\/p>\n<p><span style=\"font-weight: 400;\">(\u00c1rea de Producci\u00f3n Vegetal)<\/span><\/td>\n<\/tr>\n<tr>\n<td><\/td>\n<td><\/td>\n<td><span style=\"font-weight: 400;\">Despacho 0.3<\/span><\/p>\n<p><span style=\"font-weight: 400;\">(\u00c1rea de Producci\u00f3n Vegetal)<\/span><\/td>\n<\/tr>\n<tr>\n<td><\/td>\n<td><\/td>\n<td><span style=\"font-weight: 400;\">Despacho 0.4<\/span><\/p>\n<p><span style=\"font-weight: 400;\">(\u00c1rea de Producci\u00f3n Vegetal)<\/span><\/td>\n<\/tr>\n<tr>\n<td><strong>Secci\u00f3n de Ingenier\u00eda Agraria de la<\/strong><\/p>\n<p><strong>Escuela Polit\u00e9cnica Superior<\/strong><\/td>\n<td><span style=\"font-weight: 400;\">1<\/span><\/td>\n<td><\/td>\n<\/tr>\n<tr>\n<td><\/td>\n<td><\/td>\n<td><span style=\"font-weight: 400;\">Despacho 1.5<\/span><\/p>\n<p><span style=\"font-weight: 400;\">(\u00c1rea de Producci\u00f3n Animal)<\/span><\/td>\n<\/tr>\n<tr>\n<td><\/td>\n<td><\/td>\n<td><span style=\"font-weight: 400;\">Despacho 1.6<\/span><\/p>\n<p><span style=\"font-weight: 400;\">(\u00c1rea de Producci\u00f3n Animal)<\/span><\/td>\n<\/tr>\n<tr>\n<td><\/td>\n<td><\/td>\n<td><span style=\"font-weight: 400;\">Despacho 1.7<\/span><\/p>\n<p><span style=\"font-weight: 400;\">(\u00c1rea de Ingenier\u00eda Agroforestal)<\/span><\/td>\n<\/tr>\n<tr>\n<td><\/td>\n<td><\/td>\n<td><span style=\"font-weight: 400;\">Despacho 1.8<\/span><\/p>\n<p><span style=\"font-weight: 400;\">(\u00c1rea de Ingenier\u00eda Agroforestal)<\/span><\/td>\n<\/tr>\n<tr>\n<td><\/td>\n<td><\/td>\n<td><span style=\"font-weight: 400;\">Despacho 1.9<\/span><\/p>\n<p><span style=\"font-weight: 400;\">(\u00c1rea de Ingenier\u00eda Agroforestal)<\/span><\/td>\n<\/tr>\n<tr>\n<td><\/td>\n<td><\/td>\n<td><span style=\"font-weight: 400;\">Despacho 1.10<\/span><\/p>\n<p><span style=\"font-weight: 400;\">(\u00c1rea de Ingenier\u00eda Agroforestal)<\/span><\/td>\n<\/tr>\n<tr>\n<td><\/td>\n<td><\/td>\n<td><span style=\"font-weight: 400;\">Despacho 1.11<\/span><\/p>\n<p><span style=\"font-weight: 400;\">(\u00c1rea de Ingenier\u00eda Agroforestal)<\/span><\/td>\n<\/tr>\n<tr>\n<td><\/td>\n<td><\/td>\n<td><span style=\"font-weight: 400;\">Despacho 1.12<\/span><\/p>\n<p><span style=\"font-weight: 400;\">(\u00c1rea de Ingenier\u00eda Agroforestal)<\/span><\/td>\n<\/tr>\n<tr>\n<td><\/td>\n<td><\/td>\n<td><span style=\"font-weight: 400;\">Laboratorio de producci\u00f3n animal y zootecnia<\/span><\/td>\n<\/tr>\n<tr>\n<td><span style=\"font-weight: 400;\">\u00a0<\/span><\/td>\n<td><span style=\"font-weight: 400;\">\u00a0<\/span><\/td>\n<td><span style=\"font-weight: 400;\">Almac\u00e9n Ingenier\u00eda Agroforestal 1<\/span><\/td>\n<\/tr>\n<tr>\n<td><span style=\"font-weight: 400;\">\u00a0<\/span><\/td>\n<td><span style=\"font-weight: 400;\">\u00a0<\/span><\/td>\n<td><span style=\"font-weight: 400;\">Almac\u00e9n Ingenier\u00eda Agroforestal 2<\/span><\/td>\n<\/tr>\n<tr>\n<td><strong>Secci\u00f3n de Ingenier\u00eda Agraria de la<\/strong><\/p>\n<p><strong>Escuela Polit\u00e9cnica Superior<\/strong><\/td>\n<td><span style=\"font-weight: 400;\">2<\/span><\/td>\n<td><\/td>\n<\/tr>\n<tr>\n<td><\/td>\n<td><\/td>\n<td><span style=\"font-weight: 400;\">Despacho 2.13<\/span><\/p>\n<p><span style=\"font-weight: 400;\">(\u00c1rea de Ingenier\u00eda Agroforestal)<\/span><\/td>\n<\/tr>\n<tr>\n<td><\/td>\n<td><\/td>\n<td><span style=\"font-weight: 400;\">Despacho 2.14<\/span><\/p>\n<p><span style=\"font-weight: 400;\">(\u00c1rea de Producci\u00f3n Vegetal)<\/span><\/td>\n<\/tr>\n<tr>\n<td><\/td>\n<td><\/td>\n<td><span style=\"font-weight: 400;\">Despacho 2.15<\/span><\/p>\n<p><span style=\"font-weight: 400;\">(\u00c1rea de Producci\u00f3n Vegetal)<\/span><\/td>\n<\/tr>\n<tr>\n<td><\/td>\n<td><\/td>\n<td><span style=\"font-weight: 400;\">Despacho 2.16<\/span><\/p>\n<p><span style=\"font-weight: 400;\">(\u00e1rea de econom\u00eda agraria)<\/span><\/td>\n<\/tr>\n<tr>\n<td><\/td>\n<td><\/td>\n<td><span style=\"font-weight: 400;\">Despacho 2.17<\/span><\/p>\n<p><span style=\"font-weight: 400;\">(\u00c1rea de Producci\u00f3n Vegetal)<\/span><\/td>\n<\/tr>\n<tr>\n<td><span style=\"font-weight: 400;\">\u00a0<\/span><\/td>\n<td><span style=\"font-weight: 400;\">\u00a0<\/span><\/td>\n<td><span style=\"font-weight: 400;\">Laboratorio de fitopatolog\u00eda<\/span><\/td>\n<\/tr>\n<tr>\n<td><span style=\"font-weight: 400;\">\u00a0<\/span><\/td>\n<td><span style=\"font-weight: 400;\">\u00a0<\/span><\/td>\n<td><span style=\"font-weight: 400;\">Laboratorio de producci\u00f3n vegetal<\/span><\/td>\n<\/tr>\n<tr>\n<td><strong>Campos de pr\u00e1cticas de la<\/strong><\/p>\n<p><strong>Secci\u00f3n de Ingenier\u00eda Agraria<\/strong><\/td>\n<td><\/td>\n<td><\/td>\n<\/tr>\n<tr>\n<td><\/td>\n<td><\/td>\n<td><span style=\"font-weight: 400;\">Invernadero ornamental<\/span><\/td>\n<\/tr>\n<tr>\n<td><span style=\"font-weight: 400;\">\u00a0<\/span><\/td>\n<td><span style=\"font-weight: 400;\">\u00a0<\/span><\/td>\n<td><span style=\"font-weight: 400;\">Invernadero intensivos<\/span><\/td>\n<\/tr>\n<tr>\n<td><span style=\"font-weight: 400;\">\u00a0<\/span><\/td>\n<td><span style=\"font-weight: 400;\">\u00a0<\/span><\/td>\n<td><span style=\"font-weight: 400;\">Invernadero hidropon\u00eda<\/span><\/td>\n<\/tr>\n<tr>\n<td><span style=\"font-weight: 400;\">\u00a0<\/span><\/td>\n<td><span style=\"font-weight: 400;\">\u00a0<\/span><\/td>\n<td><span style=\"font-weight: 400;\">Invernadero otros cultivos 1<\/span><\/td>\n<\/tr>\n<tr>\n<td><span style=\"font-weight: 400;\">\u00a0<\/span><\/td>\n<td><span style=\"font-weight: 400;\">\u00a0<\/span><\/td>\n<td><span style=\"font-weight: 400;\">Invernadero otros cultivos 2<\/span><\/td>\n<\/tr>\n<tr>\n<td><span style=\"font-weight: 400;\">\u00a0<\/span><\/td>\n<td><span style=\"font-weight: 400;\">\u00a0<\/span><\/td>\n<td><span style=\"font-weight: 400;\">Granja de conejos<\/span><\/td>\n<\/tr>\n<tr>\n<td><span style=\"font-weight: 400;\">\u00a0<\/span><\/td>\n<td><span style=\"font-weight: 400;\">\u00a0<\/span><\/td>\n<td><span style=\"font-weight: 400;\">Laboratorio y taller de motores<\/span><\/td>\n<\/tr>\n<tr>\n<td><span style=\"font-weight: 400;\">\u00a0<\/span><\/td>\n<td><span style=\"font-weight: 400;\">\u00a0<\/span><\/td>\n<td><span style=\"font-weight: 400;\">Laboratorio y taller freno dinamom\u00e9trico<\/span><\/td>\n<\/tr>\n<tr>\n<td><span style=\"font-weight: 400;\">\u00a0<\/span><\/td>\n<td><span style=\"font-weight: 400;\">\u00a0<\/span><\/td>\n<td><span style=\"font-weight: 400;\">Instalaciones de reutilizaci\u00f3n de residuos ganaderos<\/span><\/td>\n<\/tr>\n<tr>\n<td><span style=\"font-weight: 400;\">\u00a0<\/span><\/td>\n<td><span style=\"font-weight: 400;\">\u00a0<\/span><\/td>\n<td><span style=\"font-weight: 400;\">Tractor<\/span><\/td>\n<\/tr>\n<tr>\n<td><span style=\"font-weight: 400;\">\u00a0<\/span><\/td>\n<td><span style=\"font-weight: 400;\">\u00a0<\/span><\/td>\n<td><span style=\"font-weight: 400;\">Nave maquinaria agraria<\/span><\/td>\n<\/tr>\n<tr>\n<td><strong>Chalet externo<\/strong><\/td>\n<td><\/td>\n<td><\/td>\n<\/tr>\n<tr>\n<td><\/td>\n<td><\/td>\n<td><span style=\"font-weight: 400;\">Despacho C.18<\/span><\/p>\n<p><span style=\"font-weight: 400;\">(administraci\u00f3n del departamento y archivo)<\/span><\/td>\n<\/tr>\n<tr>\n<td><\/td>\n<td><\/td>\n<td><span style=\"font-weight: 400;\">Despacho C.19<\/span><\/p>\n<p><span style=\"font-weight: 400;\">(\u00c1rea de Producci\u00f3n Vegetal)<\/span><\/td>\n<\/tr>\n<tr>\n<td><\/td>\n<td><\/td>\n<td><span style=\"font-weight: 400;\">Despacho C.20<\/span><\/p>\n<p><span style=\"font-weight: 400;\">(uso mixto)<\/span><\/td>\n<\/tr>\n<tr>\n<td><span style=\"font-weight: 400;\">\u00a0<\/span><\/td>\n<td><span style=\"font-weight: 400;\">\u00a0<\/span><\/td>\n<td><span style=\"font-weight: 400;\">Cuarto fotocopiadora<\/span><\/td>\n<\/tr>\n<tr>\n<td><span style=\"font-weight: 400;\">\u00a0<\/span><\/td>\n<td><span style=\"font-weight: 400;\">\u00a0<\/span><\/td>\n<td><span style=\"font-weight: 400;\">Aseos<\/span><\/td>\n<\/tr>\n<tr>\n<td><strong>Edificio anexo<\/strong><\/td>\n<td><\/td>\n<td><\/td>\n<\/tr>\n<tr>\n<td><\/td>\n<td><\/td>\n<td><span style=\"font-weight: 400;\">Despacho A.21<\/span><\/p>\n<p><span style=\"font-weight: 400;\">(personal laboral departamento)<\/span><\/td>\n<\/tr>\n<tr>\n<td><\/td>\n<td><\/td>\n<td><span style=\"font-weight: 400;\">Despacho A.22<\/span><\/p>\n<p><span style=\"font-weight: 400;\">(personal laboral departamento)<\/span><\/td>\n<\/tr>\n<\/tbody>\n<\/table>\n<p>[\/vc_column_text][\/vc_column][\/vc_row]<\/p>\n","protected":false},"excerpt":{"rendered":"<p>[vc_row][vc_column][vc_column_text] Instalaciones y recursos [\/vc_column_text][vc_empty_space][\/vc_column][\/vc_row][vc_row][vc_column][vc_column_text] Edificio Planta Espacio Secci\u00f3n de Ingenier\u00eda Agraria de la Escuela Polit\u00e9cnica Superior -1 Despacho 1 \u00a0(uso mixto) Cuarto\/almac\u00e9n 1 (uso mixto) Cuarto\/almac\u00e9n 2 (uso mixto) \u00a0 \u00a0 Laboratorio de hidr\u00e1ulica Secci\u00f3n de Ingenier\u00eda Agraria de la Escuela Polit\u00e9cnica Superior 0 (hall de entrada) Despacho 0.2 (\u00c1rea de Producci\u00f3n Vegetal) Despacho&#8230;<\/p>\n","protected":false},"author":1,"featured_media":0,"parent":0,"menu_order":0,"comment_status":"closed","ping_status":"closed","template":"","meta":[],"_links":{"self":[{"href":"https:\/\/www.ull.es\/departamentos\/ingenieria-agraria-medio-natural\/wp-json\/wp\/v2\/pages\/71"}],"collection":[{"href":"https:\/\/www.ull.es\/departamentos\/ingenieria-agraria-medio-natural\/wp-json\/wp\/v2\/pages"}],"about":[{"href":"https:\/\/www.ull.es\/departamentos\/ingenieria-agraria-medio-natural\/wp-json\/wp\/v2\/types\/page"}],"author":[{"embeddable":true,"href":"https:\/\/www.ull.es\/departamentos\/ingenieria-agraria-medio-natural\/wp-json\/wp\/v2\/users\/1"}],"replies":[{"embeddable":true,"href":"https:\/\/www.ull.es\/departamentos\/ingenieria-agraria-medio-natural\/wp-json\/wp\/v2\/comments?post=71"}],"version-history":[{"count":9,"href":"https:\/\/www.ull.es\/departamentos\/ingenieria-agraria-medio-natural\/wp-json\/wp\/v2\/pages\/71\/revisions"}],"predecessor-version":[{"id":210,"href":"https:\/\/www.ull.es\/departamentos\/ingenieria-agraria-medio-natural\/wp-json\/wp\/v2\/pages\/71\/revisions\/210"}],"wp:attachment":[{"href":"https:\/\/www.ull.es\/departamentos\/ingenieria-agraria-medio-natural\/wp-json\/wp\/v2\/media?parent=71"}],"curies":[{"name":"wp","href":"https:\/\/api.w.org\/{rel}","templated":true}]}}