{"id":16,"date":"2017-05-11T12:57:04","date_gmt":"2017-05-11T12:57:04","guid":{"rendered":"http:\/\/www.ull.es\/departamentos\/ingenieria-informatica-sistemas\/?page_id=16"},"modified":"2017-06-19T11:23:11","modified_gmt":"2017-06-19T11:23:11","slug":"personal","status":"publish","type":"page","link":"https:\/\/www.ull.es\/departamentos\/ingenieria-civil-nautica-y-maritima\/personal\/","title":{"rendered":"Personal"},"content":{"rendered":"<p>[vc_row css=\u00bb.vc_custom_1497445297003{margin-bottom: 20px !important;}\u00bb][vc_column][vc_column_text]<\/p>\n<h1>Personal<\/h1>\n<p>[\/vc_column_text][\/vc_column][\/vc_row][vc_row][vc_column][vc_column_text]\n<link rel=\"stylesheet\" href=\"https:\/\/cdn.datatables.net\/1.10.15\/css\/dataTables.bootstrap.min.css\">\n<script src=\"https:\/\/cdn.datatables.net\/1.10.15\/js\/jquery.dataTables.min.js\"><\/script>\n<script src=\"https:\/\/cdn.datatables.net\/1.10.15\/js\/dataTables.bootstrap.min.js\"><\/script>\n<script src=\"https:\/\/cdn.datatables.net\/plug-ins\/1.10.21\/sorting\/chinese-string.js\"><\/script>\n\n<style>\n\n    #personal {\n        font-size: 13px;\n    }\n\n    .row.tabla{\n        margin-bottom: 20px !important;\n        margin-top: 20px !important;\n        font-size: 14px;\n    }\n\n    div.toolbar{\n        \/*text-align: center;*\/\n    }\n\n    .input-sm {\n        font-size: 16px;\n        \/* max-width: 200px;*\/\n    }\n\n    div.toolbar select{\n        margin: 0 10px;\n    }\n\n    table.dataTable thead .sorting:after {\n        opacity: 0.2;\n        content: \"\\f0ec\";\n        -webkit-transform: rotate(90deg);\n        -moz-transform: rotate(90deg);\n        -o-transform: rotate(90deg);\n        -ms-transform: rotate(90deg);\n        transform: rotate(90deg);\n    }\n\n    table.dataTable thead .sorting_asc:after {\n        content: \"\\f160\";\n    }\n    table.dataTable thead .sorting_desc:after {\n        content: \"\\f161 \";\n    }\n    table.dataTable thead .sorting:after, table.dataTable thead .sorting_asc:after, table.dataTable thead .sorting_desc:after, table.dataTable thead .sorting_asc_disabled:after, table.dataTable thead .sorting_desc_disabled:after {\n        font-family: 'FontAwesome';\n    }\n\n    .btn-directorio {\n        font-size: 13px;\n        text-align: center;\n        display: block;\n    }\n\n<\/style>\n\n<div class=\"table-responsive\">\n    <table id=\"personal\" class=\"table table-bordered table-condensed table-hover\" cellspacing=\"0\" width=\"100%\"  data-page-length=\"25\">\n        <thead>\n        <tr>\n            <th>Apellidos<\/th>\n            <th>Nombre<\/th>\n            <th>Email<\/th>\n            <th>\u00c1rea<\/th>\n            <th>Categor\u00eda<\/th>\n            <th>Rol<\/th>\n            <th>Info.<\/th>\n        <\/tr>\n        <\/thead>\n\n        <tbody>\n        <tr><td>Acevedo Rever\u00f3n<\/td><td>Aar\u00f3n Miguel<\/td><td><a href=mailto:aacevedr@ull.es>aacevedr@ull.es<\/a><\/td><td>Ciencias y T\u00e9cnicas de la Navegaci\u00f3n<\/td><td>Pers. Inv. en form. FPI\/FPU PREDOCTORAL<\/td><td>INV<\/td><td><a class='btn-directorio' href='https:\/\/www.ull.es\/directorio\/search\/?busqueda=Aar\u00f3n Miguel Acevedo Rever\u00f3n' target='_blank'><i class='fa fa-search-plus'><\/i><\/a><\/td><\/tr><tr><td>G\u00f3mez Correa<\/td><td>Alejandro Urbano<\/td><td><a href=mailto:agomezco@ull.es>agomezco@ull.es<\/a><\/td><td>Ciencias y T\u00e9cnicas de la Navegaci\u00f3n<\/td><td>Profesor Ayudante Doctor<\/td><td>PDI<\/td><td><a class='btn-directorio' href='https:\/\/www.ull.es\/directorio\/search\/?busqueda=Alejandro Urbano G\u00f3mez Correa' target='_blank'><i class='fa fa-search-plus'><\/i><\/a><\/td><\/tr><tr><td>G\u00f3mez Poch<\/td><td>Tom\u00e1s<\/td><td><a href=mailto:tgomezpo@ull.es>tgomezpo@ull.es<\/a><\/td><td>Ciencias y T\u00e9cnicas de la Navegaci\u00f3n<\/td><td>Profesor Asociado<\/td><td>PDI<\/td><td><a class='btn-directorio' href='https:\/\/www.ull.es\/directorio\/search\/?busqueda=Tom\u00e1s G\u00f3mez Poch' target='_blank'><i class='fa fa-search-plus'><\/i><\/a><\/td><\/tr><tr><td>Hoyos Medina<\/td><td>Francisco Helenio<\/td><td><a href=mailto:fhoyosme@ull.es>fhoyosme@ull.es<\/a><\/td><td>Ciencias y T\u00e9cnicas de la Navegaci\u00f3n<\/td><td>Pers. Inv. en form. FPI\/FPU PREDOCTORAL<\/td><td>INV<\/td><td><a class='btn-directorio' href='https:\/\/www.ull.es\/directorio\/search\/?busqueda=Francisco Helenio Hoyos Medina' target='_blank'><i class='fa fa-search-plus'><\/i><\/a><\/td><\/tr><tr><td>M\u00e9ndez Concepci\u00f3n<\/td><td>Luis Jes\u00fas<\/td><td><a href=mailto:lmendezc@ull.es>lmendezc@ull.es<\/a><\/td><td>Ciencias y T\u00e9cnicas de la Navegaci\u00f3n<\/td><td>Profesor Asociado<\/td><td>PDI<\/td><td><a class='btn-directorio' href='https:\/\/www.ull.es\/directorio\/search\/?busqueda=Luis Jes\u00fas M\u00e9ndez Concepci\u00f3n' target='_blank'><i class='fa fa-search-plus'><\/i><\/a><\/td><\/tr><tr><td>M\u00e9ndez Su\u00e1rez<\/td><td>Cheyenne<\/td><td><a href=mailto:cmendezs@ull.es>cmendezs@ull.es<\/a><\/td><td>Ciencias y T\u00e9cnicas de la Navegaci\u00f3n<\/td><td>Profesor Asociado<\/td><td>PDI<\/td><td><a class='btn-directorio' href='https:\/\/www.ull.es\/directorio\/search\/?busqueda=Cheyenne M\u00e9ndez Su\u00e1rez' target='_blank'><i class='fa fa-search-plus'><\/i><\/a><\/td><\/tr><tr><td>Oval Garc\u00eda<\/td><td>Rodolfo Augusto<\/td><td><a href=mailto:rovalgar@ull.es>rovalgar@ull.es<\/a><\/td><td>Ciencias y T\u00e9cnicas de la Navegaci\u00f3n<\/td><td>Profesor Asociado<\/td><td>PDI<\/td><td><a class='btn-directorio' href='https:\/\/www.ull.es\/directorio\/search\/?busqueda=Rodolfo Augusto Oval Garc\u00eda' target='_blank'><i class='fa fa-search-plus'><\/i><\/a><\/td><\/tr><tr><td>Padr\u00f3n Mart\u00edn<\/td><td>Federico<\/td><td><a href=mailto:fpadron@ull.es>fpadron@ull.es<\/a><\/td><td>Ciencias y T\u00e9cnicas de la Navegaci\u00f3n<\/td><td>Profesor Contratado Doctor (1)<\/td><td>PDI<\/td><td><a class='btn-directorio' href='https:\/\/www.ull.es\/directorio\/search\/?busqueda=Federico Padr\u00f3n Mart\u00edn' target='_blank'><i class='fa fa-search-plus'><\/i><\/a><\/td><\/tr><tr><td>Pe\u00f1a Navarro<\/td><td>Amanda<\/td><td><a href=mailto:apenanav@ull.es>apenanav@ull.es<\/a><\/td><td>Ciencias y T\u00e9cnicas de la Navegaci\u00f3n<\/td><td>Profesor Ayudante Doctor<\/td><td>PDI<\/td><td><a class='btn-directorio' href='https:\/\/www.ull.es\/directorio\/search\/?busqueda=Amanda Pe\u00f1a Navarro' target='_blank'><i class='fa fa-search-plus'><\/i><\/a><\/td><\/tr><tr><td>Adri\u00e1n de Ganzo<\/td><td>Mar\u00eda del Cristo<\/td><td><a href=mailto:madriang@ull.es>madriang@ull.es<\/a><\/td><td>Construcciones Navales<\/td><td>Profesor Contratado Doctor (1)<\/td><td>PDI<\/td><td><a class='btn-directorio' href='https:\/\/www.ull.es\/directorio\/search\/?busqueda=Mar\u00eda del Cristo Adri\u00e1n de Ganzo' target='_blank'><i class='fa fa-search-plus'><\/i><\/a><\/td><\/tr><tr><td>Almenar de Luz<\/td><td>Javier<\/td><td><a href=mailto:jalmenar@ull.es>jalmenar@ull.es<\/a><\/td><td>Construcciones Navales<\/td><td>Profesor Asociado<\/td><td>PDI<\/td><td><a class='btn-directorio' href='https:\/\/www.ull.es\/directorio\/search\/?busqueda=Javier Almenar de Luz' target='_blank'><i class='fa fa-search-plus'><\/i><\/a><\/td><\/tr><tr><td>Dionis Meli\u00e1n<\/td><td>Alexis<\/td><td><a href=mailto:adionis@ull.es>adionis@ull.es<\/a><\/td><td>Construcciones Navales<\/td><td>Profesor Titular Universidad<\/td><td>PDI<\/td><td><a class='btn-directorio' href='https:\/\/www.ull.es\/directorio\/search\/?busqueda=Alexis Dionis Meli\u00e1n' target='_blank'><i class='fa fa-search-plus'><\/i><\/a><\/td><\/tr><tr><td>Gonz\u00e1lez Almeida<\/td><td>Jos\u00e9 Agust\u00edn<\/td><td><a href=mailto:jagonal@ull.es>jagonal@ull.es<\/a><\/td><td>Construcciones Navales<\/td><td>Profesor Contratado Doctor (1)<\/td><td>PDI<\/td><td><a class='btn-directorio' href='https:\/\/www.ull.es\/directorio\/search\/?busqueda=Jos\u00e9 Agust\u00edn Gonz\u00e1lez Almeida' target='_blank'><i class='fa fa-search-plus'><\/i><\/a><\/td><\/tr><tr><td>Gonz\u00e1lez Marrero<\/td><td>Antonio Manuel<\/td><td><a href=mailto:aglezm@ull.es>aglezm@ull.es<\/a><\/td><td>Construcciones Navales<\/td><td>Profesor Titular Universidad<\/td><td>PDI<\/td><td><a class='btn-directorio' href='https:\/\/www.ull.es\/directorio\/search\/?busqueda=Antonio Manuel Gonz\u00e1lez Marrero' target='_blank'><i class='fa fa-search-plus'><\/i><\/a><\/td><\/tr><tr><td>Machado Toledo<\/td><td>Javier<\/td><td><a href=mailto:jmachado@ull.es>jmachado@ull.es<\/a><\/td><td>Construcciones Navales<\/td><td>Profesor Asociado<\/td><td>PDI<\/td><td><a class='btn-directorio' href='https:\/\/www.ull.es\/directorio\/search\/?busqueda=Javier Machado Toledo' target='_blank'><i class='fa fa-search-plus'><\/i><\/a><\/td><\/tr><tr><td>Padilla Cruz<\/td><td>Lidia Paola<\/td><td><a href=mailto:lpadilla@ull.es>lpadilla@ull.es<\/a><\/td><td>Construcciones Navales<\/td><td>Profesor Sustituto<\/td><td>PDI<\/td><td><a class='btn-directorio' href='https:\/\/www.ull.es\/directorio\/search\/?busqueda=Lidia Paola Padilla Cruz' target='_blank'><i class='fa fa-search-plus'><\/i><\/a><\/td><\/tr><tr><td>Rivero Rodr\u00edguez<\/td><td>Pedro<\/td><td><a href=mailto:privero@ull.es>privero@ull.es<\/a><\/td><td>Construcciones Navales<\/td><td>Profesor Titular Universidad<\/td><td>PDI<\/td><td><a class='btn-directorio' href='https:\/\/www.ull.es\/directorio\/search\/?busqueda=Pedro Rivero Rodr\u00edguez' target='_blank'><i class='fa fa-search-plus'><\/i><\/a><\/td><\/tr><tr><td>Rodr\u00edguez S\u00e1nchez<\/td><td>Santiago Jos\u00e9<\/td><td><a href=mailto:srodrigs@ull.es>srodrigs@ull.es<\/a><\/td><td>Construcciones Navales<\/td><td>Profesor Asociado<\/td><td>PDI<\/td><td><a class='btn-directorio' href='https:\/\/www.ull.es\/directorio\/search\/?busqueda=Santiago Jos\u00e9 Rodr\u00edguez S\u00e1nchez' target='_blank'><i class='fa fa-search-plus'><\/i><\/a><\/td><\/tr><tr><td>Salas Abarrategui<\/td><td>Jaime<\/td><td><a href=mailto:jsalasab@ull.es>jsalasab@ull.es<\/a><\/td><td>Construcciones Navales<\/td><td>Profesor Sustituto<\/td><td>PDI<\/td><td><a class='btn-directorio' href='https:\/\/www.ull.es\/directorio\/search\/?busqueda=Jaime Salas Abarrategui' target='_blank'><i class='fa fa-search-plus'><\/i><\/a><\/td><\/tr><tr><td>Santaella Garc\u00eda<\/td><td>Celeste<\/td><td><a href=mailto:csantael@ull.es>csantael@ull.es<\/a><\/td><td>Construcciones Navales<\/td><td>Pers. Inv. en form. FPI\/FPU PREDOCTORAL<\/td><td>INV<\/td><td><a class='btn-directorio' href='https:\/\/www.ull.es\/directorio\/search\/?busqueda=Celeste Santaella Garc\u00eda' target='_blank'><i class='fa fa-search-plus'><\/i><\/a><\/td><\/tr><tr><td>Solagaistua Pineda<\/td><td>Gaizka Aitor<\/td><td><a href=mailto:gsolagai@ull.es>gsolagai@ull.es<\/a><\/td><td>Construcciones Navales<\/td><td>Profesor Asociado<\/td><td>PDI<\/td><td><a class='btn-directorio' href='https:\/\/www.ull.es\/directorio\/search\/?busqueda=Gaizka Aitor Solagaistua Pineda' target='_blank'><i class='fa fa-search-plus'><\/i><\/a><\/td><\/tr><tr><td>\u00c1vila Prats<\/td><td>Deivis<\/td><td><a href=mailto:davilapr@ull.es>davilapr@ull.es<\/a><\/td><td>Ingenier\u00eda de los Procesos de Fabricaci\u00f3n<\/td><td>Profesor Contratado Doctor (1)<\/td><td>PDI<\/td><td><a class='btn-directorio' href='https:\/\/www.ull.es\/directorio\/search\/?busqueda=Deivis \u00c1vila Prats' target='_blank'><i class='fa fa-search-plus'><\/i><\/a><\/td><\/tr><tr><td>Hern\u00e1ndez L\u00f3pez<\/td><td>\u00c1ngela<\/td><td><a href=mailto:ahernand@ull.es>ahernand@ull.es<\/a><\/td><td>Ingenier\u00eda de los Procesos de Fabricaci\u00f3n<\/td><td>Profesor Contratado Doctor (1)<\/td><td>PDI<\/td><td><a class='btn-directorio' href='https:\/\/www.ull.es\/directorio\/search\/?busqueda=\u00c1ngela Hern\u00e1ndez L\u00f3pez' target='_blank'><i class='fa fa-search-plus'><\/i><\/a><\/td><\/tr><tr><td>L\u00f3pez Solano<\/td><td>C\u00e9sar Antonio<\/td><td><a href=mailto:clopezso@ull.es>clopezso@ull.es<\/a><\/td><td>Ingenier\u00eda de los Procesos de Fabricaci\u00f3n<\/td><td>Profesor Asociado<\/td><td>PDI<\/td><td><a class='btn-directorio' href='https:\/\/www.ull.es\/directorio\/search\/?busqueda=C\u00e9sar Antonio L\u00f3pez Solano' target='_blank'><i class='fa fa-search-plus'><\/i><\/a><\/td><\/tr><tr><td>Marichal Plasencia<\/td><td>Graciliano Nicol\u00e1s<\/td><td><a href=mailto:nicomar@ull.es>nicomar@ull.es<\/a><\/td><td>Ingenier\u00eda de los Procesos de Fabricaci\u00f3n<\/td><td>Catedratico de Universidad<\/td><td>PDI<\/td><td><a class='btn-directorio' href='https:\/\/www.ull.es\/directorio\/search\/?busqueda=Graciliano Nicol\u00e1s Marichal Plasencia' target='_blank'><i class='fa fa-search-plus'><\/i><\/a><\/td><\/tr><tr><td>Mora Guanche<\/td><td>Antonio Manuel<\/td><td><a href=mailto:amorag@ull.es>amorag@ull.es<\/a><\/td><td>Ingenier\u00eda de los Procesos de Fabricaci\u00f3n<\/td><td>Profesor Asociado<\/td><td>PDI<\/td><td><a class='btn-directorio' href='https:\/\/www.ull.es\/directorio\/search\/?busqueda=Antonio Manuel Mora Guanche' target='_blank'><i class='fa fa-search-plus'><\/i><\/a><\/td><\/tr><tr><td>Pomposo Medina<\/td><td>Marta<\/td><td><a href=mailto:mpomposo@ull.es>mpomposo@ull.es<\/a><\/td><td>Ingenier\u00eda de los Procesos de Fabricaci\u00f3n<\/td><td>Investigador<\/td><td>INV<\/td><td><a class='btn-directorio' href='https:\/\/www.ull.es\/directorio\/search\/?busqueda=Marta Pomposo Medina' target='_blank'><i class='fa fa-search-plus'><\/i><\/a><\/td><\/tr><tr><td>San Luis Guti\u00e9rrez<\/td><td>Felipe<\/td><td><a href=mailto:fsanluis@ull.es>fsanluis@ull.es<\/a><\/td><td>Ingenier\u00eda de los Procesos de Fabricaci\u00f3n<\/td><td>Profesor Titular Universidad<\/td><td>PDI<\/td><td><a class='btn-directorio' href='https:\/\/www.ull.es\/directorio\/search\/?busqueda=Felipe San Luis Guti\u00e9rrez' target='_blank'><i class='fa fa-search-plus'><\/i><\/a><\/td><\/tr><tr><td>Orom\u00ed Fragoso<\/td><td>Pablo<\/td><td><a href=mailto:poromifr@ull.es>poromifr@ull.es<\/a><\/td><td>Ingenier\u00eda e Infraestructura de los Transportes<\/td><td>Profesor Asociado<\/td><td>PDI<\/td><td><a class='btn-directorio' href='https:\/\/www.ull.es\/directorio\/search\/?busqueda=Pablo Orom\u00ed Fragoso' target='_blank'><i class='fa fa-search-plus'><\/i><\/a><\/td><\/tr><tr><td>Quintana Gonz\u00e1lez de Chaves<\/td><td>Carlos<\/td><td><a href=mailto:cquintan@ull.es>cquintan@ull.es<\/a><\/td><td>Ingenier\u00eda e Infraestructura de los Transportes<\/td><td>Profesor Asociado<\/td><td>PDI<\/td><td><a class='btn-directorio' href='https:\/\/www.ull.es\/directorio\/search\/?busqueda=Carlos Quintana Gonz\u00e1lez de Chaves' target='_blank'><i class='fa fa-search-plus'><\/i><\/a><\/td><\/tr><tr><td>Rodr\u00edguez Alloza<\/td><td>Ana Mar\u00eda<\/td><td><a href=mailto:arodrial@ull.es>arodrial@ull.es<\/a><\/td><td>Ingenier\u00eda e Infraestructura de los Transportes<\/td><td>Profesor Titular Universidad<\/td><td>PDI<\/td><td><a class='btn-directorio' href='https:\/\/www.ull.es\/directorio\/search\/?busqueda=Ana Mar\u00eda Rodr\u00edguez Alloza' target='_blank'><i class='fa fa-search-plus'><\/i><\/a><\/td><\/tr><tr><td>Cruz Gamiz<\/td><td>Manuel<\/td><td><a href=mailto:mcruzgam@ull.es>mcruzgam@ull.es<\/a><\/td><td>Ingenier\u00eda Hidra\u00falica<\/td><td>Profesor Asociado<\/td><td>PDI<\/td><td><a class='btn-directorio' href='https:\/\/www.ull.es\/directorio\/search\/?busqueda=Manuel Cruz Gamiz' target='_blank'><i class='fa fa-search-plus'><\/i><\/a><\/td><\/tr><tr><td>Garc\u00eda Rom\u00e1n<\/td><td>Manuel Dami\u00e1n<\/td><td><a href=mailto:mroman@ull.es>mroman@ull.es<\/a><\/td><td>Ingenier\u00eda Hidra\u00falica<\/td><td>Profesor Contratado Doctor (1)<\/td><td>PDI<\/td><td><a class='btn-directorio' href='https:\/\/www.ull.es\/directorio\/search\/?busqueda=Manuel Dami\u00e1n Garc\u00eda Rom\u00e1n' target='_blank'><i class='fa fa-search-plus'><\/i><\/a><\/td><\/tr><tr><td>Gonz\u00e1lez Calvo<\/td><td>Alejandro<\/td><td><a href=mailto:agcalvo@ull.es>agcalvo@ull.es<\/a><\/td><td>Ingenier\u00eda Hidra\u00falica<\/td><td>Profesor Asociado<\/td><td>PDI<\/td><td><a class='btn-directorio' href='https:\/\/www.ull.es\/directorio\/search\/?busqueda=Alejandro Gonz\u00e1lez Calvo' target='_blank'><i class='fa fa-search-plus'><\/i><\/a><\/td><\/tr><tr><td>Gonz\u00e1lez Mart\u00edn<\/td><td>Francisco Javier<\/td><td><a href=mailto:jgmartin@ull.es>jgmartin@ull.es<\/a><\/td><td>Ingenier\u00eda Hidra\u00falica<\/td><td>Profesor Asociado<\/td><td>PDI<\/td><td><a class='btn-directorio' href='https:\/\/www.ull.es\/directorio\/search\/?busqueda=Francisco Javier Gonz\u00e1lez Mart\u00edn' target='_blank'><i class='fa fa-search-plus'><\/i><\/a><\/td><\/tr><tr><td>Llamosas Mayca<\/td><td>Waldemar Hugo<\/td><td><a href=mailto:wllamosa@ull.es>wllamosa@ull.es<\/a><\/td><td>Ingenier\u00eda Hidra\u00falica<\/td><td>Profesor Asociado<\/td><td>PDI<\/td><td><a class='btn-directorio' href='https:\/\/www.ull.es\/directorio\/search\/?busqueda=Waldemar Hugo Llamosas Mayca' target='_blank'><i class='fa fa-search-plus'><\/i><\/a><\/td><\/tr><tr><td>Mart\u00ednez Garc\u00eda<\/td><td>Javier Mar\u00eda<\/td><td><a href=mailto:jmartiga@ull.es>jmartiga@ull.es<\/a><\/td><td>Ingenier\u00eda Hidra\u00falica<\/td><td>Profesor Asociado<\/td><td>PDI<\/td><td><a class='btn-directorio' href='https:\/\/www.ull.es\/directorio\/search\/?busqueda=Javier Mar\u00eda Mart\u00ednez Garc\u00eda' target='_blank'><i class='fa fa-search-plus'><\/i><\/a><\/td><\/tr><tr><td>Miguel Garc\u00eda<\/td><td>Eduardo de<\/td><td><a href=mailto:emiguelg@ull.es>emiguelg@ull.es<\/a><\/td><td>Ingenier\u00eda Hidra\u00falica<\/td><td>Profesor Ayudante Doctor<\/td><td>PDI<\/td><td><a class='btn-directorio' href='https:\/\/www.ull.es\/directorio\/search\/?busqueda=Eduardo de Miguel Garc\u00eda' target='_blank'><i class='fa fa-search-plus'><\/i><\/a><\/td><\/tr><tr><td>Parra Hermida<\/td><td>Ra\u00fal<\/td><td><a href=mailto:rparrher@ull.es>rparrher@ull.es<\/a><\/td><td>Ingenier\u00eda Hidra\u00falica<\/td><td>Contratado Laboral de Interinidad<\/td><td>PDI<\/td><td><a class='btn-directorio' href='https:\/\/www.ull.es\/directorio\/search\/?busqueda=Ra\u00fal Parra Hermida' target='_blank'><i class='fa fa-search-plus'><\/i><\/a><\/td><\/tr><tr><td>Alonso Hern\u00e1ndez<\/td><td>Teresa Balbina<\/td><td><a href=mailto:tbalon@ull.es>tbalon@ull.es<\/a><\/td><td>Personal De Administraci\u00f3n Y Servicios<\/td><td>Administrativo<\/td><td>PAS<\/td><td><a class='btn-directorio' href='https:\/\/www.ull.es\/directorio\/search\/?busqueda=Teresa Balbina Alonso Hern\u00e1ndez' target='_blank'><i class='fa fa-search-plus'><\/i><\/a><\/td><\/tr><tr><td>Vera Vera<\/td><td>Juana Margarita<\/td><td><a href=mailto:jmveve@ull.es>jmveve@ull.es<\/a><\/td><td>Personal De Administraci\u00f3n Y Servicios<\/td><td>Tecnico de Laboratorio<\/td><td>PAS<\/td><td><a class='btn-directorio' href='https:\/\/www.ull.es\/directorio\/search\/?busqueda=Juana Margarita Vera Vera' target='_blank'><i class='fa fa-search-plus'><\/i><\/a><\/td><\/tr>        <\/tbody>\n    <\/table>\n<\/div>\n\n<script>\n\t\njQuery.extend( jQuery.fn.dataTableExt.oSort, {\n    \"chinese-string-asc\" : function (s1, s2) {\n        return s1.localeCompare(s2);\n    },\n \n    \"chinese-string-desc\" : function (s1, s2) {\n        return s2.localeCompare(s1);\n    }\n} );\n\t\n$(document).ready(function() {\n\n        $('#personal').DataTable( {\n            \"dom\": \"\" +\n            \"<'row'<'col-sm-9 toolbar'><'col-sm-3'f>>\" +\n            \"<'row tabla'<'col-sm-12'tr>>\" +\n            \"<'row'<'col-sm-5'i><'col-sm-7'p>>\"\n            ,\n            \"language\": {\n                \"url\": \"\/\/cdn.datatables.net\/plug-ins\/1.10.15\/i18n\/Spanish.json\"\n            },\n\n         columnDefs: [{ type: 'chinese-string', targets: 0 }],\n\n\n\t initComplete: function () {\n\n                this.api().columns([3]).every( function () {\n                    var column = this;\n                    var select = $('<select class=\"form-control input-sm\"><option value=\"\">Mostrar todas las \u00e1reas de conocimiento<\/option><\/select>')\n                        .appendTo( $('div.toolbar') )\n                        .on( 'change', function () {\n                            var val = $.fn.dataTable.util.escapeRegex(\n                                $(this).val()\n                            );\n\n                            column\n                                .search( val ? '^'+val+'$' : '', true, false )\n                                .draw();\n                        } );\n\n                    column.data().unique().sort().each( function ( d, j ) {\n                        select.append( '<option value=\"'+d+'\">'+d+'<\/option>' )\n                    } );\n\n                } );\n                this.api().columns([5]).every( function () {\n                    var column = this;\n                    var select = $('<select class=\"form-control input-sm\"><option value=\"\">Mostrar todos los roles<\/option><\/select>')\n                        .appendTo( $('div.toolbar') )\n                        .on( 'change', function () {\n                            var val = $.fn.dataTable.util.escapeRegex(\n                                $(this).val()\n                            );\n\n                            column\n                                .search( val ? '^'+val+'$' : '', true, false )\n                                .draw();\n                        } );\n\n                    column.data().unique().sort().each( function ( d, j ) {\n                        select.append( '<option value=\"'+d+'\">'+d+'<\/option>' )\n                    } );\n                } );\n            }\n        } );\n\n    } );\n<\/script>\n[\/vc_column_text][\/vc_column][\/vc_row]<\/p>\n","protected":false},"excerpt":{"rendered":"<p>[vc_row css=\u00bb.vc_custom_1497445297003{margin-bottom: 20px !important;}\u00bb][vc_column][vc_column_text] Personal [\/vc_column_text][\/vc_column][\/vc_row][vc_row][vc_column][vc_column_text][\/vc_column_text][\/vc_column][\/vc_row]<\/p>\n","protected":false},"author":1,"featured_media":0,"parent":0,"menu_order":0,"comment_status":"closed","ping_status":"closed","template":"","meta":[],"_links":{"self":[{"href":"https:\/\/www.ull.es\/departamentos\/ingenieria-civil-nautica-y-maritima\/wp-json\/wp\/v2\/pages\/16"}],"collection":[{"href":"https:\/\/www.ull.es\/departamentos\/ingenieria-civil-nautica-y-maritima\/wp-json\/wp\/v2\/pages"}],"about":[{"href":"https:\/\/www.ull.es\/departamentos\/ingenieria-civil-nautica-y-maritima\/wp-json\/wp\/v2\/types\/page"}],"author":[{"embeddable":true,"href":"https:\/\/www.ull.es\/departamentos\/ingenieria-civil-nautica-y-maritima\/wp-json\/wp\/v2\/users\/1"}],"replies":[{"embeddable":true,"href":"https:\/\/www.ull.es\/departamentos\/ingenieria-civil-nautica-y-maritima\/wp-json\/wp\/v2\/comments?post=16"}],"version-history":[{"count":1,"href":"https:\/\/www.ull.es\/departamentos\/ingenieria-civil-nautica-y-maritima\/wp-json\/wp\/v2\/pages\/16\/revisions"}],"predecessor-version":[{"id":146,"href":"https:\/\/www.ull.es\/departamentos\/ingenieria-civil-nautica-y-maritima\/wp-json\/wp\/v2\/pages\/16\/revisions\/146"}],"wp:attachment":[{"href":"https:\/\/www.ull.es\/departamentos\/ingenieria-civil-nautica-y-maritima\/wp-json\/wp\/v2\/media?parent=16"}],"curies":[{"name":"wp","href":"https:\/\/api.w.org\/{rel}","templated":true}]}}