{"id":71,"date":"2017-05-15T09:13:24","date_gmt":"2017-05-15T09:13:24","guid":{"rendered":"http:\/\/www.ull.es\/departamentos\/ingenieria-informatica-sistemas\/?page_id=71"},"modified":"2017-10-04T08:37:12","modified_gmt":"2017-10-04T08:37:12","slug":"instalaciones-y-recursos","status":"publish","type":"page","link":"https:\/\/www.ull.es\/departamentos\/ingenieria-civil-nautica-y-maritima\/instalaciones-y-recursos\/","title":{"rendered":"Instalaciones y recursos"},"content":{"rendered":"<p>[vc_row][vc_column][vc_column_text]<\/p>\n<h1>Instalaciones y recursos<\/h1>\n<p>[\/vc_column_text][\/vc_column][\/vc_row][vc_row][vc_column][vc_column_text]En la Escuela Polit\u00e9cnica Superior de Ingenier\u00eda: Secci\u00f3n; N\u00e1utica, M\u00e1quinas y Radioeletr\u00f3nica Naval,\u00a0 existen las diferentes:<\/p>\n<p><strong>UNIDAD DEPARTAMENTAL DE CIENCIAS Y T\u00c9CNICAS DE LA\u00a0<\/strong><b>NAVEGACI\u00d3N<\/b><\/p>\n<p><strong>UNIDAD DEPARTAMENTAL DE INGENIER\u00cdA\u00a0<\/strong><b>MAR\u00cdTIMA<\/b><\/p>\n<ul>\n<li>Aula de Audiovisuales, en la 3\u00aa planta del edificio departamental ( al final de la galer\u00eda).<\/li>\n<li>Aula Laboratorio de Motores, en la 3\u00aa planta del edificio departamental.<\/li>\n<li>Nave Aula-Taller, donde se ubica el Simulador de Motores, en la planta baja del edificio central.<\/li>\n<li>Aula de Teor\u00eda del Buque, en la \u00faltima planta del Centro, en el aula 2.7, y que es otro espacio de Docencia.<\/li>\n<li>Clase de Auidovisuales, empezando la galer\u00eda.<\/li>\n<\/ul>\n<p>* En la Secci\u00f3n de Ingenier\u00eda Civil e Industrial\u00a0 en La Laguna, se ubica otra nave Aula-Taller, donde profesores de esta Unidad Departamental\u00a0 imparten sus clases\u00a0 con los alumnos de Ingenier\u00eda.<\/p>\n<p>* El Muelle anexo al Edificio Secci\u00f3n N\u00e1utica; nos encontramos que se accede por una rampa, es una extensi\u00f3n de terreno\u00a0 que se adentra en el mar\u00a0\u00a0 en donde se imparten las clases\u00a0 pr\u00e1cticas y\u00a0 se desarrollan diferentes actividades a lo largo del a\u00f1o. Depositadas en la explanada\u00a0 nos encontramos las embarcaciones utilizadas en las Jornadas de Supervivencia en la Mar y\u00a0 varios\u00a0 habit\u00e1culos donde se depositan material relacionado con las pr\u00e1cticas ( trajes, chalecos, utensilios etc&#8230;).<\/p>\n<p>En el agua\u00a0 permanece anclado el Velero de Pr\u00e1cticas.<\/p>\n<p><strong>UNIDAD DEPARTAMENTAL DE INGENIER\u00cdA AGRARIA<\/strong><\/p>\n<p>PLANTA 0\u00a0.-\u00a0 Despachos Prof. Isidoro J.\u00a0Rodr\u00edguez Hern\u00e1ndez. Cultivos Intensivos y en la Subdirecci\u00f3n de Ordenaci\u00f3n Acad\u00e9mica de la Secci\u00f3n: Ingenier\u00eda Agraria.<\/p>\n<ul>\n<li>Prof. Ana M\u00aa Josefina\u00a0de Le\u00f3n Hern\u00e1ndez. Cultivos Ornamentales<\/li>\n<li>Prof. Candelaria Vera Batista.Jardiner\u00eda y Paisajismo<\/li>\n<li>En la Direcci\u00f3n en la\u00a0Secci\u00f3n de: \u00a0Ingenier\u00eda Agraria. Prof. Jalel Mahouachi Mahouachi.<\/li>\n<\/ul>\n<p>PLANTA 1.-\u00a0\u00a0\u00a0<strong>\u00a0C\u00e1tedra de Motores y M\u00e1quinas Agr\u00edcolas<\/strong><\/p>\n<ul>\n<li>Despacho Prof. Dami\u00e1n de Torres Dom\u00ednguez<\/li>\n<li>Despacho Prof. Axel Ritter Rodr\u00edguez<\/li>\n<li>Despacho Prof. Manuel Antonio Gonz\u00e1lez P\u00e9rez<\/li>\n<\/ul>\n<p><strong>Laboratorio de\u00a0 Agroforestal-F\u00edsica:\u00a0<\/strong>Despachos Prof. Axel Ritter Rodriguez,\u00a0 Prof. Carlos Alvarez Acosta, Prof. Juan Carlos Santamarta Cerezal,\u00a0 Prof. Carlos Daniel Mora Ramos.<\/p>\n<p><strong>\u00a0Laboratorio de Fruticultura:\u00a0<\/strong>Despacho<strong>\u00a0<\/strong>Prof. Domingo R\u00edos\u00a0Mesa<\/p>\n<p>PLANTA 2.-\u00a0\u00a0<strong>C\u00e1tedra de Zootecnia<\/strong><strong>:<\/strong>(<strong>\u00a0<\/strong>Laboratorio) Despachos\u00a0Prof. \u00c1ngeles Camacho y Javier Mata Gonz\u00e1lez<\/p>\n<p><strong>Laboratorio de Fitotecnia:<\/strong> Despacho<strong>\u00a0<\/strong>Prof. Antonio Marrero Dom\u00ednguez,<\/p>\n<p><strong>Econom\u00eda Agraria:<\/strong> Despachos Prof.\u00a0Luis Bermejo Asensio y Prof.\u00a0Juan Jos\u00e9 Viera Paramio.<\/p>\n<p><strong>C\u00e1tedra de Ingenier\u00eda Rural: <\/strong>Despacho\u00a0Prof. Domingo F\u00e9lix S\u00e1enz Pisaca.<\/p>\n<p><strong>C\u00e1tedra de Cultivos Le\u00f1osos<\/strong>: Prof. Eduardo Sobrino Vesperinas.<\/p>\n<p><strong>Laboratorio de Fitopatolog\u00eda y Gen\u00e9tica<\/strong>: Prof. Antonio Siverio N\u00fa\u00f1ez.<\/p>\n<p>En la trasera del Edificio, se encuentra el\u00a0<strong>Chalet<\/strong>\u00a0en donde se ubican los Despachos:<\/p>\n<p>Puerta N\u00ba 2.-\u00a0 Prof. Antonio Perdomo Molina<\/p>\n<p>Puerta n\u00baN\u00ba 4.- Despacho reservado para la ubicaci\u00f3n de la Secretaria del Departamento.<\/p>\n<p>Y un\u00a0\u00a0Espacio\u00a0donde se encuentra depositada\u00a0la fotocopiadora, un ordenador\u00a0e \u00a0impresora y un mueble archivador.<\/p>\n<p><strong>UNIDAD DEPARTAMENTAL\u00a0 INGENIER\u00cdA\u00a0CIVIL<\/strong><\/p>\n<p>Despachos ubicados en la 4\u00ba planta del Edificio F\u00edsica-Matem\u00e1ticas y en la EPSI ( Escuela Polit\u00e9cnica Superior de Ingenier\u00eda) antiguo Edificio de Arquitectura T\u00e9cnica.<\/p>\n<ul>\n<li>\u00a0Despacho n\u00ba 32: 4\u00ba planta Edificio F\u00edsica-Matem\u00e1ticas:\u00a0Prof. Juan Eusebio Gonz\u00e1lez Fari\u00f1as<\/li>\n<li>\u00a0Despacho n\u00ba 32:4\u00ba Planta Edificio F\u00edsica-Matem\u00e1ticas:\u00a0Prof. Alejandro Gonz\u00e1lez Calvo<\/li>\n<li>\u00a0Despacho n\u00ba 32: 4\u00ba Planta Edificio F\u00edsica-Matem\u00e1ticas:Prof. Francisco Javier Gonz\u00e1lez Mart\u00edn<\/li>\n<li>\u00a0Sala de reuniones: 4\u00ba planta Edificio de F\u00edsica-Matem\u00e1ticas:\u00a0Prof. Carlos Soler Liceras<\/li>\n<li>\u00a0Sala de Tutor\u00edas de la EPSI: Prof. Manuel Dami\u00e1n Garc\u00eda Rom\u00e1n<\/li>\n<li>\u00a0Sala de Tutor\u00edas de la EPSI: Javier Mar\u00eda Mart\u00ednez Garc\u00eda<\/li>\n<li>\u00a0Sala de Tutor\u00edas de la EPSI: Carlos Quintana Gonz\u00e1lez de Ch\u00e1ves<\/li>\n<\/ul>\n<p>[\/vc_column_text][\/vc_column][\/vc_row]<\/p>\n","protected":false},"excerpt":{"rendered":"<p>[vc_row][vc_column][vc_column_text] Instalaciones y recursos [\/vc_column_text][\/vc_column][\/vc_row][vc_row][vc_column][vc_column_text]En la Escuela Polit\u00e9cnica Superior de Ingenier\u00eda: Secci\u00f3n; N\u00e1utica, M\u00e1quinas y Radioeletr\u00f3nica Naval,\u00a0 existen las diferentes: UNIDAD DEPARTAMENTAL DE CIENCIAS Y T\u00c9CNICAS DE LA\u00a0NAVEGACI\u00d3N UNIDAD DEPARTAMENTAL DE INGENIER\u00cdA\u00a0MAR\u00cdTIMA Aula de Audiovisuales, en la 3\u00aa planta del edificio departamental ( al final de la galer\u00eda). Aula Laboratorio de Motores, en la 3\u00aa&#8230;<\/p>\n","protected":false},"author":1,"featured_media":0,"parent":0,"menu_order":0,"comment_status":"closed","ping_status":"closed","template":"","meta":[],"_links":{"self":[{"href":"https:\/\/www.ull.es\/departamentos\/ingenieria-civil-nautica-y-maritima\/wp-json\/wp\/v2\/pages\/71"}],"collection":[{"href":"https:\/\/www.ull.es\/departamentos\/ingenieria-civil-nautica-y-maritima\/wp-json\/wp\/v2\/pages"}],"about":[{"href":"https:\/\/www.ull.es\/departamentos\/ingenieria-civil-nautica-y-maritima\/wp-json\/wp\/v2\/types\/page"}],"author":[{"embeddable":true,"href":"https:\/\/www.ull.es\/departamentos\/ingenieria-civil-nautica-y-maritima\/wp-json\/wp\/v2\/users\/1"}],"replies":[{"embeddable":true,"href":"https:\/\/www.ull.es\/departamentos\/ingenieria-civil-nautica-y-maritima\/wp-json\/wp\/v2\/comments?post=71"}],"version-history":[{"count":5,"href":"https:\/\/www.ull.es\/departamentos\/ingenieria-civil-nautica-y-maritima\/wp-json\/wp\/v2\/pages\/71\/revisions"}],"predecessor-version":[{"id":176,"href":"https:\/\/www.ull.es\/departamentos\/ingenieria-civil-nautica-y-maritima\/wp-json\/wp\/v2\/pages\/71\/revisions\/176"}],"wp:attachment":[{"href":"https:\/\/www.ull.es\/departamentos\/ingenieria-civil-nautica-y-maritima\/wp-json\/wp\/v2\/media?parent=71"}],"curies":[{"name":"wp","href":"https:\/\/api.w.org\/{rel}","templated":true}]}}