{"id":71,"date":"2017-05-15T09:13:24","date_gmt":"2017-05-15T09:13:24","guid":{"rendered":"http:\/\/www.ull.es\/departamentos\/ingenieria-informatica-sistemas\/?page_id=71"},"modified":"2019-01-28T09:54:52","modified_gmt":"2019-01-28T09:54:52","slug":"instalaciones-y-recursos","status":"publish","type":"page","link":"https:\/\/www.ull.es\/departamentos\/ingenieria-quimica-y-tecnologia-farmaceutica\/instalaciones-y-recursos\/","title":{"rendered":"Instalaciones y recursos"},"content":{"rendered":"<p>[vc_row][vc_column][vc_column_text]<\/p>\n<h1>Instalaciones y recursos<\/h1>\n<p>[\/vc_column_text][\/vc_column][\/vc_row][vc_row][vc_column width=\u00bb2\/3&#8243; css=\u00bb.vc_custom_1495178447766{padding-right: 50px !important;}\u00bb][vc_column_text]<\/p>\n<h2>\u00c1rea de Ingenier\u00eda Qu\u00edmica<\/h2>\n<p>Las actividades pr\u00e1cticas espec\u00edficas, asociadas a las asignaturas responsabilidad del \u00e1rea de Ingenier\u00eda Qu\u00edmica, se imparten en los laboratorios que se sit\u00faan en la sede del departamento, en la primera planta de la Secci\u00f3n de Qu\u00edmica de Facultad de Ciencias.<\/p>\n<p>Los alumnos de los primeros cursos realizan las pr\u00e1cticas en el laboratorio integrado dotado de servicio de aire comprimido, agua y vac\u00edo, campanas de extracci\u00f3n de gases y medidas de seguridad como lavaojos y duchas. Este laboratorio se encuentra equipado con pr\u00e1cticas experimentales que se desarrollan por grupos reducidos de alumnos.<\/p>\n<p>El \u00e1rea de Ingenier\u00eda Qu\u00edmica dispone de una nave industrial de cuatro plantas, de las que tres se destinan a pr\u00e1cticas de alumnos de las distintas titulaciones. La superficie de cada planta es de aproximadamente 250 m<sup>2<\/sup>, y en ellas se ubican pr\u00e1cticas modulares e instalaciones a escala de planta piloto. La nave industrial est\u00e1 equipada con los servicios y medidas de seguridad indicados para el laboratorio integrado, adem\u00e1s de instalaci\u00f3n de vapor de agua que se genera un una caldera ubicada en la planta inferior de la nave. (<a href=\"https:\/\/drive.google.com\/open?id=0Bxi8Rp1_THQzWE5kQnBQSTZCU0E\" target=\"_blank\" rel=\"noopener\" target=\"_blank\" rel=\"noopener\">Ver equipos e instalaciones<\/a>)[\/vc_column_text][\/vc_column][vc_column width=\u00bb1\/3&#8243;][vc_single_image image=\u00bb310&#8243; img_size=\u00bbfull\u00bb][\/vc_column][\/vc_row][vc_row][vc_column][vc_empty_space height=\u00bb50px\u00bb][\/vc_column][\/vc_row][vc_row][vc_column width=\u00bb2\/3&#8243; css=\u00bb.vc_custom_1495178447766{padding-right: 50px !important;}\u00bb][vc_column_text]<\/p>\n<h2>\u00c1rea de Farmacia y Tecnolog\u00eda Farmac\u00e9utica<\/h2>\n<p>Las actividades pr\u00e1cticas espec\u00edficas, asociadas a las asignaturas responsabilidad del \u00e1rea de Farmacia y Tecnolog\u00eda Farmac\u00e9utica, se imparten en los laboratorios que se sit\u00faan en la primera planta de la Facultad de Farmacia.[\/vc_column_text][\/vc_column][vc_column width=\u00bb1\/3&#8243;][vc_single_image image=\u00bb311&#8243; img_size=\u00bbfull\u00bb][\/vc_column][\/vc_row][vc_row][vc_column][vc_empty_space height=\u00bb50px\u00bb][\/vc_column][\/vc_row][vc_row][vc_column width=\u00bb2\/3&#8243; css=\u00bb.vc_custom_1495178447766{padding-right: 50px !important;}\u00bb][vc_column_text]<\/p>\n<h2>\u00c1rea de Tecnolog\u00eda de los Alimentos<\/h2>\n<p>Las actividades pr\u00e1cticas espec\u00edficas, asociadas a las asignaturas responsabilidad del \u00e1rea de Tecnolog\u00eda de los Alimentos, se desarrollan en los laboratorios que el \u00e1rea dispone en la Secci\u00f3n de Ingenier\u00eda Agraria de la Escuela Polit\u00e9cnica Superior de Ingenier\u00eda.[\/vc_column_text][\/vc_column][vc_column width=\u00bb1\/3&#8243;][vc_single_image image=\u00bb309&#8243; img_size=\u00bbfull\u00bb][\/vc_column][\/vc_row][vc_row][vc_column][vc_empty_space height=\u00bb50px\u00bb][\/vc_column][\/vc_row][vc_row][vc_column width=\u00bb2\/3&#8243; css=\u00bb.vc_custom_1495178447766{padding-right: 50px !important;}\u00bb][vc_column_text]<\/p>\n<h2>\u00c1rea de Nutrici\u00f3n y Bromatolog\u00eda<\/h2>\n<p>Las actividades pr\u00e1cticas espec\u00edficas, asociadas a las asignaturas responsabilidad del \u00e1rea de Nutrici\u00f3n y Bromatolog\u00eda, se imparten en los laboratorios que se sit\u00faan en la primera planta de la Facultad de Farmacia.[\/vc_column_text][\/vc_column][vc_column width=\u00bb1\/3&#8243;][\/vc_column][\/vc_row]<\/p>\n","protected":false},"excerpt":{"rendered":"<p>[vc_row][vc_column][vc_column_text] Instalaciones y recursos [\/vc_column_text][\/vc_column][\/vc_row][vc_row][vc_column width=\u00bb2\/3&#8243; css=\u00bb.vc_custom_1495178447766{padding-right: 50px !important;}\u00bb][vc_column_text] \u00c1rea de Ingenier\u00eda Qu\u00edmica Las actividades pr\u00e1cticas espec\u00edficas, asociadas a las asignaturas responsabilidad del \u00e1rea de Ingenier\u00eda Qu\u00edmica, se imparten en los laboratorios que se sit\u00faan en la sede del departamento, en la primera planta de la Secci\u00f3n de Qu\u00edmica de Facultad de Ciencias. Los alumnos&#8230;<\/p>\n","protected":false},"author":1,"featured_media":0,"parent":0,"menu_order":0,"comment_status":"closed","ping_status":"closed","template":"","meta":[],"_links":{"self":[{"href":"https:\/\/www.ull.es\/departamentos\/ingenieria-quimica-y-tecnologia-farmaceutica\/wp-json\/wp\/v2\/pages\/71"}],"collection":[{"href":"https:\/\/www.ull.es\/departamentos\/ingenieria-quimica-y-tecnologia-farmaceutica\/wp-json\/wp\/v2\/pages"}],"about":[{"href":"https:\/\/www.ull.es\/departamentos\/ingenieria-quimica-y-tecnologia-farmaceutica\/wp-json\/wp\/v2\/types\/page"}],"author":[{"embeddable":true,"href":"https:\/\/www.ull.es\/departamentos\/ingenieria-quimica-y-tecnologia-farmaceutica\/wp-json\/wp\/v2\/users\/1"}],"replies":[{"embeddable":true,"href":"https:\/\/www.ull.es\/departamentos\/ingenieria-quimica-y-tecnologia-farmaceutica\/wp-json\/wp\/v2\/comments?post=71"}],"version-history":[{"count":11,"href":"https:\/\/www.ull.es\/departamentos\/ingenieria-quimica-y-tecnologia-farmaceutica\/wp-json\/wp\/v2\/pages\/71\/revisions"}],"predecessor-version":[{"id":325,"href":"https:\/\/www.ull.es\/departamentos\/ingenieria-quimica-y-tecnologia-farmaceutica\/wp-json\/wp\/v2\/pages\/71\/revisions\/325"}],"wp:attachment":[{"href":"https:\/\/www.ull.es\/departamentos\/ingenieria-quimica-y-tecnologia-farmaceutica\/wp-json\/wp\/v2\/media?parent=71"}],"curies":[{"name":"wp","href":"https:\/\/api.w.org\/{rel}","templated":true}]}}