{"id":83,"date":"2017-05-11T12:37:19","date_gmt":"2017-05-11T12:37:19","guid":{"rendered":"http:\/\/www.ull.es\/departamentos\/ingenieria-informatica-sistemas\/?page_id=9"},"modified":"2018-06-13T10:24:53","modified_gmt":"2018-06-13T10:24:53","slug":"informacion-ubicacion-y-contacto","status":"publish","type":"page","link":"https:\/\/www.ull.es\/departamentos\/ingenieria-quimica-y-tecnologia-farmaceutica\/informacion-ubicacion-y-contacto\/","title":{"rendered":"Informaci\u00f3n, ubicaci\u00f3n y contacto"},"content":{"rendered":"<p>[vc_row][vc_column width=\u00bb2\/3&#8243; el_class=\u00bbpadding-50-right\u00bb css=\u00bb.vc_custom_1494506721665{padding-right: 50px !important;}\u00bb][vc_column_text]<\/p>\n<h1>Presentaci\u00f3n<\/h1>\n<p>[\/vc_column_text][vc_column_text el_id=\u00bbpresentacion\u00bb]\n<div class=\"shortcode-descripcion\">\n    <p>El Departamento de Ingenier\u00eda Qu\u00edmica y Tecnolog\u00eda Farmac\u00e9utica es el \u00f3rgano encargado de organizar, desarrollar y coordinar las ense\u00f1anzas propias de las \u00e1reas de conocimiento adscritas al mismo. Imparte docencia  en la Escuela Superior de Ingenier\u00eda y Tecnolog\u00eda, las facultades de Ciencias, de Ciencias de la Salud y de Derecho y en la Escuela Polit\u00e9cnica Superior de Ingenier\u00eda. Asimismo, imparte docencia de posgrado en los m\u00e1steres universitarios de Ingenier\u00eda Industrial, Seguridad y Calidad de los Alimentos, Biotecnolog\u00eda, Biomedicina, Energ\u00edas Renovables, Prevenci\u00f3n de Riesgos Laborales y de Profesorado. El Departamento tambi\u00e9n es el \u00f3rgano encargado de apoyar la actividad investigadora de sus miembros.<\/p><\/div>\n\n[\/vc_column_text][vc_empty_space height=\u00bb40px\u00bb][vc_column_text el_id=\u00bbareas-de-conocimiento\u00bb]\n<style>\n    .shortcode-areas h2 {\n        margin-bottom: 10px !important;\n    }\n<\/style>\n\n<div class=\"shortcode-areas\">\n    <h2>\u00c1reas de conocimiento<\/h2><ul><li>Nutrici\u00f3n y Bromatolog\u00eda<\/li><li>Tecnolog\u00eda de Alimentos<\/li><li>Ingenier\u00eda Qu\u00edmica<\/li><li>Farmacia y Tecnolog\u00eda Farmac\u00e9utica<\/li><\/ul><\/div>\n\n[\/vc_column_text][vc_empty_space height=\u00bb40px\u00bb][vc_column_text el_id=\u00bborganigrama\u00bb]<\/p>\n<h1>Organigrama<\/h1>\n<p>[\/vc_column_text][vc_column_text]\n<style>\n    .shortcode-equipo h2 {\n        margin-bottom: 10px !important;\n    }\n<\/style>\n\n<div class=\"shortcode-equipo\">\n    <h2>Equipo de direcci\u00f3n<\/h2><dl><dt><strong>Director<\/strong><\/dt><dd> <a href='https:\/\/www.ull.es\/directorio\/search\/?busqueda=Luis Antonio Gonz\u00e1lez Mendoza' target='_blank'>Luis Antonio Gonz\u00e1lez Mendoza<\/a><\/dd><dt><strong>Secretaria<\/strong><\/dt><dd> <a href='https:\/\/www.ull.es\/directorio\/search\/?busqueda=Karina Elvira Rodr\u00edguez Espinoza' target='_blank'>Karina Elvira Rodr\u00edguez Espinoza<\/a><\/dd><\/dl><h2>Personal de administraci\u00f3n<\/h2><dl><dt><strong>Administrativa<\/strong><\/dt><dd> <a href='https:\/\/www.ull.es\/directorio\/search\/?busqueda=Haridian Raya Dom\u00ednguez' target='_blank'>Haridian Raya Dom\u00ednguez<\/a><\/dd><dt><strong>T\u00e9cnicos de laboratorio<\/strong><\/dt><dd> <a href='https:\/\/www.ull.es\/directorio\/search\/?busqueda=Antonio Hern\u00e1ndez Arocha' target='_blank'>Antonio Hern\u00e1ndez Arocha<\/a><\/dd><dd> <a href='https:\/\/www.ull.es\/directorio\/search\/?busqueda=Francisco Javier Arocha Hern\u00e1ndez' target='_blank'>Francisco Javier Arocha Hern\u00e1ndez<\/a><\/dd><dt><strong>Oficial de laboratorio<\/strong><\/dt><dd> <a href='https:\/\/www.ull.es\/directorio\/search\/?busqueda=Silvia Gonz\u00e1lez P\u00e9rez' target='_blank'>Silvia Gonz\u00e1lez P\u00e9rez<\/a><\/dd><\/dl>\n<\/div>\n[\/vc_column_text][\/vc_column][vc_column width=\u00bb1\/3&#8243;][vc_column_text]<a class=\"btn-destacado\" href=\"https:\/\/riull.ull.es\/xmlui\/handle\/915\/6050\" target=\"_blank\" rel=\"noopener\" target=\"_blank\" rel=\"noopener\">Consultar normativa del departamento<i class=\"fa fa-arrow-right\"><\/i><\/a>[\/vc_column_text][vc_column_text]<a class=\"btn-destacado\" href=\"https:\/\/docs.google.com\/spreadsheets\/d\/e\/2PACX-1vQoy0YPSTQ97QjcG_44eCc1w-iUUrrsrO9iocBo-7yCs-aUsw6txDOKKxrCHkCVOm5rwRuLK52hWmJl\/pubhtml\" target=\"_blank\" rel=\"noopener\" target=\"_blank\" rel=\"noopener\">Consultar comisiones del departamento<i class=\"fa fa-arrow-right\"><\/i><\/a>[\/vc_column_text][vc_column_text]\n<ul class=\"widget-box\">\n<li class='contacto-header'>Informaci\u00f3n de contacto<\/li><li><i class=\"fa fa-map-marker\"><\/i> Avenida Astrof\u00edsico Francisco S\u00e1nchez, s\/n. Facultad de Ciencias. secci\u00f3n de Qu\u00edmica. Apartado 456. C\u00f3digo postal 38200. San Crist\u00f3bal de La Laguna. S\/C de Tenerife<\/li><li><i class=\"fa fa-phone\"><\/i> (+34) 922 31 80 81<\/li><li><i class=\"fa fa-address-book-o\"><\/i> <a target=\"_blank\" href=\"https:\/\/www.ull.es\/directorio\/search\/?busqueda_uo=ingenieria-quimica-y-tecnologia-farmaceutica\">Directorio<\/a><\/li><li><i class=\"fa fa-envelope\"><\/i>  <a href=mailto:inqtf@ull.es>inqtf@ull.es<\/a><\/li>\n<\/ul>\n\n[\/vc_column_text][vc_column_text el_id=\u00bbubicacion\u00bb]\n    \n<style>\n    .google-maps {\n        position: relative;\n        padding-bottom: 75%;\n        height: 0;\n        overflow: hidden;\n    }\n    .google-maps iframe {\n        position: absolute;\n        top: 0;\n        left: 0;\n        width: 100% !important;\n        height: 100% !important;\n    }\n<\/style>\n\n\n<div class=\"google-maps\">\n    <iframe src=\"https:\/\/www.openstreetmap.org\/export\/embed.html?bbox=-16.32501517411%2C28.47526704426%2C-16.31887136452%2C28.48107926654&amp;layer=mapnik&amp;marker=28.479450%2C-16.322189\" style=\"border: 1px solid black\"><\/iframe>\n<\/div>\n\n<div class=\"btn-widget\">\n    <a href=\"https:\/\/www.openstreetmap.org\/directions?engine=graphhopper_car&from=&to=28.479450%2C-16.322189#map=17\/28.479450\/-16.322189\">C\u00f3mo llegar<\/a>  \n<\/div>\n\n  <\/body>\n<\/html>\n\n[\/vc_column_text][\/vc_column][\/vc_row]<\/p>\n","protected":false},"excerpt":{"rendered":"<p>[vc_row][vc_column width=\u00bb2\/3&#8243; el_class=\u00bbpadding-50-right\u00bb css=\u00bb.vc_custom_1494506721665{padding-right: 50px !important;}\u00bb][vc_column_text] Presentaci\u00f3n [\/vc_column_text][vc_column_text el_id=\u00bbpresentacion\u00bb][\/vc_column_text][vc_empty_space height=\u00bb40px\u00bb][vc_column_text el_id=\u00bbareas-de-conocimiento\u00bb][\/vc_column_text][vc_empty_space height=\u00bb40px\u00bb][vc_column_text el_id=\u00bborganigrama\u00bb] Organigrama [\/vc_column_text][vc_column_text][\/vc_column_text][\/vc_column][vc_column width=\u00bb1\/3&#8243;][vc_column_text]Consultar normativa del departamento[\/vc_column_text][vc_column_text]Consultar comisiones del departamento[\/vc_column_text][vc_column_text][\/vc_column_text][vc_column_text el_id=\u00bbubicacion\u00bb][\/vc_column_text][\/vc_column][\/vc_row]<\/p>\n","protected":false},"author":1,"featured_media":0,"parent":0,"menu_order":0,"comment_status":"closed","ping_status":"closed","template":"","meta":[],"_links":{"self":[{"href":"https:\/\/www.ull.es\/departamentos\/ingenieria-quimica-y-tecnologia-farmaceutica\/wp-json\/wp\/v2\/pages\/83"}],"collection":[{"href":"https:\/\/www.ull.es\/departamentos\/ingenieria-quimica-y-tecnologia-farmaceutica\/wp-json\/wp\/v2\/pages"}],"about":[{"href":"https:\/\/www.ull.es\/departamentos\/ingenieria-quimica-y-tecnologia-farmaceutica\/wp-json\/wp\/v2\/types\/page"}],"author":[{"embeddable":true,"href":"https:\/\/www.ull.es\/departamentos\/ingenieria-quimica-y-tecnologia-farmaceutica\/wp-json\/wp\/v2\/users\/1"}],"replies":[{"embeddable":true,"href":"https:\/\/www.ull.es\/departamentos\/ingenieria-quimica-y-tecnologia-farmaceutica\/wp-json\/wp\/v2\/comments?post=83"}],"version-history":[{"count":27,"href":"https:\/\/www.ull.es\/departamentos\/ingenieria-quimica-y-tecnologia-farmaceutica\/wp-json\/wp\/v2\/pages\/83\/revisions"}],"predecessor-version":[{"id":323,"href":"https:\/\/www.ull.es\/departamentos\/ingenieria-quimica-y-tecnologia-farmaceutica\/wp-json\/wp\/v2\/pages\/83\/revisions\/323"}],"wp:attachment":[{"href":"https:\/\/www.ull.es\/departamentos\/ingenieria-quimica-y-tecnologia-farmaceutica\/wp-json\/wp\/v2\/media?parent=83"}],"curies":[{"name":"wp","href":"https:\/\/api.w.org\/{rel}","templated":true}]}}