{"id":16,"date":"2017-05-11T12:57:04","date_gmt":"2017-05-11T12:57:04","guid":{"rendered":"http:\/\/www.ull.es\/departamentos\/ingenieria-informatica-sistemas\/?page_id=16"},"modified":"2017-10-10T08:50:22","modified_gmt":"2017-10-10T08:50:22","slug":"personal","status":"publish","type":"page","link":"https:\/\/www.ull.es\/departamentos\/matematicas-estadistica-e-investigacion-operativa\/personal\/","title":{"rendered":"Personal"},"content":{"rendered":"<p>[vc_row css=\u00bb.vc_custom_1497445297003{margin-bottom: 20px !important;}\u00bb][vc_column][vc_column_text]<\/p>\n<h1>Personal<\/h1>\n<p>[\/vc_column_text][\/vc_column][\/vc_row][vc_row][vc_column][vc_column_text]\n<link rel=\"stylesheet\" href=\"https:\/\/cdn.datatables.net\/1.10.15\/css\/dataTables.bootstrap.min.css\">\n<script src=\"https:\/\/cdn.datatables.net\/1.10.15\/js\/jquery.dataTables.min.js\"><\/script>\n<script src=\"https:\/\/cdn.datatables.net\/1.10.15\/js\/dataTables.bootstrap.min.js\"><\/script>\n<script src=\"https:\/\/cdn.datatables.net\/plug-ins\/1.10.21\/sorting\/chinese-string.js\"><\/script>\n\n<style>\n\n    #personal {\n        font-size: 13px;\n    }\n\n    .row.tabla{\n        margin-bottom: 20px !important;\n        margin-top: 20px !important;\n        font-size: 14px;\n    }\n\n    div.toolbar{\n        \/*text-align: center;*\/\n    }\n\n    .input-sm {\n        font-size: 16px;\n        \/* max-width: 200px;*\/\n    }\n\n    div.toolbar select{\n        margin: 0 10px;\n    }\n\n    table.dataTable thead .sorting:after {\n        opacity: 0.2;\n        content: \"\\f0ec\";\n        -webkit-transform: rotate(90deg);\n        -moz-transform: rotate(90deg);\n        -o-transform: rotate(90deg);\n        -ms-transform: rotate(90deg);\n        transform: rotate(90deg);\n    }\n\n    table.dataTable thead .sorting_asc:after {\n        content: \"\\f160\";\n    }\n    table.dataTable thead .sorting_desc:after {\n        content: \"\\f161 \";\n    }\n    table.dataTable thead .sorting:after, table.dataTable thead .sorting_asc:after, table.dataTable thead .sorting_desc:after, table.dataTable thead .sorting_asc_disabled:after, table.dataTable thead .sorting_desc_disabled:after {\n        font-family: 'FontAwesome';\n    }\n\n    .btn-directorio {\n        font-size: 13px;\n        text-align: center;\n        display: block;\n    }\n\n<\/style>\n\n<div class=\"table-responsive\">\n    <table id=\"personal\" class=\"table table-bordered table-condensed table-hover\" cellspacing=\"0\" width=\"100%\"  data-page-length=\"25\">\n        <thead>\n        <tr>\n            <th>Apellidos<\/th>\n            <th>Nombre<\/th>\n            <th>Email<\/th>\n            <th>\u00c1rea<\/th>\n            <th>Categor\u00eda<\/th>\n            <th>Rol<\/th>\n            <th>Info.<\/th>\n        <\/tr>\n        <\/thead>\n\n        <tbody>\n        <tr><td>Bhunia <\/td><td>Dipak Kumar<\/td><td><a href=mailto:dibhunia@ull.es>dibhunia@ull.es<\/a><\/td><td>\u00c1lgebra<\/td><td>Investigador<\/td><td>INV<\/td><td><a class='btn-directorio' href='https:\/\/www.ull.es\/directorio\/search\/?busqueda=Dipak Kumar Bhunia ' target='_blank'><i class='fa fa-search-plus'><\/i><\/a><\/td><\/tr><tr><td>Garc\u00eda Barroso<\/td><td>Evelia Rosa<\/td><td><a href=mailto:ergarcia@ull.es>ergarcia@ull.es<\/a><\/td><td>\u00c1lgebra<\/td><td>Catedratico de Universidad<\/td><td>PDI<\/td><td><a class='btn-directorio' href='https:\/\/www.ull.es\/directorio\/search\/?busqueda=Evelia Rosa Garc\u00eda Barroso' target='_blank'><i class='fa fa-search-plus'><\/i><\/a><\/td><\/tr><tr><td>Garc\u00eda Marco<\/td><td>Ignacio<\/td><td><a href=mailto:iggarcia@ull.es>iggarcia@ull.es<\/a><\/td><td>\u00c1lgebra<\/td><td>Profesor Titular Universidad<\/td><td>PDI<\/td><td><a class='btn-directorio' href='https:\/\/www.ull.es\/directorio\/search\/?busqueda=Ignacio Garc\u00eda Marco' target='_blank'><i class='fa fa-search-plus'><\/i><\/a><\/td><\/tr><tr><td>Garc\u00eda Rom\u00e1n<\/td><td>Mar\u00eda del Socorro<\/td><td><a href=mailto:mgarciro@ull.es>mgarciro@ull.es<\/a><\/td><td>\u00c1lgebra<\/td><td>Profesor Asociado<\/td><td>PDI<\/td><td><a class='btn-directorio' href='https:\/\/www.ull.es\/directorio\/search\/?busqueda=Mar\u00eda del Socorro Garc\u00eda Rom\u00e1n' target='_blank'><i class='fa fa-search-plus'><\/i><\/a><\/td><\/tr><tr><td>Hern\u00e1ndez Iglesias<\/td><td>Mauro Fernando<\/td><td><a href=mailto:mhernani@ull.es>mhernani@ull.es<\/a><\/td><td>\u00c1lgebra<\/td><td>Profesor Ayudante Doctor<\/td><td>PDI<\/td><td><a class='btn-directorio' href='https:\/\/www.ull.es\/directorio\/search\/?busqueda=Mauro Fernando Hern\u00e1ndez Iglesias' target='_blank'><i class='fa fa-search-plus'><\/i><\/a><\/td><\/tr><tr><td>Hern\u00e1ndez Yanes<\/td><td>William Giovani<\/td><td><a href=mailto:whernany@ull.es>whernany@ull.es<\/a><\/td><td>\u00c1lgebra<\/td><td>Profesor Sustituto<\/td><td>PDI<\/td><td><a class='btn-directorio' href='https:\/\/www.ull.es\/directorio\/search\/?busqueda=William Giovani Hern\u00e1ndez Yanes' target='_blank'><i class='fa fa-search-plus'><\/i><\/a><\/td><\/tr><tr><td>Jaramillo Velez<\/td><td>Delio<\/td><td><a href=mailto:djaramil@ull.es>djaramil@ull.es<\/a><\/td><td>\u00c1lgebra<\/td><td>Profesor Distinguido<\/td><td>PDI<\/td><td><a class='btn-directorio' href='https:\/\/www.ull.es\/directorio\/search\/?busqueda=Delio Jaramillo Velez' target='_blank'><i class='fa fa-search-plus'><\/i><\/a><\/td><\/tr><tr><td>M\u00e1rquez Corbella<\/td><td>Irene<\/td><td><a href=mailto:imarquec@ull.es>imarquec@ull.es<\/a><\/td><td>\u00c1lgebra<\/td><td>Profesor Contratado Doctor (1)<\/td><td>PDI<\/td><td><a class='btn-directorio' href='https:\/\/www.ull.es\/directorio\/search\/?busqueda=Irene M\u00e1rquez Corbella' target='_blank'><i class='fa fa-search-plus'><\/i><\/a><\/td><\/tr><tr><td>Pineda Ramos<\/td><td>Jos\u00e9 Fabrizio<\/td><td><a href=mailto:jpinedar@ull.es>jpinedar@ull.es<\/a><\/td><td>\u00c1lgebra<\/td><td>Profesor Sustituto<\/td><td>PDI<\/td><td><a class='btn-directorio' href='https:\/\/www.ull.es\/directorio\/search\/?busqueda=Jos\u00e9 Fabrizio Pineda Ramos' target='_blank'><i class='fa fa-search-plus'><\/i><\/a><\/td><\/tr><tr><td>Santana S\u00e1nchez<\/td><td>Luis Jos\u00e9<\/td><td><a href=mailto:lsantans@ull.es>lsantans@ull.es<\/a><\/td><td>\u00c1lgebra<\/td><td>Profesor Ayudante Doctor<\/td><td>PDI<\/td><td><a class='btn-directorio' href='https:\/\/www.ull.es\/directorio\/search\/?busqueda=Luis Jos\u00e9 Santana S\u00e1nchez' target='_blank'><i class='fa fa-search-plus'><\/i><\/a><\/td><\/tr><tr><td>Abdul-Jalbar Betancor<\/td><td>Beatriz<\/td><td><a href=mailto:babdul@ull.es>babdul@ull.es<\/a><\/td><td>Estad\u00edstica e Investigacion Operativa<\/td><td>Profesor Titular Universidad<\/td><td>PDI<\/td><td><a class='btn-directorio' href='https:\/\/www.ull.es\/directorio\/search\/?busqueda=Beatriz Abdul-Jalbar Betancor' target='_blank'><i class='fa fa-search-plus'><\/i><\/a><\/td><\/tr><tr><td>Alcaide L\u00f3pez de Pablo<\/td><td>David<\/td><td><a href=mailto:dalcaide@ull.es>dalcaide@ull.es<\/a><\/td><td>Estad\u00edstica e Investigacion Operativa<\/td><td>Profesor Titular Universidad<\/td><td>PDI<\/td><td><a class='btn-directorio' href='https:\/\/www.ull.es\/directorio\/search\/?busqueda=David Alcaide L\u00f3pez de Pablo' target='_blank'><i class='fa fa-search-plus'><\/i><\/a><\/td><\/tr><tr><td>Alonso Rodr\u00edguez<\/td><td>Sergio Fernando<\/td><td><a href=mailto:salonso@ull.es>salonso@ull.es<\/a><\/td><td>Estad\u00edstica e Investigacion Operativa<\/td><td>Profesor Titular Universidad<\/td><td>PDI<\/td><td><a class='btn-directorio' href='https:\/\/www.ull.es\/directorio\/search\/?busqueda=Sergio Fernando Alonso Rodr\u00edguez' target='_blank'><i class='fa fa-search-plus'><\/i><\/a><\/td><\/tr><tr><td>Dom\u00ednguez Espinosa<\/td><td>Ignacio<\/td><td><a href=mailto:idomingu@ull.es>idomingu@ull.es<\/a><\/td><td>Estad\u00edstica e Investigacion Operativa<\/td><td>Profesor Sustituto<\/td><td>PDI<\/td><td><a class='btn-directorio' href='https:\/\/www.ull.es\/directorio\/search\/?busqueda=Ignacio Dom\u00ednguez Espinosa' target='_blank'><i class='fa fa-search-plus'><\/i><\/a><\/td><\/tr><tr><td>Dom\u00ednguez Mart\u00edn<\/td><td>Bencomo<\/td><td><a href=mailto:bdomingu@ull.es>bdomingu@ull.es<\/a><\/td><td>Estad\u00edstica e Investigacion Operativa<\/td><td>Profesor Ayudante Doctor<\/td><td>PDI<\/td><td><a class='btn-directorio' href='https:\/\/www.ull.es\/directorio\/search\/?busqueda=Bencomo Dom\u00ednguez Mart\u00edn' target='_blank'><i class='fa fa-search-plus'><\/i><\/a><\/td><\/tr><tr><td>Dorta Guerra<\/td><td>Roberto<\/td><td><a href=mailto:rodorta@ull.es>rodorta@ull.es<\/a><\/td><td>Estad\u00edstica e Investigacion Operativa<\/td><td>Profesor Titular Universidad<\/td><td>PDI<\/td><td><a class='btn-directorio' href='https:\/\/www.ull.es\/directorio\/search\/?busqueda=Roberto Dorta Guerra' target='_blank'><i class='fa fa-search-plus'><\/i><\/a><\/td><\/tr><tr><td>Fuentes Santos<\/td><td>Isabel<\/td><td><a href=mailto:ifuentsa@ull.es>ifuentsa@ull.es<\/a><\/td><td>Estad\u00edstica e Investigacion Operativa<\/td><td>Profesor Ayudante Doctor<\/td><td>PDI<\/td><td><a class='btn-directorio' href='https:\/\/www.ull.es\/directorio\/search\/?busqueda=Isabel Fuentes Santos' target='_blank'><i class='fa fa-search-plus'><\/i><\/a><\/td><\/tr><tr><td>Garc\u00eda Mu\u00f1oz<\/td><td>\u00c1lvaro<\/td><td><a href=mailto:agarcimu@ull.es>agarcimu@ull.es<\/a><\/td><td>Estad\u00edstica e Investigacion Operativa<\/td><td>Pers. Inv. en form. FPI\/FPU PREDOCTORAL<\/td><td>INV<\/td><td><a class='btn-directorio' href='https:\/\/www.ull.es\/directorio\/search\/?busqueda=\u00c1lvaro Garc\u00eda Mu\u00f1oz' target='_blank'><i class='fa fa-search-plus'><\/i><\/a><\/td><\/tr><tr><td>Gonz\u00e1lez Alc\u00f3n<\/td><td>Carlos<\/td><td><a href=mailto:cgalcon@ull.es>cgalcon@ull.es<\/a><\/td><td>Estad\u00edstica e Investigacion Operativa<\/td><td>Profesor Titular Universidad<\/td><td>PDI<\/td><td><a class='btn-directorio' href='https:\/\/www.ull.es\/directorio\/search\/?busqueda=Carlos Gonz\u00e1lez Alc\u00f3n' target='_blank'><i class='fa fa-search-plus'><\/i><\/a><\/td><\/tr><tr><td>Gonz\u00e1lez D\u00e1vila<\/td><td>Enrique Francisco<\/td><td><a href=mailto:egonzale@ull.es>egonzale@ull.es<\/a><\/td><td>Estad\u00edstica e Investigacion Operativa<\/td><td>Catedratico de Universidad<\/td><td>PDI<\/td><td><a class='btn-directorio' href='https:\/\/www.ull.es\/directorio\/search\/?busqueda=Enrique Francisco Gonz\u00e1lez D\u00e1vila' target='_blank'><i class='fa fa-search-plus'><\/i><\/a><\/td><\/tr><tr><td>Guti\u00e9rrez Exp\u00f3sito<\/td><td>Jos\u00e9 Miguel<\/td><td><a href=mailto:jmgrrez@ull.es>jmgrrez@ull.es<\/a><\/td><td>Estad\u00edstica e Investigacion Operativa<\/td><td>Profesor Titular Universidad<\/td><td>PDI<\/td><td><a class='btn-directorio' href='https:\/\/www.ull.es\/directorio\/search\/?busqueda=Jos\u00e9 Miguel Guti\u00e9rrez Exp\u00f3sito' target='_blank'><i class='fa fa-search-plus'><\/i><\/a><\/td><\/tr><tr><td>Hern\u00e1ndez P\u00e9rez<\/td><td>Hip\u00f3lito<\/td><td><a href=mailto:hhperez@ull.es>hhperez@ull.es<\/a><\/td><td>Estad\u00edstica e Investigacion Operativa<\/td><td>Profesor Contratado Doctor (1)<\/td><td>PDI<\/td><td><a class='btn-directorio' href='https:\/\/www.ull.es\/directorio\/search\/?busqueda=Hip\u00f3lito Hern\u00e1ndez P\u00e9rez' target='_blank'><i class='fa fa-search-plus'><\/i><\/a><\/td><\/tr><tr><td>Jim\u00e9nez Saavedra<\/td><td>Mar\u00eda Natividad<\/td><td><a href=mailto:natjimen@ull.es>natjimen@ull.es<\/a><\/td><td>Estad\u00edstica e Investigacion Operativa<\/td><td>Profesor Titular Escuela Univ.<\/td><td>PDI<\/td><td><a class='btn-directorio' href='https:\/\/www.ull.es\/directorio\/search\/?busqueda=Mar\u00eda Natividad Jim\u00e9nez Saavedra' target='_blank'><i class='fa fa-search-plus'><\/i><\/a><\/td><\/tr><tr><td>Pascual Triana<\/td><td>Jos\u00e9 Daniel<\/td><td><a href=mailto:jpascuat@ull.es>jpascuat@ull.es<\/a><\/td><td>Estad\u00edstica e Investigacion Operativa<\/td><td>Profesor Sustituto<\/td><td>PDI<\/td><td><a class='btn-directorio' href='https:\/\/www.ull.es\/directorio\/search\/?busqueda=Jos\u00e9 Daniel Pascual Triana' target='_blank'><i class='fa fa-search-plus'><\/i><\/a><\/td><\/tr><tr><td>P\u00e9rez Gonz\u00e1lez<\/td><td>Carlos Javier<\/td><td><a href=mailto:cpgonzal@ull.es>cpgonzal@ull.es<\/a><\/td><td>Estad\u00edstica e Investigacion Operativa<\/td><td>Profesor Titular Universidad<\/td><td>PDI<\/td><td><a class='btn-directorio' href='https:\/\/www.ull.es\/directorio\/search\/?busqueda=Carlos Javier P\u00e9rez Gonz\u00e1lez' target='_blank'><i class='fa fa-search-plus'><\/i><\/a><\/td><\/tr><tr><td>Ramos Dom\u00ednguez<\/td><td>Carmen Elvira<\/td><td><a href=mailto:ceramos@ull.es>ceramos@ull.es<\/a><\/td><td>Estad\u00edstica e Investigacion Operativa<\/td><td>Profesor Titular Universidad<\/td><td>PDI<\/td><td><a class='btn-directorio' href='https:\/\/www.ull.es\/directorio\/search\/?busqueda=Carmen Elvira Ramos Dom\u00ednguez' target='_blank'><i class='fa fa-search-plus'><\/i><\/a><\/td><\/tr><tr><td>Rodr\u00edguez Mart\u00edn<\/td><td>Inmaculada<\/td><td><a href=mailto:irguez@ull.es>irguez@ull.es<\/a><\/td><td>Estad\u00edstica e Investigacion Operativa<\/td><td>Profesor Titular Universidad<\/td><td>PDI<\/td><td><a class='btn-directorio' href='https:\/\/www.ull.es\/directorio\/search\/?busqueda=Inmaculada Rodr\u00edguez Mart\u00edn' target='_blank'><i class='fa fa-search-plus'><\/i><\/a><\/td><\/tr><tr><td>Rosa Gonz\u00e1lez<\/td><td>Felipe Manuel<\/td><td><a href=mailto:frosag@ull.es>frosag@ull.es<\/a><\/td><td>Estad\u00edstica e Investigacion Operativa<\/td><td>Profesor Contratado Doctor (1)<\/td><td>PDI<\/td><td><a class='btn-directorio' href='https:\/\/www.ull.es\/directorio\/search\/?busqueda=Felipe Manuel Rosa Gonz\u00e1lez' target='_blank'><i class='fa fa-search-plus'><\/i><\/a><\/td><\/tr><tr><td>Salazar Gonz\u00e1lez<\/td><td>Juan Jos\u00e9<\/td><td><a href=mailto:jjsalaza@ull.es>jjsalaza@ull.es<\/a><\/td><td>Estad\u00edstica e Investigacion Operativa<\/td><td>Catedratico de Universidad<\/td><td>PDI<\/td><td><a class='btn-directorio' href='https:\/\/www.ull.es\/directorio\/search\/?busqueda=Juan Jos\u00e9 Salazar Gonz\u00e1lez' target='_blank'><i class='fa fa-search-plus'><\/i><\/a><\/td><\/tr><tr><td>Sede\u00f1o Noda<\/td><td>Antonio Alberto<\/td><td><a href=mailto:asedeno@ull.es>asedeno@ull.es<\/a><\/td><td>Estad\u00edstica e Investigacion Operativa<\/td><td>Catedratico de Universidad<\/td><td>PDI<\/td><td><a class='btn-directorio' href='https:\/\/www.ull.es\/directorio\/search\/?busqueda=Antonio Alberto Sede\u00f1o Noda' target='_blank'><i class='fa fa-search-plus'><\/i><\/a><\/td><\/tr><tr><td>Sicilia Rodr\u00edguez<\/td><td>Joaqu\u00edn<\/td><td><a href=mailto:jsicilia@ull.es>jsicilia@ull.es<\/a><\/td><td>Estad\u00edstica e Investigacion Operativa<\/td><td>Catedratico de Universidad<\/td><td>PDI<\/td><td><a class='btn-directorio' href='https:\/\/www.ull.es\/directorio\/search\/?busqueda=Joaqu\u00edn Sicilia Rodr\u00edguez' target='_blank'><i class='fa fa-search-plus'><\/i><\/a><\/td><\/tr><tr><td>Su\u00e1rez Rancel<\/td><td>Mar\u00eda Mercedes<\/td><td><a href=mailto:msuarez@ull.es>msuarez@ull.es<\/a><\/td><td>Estad\u00edstica e Investigacion Operativa<\/td><td>Profesor Titular Universidad<\/td><td>PDI<\/td><td><a class='btn-directorio' href='https:\/\/www.ull.es\/directorio\/search\/?busqueda=Mar\u00eda Mercedes Su\u00e1rez Rancel' target='_blank'><i class='fa fa-search-plus'><\/i><\/a><\/td><\/tr><tr><td>Ben\u00edtez Garc\u00eda<\/td><td>Carla<\/td><td><a href=mailto:cbeniteg@ull.es>cbeniteg@ull.es<\/a><\/td><td>Geometr\u00eda y Topolog\u00eda<\/td><td>Investigador<\/td><td>INV<\/td><td><a class='btn-directorio' href='https:\/\/www.ull.es\/directorio\/search\/?busqueda=Carla Ben\u00edtez Garc\u00eda' target='_blank'><i class='fa fa-search-plus'><\/i><\/a><\/td><\/tr><tr><td>Chinea Miranda<\/td><td>Domingo<\/td><td><a href=mailto:dchinea@ull.es>dchinea@ull.es<\/a><\/td><td>Geometr\u00eda y Topolog\u00eda<\/td><td>Catedratico de Universidad<\/td><td>PDI<\/td><td><a class='btn-directorio' href='https:\/\/www.ull.es\/directorio\/search\/?busqueda=Domingo Chinea Miranda' target='_blank'><i class='fa fa-search-plus'><\/i><\/a><\/td><\/tr><tr><td>D\u00edaz D\u00edaz<\/td><td>Francisco Javier<\/td><td><a href=mailto:fradiaz@ull.es>fradiaz@ull.es<\/a><\/td><td>Geometr\u00eda y Topolog\u00eda<\/td><td>Profesor Contratado Doctor (1)<\/td><td>PDI<\/td><td><a class='btn-directorio' href='https:\/\/www.ull.es\/directorio\/search\/?busqueda=Francisco Javier D\u00edaz D\u00edaz' target='_blank'><i class='fa fa-search-plus'><\/i><\/a><\/td><\/tr><tr><td>Garc\u00eda Calcines<\/td><td>Jos\u00e9 Manuel<\/td><td><a href=mailto:jmgarcal@ull.es>jmgarcal@ull.es<\/a><\/td><td>Geometr\u00eda y Topolog\u00eda<\/td><td>Profesor Titular Universidad<\/td><td>PDI<\/td><td><a class='btn-directorio' href='https:\/\/www.ull.es\/directorio\/search\/?busqueda=Jos\u00e9 Manuel Garc\u00eda Calcines' target='_blank'><i class='fa fa-search-plus'><\/i><\/a><\/td><\/tr><tr><td>Gonz\u00e1lez D\u00e1vila<\/td><td>Jos\u00e9 Carmelo<\/td><td><a href=mailto:jcgonza@ull.es>jcgonza@ull.es<\/a><\/td><td>Geometr\u00eda y Topolog\u00eda<\/td><td>Catedratico de Universidad<\/td><td>PDI<\/td><td><a class='btn-directorio' href='https:\/\/www.ull.es\/directorio\/search\/?busqueda=Jos\u00e9 Carmelo Gonz\u00e1lez D\u00e1vila' target='_blank'><i class='fa fa-search-plus'><\/i><\/a><\/td><\/tr><tr><td>Gonz\u00e1lez D\u00e1vila<\/td><td>Mar\u00eda Candelaria<\/td><td><a href=mailto:macanda@ull.es>macanda@ull.es<\/a><\/td><td>Geometr\u00eda y Topolog\u00eda<\/td><td>Profesor Titular Universidad<\/td><td>PDI<\/td><td><a class='btn-directorio' href='https:\/\/www.ull.es\/directorio\/search\/?busqueda=Mar\u00eda Candelaria Gonz\u00e1lez D\u00e1vila' target='_blank'><i class='fa fa-search-plus'><\/i><\/a><\/td><\/tr><tr><td>Iglesias Ponte<\/td><td>David Baldomero<\/td><td><a href=mailto:diglesia@ull.es>diglesia@ull.es<\/a><\/td><td>Geometr\u00eda y Topolog\u00eda<\/td><td>Profesor Titular Universidad<\/td><td>PDI<\/td><td><a class='btn-directorio' href='https:\/\/www.ull.es\/directorio\/search\/?busqueda=David Baldomero Iglesias Ponte' target='_blank'><i class='fa fa-search-plus'><\/i><\/a><\/td><\/tr><tr><td>Marrero Gonz\u00e1lez<\/td><td>Juan Carlos<\/td><td><a href=mailto:jcmarrer@ull.es>jcmarrer@ull.es<\/a><\/td><td>Geometr\u00eda y Topolog\u00eda<\/td><td>Catedratico de Universidad<\/td><td>PDI<\/td><td><a class='btn-directorio' href='https:\/\/www.ull.es\/directorio\/search\/?busqueda=Juan Carlos Marrero Gonz\u00e1lez' target='_blank'><i class='fa fa-search-plus'><\/i><\/a><\/td><\/tr><tr><td>Padr\u00f3n Fern\u00e1ndez<\/td><td>Mar\u00eda Edith<\/td><td><a href=mailto:mepadron@ull.es>mepadron@ull.es<\/a><\/td><td>Geometr\u00eda y Topolog\u00eda<\/td><td>Profesor Titular Universidad<\/td><td>PDI<\/td><td><a class='btn-directorio' href='https:\/\/www.ull.es\/directorio\/search\/?busqueda=Mar\u00eda Edith Padr\u00f3n Fern\u00e1ndez' target='_blank'><i class='fa fa-search-plus'><\/i><\/a><\/td><\/tr><tr><td>Remedios G\u00f3mez<\/td><td>Josu\u00e9<\/td><td><a href=mailto:jremed@ull.es>jremed@ull.es<\/a><\/td><td>Geometr\u00eda y Topolog\u00eda<\/td><td>Profesor Contratado Doctor (1)<\/td><td>PDI<\/td><td><a class='btn-directorio' href='https:\/\/www.ull.es\/directorio\/search\/?busqueda=Josu\u00e9 Remedios G\u00f3mez' target='_blank'><i class='fa fa-search-plus'><\/i><\/a><\/td><\/tr><tr><td>Gonz\u00e1lez Montelongo<\/td><td>Rebeca Candelaria<\/td><td><a href=mailto:rebglez@ull.es>rebglez@ull.es<\/a><\/td><td>Personal De Administraci\u00f3n Y Servicios<\/td><td>Administrativo<\/td><td>PAS<\/td><td><a class='btn-directorio' href='https:\/\/www.ull.es\/directorio\/search\/?busqueda=Rebeca Candelaria Gonz\u00e1lez Montelongo' target='_blank'><i class='fa fa-search-plus'><\/i><\/a><\/td><\/tr>        <\/tbody>\n    <\/table>\n<\/div>\n\n<script>\n\t\njQuery.extend( jQuery.fn.dataTableExt.oSort, {\n    \"chinese-string-asc\" : function (s1, s2) {\n        return s1.localeCompare(s2);\n    },\n \n    \"chinese-string-desc\" : function (s1, s2) {\n        return s2.localeCompare(s1);\n    }\n} );\n\t\n$(document).ready(function() {\n\n        $('#personal').DataTable( {\n            \"dom\": \"\" +\n            \"<'row'<'col-sm-9 toolbar'><'col-sm-3'f>>\" +\n            \"<'row tabla'<'col-sm-12'tr>>\" +\n            \"<'row'<'col-sm-5'i><'col-sm-7'p>>\"\n            ,\n            \"language\": {\n                \"url\": \"\/\/cdn.datatables.net\/plug-ins\/1.10.15\/i18n\/Spanish.json\"\n            },\n\n         columnDefs: [{ type: 'chinese-string', targets: 0 }],\n\n\n\t initComplete: function () {\n\n                this.api().columns([3]).every( function () {\n                    var column = this;\n                    var select = $('<select class=\"form-control input-sm\"><option value=\"\">Mostrar todas las \u00e1reas de conocimiento<\/option><\/select>')\n                        .appendTo( $('div.toolbar') )\n                        .on( 'change', function () {\n                            var val = $.fn.dataTable.util.escapeRegex(\n                                $(this).val()\n                            );\n\n                            column\n                                .search( val ? '^'+val+'$' : '', true, false )\n                                .draw();\n                        } );\n\n                    column.data().unique().sort().each( function ( d, j ) {\n                        select.append( '<option value=\"'+d+'\">'+d+'<\/option>' )\n                    } );\n\n                } );\n                this.api().columns([5]).every( function () {\n                    var column = this;\n                    var select = $('<select class=\"form-control input-sm\"><option value=\"\">Mostrar todos los roles<\/option><\/select>')\n                        .appendTo( $('div.toolbar') )\n                        .on( 'change', function () {\n                            var val = $.fn.dataTable.util.escapeRegex(\n                                $(this).val()\n                            );\n\n                            column\n                                .search( val ? '^'+val+'$' : '', true, false )\n                                .draw();\n                        } );\n\n                    column.data().unique().sort().each( function ( d, j ) {\n                        select.append( '<option value=\"'+d+'\">'+d+'<\/option>' )\n                    } );\n                } );\n            }\n        } );\n\n    } );\n<\/script>\n[\/vc_column_text][\/vc_column][\/vc_row]<\/p>\n","protected":false},"excerpt":{"rendered":"<p>[vc_row css=\u00bb.vc_custom_1497445297003{margin-bottom: 20px !important;}\u00bb][vc_column][vc_column_text] Personal [\/vc_column_text][\/vc_column][\/vc_row][vc_row][vc_column][vc_column_text][\/vc_column_text][\/vc_column][\/vc_row]<\/p>\n","protected":false},"author":1,"featured_media":0,"parent":0,"menu_order":0,"comment_status":"closed","ping_status":"closed","template":"","meta":[],"_links":{"self":[{"href":"https:\/\/www.ull.es\/departamentos\/matematicas-estadistica-e-investigacion-operativa\/wp-json\/wp\/v2\/pages\/16"}],"collection":[{"href":"https:\/\/www.ull.es\/departamentos\/matematicas-estadistica-e-investigacion-operativa\/wp-json\/wp\/v2\/pages"}],"about":[{"href":"https:\/\/www.ull.es\/departamentos\/matematicas-estadistica-e-investigacion-operativa\/wp-json\/wp\/v2\/types\/page"}],"author":[{"embeddable":true,"href":"https:\/\/www.ull.es\/departamentos\/matematicas-estadistica-e-investigacion-operativa\/wp-json\/wp\/v2\/users\/1"}],"replies":[{"embeddable":true,"href":"https:\/\/www.ull.es\/departamentos\/matematicas-estadistica-e-investigacion-operativa\/wp-json\/wp\/v2\/comments?post=16"}],"version-history":[{"count":19,"href":"https:\/\/www.ull.es\/departamentos\/matematicas-estadistica-e-investigacion-operativa\/wp-json\/wp\/v2\/pages\/16\/revisions"}],"predecessor-version":[{"id":318,"href":"https:\/\/www.ull.es\/departamentos\/matematicas-estadistica-e-investigacion-operativa\/wp-json\/wp\/v2\/pages\/16\/revisions\/318"}],"wp:attachment":[{"href":"https:\/\/www.ull.es\/departamentos\/matematicas-estadistica-e-investigacion-operativa\/wp-json\/wp\/v2\/media?parent=16"}],"curies":[{"name":"wp","href":"https:\/\/api.w.org\/{rel}","templated":true}]}}