{"id":71,"date":"2017-05-15T09:13:24","date_gmt":"2017-05-15T09:13:24","guid":{"rendered":"http:\/\/www.ull.es\/departamentos\/ingenieria-informatica-sistemas\/?page_id=71"},"modified":"2025-12-11T12:53:56","modified_gmt":"2025-12-11T12:53:56","slug":"instalaciones-y-recursos","status":"publish","type":"page","link":"https:\/\/www.ull.es\/departamentos\/matematicas-estadistica-e-investigacion-operativa\/instalaciones-y-recursos\/","title":{"rendered":"Instalaciones y recursos"},"content":{"rendered":"<p>[vc_row][vc_column][vc_column_text]<\/p>\n<h1>Instalaciones y recursos<\/h1>\n<p>[\/vc_column_text][\/vc_column][\/vc_row][vc_row][vc_column][vc_column_text]El Departamento de Matem\u00e1ticas, Estad\u00edstica e Investigaci\u00f3n Operativa dispone de un laboratorio que se encuentra situado en la primera planta del edificio de la Escuela T\u00e9cnica Superior en Ingenier\u00eda Inform\u00e1tica de la Universidad de La Laguna.<\/p>\n<p>El Departamento cuenta, adem\u00e1s, con\u00a0dos peque\u00f1as aulas, que utiliza para charlas o cursos, situadas en la tercera planta del edificio de Matem\u00e1ticas y F\u00edsica.<\/p>\n<p>La docencia en m\u00e1steres, grados, ingenier\u00edas y licenciaturas, se imparte en las aulas adscritas a los\u00a0 centros correspondientes de la Universidad de La Laguna.[\/vc_column_text][\/vc_column][\/vc_row]<\/p>\n","protected":false},"excerpt":{"rendered":"<p>[vc_row][vc_column][vc_column_text] Instalaciones y recursos [\/vc_column_text][\/vc_column][\/vc_row][vc_row][vc_column][vc_column_text]El Departamento de Matem\u00e1ticas, Estad\u00edstica e Investigaci\u00f3n Operativa dispone de un laboratorio que se encuentra situado en la primera planta del edificio de la Escuela T\u00e9cnica Superior en Ingenier\u00eda Inform\u00e1tica de la Universidad de La Laguna. El Departamento cuenta, adem\u00e1s, con\u00a0dos peque\u00f1as aulas, que utiliza para charlas o cursos, situadas en&#8230;<\/p>\n","protected":false},"author":1,"featured_media":0,"parent":0,"menu_order":0,"comment_status":"closed","ping_status":"closed","template":"","meta":[],"_links":{"self":[{"href":"https:\/\/www.ull.es\/departamentos\/matematicas-estadistica-e-investigacion-operativa\/wp-json\/wp\/v2\/pages\/71"}],"collection":[{"href":"https:\/\/www.ull.es\/departamentos\/matematicas-estadistica-e-investigacion-operativa\/wp-json\/wp\/v2\/pages"}],"about":[{"href":"https:\/\/www.ull.es\/departamentos\/matematicas-estadistica-e-investigacion-operativa\/wp-json\/wp\/v2\/types\/page"}],"author":[{"embeddable":true,"href":"https:\/\/www.ull.es\/departamentos\/matematicas-estadistica-e-investigacion-operativa\/wp-json\/wp\/v2\/users\/1"}],"replies":[{"embeddable":true,"href":"https:\/\/www.ull.es\/departamentos\/matematicas-estadistica-e-investigacion-operativa\/wp-json\/wp\/v2\/comments?post=71"}],"version-history":[{"count":17,"href":"https:\/\/www.ull.es\/departamentos\/matematicas-estadistica-e-investigacion-operativa\/wp-json\/wp\/v2\/pages\/71\/revisions"}],"predecessor-version":[{"id":357,"href":"https:\/\/www.ull.es\/departamentos\/matematicas-estadistica-e-investigacion-operativa\/wp-json\/wp\/v2\/pages\/71\/revisions\/357"}],"wp:attachment":[{"href":"https:\/\/www.ull.es\/departamentos\/matematicas-estadistica-e-investigacion-operativa\/wp-json\/wp\/v2\/media?parent=71"}],"curies":[{"name":"wp","href":"https:\/\/api.w.org\/{rel}","templated":true}]}}