{"id":71,"date":"2017-05-15T09:13:24","date_gmt":"2017-05-15T09:13:24","guid":{"rendered":"http:\/\/www.ull.es\/departamentos\/ingenieria-informatica-sistemas\/?page_id=71"},"modified":"2017-10-10T13:50:41","modified_gmt":"2017-10-10T13:50:41","slug":"instalaciones-y-recursos","status":"publish","type":"page","link":"https:\/\/www.ull.es\/departamentos\/medicina-fisica-y-farmacologia\/instalaciones-y-recursos\/","title":{"rendered":"Instalaciones y recursos"},"content":{"rendered":"<p>[vc_row][vc_column][vc_column_text]<\/p>\n<h1>Instalaciones y recursos<\/h1>\n<p>[\/vc_column_text][\/vc_column][\/vc_row][vc_row][vc_column][vc_column_text]<\/p>\n<h2>\u00c1rea de Farmacolog\u00eda<\/h2>\n<ul>\n<li>La Unidad de Farmacolog\u00eda y Farmacognosia dispone de dos laboratorios dedicados a las clases pr\u00e1cticas (98 m<sup>2<\/sup> y 60,9 m<sup>2<\/sup> respectivamente) dotados con el equipamiento adecuado.<\/li>\n<li>La Unidad de Farmacolog\u00eda y Farmacolog\u00eda Cl\u00ednica cuenta con 8 laboratorios, utilizados principalmente para la investigaci\u00f3n, con unas dimensiones totales de 244,25 m<sup>2<\/sup>, as\u00ed como un Aula de pr\u00e1cticas para los alumnos.<\/li>\n<\/ul>\n<h2>\u00c1rea de Fisioterapia<\/h2>\n<p>La Unidad de Fisioterapia cuenta con tres aulas de Demostraciones que, aunque pertenecen a la Escuela Universitaria de Enfermer\u00eda y Fisioterapia, est\u00e1n dotadas econ\u00f3micamente por el Departamento (camillas, aparatos de ultrasonidos, electroterapia, etc., adem\u00e1s de recursos inform\u00e1ticos).<\/p>\n<h2>\u00c1rea de Radiolog\u00eda y Medicina F\u00edsica<\/h2>\n<p>La Unidad de Radiolog\u00eda y Medicina F\u00edsica cuenta con un laboratorio para las pr\u00e1cticas de los alumnos de F\u00edsica M\u00e9dica (39,5 m<sup>2<\/sup>) y asimismo, cuenta con laboratorios de uso exclusivo para la investigaci\u00f3n (laboratorio de qu\u00edmica, medidas, etc.).[\/vc_column_text][\/vc_column][\/vc_row]<\/p>\n","protected":false},"excerpt":{"rendered":"<p>[vc_row][vc_column][vc_column_text] Instalaciones y recursos [\/vc_column_text][\/vc_column][\/vc_row][vc_row][vc_column][vc_column_text] \u00c1rea de Farmacolog\u00eda La Unidad de Farmacolog\u00eda y Farmacognosia dispone de dos laboratorios dedicados a las clases pr\u00e1cticas (98 m2 y 60,9 m2 respectivamente) dotados con el equipamiento adecuado. La Unidad de Farmacolog\u00eda y Farmacolog\u00eda Cl\u00ednica cuenta con 8 laboratorios, utilizados principalmente para la investigaci\u00f3n, con unas dimensiones totales de&#8230;<\/p>\n","protected":false},"author":1,"featured_media":0,"parent":0,"menu_order":0,"comment_status":"closed","ping_status":"closed","template":"","meta":[],"_links":{"self":[{"href":"https:\/\/www.ull.es\/departamentos\/medicina-fisica-y-farmacologia\/wp-json\/wp\/v2\/pages\/71"}],"collection":[{"href":"https:\/\/www.ull.es\/departamentos\/medicina-fisica-y-farmacologia\/wp-json\/wp\/v2\/pages"}],"about":[{"href":"https:\/\/www.ull.es\/departamentos\/medicina-fisica-y-farmacologia\/wp-json\/wp\/v2\/types\/page"}],"author":[{"embeddable":true,"href":"https:\/\/www.ull.es\/departamentos\/medicina-fisica-y-farmacologia\/wp-json\/wp\/v2\/users\/1"}],"replies":[{"embeddable":true,"href":"https:\/\/www.ull.es\/departamentos\/medicina-fisica-y-farmacologia\/wp-json\/wp\/v2\/comments?post=71"}],"version-history":[{"count":15,"href":"https:\/\/www.ull.es\/departamentos\/medicina-fisica-y-farmacologia\/wp-json\/wp\/v2\/pages\/71\/revisions"}],"predecessor-version":[{"id":342,"href":"https:\/\/www.ull.es\/departamentos\/medicina-fisica-y-farmacologia\/wp-json\/wp\/v2\/pages\/71\/revisions\/342"}],"wp:attachment":[{"href":"https:\/\/www.ull.es\/departamentos\/medicina-fisica-y-farmacologia\/wp-json\/wp\/v2\/media?parent=71"}],"curies":[{"name":"wp","href":"https:\/\/api.w.org\/{rel}","templated":true}]}}